{"id":4268,"date":"2024-01-11T03:11:30","date_gmt":"2024-01-11T03:11:30","guid":{"rendered":"https:\/\/longchangchemical.com\/?post_type=product&#038;p=4268"},"modified":"2025-12-22T03:45:36","modified_gmt":"2025-12-22T03:45:36","slug":"3-aminopropyltriethoxysilane-kh-550-cas-919-30-2","status":"publish","type":"product","link":"https:\/\/longchangchemical.com\/hu\/product\/3-aminopropyltriethoxysilane-kh-550-cas-919-30-2\/","title":{"rendered":"3-aminopropil-trietoxiszil\u00e1n \/ kh-550 cas 919-30-2"},"content":{"rendered":"<h2><strong>3-Aminopropyltriethoxysilantipikus tulajdons\u00e1gok<\/strong><\/h2>\n<table class=\"table-1\" cellspacing=\"0\">\n<tbody>\n<tr>\n<td><strong>T\u00e9tel<\/strong><\/td>\n<td><strong>M\u0171szaki adatok<\/strong><\/td>\n<\/tr>\n<tr>\n<td>Megjelen\u00e9s<\/td>\n<td>Sz\u00edntelen \u00e1tl\u00e1tsz\u00f3 folyad\u00e9k<\/td>\n<\/tr>\n<tr>\n<td>Assay, %<\/td>\n<td>\u226598<\/td>\n<\/tr>\n<tr>\n<td>Fajlagos s\u0171r\u0171s\u00e9g 25 0C-on,g\/cm3<\/td>\n<td>0.9300-0.9500<\/td>\n<\/tr>\n<tr>\n<td>T\u00f6r\u00e9smutat\u00f3, n20\/D<\/td>\n<td>1.4195-1.4235<\/td>\n<\/tr>\n<tr>\n<td>V\u00edzdiszperzi\u00f3<\/td>\n<td>K\u00e9pzett<\/td>\n<\/tr>\n<\/tbody>\n<\/table>\n<h2><strong>3-Aminopropil-trietoxiszil\u00e1nHaszn\u00e1lat<\/strong><\/h2>\n<ol>\n<li><strong>Szil\u00e1n kapcsol\u00f3szer:<\/strong> A 3-Aminopropyltriethoxysilane, CAS-sz\u00e1mmal 919-30-2, sz\u00e9les k\u00f6rben haszn\u00e1lt szil\u00e1n kapcsol\u00f3anyag. A szerves \u00e9s szervetlen anyagok k\u00f6z\u00f6tti tapad\u00e1s jav\u00edt\u00e1s\u00e1ra haszn\u00e1lj\u00e1k k\u00fcl\u00f6nb\u00f6z\u0151 k\u00e9sz\u00edtm\u00e9nyekben.<\/li>\n<li><strong>Adh\u00e9zi\u00f3t el\u0151seg\u00edt\u0151 anyag:<\/strong> Ez a vegy\u00fclet adh\u00e9zi\u00f3t el\u0151seg\u00edt\u0151 anyagk\u00e9nt szolg\u00e1l. A 3-Aminopropyltriethoxysilane fokozza a fel\u00fcletek k\u00f6z\u00f6tti k\u00f6t\u00e9sszil\u00e1rds\u00e1got, \u00edgy \u00e9rt\u00e9kes az olyan alkalmaz\u00e1sokban, mint a bevonatok, ragaszt\u00f3k \u00e9s t\u00f6m\u00edt\u0151anyagok.<\/li>\n<li><strong>Fel\u00fcletm\u00f3dos\u00edt\u00e1s:<\/strong> A fel\u00fclet m\u00f3dos\u00edt\u00e1s\u00e1ra a 3-Aminopropil-trietoxiszil\u00e1nt haszn\u00e1lj\u00e1k. Alkalmazhat\u00f3 a fel\u00fcletek tulajdons\u00e1gainak m\u00f3dos\u00edt\u00e1s\u00e1ra, hogy azok jobban kompatibilisek legyenek bizonyos bevonatokkal vagy ragaszt\u00f3kkal.<\/li>\n<li><strong>K\u00e9miai kutat\u00e1s:<\/strong> A k\u00e9miai kutat\u00e1si tev\u00e9kenys\u00e9gekben a 3-Aminopropil-trietoxiszil\u00e1nt k\u00fcl\u00f6nb\u00f6z\u0151 k\u00eds\u00e9rletekben \u00e9s elemz\u00e9sekben haszn\u00e1lj\u00e1k. Sokoldal\u00fas\u00e1ga miatt \u00e9rt\u00e9kes az \u00faj anyagok felfedez\u00e9s\u00e9ben \u00e9s fejleszt\u00e9s\u00e9ben.<\/li>\n<\/ol>\n<h2><strong>3-Aminopropyltriethoxysilane Csomagol\u00e1s \u00e9s sz\u00e1ll\u00edt\u00e1s<\/strong><\/h2>\n<p>Csomagol\u00e1s: 200kg\/dob<\/p>\n<p>Sz\u00e1ll\u00edt\u00e1s: UN 2735 8\/PG 2<\/p>\n<h2><strong>3-Aminopropil-trietoxiszil\u00e1n-t\u00e1rol\u00e1s<\/strong><\/h2>\n<p>Szell\u0151z\u0151 \u00e9s alacsony h\u0151m\u00e9rs\u00e9kleten sz\u00e1rad\u00f3 rakt\u00e1rban t\u00e1rolja.<\/p>\n<h2><strong><b>L\u00e9pjen kapcsolatba vel\u00fcnk most!<\/b><\/strong><\/h2>\n<h4><strong><b>Ha COA, MSDS vagy TDS-re van sz\u00fcks\u00e9ge, k\u00e9rj\u00fck, t\u00f6ltse ki el\u00e9rhet\u0151s\u00e9g\u00e9t az al\u00e1bbi \u0171rlapon, \u00e1ltal\u00e1ban 24 \u00f3r\u00e1n bel\u00fcl felvessz\u00fck \u00d6nnel a kapcsolatot. \u00d6n is k\u00fcldhet nekem e-mailt <span style=\"color: #0000ff;\"><a style=\"color: #0000ff;\" href=\"mailto:info@longchangchemical.com\">info@longchangchemical.com<\/a><\/span> munkaid\u0151ben ( 8:30-18:00 UTC+8 H.-Szombat ) vagy haszn\u00e1lja a weboldal \u00e9l\u0151 chatj\u00e9t, hogy azonnali v\u00e1laszt kapjon.<\/b><\/strong><\/h4>","protected":false},"excerpt":{"rendered":"<h2><strong>3-Aminopropyltriethoxysilanegyors r\u00e9szletek<\/strong><\/h2>\n<p>K\u00e9miai n\u00e9v: 3-Aminopropil-trietoxiszil\u00e1n<\/p>\n<p>M\u00e1sik n\u00e9v: KH-550<\/p>\n<p>CAS-sz\u00e1m: 919-30-2<\/p>\n<p>Molekul\u00e1ris k\u00e9plet: C9H23NO3Si<\/p>\n<p>K\u00e9miai szerkezet:<img decoding=\"async\" title=\"3-Aminopropil-trietoxiszil\u00e1n Szerkezet\" src=\"https:\/\/www.longchangchemical.com\/wp-content\/uploads\/product-details\/20200611238481.png\" alt=\"3-Aminopropil-trietoxiszil\u00e1n Szerkezet\" width=\"139\" height=\"74\" border=\"0\" vspace=\"0\" \/><\/p>\n<p>Molekulat\u00f6meg:221,37<\/p>\n<p>Megjelen\u00e9s: Sz\u00edntelen \u00e1tl\u00e1tsz\u00f3 folyad\u00e9k<\/p>\n<p>Pr\u00f3ba: 98%min<\/p>","protected":false},"featured_media":6408,"comment_status":"open","ping_status":"closed","template":"","meta":[],"product_brand":[],"product_cat":[69],"product_tag":[],"class_list":{"0":"post-4268","1":"product","2":"type-product","3":"status-publish","4":"has-post-thumbnail","6":"product_cat-catalysts-chemical-auxiliary-agents","8":"first","9":"instock","10":"shipping-taxable","11":"product-type-simple"},"yoast_head":"<!-- This site is optimized with the Yoast SEO plugin v25.3.1 - https:\/\/yoast.com\/wordpress\/plugins\/seo\/ -->\n<title>China 3-Aminopropyltriethoxysilane Manufacturer CAS 919-30-2 -Longchang Chemical<\/title>\n<meta name=\"description\" content=\"3-aminopropyltriethoxysilane \/ kh-550 cas 919-30-2 is key product of Longchang Chemical. We provide best price. We are the leading manufacturer and supplier in China with the best quanlity and competitive price.\" \/>\n<meta name=\"robots\" content=\"index, follow, max-snippet:-1, max-image-preview:large, max-video-preview:-1\" \/>\n<link rel=\"canonical\" href=\"https:\/\/longchangchemical.com\/hu\/product\/3-aminopropyltriethoxysilane-kh-550-cas-919-30-2\/\" \/>\n<meta property=\"og:locale\" content=\"hu_HU\" \/>\n<meta property=\"og:type\" content=\"article\" \/>\n<meta property=\"og:title\" content=\"China 3-Aminopropyltriethoxysilane Manufacturer CAS 919-30-2 -Longchang Chemical\" \/>\n<meta property=\"og:description\" content=\"3-aminopropyltriethoxysilane \/ kh-550 cas 919-30-2 is key product of Longchang Chemical. We provide best price. We are the leading manufacturer and supplier in China with the best quanlity and competitive price.\" \/>\n<meta property=\"og:url\" content=\"https:\/\/longchangchemical.com\/hu\/product\/3-aminopropyltriethoxysilane-kh-550-cas-919-30-2\/\" \/>\n<meta property=\"og:site_name\" content=\"Longchang Chemical\" \/>\n<meta property=\"article:modified_time\" content=\"2025-12-22T03:45:36+00:00\" \/>\n<meta property=\"og:image\" content=\"https:\/\/longchangchemical.com\/wp-content\/uploads\/2021\/01\/6.jpg\" \/>\n\t<meta property=\"og:image:width\" content=\"800\" \/>\n\t<meta property=\"og:image:height\" content=\"800\" \/>\n\t<meta property=\"og:image:type\" content=\"image\/jpeg\" \/>\n<meta name=\"twitter:card\" content=\"summary_large_image\" \/>\n<script type=\"application\/ld+json\" class=\"yoast-schema-graph\">{\"@context\":\"https:\/\/schema.org\",\"@graph\":[{\"@type\":\"WebPage\",\"@id\":\"https:\/\/longchangchemical.com\/product\/3-aminopropyltriethoxysilane-kh-550-cas-919-30-2\/\",\"url\":\"https:\/\/longchangchemical.com\/product\/3-aminopropyltriethoxysilane-kh-550-cas-919-30-2\/\",\"name\":\"China 3-Aminopropyltriethoxysilane Manufacturer CAS 919-30-2 -Longchang Chemical\",\"isPartOf\":{\"@id\":\"https:\/\/longchangchemical.com\/#website\"},\"primaryImageOfPage\":{\"@id\":\"https:\/\/longchangchemical.com\/product\/3-aminopropyltriethoxysilane-kh-550-cas-919-30-2\/#primaryimage\"},\"image\":{\"@id\":\"https:\/\/longchangchemical.com\/product\/3-aminopropyltriethoxysilane-kh-550-cas-919-30-2\/#primaryimage\"},\"thumbnailUrl\":\"https:\/\/longchangchemical.com\/wp-content\/uploads\/2021\/01\/6.jpg\",\"datePublished\":\"2024-01-11T03:11:30+00:00\",\"dateModified\":\"2025-12-22T03:45:36+00:00\",\"description\":\"3-aminopropyltriethoxysilane \/ kh-550 cas 919-30-2 is key product of Longchang Chemical. We provide best price. We are the leading manufacturer and supplier in China with the best quanlity and competitive price.\",\"breadcrumb\":{\"@id\":\"https:\/\/longchangchemical.com\/product\/3-aminopropyltriethoxysilane-kh-550-cas-919-30-2\/#breadcrumb\"},\"inLanguage\":\"hu\",\"potentialAction\":[{\"@type\":\"ReadAction\",\"target\":[\"https:\/\/longchangchemical.com\/product\/3-aminopropyltriethoxysilane-kh-550-cas-919-30-2\/\"]}]},{\"@type\":\"ImageObject\",\"inLanguage\":\"hu\",\"@id\":\"https:\/\/longchangchemical.com\/product\/3-aminopropyltriethoxysilane-kh-550-cas-919-30-2\/#primaryimage\",\"url\":\"https:\/\/longchangchemical.com\/wp-content\/uploads\/2021\/01\/6.jpg\",\"contentUrl\":\"https:\/\/longchangchemical.com\/wp-content\/uploads\/2021\/01\/6.jpg\",\"width\":800,\"height\":800,\"caption\":\"3-aminopropyltriethoxysilane \/ kh-550 cas 919-30-2\"},{\"@type\":\"BreadcrumbList\",\"@id\":\"https:\/\/longchangchemical.com\/product\/3-aminopropyltriethoxysilane-kh-550-cas-919-30-2\/#breadcrumb\",\"itemListElement\":[{\"@type\":\"ListItem\",\"position\":1,\"name\":\"Home\",\"item\":\"https:\/\/longchangchemical.com\/\"},{\"@type\":\"ListItem\",\"position\":2,\"name\":\"Products Longchang\",\"item\":\"https:\/\/longchangchemical.com\/product\/\"},{\"@type\":\"ListItem\",\"position\":3,\"name\":\"3-aminopropyltriethoxysilane \/ kh-550 cas 919-30-2\"}]},{\"@type\":\"WebSite\",\"@id\":\"https:\/\/longchangchemical.com\/#website\",\"url\":\"https:\/\/longchangchemical.com\/\",\"name\":\"Longchang Chemical\",\"description\":\"China chemical manufacturer \uff06 supplier\",\"publisher\":{\"@id\":\"https:\/\/longchangchemical.com\/#organization\"},\"potentialAction\":[{\"@type\":\"SearchAction\",\"target\":{\"@type\":\"EntryPoint\",\"urlTemplate\":\"https:\/\/longchangchemical.com\/?s={search_term_string}\"},\"query-input\":{\"@type\":\"PropertyValueSpecification\",\"valueRequired\":true,\"valueName\":\"search_term_string\"}}],\"inLanguage\":\"hu\"},{\"@type\":\"Organization\",\"@id\":\"https:\/\/longchangchemical.com\/#organization\",\"name\":\"Longchang Chemical\",\"url\":\"https:\/\/longchangchemical.com\/\",\"logo\":{\"@type\":\"ImageObject\",\"inLanguage\":\"hu\",\"@id\":\"https:\/\/longchangchemical.com\/#\/schema\/logo\/image\/\",\"url\":\"https:\/\/longchangchemical.com\/wp-content\/uploads\/2020\/08\/cropped-longchang-logo.png\",\"contentUrl\":\"https:\/\/longchangchemical.com\/wp-content\/uploads\/2020\/08\/cropped-longchang-logo.png\",\"width\":512,\"height\":512,\"caption\":\"Longchang Chemical\"},\"image\":{\"@id\":\"https:\/\/longchangchemical.com\/#\/schema\/logo\/image\/\"}}]}<\/script>\n<!-- \/ Yoast SEO plugin. -->","yoast_head_json":{"title":"K\u00edna 3-Aminopropyltriethoxysilane gy\u00e1rt\u00f3 CAS 919-30-2 - Longchang Chemical","description":"A 3-aminopropil-trietoxiszil\u00e1n \/ kh-550 cas 919-30-2 a Longchang Chemical kulcsfontoss\u00e1g\u00fa term\u00e9ke. A legjobb \u00e1rat biztos\u00edtjuk. Mi vagyunk a vezet\u0151 gy\u00e1rt\u00f3 \u00e9s sz\u00e1ll\u00edt\u00f3 K\u00edn\u00e1ban a legjobb min\u0151s\u00e9ggel \u00e9s versenyk\u00e9pes \u00e1rral.","robots":{"index":"index","follow":"follow","max-snippet":"max-snippet:-1","max-image-preview":"max-image-preview:large","max-video-preview":"max-video-preview:-1"},"canonical":"https:\/\/longchangchemical.com\/hu\/product\/3-aminopropyltriethoxysilane-kh-550-cas-919-30-2\/","og_locale":"hu_HU","og_type":"article","og_title":"China 3-Aminopropyltriethoxysilane Manufacturer CAS 919-30-2 -Longchang Chemical","og_description":"3-aminopropyltriethoxysilane \/ kh-550 cas 919-30-2 is key product of Longchang Chemical. We provide best price. We are the leading manufacturer and supplier in China with the best quanlity and competitive price.","og_url":"https:\/\/longchangchemical.com\/hu\/product\/3-aminopropyltriethoxysilane-kh-550-cas-919-30-2\/","og_site_name":"Longchang Chemical","article_modified_time":"2025-12-22T03:45:36+00:00","og_image":[{"width":800,"height":800,"url":"https:\/\/longchangchemical.com\/wp-content\/uploads\/2021\/01\/6.jpg","type":"image\/jpeg"}],"twitter_card":"summary_large_image","schema":{"@context":"https:\/\/schema.org","@graph":[{"@type":"WebPage","@id":"https:\/\/longchangchemical.com\/product\/3-aminopropyltriethoxysilane-kh-550-cas-919-30-2\/","url":"https:\/\/longchangchemical.com\/product\/3-aminopropyltriethoxysilane-kh-550-cas-919-30-2\/","name":"K\u00edna 3-Aminopropyltriethoxysilane gy\u00e1rt\u00f3 CAS 919-30-2 - Longchang Chemical","isPartOf":{"@id":"https:\/\/longchangchemical.com\/#website"},"primaryImageOfPage":{"@id":"https:\/\/longchangchemical.com\/product\/3-aminopropyltriethoxysilane-kh-550-cas-919-30-2\/#primaryimage"},"image":{"@id":"https:\/\/longchangchemical.com\/product\/3-aminopropyltriethoxysilane-kh-550-cas-919-30-2\/#primaryimage"},"thumbnailUrl":"https:\/\/longchangchemical.com\/wp-content\/uploads\/2021\/01\/6.jpg","datePublished":"2024-01-11T03:11:30+00:00","dateModified":"2025-12-22T03:45:36+00:00","description":"A 3-aminopropil-trietoxiszil\u00e1n \/ kh-550 cas 919-30-2 a Longchang Chemical kulcsfontoss\u00e1g\u00fa term\u00e9ke. A legjobb \u00e1rat biztos\u00edtjuk. Mi vagyunk a vezet\u0151 gy\u00e1rt\u00f3 \u00e9s sz\u00e1ll\u00edt\u00f3 K\u00edn\u00e1ban a legjobb min\u0151s\u00e9ggel \u00e9s versenyk\u00e9pes \u00e1rral.","breadcrumb":{"@id":"https:\/\/longchangchemical.com\/product\/3-aminopropyltriethoxysilane-kh-550-cas-919-30-2\/#breadcrumb"},"inLanguage":"hu","potentialAction":[{"@type":"ReadAction","target":["https:\/\/longchangchemical.com\/product\/3-aminopropyltriethoxysilane-kh-550-cas-919-30-2\/"]}]},{"@type":"ImageObject","inLanguage":"hu","@id":"https:\/\/longchangchemical.com\/product\/3-aminopropyltriethoxysilane-kh-550-cas-919-30-2\/#primaryimage","url":"https:\/\/longchangchemical.com\/wp-content\/uploads\/2021\/01\/6.jpg","contentUrl":"https:\/\/longchangchemical.com\/wp-content\/uploads\/2021\/01\/6.jpg","width":800,"height":800,"caption":"3-aminopropyltriethoxysilane \/ kh-550 cas 919-30-2"},{"@type":"BreadcrumbList","@id":"https:\/\/longchangchemical.com\/product\/3-aminopropyltriethoxysilane-kh-550-cas-919-30-2\/#breadcrumb","itemListElement":[{"@type":"ListItem","position":1,"name":"Home","item":"https:\/\/longchangchemical.com\/"},{"@type":"ListItem","position":2,"name":"Products Longchang","item":"https:\/\/longchangchemical.com\/product\/"},{"@type":"ListItem","position":3,"name":"3-aminopropyltriethoxysilane \/ kh-550 cas 919-30-2"}]},{"@type":"WebSite","@id":"https:\/\/longchangchemical.com\/#website","url":"https:\/\/longchangchemical.com\/","name":"Longchang Chemical","description":"K\u00edna k\u00e9miai gy\u00e1rt\u00f3 \uff06 sz\u00e1ll\u00edt\u00f3","publisher":{"@id":"https:\/\/longchangchemical.com\/#organization"},"potentialAction":[{"@type":"SearchAction","target":{"@type":"EntryPoint","urlTemplate":"https:\/\/longchangchemical.com\/?s={search_term_string}"},"query-input":{"@type":"PropertyValueSpecification","valueRequired":true,"valueName":"search_term_string"}}],"inLanguage":"hu"},{"@type":"Organization","@id":"https:\/\/longchangchemical.com\/#organization","name":"Longchang Chemical","url":"https:\/\/longchangchemical.com\/","logo":{"@type":"ImageObject","inLanguage":"hu","@id":"https:\/\/longchangchemical.com\/#\/schema\/logo\/image\/","url":"https:\/\/longchangchemical.com\/wp-content\/uploads\/2020\/08\/cropped-longchang-logo.png","contentUrl":"https:\/\/longchangchemical.com\/wp-content\/uploads\/2020\/08\/cropped-longchang-logo.png","width":512,"height":512,"caption":"Longchang Chemical"},"image":{"@id":"https:\/\/longchangchemical.com\/#\/schema\/logo\/image\/"}}]}},"_links":{"self":[{"href":"https:\/\/longchangchemical.com\/hu\/wp-json\/wp\/v2\/product\/4268","targetHints":{"allow":["GET"]}}],"collection":[{"href":"https:\/\/longchangchemical.com\/hu\/wp-json\/wp\/v2\/product"}],"about":[{"href":"https:\/\/longchangchemical.com\/hu\/wp-json\/wp\/v2\/types\/product"}],"replies":[{"embeddable":true,"href":"https:\/\/longchangchemical.com\/hu\/wp-json\/wp\/v2\/comments?post=4268"}],"wp:featuredmedia":[{"embeddable":true,"href":"https:\/\/longchangchemical.com\/hu\/wp-json\/wp\/v2\/media\/6408"}],"wp:attachment":[{"href":"https:\/\/longchangchemical.com\/hu\/wp-json\/wp\/v2\/media?parent=4268"}],"wp:term":[{"taxonomy":"product_brand","embeddable":true,"href":"https:\/\/longchangchemical.com\/hu\/wp-json\/wp\/v2\/product_brand?post=4268"},{"taxonomy":"product_cat","embeddable":true,"href":"https:\/\/longchangchemical.com\/hu\/wp-json\/wp\/v2\/product_cat?post=4268"},{"taxonomy":"product_tag","embeddable":true,"href":"https:\/\/longchangchemical.com\/hu\/wp-json\/wp\/v2\/product_tag?post=4268"}],"curies":[{"name":"wp","href":"https:\/\/api.w.org\/{rel}","templated":true}]}}