{"id":4267,"date":"2024-01-11T03:14:38","date_gmt":"2024-01-11T03:14:38","guid":{"rendered":"https:\/\/longchangchemical.com\/?post_type=product&#038;p=4267"},"modified":"2025-12-22T03:42:02","modified_gmt":"2025-12-22T03:42:02","slug":"cas-91-95-2","status":"publish","type":"product","link":"https:\/\/longchangchemical.com\/hu\/product\/cas-91-95-2\/","title":{"rendered":"3,3\u2032-diaminobenzidin cas 91-95-2"},"content":{"rendered":"<h2><strong>3,3\u2032-DiaminobenzidinT\u00edpusos tulajdons\u00e1gok<\/strong><\/h2>\n<table class=\"table-1\" cellspacing=\"0\">\n<tbody>\n<tr>\n<td>T\u00e9tel<\/td>\n<td>Standard<\/td>\n<\/tr>\n<tr>\n<td>Megjelen\u00e9s<\/td>\n<td>Off - feh\u00e9r vagy barna por<\/td>\n<\/tr>\n<tr>\n<td>Assay<\/td>\n<td>\u226798.0%<\/td>\n<\/tr>\n<\/tbody>\n<\/table>\n<h2><strong>3,3\u2032-DiaminobenzidinHaszn\u00e1lat<\/strong><\/h2>\n<ol>\n<li><strong>K\u00e9miai szint\u00e9zis:<\/strong> A 3,3\u2032-diaminobenzidin (CAS-sz\u00e1m: 91-95-2) gyakran haszn\u00e1lj\u00e1k a k\u00e9miai szint\u00e9zisben. K\u00fcl\u00f6nb\u00f6z\u0151 szerves vegy\u00fcletek, t\u00f6bbek k\u00f6z\u00f6tt sz\u00ednez\u00e9kek, pigmentek \u00e9s gy\u00f3gyszerek el\u0151\u00e1ll\u00edt\u00e1sa sor\u00e1n kulcsfontoss\u00e1g\u00fa k\u00f6ztes term\u00e9kk\u00e9nt szolg\u00e1l.<\/li>\n<li><strong>Fest\u00e9k- \u00e9s pigmentipar:<\/strong> Ezt a vegy\u00fcletet a fest\u00e9k- \u00e9s pigmentiparban alkalmazz\u00e1k. A 3,3\u2032-diaminobenzidin k\u00fcl\u00f6nb\u00f6z\u0151 sz\u00ednez\u00e9kek \u00e9s pigmentek szint\u00e9zis\u00e9ben haszn\u00e1latos, hozz\u00e1j\u00e1rulva a text\u00edli\u00e1k \u00e9s m\u00e1s anyagok \u00e9l\u00e9nk sz\u00edn\u00e9hez.<\/li>\n<li><strong>Immunhisztok\u00e9mia (IHC):<\/strong> A 3,3\u2032-diaminobenzidin sz\u00e9les k\u00f6rben haszn\u00e1latos az immunhisztok\u00e9mi\u00e1ban (IHC). Kromog\u00e9n szubsztr\u00e1tk\u00e9nt szolg\u00e1l az antitest-antig\u00e9n reakci\u00f3k l\u00e1that\u00f3v\u00e1 t\u00e9tel\u00e9hez a biol\u00f3giai sz\u00f6vetekben.<\/li>\n<li><strong>K\u00e9miai kutat\u00e1s:<\/strong> A k\u00e9miai kutat\u00e1si tev\u00e9kenys\u00e9gekben a 3,3\u2032-diaminobenzidin k\u00fcl\u00f6nb\u00f6z\u0151 k\u00eds\u00e9rletekben \u00e9s elemz\u00e9sekben haszn\u00e1latos. Sokoldal\u00fas\u00e1ga miatt \u00e9rt\u00e9kes az \u00faj vegy\u00fcletek felfedez\u00e9s\u00e9ben \u00e9s fejleszt\u00e9s\u00e9ben.<\/li>\n<\/ol>\n<h2><strong>3,3\u2032-DiaminobenzidinKiszerel\u00e9s<\/strong><\/h2>\n<p>25kg\/sz\u00e1las dob<\/p>\n<h2><strong>3,3\u2032-DiaminobenzidinT\u00e1rol\u00e1s<\/strong><\/h2>\n<p>H\u0171v\u00f6s, sz\u00e1raz, szell\u0151ztetett rakt\u00e1rban t\u00e1rolva<\/p>\n<h2><strong><b>L\u00e9pjen kapcsolatba vel\u00fcnk most!<\/b><\/strong><\/h2>\n<h4><strong><b>Ha COA, MSDS vagy TDS-re van sz\u00fcks\u00e9ge, k\u00e9rj\u00fck, t\u00f6ltse ki el\u00e9rhet\u0151s\u00e9g\u00e9t az al\u00e1bbi \u0171rlapon, \u00e1ltal\u00e1ban 24 \u00f3r\u00e1n bel\u00fcl felvessz\u00fck \u00d6nnel a kapcsolatot. \u00d6n is k\u00fcldhet nekem e-mailt <span style=\"color: #0000ff;\"><a style=\"color: #0000ff;\" href=\"mailto:info@longchangchemical.com\">info@longchangchemical.com<\/a><\/span> munkaid\u0151ben ( 8:30-18:00 UTC+8 H.-Szombat ) vagy haszn\u00e1lja a weboldal \u00e9l\u0151 chatj\u00e9t, hogy azonnali v\u00e1laszt kapjon.<\/b><\/strong><\/h4>","protected":false},"excerpt":{"rendered":"<h2><strong>3,3\u2032-DiaminobenzidinGyors r\u00e9szletek<\/strong><\/h2>\n<p>Term\u00e9k neve: 3,3\u2032-Diaminobenzidin<\/p>\n<p>CAS-sz\u00e1m: 91-95-2<\/p>\n<p>Molekul\u00e1ris k\u00e9plet: C12H14N4<\/p>\n<p>Molekulat\u00f6meg: 214,27<\/p>\n<p>Molekulaszerkezet:<img decoding=\"async\" title=\"3,3&#039;-Diaminobenzidin Szerkezet\" src=\"https:\/\/www.longchangchemical.com\/wp-content\/uploads\/product-details\/20200610250800.png\" alt=\"3,3&#039;-Diaminobenzidin Szerkezet\" width=\"180\" height=\"61\" border=\"0\" vspace=\"0\" \/><\/p>\n<p>Megjelen\u00e9s: feh\u00e9r vagy barna sz\u00edn\u0171 por<\/p>\n<p>Tisztas\u00e1g: 98%<\/p>","protected":false},"featured_media":6410,"comment_status":"open","ping_status":"closed","template":"","meta":[],"product_brand":[],"product_cat":[73],"product_tag":[],"class_list":{"0":"post-4267","1":"product","2":"type-product","3":"status-publish","4":"has-post-thumbnail","6":"product_cat-other-additives","8":"first","9":"instock","10":"shipping-taxable","11":"product-type-simple"},"yoast_head":"<!-- This site is optimized with the Yoast SEO plugin v25.3.1 - https:\/\/yoast.com\/wordpress\/plugins\/seo\/ -->\n<title>China 3,3&#039;-Diaminobenzidine Manufacturer CAS 91-95-2 -Longchang Chemical<\/title>\n<meta name=\"description\" content=\"3,3\u2032-diaminobenzidine cas 91-95-2 is key product of Longchang Chemical. We provide best price. We are the leading manufacturer and supplier in China with the best quanlity and competitive price.\" \/>\n<meta name=\"robots\" content=\"index, follow, max-snippet:-1, max-image-preview:large, max-video-preview:-1\" \/>\n<link rel=\"canonical\" href=\"https:\/\/longchangchemical.com\/hu\/product\/cas-91-95-2\/\" \/>\n<meta property=\"og:locale\" content=\"hu_HU\" \/>\n<meta property=\"og:type\" content=\"article\" \/>\n<meta property=\"og:title\" content=\"China 3,3&#039;-Diaminobenzidine Manufacturer CAS 91-95-2 -Longchang Chemical\" \/>\n<meta property=\"og:description\" content=\"3,3\u2032-diaminobenzidine cas 91-95-2 is key product of Longchang Chemical. We provide best price. We are the leading manufacturer and supplier in China with the best quanlity and competitive price.\" \/>\n<meta property=\"og:url\" content=\"https:\/\/longchangchemical.com\/hu\/product\/cas-91-95-2\/\" \/>\n<meta property=\"og:site_name\" content=\"Longchang Chemical\" \/>\n<meta property=\"article:modified_time\" content=\"2025-12-22T03:42:02+00:00\" \/>\n<meta property=\"og:image\" content=\"https:\/\/longchangchemical.com\/wp-content\/uploads\/2021\/01\/2-1.jpg\" \/>\n\t<meta property=\"og:image:width\" content=\"800\" \/>\n\t<meta property=\"og:image:height\" content=\"800\" \/>\n\t<meta property=\"og:image:type\" content=\"image\/jpeg\" \/>\n<meta name=\"twitter:card\" content=\"summary_large_image\" \/>\n<script type=\"application\/ld+json\" class=\"yoast-schema-graph\">{\"@context\":\"https:\/\/schema.org\",\"@graph\":[{\"@type\":\"WebPage\",\"@id\":\"https:\/\/longchangchemical.com\/product\/cas-91-95-2\/\",\"url\":\"https:\/\/longchangchemical.com\/product\/cas-91-95-2\/\",\"name\":\"China 3,3'-Diaminobenzidine Manufacturer CAS 91-95-2 -Longchang Chemical\",\"isPartOf\":{\"@id\":\"https:\/\/longchangchemical.com\/#website\"},\"primaryImageOfPage\":{\"@id\":\"https:\/\/longchangchemical.com\/product\/cas-91-95-2\/#primaryimage\"},\"image\":{\"@id\":\"https:\/\/longchangchemical.com\/product\/cas-91-95-2\/#primaryimage\"},\"thumbnailUrl\":\"https:\/\/longchangchemical.com\/wp-content\/uploads\/2021\/01\/2-1.jpg\",\"datePublished\":\"2024-01-11T03:14:38+00:00\",\"dateModified\":\"2025-12-22T03:42:02+00:00\",\"description\":\"3,3\u2032-diaminobenzidine cas 91-95-2 is key product of Longchang Chemical. We provide best price. We are the leading manufacturer and supplier in China with the best quanlity and competitive price.\",\"breadcrumb\":{\"@id\":\"https:\/\/longchangchemical.com\/product\/cas-91-95-2\/#breadcrumb\"},\"inLanguage\":\"hu\",\"potentialAction\":[{\"@type\":\"ReadAction\",\"target\":[\"https:\/\/longchangchemical.com\/product\/cas-91-95-2\/\"]}]},{\"@type\":\"ImageObject\",\"inLanguage\":\"hu\",\"@id\":\"https:\/\/longchangchemical.com\/product\/cas-91-95-2\/#primaryimage\",\"url\":\"https:\/\/longchangchemical.com\/wp-content\/uploads\/2021\/01\/2-1.jpg\",\"contentUrl\":\"https:\/\/longchangchemical.com\/wp-content\/uploads\/2021\/01\/2-1.jpg\",\"width\":800,\"height\":800,\"caption\":\"3,3\u2032-diaminobenzidine cas 91-95-2\"},{\"@type\":\"BreadcrumbList\",\"@id\":\"https:\/\/longchangchemical.com\/product\/cas-91-95-2\/#breadcrumb\",\"itemListElement\":[{\"@type\":\"ListItem\",\"position\":1,\"name\":\"Home\",\"item\":\"https:\/\/longchangchemical.com\/\"},{\"@type\":\"ListItem\",\"position\":2,\"name\":\"Products Longchang\",\"item\":\"https:\/\/longchangchemical.com\/product\/\"},{\"@type\":\"ListItem\",\"position\":3,\"name\":\"3,3\u2032-diaminobenzidine cas 91-95-2\"}]},{\"@type\":\"WebSite\",\"@id\":\"https:\/\/longchangchemical.com\/#website\",\"url\":\"https:\/\/longchangchemical.com\/\",\"name\":\"Longchang Chemical\",\"description\":\"China chemical manufacturer \uff06 supplier\",\"publisher\":{\"@id\":\"https:\/\/longchangchemical.com\/#organization\"},\"potentialAction\":[{\"@type\":\"SearchAction\",\"target\":{\"@type\":\"EntryPoint\",\"urlTemplate\":\"https:\/\/longchangchemical.com\/?s={search_term_string}\"},\"query-input\":{\"@type\":\"PropertyValueSpecification\",\"valueRequired\":true,\"valueName\":\"search_term_string\"}}],\"inLanguage\":\"hu\"},{\"@type\":\"Organization\",\"@id\":\"https:\/\/longchangchemical.com\/#organization\",\"name\":\"Longchang Chemical\",\"url\":\"https:\/\/longchangchemical.com\/\",\"logo\":{\"@type\":\"ImageObject\",\"inLanguage\":\"hu\",\"@id\":\"https:\/\/longchangchemical.com\/#\/schema\/logo\/image\/\",\"url\":\"https:\/\/longchangchemical.com\/wp-content\/uploads\/2020\/08\/cropped-longchang-logo.png\",\"contentUrl\":\"https:\/\/longchangchemical.com\/wp-content\/uploads\/2020\/08\/cropped-longchang-logo.png\",\"width\":512,\"height\":512,\"caption\":\"Longchang Chemical\"},\"image\":{\"@id\":\"https:\/\/longchangchemical.com\/#\/schema\/logo\/image\/\"}}]}<\/script>\n<!-- \/ Yoast SEO plugin. -->","yoast_head_json":{"title":"K\u00edna 3,3'-Diaminobenzidin gy\u00e1rt\u00f3 CAS 91-95-2 -Longchang Chemical","description":"A 3,3\u2032-diaminobenzidin cas 91-95-2 a Longchang Chemical kulcsfontoss\u00e1g\u00fa term\u00e9ke. A legjobb \u00e1rat biztos\u00edtjuk. Mi vagyunk a vezet\u0151 gy\u00e1rt\u00f3 \u00e9s sz\u00e1ll\u00edt\u00f3 K\u00edn\u00e1ban a legjobb min\u0151s\u00e9ggel \u00e9s versenyk\u00e9pes \u00e1rral.","robots":{"index":"index","follow":"follow","max-snippet":"max-snippet:-1","max-image-preview":"max-image-preview:large","max-video-preview":"max-video-preview:-1"},"canonical":"https:\/\/longchangchemical.com\/hu\/product\/cas-91-95-2\/","og_locale":"hu_HU","og_type":"article","og_title":"China 3,3'-Diaminobenzidine Manufacturer CAS 91-95-2 -Longchang Chemical","og_description":"3,3\u2032-diaminobenzidine cas 91-95-2 is key product of Longchang Chemical. We provide best price. We are the leading manufacturer and supplier in China with the best quanlity and competitive price.","og_url":"https:\/\/longchangchemical.com\/hu\/product\/cas-91-95-2\/","og_site_name":"Longchang Chemical","article_modified_time":"2025-12-22T03:42:02+00:00","og_image":[{"width":800,"height":800,"url":"https:\/\/longchangchemical.com\/wp-content\/uploads\/2021\/01\/2-1.jpg","type":"image\/jpeg"}],"twitter_card":"summary_large_image","schema":{"@context":"https:\/\/schema.org","@graph":[{"@type":"WebPage","@id":"https:\/\/longchangchemical.com\/product\/cas-91-95-2\/","url":"https:\/\/longchangchemical.com\/product\/cas-91-95-2\/","name":"K\u00edna 3,3'-Diaminobenzidin gy\u00e1rt\u00f3 CAS 91-95-2 -Longchang Chemical","isPartOf":{"@id":"https:\/\/longchangchemical.com\/#website"},"primaryImageOfPage":{"@id":"https:\/\/longchangchemical.com\/product\/cas-91-95-2\/#primaryimage"},"image":{"@id":"https:\/\/longchangchemical.com\/product\/cas-91-95-2\/#primaryimage"},"thumbnailUrl":"https:\/\/longchangchemical.com\/wp-content\/uploads\/2021\/01\/2-1.jpg","datePublished":"2024-01-11T03:14:38+00:00","dateModified":"2025-12-22T03:42:02+00:00","description":"A 3,3\u2032-diaminobenzidin cas 91-95-2 a Longchang Chemical kulcsfontoss\u00e1g\u00fa term\u00e9ke. A legjobb \u00e1rat biztos\u00edtjuk. Mi vagyunk a vezet\u0151 gy\u00e1rt\u00f3 \u00e9s sz\u00e1ll\u00edt\u00f3 K\u00edn\u00e1ban a legjobb min\u0151s\u00e9ggel \u00e9s versenyk\u00e9pes \u00e1rral.","breadcrumb":{"@id":"https:\/\/longchangchemical.com\/product\/cas-91-95-2\/#breadcrumb"},"inLanguage":"hu","potentialAction":[{"@type":"ReadAction","target":["https:\/\/longchangchemical.com\/product\/cas-91-95-2\/"]}]},{"@type":"ImageObject","inLanguage":"hu","@id":"https:\/\/longchangchemical.com\/product\/cas-91-95-2\/#primaryimage","url":"https:\/\/longchangchemical.com\/wp-content\/uploads\/2021\/01\/2-1.jpg","contentUrl":"https:\/\/longchangchemical.com\/wp-content\/uploads\/2021\/01\/2-1.jpg","width":800,"height":800,"caption":"3,3\u2032-diaminobenzidine cas 91-95-2"},{"@type":"BreadcrumbList","@id":"https:\/\/longchangchemical.com\/product\/cas-91-95-2\/#breadcrumb","itemListElement":[{"@type":"ListItem","position":1,"name":"Home","item":"https:\/\/longchangchemical.com\/"},{"@type":"ListItem","position":2,"name":"Products Longchang","item":"https:\/\/longchangchemical.com\/product\/"},{"@type":"ListItem","position":3,"name":"3,3\u2032-diaminobenzidine cas 91-95-2"}]},{"@type":"WebSite","@id":"https:\/\/longchangchemical.com\/#website","url":"https:\/\/longchangchemical.com\/","name":"Longchang Chemical","description":"K\u00edna k\u00e9miai gy\u00e1rt\u00f3 \uff06 sz\u00e1ll\u00edt\u00f3","publisher":{"@id":"https:\/\/longchangchemical.com\/#organization"},"potentialAction":[{"@type":"SearchAction","target":{"@type":"EntryPoint","urlTemplate":"https:\/\/longchangchemical.com\/?s={search_term_string}"},"query-input":{"@type":"PropertyValueSpecification","valueRequired":true,"valueName":"search_term_string"}}],"inLanguage":"hu"},{"@type":"Organization","@id":"https:\/\/longchangchemical.com\/#organization","name":"Longchang Chemical","url":"https:\/\/longchangchemical.com\/","logo":{"@type":"ImageObject","inLanguage":"hu","@id":"https:\/\/longchangchemical.com\/#\/schema\/logo\/image\/","url":"https:\/\/longchangchemical.com\/wp-content\/uploads\/2020\/08\/cropped-longchang-logo.png","contentUrl":"https:\/\/longchangchemical.com\/wp-content\/uploads\/2020\/08\/cropped-longchang-logo.png","width":512,"height":512,"caption":"Longchang Chemical"},"image":{"@id":"https:\/\/longchangchemical.com\/#\/schema\/logo\/image\/"}}]}},"_links":{"self":[{"href":"https:\/\/longchangchemical.com\/hu\/wp-json\/wp\/v2\/product\/4267","targetHints":{"allow":["GET"]}}],"collection":[{"href":"https:\/\/longchangchemical.com\/hu\/wp-json\/wp\/v2\/product"}],"about":[{"href":"https:\/\/longchangchemical.com\/hu\/wp-json\/wp\/v2\/types\/product"}],"replies":[{"embeddable":true,"href":"https:\/\/longchangchemical.com\/hu\/wp-json\/wp\/v2\/comments?post=4267"}],"wp:featuredmedia":[{"embeddable":true,"href":"https:\/\/longchangchemical.com\/hu\/wp-json\/wp\/v2\/media\/6410"}],"wp:attachment":[{"href":"https:\/\/longchangchemical.com\/hu\/wp-json\/wp\/v2\/media?parent=4267"}],"wp:term":[{"taxonomy":"product_brand","embeddable":true,"href":"https:\/\/longchangchemical.com\/hu\/wp-json\/wp\/v2\/product_brand?post=4267"},{"taxonomy":"product_cat","embeddable":true,"href":"https:\/\/longchangchemical.com\/hu\/wp-json\/wp\/v2\/product_cat?post=4267"},{"taxonomy":"product_tag","embeddable":true,"href":"https:\/\/longchangchemical.com\/hu\/wp-json\/wp\/v2\/product_tag?post=4267"}],"curies":[{"name":"wp","href":"https:\/\/api.w.org\/{rel}","templated":true}]}}