{"id":4265,"date":"2024-01-11T03:22:26","date_gmt":"2024-01-11T03:22:26","guid":{"rendered":"https:\/\/longchangchemical.com\/?post_type=product&#038;p=4265"},"modified":"2025-12-22T03:33:44","modified_gmt":"2025-12-22T03:33:44","slug":"2-bromoethyl-acetate-cas-927-68-4","status":"publish","type":"product","link":"https:\/\/longchangchemical.com\/hu\/product\/2-bromoethyl-acetate-cas-927-68-4\/","title":{"rendered":"2-brometil-acet\u00e1t cas 927-68-4"},"content":{"rendered":"<h2><strong>2-Brom-etil-acet\u00e1t Tulajdons\u00e1gok<\/strong><\/h2>\n<table class=\"table-1\" cellspacing=\"0\">\n<tbody>\n<tr>\n<td>T\u00e9tel<\/td>\n<td>M\u0171szaki adatok<\/td>\n<\/tr>\n<tr>\n<td>Le\u00edr\u00e1s<\/td>\n<td>Sz\u00edntelen vagy halv\u00e1nys\u00e1rga folyad\u00e9k<\/td>\n<\/tr>\n<tr>\n<td>Assay<\/td>\n<td>\u226599%<\/td>\n<\/tr>\n<tr>\n<td>Nedvess\u00e9gtartalom<\/td>\n<td>\u22640,3%<\/td>\n<\/tr>\n<\/tbody>\n<\/table>\n<h2><strong>2-Brom-etil-acet\u00e1t Alkalmaz\u00e1s<\/strong><\/h2>\n<p>Szerves anyagok szint\u00e9zis\u00e9ben haszn\u00e1latos.<\/p>\n<ol>\n<li><strong>K\u00e9miai szint\u00e9zis:<\/strong> A 2-Brom-etil-acet\u00e1tot, CAS-sz\u00e1m: 927-68-4, gyakran haszn\u00e1lj\u00e1k a k\u00e9miai szint\u00e9zisben. Sokoldal\u00fa \u00e9p\u00edt\u0151elemk\u00e9nt szolg\u00e1l k\u00fcl\u00f6nb\u00f6z\u0151 szerves vegy\u00fcletek, t\u00f6bbek k\u00f6z\u00f6tt gy\u00f3gyszerek, agrok\u00e9miai anyagok \u00e9s speci\u00e1lis vegyszerek el\u0151\u00e1ll\u00edt\u00e1s\u00e1hoz.<\/li>\n<li><strong>Eszteriz\u00e1ci\u00f3s reakci\u00f3k:<\/strong> Ezt a vegy\u00fcletet \u00e9szteres\u00edt\u00e9si reakci\u00f3kban alkalmazz\u00e1k. A 2-Brom-etil-acet\u00e1t olyan folyamatokban haszn\u00e1lhat\u00f3, ahol etil-acet\u00e1tcsoport bevezet\u00e9se sz\u00fcks\u00e9ges.<\/li>\n<li><strong>Gy\u00f3gyszeripari intermedierek:<\/strong> A 2-brom-etil-acet\u00e1tot \u00e1ltal\u00e1ban gy\u00f3gyszeripari k\u00f6ztes term\u00e9kk\u00e9nt alkalmazz\u00e1k. Bizonyos gy\u00f3gyszerek \u00e9s gy\u00f3gyszeripari term\u00e9kek szint\u00e9zis\u00e9ben haszn\u00e1lj\u00e1k, \u00e9s d\u00f6nt\u0151 szerepet j\u00e1tszik a gy\u00f3gyszerk\u00e9mi\u00e1ban.<\/li>\n<li><strong>K\u00e9miai kutat\u00e1s:<\/strong> A k\u00e9miai kutat\u00e1si tev\u00e9kenys\u00e9gekben a 2-Brom-etil-acet\u00e1tot k\u00fcl\u00f6nb\u00f6z\u0151 k\u00eds\u00e9rletekben \u00e9s elemz\u00e9sekben haszn\u00e1lj\u00e1k. Sokoldal\u00fas\u00e1ga miatt \u00e9rt\u00e9kes az \u00faj vegy\u00fcletek felfedez\u00e9s\u00e9ben \u00e9s fejleszt\u00e9s\u00e9ben.<\/li>\n<\/ol>\n<h2><strong>2-Brom-etil-acet\u00e1t Csomagol\u00e1s \u00e9s sz\u00e1ll\u00edt\u00e1s<\/strong><\/h2>\n<p>25kg\/dob.<\/p>\n<h2><strong>2-Brom-etil-acet\u00e1t T\u00e1rol\u00e1s<\/strong><\/h2>\n<p>Alacsony h\u0151m\u00e9rs\u00e9kleten t\u00f6rt\u00e9n\u0151 sz\u00e1r\u00edt\u00e1st kell feltal\u00e1lni.<\/p>\n<h2><strong><b>L\u00e9pjen kapcsolatba vel\u00fcnk most!<\/b><\/strong><\/h2>\n<h4><strong><b>Ha COA, MSDS vagy TDS-re van sz\u00fcks\u00e9ge, k\u00e9rj\u00fck, t\u00f6ltse ki el\u00e9rhet\u0151s\u00e9g\u00e9t az al\u00e1bbi \u0171rlapon, \u00e1ltal\u00e1ban 24 \u00f3r\u00e1n bel\u00fcl felvessz\u00fck \u00d6nnel a kapcsolatot. \u00d6n is k\u00fcldhet nekem e-mailt <span style=\"color: #0000ff;\"><a style=\"color: #0000ff;\" href=\"mailto:info@longchangchemical.com\">info@longchangchemical.com<\/a><\/span> munkaid\u0151ben ( 8:30-18:00 UTC+8 H.-Szombat ) vagy haszn\u00e1lja a weboldal \u00e9l\u0151 chatj\u00e9t, hogy azonnali v\u00e1laszt kapjon.<\/b><\/strong><\/h4>","protected":false},"excerpt":{"rendered":"<h2><strong>2-Brom-etil-acet\u00e1t Gyors r\u00e9szletek<\/strong><\/h2>\n<p>K\u00e9miai n\u00e9v: Vegyi n\u00e9v: 2-Brom-etil-acet\u00e1t<\/p>\n<p>CAS-sz\u00e1m: 927-68-4<\/p>\n<p>Molekula k\u00e9plet:C4H7BrO2<\/p>\n<p>Molekulat\u00f6meg:167<\/p>\n<p>2-Brom-etil-acet\u00e1tSzerkezet:<img decoding=\"async\" title=\"2-Brom-etil-acet\u00e1t Szerkezet\" src=\"https:\/\/www.longchangchemical.com\/wp-content\/uploads\/product-details\/20200611244147.png\" alt=\"2-Brom-etil-acet\u00e1t Szerkezet\" width=\"169\" height=\"46\" border=\"0\" vspace=\"0\" \/><\/p>\n<p>Megjelen\u00e9s: Sz\u00edntelen folyad\u00e9k<\/p>\n<p>Vizsg\u00e1lat: \u226599%<\/p>","protected":false},"featured_media":6413,"comment_status":"open","ping_status":"closed","template":"","meta":[],"product_brand":[],"product_cat":[73],"product_tag":[],"class_list":{"0":"post-4265","1":"product","2":"type-product","3":"status-publish","4":"has-post-thumbnail","6":"product_cat-other-additives","8":"first","9":"instock","10":"shipping-taxable","11":"product-type-simple"},"yoast_head":"<!-- This site is optimized with the Yoast SEO plugin v25.3.1 - https:\/\/yoast.com\/wordpress\/plugins\/seo\/ -->\n<title>China 2-Bromoethyl acetate Manufacturer CAS 927-68-4 -Longchang Chemical<\/title>\n<meta name=\"description\" content=\"2-bromoethyl acetate cas 927-68-4 is key product of Longchang Chemical. We provide best price. We are the leading manufacturer and supplier in China with the best quanlity and competitive price.\" \/>\n<meta name=\"robots\" content=\"index, follow, max-snippet:-1, max-image-preview:large, max-video-preview:-1\" \/>\n<link rel=\"canonical\" href=\"https:\/\/longchangchemical.com\/hu\/product\/2-bromoethyl-acetate-cas-927-68-4\/\" \/>\n<meta property=\"og:locale\" content=\"hu_HU\" \/>\n<meta property=\"og:type\" content=\"article\" \/>\n<meta property=\"og:title\" content=\"China 2-Bromoethyl acetate Manufacturer CAS 927-68-4 -Longchang Chemical\" \/>\n<meta property=\"og:description\" content=\"2-bromoethyl acetate cas 927-68-4 is key product of Longchang Chemical. We provide best price. We are the leading manufacturer and supplier in China with the best quanlity and competitive price.\" \/>\n<meta property=\"og:url\" content=\"https:\/\/longchangchemical.com\/hu\/product\/2-bromoethyl-acetate-cas-927-68-4\/\" \/>\n<meta property=\"og:site_name\" content=\"Longchang Chemical\" \/>\n<meta property=\"article:modified_time\" content=\"2025-12-22T03:33:44+00:00\" \/>\n<meta property=\"og:image\" content=\"https:\/\/longchangchemical.com\/wp-content\/uploads\/2021\/01\/10-1.jpg\" \/>\n\t<meta property=\"og:image:width\" content=\"800\" \/>\n\t<meta property=\"og:image:height\" content=\"800\" \/>\n\t<meta property=\"og:image:type\" content=\"image\/jpeg\" \/>\n<meta name=\"twitter:card\" content=\"summary_large_image\" \/>\n<script type=\"application\/ld+json\" class=\"yoast-schema-graph\">{\"@context\":\"https:\/\/schema.org\",\"@graph\":[{\"@type\":\"WebPage\",\"@id\":\"https:\/\/longchangchemical.com\/product\/2-bromoethyl-acetate-cas-927-68-4\/\",\"url\":\"https:\/\/longchangchemical.com\/product\/2-bromoethyl-acetate-cas-927-68-4\/\",\"name\":\"China 2-Bromoethyl acetate Manufacturer CAS 927-68-4 -Longchang Chemical\",\"isPartOf\":{\"@id\":\"https:\/\/longchangchemical.com\/#website\"},\"primaryImageOfPage\":{\"@id\":\"https:\/\/longchangchemical.com\/product\/2-bromoethyl-acetate-cas-927-68-4\/#primaryimage\"},\"image\":{\"@id\":\"https:\/\/longchangchemical.com\/product\/2-bromoethyl-acetate-cas-927-68-4\/#primaryimage\"},\"thumbnailUrl\":\"https:\/\/longchangchemical.com\/wp-content\/uploads\/2021\/01\/10-1.jpg\",\"datePublished\":\"2024-01-11T03:22:26+00:00\",\"dateModified\":\"2025-12-22T03:33:44+00:00\",\"description\":\"2-bromoethyl acetate cas 927-68-4 is key product of Longchang Chemical. We provide best price. We are the leading manufacturer and supplier in China with the best quanlity and competitive price.\",\"breadcrumb\":{\"@id\":\"https:\/\/longchangchemical.com\/product\/2-bromoethyl-acetate-cas-927-68-4\/#breadcrumb\"},\"inLanguage\":\"hu\",\"potentialAction\":[{\"@type\":\"ReadAction\",\"target\":[\"https:\/\/longchangchemical.com\/product\/2-bromoethyl-acetate-cas-927-68-4\/\"]}]},{\"@type\":\"ImageObject\",\"inLanguage\":\"hu\",\"@id\":\"https:\/\/longchangchemical.com\/product\/2-bromoethyl-acetate-cas-927-68-4\/#primaryimage\",\"url\":\"https:\/\/longchangchemical.com\/wp-content\/uploads\/2021\/01\/10-1.jpg\",\"contentUrl\":\"https:\/\/longchangchemical.com\/wp-content\/uploads\/2021\/01\/10-1.jpg\",\"width\":800,\"height\":800,\"caption\":\"2-bromoethyl acetate cas 927-68-4\"},{\"@type\":\"BreadcrumbList\",\"@id\":\"https:\/\/longchangchemical.com\/product\/2-bromoethyl-acetate-cas-927-68-4\/#breadcrumb\",\"itemListElement\":[{\"@type\":\"ListItem\",\"position\":1,\"name\":\"Home\",\"item\":\"https:\/\/longchangchemical.com\/\"},{\"@type\":\"ListItem\",\"position\":2,\"name\":\"Products Longchang\",\"item\":\"https:\/\/longchangchemical.com\/product\/\"},{\"@type\":\"ListItem\",\"position\":3,\"name\":\"2-bromoethyl acetate cas 927-68-4\"}]},{\"@type\":\"WebSite\",\"@id\":\"https:\/\/longchangchemical.com\/#website\",\"url\":\"https:\/\/longchangchemical.com\/\",\"name\":\"Longchang Chemical\",\"description\":\"China chemical manufacturer \uff06 supplier\",\"publisher\":{\"@id\":\"https:\/\/longchangchemical.com\/#organization\"},\"potentialAction\":[{\"@type\":\"SearchAction\",\"target\":{\"@type\":\"EntryPoint\",\"urlTemplate\":\"https:\/\/longchangchemical.com\/?s={search_term_string}\"},\"query-input\":{\"@type\":\"PropertyValueSpecification\",\"valueRequired\":true,\"valueName\":\"search_term_string\"}}],\"inLanguage\":\"hu\"},{\"@type\":\"Organization\",\"@id\":\"https:\/\/longchangchemical.com\/#organization\",\"name\":\"Longchang Chemical\",\"url\":\"https:\/\/longchangchemical.com\/\",\"logo\":{\"@type\":\"ImageObject\",\"inLanguage\":\"hu\",\"@id\":\"https:\/\/longchangchemical.com\/#\/schema\/logo\/image\/\",\"url\":\"https:\/\/longchangchemical.com\/wp-content\/uploads\/2020\/08\/cropped-longchang-logo.png\",\"contentUrl\":\"https:\/\/longchangchemical.com\/wp-content\/uploads\/2020\/08\/cropped-longchang-logo.png\",\"width\":512,\"height\":512,\"caption\":\"Longchang Chemical\"},\"image\":{\"@id\":\"https:\/\/longchangchemical.com\/#\/schema\/logo\/image\/\"}}]}<\/script>\n<!-- \/ Yoast SEO plugin. -->","yoast_head_json":{"title":"K\u00edna 2-Brom-etil-acet\u00e1t gy\u00e1rt\u00f3 CAS 927-68-4 -Longchang Chemical","description":"A 2-brometil-acet\u00e1t cas 927-68-4 a Longchang Chemical kulcsfontoss\u00e1g\u00fa term\u00e9ke. A legjobb \u00e1rat biztos\u00edtjuk. Mi vagyunk a vezet\u0151 gy\u00e1rt\u00f3 \u00e9s sz\u00e1ll\u00edt\u00f3 K\u00edn\u00e1ban a legjobb min\u0151s\u00e9ggel \u00e9s versenyk\u00e9pes \u00e1rral.","robots":{"index":"index","follow":"follow","max-snippet":"max-snippet:-1","max-image-preview":"max-image-preview:large","max-video-preview":"max-video-preview:-1"},"canonical":"https:\/\/longchangchemical.com\/hu\/product\/2-bromoethyl-acetate-cas-927-68-4\/","og_locale":"hu_HU","og_type":"article","og_title":"China 2-Bromoethyl acetate Manufacturer CAS 927-68-4 -Longchang Chemical","og_description":"2-bromoethyl acetate cas 927-68-4 is key product of Longchang Chemical. We provide best price. We are the leading manufacturer and supplier in China with the best quanlity and competitive price.","og_url":"https:\/\/longchangchemical.com\/hu\/product\/2-bromoethyl-acetate-cas-927-68-4\/","og_site_name":"Longchang Chemical","article_modified_time":"2025-12-22T03:33:44+00:00","og_image":[{"width":800,"height":800,"url":"https:\/\/longchangchemical.com\/wp-content\/uploads\/2021\/01\/10-1.jpg","type":"image\/jpeg"}],"twitter_card":"summary_large_image","schema":{"@context":"https:\/\/schema.org","@graph":[{"@type":"WebPage","@id":"https:\/\/longchangchemical.com\/product\/2-bromoethyl-acetate-cas-927-68-4\/","url":"https:\/\/longchangchemical.com\/product\/2-bromoethyl-acetate-cas-927-68-4\/","name":"K\u00edna 2-Brom-etil-acet\u00e1t gy\u00e1rt\u00f3 CAS 927-68-4 -Longchang Chemical","isPartOf":{"@id":"https:\/\/longchangchemical.com\/#website"},"primaryImageOfPage":{"@id":"https:\/\/longchangchemical.com\/product\/2-bromoethyl-acetate-cas-927-68-4\/#primaryimage"},"image":{"@id":"https:\/\/longchangchemical.com\/product\/2-bromoethyl-acetate-cas-927-68-4\/#primaryimage"},"thumbnailUrl":"https:\/\/longchangchemical.com\/wp-content\/uploads\/2021\/01\/10-1.jpg","datePublished":"2024-01-11T03:22:26+00:00","dateModified":"2025-12-22T03:33:44+00:00","description":"A 2-brometil-acet\u00e1t cas 927-68-4 a Longchang Chemical kulcsfontoss\u00e1g\u00fa term\u00e9ke. A legjobb \u00e1rat biztos\u00edtjuk. Mi vagyunk a vezet\u0151 gy\u00e1rt\u00f3 \u00e9s sz\u00e1ll\u00edt\u00f3 K\u00edn\u00e1ban a legjobb min\u0151s\u00e9ggel \u00e9s versenyk\u00e9pes \u00e1rral.","breadcrumb":{"@id":"https:\/\/longchangchemical.com\/product\/2-bromoethyl-acetate-cas-927-68-4\/#breadcrumb"},"inLanguage":"hu","potentialAction":[{"@type":"ReadAction","target":["https:\/\/longchangchemical.com\/product\/2-bromoethyl-acetate-cas-927-68-4\/"]}]},{"@type":"ImageObject","inLanguage":"hu","@id":"https:\/\/longchangchemical.com\/product\/2-bromoethyl-acetate-cas-927-68-4\/#primaryimage","url":"https:\/\/longchangchemical.com\/wp-content\/uploads\/2021\/01\/10-1.jpg","contentUrl":"https:\/\/longchangchemical.com\/wp-content\/uploads\/2021\/01\/10-1.jpg","width":800,"height":800,"caption":"2-bromoethyl acetate cas 927-68-4"},{"@type":"BreadcrumbList","@id":"https:\/\/longchangchemical.com\/product\/2-bromoethyl-acetate-cas-927-68-4\/#breadcrumb","itemListElement":[{"@type":"ListItem","position":1,"name":"Home","item":"https:\/\/longchangchemical.com\/"},{"@type":"ListItem","position":2,"name":"Products Longchang","item":"https:\/\/longchangchemical.com\/product\/"},{"@type":"ListItem","position":3,"name":"2-bromoethyl acetate cas 927-68-4"}]},{"@type":"WebSite","@id":"https:\/\/longchangchemical.com\/#website","url":"https:\/\/longchangchemical.com\/","name":"Longchang Chemical","description":"K\u00edna k\u00e9miai gy\u00e1rt\u00f3 \uff06 sz\u00e1ll\u00edt\u00f3","publisher":{"@id":"https:\/\/longchangchemical.com\/#organization"},"potentialAction":[{"@type":"SearchAction","target":{"@type":"EntryPoint","urlTemplate":"https:\/\/longchangchemical.com\/?s={search_term_string}"},"query-input":{"@type":"PropertyValueSpecification","valueRequired":true,"valueName":"search_term_string"}}],"inLanguage":"hu"},{"@type":"Organization","@id":"https:\/\/longchangchemical.com\/#organization","name":"Longchang Chemical","url":"https:\/\/longchangchemical.com\/","logo":{"@type":"ImageObject","inLanguage":"hu","@id":"https:\/\/longchangchemical.com\/#\/schema\/logo\/image\/","url":"https:\/\/longchangchemical.com\/wp-content\/uploads\/2020\/08\/cropped-longchang-logo.png","contentUrl":"https:\/\/longchangchemical.com\/wp-content\/uploads\/2020\/08\/cropped-longchang-logo.png","width":512,"height":512,"caption":"Longchang Chemical"},"image":{"@id":"https:\/\/longchangchemical.com\/#\/schema\/logo\/image\/"}}]}},"_links":{"self":[{"href":"https:\/\/longchangchemical.com\/hu\/wp-json\/wp\/v2\/product\/4265","targetHints":{"allow":["GET"]}}],"collection":[{"href":"https:\/\/longchangchemical.com\/hu\/wp-json\/wp\/v2\/product"}],"about":[{"href":"https:\/\/longchangchemical.com\/hu\/wp-json\/wp\/v2\/types\/product"}],"replies":[{"embeddable":true,"href":"https:\/\/longchangchemical.com\/hu\/wp-json\/wp\/v2\/comments?post=4265"}],"wp:featuredmedia":[{"embeddable":true,"href":"https:\/\/longchangchemical.com\/hu\/wp-json\/wp\/v2\/media\/6413"}],"wp:attachment":[{"href":"https:\/\/longchangchemical.com\/hu\/wp-json\/wp\/v2\/media?parent=4265"}],"wp:term":[{"taxonomy":"product_brand","embeddable":true,"href":"https:\/\/longchangchemical.com\/hu\/wp-json\/wp\/v2\/product_brand?post=4265"},{"taxonomy":"product_cat","embeddable":true,"href":"https:\/\/longchangchemical.com\/hu\/wp-json\/wp\/v2\/product_cat?post=4265"},{"taxonomy":"product_tag","embeddable":true,"href":"https:\/\/longchangchemical.com\/hu\/wp-json\/wp\/v2\/product_tag?post=4265"}],"curies":[{"name":"wp","href":"https:\/\/api.w.org\/{rel}","templated":true}]}}