{"id":4255,"date":"2024-01-12T01:37:28","date_gmt":"2024-01-12T01:37:28","guid":{"rendered":"https:\/\/longchangchemical.com\/?post_type=product&#038;p=4255"},"modified":"2025-12-22T03:04:39","modified_gmt":"2025-12-22T03:04:39","slug":"o-phenylenediamine-cas-95-54-5","status":"publish","type":"product","link":"https:\/\/longchangchemical.com\/hu\/product\/o-phenylenediamine-cas-95-54-5\/","title":{"rendered":"o-fenil\u00e9ndiamin cas 95-54-5"},"content":{"rendered":"<h2><strong>o-fenil\u00e9ndiamin tipikus tulajdons\u00e1gai<\/strong><\/h2>\n<table class=\"table-1\" cellspacing=\"0\">\n<tbody>\n<tr>\n<td>T\u00e9tel<\/td>\n<td>M\u0171szaki adatok<\/td>\n<\/tr>\n<tr>\n<td>Megjelen\u00e9s<\/td>\n<td>Sz\u00fcrke pehely<\/td>\n<\/tr>\n<tr>\n<td>Olvad\u00e1spont,\u2103<\/td>\n<td>\u2265100<\/td>\n<\/tr>\n<tr>\n<td>Tisztas\u00e1g,%<\/td>\n<td>\u226599.5<\/td>\n<\/tr>\n<tr>\n<td>MPD,mg\/kg<\/td>\n<td>-<\/td>\n<\/tr>\n<tr>\n<td>PPD,mg\/kg<\/td>\n<td>4~8<\/td>\n<\/tr>\n<\/tbody>\n<\/table>\n<h2><strong>o-fenil\u00e9ndiamin Haszn\u00e1lat<\/strong><\/h2>\n<p>A kationos sz\u00ednez\u00e9kek k\u00f6ztes term\u00e9kek\u00e9nt a karbendazim \u00e9s m\u00e1s gomba\u00f6l\u0151 szerek f\u0151 nyersanyaga.<\/p>\n<ol>\n<li><strong>K\u00e9miai szint\u00e9zis:<\/strong> A 95-54-5 CAS-sz\u00e1m\u00fa O-fenil\u00e9ndiamint gyakran haszn\u00e1lj\u00e1k a k\u00e9miai szint\u00e9zisben. Sokoldal\u00fa \u00e9p\u00edt\u0151elemk\u00e9nt szolg\u00e1l k\u00fcl\u00f6nb\u00f6z\u0151 szerves vegy\u00fcletek, t\u00f6bbek k\u00f6z\u00f6tt sz\u00ednez\u00e9kek, polimerek \u00e9s gy\u00f3gyszerek el\u0151\u00e1ll\u00edt\u00e1s\u00e1hoz.<\/li>\n<li><strong>Fest\u00e9kipar:<\/strong> Ezt a vegy\u00fcletet sz\u00e9les k\u00f6rben alkalmazz\u00e1k a fest\u00e9kiparban. Az O-fenil\u00e9ndiamin a k\u00fcl\u00f6nb\u00f6z\u0151 sz\u00ednez\u00e9kek szint\u00e9zis\u00e9nek kulcsfontoss\u00e1g\u00fa \u00f6sszetev\u0151je, hozz\u00e1j\u00e1rulva a text\u00edli\u00e1k \u00e9s m\u00e1s anyagok \u00e9l\u00e9nk sz\u00edneinek kialakul\u00e1s\u00e1hoz.<\/li>\n<li><strong>Polimeripar:<\/strong> Az O-fenil\u00e9ndiamint a polimeriparban haszn\u00e1lj\u00e1k. Alkalmazhat\u00f3 polimerek \u00e9s kopolimerek szint\u00e9zis\u00e9ben, hozz\u00e1j\u00e1rulva a polimerek tulajdons\u00e1gainak m\u00f3dos\u00edt\u00e1s\u00e1hoz \u00e9s speci\u00e1lis anyagok kifejleszt\u00e9s\u00e9hez.<\/li>\n<li><strong>K\u00e9miai kutat\u00e1s:<\/strong> A k\u00e9miai kutat\u00e1si tev\u00e9kenys\u00e9gekben az O-fenil\u00e9ndiamint k\u00fcl\u00f6nb\u00f6z\u0151 k\u00eds\u00e9rletekhez \u00e9s elemz\u00e9sekhez haszn\u00e1lj\u00e1k. Sokoldal\u00fas\u00e1ga miatt \u00e9rt\u00e9kes az \u00faj vegy\u00fcletek felfedez\u00e9s\u00e9ben \u00e9s fejleszt\u00e9s\u00e9ben.<\/li>\n<\/ol>\n<h2><strong>o-fenil\u00e9ndiamin Csomagol\u00e1s \u00e9s sz\u00e1ll\u00edt\u00e1s<\/strong><\/h2>\n<p>Csomagol\u00e1s: 25kg\/zs\u00e1k<\/p>\n<p>Sz\u00e1ll\u00edt\u00e1s: Vesz\u00e9lyes rakom\u00e1ny<\/p>\n<h2><strong>o-fenil\u00e9ndiamin t\u00e1rol\u00e1sa<\/strong><\/h2>\n<p>Sz\u00e1raz, szell\u0151ztetett helyen t\u00e1rolja, hogy elker\u00fclje a k\u00f6zvetlen napf\u00e9nyt.<\/p>\n<h2><strong><b>L\u00e9pjen kapcsolatba vel\u00fcnk most!<\/b><\/strong><\/h2>\n<h4><strong><b>Ha COA, MSDS vagy TDS-re van sz\u00fcks\u00e9ge, k\u00e9rj\u00fck, t\u00f6ltse ki el\u00e9rhet\u0151s\u00e9g\u00e9t az al\u00e1bbi \u0171rlapon, \u00e1ltal\u00e1ban 24 \u00f3r\u00e1n bel\u00fcl felvessz\u00fck \u00d6nnel a kapcsolatot. \u00d6n is k\u00fcldhet nekem e-mailt <span style=\"color: #0000ff;\"><a style=\"color: #0000ff;\" href=\"mailto:info@longchangchemical.com\">info@longchangchemical.com<\/a><\/span> munkaid\u0151ben ( 8:30-18:00 UTC+8 H.-Szombat ) vagy haszn\u00e1lja a weboldal \u00e9l\u0151 chatj\u00e9t, hogy azonnali v\u00e1laszt kapjon.<\/b><\/strong><\/h4>","protected":false},"excerpt":{"rendered":"<h2><strong>o-fenil\u00e9ndiamin gyors r\u00e9szletek<\/strong><\/h2>\n<p>K\u00e9miai n\u00e9v: o-fenil\u00e9ndiamin<\/p>\n<p>CAS-sz\u00e1m: 95-54-5<\/p>\n<p>Molekul\u00e1ris k\u00e9plet: C6H8N2<\/p>\n<p>o-fenil\u00e9ndiamin szerkezet:<img decoding=\"async\" title=\"o-fenil\u00e9ndiamin szerkezet\" src=\"https:\/\/www.longchangchemical.com\/wp-content\/uploads\/product-details\/20200612222367.png\" alt=\"o-fenil\u00e9ndiamin szerkezet\" width=\"155\" height=\"120\" border=\"0\" vspace=\"0\" \/><\/p>\n<p>Molekulat\u00f6meg: 108,14<\/p>\n<p>Megjelen\u00e9s: Sz\u00fcrke pehely<\/p>\n<p>Pr\u00f3ba: 99%<\/p>","protected":false},"featured_media":6431,"comment_status":"open","ping_status":"closed","template":"","meta":[],"product_brand":[],"product_cat":[69],"product_tag":[],"class_list":{"0":"post-4255","1":"product","2":"type-product","3":"status-publish","4":"has-post-thumbnail","6":"product_cat-catalysts-chemical-auxiliary-agents","8":"first","9":"instock","10":"shipping-taxable","11":"product-type-simple"},"yoast_head":"<!-- This site is optimized with the Yoast SEO plugin v25.3.1 - https:\/\/yoast.com\/wordpress\/plugins\/seo\/ -->\n<title>China o-Phenylenediamine Manufacturer CAS 95-54-5 -Longchang Chemical<\/title>\n<meta name=\"description\" content=\"o-phenylenediamine cas 95-54-5 is key product of Longchang Chemical. We provide best price. We are the leading manufacturer and supplier in China with the best quanlity and competitive price.\" \/>\n<meta name=\"robots\" content=\"index, follow, max-snippet:-1, max-image-preview:large, max-video-preview:-1\" \/>\n<link rel=\"canonical\" href=\"https:\/\/longchangchemical.com\/hu\/product\/o-phenylenediamine-cas-95-54-5\/\" \/>\n<meta property=\"og:locale\" content=\"hu_HU\" \/>\n<meta property=\"og:type\" content=\"article\" \/>\n<meta property=\"og:title\" content=\"China o-Phenylenediamine Manufacturer CAS 95-54-5 -Longchang Chemical\" \/>\n<meta property=\"og:description\" content=\"o-phenylenediamine cas 95-54-5 is key product of Longchang Chemical. We provide best price. We are the leading manufacturer and supplier in China with the best quanlity and competitive price.\" \/>\n<meta property=\"og:url\" content=\"https:\/\/longchangchemical.com\/hu\/product\/o-phenylenediamine-cas-95-54-5\/\" \/>\n<meta property=\"og:site_name\" content=\"Longchang Chemical\" \/>\n<meta property=\"article:modified_time\" content=\"2025-12-22T03:04:39+00:00\" \/>\n<meta property=\"og:image\" content=\"https:\/\/longchangchemical.com\/wp-content\/uploads\/2021\/01\/10-2.jpg\" \/>\n\t<meta property=\"og:image:width\" content=\"800\" \/>\n\t<meta property=\"og:image:height\" content=\"800\" \/>\n\t<meta property=\"og:image:type\" content=\"image\/jpeg\" \/>\n<meta name=\"twitter:card\" content=\"summary_large_image\" \/>\n<script type=\"application\/ld+json\" class=\"yoast-schema-graph\">{\"@context\":\"https:\/\/schema.org\",\"@graph\":[{\"@type\":\"WebPage\",\"@id\":\"https:\/\/longchangchemical.com\/product\/o-phenylenediamine-cas-95-54-5\/\",\"url\":\"https:\/\/longchangchemical.com\/product\/o-phenylenediamine-cas-95-54-5\/\",\"name\":\"China o-Phenylenediamine Manufacturer CAS 95-54-5 -Longchang Chemical\",\"isPartOf\":{\"@id\":\"https:\/\/longchangchemical.com\/#website\"},\"primaryImageOfPage\":{\"@id\":\"https:\/\/longchangchemical.com\/product\/o-phenylenediamine-cas-95-54-5\/#primaryimage\"},\"image\":{\"@id\":\"https:\/\/longchangchemical.com\/product\/o-phenylenediamine-cas-95-54-5\/#primaryimage\"},\"thumbnailUrl\":\"https:\/\/longchangchemical.com\/wp-content\/uploads\/2021\/01\/10-2.jpg\",\"datePublished\":\"2024-01-12T01:37:28+00:00\",\"dateModified\":\"2025-12-22T03:04:39+00:00\",\"description\":\"o-phenylenediamine cas 95-54-5 is key product of Longchang Chemical. We provide best price. We are the leading manufacturer and supplier in China with the best quanlity and competitive price.\",\"breadcrumb\":{\"@id\":\"https:\/\/longchangchemical.com\/product\/o-phenylenediamine-cas-95-54-5\/#breadcrumb\"},\"inLanguage\":\"hu\",\"potentialAction\":[{\"@type\":\"ReadAction\",\"target\":[\"https:\/\/longchangchemical.com\/product\/o-phenylenediamine-cas-95-54-5\/\"]}]},{\"@type\":\"ImageObject\",\"inLanguage\":\"hu\",\"@id\":\"https:\/\/longchangchemical.com\/product\/o-phenylenediamine-cas-95-54-5\/#primaryimage\",\"url\":\"https:\/\/longchangchemical.com\/wp-content\/uploads\/2021\/01\/10-2.jpg\",\"contentUrl\":\"https:\/\/longchangchemical.com\/wp-content\/uploads\/2021\/01\/10-2.jpg\",\"width\":800,\"height\":800,\"caption\":\"o-phenylenediamine cas 95-54-5\"},{\"@type\":\"BreadcrumbList\",\"@id\":\"https:\/\/longchangchemical.com\/product\/o-phenylenediamine-cas-95-54-5\/#breadcrumb\",\"itemListElement\":[{\"@type\":\"ListItem\",\"position\":1,\"name\":\"Home\",\"item\":\"https:\/\/longchangchemical.com\/\"},{\"@type\":\"ListItem\",\"position\":2,\"name\":\"Products Longchang\",\"item\":\"https:\/\/longchangchemical.com\/product\/\"},{\"@type\":\"ListItem\",\"position\":3,\"name\":\"o-phenylenediamine cas 95-54-5\"}]},{\"@type\":\"WebSite\",\"@id\":\"https:\/\/longchangchemical.com\/#website\",\"url\":\"https:\/\/longchangchemical.com\/\",\"name\":\"Longchang Chemical\",\"description\":\"China chemical manufacturer \uff06 supplier\",\"publisher\":{\"@id\":\"https:\/\/longchangchemical.com\/#organization\"},\"potentialAction\":[{\"@type\":\"SearchAction\",\"target\":{\"@type\":\"EntryPoint\",\"urlTemplate\":\"https:\/\/longchangchemical.com\/?s={search_term_string}\"},\"query-input\":{\"@type\":\"PropertyValueSpecification\",\"valueRequired\":true,\"valueName\":\"search_term_string\"}}],\"inLanguage\":\"hu\"},{\"@type\":\"Organization\",\"@id\":\"https:\/\/longchangchemical.com\/#organization\",\"name\":\"Longchang Chemical\",\"url\":\"https:\/\/longchangchemical.com\/\",\"logo\":{\"@type\":\"ImageObject\",\"inLanguage\":\"hu\",\"@id\":\"https:\/\/longchangchemical.com\/#\/schema\/logo\/image\/\",\"url\":\"https:\/\/longchangchemical.com\/wp-content\/uploads\/2020\/08\/cropped-longchang-logo.png\",\"contentUrl\":\"https:\/\/longchangchemical.com\/wp-content\/uploads\/2020\/08\/cropped-longchang-logo.png\",\"width\":512,\"height\":512,\"caption\":\"Longchang Chemical\"},\"image\":{\"@id\":\"https:\/\/longchangchemical.com\/#\/schema\/logo\/image\/\"}}]}<\/script>\n<!-- \/ Yoast SEO plugin. -->","yoast_head_json":{"title":"K\u00edna o-fenil\u00e9ndiamin gy\u00e1rt\u00f3 CAS 95-54-5 -Longchang Chemical","description":"Az o-fenil\u00e9ndiamin cas 95-54-5 a Longchang Chemical kulcsfontoss\u00e1g\u00fa term\u00e9ke. A legjobb \u00e1rat biztos\u00edtjuk. Mi vagyunk a vezet\u0151 gy\u00e1rt\u00f3 \u00e9s sz\u00e1ll\u00edt\u00f3 K\u00edn\u00e1ban a legjobb min\u0151s\u00e9ggel \u00e9s versenyk\u00e9pes \u00e1rral.","robots":{"index":"index","follow":"follow","max-snippet":"max-snippet:-1","max-image-preview":"max-image-preview:large","max-video-preview":"max-video-preview:-1"},"canonical":"https:\/\/longchangchemical.com\/hu\/product\/o-phenylenediamine-cas-95-54-5\/","og_locale":"hu_HU","og_type":"article","og_title":"China o-Phenylenediamine Manufacturer CAS 95-54-5 -Longchang Chemical","og_description":"o-phenylenediamine cas 95-54-5 is key product of Longchang Chemical. We provide best price. We are the leading manufacturer and supplier in China with the best quanlity and competitive price.","og_url":"https:\/\/longchangchemical.com\/hu\/product\/o-phenylenediamine-cas-95-54-5\/","og_site_name":"Longchang Chemical","article_modified_time":"2025-12-22T03:04:39+00:00","og_image":[{"width":800,"height":800,"url":"https:\/\/longchangchemical.com\/wp-content\/uploads\/2021\/01\/10-2.jpg","type":"image\/jpeg"}],"twitter_card":"summary_large_image","schema":{"@context":"https:\/\/schema.org","@graph":[{"@type":"WebPage","@id":"https:\/\/longchangchemical.com\/product\/o-phenylenediamine-cas-95-54-5\/","url":"https:\/\/longchangchemical.com\/product\/o-phenylenediamine-cas-95-54-5\/","name":"K\u00edna o-fenil\u00e9ndiamin gy\u00e1rt\u00f3 CAS 95-54-5 -Longchang Chemical","isPartOf":{"@id":"https:\/\/longchangchemical.com\/#website"},"primaryImageOfPage":{"@id":"https:\/\/longchangchemical.com\/product\/o-phenylenediamine-cas-95-54-5\/#primaryimage"},"image":{"@id":"https:\/\/longchangchemical.com\/product\/o-phenylenediamine-cas-95-54-5\/#primaryimage"},"thumbnailUrl":"https:\/\/longchangchemical.com\/wp-content\/uploads\/2021\/01\/10-2.jpg","datePublished":"2024-01-12T01:37:28+00:00","dateModified":"2025-12-22T03:04:39+00:00","description":"Az o-fenil\u00e9ndiamin cas 95-54-5 a Longchang Chemical kulcsfontoss\u00e1g\u00fa term\u00e9ke. A legjobb \u00e1rat biztos\u00edtjuk. Mi vagyunk a vezet\u0151 gy\u00e1rt\u00f3 \u00e9s sz\u00e1ll\u00edt\u00f3 K\u00edn\u00e1ban a legjobb min\u0151s\u00e9ggel \u00e9s versenyk\u00e9pes \u00e1rral.","breadcrumb":{"@id":"https:\/\/longchangchemical.com\/product\/o-phenylenediamine-cas-95-54-5\/#breadcrumb"},"inLanguage":"hu","potentialAction":[{"@type":"ReadAction","target":["https:\/\/longchangchemical.com\/product\/o-phenylenediamine-cas-95-54-5\/"]}]},{"@type":"ImageObject","inLanguage":"hu","@id":"https:\/\/longchangchemical.com\/product\/o-phenylenediamine-cas-95-54-5\/#primaryimage","url":"https:\/\/longchangchemical.com\/wp-content\/uploads\/2021\/01\/10-2.jpg","contentUrl":"https:\/\/longchangchemical.com\/wp-content\/uploads\/2021\/01\/10-2.jpg","width":800,"height":800,"caption":"o-phenylenediamine cas 95-54-5"},{"@type":"BreadcrumbList","@id":"https:\/\/longchangchemical.com\/product\/o-phenylenediamine-cas-95-54-5\/#breadcrumb","itemListElement":[{"@type":"ListItem","position":1,"name":"Home","item":"https:\/\/longchangchemical.com\/"},{"@type":"ListItem","position":2,"name":"Products Longchang","item":"https:\/\/longchangchemical.com\/product\/"},{"@type":"ListItem","position":3,"name":"o-phenylenediamine cas 95-54-5"}]},{"@type":"WebSite","@id":"https:\/\/longchangchemical.com\/#website","url":"https:\/\/longchangchemical.com\/","name":"Longchang Chemical","description":"K\u00edna k\u00e9miai gy\u00e1rt\u00f3 \uff06 sz\u00e1ll\u00edt\u00f3","publisher":{"@id":"https:\/\/longchangchemical.com\/#organization"},"potentialAction":[{"@type":"SearchAction","target":{"@type":"EntryPoint","urlTemplate":"https:\/\/longchangchemical.com\/?s={search_term_string}"},"query-input":{"@type":"PropertyValueSpecification","valueRequired":true,"valueName":"search_term_string"}}],"inLanguage":"hu"},{"@type":"Organization","@id":"https:\/\/longchangchemical.com\/#organization","name":"Longchang Chemical","url":"https:\/\/longchangchemical.com\/","logo":{"@type":"ImageObject","inLanguage":"hu","@id":"https:\/\/longchangchemical.com\/#\/schema\/logo\/image\/","url":"https:\/\/longchangchemical.com\/wp-content\/uploads\/2020\/08\/cropped-longchang-logo.png","contentUrl":"https:\/\/longchangchemical.com\/wp-content\/uploads\/2020\/08\/cropped-longchang-logo.png","width":512,"height":512,"caption":"Longchang Chemical"},"image":{"@id":"https:\/\/longchangchemical.com\/#\/schema\/logo\/image\/"}}]}},"_links":{"self":[{"href":"https:\/\/longchangchemical.com\/hu\/wp-json\/wp\/v2\/product\/4255","targetHints":{"allow":["GET"]}}],"collection":[{"href":"https:\/\/longchangchemical.com\/hu\/wp-json\/wp\/v2\/product"}],"about":[{"href":"https:\/\/longchangchemical.com\/hu\/wp-json\/wp\/v2\/types\/product"}],"replies":[{"embeddable":true,"href":"https:\/\/longchangchemical.com\/hu\/wp-json\/wp\/v2\/comments?post=4255"}],"wp:featuredmedia":[{"embeddable":true,"href":"https:\/\/longchangchemical.com\/hu\/wp-json\/wp\/v2\/media\/6431"}],"wp:attachment":[{"href":"https:\/\/longchangchemical.com\/hu\/wp-json\/wp\/v2\/media?parent=4255"}],"wp:term":[{"taxonomy":"product_brand","embeddable":true,"href":"https:\/\/longchangchemical.com\/hu\/wp-json\/wp\/v2\/product_brand?post=4255"},{"taxonomy":"product_cat","embeddable":true,"href":"https:\/\/longchangchemical.com\/hu\/wp-json\/wp\/v2\/product_cat?post=4255"},{"taxonomy":"product_tag","embeddable":true,"href":"https:\/\/longchangchemical.com\/hu\/wp-json\/wp\/v2\/product_tag?post=4255"}],"curies":[{"name":"wp","href":"https:\/\/api.w.org\/{rel}","templated":true}]}}