{"id":4253,"date":"2024-01-12T02:45:15","date_gmt":"2024-01-12T02:45:15","guid":{"rendered":"https:\/\/longchangchemical.com\/?post_type=product&#038;p=4253"},"modified":"2025-12-22T02:58:59","modified_gmt":"2025-12-22T02:58:59","slug":"styrene-oxide-cas-96-09-3","status":"publish","type":"product","link":"https:\/\/longchangchemical.com\/hu\/product\/styrene-oxide-cas-96-09-3\/","title":{"rendered":"sztirol-oxid cas 96-09-3"},"content":{"rendered":"<h2><strong>Sztirol-oxid tipikus tulajdons\u00e1gai<\/strong><\/h2>\n<table class=\"table-1\" cellspacing=\"0\">\n<tbody>\n<tr>\n<td>T\u00e9tel<\/td>\n<td>M\u0171szaki adatok<\/td>\n<\/tr>\n<tr>\n<td>Megjelen\u00e9s<\/td>\n<td>Sz\u00edntelen \u00e9s \u00e1tl\u00e1tsz\u00f3, \u00e9des illat\u00fa folyad\u00e9k<\/td>\n<\/tr>\n<tr>\n<td>TARTALOM(\uff05\uff09<\/td>\n<td>97.0MIN<\/td>\n<\/tr>\n<tr>\n<td>V\u00cdZTARTALOM%<\/td>\n<td>0.2MAX<\/td>\n<\/tr>\n<tr>\n<td>S\u0170R\u0170S\u00c9G\/20.C<\/td>\n<td>1.050-1.054<\/td>\n<\/tr>\n<tr>\n<td>SZ\u00cdNT MOGYOR\u00d3SZ\u00cdN\u0170RE<\/td>\n<td>100MAX<\/td>\n<\/tr>\n<\/tbody>\n<\/table>\n<h2><strong>Sztirol-oxid Haszn\u00e1lat<\/strong><\/h2>\n<ol>\n<li><strong>K\u00e9miai szint\u00e9zis:<\/strong> A 96-09-3 CAS-sz\u00e1m\u00fa sztirol-oxidot gyakran haszn\u00e1lj\u00e1k a k\u00e9miai szint\u00e9zisben. K\u00fcl\u00f6nb\u00f6z\u0151 szerves vegy\u00fcletek, t\u00f6bbek k\u00f6z\u00f6tt gy\u00f3gyszerek, agrok\u00e9miai term\u00e9kek \u00e9s speci\u00e1lis vegyi anyagok el\u0151\u00e1ll\u00edt\u00e1sa sor\u00e1n kulcsfontoss\u00e1g\u00fa k\u00f6ztes term\u00e9kk\u00e9nt szolg\u00e1l.<\/li>\n<li><strong>Polimeripar:<\/strong> Ezt a vegy\u00fcletet a polimeriparban alkalmazz\u00e1k. A sztirol-oxidot polimerek \u00e9s kopolimerek szint\u00e9zis\u00e9ben haszn\u00e1lj\u00e1k, hozz\u00e1j\u00e1rulva a polimerek tulajdons\u00e1gainak m\u00f3dos\u00edt\u00e1s\u00e1hoz \u00e9s speci\u00e1lis anyagok kifejleszt\u00e9s\u00e9hez.<\/li>\n<li><strong>Old\u00f3szeres alkalmaz\u00e1sok:<\/strong> A sztirol-oxid bizonyos alkalmaz\u00e1sokban old\u00f3szerk\u00e9nt haszn\u00e1lhat\u00f3. Egyedi tulajdons\u00e1gai alkalmass\u00e1 teszik old\u00f3szerk\u00e9nt val\u00f3 alkalmaz\u00e1s\u00e1ra bizonyos k\u00e9miai folyamatokban \u00e9s k\u00e9sz\u00edtm\u00e9nyekben.<\/li>\n<li><strong>K\u00e9miai kutat\u00e1s:<\/strong> A k\u00e9miai kutat\u00e1si tev\u00e9kenys\u00e9gekben a sztirol-oxidot k\u00fcl\u00f6nb\u00f6z\u0151 k\u00eds\u00e9rletekhez \u00e9s elemz\u00e9sekhez haszn\u00e1lj\u00e1k. Sokoldal\u00fas\u00e1ga miatt \u00e9rt\u00e9kes az \u00faj vegy\u00fcletek felfedez\u00e9s\u00e9ben \u00e9s fejleszt\u00e9s\u00e9ben.<\/li>\n<\/ol>\n<h2><strong>Sztirol-oxid Csomagol\u00e1s \u00e9s sz\u00e1ll\u00edt\u00e1s<\/strong><\/h2>\n<p>Csomagol\u00e1s: 250kg\/dob<\/p>\n<p>Sz\u00e1ll\u00edt\u00e1s:tengeri sz\u00e1ll\u00edt\u00e1s<\/p>\n<h2><strong>Sztirol-oxid T\u00e1rol\u00e1s<\/strong><\/h2>\n<p>Sz\u00e1raz \u00e9s h\u0171v\u00f6s helyen t\u00e1roljuk. J\u00f3l z\u00e1rt t\u00e1rol\u00f3ed\u00e9nyben tartva. Napf\u00e9nyt\u0151l t\u00e1vol tartand\u00f3.<\/p>\n<h2><strong><b>L\u00e9pjen kapcsolatba vel\u00fcnk most!<\/b><\/strong><\/h2>\n<h4><strong><b>Ha COA, MSDS vagy TDS-re van sz\u00fcks\u00e9ge, k\u00e9rj\u00fck, t\u00f6ltse ki el\u00e9rhet\u0151s\u00e9g\u00e9t az al\u00e1bbi \u0171rlapon, \u00e1ltal\u00e1ban 24 \u00f3r\u00e1n bel\u00fcl felvessz\u00fck \u00d6nnel a kapcsolatot. \u00d6n is k\u00fcldhet nekem e-mailt <span style=\"color: #0000ff;\"><a style=\"color: #0000ff;\" href=\"mailto:info@longchangchemical.com\">info@longchangchemical.com<\/a><\/span> munkaid\u0151ben ( 8:30-18:00 UTC+8 H.-Szombat ) vagy haszn\u00e1lja a weboldal \u00e9l\u0151 chatj\u00e9t, hogy azonnali v\u00e1laszt kapjon.<\/b><\/strong><\/h4>","protected":false},"excerpt":{"rendered":"<h2><strong>Sztirol-oxidgyors r\u00e9szletek<\/strong><\/h2>\n<p>K\u00e9miai n\u00e9v: sztirol-oxid<\/p>\n<p>CAS-sz\u00e1m: 96-09-3<\/p>\n<p>Molekul\u00e1ris k\u00e9plet: C4H8O2<\/p>\n<p>K\u00e9miai szerkezet:<\/p>\n<p>Molekulat\u00f6meg: 88,11<\/p>\n<p>Megjelen\u00e9s: Sz\u00edntelen \u00e9s \u00e1tl\u00e1tsz\u00f3 folyad\u00e9k \u00e9des illattal<\/p>\n<p>Vizsg\u00e1lat:99%min<\/p>","protected":false},"featured_media":6433,"comment_status":"open","ping_status":"closed","template":"","meta":[],"product_brand":[],"product_cat":[69],"product_tag":[],"class_list":{"0":"post-4253","1":"product","2":"type-product","3":"status-publish","4":"has-post-thumbnail","6":"product_cat-catalysts-chemical-auxiliary-agents","8":"first","9":"instock","10":"shipping-taxable","11":"product-type-simple"},"yoast_head":"<!-- This site is optimized with the Yoast SEO plugin v25.3.1 - https:\/\/yoast.com\/wordpress\/plugins\/seo\/ -->\n<title>China Styrene oxide Manufacturer CAS 96-09-3 -Longchang Chemical<\/title>\n<meta name=\"description\" content=\"styrene oxide cas 96-09-3 is key product of Longchang Chemical. We provide best price. We are the leading manufacturer and supplier in China with the best quanlity and competitive price.\" \/>\n<meta name=\"robots\" content=\"index, follow, max-snippet:-1, max-image-preview:large, max-video-preview:-1\" \/>\n<link rel=\"canonical\" href=\"https:\/\/longchangchemical.com\/hu\/product\/styrene-oxide-cas-96-09-3\/\" \/>\n<meta property=\"og:locale\" content=\"hu_HU\" \/>\n<meta property=\"og:type\" content=\"article\" \/>\n<meta property=\"og:title\" content=\"China Styrene oxide Manufacturer CAS 96-09-3 -Longchang Chemical\" \/>\n<meta property=\"og:description\" content=\"styrene oxide cas 96-09-3 is key product of Longchang Chemical. We provide best price. We are the leading manufacturer and supplier in China with the best quanlity and competitive price.\" \/>\n<meta property=\"og:url\" content=\"https:\/\/longchangchemical.com\/hu\/product\/styrene-oxide-cas-96-09-3\/\" \/>\n<meta property=\"og:site_name\" content=\"Longchang Chemical\" \/>\n<meta property=\"article:modified_time\" content=\"2025-12-22T02:58:59+00:00\" \/>\n<meta property=\"og:image\" content=\"https:\/\/longchangchemical.com\/wp-content\/uploads\/2021\/01\/1-3.jpg\" \/>\n\t<meta property=\"og:image:width\" content=\"800\" \/>\n\t<meta property=\"og:image:height\" content=\"800\" \/>\n\t<meta property=\"og:image:type\" content=\"image\/jpeg\" \/>\n<meta name=\"twitter:card\" content=\"summary_large_image\" \/>\n<script type=\"application\/ld+json\" class=\"yoast-schema-graph\">{\"@context\":\"https:\/\/schema.org\",\"@graph\":[{\"@type\":\"WebPage\",\"@id\":\"https:\/\/longchangchemical.com\/product\/styrene-oxide-cas-96-09-3\/\",\"url\":\"https:\/\/longchangchemical.com\/product\/styrene-oxide-cas-96-09-3\/\",\"name\":\"China Styrene oxide Manufacturer CAS 96-09-3 -Longchang Chemical\",\"isPartOf\":{\"@id\":\"https:\/\/longchangchemical.com\/#website\"},\"primaryImageOfPage\":{\"@id\":\"https:\/\/longchangchemical.com\/product\/styrene-oxide-cas-96-09-3\/#primaryimage\"},\"image\":{\"@id\":\"https:\/\/longchangchemical.com\/product\/styrene-oxide-cas-96-09-3\/#primaryimage\"},\"thumbnailUrl\":\"https:\/\/longchangchemical.com\/wp-content\/uploads\/2021\/01\/1-3.jpg\",\"datePublished\":\"2024-01-12T02:45:15+00:00\",\"dateModified\":\"2025-12-22T02:58:59+00:00\",\"description\":\"styrene oxide cas 96-09-3 is key product of Longchang Chemical. We provide best price. We are the leading manufacturer and supplier in China with the best quanlity and competitive price.\",\"breadcrumb\":{\"@id\":\"https:\/\/longchangchemical.com\/product\/styrene-oxide-cas-96-09-3\/#breadcrumb\"},\"inLanguage\":\"hu\",\"potentialAction\":[{\"@type\":\"ReadAction\",\"target\":[\"https:\/\/longchangchemical.com\/product\/styrene-oxide-cas-96-09-3\/\"]}]},{\"@type\":\"ImageObject\",\"inLanguage\":\"hu\",\"@id\":\"https:\/\/longchangchemical.com\/product\/styrene-oxide-cas-96-09-3\/#primaryimage\",\"url\":\"https:\/\/longchangchemical.com\/wp-content\/uploads\/2021\/01\/1-3.jpg\",\"contentUrl\":\"https:\/\/longchangchemical.com\/wp-content\/uploads\/2021\/01\/1-3.jpg\",\"width\":800,\"height\":800,\"caption\":\"styrene oxide cas 96-09-3\"},{\"@type\":\"BreadcrumbList\",\"@id\":\"https:\/\/longchangchemical.com\/product\/styrene-oxide-cas-96-09-3\/#breadcrumb\",\"itemListElement\":[{\"@type\":\"ListItem\",\"position\":1,\"name\":\"Home\",\"item\":\"https:\/\/longchangchemical.com\/\"},{\"@type\":\"ListItem\",\"position\":2,\"name\":\"Products Longchang\",\"item\":\"https:\/\/longchangchemical.com\/product\/\"},{\"@type\":\"ListItem\",\"position\":3,\"name\":\"styrene oxide cas 96-09-3\"}]},{\"@type\":\"WebSite\",\"@id\":\"https:\/\/longchangchemical.com\/#website\",\"url\":\"https:\/\/longchangchemical.com\/\",\"name\":\"Longchang Chemical\",\"description\":\"China chemical manufacturer \uff06 supplier\",\"publisher\":{\"@id\":\"https:\/\/longchangchemical.com\/#organization\"},\"potentialAction\":[{\"@type\":\"SearchAction\",\"target\":{\"@type\":\"EntryPoint\",\"urlTemplate\":\"https:\/\/longchangchemical.com\/?s={search_term_string}\"},\"query-input\":{\"@type\":\"PropertyValueSpecification\",\"valueRequired\":true,\"valueName\":\"search_term_string\"}}],\"inLanguage\":\"hu\"},{\"@type\":\"Organization\",\"@id\":\"https:\/\/longchangchemical.com\/#organization\",\"name\":\"Longchang Chemical\",\"url\":\"https:\/\/longchangchemical.com\/\",\"logo\":{\"@type\":\"ImageObject\",\"inLanguage\":\"hu\",\"@id\":\"https:\/\/longchangchemical.com\/#\/schema\/logo\/image\/\",\"url\":\"https:\/\/longchangchemical.com\/wp-content\/uploads\/2020\/08\/cropped-longchang-logo.png\",\"contentUrl\":\"https:\/\/longchangchemical.com\/wp-content\/uploads\/2020\/08\/cropped-longchang-logo.png\",\"width\":512,\"height\":512,\"caption\":\"Longchang Chemical\"},\"image\":{\"@id\":\"https:\/\/longchangchemical.com\/#\/schema\/logo\/image\/\"}}]}<\/script>\n<!-- \/ Yoast SEO plugin. -->","yoast_head_json":{"title":"K\u00edna sztirol-oxid Gy\u00e1rt\u00f3 CAS 96-09-3 - Longchang Chemical","description":"a sztirol-oxid cas 96-09-3 a Longchang Chemical kulcsfontoss\u00e1g\u00fa term\u00e9ke. A legjobb \u00e1rat biztos\u00edtjuk. Mi vagyunk a vezet\u0151 gy\u00e1rt\u00f3 \u00e9s sz\u00e1ll\u00edt\u00f3 K\u00edn\u00e1ban a legjobb min\u0151s\u00e9ggel \u00e9s versenyk\u00e9pes \u00e1rral.","robots":{"index":"index","follow":"follow","max-snippet":"max-snippet:-1","max-image-preview":"max-image-preview:large","max-video-preview":"max-video-preview:-1"},"canonical":"https:\/\/longchangchemical.com\/hu\/product\/styrene-oxide-cas-96-09-3\/","og_locale":"hu_HU","og_type":"article","og_title":"China Styrene oxide Manufacturer CAS 96-09-3 -Longchang Chemical","og_description":"styrene oxide cas 96-09-3 is key product of Longchang Chemical. We provide best price. We are the leading manufacturer and supplier in China with the best quanlity and competitive price.","og_url":"https:\/\/longchangchemical.com\/hu\/product\/styrene-oxide-cas-96-09-3\/","og_site_name":"Longchang Chemical","article_modified_time":"2025-12-22T02:58:59+00:00","og_image":[{"width":800,"height":800,"url":"https:\/\/longchangchemical.com\/wp-content\/uploads\/2021\/01\/1-3.jpg","type":"image\/jpeg"}],"twitter_card":"summary_large_image","schema":{"@context":"https:\/\/schema.org","@graph":[{"@type":"WebPage","@id":"https:\/\/longchangchemical.com\/product\/styrene-oxide-cas-96-09-3\/","url":"https:\/\/longchangchemical.com\/product\/styrene-oxide-cas-96-09-3\/","name":"K\u00edna sztirol-oxid Gy\u00e1rt\u00f3 CAS 96-09-3 - Longchang Chemical","isPartOf":{"@id":"https:\/\/longchangchemical.com\/#website"},"primaryImageOfPage":{"@id":"https:\/\/longchangchemical.com\/product\/styrene-oxide-cas-96-09-3\/#primaryimage"},"image":{"@id":"https:\/\/longchangchemical.com\/product\/styrene-oxide-cas-96-09-3\/#primaryimage"},"thumbnailUrl":"https:\/\/longchangchemical.com\/wp-content\/uploads\/2021\/01\/1-3.jpg","datePublished":"2024-01-12T02:45:15+00:00","dateModified":"2025-12-22T02:58:59+00:00","description":"a sztirol-oxid cas 96-09-3 a Longchang Chemical kulcsfontoss\u00e1g\u00fa term\u00e9ke. A legjobb \u00e1rat biztos\u00edtjuk. Mi vagyunk a vezet\u0151 gy\u00e1rt\u00f3 \u00e9s sz\u00e1ll\u00edt\u00f3 K\u00edn\u00e1ban a legjobb min\u0151s\u00e9ggel \u00e9s versenyk\u00e9pes \u00e1rral.","breadcrumb":{"@id":"https:\/\/longchangchemical.com\/product\/styrene-oxide-cas-96-09-3\/#breadcrumb"},"inLanguage":"hu","potentialAction":[{"@type":"ReadAction","target":["https:\/\/longchangchemical.com\/product\/styrene-oxide-cas-96-09-3\/"]}]},{"@type":"ImageObject","inLanguage":"hu","@id":"https:\/\/longchangchemical.com\/product\/styrene-oxide-cas-96-09-3\/#primaryimage","url":"https:\/\/longchangchemical.com\/wp-content\/uploads\/2021\/01\/1-3.jpg","contentUrl":"https:\/\/longchangchemical.com\/wp-content\/uploads\/2021\/01\/1-3.jpg","width":800,"height":800,"caption":"styrene oxide cas 96-09-3"},{"@type":"BreadcrumbList","@id":"https:\/\/longchangchemical.com\/product\/styrene-oxide-cas-96-09-3\/#breadcrumb","itemListElement":[{"@type":"ListItem","position":1,"name":"Home","item":"https:\/\/longchangchemical.com\/"},{"@type":"ListItem","position":2,"name":"Products Longchang","item":"https:\/\/longchangchemical.com\/product\/"},{"@type":"ListItem","position":3,"name":"styrene oxide cas 96-09-3"}]},{"@type":"WebSite","@id":"https:\/\/longchangchemical.com\/#website","url":"https:\/\/longchangchemical.com\/","name":"Longchang Chemical","description":"K\u00edna k\u00e9miai gy\u00e1rt\u00f3 \uff06 sz\u00e1ll\u00edt\u00f3","publisher":{"@id":"https:\/\/longchangchemical.com\/#organization"},"potentialAction":[{"@type":"SearchAction","target":{"@type":"EntryPoint","urlTemplate":"https:\/\/longchangchemical.com\/?s={search_term_string}"},"query-input":{"@type":"PropertyValueSpecification","valueRequired":true,"valueName":"search_term_string"}}],"inLanguage":"hu"},{"@type":"Organization","@id":"https:\/\/longchangchemical.com\/#organization","name":"Longchang Chemical","url":"https:\/\/longchangchemical.com\/","logo":{"@type":"ImageObject","inLanguage":"hu","@id":"https:\/\/longchangchemical.com\/#\/schema\/logo\/image\/","url":"https:\/\/longchangchemical.com\/wp-content\/uploads\/2020\/08\/cropped-longchang-logo.png","contentUrl":"https:\/\/longchangchemical.com\/wp-content\/uploads\/2020\/08\/cropped-longchang-logo.png","width":512,"height":512,"caption":"Longchang Chemical"},"image":{"@id":"https:\/\/longchangchemical.com\/#\/schema\/logo\/image\/"}}]}},"_links":{"self":[{"href":"https:\/\/longchangchemical.com\/hu\/wp-json\/wp\/v2\/product\/4253","targetHints":{"allow":["GET"]}}],"collection":[{"href":"https:\/\/longchangchemical.com\/hu\/wp-json\/wp\/v2\/product"}],"about":[{"href":"https:\/\/longchangchemical.com\/hu\/wp-json\/wp\/v2\/types\/product"}],"replies":[{"embeddable":true,"href":"https:\/\/longchangchemical.com\/hu\/wp-json\/wp\/v2\/comments?post=4253"}],"wp:featuredmedia":[{"embeddable":true,"href":"https:\/\/longchangchemical.com\/hu\/wp-json\/wp\/v2\/media\/6433"}],"wp:attachment":[{"href":"https:\/\/longchangchemical.com\/hu\/wp-json\/wp\/v2\/media?parent=4253"}],"wp:term":[{"taxonomy":"product_brand","embeddable":true,"href":"https:\/\/longchangchemical.com\/hu\/wp-json\/wp\/v2\/product_brand?post=4253"},{"taxonomy":"product_cat","embeddable":true,"href":"https:\/\/longchangchemical.com\/hu\/wp-json\/wp\/v2\/product_cat?post=4253"},{"taxonomy":"product_tag","embeddable":true,"href":"https:\/\/longchangchemical.com\/hu\/wp-json\/wp\/v2\/product_tag?post=4253"}],"curies":[{"name":"wp","href":"https:\/\/api.w.org\/{rel}","templated":true}]}}