{"id":4248,"date":"2024-01-12T05:48:35","date_gmt":"2024-01-12T05:48:35","guid":{"rendered":"https:\/\/longchangchemical.com\/?post_type=product&#038;p=4248"},"modified":"2025-12-22T02:44:43","modified_gmt":"2025-12-22T02:44:43","slug":"2-thenaldehyde-cas-98-03-3","status":"publish","type":"product","link":"https:\/\/longchangchemical.com\/hu\/product\/2-thenaldehyde-cas-98-03-3\/","title":{"rendered":"2-tenaldehid cas 98-03-3"},"content":{"rendered":"<h2><strong>2-tenaldehidT\u00edpusos tulajdons\u00e1gok<\/strong><\/h2>\n<table class=\"table-1\" cellpadding=\"0\">\n<tbody>\n<tr align=\"left\">\n<td>T\u00e9telek<\/td>\n<td>Eredm\u00e9ny<\/td>\n<\/tr>\n<tr align=\"left\">\n<td>Megjelen\u00e9s<\/td>\n<td>Foly\u00e9kony<\/td>\n<\/tr>\n<tr align=\"left\">\n<td>Tartalom<\/td>\n<td>99.0%min<\/td>\n<\/tr>\n<tr align=\"left\">\n<td>Nedvess\u00e9g<\/td>\n<td>&lt;0.04%<\/td>\n<\/tr>\n<tr align=\"left\">\n<td>M\u00e1rka<\/td>\n<td>Terppon<\/td>\n<\/tr>\n<tr align=\"left\">\n<td>HeavyMetals<\/td>\n<td>&lt;0.002%<\/td>\n<\/tr>\n<\/tbody>\n<\/table>\n<h2><strong>2-tenaldehid felhaszn\u00e1l\u00e1sa<\/strong><\/h2>\n<p>A sz\u00e9les hat\u00e1sspektrum\u00fa f\u00e9reghajt\u00f3 piriazin \u00e9s a cefalosporin 1, 2 stb. gy\u00f3gyszer intermedierjek\u00e9nt haszn\u00e1lj\u00e1k.<\/p>\n<ol>\n<li><strong>\u00cdz- \u00e9s illatanyagipar:<\/strong> A 98-03-3 CAS-sz\u00e1m\u00fa 2-tenaldehidet gyakran haszn\u00e1lj\u00e1k az \u00edz- \u00e9s illatanyagiparban. Hozz\u00e1j\u00e1rul a k\u00fcl\u00f6nleges illatok \u00e9s arom\u00e1k kialak\u00edt\u00e1s\u00e1hoz, jellegzetes arom\u00e1t biztos\u00edtva.<\/li>\n<li><strong>\u00c9lelmiszeripar:<\/strong> Ezt a vegy\u00fcletet az \u00e9lelmiszeriparban alkalmazz\u00e1k. A 2-tenaldehidet \u00edzes\u00edt\u0151szerk\u00e9nt haszn\u00e1lj\u00e1k, amely fokozza bizonyos \u00e9lelmiszerek \u00edz\u00e9t.<\/li>\n<li><strong>K\u00e9miai szint\u00e9zis:<\/strong> A 2-tenaldehidet sz\u00e9les k\u00f6rben haszn\u00e1lj\u00e1k a k\u00e9miai szint\u00e9zisben. Kulcsfontoss\u00e1g\u00fa k\u00f6ztes term\u00e9kk\u00e9nt szolg\u00e1l k\u00fcl\u00f6nb\u00f6z\u0151 szerves vegy\u00fcletek, t\u00f6bbek k\u00f6z\u00f6tt gy\u00f3gyszerek, agrok\u00e9miai anyagok \u00e9s speci\u00e1lis vegyszerek el\u0151\u00e1ll\u00edt\u00e1s\u00e1hoz.<\/li>\n<li><strong>K\u00e9miai kutat\u00e1s:<\/strong> A k\u00e9miai kutat\u00e1si tev\u00e9kenys\u00e9gekben a 2-tenaldehidet k\u00fcl\u00f6nb\u00f6z\u0151 k\u00eds\u00e9rletekben \u00e9s elemz\u00e9sekben haszn\u00e1lj\u00e1k. Sokoldal\u00fas\u00e1ga miatt \u00e9rt\u00e9kes az \u00faj vegy\u00fcletek felfedez\u00e9s\u00e9ben \u00e9s fejleszt\u00e9s\u00e9ben.<\/li>\n<\/ol>\n<h2><strong>2-tenaldehid csomag<\/strong><\/h2>\n<p>20\/25kg\/zs\u00e1k\/dob<\/p>\n<h2><strong><b>L\u00e9pjen kapcsolatba vel\u00fcnk most!<\/b><\/strong><\/h2>\n<h4><strong><b>Ha COA, MSDS vagy TDS-re van sz\u00fcks\u00e9ge, k\u00e9rj\u00fck, t\u00f6ltse ki el\u00e9rhet\u0151s\u00e9g\u00e9t az al\u00e1bbi \u0171rlapon, \u00e1ltal\u00e1ban 24 \u00f3r\u00e1n bel\u00fcl felvessz\u00fck \u00d6nnel a kapcsolatot. \u00d6n is k\u00fcldhet nekem e-mailt <span style=\"color: #0000ff;\"><a style=\"color: #0000ff;\" href=\"mailto:info@longchangchemical.com\">info@longchangchemical.com<\/a><\/span> munkaid\u0151ben ( 8:30-18:00 UTC+8 H.-Szombat ) vagy haszn\u00e1lja a weboldal \u00e9l\u0151 chatj\u00e9t, hogy azonnali v\u00e1laszt kapjon.<\/b><\/strong><\/h4>","protected":false},"excerpt":{"rendered":"<h2><strong>2-tenaldehidGyors r\u00e9szletek<\/strong><\/h2>\n<p>K\u00e9miai n\u00e9v: 2-tenaldehid<\/p>\n<p>CAS: 98-03-3<\/p>\n<p>Molekul\u00e1ris k\u00e9plet:C5H4OS<\/p>\n<p>Molekulat\u00f6meg:112,15<\/p>\n<p>K\u00e9miai szerkezet:<img decoding=\"async\" title=\"2-tenaldehid szerkezet\" src=\"https:\/\/www.longchangchemical.com\/wp-content\/uploads\/product-details\/20200616157130.png\" alt=\"2-tenaldehid szerkezet\" width=\"74\" height=\"42\" border=\"0\" vspace=\"0\" \/><\/p>\n<p>Megjelen\u00e9s: \u00e1tl\u00e1tsz\u00f3 folyad\u00e9k<\/p>\n<p>Pr\u00f3ba: 99%<\/p>","protected":false},"featured_media":6438,"comment_status":"open","ping_status":"closed","template":"","meta":[],"product_brand":[],"product_cat":[69],"product_tag":[],"class_list":{"0":"post-4248","1":"product","2":"type-product","3":"status-publish","4":"has-post-thumbnail","6":"product_cat-catalysts-chemical-auxiliary-agents","8":"first","9":"instock","10":"shipping-taxable","11":"product-type-simple"},"yoast_head":"<!-- This site is optimized with the Yoast SEO plugin v25.3.1 - https:\/\/yoast.com\/wordpress\/plugins\/seo\/ -->\n<title>China 2-Thenaldehyde Manufacturer CAS 98-03-3 -Longchang Chemical<\/title>\n<meta name=\"description\" content=\"2-thenaldehyde cas 98-03-3 is key product of Longchang Chemical. We provide best price. We are the leading manufacturer and supplier in China with the best quanlity and competitive price.\" \/>\n<meta name=\"robots\" content=\"index, follow, max-snippet:-1, max-image-preview:large, max-video-preview:-1\" \/>\n<link rel=\"canonical\" href=\"https:\/\/longchangchemical.com\/hu\/product\/2-thenaldehyde-cas-98-03-3\/\" \/>\n<meta property=\"og:locale\" content=\"hu_HU\" \/>\n<meta property=\"og:type\" content=\"article\" \/>\n<meta property=\"og:title\" content=\"China 2-Thenaldehyde Manufacturer CAS 98-03-3 -Longchang Chemical\" \/>\n<meta property=\"og:description\" content=\"2-thenaldehyde cas 98-03-3 is key product of Longchang Chemical. We provide best price. We are the leading manufacturer and supplier in China with the best quanlity and competitive price.\" \/>\n<meta property=\"og:url\" content=\"https:\/\/longchangchemical.com\/hu\/product\/2-thenaldehyde-cas-98-03-3\/\" \/>\n<meta property=\"og:site_name\" content=\"Longchang Chemical\" \/>\n<meta property=\"article:modified_time\" content=\"2025-12-22T02:44:43+00:00\" \/>\n<meta property=\"og:image\" content=\"https:\/\/longchangchemical.com\/wp-content\/uploads\/2021\/01\/7-2.jpg\" \/>\n\t<meta property=\"og:image:width\" content=\"800\" \/>\n\t<meta property=\"og:image:height\" content=\"800\" \/>\n\t<meta property=\"og:image:type\" content=\"image\/jpeg\" \/>\n<meta name=\"twitter:card\" content=\"summary_large_image\" \/>\n<script type=\"application\/ld+json\" class=\"yoast-schema-graph\">{\"@context\":\"https:\/\/schema.org\",\"@graph\":[{\"@type\":\"WebPage\",\"@id\":\"https:\/\/longchangchemical.com\/product\/2-thenaldehyde-cas-98-03-3\/\",\"url\":\"https:\/\/longchangchemical.com\/product\/2-thenaldehyde-cas-98-03-3\/\",\"name\":\"China 2-Thenaldehyde Manufacturer CAS 98-03-3 -Longchang Chemical\",\"isPartOf\":{\"@id\":\"https:\/\/longchangchemical.com\/#website\"},\"primaryImageOfPage\":{\"@id\":\"https:\/\/longchangchemical.com\/product\/2-thenaldehyde-cas-98-03-3\/#primaryimage\"},\"image\":{\"@id\":\"https:\/\/longchangchemical.com\/product\/2-thenaldehyde-cas-98-03-3\/#primaryimage\"},\"thumbnailUrl\":\"https:\/\/longchangchemical.com\/wp-content\/uploads\/2021\/01\/7-2.jpg\",\"datePublished\":\"2024-01-12T05:48:35+00:00\",\"dateModified\":\"2025-12-22T02:44:43+00:00\",\"description\":\"2-thenaldehyde cas 98-03-3 is key product of Longchang Chemical. We provide best price. We are the leading manufacturer and supplier in China with the best quanlity and competitive price.\",\"breadcrumb\":{\"@id\":\"https:\/\/longchangchemical.com\/product\/2-thenaldehyde-cas-98-03-3\/#breadcrumb\"},\"inLanguage\":\"hu\",\"potentialAction\":[{\"@type\":\"ReadAction\",\"target\":[\"https:\/\/longchangchemical.com\/product\/2-thenaldehyde-cas-98-03-3\/\"]}]},{\"@type\":\"ImageObject\",\"inLanguage\":\"hu\",\"@id\":\"https:\/\/longchangchemical.com\/product\/2-thenaldehyde-cas-98-03-3\/#primaryimage\",\"url\":\"https:\/\/longchangchemical.com\/wp-content\/uploads\/2021\/01\/7-2.jpg\",\"contentUrl\":\"https:\/\/longchangchemical.com\/wp-content\/uploads\/2021\/01\/7-2.jpg\",\"width\":800,\"height\":800,\"caption\":\"2-thenaldehyde cas 98-03-3\"},{\"@type\":\"BreadcrumbList\",\"@id\":\"https:\/\/longchangchemical.com\/product\/2-thenaldehyde-cas-98-03-3\/#breadcrumb\",\"itemListElement\":[{\"@type\":\"ListItem\",\"position\":1,\"name\":\"Home\",\"item\":\"https:\/\/longchangchemical.com\/\"},{\"@type\":\"ListItem\",\"position\":2,\"name\":\"Products Longchang\",\"item\":\"https:\/\/longchangchemical.com\/product\/\"},{\"@type\":\"ListItem\",\"position\":3,\"name\":\"2-thenaldehyde cas 98-03-3\"}]},{\"@type\":\"WebSite\",\"@id\":\"https:\/\/longchangchemical.com\/#website\",\"url\":\"https:\/\/longchangchemical.com\/\",\"name\":\"Longchang Chemical\",\"description\":\"China chemical manufacturer \uff06 supplier\",\"publisher\":{\"@id\":\"https:\/\/longchangchemical.com\/#organization\"},\"potentialAction\":[{\"@type\":\"SearchAction\",\"target\":{\"@type\":\"EntryPoint\",\"urlTemplate\":\"https:\/\/longchangchemical.com\/?s={search_term_string}\"},\"query-input\":{\"@type\":\"PropertyValueSpecification\",\"valueRequired\":true,\"valueName\":\"search_term_string\"}}],\"inLanguage\":\"hu\"},{\"@type\":\"Organization\",\"@id\":\"https:\/\/longchangchemical.com\/#organization\",\"name\":\"Longchang Chemical\",\"url\":\"https:\/\/longchangchemical.com\/\",\"logo\":{\"@type\":\"ImageObject\",\"inLanguage\":\"hu\",\"@id\":\"https:\/\/longchangchemical.com\/#\/schema\/logo\/image\/\",\"url\":\"https:\/\/longchangchemical.com\/wp-content\/uploads\/2020\/08\/cropped-longchang-logo.png\",\"contentUrl\":\"https:\/\/longchangchemical.com\/wp-content\/uploads\/2020\/08\/cropped-longchang-logo.png\",\"width\":512,\"height\":512,\"caption\":\"Longchang Chemical\"},\"image\":{\"@id\":\"https:\/\/longchangchemical.com\/#\/schema\/logo\/image\/\"}}]}<\/script>\n<!-- \/ Yoast SEO plugin. -->","yoast_head_json":{"title":"K\u00edna 2-Thenaldehid gy\u00e1rt\u00f3 CAS 98-03-3 - Longchang Chemical","description":"A 2-tenaldehid cas 98-03-3 a Longchang Chemical kulcsfontoss\u00e1g\u00fa term\u00e9ke. A legjobb \u00e1rat biztos\u00edtjuk. Mi vagyunk a vezet\u0151 gy\u00e1rt\u00f3 \u00e9s sz\u00e1ll\u00edt\u00f3 K\u00edn\u00e1ban a legjobb min\u0151s\u00e9ggel \u00e9s versenyk\u00e9pes \u00e1rral.","robots":{"index":"index","follow":"follow","max-snippet":"max-snippet:-1","max-image-preview":"max-image-preview:large","max-video-preview":"max-video-preview:-1"},"canonical":"https:\/\/longchangchemical.com\/hu\/product\/2-thenaldehyde-cas-98-03-3\/","og_locale":"hu_HU","og_type":"article","og_title":"China 2-Thenaldehyde Manufacturer CAS 98-03-3 -Longchang Chemical","og_description":"2-thenaldehyde cas 98-03-3 is key product of Longchang Chemical. We provide best price. We are the leading manufacturer and supplier in China with the best quanlity and competitive price.","og_url":"https:\/\/longchangchemical.com\/hu\/product\/2-thenaldehyde-cas-98-03-3\/","og_site_name":"Longchang Chemical","article_modified_time":"2025-12-22T02:44:43+00:00","og_image":[{"width":800,"height":800,"url":"https:\/\/longchangchemical.com\/wp-content\/uploads\/2021\/01\/7-2.jpg","type":"image\/jpeg"}],"twitter_card":"summary_large_image","schema":{"@context":"https:\/\/schema.org","@graph":[{"@type":"WebPage","@id":"https:\/\/longchangchemical.com\/product\/2-thenaldehyde-cas-98-03-3\/","url":"https:\/\/longchangchemical.com\/product\/2-thenaldehyde-cas-98-03-3\/","name":"K\u00edna 2-Thenaldehid gy\u00e1rt\u00f3 CAS 98-03-3 - Longchang Chemical","isPartOf":{"@id":"https:\/\/longchangchemical.com\/#website"},"primaryImageOfPage":{"@id":"https:\/\/longchangchemical.com\/product\/2-thenaldehyde-cas-98-03-3\/#primaryimage"},"image":{"@id":"https:\/\/longchangchemical.com\/product\/2-thenaldehyde-cas-98-03-3\/#primaryimage"},"thumbnailUrl":"https:\/\/longchangchemical.com\/wp-content\/uploads\/2021\/01\/7-2.jpg","datePublished":"2024-01-12T05:48:35+00:00","dateModified":"2025-12-22T02:44:43+00:00","description":"A 2-tenaldehid cas 98-03-3 a Longchang Chemical kulcsfontoss\u00e1g\u00fa term\u00e9ke. A legjobb \u00e1rat biztos\u00edtjuk. Mi vagyunk a vezet\u0151 gy\u00e1rt\u00f3 \u00e9s sz\u00e1ll\u00edt\u00f3 K\u00edn\u00e1ban a legjobb min\u0151s\u00e9ggel \u00e9s versenyk\u00e9pes \u00e1rral.","breadcrumb":{"@id":"https:\/\/longchangchemical.com\/product\/2-thenaldehyde-cas-98-03-3\/#breadcrumb"},"inLanguage":"hu","potentialAction":[{"@type":"ReadAction","target":["https:\/\/longchangchemical.com\/product\/2-thenaldehyde-cas-98-03-3\/"]}]},{"@type":"ImageObject","inLanguage":"hu","@id":"https:\/\/longchangchemical.com\/product\/2-thenaldehyde-cas-98-03-3\/#primaryimage","url":"https:\/\/longchangchemical.com\/wp-content\/uploads\/2021\/01\/7-2.jpg","contentUrl":"https:\/\/longchangchemical.com\/wp-content\/uploads\/2021\/01\/7-2.jpg","width":800,"height":800,"caption":"2-thenaldehyde cas 98-03-3"},{"@type":"BreadcrumbList","@id":"https:\/\/longchangchemical.com\/product\/2-thenaldehyde-cas-98-03-3\/#breadcrumb","itemListElement":[{"@type":"ListItem","position":1,"name":"Home","item":"https:\/\/longchangchemical.com\/"},{"@type":"ListItem","position":2,"name":"Products Longchang","item":"https:\/\/longchangchemical.com\/product\/"},{"@type":"ListItem","position":3,"name":"2-thenaldehyde cas 98-03-3"}]},{"@type":"WebSite","@id":"https:\/\/longchangchemical.com\/#website","url":"https:\/\/longchangchemical.com\/","name":"Longchang Chemical","description":"K\u00edna k\u00e9miai gy\u00e1rt\u00f3 \uff06 sz\u00e1ll\u00edt\u00f3","publisher":{"@id":"https:\/\/longchangchemical.com\/#organization"},"potentialAction":[{"@type":"SearchAction","target":{"@type":"EntryPoint","urlTemplate":"https:\/\/longchangchemical.com\/?s={search_term_string}"},"query-input":{"@type":"PropertyValueSpecification","valueRequired":true,"valueName":"search_term_string"}}],"inLanguage":"hu"},{"@type":"Organization","@id":"https:\/\/longchangchemical.com\/#organization","name":"Longchang Chemical","url":"https:\/\/longchangchemical.com\/","logo":{"@type":"ImageObject","inLanguage":"hu","@id":"https:\/\/longchangchemical.com\/#\/schema\/logo\/image\/","url":"https:\/\/longchangchemical.com\/wp-content\/uploads\/2020\/08\/cropped-longchang-logo.png","contentUrl":"https:\/\/longchangchemical.com\/wp-content\/uploads\/2020\/08\/cropped-longchang-logo.png","width":512,"height":512,"caption":"Longchang Chemical"},"image":{"@id":"https:\/\/longchangchemical.com\/#\/schema\/logo\/image\/"}}]}},"_links":{"self":[{"href":"https:\/\/longchangchemical.com\/hu\/wp-json\/wp\/v2\/product\/4248","targetHints":{"allow":["GET"]}}],"collection":[{"href":"https:\/\/longchangchemical.com\/hu\/wp-json\/wp\/v2\/product"}],"about":[{"href":"https:\/\/longchangchemical.com\/hu\/wp-json\/wp\/v2\/types\/product"}],"replies":[{"embeddable":true,"href":"https:\/\/longchangchemical.com\/hu\/wp-json\/wp\/v2\/comments?post=4248"}],"wp:featuredmedia":[{"embeddable":true,"href":"https:\/\/longchangchemical.com\/hu\/wp-json\/wp\/v2\/media\/6438"}],"wp:attachment":[{"href":"https:\/\/longchangchemical.com\/hu\/wp-json\/wp\/v2\/media?parent=4248"}],"wp:term":[{"taxonomy":"product_brand","embeddable":true,"href":"https:\/\/longchangchemical.com\/hu\/wp-json\/wp\/v2\/product_brand?post=4248"},{"taxonomy":"product_cat","embeddable":true,"href":"https:\/\/longchangchemical.com\/hu\/wp-json\/wp\/v2\/product_cat?post=4248"},{"taxonomy":"product_tag","embeddable":true,"href":"https:\/\/longchangchemical.com\/hu\/wp-json\/wp\/v2\/product_tag?post=4248"}],"curies":[{"name":"wp","href":"https:\/\/api.w.org\/{rel}","templated":true}]}}