{"id":4246,"date":"2024-01-12T05:56:11","date_gmt":"2024-01-12T05:56:11","guid":{"rendered":"https:\/\/longchangchemical.com\/?post_type=product&#038;p=4246"},"modified":"2024-04-28T03:17:39","modified_gmt":"2024-04-28T03:17:39","slug":"cas-98231-71-1","status":"publish","type":"product","link":"https:\/\/longchangchemical.com\/hu\/product\/cas-98231-71-1\/","title":{"rendered":"2-[2-(2-kl\u00f3r-etil)szulfonil]etoxietanamin-hidroklorid cas 98231-71-1"},"content":{"rendered":"<h2>2-[2-(2-kl\u00f3r-etil)szulfonil]etoxietanamin-hidroklorid cas 98231-71-1<\/h2>\n<table class=\"table-1\" cellspacing=\"0\">\n<tbody>\n<tr>\n<td>Megjelen\u00e9s<\/td>\n<td>Sz\u00edntelen vagy s\u00e1rg\u00e1s olajos folyad\u00e9k<\/td>\n<td>Megfelel<\/td>\n<\/tr>\n<tr>\n<td>Tisztas\u00e1g<\/td>\n<td>\u226599%<\/td>\n<td>99.14%<\/td>\n<\/tr>\n<tr>\n<td>Neh\u00e9zf\u00e9mtartalom (Pb) (mg\/kg)<\/td>\n<td>\u226410<\/td>\n<td>Nem \u00e9szlelt<\/td>\n<\/tr>\n<tr>\n<td>K\u00f6vetkeztet\u00e9s<\/td>\n<td colspan=\"2\">K\u00e9pzett<\/td>\n<\/tr>\n<\/tbody>\n<\/table>\n<h2><strong>CAS 98231-71-1 Haszn\u00e1lat<\/strong><\/h2>\n<p>A 2-[2-[2-(2-kl\u00f3retil)szulfonil]etoxietanamin-hidroklorid szerves reagensek szintetikus szerves old\u00f3szere.<\/p>\n<ol>\n<li><strong>K\u00e9miai szint\u00e9zis:<\/strong> A 98231-71-1 CAS-sz\u00e1m\u00fa 2-[2-(2-kl\u00f3retil)szulfonil]etoxietanamin-hidrokloridot sz\u00e9les k\u00f6rben haszn\u00e1lj\u00e1k a k\u00e9miai szint\u00e9zisben. K\u00fcl\u00f6nb\u00f6z\u0151 szerves vegy\u00fcletek, k\u00f6zt\u00fck gy\u00f3gyszerek, agrok\u00e9miai anyagok \u00e9s speci\u00e1lis vegyszerek el\u0151\u00e1ll\u00edt\u00e1s\u00e1ban kulcsfontoss\u00e1g\u00fa k\u00f6ztes term\u00e9kk\u00e9nt szolg\u00e1l.<\/li>\n<li><strong>Gy\u00f3gyszeripari intermedierek:<\/strong> Ezt a vegy\u00fcletet gy\u00f3gyszeripari k\u00f6ztes term\u00e9kk\u00e9nt alkalmazz\u00e1k. A 2-[2-[2-(2-kl\u00f3retil)szulfonil]etoxietanamin-hidrokloridot bizonyos gy\u00f3gyszerek \u00e9s gy\u00f3gyszeripari term\u00e9kek szint\u00e9zis\u00e9ben haszn\u00e1lj\u00e1k, \u00e9s d\u00f6nt\u0151 szerepet j\u00e1tszik a gy\u00f3gyszerk\u00e9mi\u00e1ban.<\/li>\n<li><strong>K\u00e9miai kutat\u00e1s:<\/strong> A k\u00e9miai kutat\u00e1si tev\u00e9kenys\u00e9gekben a 2-[2-[2-(2-kl\u00f3retil)szulfonil]etoxietanamin-hidrokloridot k\u00fcl\u00f6nb\u00f6z\u0151 k\u00eds\u00e9rletekhez \u00e9s elemz\u00e9sekhez haszn\u00e1lj\u00e1k. Tulajdons\u00e1gai miatt \u00e9rt\u00e9kes az \u00faj vegy\u00fcletek felfedez\u00e9s\u00e9ben \u00e9s fejleszt\u00e9s\u00e9ben.<\/li>\n<\/ol>\n<h2><strong>CAS 98231-71-1 Csomagol\u00e1s \u00e9s sz\u00e1ll\u00edt\u00e1s<\/strong><\/h2>\n<p>Csomagol\u00e1s: 200kg\/dob<\/p>\n<p>Sz\u00e1ll\u00edt\u00e1s: tengeri, l\u00e9gi \u00e9s fut\u00e1rszolg\u00e1lattal<\/p>\n<p><strong>CAS 98231-71-1 T\u00e1rol\u00e1s<\/strong><\/p>\n<p>Alacsony h\u0151m\u00e9rs\u00e9klet\u0171 szell\u0151ztet\u00e9s \u00e9s sz\u00e1r\u00edt\u00e1s a rakt\u00e1rban.<\/p>\n<h2><strong><b>L\u00e9pjen kapcsolatba vel\u00fcnk most!<\/b><\/strong><\/h2>\n<h4><strong><b>Ha COA, MSDS vagy TDS-re van sz\u00fcks\u00e9ge, k\u00e9rj\u00fck, t\u00f6ltse ki el\u00e9rhet\u0151s\u00e9g\u00e9t az al\u00e1bbi \u0171rlapon, \u00e1ltal\u00e1ban 24 \u00f3r\u00e1n bel\u00fcl felvessz\u00fck \u00d6nnel a kapcsolatot. \u00d6n is k\u00fcldhet nekem e-mailt <span style=\"color: #0000ff;\"><a style=\"color: #0000ff;\" href=\"mailto:info@longchangchemical.com\">info@longchangchemical.com<\/a><\/span> munkaid\u0151ben ( 8:30-18:00 UTC+8 H.-Szombat ) vagy haszn\u00e1lja a weboldal \u00e9l\u0151 chatj\u00e9t, hogy azonnali v\u00e1laszt kapjon.<\/b><\/strong><\/h4>","protected":false},"excerpt":{"rendered":"<p>K\u00e9miai n\u00e9v: 2-[2-[2-(2-kl\u00f3retil)szulfonil]etoxietanamin-hidroklorid<\/p>\n<p>CAS-sz\u00e1m: 98231-71-1<\/p>\n<p>Molekul\u00e1ris fomula: ClH<\/p>\n<p>K\u00e9miai szerkezet:<img decoding=\"async\" title=\"2-[2-(2-kl\u00f3retil)szulfonil]etoxietanamin-hidroklorid CAS 98231-71-1\" src=\"https:\/\/www.longchangchemical.com\/wp-content\/uploads\/product-details\/20200612232986.png\" alt=\"2-[2-(2-kl\u00f3retil)szulfonil]etoxietanamin-hidroklorid CAS 98231-71-1\" \/><\/p>\n<p>Molekulat\u00f6meg: 252,16<\/p>\n<p>Megjelen\u00e9s: Sz\u00edntelen, \u00e1tl\u00e1tsz\u00f3 folyad\u00e9k<\/p>\n<p>Pr\u00f3ba: 99%<\/p>","protected":false},"featured_media":6440,"comment_status":"open","ping_status":"closed","template":"","meta":[],"product_brand":[],"product_cat":[69],"product_tag":[],"class_list":{"0":"post-4246","1":"product","2":"type-product","3":"status-publish","4":"has-post-thumbnail","6":"product_cat-catalysts-chemical-auxiliary-agents","8":"first","9":"instock","10":"shipping-taxable","11":"product-type-simple"},"yoast_head":"<!-- This site is optimized with the Yoast SEO plugin v25.3.1 - https:\/\/yoast.com\/wordpress\/plugins\/seo\/ -->\n<title>China 2-[2-(2-Chloroethl)sulfonyl]ethoxyethanamine hydrochloride Manufacturer CAS 98231-71-1 -Longchang Chemical<\/title>\n<meta name=\"description\" content=\"2-[2-(2-chloroethl)sulfonyl]ethoxyethanamine hydrochloride cas 98231-71-1 is key product of Longchang Chemical. We provide best price. We are the leading manufacturer and supplier in China with the best quanlity and competitive price.\" \/>\n<meta name=\"robots\" content=\"index, follow, max-snippet:-1, max-image-preview:large, max-video-preview:-1\" \/>\n<link rel=\"canonical\" href=\"https:\/\/longchangchemical.com\/hu\/product\/cas-98231-71-1\/\" \/>\n<meta property=\"og:locale\" content=\"hu_HU\" \/>\n<meta property=\"og:type\" content=\"article\" \/>\n<meta property=\"og:title\" content=\"China 2-[2-(2-Chloroethl)sulfonyl]ethoxyethanamine hydrochloride Manufacturer CAS 98231-71-1 -Longchang Chemical\" \/>\n<meta property=\"og:description\" content=\"2-[2-(2-chloroethl)sulfonyl]ethoxyethanamine hydrochloride cas 98231-71-1 is key product of Longchang Chemical. We provide best price. We are the leading manufacturer and supplier in China with the best quanlity and competitive price.\" \/>\n<meta property=\"og:url\" content=\"https:\/\/longchangchemical.com\/hu\/product\/cas-98231-71-1\/\" \/>\n<meta property=\"og:site_name\" content=\"Longchang Chemical\" \/>\n<meta property=\"article:modified_time\" content=\"2024-04-28T03:17:39+00:00\" \/>\n<meta property=\"og:image\" content=\"https:\/\/longchangchemical.com\/wp-content\/uploads\/2021\/01\/4-2.jpg\" \/>\n\t<meta property=\"og:image:width\" content=\"800\" \/>\n\t<meta property=\"og:image:height\" content=\"800\" \/>\n\t<meta property=\"og:image:type\" content=\"image\/jpeg\" \/>\n<meta name=\"twitter:card\" content=\"summary_large_image\" \/>\n<script type=\"application\/ld+json\" class=\"yoast-schema-graph\">{\"@context\":\"https:\/\/schema.org\",\"@graph\":[{\"@type\":\"WebPage\",\"@id\":\"https:\/\/longchangchemical.com\/product\/cas-98231-71-1\/\",\"url\":\"https:\/\/longchangchemical.com\/product\/cas-98231-71-1\/\",\"name\":\"China 2-[2-(2-Chloroethl)sulfonyl]ethoxyethanamine hydrochloride Manufacturer CAS 98231-71-1 -Longchang Chemical\",\"isPartOf\":{\"@id\":\"https:\/\/longchangchemical.com\/#website\"},\"primaryImageOfPage\":{\"@id\":\"https:\/\/longchangchemical.com\/product\/cas-98231-71-1\/#primaryimage\"},\"image\":{\"@id\":\"https:\/\/longchangchemical.com\/product\/cas-98231-71-1\/#primaryimage\"},\"thumbnailUrl\":\"https:\/\/longchangchemical.com\/wp-content\/uploads\/2021\/01\/4-2.jpg\",\"datePublished\":\"2024-01-12T05:56:11+00:00\",\"dateModified\":\"2024-04-28T03:17:39+00:00\",\"description\":\"2-[2-(2-chloroethl)sulfonyl]ethoxyethanamine hydrochloride cas 98231-71-1 is key product of Longchang Chemical. We provide best price. We are the leading manufacturer and supplier in China with the best quanlity and competitive price.\",\"breadcrumb\":{\"@id\":\"https:\/\/longchangchemical.com\/product\/cas-98231-71-1\/#breadcrumb\"},\"inLanguage\":\"hu\",\"potentialAction\":[{\"@type\":\"ReadAction\",\"target\":[\"https:\/\/longchangchemical.com\/product\/cas-98231-71-1\/\"]}]},{\"@type\":\"ImageObject\",\"inLanguage\":\"hu\",\"@id\":\"https:\/\/longchangchemical.com\/product\/cas-98231-71-1\/#primaryimage\",\"url\":\"https:\/\/longchangchemical.com\/wp-content\/uploads\/2021\/01\/4-2.jpg\",\"contentUrl\":\"https:\/\/longchangchemical.com\/wp-content\/uploads\/2021\/01\/4-2.jpg\",\"width\":800,\"height\":800,\"caption\":\"2-[2-(2-chloroethl)sulfonyl]ethoxyethanamine hydrochloride cas 98231-71-1\"},{\"@type\":\"BreadcrumbList\",\"@id\":\"https:\/\/longchangchemical.com\/product\/cas-98231-71-1\/#breadcrumb\",\"itemListElement\":[{\"@type\":\"ListItem\",\"position\":1,\"name\":\"Home\",\"item\":\"https:\/\/longchangchemical.com\/\"},{\"@type\":\"ListItem\",\"position\":2,\"name\":\"Products Longchang\",\"item\":\"https:\/\/longchangchemical.com\/product\/\"},{\"@type\":\"ListItem\",\"position\":3,\"name\":\"2-[2-(2-chloroethl)sulfonyl]ethoxyethanamine hydrochloride cas 98231-71-1\"}]},{\"@type\":\"WebSite\",\"@id\":\"https:\/\/longchangchemical.com\/#website\",\"url\":\"https:\/\/longchangchemical.com\/\",\"name\":\"Longchang Chemical\",\"description\":\"China chemical manufacturer \uff06 supplier\",\"publisher\":{\"@id\":\"https:\/\/longchangchemical.com\/#organization\"},\"potentialAction\":[{\"@type\":\"SearchAction\",\"target\":{\"@type\":\"EntryPoint\",\"urlTemplate\":\"https:\/\/longchangchemical.com\/?s={search_term_string}\"},\"query-input\":{\"@type\":\"PropertyValueSpecification\",\"valueRequired\":true,\"valueName\":\"search_term_string\"}}],\"inLanguage\":\"hu\"},{\"@type\":\"Organization\",\"@id\":\"https:\/\/longchangchemical.com\/#organization\",\"name\":\"Longchang Chemical\",\"url\":\"https:\/\/longchangchemical.com\/\",\"logo\":{\"@type\":\"ImageObject\",\"inLanguage\":\"hu\",\"@id\":\"https:\/\/longchangchemical.com\/#\/schema\/logo\/image\/\",\"url\":\"https:\/\/longchangchemical.com\/wp-content\/uploads\/2020\/08\/cropped-longchang-logo.png\",\"contentUrl\":\"https:\/\/longchangchemical.com\/wp-content\/uploads\/2020\/08\/cropped-longchang-logo.png\",\"width\":512,\"height\":512,\"caption\":\"Longchang Chemical\"},\"image\":{\"@id\":\"https:\/\/longchangchemical.com\/#\/schema\/logo\/image\/\"}}]}<\/script>\n<!-- \/ Yoast SEO plugin. -->","yoast_head_json":{"title":"K\u00edna 2-[2-[2-(2-kl\u00f3retil)szulfonil]etoxietanamin-hidroklorid gy\u00e1rt\u00f3 CAS 98231-71-1 - Longchang Chemical","description":"2-[2-(2-kl\u00f3r-etil)szulfonil]etoxietanamin-hidroklorid cas 98231-71-1 a Longchang Chemical kulcsfontoss\u00e1g\u00fa term\u00e9ke. A legjobb \u00e1rat biztos\u00edtjuk. Mi vagyunk a vezet\u0151 gy\u00e1rt\u00f3 \u00e9s sz\u00e1ll\u00edt\u00f3 K\u00edn\u00e1ban a legjobb min\u0151s\u00e9ggel \u00e9s versenyk\u00e9pes \u00e1rral.","robots":{"index":"index","follow":"follow","max-snippet":"max-snippet:-1","max-image-preview":"max-image-preview:large","max-video-preview":"max-video-preview:-1"},"canonical":"https:\/\/longchangchemical.com\/hu\/product\/cas-98231-71-1\/","og_locale":"hu_HU","og_type":"article","og_title":"China 2-[2-(2-Chloroethl)sulfonyl]ethoxyethanamine hydrochloride Manufacturer CAS 98231-71-1 -Longchang Chemical","og_description":"2-[2-(2-chloroethl)sulfonyl]ethoxyethanamine hydrochloride cas 98231-71-1 is key product of Longchang Chemical. We provide best price. We are the leading manufacturer and supplier in China with the best quanlity and competitive price.","og_url":"https:\/\/longchangchemical.com\/hu\/product\/cas-98231-71-1\/","og_site_name":"Longchang Chemical","article_modified_time":"2024-04-28T03:17:39+00:00","og_image":[{"width":800,"height":800,"url":"https:\/\/longchangchemical.com\/wp-content\/uploads\/2021\/01\/4-2.jpg","type":"image\/jpeg"}],"twitter_card":"summary_large_image","schema":{"@context":"https:\/\/schema.org","@graph":[{"@type":"WebPage","@id":"https:\/\/longchangchemical.com\/product\/cas-98231-71-1\/","url":"https:\/\/longchangchemical.com\/product\/cas-98231-71-1\/","name":"K\u00edna 2-[2-[2-(2-kl\u00f3retil)szulfonil]etoxietanamin-hidroklorid gy\u00e1rt\u00f3 CAS 98231-71-1 - Longchang Chemical","isPartOf":{"@id":"https:\/\/longchangchemical.com\/#website"},"primaryImageOfPage":{"@id":"https:\/\/longchangchemical.com\/product\/cas-98231-71-1\/#primaryimage"},"image":{"@id":"https:\/\/longchangchemical.com\/product\/cas-98231-71-1\/#primaryimage"},"thumbnailUrl":"https:\/\/longchangchemical.com\/wp-content\/uploads\/2021\/01\/4-2.jpg","datePublished":"2024-01-12T05:56:11+00:00","dateModified":"2024-04-28T03:17:39+00:00","description":"2-[2-(2-kl\u00f3r-etil)szulfonil]etoxietanamin-hidroklorid cas 98231-71-1 a Longchang Chemical kulcsfontoss\u00e1g\u00fa term\u00e9ke. A legjobb \u00e1rat biztos\u00edtjuk. Mi vagyunk a vezet\u0151 gy\u00e1rt\u00f3 \u00e9s sz\u00e1ll\u00edt\u00f3 K\u00edn\u00e1ban a legjobb min\u0151s\u00e9ggel \u00e9s versenyk\u00e9pes \u00e1rral.","breadcrumb":{"@id":"https:\/\/longchangchemical.com\/product\/cas-98231-71-1\/#breadcrumb"},"inLanguage":"hu","potentialAction":[{"@type":"ReadAction","target":["https:\/\/longchangchemical.com\/product\/cas-98231-71-1\/"]}]},{"@type":"ImageObject","inLanguage":"hu","@id":"https:\/\/longchangchemical.com\/product\/cas-98231-71-1\/#primaryimage","url":"https:\/\/longchangchemical.com\/wp-content\/uploads\/2021\/01\/4-2.jpg","contentUrl":"https:\/\/longchangchemical.com\/wp-content\/uploads\/2021\/01\/4-2.jpg","width":800,"height":800,"caption":"2-[2-(2-chloroethl)sulfonyl]ethoxyethanamine hydrochloride cas 98231-71-1"},{"@type":"BreadcrumbList","@id":"https:\/\/longchangchemical.com\/product\/cas-98231-71-1\/#breadcrumb","itemListElement":[{"@type":"ListItem","position":1,"name":"Home","item":"https:\/\/longchangchemical.com\/"},{"@type":"ListItem","position":2,"name":"Products Longchang","item":"https:\/\/longchangchemical.com\/product\/"},{"@type":"ListItem","position":3,"name":"2-[2-(2-chloroethl)sulfonyl]ethoxyethanamine hydrochloride cas 98231-71-1"}]},{"@type":"WebSite","@id":"https:\/\/longchangchemical.com\/#website","url":"https:\/\/longchangchemical.com\/","name":"Longchang Chemical","description":"K\u00edna k\u00e9miai gy\u00e1rt\u00f3 \uff06 sz\u00e1ll\u00edt\u00f3","publisher":{"@id":"https:\/\/longchangchemical.com\/#organization"},"potentialAction":[{"@type":"SearchAction","target":{"@type":"EntryPoint","urlTemplate":"https:\/\/longchangchemical.com\/?s={search_term_string}"},"query-input":{"@type":"PropertyValueSpecification","valueRequired":true,"valueName":"search_term_string"}}],"inLanguage":"hu"},{"@type":"Organization","@id":"https:\/\/longchangchemical.com\/#organization","name":"Longchang Chemical","url":"https:\/\/longchangchemical.com\/","logo":{"@type":"ImageObject","inLanguage":"hu","@id":"https:\/\/longchangchemical.com\/#\/schema\/logo\/image\/","url":"https:\/\/longchangchemical.com\/wp-content\/uploads\/2020\/08\/cropped-longchang-logo.png","contentUrl":"https:\/\/longchangchemical.com\/wp-content\/uploads\/2020\/08\/cropped-longchang-logo.png","width":512,"height":512,"caption":"Longchang Chemical"},"image":{"@id":"https:\/\/longchangchemical.com\/#\/schema\/logo\/image\/"}}]}},"_links":{"self":[{"href":"https:\/\/longchangchemical.com\/hu\/wp-json\/wp\/v2\/product\/4246","targetHints":{"allow":["GET"]}}],"collection":[{"href":"https:\/\/longchangchemical.com\/hu\/wp-json\/wp\/v2\/product"}],"about":[{"href":"https:\/\/longchangchemical.com\/hu\/wp-json\/wp\/v2\/types\/product"}],"replies":[{"embeddable":true,"href":"https:\/\/longchangchemical.com\/hu\/wp-json\/wp\/v2\/comments?post=4246"}],"wp:featuredmedia":[{"embeddable":true,"href":"https:\/\/longchangchemical.com\/hu\/wp-json\/wp\/v2\/media\/6440"}],"wp:attachment":[{"href":"https:\/\/longchangchemical.com\/hu\/wp-json\/wp\/v2\/media?parent=4246"}],"wp:term":[{"taxonomy":"product_brand","embeddable":true,"href":"https:\/\/longchangchemical.com\/hu\/wp-json\/wp\/v2\/product_brand?post=4246"},{"taxonomy":"product_cat","embeddable":true,"href":"https:\/\/longchangchemical.com\/hu\/wp-json\/wp\/v2\/product_cat?post=4246"},{"taxonomy":"product_tag","embeddable":true,"href":"https:\/\/longchangchemical.com\/hu\/wp-json\/wp\/v2\/product_tag?post=4246"}],"curies":[{"name":"wp","href":"https:\/\/api.w.org\/{rel}","templated":true}]}}