{"id":4245,"date":"2024-01-12T06:00:01","date_gmt":"2024-01-12T06:00:01","guid":{"rendered":"https:\/\/longchangchemical.com\/?post_type=product&#038;p=4245"},"modified":"2025-12-22T02:31:37","modified_gmt":"2025-12-22T02:31:37","slug":"4-tert-butylphenol-cas-98-54-4","status":"publish","type":"product","link":"https:\/\/longchangchemical.com\/hu\/product\/4-tert-butylphenol-cas-98-54-4\/","title":{"rendered":"4-tert-butil-fenol cas 98-54-4"},"content":{"rendered":"<h2><strong>4-tert-butilfenolT\u00edpusos tulajdons\u00e1gok<\/strong><\/h2>\n<table class=\"table-1\" cellspacing=\"0\">\n<tbody>\n<tr>\n<td><strong>T\u00e9tel<\/strong><\/td>\n<td><strong>M\u0171szaki adatok<\/strong><\/td>\n<\/tr>\n<tr>\n<td>Megjelen\u00e9s<\/td>\n<td>Feh\u00e9r pehely szil\u00e1rd<\/td>\n<\/tr>\n<tr>\n<td>Fenol<\/td>\n<td>\u22640,2%<\/td>\n<\/tr>\n<tr>\n<td>O-tert-butilfenol<\/td>\n<td>\u22641.2%<\/td>\n<\/tr>\n<tr>\n<td>4-tert-butilfenol<\/td>\n<td>\u226599%<\/td>\n<\/tr>\n<tr>\n<td>M-tert-butilfenol<\/td>\n<td>\u22640,4%<\/td>\n<\/tr>\n<tr>\n<td>2,6 di-tert-butil-fenol<\/td>\n<td>\u22640,1%<\/td>\n<\/tr>\n<tr>\n<td>2,4di-terc-butilfenol<\/td>\n<td>\u22640,5%<\/td>\n<\/tr>\n<tr>\n<td>Fagy\u00e1spont<\/td>\n<td>\u226596\u2103<\/td>\n<\/tr>\n<tr>\n<td>Nedvess\u00e9g<\/td>\n<td>\u22640,1%<\/td>\n<\/tr>\n<\/tbody>\n<\/table>\n<h2><strong>4-tert-butilfenol Haszn\u00e1lat<\/strong><\/h2>\n<ol>\n<li>A peszticidekben az atka\u00f6l\u0151 spiroxamin alapanyagak\u00e9nt haszn\u00e1lj\u00e1k. Antioxid\u00e1ns tulajdons\u00e1gokkal rendelkezik, \u00e9s stabiliz\u00e1tork\u00e9nt haszn\u00e1lhat\u00f3 gumi, szappan, kl\u00f3rozott sz\u00e9nhidrog\u00e9nek \u00e9s nitrocellul\u00f3z eset\u00e9ben;<\/li>\n<li>gy\u00f3gyszerek (rovarirt\u00f3k), illatszerek, szintetikus gyant\u00e1k; l\u00e1gy\u00edt\u00f3szerek, old\u00f3szerek, sz\u00ednez\u00e9kek \u00e9s bevonatok adal\u00e9kanyagai;<\/li>\n<li>Olajemulzi\u00f3 demulge\u00e1l\u00f3 komponensk\u00e9nt \u00e9s j\u00e1rm\u0171olaj-adal\u00e9kk\u00e9nt haszn\u00e1lhat\u00f3.<\/li>\n<li>Olajban old\u00f3d\u00f3 fenolgyant\u00e1ban haszn\u00e1lj\u00e1k, amelyet formaldehid polikondenz\u00e1ci\u00f3j\u00e1val nyerhet\u00fcnk k\u00fcl\u00f6nb\u00f6z\u0151 felhaszn\u00e1l\u00e1si c\u00e9lokra.<\/li>\n<li>A polikarbon\u00e1t el\u0151\u00e1ll\u00edt\u00e1s\u00e1hoz, mint a foszg\u00e9n-polikarbon\u00e1t reakci\u00f3termin\u00e1tora, a hozz\u00e1adott mennyis\u00e9g 1-3% a gyant\u00e1b\u00f3l.<\/li>\n<li>Epoxigyanta \u00e9s xil\u00e9ngyanta m\u00f3dos\u00edt\u00e1s\u00e1ra haszn\u00e1lj\u00e1k; polivinil-klorid stabiliz\u00e1tork\u00e9nt, fel\u00fcletakt\u00edv anyagk\u00e9nt \u00e9s ultraibolya abszorberk\u00e9nt alkalmazz\u00e1k.<\/li>\n<li><strong>Ipari alkalmaz\u00e1sok:<\/strong> A 98-54-4 CAS-sz\u00e1m\u00fa 4-Tert-Butil-fenolt gyakran haszn\u00e1lj\u00e1k k\u00fcl\u00f6nb\u00f6z\u0151 ipari alkalmaz\u00e1sokban. Vegyi intermedierk\u00e9nt szolg\u00e1l polimerek, gyant\u00e1k \u00e9s m\u00e1s ipari term\u00e9kek el\u0151\u00e1ll\u00edt\u00e1s\u00e1hoz.<\/li>\n<li><strong>Antioxid\u00e1ns k\u00e9sz\u00edtm\u00e9nyek:<\/strong> Ezt a vegy\u00fcletet antioxid\u00e1ns k\u00e9sz\u00edtm\u00e9nyekben alkalmazz\u00e1k. A 4-Tert-Butil-fenolt antioxid\u00e1ns tulajdons\u00e1gai miatt haszn\u00e1lj\u00e1k, \u00e9s olyan k\u00e9sz\u00edtm\u00e9nyekbe is be\u00e9p\u00edthet\u0151, amelyek c\u00e9lja az anyagok oxidat\u00edv leboml\u00e1ssal szembeni stabiliz\u00e1l\u00e1sa.<\/li>\n<li><strong>K\u00e9miai szint\u00e9zis:<\/strong> A 4-Tert-butilfenolt sz\u00e9les k\u00f6rben haszn\u00e1lj\u00e1k a k\u00e9miai szint\u00e9zisben. Sokoldal\u00fa \u00e9p\u00edt\u0151elemk\u00e9nt szolg\u00e1l k\u00fcl\u00f6nb\u00f6z\u0151 szerves vegy\u00fcletek, t\u00f6bbek k\u00f6z\u00f6tt gy\u00f3gyszerek, agrok\u00e9miai anyagok \u00e9s speci\u00e1lis vegyszerek el\u0151\u00e1ll\u00edt\u00e1s\u00e1hoz.<\/li>\n<li><strong>Polimeripar:<\/strong> A polimeriparban a 4-Tert-Butil-fenol alkalmazhat\u00f3. Hozz\u00e1j\u00e1rulhat a polimerek tulajdons\u00e1gainak m\u00f3dos\u00edt\u00e1s\u00e1hoz \u00e9s a polimeriz\u00e1ci\u00f3s folyamatokban a speci\u00e1lis anyagok kifejleszt\u00e9s\u00e9hez.<\/li>\n<\/ol>\n<h2><strong>4-tert-butilfenol Csomagol\u00e1s<\/strong><\/h2>\n<p>25kg\/zs\u00e1k.<\/p>\n<h2><strong>4-tert-butilfenol t\u00e1rol\u00e1sa<\/strong><\/h2>\n<p>A rakt\u00e1rat alacsony h\u0151m\u00e9rs\u00e9kleten kell szell\u0151ztetni, \u00e9s az oxid\u00e1l\u00f3szert\u0151l elk\u00fcl\u00f6n\u00edtve kell t\u00e1rolni.<\/p>\n<h2><strong><b>L\u00e9pjen kapcsolatba vel\u00fcnk most!<\/b><\/strong><\/h2>\n<h4><strong><b>Ha COA, MSDS vagy TDS-re van sz\u00fcks\u00e9ge, k\u00e9rj\u00fck, t\u00f6ltse ki el\u00e9rhet\u0151s\u00e9g\u00e9t az al\u00e1bbi \u0171rlapon, \u00e1ltal\u00e1ban 24 \u00f3r\u00e1n bel\u00fcl felvessz\u00fck \u00d6nnel a kapcsolatot. \u00d6n is k\u00fcldhet nekem e-mailt <span style=\"color: #0000ff;\"><a style=\"color: #0000ff;\" href=\"mailto:info@longchangchemical.com\">info@longchangchemical.com<\/a><\/span> munkaid\u0151ben ( 8:30-18:00 UTC+8 H.-Szombat ) vagy haszn\u00e1lja a weboldal \u00e9l\u0151 chatj\u00e9t, hogy azonnali v\u00e1laszt kapjon.<\/b><\/strong><\/h4>","protected":false},"excerpt":{"rendered":"<h2><strong>4-tert-butilfenolGyors r\u00e9szletek<\/strong><\/h2>\n<p>K\u00e9miai n\u00e9v: 4-tert-butilfenol<\/p>\n<p>CAS-sz\u00e1m: 98-54-4<\/p>\n<p>Molekul\u00e1ris k\u00e9plet:C10H14O<\/p>\n<p>Molekulat\u00f6meg:150,22<\/p>\n<p>K\u00e9miai szerkezet:<img decoding=\"async\" title=\"4-tert-butilfenol szerkezet\" src=\"https:\/\/www.longchangchemical.com\/wp-content\/uploads\/product-details\/20200616062574.png\" alt=\"4-tert-butilfenol szerkezet\" width=\"117\" height=\"44\" border=\"0\" vspace=\"0\" \/><\/p>\n<p>Megjelen\u00e9s: Feh\u00e9r, pelyhes szil\u00e1rd anyag<\/p>\n<p>Tisztas\u00e1g: 99%<\/p>","protected":false},"featured_media":6441,"comment_status":"open","ping_status":"closed","template":"","meta":[],"product_brand":[],"product_cat":[69],"product_tag":[],"class_list":{"0":"post-4245","1":"product","2":"type-product","3":"status-publish","4":"has-post-thumbnail","6":"product_cat-catalysts-chemical-auxiliary-agents","8":"first","9":"instock","10":"shipping-taxable","11":"product-type-simple"},"yoast_head":"<!-- This site is optimized with the Yoast SEO plugin v25.3.1 - https:\/\/yoast.com\/wordpress\/plugins\/seo\/ -->\n<title>China 4-tert-Butylphenol Manufacturer CAS 98-54-4 -Longchang Chemical<\/title>\n<meta name=\"description\" content=\"4-tert-butylphenol cas 98-54-4 is key product of Longchang Chemical. We provide best price. We are the leading manufacturer and supplier in China with the best quanlity and competitive price.\" \/>\n<meta name=\"robots\" content=\"index, follow, max-snippet:-1, max-image-preview:large, max-video-preview:-1\" \/>\n<link rel=\"canonical\" href=\"https:\/\/longchangchemical.com\/hu\/product\/4-tert-butylphenol-cas-98-54-4\/\" \/>\n<meta property=\"og:locale\" content=\"hu_HU\" \/>\n<meta property=\"og:type\" content=\"article\" \/>\n<meta property=\"og:title\" content=\"China 4-tert-Butylphenol Manufacturer CAS 98-54-4 -Longchang Chemical\" \/>\n<meta property=\"og:description\" content=\"4-tert-butylphenol cas 98-54-4 is key product of Longchang Chemical. We provide best price. We are the leading manufacturer and supplier in China with the best quanlity and competitive price.\" \/>\n<meta property=\"og:url\" content=\"https:\/\/longchangchemical.com\/hu\/product\/4-tert-butylphenol-cas-98-54-4\/\" \/>\n<meta property=\"og:site_name\" content=\"Longchang Chemical\" \/>\n<meta property=\"article:modified_time\" content=\"2025-12-22T02:31:37+00:00\" \/>\n<meta property=\"og:image\" content=\"https:\/\/longchangchemical.com\/wp-content\/uploads\/2021\/01\/8-2.jpg\" \/>\n\t<meta property=\"og:image:width\" content=\"800\" \/>\n\t<meta property=\"og:image:height\" content=\"800\" \/>\n\t<meta property=\"og:image:type\" content=\"image\/jpeg\" \/>\n<meta name=\"twitter:card\" content=\"summary_large_image\" \/>\n<script type=\"application\/ld+json\" class=\"yoast-schema-graph\">{\"@context\":\"https:\/\/schema.org\",\"@graph\":[{\"@type\":\"WebPage\",\"@id\":\"https:\/\/longchangchemical.com\/product\/4-tert-butylphenol-cas-98-54-4\/\",\"url\":\"https:\/\/longchangchemical.com\/product\/4-tert-butylphenol-cas-98-54-4\/\",\"name\":\"China 4-tert-Butylphenol Manufacturer CAS 98-54-4 -Longchang Chemical\",\"isPartOf\":{\"@id\":\"https:\/\/longchangchemical.com\/#website\"},\"primaryImageOfPage\":{\"@id\":\"https:\/\/longchangchemical.com\/product\/4-tert-butylphenol-cas-98-54-4\/#primaryimage\"},\"image\":{\"@id\":\"https:\/\/longchangchemical.com\/product\/4-tert-butylphenol-cas-98-54-4\/#primaryimage\"},\"thumbnailUrl\":\"https:\/\/longchangchemical.com\/wp-content\/uploads\/2021\/01\/8-2.jpg\",\"datePublished\":\"2024-01-12T06:00:01+00:00\",\"dateModified\":\"2025-12-22T02:31:37+00:00\",\"description\":\"4-tert-butylphenol cas 98-54-4 is key product of Longchang Chemical. We provide best price. We are the leading manufacturer and supplier in China with the best quanlity and competitive price.\",\"breadcrumb\":{\"@id\":\"https:\/\/longchangchemical.com\/product\/4-tert-butylphenol-cas-98-54-4\/#breadcrumb\"},\"inLanguage\":\"hu\",\"potentialAction\":[{\"@type\":\"ReadAction\",\"target\":[\"https:\/\/longchangchemical.com\/product\/4-tert-butylphenol-cas-98-54-4\/\"]}]},{\"@type\":\"ImageObject\",\"inLanguage\":\"hu\",\"@id\":\"https:\/\/longchangchemical.com\/product\/4-tert-butylphenol-cas-98-54-4\/#primaryimage\",\"url\":\"https:\/\/longchangchemical.com\/wp-content\/uploads\/2021\/01\/8-2.jpg\",\"contentUrl\":\"https:\/\/longchangchemical.com\/wp-content\/uploads\/2021\/01\/8-2.jpg\",\"width\":800,\"height\":800,\"caption\":\"4-tert-butylphenol cas 98-54-4\"},{\"@type\":\"BreadcrumbList\",\"@id\":\"https:\/\/longchangchemical.com\/product\/4-tert-butylphenol-cas-98-54-4\/#breadcrumb\",\"itemListElement\":[{\"@type\":\"ListItem\",\"position\":1,\"name\":\"Home\",\"item\":\"https:\/\/longchangchemical.com\/\"},{\"@type\":\"ListItem\",\"position\":2,\"name\":\"Products Longchang\",\"item\":\"https:\/\/longchangchemical.com\/product\/\"},{\"@type\":\"ListItem\",\"position\":3,\"name\":\"4-tert-butylphenol cas 98-54-4\"}]},{\"@type\":\"WebSite\",\"@id\":\"https:\/\/longchangchemical.com\/#website\",\"url\":\"https:\/\/longchangchemical.com\/\",\"name\":\"Longchang Chemical\",\"description\":\"China chemical manufacturer \uff06 supplier\",\"publisher\":{\"@id\":\"https:\/\/longchangchemical.com\/#organization\"},\"potentialAction\":[{\"@type\":\"SearchAction\",\"target\":{\"@type\":\"EntryPoint\",\"urlTemplate\":\"https:\/\/longchangchemical.com\/?s={search_term_string}\"},\"query-input\":{\"@type\":\"PropertyValueSpecification\",\"valueRequired\":true,\"valueName\":\"search_term_string\"}}],\"inLanguage\":\"hu\"},{\"@type\":\"Organization\",\"@id\":\"https:\/\/longchangchemical.com\/#organization\",\"name\":\"Longchang Chemical\",\"url\":\"https:\/\/longchangchemical.com\/\",\"logo\":{\"@type\":\"ImageObject\",\"inLanguage\":\"hu\",\"@id\":\"https:\/\/longchangchemical.com\/#\/schema\/logo\/image\/\",\"url\":\"https:\/\/longchangchemical.com\/wp-content\/uploads\/2020\/08\/cropped-longchang-logo.png\",\"contentUrl\":\"https:\/\/longchangchemical.com\/wp-content\/uploads\/2020\/08\/cropped-longchang-logo.png\",\"width\":512,\"height\":512,\"caption\":\"Longchang Chemical\"},\"image\":{\"@id\":\"https:\/\/longchangchemical.com\/#\/schema\/logo\/image\/\"}}]}<\/script>\n<!-- \/ Yoast SEO plugin. -->","yoast_head_json":{"title":"K\u00edna 4-tert-butilfenol gy\u00e1rt\u00f3 CAS 98-54-4 -Longchang vegyi anyag","description":"A 4-tert-butilfenol cas 98-54-4 a Longchang Chemical kulcsfontoss\u00e1g\u00fa term\u00e9ke. A legjobb \u00e1rat biztos\u00edtjuk. Mi vagyunk a vezet\u0151 gy\u00e1rt\u00f3 \u00e9s sz\u00e1ll\u00edt\u00f3 K\u00edn\u00e1ban a legjobb min\u0151s\u00e9ggel \u00e9s versenyk\u00e9pes \u00e1rral.","robots":{"index":"index","follow":"follow","max-snippet":"max-snippet:-1","max-image-preview":"max-image-preview:large","max-video-preview":"max-video-preview:-1"},"canonical":"https:\/\/longchangchemical.com\/hu\/product\/4-tert-butylphenol-cas-98-54-4\/","og_locale":"hu_HU","og_type":"article","og_title":"China 4-tert-Butylphenol Manufacturer CAS 98-54-4 -Longchang Chemical","og_description":"4-tert-butylphenol cas 98-54-4 is key product of Longchang Chemical. We provide best price. We are the leading manufacturer and supplier in China with the best quanlity and competitive price.","og_url":"https:\/\/longchangchemical.com\/hu\/product\/4-tert-butylphenol-cas-98-54-4\/","og_site_name":"Longchang Chemical","article_modified_time":"2025-12-22T02:31:37+00:00","og_image":[{"width":800,"height":800,"url":"https:\/\/longchangchemical.com\/wp-content\/uploads\/2021\/01\/8-2.jpg","type":"image\/jpeg"}],"twitter_card":"summary_large_image","schema":{"@context":"https:\/\/schema.org","@graph":[{"@type":"WebPage","@id":"https:\/\/longchangchemical.com\/product\/4-tert-butylphenol-cas-98-54-4\/","url":"https:\/\/longchangchemical.com\/product\/4-tert-butylphenol-cas-98-54-4\/","name":"K\u00edna 4-tert-butilfenol gy\u00e1rt\u00f3 CAS 98-54-4 -Longchang vegyi anyag","isPartOf":{"@id":"https:\/\/longchangchemical.com\/#website"},"primaryImageOfPage":{"@id":"https:\/\/longchangchemical.com\/product\/4-tert-butylphenol-cas-98-54-4\/#primaryimage"},"image":{"@id":"https:\/\/longchangchemical.com\/product\/4-tert-butylphenol-cas-98-54-4\/#primaryimage"},"thumbnailUrl":"https:\/\/longchangchemical.com\/wp-content\/uploads\/2021\/01\/8-2.jpg","datePublished":"2024-01-12T06:00:01+00:00","dateModified":"2025-12-22T02:31:37+00:00","description":"A 4-tert-butilfenol cas 98-54-4 a Longchang Chemical kulcsfontoss\u00e1g\u00fa term\u00e9ke. A legjobb \u00e1rat biztos\u00edtjuk. Mi vagyunk a vezet\u0151 gy\u00e1rt\u00f3 \u00e9s sz\u00e1ll\u00edt\u00f3 K\u00edn\u00e1ban a legjobb min\u0151s\u00e9ggel \u00e9s versenyk\u00e9pes \u00e1rral.","breadcrumb":{"@id":"https:\/\/longchangchemical.com\/product\/4-tert-butylphenol-cas-98-54-4\/#breadcrumb"},"inLanguage":"hu","potentialAction":[{"@type":"ReadAction","target":["https:\/\/longchangchemical.com\/product\/4-tert-butylphenol-cas-98-54-4\/"]}]},{"@type":"ImageObject","inLanguage":"hu","@id":"https:\/\/longchangchemical.com\/product\/4-tert-butylphenol-cas-98-54-4\/#primaryimage","url":"https:\/\/longchangchemical.com\/wp-content\/uploads\/2021\/01\/8-2.jpg","contentUrl":"https:\/\/longchangchemical.com\/wp-content\/uploads\/2021\/01\/8-2.jpg","width":800,"height":800,"caption":"4-tert-butylphenol cas 98-54-4"},{"@type":"BreadcrumbList","@id":"https:\/\/longchangchemical.com\/product\/4-tert-butylphenol-cas-98-54-4\/#breadcrumb","itemListElement":[{"@type":"ListItem","position":1,"name":"Home","item":"https:\/\/longchangchemical.com\/"},{"@type":"ListItem","position":2,"name":"Products Longchang","item":"https:\/\/longchangchemical.com\/product\/"},{"@type":"ListItem","position":3,"name":"4-tert-butylphenol cas 98-54-4"}]},{"@type":"WebSite","@id":"https:\/\/longchangchemical.com\/#website","url":"https:\/\/longchangchemical.com\/","name":"Longchang Chemical","description":"K\u00edna k\u00e9miai gy\u00e1rt\u00f3 \uff06 sz\u00e1ll\u00edt\u00f3","publisher":{"@id":"https:\/\/longchangchemical.com\/#organization"},"potentialAction":[{"@type":"SearchAction","target":{"@type":"EntryPoint","urlTemplate":"https:\/\/longchangchemical.com\/?s={search_term_string}"},"query-input":{"@type":"PropertyValueSpecification","valueRequired":true,"valueName":"search_term_string"}}],"inLanguage":"hu"},{"@type":"Organization","@id":"https:\/\/longchangchemical.com\/#organization","name":"Longchang Chemical","url":"https:\/\/longchangchemical.com\/","logo":{"@type":"ImageObject","inLanguage":"hu","@id":"https:\/\/longchangchemical.com\/#\/schema\/logo\/image\/","url":"https:\/\/longchangchemical.com\/wp-content\/uploads\/2020\/08\/cropped-longchang-logo.png","contentUrl":"https:\/\/longchangchemical.com\/wp-content\/uploads\/2020\/08\/cropped-longchang-logo.png","width":512,"height":512,"caption":"Longchang Chemical"},"image":{"@id":"https:\/\/longchangchemical.com\/#\/schema\/logo\/image\/"}}]}},"_links":{"self":[{"href":"https:\/\/longchangchemical.com\/hu\/wp-json\/wp\/v2\/product\/4245","targetHints":{"allow":["GET"]}}],"collection":[{"href":"https:\/\/longchangchemical.com\/hu\/wp-json\/wp\/v2\/product"}],"about":[{"href":"https:\/\/longchangchemical.com\/hu\/wp-json\/wp\/v2\/types\/product"}],"replies":[{"embeddable":true,"href":"https:\/\/longchangchemical.com\/hu\/wp-json\/wp\/v2\/comments?post=4245"}],"wp:featuredmedia":[{"embeddable":true,"href":"https:\/\/longchangchemical.com\/hu\/wp-json\/wp\/v2\/media\/6441"}],"wp:attachment":[{"href":"https:\/\/longchangchemical.com\/hu\/wp-json\/wp\/v2\/media?parent=4245"}],"wp:term":[{"taxonomy":"product_brand","embeddable":true,"href":"https:\/\/longchangchemical.com\/hu\/wp-json\/wp\/v2\/product_brand?post=4245"},{"taxonomy":"product_cat","embeddable":true,"href":"https:\/\/longchangchemical.com\/hu\/wp-json\/wp\/v2\/product_cat?post=4245"},{"taxonomy":"product_tag","embeddable":true,"href":"https:\/\/longchangchemical.com\/hu\/wp-json\/wp\/v2\/product_tag?post=4245"}],"curies":[{"name":"wp","href":"https:\/\/api.w.org\/{rel}","templated":true}]}}