{"id":4230,"date":"2024-01-15T07:44:10","date_gmt":"2024-01-15T07:44:10","guid":{"rendered":"https:\/\/longchangchemical.com\/?post_type=product&#038;p=4230"},"modified":"2025-12-19T09:56:53","modified_gmt":"2025-12-19T09:56:53","slug":"chlorphenesin-cas-104-29-0","status":"publish","type":"product","link":"https:\/\/longchangchemical.com\/hu\/product\/chlorphenesin-cas-104-29-0\/","title":{"rendered":"kl\u00f3rfenezin cas 104-29-0"},"content":{"rendered":"<h2><strong>Kl\u00f3rfenezinT\u00edpusos tulajdons\u00e1gok<\/strong><\/h2>\n<table class=\"table-1\" cellspacing=\"0\">\n<tbody>\n<tr>\n<td><strong>T\u00e9telek<\/strong><\/td>\n<td><strong>M\u0171szaki adatok<\/strong><\/td>\n<\/tr>\n<tr>\n<td>Megjelen\u00e9s<\/td>\n<td>Feh\u00e9r vagy majdnem feh\u00e9r por<\/td>\n<\/tr>\n<tr>\n<td>Assay<\/td>\n<td>\u226599%<\/td>\n<\/tr>\n<tr>\n<td>Olvad\u00e1spont<\/td>\n<td>77~825\u2103<\/td>\n<\/tr>\n<tr>\n<td>A megold\u00e1s egy\u00e9rtelm\u0171s\u00e9ge<\/td>\n<td>Sz\u00edntelen, nincs felf\u00fcggesztett anyag<\/td>\n<\/tr>\n<tr>\n<td>Arz\u00e9n<\/td>\n<td>\u22642 ppm<\/td>\n<\/tr>\n<tr>\n<td>P-kl\u00f3rfenol<\/td>\n<td>\u226410 ppm<\/td>\n<\/tr>\n<tr>\n<td>Neh\u00e9zf\u00e9m<\/td>\n<td>\u226410 ppm<\/td>\n<\/tr>\n<tr>\n<td>Sz\u00e1r\u00edt\u00e1si vesztes\u00e9g<\/td>\n<td>\u22640,5%<\/td>\n<\/tr>\n<tr>\n<td>Gy\u00fajt\u00e1si marad\u00e9k<\/td>\n<td>\u22640,5%<\/td>\n<\/tr>\n<\/tbody>\n<\/table>\n<h2><strong>Kl\u00f3rfenezin felhaszn\u00e1l\u00e1sa<\/strong><\/h2>\n<p>A kl\u00f3rbenzo\u00e1tot els\u0151sorban izomlaz\u00edt\u00f3k\u00e9nt haszn\u00e1lj\u00e1k, \u00e9s az idegimpulzusok agyba t\u00f6rt\u00e9n\u0151 tov\u00e1bb\u00edt\u00e1s\u00e1nak blokkol\u00e1s\u00e1val hat. A kozmetikumokban tart\u00f3s\u00edt\u00f3szerk\u00e9nt haszn\u00e1lj\u00e1k gomba\u00f6l\u0151 \u00e9s antibakteri\u00e1lis tulajdons\u00e1gai miatt. Tart\u00f3s\u00edt\u00f3szerk\u00e9nt megakad\u00e1lyozza, hogy a k\u00fcl\u00f6nb\u00f6z\u0151 term\u00e9kekben ilyen probl\u00e9m\u00e1k l\u00e9pjenek fel, mint p\u00e9ld\u00e1ul a viszkozit\u00e1s megv\u00e1ltoz\u00e1sa, pH-v\u00e1ltoz\u00e1s, demulge\u00e1l\u00f3d\u00e1si probl\u00e9m\u00e1k, l\u00e1that\u00f3 mikrob\u00e1k szaporod\u00e1sa, sz\u00ednv\u00e1ltoz\u00e1s \u00e9s kellemetlen szagok keletkez\u00e9se. A gomb\u00e1k okozta k\u00f6r\u00f6mprobl\u00e9m\u00e1n k\u00edv\u00fcl ezt az \u00f6sszetev\u0151t leggyakrabban archidrat\u00e1l\u00f3kban, \u00f6reged\u00e9sg\u00e1tl\u00f3 kr\u00e9mekben, f\u00e9nyv\u00e9d\u0151kben, alapoz\u00f3kban, szemkr\u00e9mekben, tiszt\u00edt\u00f3szerekben, szempillaspir\u00e1lokban \u00e9s fed\u0151 kr\u00e9mekben haszn\u00e1lj\u00e1k.<\/p>\n<p>A gy\u00f3gy\u00e1szatban a kl\u00f3rfenonhoz kapcsol\u00f3d\u00f3 k\u00e9sz\u00edtm\u00e9nyek olyan antig\u00e9nnel kapcsolatos immunszuppressz\u00edv szerek, amelyek g\u00e1tolj\u00e1k az ige \u00e1ltal k\u00f6zvet\u00edtett hisztamin felszabadul\u00e1st. A kl\u00f3rf\u00e9n-\u00e9ter egy gombaellenes gy\u00f3gyszer is, amely gombaellenes, bakteri\u00e1lis, h\u00fcvelyi pen\u00e9sz, trichomoni\u00e1zis kezel\u00e9s\u00e9re alkalmas, \u00e9s sz\u00e1mos gy\u00f3gyszeres adagol\u00e1si form\u00e1ja van.<\/p>\n<p>A kozmetikumok tekintet\u00e9ben a kl\u00f3rf\u00e9n-\u00e9tert a Nemzetk\u00f6zi Kozmetikai \u00d6sszetev\u0151 Sz\u00f3t\u00e1r \u00e9s K\u00e9zik\u00f6nyv kozmetikai bakt\u00e9rium\u00f6l\u0151 szerk\u00e9nt haszn\u00e1lja. A kl\u00f3rbenzo\u00e1t hat\u00e9konyan ellen\u00e1ll a Gram-pozit\u00edv \u00e9s Gram-negat\u00edv bakt\u00e9riumoknak, k\u00fcl\u00f6n\u00f6sen az Aspergillus niger iml149007 \u00e9s a Penicillium chrysogenum imi87160 (gomb\u00e1k) ellen, er\u0151s bakt\u00e9rium\u00f6l\u0151 hat\u00e1ssal rendelkezik, \u00e9s j\u00f3 g\u00e1tl\u00f3 hat\u00e1ssal van a Candida albicans ncpf3179 \u00e9s a Saccharomyces cerevisiae ncpf3275 (\u00e9leszt\u0151) ellen. Az elm\u00falt t\u00edz \u00e9vben a kl\u00f3rfeniramint k\u00fclf\u00f6ld\u00f6n gy\u00f3gyszer\u00e9szeti fogkr\u00e9mek, k\u00f6r\u00f6mlakkok, szappanok, szappanok, samponok \u00e9s b\u0151r\u00e1pol\u00e1si term\u00e9kek el\u0151\u00e1ll\u00edt\u00e1s\u00e1ra haszn\u00e1lt\u00e1k.<\/p>\n<ol>\n<li><strong>Kozmetikumok \u00e9s b\u0151r\u00e1pol\u00e1si term\u00e9kek:<\/strong> A 104-29-0 CAS-sz\u00e1m\u00fa kl\u00f3rfenezint gyakran haszn\u00e1lj\u00e1k kozmetikumokban \u00e9s b\u0151r\u00e1pol\u00e1si term\u00e9kekben. Tart\u00f3s\u00edt\u00f3szerk\u00e9nt \u00e9s antimikrobi\u00e1lis szerk\u00e9nt szolg\u00e1l, hozz\u00e1j\u00e1rulva a k\u00fcl\u00f6nb\u00f6z\u0151 k\u00e9sz\u00edtm\u00e9nyek stabilit\u00e1s\u00e1hoz \u00e9s biztons\u00e1g\u00e1hoz.<\/li>\n<li><strong>Gy\u00f3gyszerek:<\/strong> Ezt a vegy\u00fcletet a gy\u00f3gyszeriparban alkalmazz\u00e1k. A kl\u00f3rfenezint bizonyos gy\u00f3gyszerformul\u00e1kban haszn\u00e1lj\u00e1k, k\u00fcl\u00f6n\u00f6sen a helyi gy\u00f3gyszerekben \u00e9s ken\u0151cs\u00f6kben.<\/li>\n<li><strong>Test\u00e1pol\u00e1si term\u00e9kek:<\/strong> A kl\u00f3rfenezint test\u00e1pol\u00e1si term\u00e9kekben, p\u00e9ld\u00e1ul test\u00e1pol\u00f3 kr\u00e9mekben, kr\u00e9mekben \u00e9s samponokban lehet alkalmazni. Antimikrobi\u00e1lis tulajdons\u00e1gai miatt hasznos ezeknek a term\u00e9keknek az integrit\u00e1s\u00e1nak meg\u0151rz\u00e9s\u00e9ben.<\/li>\n<li><strong>Orvosi alkalmaz\u00e1sok:<\/strong> Az orvosi alkalmaz\u00e1sokban a kl\u00f3rfenezin bizonyos eg\u00e9szs\u00e9g\u00fcgyi term\u00e9kek \u00f6sszetev\u0151jek\u00e9nt haszn\u00e1lhat\u00f3, bele\u00e9rtve az antiszeptikus oldatokat \u00e9s a seb\u00e1pol\u00f3 k\u00e9sz\u00edtm\u00e9nyeket.<\/li>\n<\/ol>\n<h2><strong>Kl\u00f3rfenezin Csomagol\u00e1s \u00e9s sz\u00e1ll\u00edt\u00e1s<\/strong><\/h2>\n<p>25 kg\/dob<\/p>\n<h2><strong><b>L\u00e9pjen kapcsolatba vel\u00fcnk most!<\/b><\/strong><\/h2>\n<h4><strong><b>Ha COA, MSDS vagy TDS-re van sz\u00fcks\u00e9ge, k\u00e9rj\u00fck, t\u00f6ltse ki el\u00e9rhet\u0151s\u00e9g\u00e9t az al\u00e1bbi \u0171rlapon, \u00e1ltal\u00e1ban 24 \u00f3r\u00e1n bel\u00fcl felvessz\u00fck \u00d6nnel a kapcsolatot. \u00d6n is k\u00fcldhet nekem e-mailt <span style=\"color: #0000ff;\"><a style=\"color: #0000ff;\" href=\"mailto:info@longchangchemical.com\">info@longchangchemical.com<\/a><\/span> munkaid\u0151ben ( 8:30-18:00 UTC+8 H.-Szombat ) vagy haszn\u00e1lja a weboldal \u00e9l\u0151 chatj\u00e9t, hogy azonnali v\u00e1laszt kapjon.<\/b><\/strong><\/h4>","protected":false},"excerpt":{"rendered":"<h2><strong>Kl\u00f3rf\u00e9ninGyors r\u00e9szletek<\/strong><\/h2>\n<p>K\u00e9miai n\u00e9v: Kl\u00f3rfenezin<\/p>\n<p>CAS-sz\u00e1m: 104-29-0<\/p>\n<p>Molekul\u00e1ris k\u00e9plet:C9H11ClO3<\/p>\n<p>Molekulat\u00f6meg: 202,63<\/p>\n<p>K\u00e9miai szerkezet:<img decoding=\"async\" title=\"Kl\u00f3rfenezin szerkezet\" src=\"https:\/\/www.longchangchemical.com\/wp-content\/uploads\/product-details\/20200616156648.png\" alt=\"Kl\u00f3rfenezin szerkezet\" width=\"238\" height=\"60\" border=\"0\" vspace=\"0\" \/><\/p>\n<p>Megjelen\u00e9s: Feh\u00e9r vagy majdnem feh\u00e9r por<\/p>\n<p>Assay\uff1a\u226599.0%<\/p>","protected":false},"featured_media":6465,"comment_status":"open","ping_status":"closed","template":"","meta":[],"product_brand":[],"product_cat":[69],"product_tag":[],"class_list":{"0":"post-4230","1":"product","2":"type-product","3":"status-publish","4":"has-post-thumbnail","6":"product_cat-catalysts-chemical-auxiliary-agents","8":"first","9":"instock","10":"shipping-taxable","11":"product-type-simple"},"yoast_head":"<!-- This site is optimized with the Yoast SEO plugin v25.3.1 - https:\/\/yoast.com\/wordpress\/plugins\/seo\/ -->\n<title>China Chlorphenesin Manufacturer CAS 104-29-0 -Longchang Chemical<\/title>\n<meta name=\"description\" content=\"chlorphenesin cas 104-29-0 is key product of Longchang Chemical. We provide best price. We are the leading manufacturer and supplier in China with the best quanlity and competitive price.\" \/>\n<meta name=\"robots\" content=\"index, follow, max-snippet:-1, max-image-preview:large, max-video-preview:-1\" \/>\n<link rel=\"canonical\" href=\"https:\/\/longchangchemical.com\/hu\/product\/chlorphenesin-cas-104-29-0\/\" \/>\n<meta property=\"og:locale\" content=\"hu_HU\" \/>\n<meta property=\"og:type\" content=\"article\" \/>\n<meta property=\"og:title\" content=\"China Chlorphenesin Manufacturer CAS 104-29-0 -Longchang Chemical\" \/>\n<meta property=\"og:description\" content=\"chlorphenesin cas 104-29-0 is key product of Longchang Chemical. We provide best price. We are the leading manufacturer and supplier in China with the best quanlity and competitive price.\" \/>\n<meta property=\"og:url\" content=\"https:\/\/longchangchemical.com\/hu\/product\/chlorphenesin-cas-104-29-0\/\" \/>\n<meta property=\"og:site_name\" content=\"Longchang Chemical\" \/>\n<meta property=\"article:modified_time\" content=\"2025-12-19T09:56:53+00:00\" \/>\n<meta property=\"og:image\" content=\"https:\/\/longchangchemical.com\/wp-content\/uploads\/2021\/01\/5-5.jpg\" \/>\n\t<meta property=\"og:image:width\" content=\"800\" \/>\n\t<meta property=\"og:image:height\" content=\"800\" \/>\n\t<meta property=\"og:image:type\" content=\"image\/jpeg\" \/>\n<meta name=\"twitter:card\" content=\"summary_large_image\" \/>\n<script type=\"application\/ld+json\" class=\"yoast-schema-graph\">{\"@context\":\"https:\/\/schema.org\",\"@graph\":[{\"@type\":\"WebPage\",\"@id\":\"https:\/\/longchangchemical.com\/product\/chlorphenesin-cas-104-29-0\/\",\"url\":\"https:\/\/longchangchemical.com\/product\/chlorphenesin-cas-104-29-0\/\",\"name\":\"China Chlorphenesin Manufacturer CAS 104-29-0 -Longchang Chemical\",\"isPartOf\":{\"@id\":\"https:\/\/longchangchemical.com\/#website\"},\"primaryImageOfPage\":{\"@id\":\"https:\/\/longchangchemical.com\/product\/chlorphenesin-cas-104-29-0\/#primaryimage\"},\"image\":{\"@id\":\"https:\/\/longchangchemical.com\/product\/chlorphenesin-cas-104-29-0\/#primaryimage\"},\"thumbnailUrl\":\"https:\/\/longchangchemical.com\/wp-content\/uploads\/2021\/01\/5-5.jpg\",\"datePublished\":\"2024-01-15T07:44:10+00:00\",\"dateModified\":\"2025-12-19T09:56:53+00:00\",\"description\":\"chlorphenesin cas 104-29-0 is key product of Longchang Chemical. We provide best price. We are the leading manufacturer and supplier in China with the best quanlity and competitive price.\",\"breadcrumb\":{\"@id\":\"https:\/\/longchangchemical.com\/product\/chlorphenesin-cas-104-29-0\/#breadcrumb\"},\"inLanguage\":\"hu\",\"potentialAction\":[{\"@type\":\"ReadAction\",\"target\":[\"https:\/\/longchangchemical.com\/product\/chlorphenesin-cas-104-29-0\/\"]}]},{\"@type\":\"ImageObject\",\"inLanguage\":\"hu\",\"@id\":\"https:\/\/longchangchemical.com\/product\/chlorphenesin-cas-104-29-0\/#primaryimage\",\"url\":\"https:\/\/longchangchemical.com\/wp-content\/uploads\/2021\/01\/5-5.jpg\",\"contentUrl\":\"https:\/\/longchangchemical.com\/wp-content\/uploads\/2021\/01\/5-5.jpg\",\"width\":800,\"height\":800,\"caption\":\"chlorphenesin cas 104-29-0\"},{\"@type\":\"BreadcrumbList\",\"@id\":\"https:\/\/longchangchemical.com\/product\/chlorphenesin-cas-104-29-0\/#breadcrumb\",\"itemListElement\":[{\"@type\":\"ListItem\",\"position\":1,\"name\":\"Home\",\"item\":\"https:\/\/longchangchemical.com\/\"},{\"@type\":\"ListItem\",\"position\":2,\"name\":\"Products Longchang\",\"item\":\"https:\/\/longchangchemical.com\/product\/\"},{\"@type\":\"ListItem\",\"position\":3,\"name\":\"chlorphenesin cas 104-29-0\"}]},{\"@type\":\"WebSite\",\"@id\":\"https:\/\/longchangchemical.com\/#website\",\"url\":\"https:\/\/longchangchemical.com\/\",\"name\":\"Longchang Chemical\",\"description\":\"China chemical manufacturer \uff06 supplier\",\"publisher\":{\"@id\":\"https:\/\/longchangchemical.com\/#organization\"},\"potentialAction\":[{\"@type\":\"SearchAction\",\"target\":{\"@type\":\"EntryPoint\",\"urlTemplate\":\"https:\/\/longchangchemical.com\/?s={search_term_string}\"},\"query-input\":{\"@type\":\"PropertyValueSpecification\",\"valueRequired\":true,\"valueName\":\"search_term_string\"}}],\"inLanguage\":\"hu\"},{\"@type\":\"Organization\",\"@id\":\"https:\/\/longchangchemical.com\/#organization\",\"name\":\"Longchang Chemical\",\"url\":\"https:\/\/longchangchemical.com\/\",\"logo\":{\"@type\":\"ImageObject\",\"inLanguage\":\"hu\",\"@id\":\"https:\/\/longchangchemical.com\/#\/schema\/logo\/image\/\",\"url\":\"https:\/\/longchangchemical.com\/wp-content\/uploads\/2020\/08\/cropped-longchang-logo.png\",\"contentUrl\":\"https:\/\/longchangchemical.com\/wp-content\/uploads\/2020\/08\/cropped-longchang-logo.png\",\"width\":512,\"height\":512,\"caption\":\"Longchang Chemical\"},\"image\":{\"@id\":\"https:\/\/longchangchemical.com\/#\/schema\/logo\/image\/\"}}]}<\/script>\n<!-- \/ Yoast SEO plugin. -->","yoast_head_json":{"title":"K\u00edna kl\u00f3rfenezin gy\u00e1rt\u00f3 CAS 104-29-0 - Longchang Chemical","description":"a kl\u00f3rfenezin cas 104-29-0 a Longchang Chemical kulcsfontoss\u00e1g\u00fa term\u00e9ke. A legjobb \u00e1rat biztos\u00edtjuk. Mi vagyunk a vezet\u0151 gy\u00e1rt\u00f3 \u00e9s sz\u00e1ll\u00edt\u00f3 K\u00edn\u00e1ban a legjobb min\u0151s\u00e9ggel \u00e9s versenyk\u00e9pes \u00e1rral.","robots":{"index":"index","follow":"follow","max-snippet":"max-snippet:-1","max-image-preview":"max-image-preview:large","max-video-preview":"max-video-preview:-1"},"canonical":"https:\/\/longchangchemical.com\/hu\/product\/chlorphenesin-cas-104-29-0\/","og_locale":"hu_HU","og_type":"article","og_title":"China Chlorphenesin Manufacturer CAS 104-29-0 -Longchang Chemical","og_description":"chlorphenesin cas 104-29-0 is key product of Longchang Chemical. We provide best price. We are the leading manufacturer and supplier in China with the best quanlity and competitive price.","og_url":"https:\/\/longchangchemical.com\/hu\/product\/chlorphenesin-cas-104-29-0\/","og_site_name":"Longchang Chemical","article_modified_time":"2025-12-19T09:56:53+00:00","og_image":[{"width":800,"height":800,"url":"https:\/\/longchangchemical.com\/wp-content\/uploads\/2021\/01\/5-5.jpg","type":"image\/jpeg"}],"twitter_card":"summary_large_image","schema":{"@context":"https:\/\/schema.org","@graph":[{"@type":"WebPage","@id":"https:\/\/longchangchemical.com\/product\/chlorphenesin-cas-104-29-0\/","url":"https:\/\/longchangchemical.com\/product\/chlorphenesin-cas-104-29-0\/","name":"K\u00edna kl\u00f3rfenezin gy\u00e1rt\u00f3 CAS 104-29-0 - Longchang Chemical","isPartOf":{"@id":"https:\/\/longchangchemical.com\/#website"},"primaryImageOfPage":{"@id":"https:\/\/longchangchemical.com\/product\/chlorphenesin-cas-104-29-0\/#primaryimage"},"image":{"@id":"https:\/\/longchangchemical.com\/product\/chlorphenesin-cas-104-29-0\/#primaryimage"},"thumbnailUrl":"https:\/\/longchangchemical.com\/wp-content\/uploads\/2021\/01\/5-5.jpg","datePublished":"2024-01-15T07:44:10+00:00","dateModified":"2025-12-19T09:56:53+00:00","description":"a kl\u00f3rfenezin cas 104-29-0 a Longchang Chemical kulcsfontoss\u00e1g\u00fa term\u00e9ke. A legjobb \u00e1rat biztos\u00edtjuk. Mi vagyunk a vezet\u0151 gy\u00e1rt\u00f3 \u00e9s sz\u00e1ll\u00edt\u00f3 K\u00edn\u00e1ban a legjobb min\u0151s\u00e9ggel \u00e9s versenyk\u00e9pes \u00e1rral.","breadcrumb":{"@id":"https:\/\/longchangchemical.com\/product\/chlorphenesin-cas-104-29-0\/#breadcrumb"},"inLanguage":"hu","potentialAction":[{"@type":"ReadAction","target":["https:\/\/longchangchemical.com\/product\/chlorphenesin-cas-104-29-0\/"]}]},{"@type":"ImageObject","inLanguage":"hu","@id":"https:\/\/longchangchemical.com\/product\/chlorphenesin-cas-104-29-0\/#primaryimage","url":"https:\/\/longchangchemical.com\/wp-content\/uploads\/2021\/01\/5-5.jpg","contentUrl":"https:\/\/longchangchemical.com\/wp-content\/uploads\/2021\/01\/5-5.jpg","width":800,"height":800,"caption":"chlorphenesin cas 104-29-0"},{"@type":"BreadcrumbList","@id":"https:\/\/longchangchemical.com\/product\/chlorphenesin-cas-104-29-0\/#breadcrumb","itemListElement":[{"@type":"ListItem","position":1,"name":"Home","item":"https:\/\/longchangchemical.com\/"},{"@type":"ListItem","position":2,"name":"Products Longchang","item":"https:\/\/longchangchemical.com\/product\/"},{"@type":"ListItem","position":3,"name":"chlorphenesin cas 104-29-0"}]},{"@type":"WebSite","@id":"https:\/\/longchangchemical.com\/#website","url":"https:\/\/longchangchemical.com\/","name":"Longchang Chemical","description":"K\u00edna k\u00e9miai gy\u00e1rt\u00f3 \uff06 sz\u00e1ll\u00edt\u00f3","publisher":{"@id":"https:\/\/longchangchemical.com\/#organization"},"potentialAction":[{"@type":"SearchAction","target":{"@type":"EntryPoint","urlTemplate":"https:\/\/longchangchemical.com\/?s={search_term_string}"},"query-input":{"@type":"PropertyValueSpecification","valueRequired":true,"valueName":"search_term_string"}}],"inLanguage":"hu"},{"@type":"Organization","@id":"https:\/\/longchangchemical.com\/#organization","name":"Longchang Chemical","url":"https:\/\/longchangchemical.com\/","logo":{"@type":"ImageObject","inLanguage":"hu","@id":"https:\/\/longchangchemical.com\/#\/schema\/logo\/image\/","url":"https:\/\/longchangchemical.com\/wp-content\/uploads\/2020\/08\/cropped-longchang-logo.png","contentUrl":"https:\/\/longchangchemical.com\/wp-content\/uploads\/2020\/08\/cropped-longchang-logo.png","width":512,"height":512,"caption":"Longchang Chemical"},"image":{"@id":"https:\/\/longchangchemical.com\/#\/schema\/logo\/image\/"}}]}},"_links":{"self":[{"href":"https:\/\/longchangchemical.com\/hu\/wp-json\/wp\/v2\/product\/4230","targetHints":{"allow":["GET"]}}],"collection":[{"href":"https:\/\/longchangchemical.com\/hu\/wp-json\/wp\/v2\/product"}],"about":[{"href":"https:\/\/longchangchemical.com\/hu\/wp-json\/wp\/v2\/types\/product"}],"replies":[{"embeddable":true,"href":"https:\/\/longchangchemical.com\/hu\/wp-json\/wp\/v2\/comments?post=4230"}],"wp:featuredmedia":[{"embeddable":true,"href":"https:\/\/longchangchemical.com\/hu\/wp-json\/wp\/v2\/media\/6465"}],"wp:attachment":[{"href":"https:\/\/longchangchemical.com\/hu\/wp-json\/wp\/v2\/media?parent=4230"}],"wp:term":[{"taxonomy":"product_brand","embeddable":true,"href":"https:\/\/longchangchemical.com\/hu\/wp-json\/wp\/v2\/product_brand?post=4230"},{"taxonomy":"product_cat","embeddable":true,"href":"https:\/\/longchangchemical.com\/hu\/wp-json\/wp\/v2\/product_cat?post=4230"},{"taxonomy":"product_tag","embeddable":true,"href":"https:\/\/longchangchemical.com\/hu\/wp-json\/wp\/v2\/product_tag?post=4230"}],"curies":[{"name":"wp","href":"https:\/\/api.w.org\/{rel}","templated":true}]}}