{"id":4229,"date":"2024-01-15T07:42:17","date_gmt":"2024-01-15T07:42:17","guid":{"rendered":"https:\/\/longchangchemical.com\/?post_type=product&#038;p=4229"},"modified":"2025-12-19T09:51:57","modified_gmt":"2025-12-19T09:51:57","slug":"ethyl-ascorbic-acid-cas-86404-04-8","status":"publish","type":"product","link":"https:\/\/longchangchemical.com\/hu\/product\/ethyl-ascorbic-acid-cas-86404-04-8\/","title":{"rendered":"CHLUMICRYL\u00ae etil-aszkorbinsav cas 86404-04-8"},"content":{"rendered":"<h2><strong>Etil-aszkorbinsav tipikus tulajdons\u00e1gai<\/strong><\/h2>\n<table class=\"table-1\" cellspacing=\"0\">\n<tbody>\n<tr>\n<td>Megjelen\u00e9s<\/td>\n<td>Feh\u00e9r vagy majdnem feh\u00e9r krist\u00e1lypor<\/td>\n<\/tr>\n<tr>\n<td>Oldhat\u00f3s\u00e1g<\/td>\n<td>K\u00f6nnyen old\u00f3dik v\u00edzben<\/td>\n<\/tr>\n<tr>\n<td>Tartalom %<\/td>\n<td>\u226598.5<\/td>\n<\/tr>\n<tr>\n<td>pH-\u00e9rt\u00e9k<\/td>\n<td>3.5-5.5<\/td>\n<\/tr>\n<tr>\n<td>Olvad\u00e1spont \u2103<\/td>\n<td>110.0-115.0<\/td>\n<\/tr>\n<tr>\n<td>Sz\u00e1r\u00edt\u00e1si vesztes\u00e9g %<\/td>\n<td>\u22641.0<\/td>\n<\/tr>\n<tr>\n<td>Ingyenes VC PPM<\/td>\n<td>\u226410<\/td>\n<\/tr>\n<tr>\n<td>Gy\u00fajt\u00e1smaradv\u00e1ny %<\/td>\n<td>&lt;0.1<\/td>\n<\/tr>\n<tr>\n<td>Neh\u00e9zf\u00e9mek PPM<\/td>\n<td>\u226420<\/td>\n<\/tr>\n<\/tbody>\n<\/table>\n<h2><strong>Etil-aszkorbinsav felhaszn\u00e1l\u00e1sa<\/strong><\/h2>\n<ol>\n<li>A melanin k\u00e9pz\u0151d\u00e9s g\u00e1tl\u00e1sa a tirozin\u00e1z aktivit\u00e1s\u00e1nak g\u00e1tl\u00e1s\u00e1val a Cu2 \u00e1ltal, amely a tirozin\u00e1zra hat<\/li>\n<li>Nagyon hat\u00e9kony feh\u00e9r\u00edt\u0151 \u00e9s szepl\u0151s hat\u00e1s (ha 2%-t adunk hozz\u00e1)<\/li>\n<li>Napf\u00e9ny elleni gyullad\u00e1scs\u00f6kkent\u0151, er\u0151s antibakteri\u00e1lis \u00e9s gyullad\u00e1scs\u00f6kkent\u0151 hat\u00e1s\u00fa<\/li>\n<li>Jav\u00edtja a b\u0151r fak\u00f3s\u00e1g\u00e1t \u00e9s rugalmass\u00e1got k\u00f6lcs\u00f6n\u00f6z a b\u0151rnek.<\/li>\n<li>Jav\u00edtja a b\u0151rsejtek aktivit\u00e1s\u00e1t \u00e9s el\u0151seg\u00edti a kollag\u00e9ntermel\u00e9st<\/li>\n<li><strong>Kozmetikumok \u00e9s b\u0151r\u00e1pol\u00e1si term\u00e9kek:<\/strong> A 86404-04-8 CAS-sz\u00e1m\u00fa etil-aszkorbinsavat \u00e1ltal\u00e1ban kozmetikumokban \u00e9s b\u0151r\u00e1pol\u00e1si term\u00e9kekben haszn\u00e1lj\u00e1k. A C-vitamin stabil form\u00e1jak\u00e9nt szolg\u00e1l, hozz\u00e1j\u00e1rulva a b\u0151rvil\u00e1gos\u00edt\u00f3 \u00e9s antioxid\u00e1ns hat\u00e1s\u00fa term\u00e9kek kialak\u00edt\u00e1s\u00e1hoz.<\/li>\n<li><strong>Helyi formul\u00e1k:<\/strong> Ezt a vegy\u00fcletet helyi k\u00e9sz\u00edtm\u00e9nyekben, p\u00e9ld\u00e1ul sz\u00e9rumokban, kr\u00e9mekben \u00e9s test\u00e1pol\u00f3kban alkalmazz\u00e1k. Az etil-aszkorbinsavat b\u0151rkondicion\u00e1l\u00f3 tulajdons\u00e1gai \u00e9s a kollag\u00e9nszint\u00e9zist t\u00e1mogat\u00f3 k\u00e9pess\u00e9ge miatt haszn\u00e1lj\u00e1k.<\/li>\n<li><strong>Anti-Aging term\u00e9kek:<\/strong> Az etil-aszkorbinsavat gyakran be\u00e9p\u00edtik az \u00f6reged\u00e9sg\u00e1tl\u00f3 b\u0151r\u00e1pol\u00e1si term\u00e9kekbe. Ismert arr\u00f3l, hogy k\u00e9pes cs\u00f6kkenteni a finom vonalak \u00e9s r\u00e1ncok megjelen\u00e9s\u00e9t, \u00e9s ez\u00e1ltal \u00f6reged\u00e9sg\u00e1tl\u00f3 el\u0151ny\u00f6ket biztos\u00edt.<\/li>\n<li><strong>B\u0151rvil\u00e1gos\u00edt\u00f3 term\u00e9kek:<\/strong> A b\u0151rvil\u00e1gos\u00edt\u00f3 term\u00e9kek k\u00e9sz\u00edt\u00e9s\u00e9n\u00e9l az etil-aszkorbinsavat a hiperpigment\u00e1ci\u00f3 probl\u00e9m\u00e1inak kezel\u00e9s\u00e9re \u00e9s az egyenletesebb b\u0151rt\u00f3nus el\u0151seg\u00edt\u00e9s\u00e9re haszn\u00e1lj\u00e1k.<\/li>\n<\/ol>\n<h2><strong>Etil-aszkorbinsav csomagol\u00e1s \u00e9s sz\u00e1ll\u00edt\u00e1s<\/strong><\/h2>\n<p>Csomagol\u00e1s: 25kg\/dob, 1kg\/zs\u00e1k<\/p>\n<h2><strong>Etil-aszkorbinsav t\u00e1rol\u00e1sa<\/strong><\/h2>\n<p>Tilos m\u00e9rgez\u0151 \u00e9s k\u00e1ros anyagokkal keverni.<\/p>\n<p>A term\u00e9k bizonyos nedvess\u00e9gfelv\u00e9tellel rendelkezik.<\/p>\n<p>Lez\u00e1rva, alacsony h\u0151m\u00e9rs\u00e9kleten, sz\u00e1raz, h\u0171v\u00f6s \u00e9s szell\u0151ztetett helyen kell t\u00e1rolni.<\/p>\n<p>Az eltarthat\u00f3s\u00e1gi id\u0151 24 h\u00f3napig nem nyitott.<\/p>\n<h2><strong><b>L\u00e9pjen kapcsolatba vel\u00fcnk most!<\/b><\/strong><\/h2>\n<p><strong><b>Ha COA, MSDS vagy TDS-re van sz\u00fcks\u00e9ge, k\u00e9rj\u00fck, t\u00f6ltse ki el\u00e9rhet\u0151s\u00e9g\u00e9t az al\u00e1bbi \u0171rlapon, \u00e1ltal\u00e1ban 24 \u00f3r\u00e1n bel\u00fcl felvessz\u00fck \u00d6nnel a kapcsolatot. \u00d6n is k\u00fcldhet nekem e-mailt <span style=\"color: #0000ff;\"><a style=\"color: #0000ff;\" href=\"mailto:info@longchangchemical.com\">info@longchangchemical.com<\/a><\/span> munkaid\u0151ben ( 8:30-18:00 UTC+8 H.-Szombat ) vagy haszn\u00e1lja a weboldal \u00e9l\u0151 chatj\u00e9t, hogy azonnali v\u00e1laszt kapjon.<\/b><\/strong><\/p>","protected":false},"excerpt":{"rendered":"<h2><strong>Etil-aszkorbinsav R\u00e9szletek<\/strong><\/h2>\n<p>K\u00e9miai n\u00e9v: etil-aszkorbinsav<\/p>\n<p>CAS-sz\u00e1m: 86404-04-8<\/p>\n<p>Molekul\u00e1ris k\u00e9plet: C8H12O6<\/p>\n<p>Molekulat\u00f6meg: 204,18<\/p>\n<p>Molekulaszerkezet:<img decoding=\"async\" title=\"Etil-aszkorbinsav CAS 86404-04-8\" src=\"https:\/\/www.longchangchemical.com\/wp-content\/uploads\/product-details\/20200609281786.png\" alt=\"Etil-aszkorbinsav CAS 86404-04-8\" \/><\/p>\n<p>Megjelen\u00e9s: Feh\u00e9r vagy majdnem feh\u00e9r krist\u00e1lypor<\/p>","protected":false},"featured_media":6464,"comment_status":"open","ping_status":"closed","template":"","meta":[],"product_brand":[],"product_cat":[147,69],"product_tag":[],"class_list":{"0":"post-4229","1":"product","2":"type-product","3":"status-publish","4":"has-post-thumbnail","6":"product_cat-fluorine-surfactant","7":"product_cat-catalysts-chemical-auxiliary-agents","9":"first","10":"instock","11":"shipping-taxable","12":"product-type-simple"},"yoast_head":"<!-- This site is optimized with the Yoast SEO plugin v25.3.1 - https:\/\/yoast.com\/wordpress\/plugins\/seo\/ -->\n<title>China Ethyl Ascorbic acid Manufacturer CAS 86404-04-8 -Longchang Chemical<\/title>\n<meta name=\"description\" content=\"ethyl ascorbic acid cas 86404-04-8 is key product of Longchang Chemical. We provide best price. We are the leading manufacturer and supplier in China with the best quanlity and competitive price.\" \/>\n<meta name=\"robots\" content=\"index, follow, max-snippet:-1, max-image-preview:large, max-video-preview:-1\" \/>\n<link rel=\"canonical\" href=\"https:\/\/longchangchemical.com\/hu\/product\/ethyl-ascorbic-acid-cas-86404-04-8\/\" \/>\n<meta property=\"og:locale\" content=\"hu_HU\" \/>\n<meta property=\"og:type\" content=\"article\" \/>\n<meta property=\"og:title\" content=\"China Ethyl Ascorbic acid Manufacturer CAS 86404-04-8 -Longchang Chemical\" \/>\n<meta property=\"og:description\" content=\"ethyl ascorbic acid cas 86404-04-8 is key product of Longchang Chemical. We provide best price. We are the leading manufacturer and supplier in China with the best quanlity and competitive price.\" \/>\n<meta property=\"og:url\" content=\"https:\/\/longchangchemical.com\/hu\/product\/ethyl-ascorbic-acid-cas-86404-04-8\/\" \/>\n<meta property=\"og:site_name\" content=\"Longchang Chemical\" \/>\n<meta property=\"article:modified_time\" content=\"2025-12-19T09:51:57+00:00\" \/>\n<meta property=\"og:image\" content=\"https:\/\/longchangchemical.com\/wp-content\/uploads\/2021\/01\/4-4.jpg\" \/>\n\t<meta property=\"og:image:width\" content=\"800\" \/>\n\t<meta property=\"og:image:height\" content=\"800\" \/>\n\t<meta property=\"og:image:type\" content=\"image\/jpeg\" \/>\n<meta name=\"twitter:card\" content=\"summary_large_image\" \/>\n<script type=\"application\/ld+json\" class=\"yoast-schema-graph\">{\"@context\":\"https:\/\/schema.org\",\"@graph\":[{\"@type\":\"WebPage\",\"@id\":\"https:\/\/longchangchemical.com\/product\/ethyl-ascorbic-acid-cas-86404-04-8\/\",\"url\":\"https:\/\/longchangchemical.com\/product\/ethyl-ascorbic-acid-cas-86404-04-8\/\",\"name\":\"China Ethyl Ascorbic acid Manufacturer CAS 86404-04-8 -Longchang Chemical\",\"isPartOf\":{\"@id\":\"https:\/\/longchangchemical.com\/#website\"},\"primaryImageOfPage\":{\"@id\":\"https:\/\/longchangchemical.com\/product\/ethyl-ascorbic-acid-cas-86404-04-8\/#primaryimage\"},\"image\":{\"@id\":\"https:\/\/longchangchemical.com\/product\/ethyl-ascorbic-acid-cas-86404-04-8\/#primaryimage\"},\"thumbnailUrl\":\"https:\/\/longchangchemical.com\/wp-content\/uploads\/2021\/01\/4-4.jpg\",\"datePublished\":\"2024-01-15T07:42:17+00:00\",\"dateModified\":\"2025-12-19T09:51:57+00:00\",\"description\":\"ethyl ascorbic acid cas 86404-04-8 is key product of Longchang Chemical. We provide best price. We are the leading manufacturer and supplier in China with the best quanlity and competitive price.\",\"breadcrumb\":{\"@id\":\"https:\/\/longchangchemical.com\/product\/ethyl-ascorbic-acid-cas-86404-04-8\/#breadcrumb\"},\"inLanguage\":\"hu\",\"potentialAction\":[{\"@type\":\"ReadAction\",\"target\":[\"https:\/\/longchangchemical.com\/product\/ethyl-ascorbic-acid-cas-86404-04-8\/\"]}]},{\"@type\":\"ImageObject\",\"inLanguage\":\"hu\",\"@id\":\"https:\/\/longchangchemical.com\/product\/ethyl-ascorbic-acid-cas-86404-04-8\/#primaryimage\",\"url\":\"https:\/\/longchangchemical.com\/wp-content\/uploads\/2021\/01\/4-4.jpg\",\"contentUrl\":\"https:\/\/longchangchemical.com\/wp-content\/uploads\/2021\/01\/4-4.jpg\",\"width\":800,\"height\":800,\"caption\":\"ethyl ascorbic acid cas 86404-04-8\"},{\"@type\":\"BreadcrumbList\",\"@id\":\"https:\/\/longchangchemical.com\/product\/ethyl-ascorbic-acid-cas-86404-04-8\/#breadcrumb\",\"itemListElement\":[{\"@type\":\"ListItem\",\"position\":1,\"name\":\"Home\",\"item\":\"https:\/\/longchangchemical.com\/\"},{\"@type\":\"ListItem\",\"position\":2,\"name\":\"Products Longchang\",\"item\":\"https:\/\/longchangchemical.com\/product\/\"},{\"@type\":\"ListItem\",\"position\":3,\"name\":\"CHLUMICRYL\u00ae ethyl ascorbic acid cas 86404-04-8\"}]},{\"@type\":\"WebSite\",\"@id\":\"https:\/\/longchangchemical.com\/#website\",\"url\":\"https:\/\/longchangchemical.com\/\",\"name\":\"Longchang Chemical\",\"description\":\"China chemical manufacturer \uff06 supplier\",\"publisher\":{\"@id\":\"https:\/\/longchangchemical.com\/#organization\"},\"potentialAction\":[{\"@type\":\"SearchAction\",\"target\":{\"@type\":\"EntryPoint\",\"urlTemplate\":\"https:\/\/longchangchemical.com\/?s={search_term_string}\"},\"query-input\":{\"@type\":\"PropertyValueSpecification\",\"valueRequired\":true,\"valueName\":\"search_term_string\"}}],\"inLanguage\":\"hu\"},{\"@type\":\"Organization\",\"@id\":\"https:\/\/longchangchemical.com\/#organization\",\"name\":\"Longchang Chemical\",\"url\":\"https:\/\/longchangchemical.com\/\",\"logo\":{\"@type\":\"ImageObject\",\"inLanguage\":\"hu\",\"@id\":\"https:\/\/longchangchemical.com\/#\/schema\/logo\/image\/\",\"url\":\"https:\/\/longchangchemical.com\/wp-content\/uploads\/2020\/08\/cropped-longchang-logo.png\",\"contentUrl\":\"https:\/\/longchangchemical.com\/wp-content\/uploads\/2020\/08\/cropped-longchang-logo.png\",\"width\":512,\"height\":512,\"caption\":\"Longchang Chemical\"},\"image\":{\"@id\":\"https:\/\/longchangchemical.com\/#\/schema\/logo\/image\/\"}}]}<\/script>\n<!-- \/ Yoast SEO plugin. -->","yoast_head_json":{"title":"K\u00edna etil-aszkorbinsav gy\u00e1rt\u00f3 CAS 86404-04-8 - Longchang Chemical","description":"etil-aszkorbinsav cas 86404-04-8 a Longchang Chemical kulcsfontoss\u00e1g\u00fa term\u00e9ke. A legjobb \u00e1rat biztos\u00edtjuk. Mi vagyunk a vezet\u0151 gy\u00e1rt\u00f3 \u00e9s sz\u00e1ll\u00edt\u00f3 K\u00edn\u00e1ban a legjobb min\u0151s\u00e9ggel \u00e9s versenyk\u00e9pes \u00e1rral.","robots":{"index":"index","follow":"follow","max-snippet":"max-snippet:-1","max-image-preview":"max-image-preview:large","max-video-preview":"max-video-preview:-1"},"canonical":"https:\/\/longchangchemical.com\/hu\/product\/ethyl-ascorbic-acid-cas-86404-04-8\/","og_locale":"hu_HU","og_type":"article","og_title":"China Ethyl Ascorbic acid Manufacturer CAS 86404-04-8 -Longchang Chemical","og_description":"ethyl ascorbic acid cas 86404-04-8 is key product of Longchang Chemical. We provide best price. We are the leading manufacturer and supplier in China with the best quanlity and competitive price.","og_url":"https:\/\/longchangchemical.com\/hu\/product\/ethyl-ascorbic-acid-cas-86404-04-8\/","og_site_name":"Longchang Chemical","article_modified_time":"2025-12-19T09:51:57+00:00","og_image":[{"width":800,"height":800,"url":"https:\/\/longchangchemical.com\/wp-content\/uploads\/2021\/01\/4-4.jpg","type":"image\/jpeg"}],"twitter_card":"summary_large_image","schema":{"@context":"https:\/\/schema.org","@graph":[{"@type":"WebPage","@id":"https:\/\/longchangchemical.com\/product\/ethyl-ascorbic-acid-cas-86404-04-8\/","url":"https:\/\/longchangchemical.com\/product\/ethyl-ascorbic-acid-cas-86404-04-8\/","name":"K\u00edna etil-aszkorbinsav gy\u00e1rt\u00f3 CAS 86404-04-8 - Longchang Chemical","isPartOf":{"@id":"https:\/\/longchangchemical.com\/#website"},"primaryImageOfPage":{"@id":"https:\/\/longchangchemical.com\/product\/ethyl-ascorbic-acid-cas-86404-04-8\/#primaryimage"},"image":{"@id":"https:\/\/longchangchemical.com\/product\/ethyl-ascorbic-acid-cas-86404-04-8\/#primaryimage"},"thumbnailUrl":"https:\/\/longchangchemical.com\/wp-content\/uploads\/2021\/01\/4-4.jpg","datePublished":"2024-01-15T07:42:17+00:00","dateModified":"2025-12-19T09:51:57+00:00","description":"etil-aszkorbinsav cas 86404-04-8 a Longchang Chemical kulcsfontoss\u00e1g\u00fa term\u00e9ke. A legjobb \u00e1rat biztos\u00edtjuk. Mi vagyunk a vezet\u0151 gy\u00e1rt\u00f3 \u00e9s sz\u00e1ll\u00edt\u00f3 K\u00edn\u00e1ban a legjobb min\u0151s\u00e9ggel \u00e9s versenyk\u00e9pes \u00e1rral.","breadcrumb":{"@id":"https:\/\/longchangchemical.com\/product\/ethyl-ascorbic-acid-cas-86404-04-8\/#breadcrumb"},"inLanguage":"hu","potentialAction":[{"@type":"ReadAction","target":["https:\/\/longchangchemical.com\/product\/ethyl-ascorbic-acid-cas-86404-04-8\/"]}]},{"@type":"ImageObject","inLanguage":"hu","@id":"https:\/\/longchangchemical.com\/product\/ethyl-ascorbic-acid-cas-86404-04-8\/#primaryimage","url":"https:\/\/longchangchemical.com\/wp-content\/uploads\/2021\/01\/4-4.jpg","contentUrl":"https:\/\/longchangchemical.com\/wp-content\/uploads\/2021\/01\/4-4.jpg","width":800,"height":800,"caption":"ethyl ascorbic acid cas 86404-04-8"},{"@type":"BreadcrumbList","@id":"https:\/\/longchangchemical.com\/product\/ethyl-ascorbic-acid-cas-86404-04-8\/#breadcrumb","itemListElement":[{"@type":"ListItem","position":1,"name":"Home","item":"https:\/\/longchangchemical.com\/"},{"@type":"ListItem","position":2,"name":"Products Longchang","item":"https:\/\/longchangchemical.com\/product\/"},{"@type":"ListItem","position":3,"name":"CHLUMICRYL\u00ae ethyl ascorbic acid cas 86404-04-8"}]},{"@type":"WebSite","@id":"https:\/\/longchangchemical.com\/#website","url":"https:\/\/longchangchemical.com\/","name":"Longchang Chemical","description":"K\u00edna k\u00e9miai gy\u00e1rt\u00f3 \uff06 sz\u00e1ll\u00edt\u00f3","publisher":{"@id":"https:\/\/longchangchemical.com\/#organization"},"potentialAction":[{"@type":"SearchAction","target":{"@type":"EntryPoint","urlTemplate":"https:\/\/longchangchemical.com\/?s={search_term_string}"},"query-input":{"@type":"PropertyValueSpecification","valueRequired":true,"valueName":"search_term_string"}}],"inLanguage":"hu"},{"@type":"Organization","@id":"https:\/\/longchangchemical.com\/#organization","name":"Longchang Chemical","url":"https:\/\/longchangchemical.com\/","logo":{"@type":"ImageObject","inLanguage":"hu","@id":"https:\/\/longchangchemical.com\/#\/schema\/logo\/image\/","url":"https:\/\/longchangchemical.com\/wp-content\/uploads\/2020\/08\/cropped-longchang-logo.png","contentUrl":"https:\/\/longchangchemical.com\/wp-content\/uploads\/2020\/08\/cropped-longchang-logo.png","width":512,"height":512,"caption":"Longchang Chemical"},"image":{"@id":"https:\/\/longchangchemical.com\/#\/schema\/logo\/image\/"}}]}},"_links":{"self":[{"href":"https:\/\/longchangchemical.com\/hu\/wp-json\/wp\/v2\/product\/4229","targetHints":{"allow":["GET"]}}],"collection":[{"href":"https:\/\/longchangchemical.com\/hu\/wp-json\/wp\/v2\/product"}],"about":[{"href":"https:\/\/longchangchemical.com\/hu\/wp-json\/wp\/v2\/types\/product"}],"replies":[{"embeddable":true,"href":"https:\/\/longchangchemical.com\/hu\/wp-json\/wp\/v2\/comments?post=4229"}],"wp:featuredmedia":[{"embeddable":true,"href":"https:\/\/longchangchemical.com\/hu\/wp-json\/wp\/v2\/media\/6464"}],"wp:attachment":[{"href":"https:\/\/longchangchemical.com\/hu\/wp-json\/wp\/v2\/media?parent=4229"}],"wp:term":[{"taxonomy":"product_brand","embeddable":true,"href":"https:\/\/longchangchemical.com\/hu\/wp-json\/wp\/v2\/product_brand?post=4229"},{"taxonomy":"product_cat","embeddable":true,"href":"https:\/\/longchangchemical.com\/hu\/wp-json\/wp\/v2\/product_cat?post=4229"},{"taxonomy":"product_tag","embeddable":true,"href":"https:\/\/longchangchemical.com\/hu\/wp-json\/wp\/v2\/product_tag?post=4229"}],"curies":[{"name":"wp","href":"https:\/\/api.w.org\/{rel}","templated":true}]}}