{"id":4221,"date":"2024-01-16T06:45:25","date_gmt":"2024-01-16T06:45:25","guid":{"rendered":"https:\/\/longchangchemical.com\/?post_type=product&#038;p=4221"},"modified":"2025-12-17T09:25:40","modified_gmt":"2025-12-17T09:25:40","slug":"dibutylamine-cas-111-92-2","status":"publish","type":"product","link":"https:\/\/longchangchemical.com\/hu\/product\/dibutylamine-cas-111-92-2\/","title":{"rendered":"dibutilamin cas 111-92-2"},"content":{"rendered":"<h2><strong>DibutilaminT\u00edpusos tulajdons\u00e1gok<\/strong><\/h2>\n<table class=\"table-1\">\n<tbody>\n<tr align=\"left\">\n<td>T\u00e9tel<\/td>\n<td>Index<\/td>\n<\/tr>\n<tr align=\"left\">\n<td>Tisztas\u00e1g%<\/td>\n<td>\u226599.8%<\/td>\n<\/tr>\n<tr align=\"left\">\n<td>S\u0171r\u0171s\u00e9g<\/td>\n<td>0.741<\/td>\n<\/tr>\n<tr align=\"left\">\n<td>V\u00edzoldhat\u00f3s\u00e1g<\/td>\n<td>keverhet\u0151<\/td>\n<\/tr>\n<tr align=\"left\">\n<td>T\u00f6r\u00e9smutat\u00f3<\/td>\n<td>1.4-1.402<\/td>\n<\/tr>\n<tr align=\"left\">\n<td>Szag<\/td>\n<td>Amm\u00f3niaszag.<\/td>\n<\/tr>\n<tr align=\"left\">\n<td>Oldhat\u00f3s\u00e1g<\/td>\n<td>V\u00edzben elegyed\u0151.<\/td>\n<\/tr>\n<tr align=\"left\">\n<td>SpecificGravity<\/td>\n<td>0.740<\/td>\n<\/tr>\n<tr align=\"left\">\n<td>VaporDensities(Air=1)<\/td>\n<td>2.5<\/td>\n<\/tr>\n<tr align=\"left\">\n<td>G\u0151znyom\u00e1s (mmHg)<\/td>\n<td>82<\/td>\n<\/tr>\n<tr align=\"left\">\n<td>EvaporationRate<\/td>\n<td>7.3<\/td>\n<\/tr>\n<tr align=\"left\">\n<td>Megjelen\u00e9s<\/td>\n<td>tiszta, sz\u00edntelen folyad\u00e9k<\/td>\n<\/tr>\n<\/tbody>\n<\/table>\n<h2><strong>Dibutilamin felhaszn\u00e1l\u00e1sa<\/strong><\/h2>\n<p>1. K\u0151olaj-adal\u00e9kanyagokban, gumigyors\u00edt\u00f3kban, \u00e1sv\u00e1nyi flot\u00e1ci\u00f3s szerekben, korr\u00f3zi\u00f3g\u00e1tl\u00f3kban, emulge\u00e1l\u00f3szerekben, rovar\u00f6l\u0151 szerekben, polimeriz\u00e1ci\u00f3s inhibitorokban \u00e9s sz\u00ednez\u00e9kekben stb. haszn\u00e1latos.<\/p>\n<p>2. Szerves szint\u00e9zisben, gumivulkaniz\u00e1ci\u00f3s gyors\u00edt\u00f3k\u00e9nt \u00e9s korr\u00f3zi\u00f3g\u00e1tl\u00f3k\u00e9nt is haszn\u00e1latos<\/p>\n<p>3. Gy\u00f3gyszerek, peszticidek, sz\u00ednez\u00e9kek, \u00e1sv\u00e1nyi flot\u00e1ci\u00f3s anyagok, emulge\u00e1l\u00f3szerek \u00e9s finomk\u00e9miai intermedierek el\u0151\u00e1ll\u00edt\u00e1s\u00e1ra haszn\u00e1lj\u00e1k. Korr\u00f3zi\u00f3s alap\u00fa k\u00e9sz\u00edtm\u00e9nyk\u00e9nt, gumigyors\u00edt\u00f3k\u00e9nt, rovar\u00f6l\u0151szerk\u00e9nt, polimeriz\u00e1ci\u00f3s inhibitork\u00e9nt stb. haszn\u00e1lj\u00e1k.<\/p>\n<p><strong>4.K\u00e9miai szint\u00e9zis:<\/strong> A 111-92-2 CAS-sz\u00e1m\u00fa dibutil-amint sz\u00e9les k\u00f6rben haszn\u00e1lj\u00e1k a k\u00e9miai szint\u00e9zisben. Sokoldal\u00fa k\u00f6ztes term\u00e9kk\u00e9nt szolg\u00e1l k\u00fcl\u00f6nb\u00f6z\u0151 szerves vegy\u00fcletek, t\u00f6bbek k\u00f6z\u00f6tt gy\u00f3gyszerek, peszticidek \u00e9s gumik\u00e9miai anyagok el\u0151\u00e1ll\u00edt\u00e1s\u00e1hoz.<\/p>\n<p><strong>5.Gumiipar:<\/strong> Ezt a vegy\u00fcletet a gumiiparban alkalmazz\u00e1k. A dibutil-amint gumigyors\u00edt\u00f3k \u00e9s antioxid\u00e1nsok el\u0151\u00e1ll\u00edt\u00e1s\u00e1hoz haszn\u00e1lj\u00e1k, hozz\u00e1j\u00e1rulva a gumi tulajdons\u00e1gainak \u00e9s teljes\u00edtm\u00e9ny\u00e9nek jav\u00edt\u00e1s\u00e1hoz.<\/p>\n<p><strong>6:<\/strong> A dibutil-amint a gy\u00f3gyszeriparban k\u00f6ztes term\u00e9kk\u00e9nt haszn\u00e1lj\u00e1k bizonyos gy\u00f3gyszerek \u00e9s gy\u00f3gyszeripari term\u00e9kek szint\u00e9zis\u00e9ben. \u00c9p\u00edt\u0151elemk\u00e9nt szolg\u00e1l bizonyos hat\u00f3anyagok el\u0151\u00e1ll\u00edt\u00e1s\u00e1hoz.<\/p>\n<p><strong>7.Peszticidek:<\/strong> Az agrok\u00e9miai term\u00e9kek ter\u00fclet\u00e9n a dibutil-amint peszticidek szint\u00e9zis\u00e9ben alkalmazz\u00e1k. Szerepet j\u00e1tszik olyan k\u00e9sz\u00edtm\u00e9nyek kifejleszt\u00e9s\u00e9ben, amelyek seg\u00edtenek a k\u00e1rtev\u0151k elleni v\u00e9dekez\u00e9sben \u00e9s megsemmis\u00edt\u00e9s\u00e9ben a mez\u0151gazdas\u00e1gban.<\/p>\n<h2><strong>Dibutilamin Csomagol\u00e1s \u00e9s sz\u00e1ll\u00edt\u00e1s<\/strong><\/h2>\n<p>Csomagol\u00e1s: 150kg\/dob<\/p>\n<p>Sz\u00e1ll\u00edt\u00e1s: tengeri vagy l\u00e9gi \u00faton<\/p>\n<h2><strong>DibutilaminT\u00e1rol\u00e1s<\/strong><\/h2>\n<p>Sz\u00e1raz \u00e9s j\u00f3l szell\u0151z\u0151 helyen, k\u00f6zvetlen napf\u00e9nyt\u0151l v\u00e9dett helyen kell t\u00e1rolni.<\/p>\n<h2><strong><b>L\u00e9pjen kapcsolatba vel\u00fcnk most!<\/b><\/strong><\/h2>\n<h4><strong><b>Ha COA, MSDS vagy TDS-re van sz\u00fcks\u00e9ge, k\u00e9rj\u00fck, t\u00f6ltse ki el\u00e9rhet\u0151s\u00e9g\u00e9t az al\u00e1bbi \u0171rlapon, \u00e1ltal\u00e1ban 24 \u00f3r\u00e1n bel\u00fcl felvessz\u00fck \u00d6nnel a kapcsolatot. \u00d6n is k\u00fcldhet nekem e-mailt <span style=\"color: #0000ff;\"><a style=\"color: #0000ff;\" href=\"mailto:info@longchangchemical.com\">info@longchangchemical.com<\/a><\/span> munkaid\u0151ben ( 8:30-18:00 UTC+8 H.-Szombat ) vagy haszn\u00e1lja a weboldal \u00e9l\u0151 chatj\u00e9t, hogy azonnali v\u00e1laszt kapjon.<\/b><\/strong><\/h4>","protected":false},"excerpt":{"rendered":"<h2><strong>DibutilaminGyors r\u00e9szletek<\/strong><\/h2>\n<p>K\u00e9miai n\u00e9v: Dibutilamin<\/p>\n<p>CAS-sz\u00e1m: 111-92-2<\/p>\n<p>Molekul\u00e1ris k\u00e9plet:C8H19N<\/p>\n<p>Molekulat\u00f6meg:129,24<\/p>\n<p>K\u00e9miai szerkezet:<img decoding=\"async\" title=\"Dibutilamin szerkezet\" src=\"https:\/\/www.longchangchemical.com\/wp-content\/uploads\/product-details\/20200616273858.png\" alt=\"Dibutilamin szerkezet\" width=\"140\" height=\"32\" border=\"0\" vspace=\"0\" \/><\/p>\n<p>Megjelen\u00e9s: sz\u00edntelen folyad\u00e9k<\/p>\n<p>Tisztas\u00e1g: 99.5%<\/p>","protected":false},"featured_media":6482,"comment_status":"open","ping_status":"closed","template":"","meta":[],"product_brand":[],"product_cat":[69],"product_tag":[],"class_list":{"0":"post-4221","1":"product","2":"type-product","3":"status-publish","4":"has-post-thumbnail","6":"product_cat-catalysts-chemical-auxiliary-agents","8":"first","9":"instock","10":"shipping-taxable","11":"product-type-simple"},"yoast_head":"<!-- This site is optimized with the Yoast SEO plugin v25.3.1 - https:\/\/yoast.com\/wordpress\/plugins\/seo\/ -->\n<title>China Dibutylamine Manufacturer CAS 111-92-2 -Longchang Chemical<\/title>\n<meta name=\"description\" content=\"dibutylamine cas 111-92-2 is key product of Longchang Chemical. We provide best price. We are the leading manufacturer and supplier in China with the best quanlity and competitive price.\" \/>\n<meta name=\"robots\" content=\"index, follow, max-snippet:-1, max-image-preview:large, max-video-preview:-1\" \/>\n<link rel=\"canonical\" href=\"https:\/\/longchangchemical.com\/hu\/product\/dibutylamine-cas-111-92-2\/\" \/>\n<meta property=\"og:locale\" content=\"hu_HU\" \/>\n<meta property=\"og:type\" content=\"article\" \/>\n<meta property=\"og:title\" content=\"China Dibutylamine Manufacturer CAS 111-92-2 -Longchang Chemical\" \/>\n<meta property=\"og:description\" content=\"dibutylamine cas 111-92-2 is key product of Longchang Chemical. We provide best price. We are the leading manufacturer and supplier in China with the best quanlity and competitive price.\" \/>\n<meta property=\"og:url\" content=\"https:\/\/longchangchemical.com\/hu\/product\/dibutylamine-cas-111-92-2\/\" \/>\n<meta property=\"og:site_name\" content=\"Longchang Chemical\" \/>\n<meta property=\"article:modified_time\" content=\"2025-12-17T09:25:40+00:00\" \/>\n<meta property=\"og:image\" content=\"https:\/\/longchangchemical.com\/wp-content\/uploads\/2024\/01\/10-1.jpg\" \/>\n\t<meta property=\"og:image:width\" content=\"800\" \/>\n\t<meta property=\"og:image:height\" content=\"800\" \/>\n\t<meta property=\"og:image:type\" content=\"image\/jpeg\" \/>\n<meta name=\"twitter:card\" content=\"summary_large_image\" \/>\n<script type=\"application\/ld+json\" class=\"yoast-schema-graph\">{\"@context\":\"https:\/\/schema.org\",\"@graph\":[{\"@type\":\"WebPage\",\"@id\":\"https:\/\/longchangchemical.com\/product\/dibutylamine-cas-111-92-2\/\",\"url\":\"https:\/\/longchangchemical.com\/product\/dibutylamine-cas-111-92-2\/\",\"name\":\"China Dibutylamine Manufacturer CAS 111-92-2 -Longchang Chemical\",\"isPartOf\":{\"@id\":\"https:\/\/longchangchemical.com\/#website\"},\"primaryImageOfPage\":{\"@id\":\"https:\/\/longchangchemical.com\/product\/dibutylamine-cas-111-92-2\/#primaryimage\"},\"image\":{\"@id\":\"https:\/\/longchangchemical.com\/product\/dibutylamine-cas-111-92-2\/#primaryimage\"},\"thumbnailUrl\":\"https:\/\/longchangchemical.com\/wp-content\/uploads\/2024\/01\/10-1.jpg\",\"datePublished\":\"2024-01-16T06:45:25+00:00\",\"dateModified\":\"2025-12-17T09:25:40+00:00\",\"description\":\"dibutylamine cas 111-92-2 is key product of Longchang Chemical. We provide best price. We are the leading manufacturer and supplier in China with the best quanlity and competitive price.\",\"breadcrumb\":{\"@id\":\"https:\/\/longchangchemical.com\/product\/dibutylamine-cas-111-92-2\/#breadcrumb\"},\"inLanguage\":\"hu\",\"potentialAction\":[{\"@type\":\"ReadAction\",\"target\":[\"https:\/\/longchangchemical.com\/product\/dibutylamine-cas-111-92-2\/\"]}]},{\"@type\":\"ImageObject\",\"inLanguage\":\"hu\",\"@id\":\"https:\/\/longchangchemical.com\/product\/dibutylamine-cas-111-92-2\/#primaryimage\",\"url\":\"https:\/\/longchangchemical.com\/wp-content\/uploads\/2024\/01\/10-1.jpg\",\"contentUrl\":\"https:\/\/longchangchemical.com\/wp-content\/uploads\/2024\/01\/10-1.jpg\",\"width\":800,\"height\":800,\"caption\":\"dibutylamine cas 111-92-2\"},{\"@type\":\"BreadcrumbList\",\"@id\":\"https:\/\/longchangchemical.com\/product\/dibutylamine-cas-111-92-2\/#breadcrumb\",\"itemListElement\":[{\"@type\":\"ListItem\",\"position\":1,\"name\":\"Home\",\"item\":\"https:\/\/longchangchemical.com\/\"},{\"@type\":\"ListItem\",\"position\":2,\"name\":\"Products Longchang\",\"item\":\"https:\/\/longchangchemical.com\/product\/\"},{\"@type\":\"ListItem\",\"position\":3,\"name\":\"dibutylamine cas 111-92-2\"}]},{\"@type\":\"WebSite\",\"@id\":\"https:\/\/longchangchemical.com\/#website\",\"url\":\"https:\/\/longchangchemical.com\/\",\"name\":\"Longchang Chemical\",\"description\":\"China chemical manufacturer \uff06 supplier\",\"publisher\":{\"@id\":\"https:\/\/longchangchemical.com\/#organization\"},\"potentialAction\":[{\"@type\":\"SearchAction\",\"target\":{\"@type\":\"EntryPoint\",\"urlTemplate\":\"https:\/\/longchangchemical.com\/?s={search_term_string}\"},\"query-input\":{\"@type\":\"PropertyValueSpecification\",\"valueRequired\":true,\"valueName\":\"search_term_string\"}}],\"inLanguage\":\"hu\"},{\"@type\":\"Organization\",\"@id\":\"https:\/\/longchangchemical.com\/#organization\",\"name\":\"Longchang Chemical\",\"url\":\"https:\/\/longchangchemical.com\/\",\"logo\":{\"@type\":\"ImageObject\",\"inLanguage\":\"hu\",\"@id\":\"https:\/\/longchangchemical.com\/#\/schema\/logo\/image\/\",\"url\":\"https:\/\/longchangchemical.com\/wp-content\/uploads\/2020\/08\/cropped-longchang-logo.png\",\"contentUrl\":\"https:\/\/longchangchemical.com\/wp-content\/uploads\/2020\/08\/cropped-longchang-logo.png\",\"width\":512,\"height\":512,\"caption\":\"Longchang Chemical\"},\"image\":{\"@id\":\"https:\/\/longchangchemical.com\/#\/schema\/logo\/image\/\"}}]}<\/script>\n<!-- \/ Yoast SEO plugin. -->","yoast_head_json":{"title":"K\u00edna Dibutilamin gy\u00e1rt\u00f3 CAS 111-92-2 - Longchang Chemical","description":"a dibutilamin cas 111-92-2 a Longchang Chemical kulcsfontoss\u00e1g\u00fa term\u00e9ke. A legjobb \u00e1rat biztos\u00edtjuk. Mi vagyunk a vezet\u0151 gy\u00e1rt\u00f3 \u00e9s sz\u00e1ll\u00edt\u00f3 K\u00edn\u00e1ban a legjobb min\u0151s\u00e9ggel \u00e9s versenyk\u00e9pes \u00e1rral.","robots":{"index":"index","follow":"follow","max-snippet":"max-snippet:-1","max-image-preview":"max-image-preview:large","max-video-preview":"max-video-preview:-1"},"canonical":"https:\/\/longchangchemical.com\/hu\/product\/dibutylamine-cas-111-92-2\/","og_locale":"hu_HU","og_type":"article","og_title":"China Dibutylamine Manufacturer CAS 111-92-2 -Longchang Chemical","og_description":"dibutylamine cas 111-92-2 is key product of Longchang Chemical. We provide best price. We are the leading manufacturer and supplier in China with the best quanlity and competitive price.","og_url":"https:\/\/longchangchemical.com\/hu\/product\/dibutylamine-cas-111-92-2\/","og_site_name":"Longchang Chemical","article_modified_time":"2025-12-17T09:25:40+00:00","og_image":[{"width":800,"height":800,"url":"https:\/\/longchangchemical.com\/wp-content\/uploads\/2024\/01\/10-1.jpg","type":"image\/jpeg"}],"twitter_card":"summary_large_image","schema":{"@context":"https:\/\/schema.org","@graph":[{"@type":"WebPage","@id":"https:\/\/longchangchemical.com\/product\/dibutylamine-cas-111-92-2\/","url":"https:\/\/longchangchemical.com\/product\/dibutylamine-cas-111-92-2\/","name":"K\u00edna Dibutilamin gy\u00e1rt\u00f3 CAS 111-92-2 - Longchang Chemical","isPartOf":{"@id":"https:\/\/longchangchemical.com\/#website"},"primaryImageOfPage":{"@id":"https:\/\/longchangchemical.com\/product\/dibutylamine-cas-111-92-2\/#primaryimage"},"image":{"@id":"https:\/\/longchangchemical.com\/product\/dibutylamine-cas-111-92-2\/#primaryimage"},"thumbnailUrl":"https:\/\/longchangchemical.com\/wp-content\/uploads\/2024\/01\/10-1.jpg","datePublished":"2024-01-16T06:45:25+00:00","dateModified":"2025-12-17T09:25:40+00:00","description":"a dibutilamin cas 111-92-2 a Longchang Chemical kulcsfontoss\u00e1g\u00fa term\u00e9ke. A legjobb \u00e1rat biztos\u00edtjuk. Mi vagyunk a vezet\u0151 gy\u00e1rt\u00f3 \u00e9s sz\u00e1ll\u00edt\u00f3 K\u00edn\u00e1ban a legjobb min\u0151s\u00e9ggel \u00e9s versenyk\u00e9pes \u00e1rral.","breadcrumb":{"@id":"https:\/\/longchangchemical.com\/product\/dibutylamine-cas-111-92-2\/#breadcrumb"},"inLanguage":"hu","potentialAction":[{"@type":"ReadAction","target":["https:\/\/longchangchemical.com\/product\/dibutylamine-cas-111-92-2\/"]}]},{"@type":"ImageObject","inLanguage":"hu","@id":"https:\/\/longchangchemical.com\/product\/dibutylamine-cas-111-92-2\/#primaryimage","url":"https:\/\/longchangchemical.com\/wp-content\/uploads\/2024\/01\/10-1.jpg","contentUrl":"https:\/\/longchangchemical.com\/wp-content\/uploads\/2024\/01\/10-1.jpg","width":800,"height":800,"caption":"dibutylamine cas 111-92-2"},{"@type":"BreadcrumbList","@id":"https:\/\/longchangchemical.com\/product\/dibutylamine-cas-111-92-2\/#breadcrumb","itemListElement":[{"@type":"ListItem","position":1,"name":"Home","item":"https:\/\/longchangchemical.com\/"},{"@type":"ListItem","position":2,"name":"Products Longchang","item":"https:\/\/longchangchemical.com\/product\/"},{"@type":"ListItem","position":3,"name":"dibutylamine cas 111-92-2"}]},{"@type":"WebSite","@id":"https:\/\/longchangchemical.com\/#website","url":"https:\/\/longchangchemical.com\/","name":"Longchang Chemical","description":"K\u00edna k\u00e9miai gy\u00e1rt\u00f3 \uff06 sz\u00e1ll\u00edt\u00f3","publisher":{"@id":"https:\/\/longchangchemical.com\/#organization"},"potentialAction":[{"@type":"SearchAction","target":{"@type":"EntryPoint","urlTemplate":"https:\/\/longchangchemical.com\/?s={search_term_string}"},"query-input":{"@type":"PropertyValueSpecification","valueRequired":true,"valueName":"search_term_string"}}],"inLanguage":"hu"},{"@type":"Organization","@id":"https:\/\/longchangchemical.com\/#organization","name":"Longchang Chemical","url":"https:\/\/longchangchemical.com\/","logo":{"@type":"ImageObject","inLanguage":"hu","@id":"https:\/\/longchangchemical.com\/#\/schema\/logo\/image\/","url":"https:\/\/longchangchemical.com\/wp-content\/uploads\/2020\/08\/cropped-longchang-logo.png","contentUrl":"https:\/\/longchangchemical.com\/wp-content\/uploads\/2020\/08\/cropped-longchang-logo.png","width":512,"height":512,"caption":"Longchang Chemical"},"image":{"@id":"https:\/\/longchangchemical.com\/#\/schema\/logo\/image\/"}}]}},"_links":{"self":[{"href":"https:\/\/longchangchemical.com\/hu\/wp-json\/wp\/v2\/product\/4221","targetHints":{"allow":["GET"]}}],"collection":[{"href":"https:\/\/longchangchemical.com\/hu\/wp-json\/wp\/v2\/product"}],"about":[{"href":"https:\/\/longchangchemical.com\/hu\/wp-json\/wp\/v2\/types\/product"}],"replies":[{"embeddable":true,"href":"https:\/\/longchangchemical.com\/hu\/wp-json\/wp\/v2\/comments?post=4221"}],"wp:featuredmedia":[{"embeddable":true,"href":"https:\/\/longchangchemical.com\/hu\/wp-json\/wp\/v2\/media\/6482"}],"wp:attachment":[{"href":"https:\/\/longchangchemical.com\/hu\/wp-json\/wp\/v2\/media?parent=4221"}],"wp:term":[{"taxonomy":"product_brand","embeddable":true,"href":"https:\/\/longchangchemical.com\/hu\/wp-json\/wp\/v2\/product_brand?post=4221"},{"taxonomy":"product_cat","embeddable":true,"href":"https:\/\/longchangchemical.com\/hu\/wp-json\/wp\/v2\/product_cat?post=4221"},{"taxonomy":"product_tag","embeddable":true,"href":"https:\/\/longchangchemical.com\/hu\/wp-json\/wp\/v2\/product_tag?post=4221"}],"curies":[{"name":"wp","href":"https:\/\/api.w.org\/{rel}","templated":true}]}}