{"id":4220,"date":"2024-01-17T01:14:57","date_gmt":"2024-01-17T01:14:57","guid":{"rendered":"https:\/\/longchangchemical.com\/?post_type=product&#038;p=4220"},"modified":"2025-12-17T09:21:35","modified_gmt":"2025-12-17T09:21:35","slug":"12-diformyloxyethane-cas-629-15-2","status":"publish","type":"product","link":"https:\/\/longchangchemical.com\/hu\/product\/12-diformyloxyethane-cas-629-15-2\/","title":{"rendered":"1,2-diformiloxiet\u00e1n cas 629-15-2"},"content":{"rendered":"<h2><strong>1,2-Diformiloxiet\u00e1nT\u00edpusos tulajdons\u00e1gok<\/strong><\/h2>\n<table class=\"table-1\" cellspacing=\"0\">\n<tbody>\n<tr>\n<td>T\u00e9telek<\/td>\n<td>M\u0171szaki adatok<\/td>\n<\/tr>\n<tr>\n<td>Megjelen\u00e9s<\/td>\n<td>Sz\u00edntelen folyad\u00e9k<\/td>\n<\/tr>\n<tr>\n<td>Tartalom<\/td>\n<td>\u226595.0%<\/td>\n<\/tr>\n<tr>\n<td>pH-\u00e9rt\u00e9k<\/td>\n<td>4-7<\/td>\n<\/tr>\n<tr>\n<td>Nedvess\u00e9g<\/td>\n<td>\u22640,50%<\/td>\n<\/tr>\n<\/tbody>\n<\/table>\n<h2><strong>1,2-Diformiloxiet\u00e1nHaszn\u00e1lat<\/strong><\/h2>\n<p>Textilipari seg\u00e9danyagk\u00e9nt \u00e9s savany\u00edt\u00f3szerk\u00e9nt haszn\u00e1lj\u00e1k a sz\u00e1lak \u00e9s a bel\u0151l\u00fck k\u00e9sz\u00fclt term\u00e9kek fest\u00e9s\u00e9ben vagy nyomtat\u00e1s\u00e1ban.<\/p>\n<h2><strong>1,2-Diformiloxiet\u00e1n Csomagol\u00e1s \u00e9s sz\u00e1ll\u00edt\u00e1s<\/strong><\/h2>\n<p>200 kg\/dob<\/p>\n<h2><strong>1,2-Diformiloxiet\u00e1nT\u00e1rol\u00e1s<\/strong><\/h2>\n<p>H\u0171v\u00f6s, sz\u00e1raz \u00e9s szell\u0151ztetett helyen, oxid\u00e1l\u00f3szerekt\u0151l, savakt\u00f3l \u00e9s \u00e9lelmiszerekt\u0151l t\u00e1vol kell t\u00e1rolni.<\/p>\n<h2><strong><b>L\u00e9pjen kapcsolatba vel\u00fcnk most!<\/b><\/strong><\/h2>\n<h4><strong><b>Ha COA, MSDS vagy TDS-re van sz\u00fcks\u00e9ge, k\u00e9rj\u00fck, t\u00f6ltse ki el\u00e9rhet\u0151s\u00e9g\u00e9t az al\u00e1bbi \u0171rlapon, \u00e1ltal\u00e1ban 24 \u00f3r\u00e1n bel\u00fcl felvessz\u00fck \u00d6nnel a kapcsolatot. \u00d6n is k\u00fcldhet nekem e-mailt <span style=\"color: #0000ff;\"><a style=\"color: #0000ff;\" href=\"mailto:info@longchangchemical.com\">info@longchangchemical.com<\/a><\/span> munkaid\u0151ben ( 8:30-18:00 UTC+8 H.-Szombat ) vagy haszn\u00e1lja a weboldal \u00e9l\u0151 chatj\u00e9t, hogy azonnali v\u00e1laszt kapjon.<\/b><\/strong><\/h4>","protected":false},"excerpt":{"rendered":"<h2><strong>1,2-Diformiloxiet\u00e1nGyors r\u00e9szletek<\/strong><\/h2>\n<p>K\u00e9miai n\u00e9v: 1,2-Diformiloxiet\u00e1n<br \/>\nCAS-sz\u00e1m: 629-15-2<br \/>\nMolekul\u00e1ris k\u00e9plet:C4H6O4<\/p>\n<p>K\u00e9miai szerkezet:<img decoding=\"async\" title=\"1,2-Diformiloxiet\u00e1n szerkezet\" src=\"https:\/\/www.longchangchemical.com\/wp-content\/uploads\/product-details\/20200610079484.png\" alt=\"1,2-Diformiloxiet\u00e1n szerkezet\" width=\"115\" height=\"88\" border=\"0\" vspace=\"0\" \/><\/p>\n<p>Molekulat\u00f6meg:118,09<\/p>\n<p>Megjelen\u00e9s: Sz\u00edntelen \u00e1tl\u00e1tsz\u00f3 folyad\u00e9k<\/p>\n<p>Vizsg\u00e1lat: \u226595%<\/p>","protected":false},"featured_media":6486,"comment_status":"open","ping_status":"closed","template":"","meta":[],"product_brand":[],"product_cat":[69],"product_tag":[],"class_list":{"0":"post-4220","1":"product","2":"type-product","3":"status-publish","4":"has-post-thumbnail","6":"product_cat-catalysts-chemical-auxiliary-agents","8":"first","9":"instock","10":"shipping-taxable","11":"product-type-simple"},"yoast_head":"<!-- This site is optimized with the Yoast SEO plugin v25.3.1 - https:\/\/yoast.com\/wordpress\/plugins\/seo\/ -->\n<title>China 1,2-diformyloxyethane Manufacturer CAS 629-15-2 -Longchang Chemical<\/title>\n<meta name=\"description\" content=\"1,2-diformyloxyethane cas 629-15-2 is key product of Longchang Chemical. We provide best price. We are the leading manufacturer and supplier in China with the best quanlity and competitive price.\" \/>\n<meta name=\"robots\" content=\"index, follow, max-snippet:-1, max-image-preview:large, max-video-preview:-1\" \/>\n<link rel=\"canonical\" href=\"https:\/\/longchangchemical.com\/hu\/product\/12-diformyloxyethane-cas-629-15-2\/\" \/>\n<meta property=\"og:locale\" content=\"hu_HU\" \/>\n<meta property=\"og:type\" content=\"article\" \/>\n<meta property=\"og:title\" content=\"China 1,2-diformyloxyethane Manufacturer CAS 629-15-2 -Longchang Chemical\" \/>\n<meta property=\"og:description\" content=\"1,2-diformyloxyethane cas 629-15-2 is key product of Longchang Chemical. We provide best price. We are the leading manufacturer and supplier in China with the best quanlity and competitive price.\" \/>\n<meta property=\"og:url\" content=\"https:\/\/longchangchemical.com\/hu\/product\/12-diformyloxyethane-cas-629-15-2\/\" \/>\n<meta property=\"og:site_name\" content=\"Longchang Chemical\" \/>\n<meta property=\"article:modified_time\" content=\"2025-12-17T09:21:35+00:00\" \/>\n<meta property=\"og:image\" content=\"https:\/\/longchangchemical.com\/wp-content\/uploads\/2021\/01\/4-5.jpg\" \/>\n\t<meta property=\"og:image:width\" content=\"800\" \/>\n\t<meta property=\"og:image:height\" content=\"800\" \/>\n\t<meta property=\"og:image:type\" content=\"image\/jpeg\" \/>\n<meta name=\"twitter:card\" content=\"summary_large_image\" \/>\n<script type=\"application\/ld+json\" class=\"yoast-schema-graph\">{\"@context\":\"https:\/\/schema.org\",\"@graph\":[{\"@type\":\"WebPage\",\"@id\":\"https:\/\/longchangchemical.com\/product\/12-diformyloxyethane-cas-629-15-2\/\",\"url\":\"https:\/\/longchangchemical.com\/product\/12-diformyloxyethane-cas-629-15-2\/\",\"name\":\"China 1,2-diformyloxyethane Manufacturer CAS 629-15-2 -Longchang Chemical\",\"isPartOf\":{\"@id\":\"https:\/\/longchangchemical.com\/#website\"},\"primaryImageOfPage\":{\"@id\":\"https:\/\/longchangchemical.com\/product\/12-diformyloxyethane-cas-629-15-2\/#primaryimage\"},\"image\":{\"@id\":\"https:\/\/longchangchemical.com\/product\/12-diformyloxyethane-cas-629-15-2\/#primaryimage\"},\"thumbnailUrl\":\"https:\/\/longchangchemical.com\/wp-content\/uploads\/2021\/01\/4-5.jpg\",\"datePublished\":\"2024-01-17T01:14:57+00:00\",\"dateModified\":\"2025-12-17T09:21:35+00:00\",\"description\":\"1,2-diformyloxyethane cas 629-15-2 is key product of Longchang Chemical. We provide best price. We are the leading manufacturer and supplier in China with the best quanlity and competitive price.\",\"breadcrumb\":{\"@id\":\"https:\/\/longchangchemical.com\/product\/12-diformyloxyethane-cas-629-15-2\/#breadcrumb\"},\"inLanguage\":\"hu\",\"potentialAction\":[{\"@type\":\"ReadAction\",\"target\":[\"https:\/\/longchangchemical.com\/product\/12-diformyloxyethane-cas-629-15-2\/\"]}]},{\"@type\":\"ImageObject\",\"inLanguage\":\"hu\",\"@id\":\"https:\/\/longchangchemical.com\/product\/12-diformyloxyethane-cas-629-15-2\/#primaryimage\",\"url\":\"https:\/\/longchangchemical.com\/wp-content\/uploads\/2021\/01\/4-5.jpg\",\"contentUrl\":\"https:\/\/longchangchemical.com\/wp-content\/uploads\/2021\/01\/4-5.jpg\",\"width\":800,\"height\":800,\"caption\":\"1,2-diformyloxyethane cas 629-15-2\"},{\"@type\":\"BreadcrumbList\",\"@id\":\"https:\/\/longchangchemical.com\/product\/12-diformyloxyethane-cas-629-15-2\/#breadcrumb\",\"itemListElement\":[{\"@type\":\"ListItem\",\"position\":1,\"name\":\"Home\",\"item\":\"https:\/\/longchangchemical.com\/\"},{\"@type\":\"ListItem\",\"position\":2,\"name\":\"Products Longchang\",\"item\":\"https:\/\/longchangchemical.com\/product\/\"},{\"@type\":\"ListItem\",\"position\":3,\"name\":\"1,2-diformyloxyethane cas 629-15-2\"}]},{\"@type\":\"WebSite\",\"@id\":\"https:\/\/longchangchemical.com\/#website\",\"url\":\"https:\/\/longchangchemical.com\/\",\"name\":\"Longchang Chemical\",\"description\":\"China chemical manufacturer \uff06 supplier\",\"publisher\":{\"@id\":\"https:\/\/longchangchemical.com\/#organization\"},\"potentialAction\":[{\"@type\":\"SearchAction\",\"target\":{\"@type\":\"EntryPoint\",\"urlTemplate\":\"https:\/\/longchangchemical.com\/?s={search_term_string}\"},\"query-input\":{\"@type\":\"PropertyValueSpecification\",\"valueRequired\":true,\"valueName\":\"search_term_string\"}}],\"inLanguage\":\"hu\"},{\"@type\":\"Organization\",\"@id\":\"https:\/\/longchangchemical.com\/#organization\",\"name\":\"Longchang Chemical\",\"url\":\"https:\/\/longchangchemical.com\/\",\"logo\":{\"@type\":\"ImageObject\",\"inLanguage\":\"hu\",\"@id\":\"https:\/\/longchangchemical.com\/#\/schema\/logo\/image\/\",\"url\":\"https:\/\/longchangchemical.com\/wp-content\/uploads\/2020\/08\/cropped-longchang-logo.png\",\"contentUrl\":\"https:\/\/longchangchemical.com\/wp-content\/uploads\/2020\/08\/cropped-longchang-logo.png\",\"width\":512,\"height\":512,\"caption\":\"Longchang Chemical\"},\"image\":{\"@id\":\"https:\/\/longchangchemical.com\/#\/schema\/logo\/image\/\"}}]}<\/script>\n<!-- \/ Yoast SEO plugin. -->","yoast_head_json":{"title":"K\u00edna 1,2-diformiloxiet\u00e1n gy\u00e1rt\u00f3 CAS 629-15-2 -Longchang Chemical","description":"Az 1,2-diformiloxiet\u00e1n cas 629-15-2 a Longchang Chemical kulcsfontoss\u00e1g\u00fa term\u00e9ke. A legjobb \u00e1rat biztos\u00edtjuk. Mi vagyunk a vezet\u0151 gy\u00e1rt\u00f3 \u00e9s sz\u00e1ll\u00edt\u00f3 K\u00edn\u00e1ban a legjobb min\u0151s\u00e9ggel \u00e9s versenyk\u00e9pes \u00e1rral.","robots":{"index":"index","follow":"follow","max-snippet":"max-snippet:-1","max-image-preview":"max-image-preview:large","max-video-preview":"max-video-preview:-1"},"canonical":"https:\/\/longchangchemical.com\/hu\/product\/12-diformyloxyethane-cas-629-15-2\/","og_locale":"hu_HU","og_type":"article","og_title":"China 1,2-diformyloxyethane Manufacturer CAS 629-15-2 -Longchang Chemical","og_description":"1,2-diformyloxyethane cas 629-15-2 is key product of Longchang Chemical. We provide best price. We are the leading manufacturer and supplier in China with the best quanlity and competitive price.","og_url":"https:\/\/longchangchemical.com\/hu\/product\/12-diformyloxyethane-cas-629-15-2\/","og_site_name":"Longchang Chemical","article_modified_time":"2025-12-17T09:21:35+00:00","og_image":[{"width":800,"height":800,"url":"https:\/\/longchangchemical.com\/wp-content\/uploads\/2021\/01\/4-5.jpg","type":"image\/jpeg"}],"twitter_card":"summary_large_image","schema":{"@context":"https:\/\/schema.org","@graph":[{"@type":"WebPage","@id":"https:\/\/longchangchemical.com\/product\/12-diformyloxyethane-cas-629-15-2\/","url":"https:\/\/longchangchemical.com\/product\/12-diformyloxyethane-cas-629-15-2\/","name":"K\u00edna 1,2-diformiloxiet\u00e1n gy\u00e1rt\u00f3 CAS 629-15-2 -Longchang Chemical","isPartOf":{"@id":"https:\/\/longchangchemical.com\/#website"},"primaryImageOfPage":{"@id":"https:\/\/longchangchemical.com\/product\/12-diformyloxyethane-cas-629-15-2\/#primaryimage"},"image":{"@id":"https:\/\/longchangchemical.com\/product\/12-diformyloxyethane-cas-629-15-2\/#primaryimage"},"thumbnailUrl":"https:\/\/longchangchemical.com\/wp-content\/uploads\/2021\/01\/4-5.jpg","datePublished":"2024-01-17T01:14:57+00:00","dateModified":"2025-12-17T09:21:35+00:00","description":"Az 1,2-diformiloxiet\u00e1n cas 629-15-2 a Longchang Chemical kulcsfontoss\u00e1g\u00fa term\u00e9ke. A legjobb \u00e1rat biztos\u00edtjuk. Mi vagyunk a vezet\u0151 gy\u00e1rt\u00f3 \u00e9s sz\u00e1ll\u00edt\u00f3 K\u00edn\u00e1ban a legjobb min\u0151s\u00e9ggel \u00e9s versenyk\u00e9pes \u00e1rral.","breadcrumb":{"@id":"https:\/\/longchangchemical.com\/product\/12-diformyloxyethane-cas-629-15-2\/#breadcrumb"},"inLanguage":"hu","potentialAction":[{"@type":"ReadAction","target":["https:\/\/longchangchemical.com\/product\/12-diformyloxyethane-cas-629-15-2\/"]}]},{"@type":"ImageObject","inLanguage":"hu","@id":"https:\/\/longchangchemical.com\/product\/12-diformyloxyethane-cas-629-15-2\/#primaryimage","url":"https:\/\/longchangchemical.com\/wp-content\/uploads\/2021\/01\/4-5.jpg","contentUrl":"https:\/\/longchangchemical.com\/wp-content\/uploads\/2021\/01\/4-5.jpg","width":800,"height":800,"caption":"1,2-diformyloxyethane cas 629-15-2"},{"@type":"BreadcrumbList","@id":"https:\/\/longchangchemical.com\/product\/12-diformyloxyethane-cas-629-15-2\/#breadcrumb","itemListElement":[{"@type":"ListItem","position":1,"name":"Home","item":"https:\/\/longchangchemical.com\/"},{"@type":"ListItem","position":2,"name":"Products Longchang","item":"https:\/\/longchangchemical.com\/product\/"},{"@type":"ListItem","position":3,"name":"1,2-diformyloxyethane cas 629-15-2"}]},{"@type":"WebSite","@id":"https:\/\/longchangchemical.com\/#website","url":"https:\/\/longchangchemical.com\/","name":"Longchang Chemical","description":"K\u00edna k\u00e9miai gy\u00e1rt\u00f3 \uff06 sz\u00e1ll\u00edt\u00f3","publisher":{"@id":"https:\/\/longchangchemical.com\/#organization"},"potentialAction":[{"@type":"SearchAction","target":{"@type":"EntryPoint","urlTemplate":"https:\/\/longchangchemical.com\/?s={search_term_string}"},"query-input":{"@type":"PropertyValueSpecification","valueRequired":true,"valueName":"search_term_string"}}],"inLanguage":"hu"},{"@type":"Organization","@id":"https:\/\/longchangchemical.com\/#organization","name":"Longchang Chemical","url":"https:\/\/longchangchemical.com\/","logo":{"@type":"ImageObject","inLanguage":"hu","@id":"https:\/\/longchangchemical.com\/#\/schema\/logo\/image\/","url":"https:\/\/longchangchemical.com\/wp-content\/uploads\/2020\/08\/cropped-longchang-logo.png","contentUrl":"https:\/\/longchangchemical.com\/wp-content\/uploads\/2020\/08\/cropped-longchang-logo.png","width":512,"height":512,"caption":"Longchang Chemical"},"image":{"@id":"https:\/\/longchangchemical.com\/#\/schema\/logo\/image\/"}}]}},"_links":{"self":[{"href":"https:\/\/longchangchemical.com\/hu\/wp-json\/wp\/v2\/product\/4220","targetHints":{"allow":["GET"]}}],"collection":[{"href":"https:\/\/longchangchemical.com\/hu\/wp-json\/wp\/v2\/product"}],"about":[{"href":"https:\/\/longchangchemical.com\/hu\/wp-json\/wp\/v2\/types\/product"}],"replies":[{"embeddable":true,"href":"https:\/\/longchangchemical.com\/hu\/wp-json\/wp\/v2\/comments?post=4220"}],"wp:featuredmedia":[{"embeddable":true,"href":"https:\/\/longchangchemical.com\/hu\/wp-json\/wp\/v2\/media\/6486"}],"wp:attachment":[{"href":"https:\/\/longchangchemical.com\/hu\/wp-json\/wp\/v2\/media?parent=4220"}],"wp:term":[{"taxonomy":"product_brand","embeddable":true,"href":"https:\/\/longchangchemical.com\/hu\/wp-json\/wp\/v2\/product_brand?post=4220"},{"taxonomy":"product_cat","embeddable":true,"href":"https:\/\/longchangchemical.com\/hu\/wp-json\/wp\/v2\/product_cat?post=4220"},{"taxonomy":"product_tag","embeddable":true,"href":"https:\/\/longchangchemical.com\/hu\/wp-json\/wp\/v2\/product_tag?post=4220"}],"curies":[{"name":"wp","href":"https:\/\/api.w.org\/{rel}","templated":true}]}}