{"id":4219,"date":"2024-01-17T01:34:15","date_gmt":"2024-01-17T01:34:15","guid":{"rendered":"https:\/\/longchangchemical.com\/?post_type=product&#038;p=4219"},"modified":"2025-12-17T05:54:05","modified_gmt":"2025-12-17T05:54:05","slug":"oleylamine-cas-112-90-3","status":"publish","type":"product","link":"https:\/\/longchangchemical.com\/hu\/product\/oleylamine-cas-112-90-3\/","title":{"rendered":"Oleilamin cas 112-90-3"},"content":{"rendered":"<h2><strong>OleilaminT\u00edpusos tulajdons\u00e1gok<\/strong><\/h2>\n<table class=\"table-1\" cellspacing=\"0\">\n<tbody>\n<tr>\n<td><strong>T\u00e9tel<\/strong><\/td>\n<td><strong>M\u0171szaki adatok<\/strong><\/td>\n<\/tr>\n<tr>\n<td>Els\u0151dleges amintartalom%<\/td>\n<td>98min<\/td>\n<\/tr>\n<tr>\n<td>Amin\u00e9rt\u00e9k\uff0cmgKOH\/g<\/td>\n<td>198-212<\/td>\n<\/tr>\n<tr>\n<td>J\u00f3d\u00e9rt\u00e9k\uff0cg\/100g<\/td>\n<td>80-100<\/td>\n<\/tr>\n<tr>\n<td>Colour\uff0chazen<\/td>\n<td>80max<\/td>\n<\/tr>\n<\/tbody>\n<\/table>\n<h2><strong>OleilaminHaszn\u00e1lat<\/strong><\/h2>\n<ol>\n<li>A kationos \u00e9s amfoter tenzidek fontos k\u00f6ztes term\u00e9ke, amelyet sz\u00e9les k\u00f6rben haszn\u00e1lnak \u00e1sv\u00e1nyi flot\u00e1ci\u00f3s szerekben, a sz\u00e1lak v\u00edz\u00e1ll\u00f3 l\u00e1gy\u00edt\u00f3j\u00e1ban, fest\u00e9si asszisztensben, antisztatikus szerben, pigment diszperg\u00e1l\u00f3szerben, rozsdag\u00e1tl\u00f3 szerekben, tr\u00e1gy\u00e1z\u00f3szer csom\u00f3sod\u00e1sg\u00e1tl\u00f3j\u00e1ban, ken\u0151olaj, cs\u00edra\u00f6l\u0151 szerek bitumen emulge\u00e1l\u00f3 adal\u00e9kanyagaiban, cs\u00edra\u00f6l\u0151 szerekben stb.<\/li>\n<li>Szerves intermedierek \u00e9s seg\u00e9danyagok<\/li>\n<li><strong>K\u00e9miai szint\u00e9zis:<\/strong> A 112-90-3 CAS-sz\u00e1m\u00fa oleil-amint sz\u00e9les k\u00f6rben haszn\u00e1lj\u00e1k a k\u00e9miai szint\u00e9zisben. Sokoldal\u00fa k\u00f6ztes term\u00e9kk\u00e9nt szolg\u00e1l k\u00fcl\u00f6nb\u00f6z\u0151 szerves vegy\u00fcletek, t\u00f6bbek k\u00f6z\u00f6tt fel\u00fcletakt\u00edv anyagok, ken\u0151anyagok \u00e9s speci\u00e1lis vegyi anyagok el\u0151\u00e1ll\u00edt\u00e1s\u00e1hoz.<\/li>\n<li><strong>Fel\u00fcletakt\u00edv anyagok \u00e9s emulge\u00e1l\u00f3szerek:<\/strong> Ezt a vegy\u00fcletet fel\u00fcletakt\u00edv anyagk\u00e9nt \u00e9s emulge\u00e1l\u00f3szerk\u00e9nt alkalmazz\u00e1k. Az oleil-amint olyan term\u00e9kek, p\u00e9ld\u00e1ul emulge\u00e1lhat\u00f3 koncentr\u00e1tumok k\u00e9sz\u00edt\u00e9s\u00e9n\u00e9l haszn\u00e1lj\u00e1k, ahol seg\u00edt az olajalap\u00fa anyagok v\u00edzben val\u00f3 diszperg\u00e1l\u00e1s\u00e1ban.<\/li>\n<li><strong>Polimeripar:<\/strong> Az oleil-amint a polimeriparban alkalmazz\u00e1k. Polimerek \u00e9s kopolimerek szint\u00e9zis\u00e9ben haszn\u00e1lj\u00e1k, hozz\u00e1j\u00e1rulva a polimerek tulajdons\u00e1gainak m\u00f3dos\u00edt\u00e1s\u00e1hoz \u00e9s speci\u00e1lis anyagok kifejleszt\u00e9s\u00e9hez.<\/li>\n<li><strong>Kataliz\u00e1tor \u00e9s stabiliz\u00e1tor:<\/strong> Egyes esetekben az oleil-amint kataliz\u00e1tork\u00e9nt vagy stabiliz\u00e1tork\u00e9nt haszn\u00e1lj\u00e1k k\u00e9miai reakci\u00f3kban \u00e9s folyamatokban. Egyedi tulajdons\u00e1gai alkalmass\u00e1 teszik bizonyos katalitikus \u00e9s stabiliz\u00e1l\u00f3 alkalmaz\u00e1sokhoz.<\/li>\n<\/ol>\n<h2><strong>OleilaminKiszerel\u00e9s \u00e9s sz\u00e1ll\u00edt\u00e1s<\/strong><\/h2>\n<p>Csomagol\u00e1s: 160kg\/dob<\/p>\n<p>Sz\u00e1ll\u00edt\u00e1s: UN2735 Az \u00e1ruk rakt\u00e1ron vannak, \u00e9s tengeri, l\u00e9gi vagy fut\u00e1rszolg\u00e1lattal sz\u00e1ll\u00edthat\u00f3ak.<\/p>\n<h2><strong>Oleilamin t\u00e1rol\u00e1sa<\/strong><\/h2>\n<p>K\u00f6zvetlen napf\u00e9nyt\u0151l v\u00e9dett, h\u0171v\u00f6s, sz\u00e1raz helyen t\u00e1rolva.<\/p>\n<h2><strong><b>L\u00e9pjen kapcsolatba vel\u00fcnk most!<\/b><\/strong><\/h2>\n<p><strong><b>Ha COA, MSDS vagy TDS-re van sz\u00fcks\u00e9ge, k\u00e9rj\u00fck, t\u00f6ltse ki el\u00e9rhet\u0151s\u00e9g\u00e9t az al\u00e1bbi \u0171rlapon, \u00e1ltal\u00e1ban 24 \u00f3r\u00e1n bel\u00fcl felvessz\u00fck \u00d6nnel a kapcsolatot. \u00d6n is k\u00fcldhet nekem e-mailt <span style=\"color: #0000ff;\"><a style=\"color: #0000ff;\" href=\"mailto:info@longchangchemical.com\">info@longchangchemical.com<\/a><\/span> munkaid\u0151ben ( 8:30-18:00 UTC+8 H.-Szombat ) vagy haszn\u00e1lja a weboldal \u00e9l\u0151 chatj\u00e9t, hogy azonnali v\u00e1laszt kapjon.<\/b><\/strong><\/p>","protected":false},"excerpt":{"rendered":"<h2><strong>OleilaminGyors r\u00e9szletek<\/strong><\/h2>\n<p>K\u00e9miai n\u00e9v: Oleilamin<br \/>\nCAS-sz\u00e1m: 112-90-3<br \/>\nMolekul\u00e1ris k\u00e9plet:C18H37N<\/p>\n<p>K\u00e9miai szerkezet:<img decoding=\"async\" title=\"Oleilamin szerkezet\" src=\"https:\/\/www.longchangchemical.com\/wp-content\/uploads\/product-details\/20200616329436.png\" alt=\"Oleilamin szerkezet\" width=\"537\" height=\"69\" border=\"0\" vspace=\"0\" \/><\/p>\n<p>Molekulat\u00f6meg:267,49<\/p>\n<p>Megjelen\u00e9s: Sz\u00edntelen folyad\u00e9k vagy szil\u00e1rd anyag<\/p>\n<p>Vizsg\u00e1lat:98%<\/p>","protected":false},"featured_media":6491,"comment_status":"open","ping_status":"closed","template":"","meta":[],"product_brand":[],"product_cat":[15],"product_tag":[],"class_list":{"0":"post-4219","1":"product","2":"type-product","3":"status-publish","4":"has-post-thumbnail","6":"product_cat-food-additives","8":"first","9":"instock","10":"shipping-taxable","11":"product-type-simple"},"yoast_head":"<!-- This site is optimized with the Yoast SEO plugin v25.3.1 - https:\/\/yoast.com\/wordpress\/plugins\/seo\/ -->\n<title>China Oleylamine Manufacturer CAS 112-90-3 -Longchang Chemical<\/title>\n<meta name=\"description\" content=\"Oleylamine cas 112-90-3 is key product of Longchang Chemical. We provide best price. We are the leading manufacturer and supplier in China with the best quanlity and competitive price.\" \/>\n<meta name=\"robots\" content=\"index, follow, max-snippet:-1, max-image-preview:large, max-video-preview:-1\" \/>\n<link rel=\"canonical\" href=\"https:\/\/longchangchemical.com\/hu\/product\/oleylamine-cas-112-90-3\/\" \/>\n<meta property=\"og:locale\" content=\"hu_HU\" \/>\n<meta property=\"og:type\" content=\"article\" \/>\n<meta property=\"og:title\" content=\"China Oleylamine Manufacturer CAS 112-90-3 -Longchang Chemical\" \/>\n<meta property=\"og:description\" content=\"Oleylamine cas 112-90-3 is key product of Longchang Chemical. We provide best price. We are the leading manufacturer and supplier in China with the best quanlity and competitive price.\" \/>\n<meta property=\"og:url\" content=\"https:\/\/longchangchemical.com\/hu\/product\/oleylamine-cas-112-90-3\/\" \/>\n<meta property=\"og:site_name\" content=\"Longchang Chemical\" \/>\n<meta property=\"article:modified_time\" content=\"2025-12-17T05:54:05+00:00\" \/>\n<meta property=\"og:image\" content=\"https:\/\/longchangchemical.com\/wp-content\/uploads\/2024\/01\/5.jpg\" \/>\n\t<meta property=\"og:image:width\" content=\"800\" \/>\n\t<meta property=\"og:image:height\" content=\"800\" \/>\n\t<meta property=\"og:image:type\" content=\"image\/jpeg\" \/>\n<meta name=\"twitter:card\" content=\"summary_large_image\" \/>\n<script type=\"application\/ld+json\" class=\"yoast-schema-graph\">{\"@context\":\"https:\/\/schema.org\",\"@graph\":[{\"@type\":\"WebPage\",\"@id\":\"https:\/\/longchangchemical.com\/product\/oleylamine-cas-112-90-3\/\",\"url\":\"https:\/\/longchangchemical.com\/product\/oleylamine-cas-112-90-3\/\",\"name\":\"China Oleylamine Manufacturer CAS 112-90-3 -Longchang Chemical\",\"isPartOf\":{\"@id\":\"https:\/\/longchangchemical.com\/#website\"},\"primaryImageOfPage\":{\"@id\":\"https:\/\/longchangchemical.com\/product\/oleylamine-cas-112-90-3\/#primaryimage\"},\"image\":{\"@id\":\"https:\/\/longchangchemical.com\/product\/oleylamine-cas-112-90-3\/#primaryimage\"},\"thumbnailUrl\":\"https:\/\/longchangchemical.com\/wp-content\/uploads\/2024\/01\/5.jpg\",\"datePublished\":\"2024-01-17T01:34:15+00:00\",\"dateModified\":\"2025-12-17T05:54:05+00:00\",\"description\":\"Oleylamine cas 112-90-3 is key product of Longchang Chemical. We provide best price. We are the leading manufacturer and supplier in China with the best quanlity and competitive price.\",\"breadcrumb\":{\"@id\":\"https:\/\/longchangchemical.com\/product\/oleylamine-cas-112-90-3\/#breadcrumb\"},\"inLanguage\":\"hu\",\"potentialAction\":[{\"@type\":\"ReadAction\",\"target\":[\"https:\/\/longchangchemical.com\/product\/oleylamine-cas-112-90-3\/\"]}]},{\"@type\":\"ImageObject\",\"inLanguage\":\"hu\",\"@id\":\"https:\/\/longchangchemical.com\/product\/oleylamine-cas-112-90-3\/#primaryimage\",\"url\":\"https:\/\/longchangchemical.com\/wp-content\/uploads\/2024\/01\/5.jpg\",\"contentUrl\":\"https:\/\/longchangchemical.com\/wp-content\/uploads\/2024\/01\/5.jpg\",\"width\":800,\"height\":800,\"caption\":\"Oleylamine cas 112-90-3\"},{\"@type\":\"BreadcrumbList\",\"@id\":\"https:\/\/longchangchemical.com\/product\/oleylamine-cas-112-90-3\/#breadcrumb\",\"itemListElement\":[{\"@type\":\"ListItem\",\"position\":1,\"name\":\"Home\",\"item\":\"https:\/\/longchangchemical.com\/\"},{\"@type\":\"ListItem\",\"position\":2,\"name\":\"Products Longchang\",\"item\":\"https:\/\/longchangchemical.com\/product\/\"},{\"@type\":\"ListItem\",\"position\":3,\"name\":\"Oleylamine cas 112-90-3\"}]},{\"@type\":\"WebSite\",\"@id\":\"https:\/\/longchangchemical.com\/#website\",\"url\":\"https:\/\/longchangchemical.com\/\",\"name\":\"Longchang Chemical\",\"description\":\"China chemical manufacturer \uff06 supplier\",\"publisher\":{\"@id\":\"https:\/\/longchangchemical.com\/#organization\"},\"potentialAction\":[{\"@type\":\"SearchAction\",\"target\":{\"@type\":\"EntryPoint\",\"urlTemplate\":\"https:\/\/longchangchemical.com\/?s={search_term_string}\"},\"query-input\":{\"@type\":\"PropertyValueSpecification\",\"valueRequired\":true,\"valueName\":\"search_term_string\"}}],\"inLanguage\":\"hu\"},{\"@type\":\"Organization\",\"@id\":\"https:\/\/longchangchemical.com\/#organization\",\"name\":\"Longchang Chemical\",\"url\":\"https:\/\/longchangchemical.com\/\",\"logo\":{\"@type\":\"ImageObject\",\"inLanguage\":\"hu\",\"@id\":\"https:\/\/longchangchemical.com\/#\/schema\/logo\/image\/\",\"url\":\"https:\/\/longchangchemical.com\/wp-content\/uploads\/2020\/08\/cropped-longchang-logo.png\",\"contentUrl\":\"https:\/\/longchangchemical.com\/wp-content\/uploads\/2020\/08\/cropped-longchang-logo.png\",\"width\":512,\"height\":512,\"caption\":\"Longchang Chemical\"},\"image\":{\"@id\":\"https:\/\/longchangchemical.com\/#\/schema\/logo\/image\/\"}}]}<\/script>\n<!-- \/ Yoast SEO plugin. -->","yoast_head_json":{"title":"K\u00edna Oleylamine gy\u00e1rt\u00f3 CAS 112-90-3 - Longchang Chemical","description":"Az oleilamin cas 112-90-3 a Longchang Chemical kulcsfontoss\u00e1g\u00fa term\u00e9ke. A legjobb \u00e1rat biztos\u00edtjuk. Mi vagyunk a vezet\u0151 gy\u00e1rt\u00f3 \u00e9s sz\u00e1ll\u00edt\u00f3 K\u00edn\u00e1ban a legjobb min\u0151s\u00e9ggel \u00e9s versenyk\u00e9pes \u00e1rral.","robots":{"index":"index","follow":"follow","max-snippet":"max-snippet:-1","max-image-preview":"max-image-preview:large","max-video-preview":"max-video-preview:-1"},"canonical":"https:\/\/longchangchemical.com\/hu\/product\/oleylamine-cas-112-90-3\/","og_locale":"hu_HU","og_type":"article","og_title":"China Oleylamine Manufacturer CAS 112-90-3 -Longchang Chemical","og_description":"Oleylamine cas 112-90-3 is key product of Longchang Chemical. We provide best price. We are the leading manufacturer and supplier in China with the best quanlity and competitive price.","og_url":"https:\/\/longchangchemical.com\/hu\/product\/oleylamine-cas-112-90-3\/","og_site_name":"Longchang Chemical","article_modified_time":"2025-12-17T05:54:05+00:00","og_image":[{"width":800,"height":800,"url":"https:\/\/longchangchemical.com\/wp-content\/uploads\/2024\/01\/5.jpg","type":"image\/jpeg"}],"twitter_card":"summary_large_image","schema":{"@context":"https:\/\/schema.org","@graph":[{"@type":"WebPage","@id":"https:\/\/longchangchemical.com\/product\/oleylamine-cas-112-90-3\/","url":"https:\/\/longchangchemical.com\/product\/oleylamine-cas-112-90-3\/","name":"K\u00edna Oleylamine gy\u00e1rt\u00f3 CAS 112-90-3 - Longchang Chemical","isPartOf":{"@id":"https:\/\/longchangchemical.com\/#website"},"primaryImageOfPage":{"@id":"https:\/\/longchangchemical.com\/product\/oleylamine-cas-112-90-3\/#primaryimage"},"image":{"@id":"https:\/\/longchangchemical.com\/product\/oleylamine-cas-112-90-3\/#primaryimage"},"thumbnailUrl":"https:\/\/longchangchemical.com\/wp-content\/uploads\/2024\/01\/5.jpg","datePublished":"2024-01-17T01:34:15+00:00","dateModified":"2025-12-17T05:54:05+00:00","description":"Az oleilamin cas 112-90-3 a Longchang Chemical kulcsfontoss\u00e1g\u00fa term\u00e9ke. A legjobb \u00e1rat biztos\u00edtjuk. Mi vagyunk a vezet\u0151 gy\u00e1rt\u00f3 \u00e9s sz\u00e1ll\u00edt\u00f3 K\u00edn\u00e1ban a legjobb min\u0151s\u00e9ggel \u00e9s versenyk\u00e9pes \u00e1rral.","breadcrumb":{"@id":"https:\/\/longchangchemical.com\/product\/oleylamine-cas-112-90-3\/#breadcrumb"},"inLanguage":"hu","potentialAction":[{"@type":"ReadAction","target":["https:\/\/longchangchemical.com\/product\/oleylamine-cas-112-90-3\/"]}]},{"@type":"ImageObject","inLanguage":"hu","@id":"https:\/\/longchangchemical.com\/product\/oleylamine-cas-112-90-3\/#primaryimage","url":"https:\/\/longchangchemical.com\/wp-content\/uploads\/2024\/01\/5.jpg","contentUrl":"https:\/\/longchangchemical.com\/wp-content\/uploads\/2024\/01\/5.jpg","width":800,"height":800,"caption":"Oleylamine cas 112-90-3"},{"@type":"BreadcrumbList","@id":"https:\/\/longchangchemical.com\/product\/oleylamine-cas-112-90-3\/#breadcrumb","itemListElement":[{"@type":"ListItem","position":1,"name":"Home","item":"https:\/\/longchangchemical.com\/"},{"@type":"ListItem","position":2,"name":"Products Longchang","item":"https:\/\/longchangchemical.com\/product\/"},{"@type":"ListItem","position":3,"name":"Oleylamine cas 112-90-3"}]},{"@type":"WebSite","@id":"https:\/\/longchangchemical.com\/#website","url":"https:\/\/longchangchemical.com\/","name":"Longchang Chemical","description":"K\u00edna k\u00e9miai gy\u00e1rt\u00f3 \uff06 sz\u00e1ll\u00edt\u00f3","publisher":{"@id":"https:\/\/longchangchemical.com\/#organization"},"potentialAction":[{"@type":"SearchAction","target":{"@type":"EntryPoint","urlTemplate":"https:\/\/longchangchemical.com\/?s={search_term_string}"},"query-input":{"@type":"PropertyValueSpecification","valueRequired":true,"valueName":"search_term_string"}}],"inLanguage":"hu"},{"@type":"Organization","@id":"https:\/\/longchangchemical.com\/#organization","name":"Longchang Chemical","url":"https:\/\/longchangchemical.com\/","logo":{"@type":"ImageObject","inLanguage":"hu","@id":"https:\/\/longchangchemical.com\/#\/schema\/logo\/image\/","url":"https:\/\/longchangchemical.com\/wp-content\/uploads\/2020\/08\/cropped-longchang-logo.png","contentUrl":"https:\/\/longchangchemical.com\/wp-content\/uploads\/2020\/08\/cropped-longchang-logo.png","width":512,"height":512,"caption":"Longchang Chemical"},"image":{"@id":"https:\/\/longchangchemical.com\/#\/schema\/logo\/image\/"}}]}},"_links":{"self":[{"href":"https:\/\/longchangchemical.com\/hu\/wp-json\/wp\/v2\/product\/4219","targetHints":{"allow":["GET"]}}],"collection":[{"href":"https:\/\/longchangchemical.com\/hu\/wp-json\/wp\/v2\/product"}],"about":[{"href":"https:\/\/longchangchemical.com\/hu\/wp-json\/wp\/v2\/types\/product"}],"replies":[{"embeddable":true,"href":"https:\/\/longchangchemical.com\/hu\/wp-json\/wp\/v2\/comments?post=4219"}],"wp:featuredmedia":[{"embeddable":true,"href":"https:\/\/longchangchemical.com\/hu\/wp-json\/wp\/v2\/media\/6491"}],"wp:attachment":[{"href":"https:\/\/longchangchemical.com\/hu\/wp-json\/wp\/v2\/media?parent=4219"}],"wp:term":[{"taxonomy":"product_brand","embeddable":true,"href":"https:\/\/longchangchemical.com\/hu\/wp-json\/wp\/v2\/product_brand?post=4219"},{"taxonomy":"product_cat","embeddable":true,"href":"https:\/\/longchangchemical.com\/hu\/wp-json\/wp\/v2\/product_cat?post=4219"},{"taxonomy":"product_tag","embeddable":true,"href":"https:\/\/longchangchemical.com\/hu\/wp-json\/wp\/v2\/product_tag?post=4219"}],"curies":[{"name":"wp","href":"https:\/\/api.w.org\/{rel}","templated":true}]}}