{"id":4216,"date":"2024-01-17T01:27:52","date_gmt":"2024-01-17T01:27:52","guid":{"rendered":"https:\/\/longchangchemical.com\/?post_type=product&#038;p=4216"},"modified":"2025-12-17T06:02:03","modified_gmt":"2025-12-17T06:02:03","slug":"ammonium-2-hydroxyethanesulphonate-cas-57267-78-4","status":"publish","type":"product","link":"https:\/\/longchangchemical.com\/hu\/product\/ammonium-2-hydroxyethanesulphonate-cas-57267-78-4\/","title":{"rendered":"amm\u00f3nium-2-hidroxi-etanszulfon\u00e1t cas 57267-78-4"},"content":{"rendered":"<h2><strong>Amm\u00f3nium-2-hidroxi-etanszulfon\u00e1t Tipikus tulajdons\u00e1gok<\/strong><\/h2>\n<table class=\"table-1\" cellspacing=\"0\">\n<tbody>\n<tr>\n<td>T\u00e9tel<\/td>\n<td>M\u0171szaki adatok<\/td>\n<\/tr>\n<tr>\n<td>Megjelen\u00e9s<\/td>\n<td>Feh\u00e9r krist\u00e1lyos por<\/td>\n<\/tr>\n<tr>\n<td>Nedvess\u00e9g<\/td>\n<td>\u22640,5%<\/td>\n<\/tr>\n<tr>\n<td>Heavy Metal<\/td>\n<td>\u2264 5PPM<\/td>\n<\/tr>\n<tr>\n<td>Assay<\/td>\n<td>\u226598.5%<\/td>\n<\/tr>\n<\/tbody>\n<\/table>\n<h2><strong>Amm\u00f3nium-2-hidroxi-etanszulfon\u00e1tHaszn\u00e1lat<\/strong><\/h2>\n<p>Aktiv\u00e1tork\u00e9nt, egy\u00e9b biok\u00e9miai reagensk\u00e9nt haszn\u00e1lj\u00e1k.<\/p>\n<ol>\n<li><strong>Galvaniz\u00e1l\u00f3 ipar:<\/strong> Az amm\u00f3nium-2-hidroxi-etanszulfon\u00e1tot, CAS-sz\u00e1mmal 57267-78-4, \u00e1ltal\u00e1ban a galvaniz\u00e1l\u00f3 iparban haszn\u00e1lj\u00e1k. A galvaniz\u00e1l\u00f3 f\u00fcrd\u0151kben adal\u00e9kanyagk\u00e9nt szolg\u00e1l, hozz\u00e1j\u00e1rulva a f\u00e9mbevonatok lerak\u00f3d\u00e1s\u00e1hoz a fel\u00fcleteken.<\/li>\n<li><strong>Fot\u00f3ipar:<\/strong> Ezt a vegy\u00fcletet a fot\u00f3iparban alkalmazz\u00e1k. Az amm\u00f3nium-2-hidroxiet\u00e1nszulfon\u00e1tot bizonyos f\u00e9nyk\u00e9p\u00e9szeti fejleszt\u0151k k\u00e9sz\u00edt\u00e9s\u00e9hez haszn\u00e1lj\u00e1k, seg\u00edtve a f\u00e9nyk\u00e9p\u00e9szeti filmek \u00e9s pap\u00edrok feldolgoz\u00e1s\u00e1t.<\/li>\n<li><strong>K\u00e9miai szint\u00e9zis:<\/strong> Az amm\u00f3nium-2-hidroxi-etanszulfon\u00e1tot a k\u00e9miai szint\u00e9zisben reagensk\u00e9nt \u00e9s stabiliz\u00e1tork\u00e9nt haszn\u00e1lj\u00e1k. Bizonyos szerves vegy\u00fcletek szint\u00e9zis\u00e9ben kulcsfontoss\u00e1g\u00fa komponensk\u00e9nt, valamint k\u00fcl\u00f6nb\u00f6z\u0151 k\u00e9miai folyamatokban stabiliz\u00e1tork\u00e9nt szolg\u00e1l.<\/li>\n<li><strong>Fel\u00fcletkezel\u00e9s:<\/strong> Egyes ipari folyamatokban ez a vegy\u00fclet fel\u00fcletkezel\u00e9si alkalmaz\u00e1sokban haszn\u00e1lhat\u00f3. Hozz\u00e1j\u00e1rulhat a fel\u00fcleti tulajdons\u00e1gok m\u00f3dos\u00edt\u00e1s\u00e1hoz \u00e9s jav\u00edthatja a bevonatok tapad\u00e1s\u00e1t.<\/li>\n<\/ol>\n<h2><strong>Amm\u00f3nium-2-hidroxi-etanszulfon\u00e1t Csomagol\u00e1s \u00e9s sz\u00e1ll\u00edt\u00e1s<\/strong><\/h2>\n<p>Csomagol\u00e1s: 25kg\/zs\u00e1k<\/p>\n<p>Sz\u00e1ll\u00edt\u00e1s: Nem vesz\u00e9lyes rakom\u00e1ny<\/p>\n<h2><strong>Amm\u00f3nium-2-hidroxi-etanszulfon\u00e1t T\u00e1rol\u00e1s<\/strong><\/h2>\n<p>Sz\u00e1raz, szell\u0151ztetett helyen t\u00e1rolja, hogy elker\u00fclje a k\u00f6zvetlen napf\u00e9nyt.<\/p>\n<h2><strong><b>L\u00e9pjen kapcsolatba vel\u00fcnk most!<\/b><\/strong><\/h2>\n<h4><strong><b>Ha COA, MSDS vagy TDS-re van sz\u00fcks\u00e9ge, k\u00e9rj\u00fck, t\u00f6ltse ki el\u00e9rhet\u0151s\u00e9g\u00e9t az al\u00e1bbi \u0171rlapon, \u00e1ltal\u00e1ban 24 \u00f3r\u00e1n bel\u00fcl felvessz\u00fck \u00d6nnel a kapcsolatot. \u00d6n is k\u00fcldhet nekem e-mailt <span style=\"color: #0000ff;\"><a style=\"color: #0000ff;\" href=\"mailto:info@longchangchemical.com\">info@longchangchemical.com<\/a><\/span> munkaid\u0151ben ( 8:30-18:00 UTC+8 H.-Szombat ) vagy haszn\u00e1lja a weboldal \u00e9l\u0151 chatj\u00e9t, hogy azonnali v\u00e1laszt kapjon.<\/b><\/strong><\/h4>","protected":false},"excerpt":{"rendered":"<h2><strong>Amm\u00f3nium-2-hidroxi-etanszulfon\u00e1t Gyors r\u00e9szletek<\/strong><\/h2>\n<p>K\u00e9miai n\u00e9v: Amm\u00f3nium-2-hidroxi-etanszulfon\u00e1t<\/p>\n<p>CAS-sz\u00e1m: 57267-78-4<\/p>\n<p>Molekul\u00e1ris fomula: C2H9NO4S<\/p>\n<p>K\u00e9miai szerkezet:<img decoding=\"async\" title=\"Amm\u00f3nium-2-hidroxi-etanszulfon\u00e1t Szerkezet \" src=\"https:\/\/www.longchangchemical.com\/wp-content\/uploads\/product-details\/20200612263854.png\" alt=\"Amm\u00f3nium-2-hidroxi-etanszulfon\u00e1t Szerkezet \" width=\"93\" height=\"67\" border=\"0\" vspace=\"0\" \/><\/p>\n<p>Molekulat\u00f6meg: 143,16<\/p>\n<p>Megjelen\u00e9s: Feh\u00e9r krist\u00e1lyos por<\/p>\n<p>Pr\u00f3ba: 98.5%min<\/p>","protected":false},"featured_media":6489,"comment_status":"open","ping_status":"closed","template":"","meta":[],"product_brand":[],"product_cat":[69],"product_tag":[],"class_list":{"0":"post-4216","1":"product","2":"type-product","3":"status-publish","4":"has-post-thumbnail","6":"product_cat-catalysts-chemical-auxiliary-agents","8":"first","9":"instock","10":"shipping-taxable","11":"product-type-simple"},"yoast_head":"<!-- This site is optimized with the Yoast SEO plugin v25.3.1 - https:\/\/yoast.com\/wordpress\/plugins\/seo\/ -->\n<title>China Ammonium 2-hydroxyethanesulphonate Manufacturer CAS 57267-78-4 -Longchang Chemical<\/title>\n<meta name=\"description\" content=\"ammonium 2-hydroxyethanesulphonate cas 57267-78-4 is key product of Longchang Chemical. We provide best price. We are the leading manufacturer and supplier in China with the best quanlity and competitive price.\" \/>\n<meta name=\"robots\" content=\"index, follow, max-snippet:-1, max-image-preview:large, max-video-preview:-1\" \/>\n<link rel=\"canonical\" href=\"https:\/\/longchangchemical.com\/hu\/product\/ammonium-2-hydroxyethanesulphonate-cas-57267-78-4\/\" \/>\n<meta property=\"og:locale\" content=\"hu_HU\" \/>\n<meta property=\"og:type\" content=\"article\" \/>\n<meta property=\"og:title\" content=\"China Ammonium 2-hydroxyethanesulphonate Manufacturer CAS 57267-78-4 -Longchang Chemical\" \/>\n<meta property=\"og:description\" content=\"ammonium 2-hydroxyethanesulphonate cas 57267-78-4 is key product of Longchang Chemical. We provide best price. We are the leading manufacturer and supplier in China with the best quanlity and competitive price.\" \/>\n<meta property=\"og:url\" content=\"https:\/\/longchangchemical.com\/hu\/product\/ammonium-2-hydroxyethanesulphonate-cas-57267-78-4\/\" \/>\n<meta property=\"og:site_name\" content=\"Longchang Chemical\" \/>\n<meta property=\"article:modified_time\" content=\"2025-12-17T06:02:03+00:00\" \/>\n<meta property=\"og:image\" content=\"https:\/\/longchangchemical.com\/wp-content\/uploads\/2021\/01\/6-3.jpg\" \/>\n\t<meta property=\"og:image:width\" content=\"800\" \/>\n\t<meta property=\"og:image:height\" content=\"800\" \/>\n\t<meta property=\"og:image:type\" content=\"image\/jpeg\" \/>\n<meta name=\"twitter:card\" content=\"summary_large_image\" \/>\n<script type=\"application\/ld+json\" class=\"yoast-schema-graph\">{\"@context\":\"https:\/\/schema.org\",\"@graph\":[{\"@type\":\"WebPage\",\"@id\":\"https:\/\/longchangchemical.com\/product\/ammonium-2-hydroxyethanesulphonate-cas-57267-78-4\/\",\"url\":\"https:\/\/longchangchemical.com\/product\/ammonium-2-hydroxyethanesulphonate-cas-57267-78-4\/\",\"name\":\"China Ammonium 2-hydroxyethanesulphonate Manufacturer CAS 57267-78-4 -Longchang Chemical\",\"isPartOf\":{\"@id\":\"https:\/\/longchangchemical.com\/#website\"},\"primaryImageOfPage\":{\"@id\":\"https:\/\/longchangchemical.com\/product\/ammonium-2-hydroxyethanesulphonate-cas-57267-78-4\/#primaryimage\"},\"image\":{\"@id\":\"https:\/\/longchangchemical.com\/product\/ammonium-2-hydroxyethanesulphonate-cas-57267-78-4\/#primaryimage\"},\"thumbnailUrl\":\"https:\/\/longchangchemical.com\/wp-content\/uploads\/2021\/01\/6-3.jpg\",\"datePublished\":\"2024-01-17T01:27:52+00:00\",\"dateModified\":\"2025-12-17T06:02:03+00:00\",\"description\":\"ammonium 2-hydroxyethanesulphonate cas 57267-78-4 is key product of Longchang Chemical. We provide best price. We are the leading manufacturer and supplier in China with the best quanlity and competitive price.\",\"breadcrumb\":{\"@id\":\"https:\/\/longchangchemical.com\/product\/ammonium-2-hydroxyethanesulphonate-cas-57267-78-4\/#breadcrumb\"},\"inLanguage\":\"hu\",\"potentialAction\":[{\"@type\":\"ReadAction\",\"target\":[\"https:\/\/longchangchemical.com\/product\/ammonium-2-hydroxyethanesulphonate-cas-57267-78-4\/\"]}]},{\"@type\":\"ImageObject\",\"inLanguage\":\"hu\",\"@id\":\"https:\/\/longchangchemical.com\/product\/ammonium-2-hydroxyethanesulphonate-cas-57267-78-4\/#primaryimage\",\"url\":\"https:\/\/longchangchemical.com\/wp-content\/uploads\/2021\/01\/6-3.jpg\",\"contentUrl\":\"https:\/\/longchangchemical.com\/wp-content\/uploads\/2021\/01\/6-3.jpg\",\"width\":800,\"height\":800,\"caption\":\"ammonium 2-hydroxyethanesulphonate cas 57267-78-4\"},{\"@type\":\"BreadcrumbList\",\"@id\":\"https:\/\/longchangchemical.com\/product\/ammonium-2-hydroxyethanesulphonate-cas-57267-78-4\/#breadcrumb\",\"itemListElement\":[{\"@type\":\"ListItem\",\"position\":1,\"name\":\"Home\",\"item\":\"https:\/\/longchangchemical.com\/\"},{\"@type\":\"ListItem\",\"position\":2,\"name\":\"Products Longchang\",\"item\":\"https:\/\/longchangchemical.com\/product\/\"},{\"@type\":\"ListItem\",\"position\":3,\"name\":\"ammonium 2-hydroxyethanesulphonate cas 57267-78-4\"}]},{\"@type\":\"WebSite\",\"@id\":\"https:\/\/longchangchemical.com\/#website\",\"url\":\"https:\/\/longchangchemical.com\/\",\"name\":\"Longchang Chemical\",\"description\":\"China chemical manufacturer \uff06 supplier\",\"publisher\":{\"@id\":\"https:\/\/longchangchemical.com\/#organization\"},\"potentialAction\":[{\"@type\":\"SearchAction\",\"target\":{\"@type\":\"EntryPoint\",\"urlTemplate\":\"https:\/\/longchangchemical.com\/?s={search_term_string}\"},\"query-input\":{\"@type\":\"PropertyValueSpecification\",\"valueRequired\":true,\"valueName\":\"search_term_string\"}}],\"inLanguage\":\"hu\"},{\"@type\":\"Organization\",\"@id\":\"https:\/\/longchangchemical.com\/#organization\",\"name\":\"Longchang Chemical\",\"url\":\"https:\/\/longchangchemical.com\/\",\"logo\":{\"@type\":\"ImageObject\",\"inLanguage\":\"hu\",\"@id\":\"https:\/\/longchangchemical.com\/#\/schema\/logo\/image\/\",\"url\":\"https:\/\/longchangchemical.com\/wp-content\/uploads\/2020\/08\/cropped-longchang-logo.png\",\"contentUrl\":\"https:\/\/longchangchemical.com\/wp-content\/uploads\/2020\/08\/cropped-longchang-logo.png\",\"width\":512,\"height\":512,\"caption\":\"Longchang Chemical\"},\"image\":{\"@id\":\"https:\/\/longchangchemical.com\/#\/schema\/logo\/image\/\"}}]}<\/script>\n<!-- \/ Yoast SEO plugin. -->","yoast_head_json":{"title":"K\u00edna amm\u00f3nium-2-hidroxi-et\u00e1nszulfon\u00e1t gy\u00e1rt\u00f3 CAS 57267-78-4 - Longchang Chemical","description":"az amm\u00f3nium-2-hidroxi-etanszulfon\u00e1t cas 57267-78-4 a Longchang Chemical kulcsfontoss\u00e1g\u00fa term\u00e9ke. A legjobb \u00e1rat biztos\u00edtjuk. Mi vagyunk a vezet\u0151 gy\u00e1rt\u00f3 \u00e9s sz\u00e1ll\u00edt\u00f3 K\u00edn\u00e1ban a legjobb min\u0151s\u00e9ggel \u00e9s versenyk\u00e9pes \u00e1rral.","robots":{"index":"index","follow":"follow","max-snippet":"max-snippet:-1","max-image-preview":"max-image-preview:large","max-video-preview":"max-video-preview:-1"},"canonical":"https:\/\/longchangchemical.com\/hu\/product\/ammonium-2-hydroxyethanesulphonate-cas-57267-78-4\/","og_locale":"hu_HU","og_type":"article","og_title":"China Ammonium 2-hydroxyethanesulphonate Manufacturer CAS 57267-78-4 -Longchang Chemical","og_description":"ammonium 2-hydroxyethanesulphonate cas 57267-78-4 is key product of Longchang Chemical. We provide best price. We are the leading manufacturer and supplier in China with the best quanlity and competitive price.","og_url":"https:\/\/longchangchemical.com\/hu\/product\/ammonium-2-hydroxyethanesulphonate-cas-57267-78-4\/","og_site_name":"Longchang Chemical","article_modified_time":"2025-12-17T06:02:03+00:00","og_image":[{"width":800,"height":800,"url":"https:\/\/longchangchemical.com\/wp-content\/uploads\/2021\/01\/6-3.jpg","type":"image\/jpeg"}],"twitter_card":"summary_large_image","schema":{"@context":"https:\/\/schema.org","@graph":[{"@type":"WebPage","@id":"https:\/\/longchangchemical.com\/product\/ammonium-2-hydroxyethanesulphonate-cas-57267-78-4\/","url":"https:\/\/longchangchemical.com\/product\/ammonium-2-hydroxyethanesulphonate-cas-57267-78-4\/","name":"K\u00edna amm\u00f3nium-2-hidroxi-et\u00e1nszulfon\u00e1t gy\u00e1rt\u00f3 CAS 57267-78-4 - Longchang Chemical","isPartOf":{"@id":"https:\/\/longchangchemical.com\/#website"},"primaryImageOfPage":{"@id":"https:\/\/longchangchemical.com\/product\/ammonium-2-hydroxyethanesulphonate-cas-57267-78-4\/#primaryimage"},"image":{"@id":"https:\/\/longchangchemical.com\/product\/ammonium-2-hydroxyethanesulphonate-cas-57267-78-4\/#primaryimage"},"thumbnailUrl":"https:\/\/longchangchemical.com\/wp-content\/uploads\/2021\/01\/6-3.jpg","datePublished":"2024-01-17T01:27:52+00:00","dateModified":"2025-12-17T06:02:03+00:00","description":"az amm\u00f3nium-2-hidroxi-etanszulfon\u00e1t cas 57267-78-4 a Longchang Chemical kulcsfontoss\u00e1g\u00fa term\u00e9ke. A legjobb \u00e1rat biztos\u00edtjuk. Mi vagyunk a vezet\u0151 gy\u00e1rt\u00f3 \u00e9s sz\u00e1ll\u00edt\u00f3 K\u00edn\u00e1ban a legjobb min\u0151s\u00e9ggel \u00e9s versenyk\u00e9pes \u00e1rral.","breadcrumb":{"@id":"https:\/\/longchangchemical.com\/product\/ammonium-2-hydroxyethanesulphonate-cas-57267-78-4\/#breadcrumb"},"inLanguage":"hu","potentialAction":[{"@type":"ReadAction","target":["https:\/\/longchangchemical.com\/product\/ammonium-2-hydroxyethanesulphonate-cas-57267-78-4\/"]}]},{"@type":"ImageObject","inLanguage":"hu","@id":"https:\/\/longchangchemical.com\/product\/ammonium-2-hydroxyethanesulphonate-cas-57267-78-4\/#primaryimage","url":"https:\/\/longchangchemical.com\/wp-content\/uploads\/2021\/01\/6-3.jpg","contentUrl":"https:\/\/longchangchemical.com\/wp-content\/uploads\/2021\/01\/6-3.jpg","width":800,"height":800,"caption":"ammonium 2-hydroxyethanesulphonate cas 57267-78-4"},{"@type":"BreadcrumbList","@id":"https:\/\/longchangchemical.com\/product\/ammonium-2-hydroxyethanesulphonate-cas-57267-78-4\/#breadcrumb","itemListElement":[{"@type":"ListItem","position":1,"name":"Home","item":"https:\/\/longchangchemical.com\/"},{"@type":"ListItem","position":2,"name":"Products Longchang","item":"https:\/\/longchangchemical.com\/product\/"},{"@type":"ListItem","position":3,"name":"ammonium 2-hydroxyethanesulphonate cas 57267-78-4"}]},{"@type":"WebSite","@id":"https:\/\/longchangchemical.com\/#website","url":"https:\/\/longchangchemical.com\/","name":"Longchang Chemical","description":"K\u00edna k\u00e9miai gy\u00e1rt\u00f3 \uff06 sz\u00e1ll\u00edt\u00f3","publisher":{"@id":"https:\/\/longchangchemical.com\/#organization"},"potentialAction":[{"@type":"SearchAction","target":{"@type":"EntryPoint","urlTemplate":"https:\/\/longchangchemical.com\/?s={search_term_string}"},"query-input":{"@type":"PropertyValueSpecification","valueRequired":true,"valueName":"search_term_string"}}],"inLanguage":"hu"},{"@type":"Organization","@id":"https:\/\/longchangchemical.com\/#organization","name":"Longchang Chemical","url":"https:\/\/longchangchemical.com\/","logo":{"@type":"ImageObject","inLanguage":"hu","@id":"https:\/\/longchangchemical.com\/#\/schema\/logo\/image\/","url":"https:\/\/longchangchemical.com\/wp-content\/uploads\/2020\/08\/cropped-longchang-logo.png","contentUrl":"https:\/\/longchangchemical.com\/wp-content\/uploads\/2020\/08\/cropped-longchang-logo.png","width":512,"height":512,"caption":"Longchang Chemical"},"image":{"@id":"https:\/\/longchangchemical.com\/#\/schema\/logo\/image\/"}}]}},"_links":{"self":[{"href":"https:\/\/longchangchemical.com\/hu\/wp-json\/wp\/v2\/product\/4216","targetHints":{"allow":["GET"]}}],"collection":[{"href":"https:\/\/longchangchemical.com\/hu\/wp-json\/wp\/v2\/product"}],"about":[{"href":"https:\/\/longchangchemical.com\/hu\/wp-json\/wp\/v2\/types\/product"}],"replies":[{"embeddable":true,"href":"https:\/\/longchangchemical.com\/hu\/wp-json\/wp\/v2\/comments?post=4216"}],"wp:featuredmedia":[{"embeddable":true,"href":"https:\/\/longchangchemical.com\/hu\/wp-json\/wp\/v2\/media\/6489"}],"wp:attachment":[{"href":"https:\/\/longchangchemical.com\/hu\/wp-json\/wp\/v2\/media?parent=4216"}],"wp:term":[{"taxonomy":"product_brand","embeddable":true,"href":"https:\/\/longchangchemical.com\/hu\/wp-json\/wp\/v2\/product_brand?post=4216"},{"taxonomy":"product_cat","embeddable":true,"href":"https:\/\/longchangchemical.com\/hu\/wp-json\/wp\/v2\/product_cat?post=4216"},{"taxonomy":"product_tag","embeddable":true,"href":"https:\/\/longchangchemical.com\/hu\/wp-json\/wp\/v2\/product_tag?post=4216"}],"curies":[{"name":"wp","href":"https:\/\/api.w.org\/{rel}","templated":true}]}}