{"id":4212,"date":"2024-01-17T01:21:28","date_gmt":"2024-01-17T01:21:28","guid":{"rendered":"https:\/\/longchangchemical.com\/?post_type=product&#038;p=4212"},"modified":"2025-12-17T06:08:49","modified_gmt":"2025-12-17T06:08:49","slug":"anthraquinone-cas-84-65-1","status":"publish","type":"product","link":"https:\/\/longchangchemical.com\/hu\/product\/anthraquinone-cas-84-65-1\/","title":{"rendered":"antrakinon cas 84-65-1"},"content":{"rendered":"<h2><strong>AntrakinonT\u00edpusos tulajdons\u00e1gok<\/strong><\/h2>\n<table class=\"table-1\" cellspacing=\"0\">\n<tbody>\n<tr>\n<td>T\u00e9tel<\/td>\n<td>Standard<\/td>\n<td>Eredm\u00e9nyek<\/td>\n<\/tr>\n<tr>\n<td>Megjelen\u00e9s<\/td>\n<td>Vil\u00e1goss\u00e1rga por<\/td>\n<td>Megfelel<\/td>\n<\/tr>\n<tr>\n<td>Tisztas\u00e1g<\/td>\n<td>\u2265 98,0 %<\/td>\n<td>98.6%<\/td>\n<\/tr>\n<tr>\n<td>Kezdeti olvad\u00e1spont<\/td>\n<td>284 ~ 286 \u00baC<\/td>\n<td>284.2\u2103<\/td>\n<\/tr>\n<tr>\n<td>Sz\u00e1r\u00edt\u00e1si vesztes\u00e9g<\/td>\n<td>\u22642%<\/td>\n<td>1.3%<\/td>\n<\/tr>\n<tr>\n<td>Oldhat\u00f3s\u00e1g:<\/td>\n<td>V\u00edzben nem old\u00f3dik, etil-\u00e9terben, etanolban \u00e9s acetonban old\u00f3dik.<\/td>\n<td>Megfelel<\/td>\n<\/tr>\n<tr>\n<td>K\u00f6vetkeztet\u00e9s<\/td>\n<td colspan=\"2\">K\u00e9pzett<\/td>\n<\/tr>\n<\/tbody>\n<\/table>\n<h2><strong>Antrakinon felhaszn\u00e1l\u00e1s<\/strong><\/h2>\n<p>1. Felhaszn\u00e1l\u00e1s Fest\u00e9kk\u00f6zvet\u00edt\u0151k\u00e9nt, pap\u00edrf\u0151z\u00e9si anyagk\u00e9nt \u00e9s hidrog\u00e9n-peroxid nyersanyagk\u00e9nt haszn\u00e1lj\u00e1k.<\/p>\n<p>2. Haszn\u00e1lja a cellul\u00f3z \u00e9s a pap\u00edrp\u00e9p f\u0151z\u00e9si seg\u00e9danyagak\u00e9nt, cs\u00f6kkentheti a l\u00fag mennyis\u00e9g\u00e9t, ler\u00f6vid\u00edtheti a f\u0151z\u00e9si id\u0151t.<br \/>\n3. Felhaszn\u00e1l\u00e1s Az antrakinon nagy r\u00e9sz\u00e9t sz\u00ednez\u00e9kekhez haszn\u00e1lj\u00e1k, de a p\u00e9pk\u00e9nt haszn\u00e1lt vapaliz\u00e1l\u00f3szer mennyis\u00e9ge gyorsan n\u00f6vekszik.<\/p>\n<p>(1) a termel\u00e9s sz\u00ednez\u00e9kek antrakinon, mint nyersanyagok, a szulfon\u00e1l\u00e1s, kl\u00f3roz\u00e1s, nitrifik\u00e1ci\u00f3, stb., lehet egy sz\u00e9les k\u00f6r\u0171 fest\u00e9k k\u00f6ztes term\u00e9kek el\u0151\u00e1ll\u00edt\u00e1s\u00e1hoz antrakinon diszperzi\u00f3s fest\u00e9kek, savas fest\u00e9kek, tart\u00e1ly fest\u00e9kek, a reakci\u00f3 Sz\u00ednez\u00e9kek, stb., hogy egy teljes sz\u00edn\u0171 fest\u00e9k min\u0151s\u00e9g\u0171. A statisztik\u00e1k szerint az antrakinon sz\u00ednez\u00e9kek t\u00f6bb mint 400 fajt\u00e1val rendelkeznek, a szintetikus sz\u00ednez\u00e9kek ter\u00fclet\u00e9n nagyon fontos helyet foglalnak el.<\/p>\n<p>(2) pap\u00edrgy\u00e1rt\u00f3 p\u00e9p f\u0151z\u0151anyagk\u00e9nt a l\u00fagos f\u0151z\u0151folyad\u00e9kban csak kis mennyis\u00e9g\u0171 antrakinon hozz\u00e1ad\u00e1s\u00e1val felgyors\u00edthatja a l\u00e1gy\u00edt\u00e1st, ler\u00f6vid\u00edtheti a f\u0151z\u00e9si id\u0151t, jav\u00edthatja a p\u00e9p hozam\u00e1t \u00e9s cs\u00f6kkentheti a hullad\u00e9kterhel\u00e9st. Jelenleg egyre t\u00f6bb pap\u00edrgy\u00e1r haszn\u00e1l antrakinon adal\u00e9kanyagokat. Az antrakinon f\u0151z\u00e9si adal\u00e9kanyagk\u00e9nt t\u00f6rt\u00e9n\u0151 felhaszn\u00e1l\u00e1sa gyorsan n\u0151tt. Antrakinon \u00e9s egy\u00e9b alkalmaz\u00e1sok. Az antrakinonvegy\u00fcletek nagy koncentr\u00e1ci\u00f3j\u00fa hidrog\u00e9n-peroxid el\u0151\u00e1ll\u00edt\u00e1s\u00e1ra haszn\u00e1lhat\u00f3k; a m\u0171tr\u00e1gyaiparban a k\u00e9ntelen\u00edt\u0151szer antrakinon-diszulfon\u00e1t el\u0151\u00e1ll\u00edt\u00e1s\u00e1ra. A nyomdaiparban \u00e9s a fest\u00e9kiparban haszn\u00e1ltadagol\u00f3 seg\u00e9danyag.<br \/>\n4. A magas szint\u0171 sz\u00ednez\u00e9kek, mint p\u00e9ld\u00e1ul az indantr\u00e9n redukt\u00edv sz\u00ednez\u00e9kek, savas sz\u00ednez\u00e9kek, egyes akt\u00edv sz\u00ednez\u00e9kek fontos nyersanyagok szerves szint\u00e9zis\u00e9nek felhaszn\u00e1l\u00e1sa. Pap\u00edrf\u0151z\u0151k\u00e9nt \u00e9s hidrog\u00e9n-peroxid nyersanyagk\u00e9nt stb. haszn\u00e1lt, cs\u00f6kkentheti a l\u00fag mennyis\u00e9g\u00e9t, ler\u00f6vid\u00edtheti a f\u0151z\u00e9si id\u0151t. Pap\u00edripari p\u00e9p f\u0151z\u0151anyagk\u00e9nt a l\u00fagos f\u0151z\u0151folyad\u00e9kban csak kis mennyis\u00e9g\u0171 antrakinont adnak hozz\u00e1, felgyors\u00edthatja a l\u00e1gy\u00edt\u00e1si sebess\u00e9get, ler\u00f6vid\u00edtheti a f\u0151z\u00e9si id\u0151t, jav\u00edthatja a p\u00e9p hozam\u00e1t, cs\u00f6kkentheti a hullad\u00e9kterhel\u00e9st. Jelenleg egyre t\u00f6bb pap\u00edrgy\u00e1r haszn\u00e1l antrakinon adal\u00e9kanyagokat.<\/p>\n<h2><strong>Anthraquinone Csomagol\u00e1s \u00e9s sz\u00e1ll\u00edt\u00e1s<\/strong><\/h2>\n<p>Csomagol\u00e1s: 25kg\/zs\u00e1k<\/p>\n<h2><strong>Antrakinon t\u00e1rol\u00e1sa<\/strong><\/h2>\n<p>K\u00f6zvetlen napf\u00e9nyt\u0151l v\u00e9dett, h\u0171v\u00f6s, sz\u00e1raz helyen t\u00e1rolva.<\/p>","protected":false},"excerpt":{"rendered":"<h2><strong>Antrakinon Gyors r\u00e9szletek<\/strong><\/h2>\n<p>K\u00e9miai n\u00e9v: Antrakinon<\/p>\n<p>CAS-sz\u00e1m: 84-65-1<\/p>\n<p>Molekula k\u00e9plet:C14H8O2<\/p>\n<p>Molekulat\u00f6meg:208,21<\/p>\n<p>K\u00e9miai szerkezet:<img decoding=\"async\" title=\"Antrakinon szerkezet\" src=\"https:\/\/www.longchangchemical.com\/wp-content\/uploads\/product-details\/20200612133635.png\" alt=\"Antrakinon szerkezet\" width=\"108\" height=\"93\" border=\"0\" vspace=\"0\" \/><\/p>\n<p>Megjelen\u00e9s: Vil\u00e1goss\u00e1rga por vagy t\u0171krist\u00e1ly<\/p>\n<p>Pr\u00f3ba: 98%min<\/p>","protected":false},"featured_media":6488,"comment_status":"open","ping_status":"closed","template":"","meta":[],"product_brand":[],"product_cat":[69],"product_tag":[],"class_list":{"0":"post-4212","1":"product","2":"type-product","3":"status-publish","4":"has-post-thumbnail","6":"product_cat-catalysts-chemical-auxiliary-agents","8":"first","9":"instock","10":"shipping-taxable","11":"product-type-simple"},"yoast_head":"<!-- This site is optimized with the Yoast SEO plugin v25.3.1 - https:\/\/yoast.com\/wordpress\/plugins\/seo\/ -->\n<title>China Anthraquinone Manufacturer CAS 84-65-1 -Longchang Chemical<\/title>\n<meta name=\"description\" content=\"anthraquinone cas 84-65-1 is key product of Longchang Chemical. We provide best price. We are the leading manufacturer and supplier in China with the best quanlity and competitive price.\" \/>\n<meta name=\"robots\" content=\"index, follow, max-snippet:-1, max-image-preview:large, max-video-preview:-1\" \/>\n<link rel=\"canonical\" href=\"https:\/\/longchangchemical.com\/hu\/product\/anthraquinone-cas-84-65-1\/\" \/>\n<meta property=\"og:locale\" content=\"hu_HU\" \/>\n<meta property=\"og:type\" content=\"article\" \/>\n<meta property=\"og:title\" content=\"China Anthraquinone Manufacturer CAS 84-65-1 -Longchang Chemical\" \/>\n<meta property=\"og:description\" content=\"anthraquinone cas 84-65-1 is key product of Longchang Chemical. We provide best price. We are the leading manufacturer and supplier in China with the best quanlity and competitive price.\" \/>\n<meta property=\"og:url\" content=\"https:\/\/longchangchemical.com\/hu\/product\/anthraquinone-cas-84-65-1\/\" \/>\n<meta property=\"og:site_name\" content=\"Longchang Chemical\" \/>\n<meta property=\"article:modified_time\" content=\"2025-12-17T06:08:49+00:00\" \/>\n<meta property=\"og:image\" content=\"https:\/\/longchangchemical.com\/wp-content\/uploads\/2021\/01\/2-5.jpg\" \/>\n\t<meta property=\"og:image:width\" content=\"800\" \/>\n\t<meta property=\"og:image:height\" content=\"800\" \/>\n\t<meta property=\"og:image:type\" content=\"image\/jpeg\" \/>\n<meta name=\"twitter:card\" content=\"summary_large_image\" \/>\n<script type=\"application\/ld+json\" class=\"yoast-schema-graph\">{\"@context\":\"https:\/\/schema.org\",\"@graph\":[{\"@type\":\"WebPage\",\"@id\":\"https:\/\/longchangchemical.com\/product\/anthraquinone-cas-84-65-1\/\",\"url\":\"https:\/\/longchangchemical.com\/product\/anthraquinone-cas-84-65-1\/\",\"name\":\"China Anthraquinone Manufacturer CAS 84-65-1 -Longchang Chemical\",\"isPartOf\":{\"@id\":\"https:\/\/longchangchemical.com\/#website\"},\"primaryImageOfPage\":{\"@id\":\"https:\/\/longchangchemical.com\/product\/anthraquinone-cas-84-65-1\/#primaryimage\"},\"image\":{\"@id\":\"https:\/\/longchangchemical.com\/product\/anthraquinone-cas-84-65-1\/#primaryimage\"},\"thumbnailUrl\":\"https:\/\/longchangchemical.com\/wp-content\/uploads\/2021\/01\/2-5.jpg\",\"datePublished\":\"2024-01-17T01:21:28+00:00\",\"dateModified\":\"2025-12-17T06:08:49+00:00\",\"description\":\"anthraquinone cas 84-65-1 is key product of Longchang Chemical. We provide best price. We are the leading manufacturer and supplier in China with the best quanlity and competitive price.\",\"breadcrumb\":{\"@id\":\"https:\/\/longchangchemical.com\/product\/anthraquinone-cas-84-65-1\/#breadcrumb\"},\"inLanguage\":\"hu\",\"potentialAction\":[{\"@type\":\"ReadAction\",\"target\":[\"https:\/\/longchangchemical.com\/product\/anthraquinone-cas-84-65-1\/\"]}]},{\"@type\":\"ImageObject\",\"inLanguage\":\"hu\",\"@id\":\"https:\/\/longchangchemical.com\/product\/anthraquinone-cas-84-65-1\/#primaryimage\",\"url\":\"https:\/\/longchangchemical.com\/wp-content\/uploads\/2021\/01\/2-5.jpg\",\"contentUrl\":\"https:\/\/longchangchemical.com\/wp-content\/uploads\/2021\/01\/2-5.jpg\",\"width\":800,\"height\":800,\"caption\":\"anthraquinone cas 84-65-1\"},{\"@type\":\"BreadcrumbList\",\"@id\":\"https:\/\/longchangchemical.com\/product\/anthraquinone-cas-84-65-1\/#breadcrumb\",\"itemListElement\":[{\"@type\":\"ListItem\",\"position\":1,\"name\":\"Home\",\"item\":\"https:\/\/longchangchemical.com\/\"},{\"@type\":\"ListItem\",\"position\":2,\"name\":\"Products Longchang\",\"item\":\"https:\/\/longchangchemical.com\/product\/\"},{\"@type\":\"ListItem\",\"position\":3,\"name\":\"anthraquinone cas 84-65-1\"}]},{\"@type\":\"WebSite\",\"@id\":\"https:\/\/longchangchemical.com\/#website\",\"url\":\"https:\/\/longchangchemical.com\/\",\"name\":\"Longchang Chemical\",\"description\":\"China chemical manufacturer \uff06 supplier\",\"publisher\":{\"@id\":\"https:\/\/longchangchemical.com\/#organization\"},\"potentialAction\":[{\"@type\":\"SearchAction\",\"target\":{\"@type\":\"EntryPoint\",\"urlTemplate\":\"https:\/\/longchangchemical.com\/?s={search_term_string}\"},\"query-input\":{\"@type\":\"PropertyValueSpecification\",\"valueRequired\":true,\"valueName\":\"search_term_string\"}}],\"inLanguage\":\"hu\"},{\"@type\":\"Organization\",\"@id\":\"https:\/\/longchangchemical.com\/#organization\",\"name\":\"Longchang Chemical\",\"url\":\"https:\/\/longchangchemical.com\/\",\"logo\":{\"@type\":\"ImageObject\",\"inLanguage\":\"hu\",\"@id\":\"https:\/\/longchangchemical.com\/#\/schema\/logo\/image\/\",\"url\":\"https:\/\/longchangchemical.com\/wp-content\/uploads\/2020\/08\/cropped-longchang-logo.png\",\"contentUrl\":\"https:\/\/longchangchemical.com\/wp-content\/uploads\/2020\/08\/cropped-longchang-logo.png\",\"width\":512,\"height\":512,\"caption\":\"Longchang Chemical\"},\"image\":{\"@id\":\"https:\/\/longchangchemical.com\/#\/schema\/logo\/image\/\"}}]}<\/script>\n<!-- \/ Yoast SEO plugin. -->","yoast_head_json":{"title":"K\u00edna Anthraquinone gy\u00e1rt\u00f3 CAS 84-65-1 -Longchang Chemical","description":"Az antrakinon cas 84-65-1 a Longchang Chemical kulcsfontoss\u00e1g\u00fa term\u00e9ke. A legjobb \u00e1rat biztos\u00edtjuk. Mi vagyunk a vezet\u0151 gy\u00e1rt\u00f3 \u00e9s sz\u00e1ll\u00edt\u00f3 K\u00edn\u00e1ban a legjobb min\u0151s\u00e9ggel \u00e9s versenyk\u00e9pes \u00e1rral.","robots":{"index":"index","follow":"follow","max-snippet":"max-snippet:-1","max-image-preview":"max-image-preview:large","max-video-preview":"max-video-preview:-1"},"canonical":"https:\/\/longchangchemical.com\/hu\/product\/anthraquinone-cas-84-65-1\/","og_locale":"hu_HU","og_type":"article","og_title":"China Anthraquinone Manufacturer CAS 84-65-1 -Longchang Chemical","og_description":"anthraquinone cas 84-65-1 is key product of Longchang Chemical. We provide best price. We are the leading manufacturer and supplier in China with the best quanlity and competitive price.","og_url":"https:\/\/longchangchemical.com\/hu\/product\/anthraquinone-cas-84-65-1\/","og_site_name":"Longchang Chemical","article_modified_time":"2025-12-17T06:08:49+00:00","og_image":[{"width":800,"height":800,"url":"https:\/\/longchangchemical.com\/wp-content\/uploads\/2021\/01\/2-5.jpg","type":"image\/jpeg"}],"twitter_card":"summary_large_image","schema":{"@context":"https:\/\/schema.org","@graph":[{"@type":"WebPage","@id":"https:\/\/longchangchemical.com\/product\/anthraquinone-cas-84-65-1\/","url":"https:\/\/longchangchemical.com\/product\/anthraquinone-cas-84-65-1\/","name":"K\u00edna Anthraquinone gy\u00e1rt\u00f3 CAS 84-65-1 -Longchang Chemical","isPartOf":{"@id":"https:\/\/longchangchemical.com\/#website"},"primaryImageOfPage":{"@id":"https:\/\/longchangchemical.com\/product\/anthraquinone-cas-84-65-1\/#primaryimage"},"image":{"@id":"https:\/\/longchangchemical.com\/product\/anthraquinone-cas-84-65-1\/#primaryimage"},"thumbnailUrl":"https:\/\/longchangchemical.com\/wp-content\/uploads\/2021\/01\/2-5.jpg","datePublished":"2024-01-17T01:21:28+00:00","dateModified":"2025-12-17T06:08:49+00:00","description":"Az antrakinon cas 84-65-1 a Longchang Chemical kulcsfontoss\u00e1g\u00fa term\u00e9ke. A legjobb \u00e1rat biztos\u00edtjuk. Mi vagyunk a vezet\u0151 gy\u00e1rt\u00f3 \u00e9s sz\u00e1ll\u00edt\u00f3 K\u00edn\u00e1ban a legjobb min\u0151s\u00e9ggel \u00e9s versenyk\u00e9pes \u00e1rral.","breadcrumb":{"@id":"https:\/\/longchangchemical.com\/product\/anthraquinone-cas-84-65-1\/#breadcrumb"},"inLanguage":"hu","potentialAction":[{"@type":"ReadAction","target":["https:\/\/longchangchemical.com\/product\/anthraquinone-cas-84-65-1\/"]}]},{"@type":"ImageObject","inLanguage":"hu","@id":"https:\/\/longchangchemical.com\/product\/anthraquinone-cas-84-65-1\/#primaryimage","url":"https:\/\/longchangchemical.com\/wp-content\/uploads\/2021\/01\/2-5.jpg","contentUrl":"https:\/\/longchangchemical.com\/wp-content\/uploads\/2021\/01\/2-5.jpg","width":800,"height":800,"caption":"anthraquinone cas 84-65-1"},{"@type":"BreadcrumbList","@id":"https:\/\/longchangchemical.com\/product\/anthraquinone-cas-84-65-1\/#breadcrumb","itemListElement":[{"@type":"ListItem","position":1,"name":"Home","item":"https:\/\/longchangchemical.com\/"},{"@type":"ListItem","position":2,"name":"Products Longchang","item":"https:\/\/longchangchemical.com\/product\/"},{"@type":"ListItem","position":3,"name":"anthraquinone cas 84-65-1"}]},{"@type":"WebSite","@id":"https:\/\/longchangchemical.com\/#website","url":"https:\/\/longchangchemical.com\/","name":"Longchang Chemical","description":"K\u00edna k\u00e9miai gy\u00e1rt\u00f3 \uff06 sz\u00e1ll\u00edt\u00f3","publisher":{"@id":"https:\/\/longchangchemical.com\/#organization"},"potentialAction":[{"@type":"SearchAction","target":{"@type":"EntryPoint","urlTemplate":"https:\/\/longchangchemical.com\/?s={search_term_string}"},"query-input":{"@type":"PropertyValueSpecification","valueRequired":true,"valueName":"search_term_string"}}],"inLanguage":"hu"},{"@type":"Organization","@id":"https:\/\/longchangchemical.com\/#organization","name":"Longchang Chemical","url":"https:\/\/longchangchemical.com\/","logo":{"@type":"ImageObject","inLanguage":"hu","@id":"https:\/\/longchangchemical.com\/#\/schema\/logo\/image\/","url":"https:\/\/longchangchemical.com\/wp-content\/uploads\/2020\/08\/cropped-longchang-logo.png","contentUrl":"https:\/\/longchangchemical.com\/wp-content\/uploads\/2020\/08\/cropped-longchang-logo.png","width":512,"height":512,"caption":"Longchang Chemical"},"image":{"@id":"https:\/\/longchangchemical.com\/#\/schema\/logo\/image\/"}}]}},"_links":{"self":[{"href":"https:\/\/longchangchemical.com\/hu\/wp-json\/wp\/v2\/product\/4212","targetHints":{"allow":["GET"]}}],"collection":[{"href":"https:\/\/longchangchemical.com\/hu\/wp-json\/wp\/v2\/product"}],"about":[{"href":"https:\/\/longchangchemical.com\/hu\/wp-json\/wp\/v2\/types\/product"}],"replies":[{"embeddable":true,"href":"https:\/\/longchangchemical.com\/hu\/wp-json\/wp\/v2\/comments?post=4212"}],"wp:featuredmedia":[{"embeddable":true,"href":"https:\/\/longchangchemical.com\/hu\/wp-json\/wp\/v2\/media\/6488"}],"wp:attachment":[{"href":"https:\/\/longchangchemical.com\/hu\/wp-json\/wp\/v2\/media?parent=4212"}],"wp:term":[{"taxonomy":"product_brand","embeddable":true,"href":"https:\/\/longchangchemical.com\/hu\/wp-json\/wp\/v2\/product_brand?post=4212"},{"taxonomy":"product_cat","embeddable":true,"href":"https:\/\/longchangchemical.com\/hu\/wp-json\/wp\/v2\/product_cat?post=4212"},{"taxonomy":"product_tag","embeddable":true,"href":"https:\/\/longchangchemical.com\/hu\/wp-json\/wp\/v2\/product_tag?post=4212"}],"curies":[{"name":"wp","href":"https:\/\/api.w.org\/{rel}","templated":true}]}}