{"id":4210,"date":"2024-01-17T01:52:32","date_gmt":"2024-01-17T01:52:32","guid":{"rendered":"https:\/\/longchangchemical.com\/?post_type=product&#038;p=4210"},"modified":"2025-12-17T04:27:43","modified_gmt":"2025-12-17T04:27:43","slug":"n-acetylmorpholine-cas-1696-20-4","status":"publish","type":"product","link":"https:\/\/longchangchemical.com\/hu\/product\/n-acetylmorpholine-cas-1696-20-4\/","title":{"rendered":"n-acetilmorfolin cas 1696-20-4"},"content":{"rendered":"<h2><strong>N-acetilmorfolin tulajdons\u00e1gok<\/strong><\/h2>\n<table class=\"table-1\" cellspacing=\"0\">\n<tbody>\n<tr>\n<td>Pr\u00f3ba (G.C.)<\/td>\n<td>\u226599%<\/td>\n<\/tr>\n<tr>\n<td>S\u0171r\u0171s\u00e9g<\/td>\n<td>1.116<\/td>\n<\/tr>\n<tr>\n<td>Forr\u00e1spont<\/td>\n<td>240\u2103<\/td>\n<\/tr>\n<tr>\n<td>Lobban\u00e1spont<\/td>\n<td>122\u2103<\/td>\n<\/tr>\n<\/tbody>\n<\/table>\n<h2><strong>N-acetilmorfolin Haszn\u00e1lat<\/strong><\/h2>\n<p>Az N-acetilmorfolin nagyon fontos peszticid intermedier. Ez az egyik f\u0151 nyersanyag a dimetomorf \u00e9s a flumorf mez\u0151gazdas\u00e1gi gomba\u00f6l\u0151 szerek \u00f6ssze\u00e1ll\u00edt\u00e1s\u00e1hoz.<\/p>\n<ol>\n<li><strong>K\u00e9miai szint\u00e9zis:<\/strong> Az 1696-20-4 CAS-sz\u00e1m\u00fa N-acetilmorfolint gyakran haszn\u00e1lj\u00e1k a k\u00e9miai szint\u00e9zisben. Sokoldal\u00fa k\u00f6ztes term\u00e9kk\u00e9nt szolg\u00e1l k\u00fcl\u00f6nb\u00f6z\u0151 szerves vegy\u00fcletek, t\u00f6bbek k\u00f6z\u00f6tt gy\u00f3gyszerek, agrok\u00e9miai anyagok \u00e9s speci\u00e1lis vegyszerek el\u0151\u00e1ll\u00edt\u00e1s\u00e1hoz.<\/li>\n<li><strong>Polimeripar:<\/strong> Ezt a vegy\u00fcletet a polimeriparban alkalmazz\u00e1k. Az N-acetilmorfolint kataliz\u00e1tork\u00e9nt \u00e9s reakci\u00f3k\u00f6zegk\u00e9nt haszn\u00e1lj\u00e1k a polimeriz\u00e1ci\u00f3s folyamatokban, hozz\u00e1j\u00e1rulva a specifikus polimerek \u00e9s kopolimerek el\u0151\u00e1ll\u00edt\u00e1s\u00e1hoz.<\/li>\n<li><strong>Korr\u00f3zi\u00f3g\u00e1tl\u00f3:<\/strong> Az N-acetilmorfolint korr\u00f3zi\u00f3g\u00e1tl\u00f3k\u00e9nt haszn\u00e1lj\u00e1k bizonyos ipari folyamatokban. Seg\u00edt megv\u00e9deni a f\u00e9mfel\u00fcleteket a korr\u00f3zi\u00f3t\u00f3l, n\u00f6velve a berendez\u00e9sek \u00e9lettartam\u00e1t \u00e9s tart\u00f3ss\u00e1g\u00e1t.<\/li>\n<li><strong>Old\u00f3szer:<\/strong> Egyes esetekben az N-acetilmorfolint old\u00f3szerk\u00e9nt haszn\u00e1lj\u00e1k k\u00fcl\u00f6nb\u00f6z\u0151 k\u00e9miai reakci\u00f3kban \u00e9s folyamatokban. Egyedi tulajdons\u00e1gai alkalmass\u00e1 teszik a speci\u00e1lis laborat\u00f3riumi \u00e9s ipari alkalmaz\u00e1sokban val\u00f3 felhaszn\u00e1l\u00e1sra.<\/li>\n<\/ol>\n<h2><strong>N-acetilmorfolin Csomagol\u00e1s \u00e9s sz\u00e1ll\u00edt\u00e1s<\/strong><\/h2>\n<p>Csomagol\u00e1s: 200 kg\/dob.<\/p>\n<p>Sz\u00e1ll\u00edt\u00e1s: 5-7 munkanapon bel\u00fcl.<\/p>\n<h2><strong>N-acetilmorfolinestorage<\/strong><\/h2>\n<p>K\u00f6zvetlen napf\u00e9nyt\u0151l v\u00e9dett, h\u0171v\u00f6s, sz\u00e1raz helyen t\u00e1rolva.<\/p>\n<h2><strong><b>L\u00e9pjen kapcsolatba vel\u00fcnk most!<\/b><\/strong><\/h2>\n<h4><strong><b>Ha COA, MSDS vagy TDS-re van sz\u00fcks\u00e9ge, k\u00e9rj\u00fck, t\u00f6ltse ki el\u00e9rhet\u0151s\u00e9g\u00e9t az al\u00e1bbi \u0171rlapon, \u00e1ltal\u00e1ban 24 \u00f3r\u00e1n bel\u00fcl felvessz\u00fck \u00d6nnel a kapcsolatot. \u00d6n is k\u00fcldhet nekem e-mailt <span style=\"color: #0000ff;\"><a style=\"color: #0000ff;\" href=\"mailto:info@longchangchemical.com\">info@longchangchemical.com<\/a><\/span> munkaid\u0151ben ( 8:30-18:00 UTC+8 H.-Szombat ) vagy haszn\u00e1lja a weboldal \u00e9l\u0151 chatj\u00e9t, hogy azonnali v\u00e1laszt kapjon.<\/b><\/strong><\/h4>","protected":false},"excerpt":{"rendered":"<h2><strong>N-acetilmorfolinGyors r\u00e9szletek<\/strong><\/h2>\n<p>Term\u00e9k neve: N-acetilmorfolin<\/p>\n<p>K\u00e9miai n\u00e9v: 4-Acetilmorfolin;1-Morfolinoetanon;1-morfolin-4-iletanon<\/p>\n<p>CAS-sz\u00e1m: 1696-20-4<\/p>\n<p>Molekul\u00e1ris k\u00e9plet: C6H11NO2<\/p>\n<p>Molekulat\u00f6meg: 129,15700<\/p>\n<p>N-acetilmorfolinszerkezet:<img decoding=\"async\" title=\"N-acetilmorfolin szerkezet\" src=\"https:\/\/www.longchangchemical.com\/wp-content\/uploads\/product-details\/20200611227023.png\" alt=\"N-acetilmorfolin szerkezet\" width=\"84\" height=\"45\" border=\"0\" vspace=\"0\" \/><\/p>","protected":false},"featured_media":6494,"comment_status":"open","ping_status":"closed","template":"","meta":[],"product_brand":[],"product_cat":[69],"product_tag":[],"class_list":{"0":"post-4210","1":"product","2":"type-product","3":"status-publish","4":"has-post-thumbnail","6":"product_cat-catalysts-chemical-auxiliary-agents","8":"first","9":"instock","10":"shipping-taxable","11":"product-type-simple"},"yoast_head":"<!-- This site is optimized with the Yoast SEO plugin v25.3.1 - https:\/\/yoast.com\/wordpress\/plugins\/seo\/ -->\n<title>China n-Acetylmorpholine Manufacturer CAS 1696-20-4 -Longchang Chemical<\/title>\n<meta name=\"description\" content=\"n-acetylmorpholine cas 1696-20-4 is key product of Longchang Chemical. We provide best price. We are the leading manufacturer and supplier in China with the best quanlity and competitive price.\" \/>\n<meta name=\"robots\" content=\"index, follow, max-snippet:-1, max-image-preview:large, max-video-preview:-1\" \/>\n<link rel=\"canonical\" href=\"https:\/\/longchangchemical.com\/hu\/product\/n-acetylmorpholine-cas-1696-20-4\/\" \/>\n<meta property=\"og:locale\" content=\"hu_HU\" \/>\n<meta property=\"og:type\" content=\"article\" \/>\n<meta property=\"og:title\" content=\"China n-Acetylmorpholine Manufacturer CAS 1696-20-4 -Longchang Chemical\" \/>\n<meta property=\"og:description\" content=\"n-acetylmorpholine cas 1696-20-4 is key product of Longchang Chemical. We provide best price. We are the leading manufacturer and supplier in China with the best quanlity and competitive price.\" \/>\n<meta property=\"og:url\" content=\"https:\/\/longchangchemical.com\/hu\/product\/n-acetylmorpholine-cas-1696-20-4\/\" \/>\n<meta property=\"og:site_name\" content=\"Longchang Chemical\" \/>\n<meta property=\"article:modified_time\" content=\"2025-12-17T04:27:43+00:00\" \/>\n<meta property=\"og:image\" content=\"https:\/\/longchangchemical.com\/wp-content\/uploads\/2021\/01\/7-5.jpg\" \/>\n\t<meta property=\"og:image:width\" content=\"800\" \/>\n\t<meta property=\"og:image:height\" content=\"800\" \/>\n\t<meta property=\"og:image:type\" content=\"image\/jpeg\" \/>\n<meta name=\"twitter:card\" content=\"summary_large_image\" \/>\n<script type=\"application\/ld+json\" class=\"yoast-schema-graph\">{\"@context\":\"https:\/\/schema.org\",\"@graph\":[{\"@type\":\"WebPage\",\"@id\":\"https:\/\/longchangchemical.com\/product\/n-acetylmorpholine-cas-1696-20-4\/\",\"url\":\"https:\/\/longchangchemical.com\/product\/n-acetylmorpholine-cas-1696-20-4\/\",\"name\":\"China n-Acetylmorpholine Manufacturer CAS 1696-20-4 -Longchang Chemical\",\"isPartOf\":{\"@id\":\"https:\/\/longchangchemical.com\/#website\"},\"primaryImageOfPage\":{\"@id\":\"https:\/\/longchangchemical.com\/product\/n-acetylmorpholine-cas-1696-20-4\/#primaryimage\"},\"image\":{\"@id\":\"https:\/\/longchangchemical.com\/product\/n-acetylmorpholine-cas-1696-20-4\/#primaryimage\"},\"thumbnailUrl\":\"https:\/\/longchangchemical.com\/wp-content\/uploads\/2021\/01\/7-5.jpg\",\"datePublished\":\"2024-01-17T01:52:32+00:00\",\"dateModified\":\"2025-12-17T04:27:43+00:00\",\"description\":\"n-acetylmorpholine cas 1696-20-4 is key product of Longchang Chemical. We provide best price. We are the leading manufacturer and supplier in China with the best quanlity and competitive price.\",\"breadcrumb\":{\"@id\":\"https:\/\/longchangchemical.com\/product\/n-acetylmorpholine-cas-1696-20-4\/#breadcrumb\"},\"inLanguage\":\"hu\",\"potentialAction\":[{\"@type\":\"ReadAction\",\"target\":[\"https:\/\/longchangchemical.com\/product\/n-acetylmorpholine-cas-1696-20-4\/\"]}]},{\"@type\":\"ImageObject\",\"inLanguage\":\"hu\",\"@id\":\"https:\/\/longchangchemical.com\/product\/n-acetylmorpholine-cas-1696-20-4\/#primaryimage\",\"url\":\"https:\/\/longchangchemical.com\/wp-content\/uploads\/2021\/01\/7-5.jpg\",\"contentUrl\":\"https:\/\/longchangchemical.com\/wp-content\/uploads\/2021\/01\/7-5.jpg\",\"width\":800,\"height\":800,\"caption\":\"n-acetylmorpholine cas 1696-20-4\"},{\"@type\":\"BreadcrumbList\",\"@id\":\"https:\/\/longchangchemical.com\/product\/n-acetylmorpholine-cas-1696-20-4\/#breadcrumb\",\"itemListElement\":[{\"@type\":\"ListItem\",\"position\":1,\"name\":\"Home\",\"item\":\"https:\/\/longchangchemical.com\/\"},{\"@type\":\"ListItem\",\"position\":2,\"name\":\"Products Longchang\",\"item\":\"https:\/\/longchangchemical.com\/product\/\"},{\"@type\":\"ListItem\",\"position\":3,\"name\":\"n-acetylmorpholine cas 1696-20-4\"}]},{\"@type\":\"WebSite\",\"@id\":\"https:\/\/longchangchemical.com\/#website\",\"url\":\"https:\/\/longchangchemical.com\/\",\"name\":\"Longchang Chemical\",\"description\":\"China chemical manufacturer \uff06 supplier\",\"publisher\":{\"@id\":\"https:\/\/longchangchemical.com\/#organization\"},\"potentialAction\":[{\"@type\":\"SearchAction\",\"target\":{\"@type\":\"EntryPoint\",\"urlTemplate\":\"https:\/\/longchangchemical.com\/?s={search_term_string}\"},\"query-input\":{\"@type\":\"PropertyValueSpecification\",\"valueRequired\":true,\"valueName\":\"search_term_string\"}}],\"inLanguage\":\"hu\"},{\"@type\":\"Organization\",\"@id\":\"https:\/\/longchangchemical.com\/#organization\",\"name\":\"Longchang Chemical\",\"url\":\"https:\/\/longchangchemical.com\/\",\"logo\":{\"@type\":\"ImageObject\",\"inLanguage\":\"hu\",\"@id\":\"https:\/\/longchangchemical.com\/#\/schema\/logo\/image\/\",\"url\":\"https:\/\/longchangchemical.com\/wp-content\/uploads\/2020\/08\/cropped-longchang-logo.png\",\"contentUrl\":\"https:\/\/longchangchemical.com\/wp-content\/uploads\/2020\/08\/cropped-longchang-logo.png\",\"width\":512,\"height\":512,\"caption\":\"Longchang Chemical\"},\"image\":{\"@id\":\"https:\/\/longchangchemical.com\/#\/schema\/logo\/image\/\"}}]}<\/script>\n<!-- \/ Yoast SEO plugin. -->","yoast_head_json":{"title":"K\u00edna n-acetil-morfolin gy\u00e1rt\u00f3 CAS 1696-20-4 - Longchang Chemical","description":"Az n-acetilmorfolin cas 1696-20-4 a Longchang Chemical kulcsfontoss\u00e1g\u00fa term\u00e9ke. A legjobb \u00e1rat biztos\u00edtjuk. Mi vagyunk a vezet\u0151 gy\u00e1rt\u00f3 \u00e9s sz\u00e1ll\u00edt\u00f3 K\u00edn\u00e1ban a legjobb min\u0151s\u00e9ggel \u00e9s versenyk\u00e9pes \u00e1rral.","robots":{"index":"index","follow":"follow","max-snippet":"max-snippet:-1","max-image-preview":"max-image-preview:large","max-video-preview":"max-video-preview:-1"},"canonical":"https:\/\/longchangchemical.com\/hu\/product\/n-acetylmorpholine-cas-1696-20-4\/","og_locale":"hu_HU","og_type":"article","og_title":"China n-Acetylmorpholine Manufacturer CAS 1696-20-4 -Longchang Chemical","og_description":"n-acetylmorpholine cas 1696-20-4 is key product of Longchang Chemical. We provide best price. We are the leading manufacturer and supplier in China with the best quanlity and competitive price.","og_url":"https:\/\/longchangchemical.com\/hu\/product\/n-acetylmorpholine-cas-1696-20-4\/","og_site_name":"Longchang Chemical","article_modified_time":"2025-12-17T04:27:43+00:00","og_image":[{"width":800,"height":800,"url":"https:\/\/longchangchemical.com\/wp-content\/uploads\/2021\/01\/7-5.jpg","type":"image\/jpeg"}],"twitter_card":"summary_large_image","schema":{"@context":"https:\/\/schema.org","@graph":[{"@type":"WebPage","@id":"https:\/\/longchangchemical.com\/product\/n-acetylmorpholine-cas-1696-20-4\/","url":"https:\/\/longchangchemical.com\/product\/n-acetylmorpholine-cas-1696-20-4\/","name":"K\u00edna n-acetil-morfolin gy\u00e1rt\u00f3 CAS 1696-20-4 - Longchang Chemical","isPartOf":{"@id":"https:\/\/longchangchemical.com\/#website"},"primaryImageOfPage":{"@id":"https:\/\/longchangchemical.com\/product\/n-acetylmorpholine-cas-1696-20-4\/#primaryimage"},"image":{"@id":"https:\/\/longchangchemical.com\/product\/n-acetylmorpholine-cas-1696-20-4\/#primaryimage"},"thumbnailUrl":"https:\/\/longchangchemical.com\/wp-content\/uploads\/2021\/01\/7-5.jpg","datePublished":"2024-01-17T01:52:32+00:00","dateModified":"2025-12-17T04:27:43+00:00","description":"Az n-acetilmorfolin cas 1696-20-4 a Longchang Chemical kulcsfontoss\u00e1g\u00fa term\u00e9ke. A legjobb \u00e1rat biztos\u00edtjuk. Mi vagyunk a vezet\u0151 gy\u00e1rt\u00f3 \u00e9s sz\u00e1ll\u00edt\u00f3 K\u00edn\u00e1ban a legjobb min\u0151s\u00e9ggel \u00e9s versenyk\u00e9pes \u00e1rral.","breadcrumb":{"@id":"https:\/\/longchangchemical.com\/product\/n-acetylmorpholine-cas-1696-20-4\/#breadcrumb"},"inLanguage":"hu","potentialAction":[{"@type":"ReadAction","target":["https:\/\/longchangchemical.com\/product\/n-acetylmorpholine-cas-1696-20-4\/"]}]},{"@type":"ImageObject","inLanguage":"hu","@id":"https:\/\/longchangchemical.com\/product\/n-acetylmorpholine-cas-1696-20-4\/#primaryimage","url":"https:\/\/longchangchemical.com\/wp-content\/uploads\/2021\/01\/7-5.jpg","contentUrl":"https:\/\/longchangchemical.com\/wp-content\/uploads\/2021\/01\/7-5.jpg","width":800,"height":800,"caption":"n-acetylmorpholine cas 1696-20-4"},{"@type":"BreadcrumbList","@id":"https:\/\/longchangchemical.com\/product\/n-acetylmorpholine-cas-1696-20-4\/#breadcrumb","itemListElement":[{"@type":"ListItem","position":1,"name":"Home","item":"https:\/\/longchangchemical.com\/"},{"@type":"ListItem","position":2,"name":"Products Longchang","item":"https:\/\/longchangchemical.com\/product\/"},{"@type":"ListItem","position":3,"name":"n-acetylmorpholine cas 1696-20-4"}]},{"@type":"WebSite","@id":"https:\/\/longchangchemical.com\/#website","url":"https:\/\/longchangchemical.com\/","name":"Longchang Chemical","description":"K\u00edna k\u00e9miai gy\u00e1rt\u00f3 \uff06 sz\u00e1ll\u00edt\u00f3","publisher":{"@id":"https:\/\/longchangchemical.com\/#organization"},"potentialAction":[{"@type":"SearchAction","target":{"@type":"EntryPoint","urlTemplate":"https:\/\/longchangchemical.com\/?s={search_term_string}"},"query-input":{"@type":"PropertyValueSpecification","valueRequired":true,"valueName":"search_term_string"}}],"inLanguage":"hu"},{"@type":"Organization","@id":"https:\/\/longchangchemical.com\/#organization","name":"Longchang Chemical","url":"https:\/\/longchangchemical.com\/","logo":{"@type":"ImageObject","inLanguage":"hu","@id":"https:\/\/longchangchemical.com\/#\/schema\/logo\/image\/","url":"https:\/\/longchangchemical.com\/wp-content\/uploads\/2020\/08\/cropped-longchang-logo.png","contentUrl":"https:\/\/longchangchemical.com\/wp-content\/uploads\/2020\/08\/cropped-longchang-logo.png","width":512,"height":512,"caption":"Longchang Chemical"},"image":{"@id":"https:\/\/longchangchemical.com\/#\/schema\/logo\/image\/"}}]}},"_links":{"self":[{"href":"https:\/\/longchangchemical.com\/hu\/wp-json\/wp\/v2\/product\/4210","targetHints":{"allow":["GET"]}}],"collection":[{"href":"https:\/\/longchangchemical.com\/hu\/wp-json\/wp\/v2\/product"}],"about":[{"href":"https:\/\/longchangchemical.com\/hu\/wp-json\/wp\/v2\/types\/product"}],"replies":[{"embeddable":true,"href":"https:\/\/longchangchemical.com\/hu\/wp-json\/wp\/v2\/comments?post=4210"}],"wp:featuredmedia":[{"embeddable":true,"href":"https:\/\/longchangchemical.com\/hu\/wp-json\/wp\/v2\/media\/6494"}],"wp:attachment":[{"href":"https:\/\/longchangchemical.com\/hu\/wp-json\/wp\/v2\/media?parent=4210"}],"wp:term":[{"taxonomy":"product_brand","embeddable":true,"href":"https:\/\/longchangchemical.com\/hu\/wp-json\/wp\/v2\/product_brand?post=4210"},{"taxonomy":"product_cat","embeddable":true,"href":"https:\/\/longchangchemical.com\/hu\/wp-json\/wp\/v2\/product_cat?post=4210"},{"taxonomy":"product_tag","embeddable":true,"href":"https:\/\/longchangchemical.com\/hu\/wp-json\/wp\/v2\/product_tag?post=4210"}],"curies":[{"name":"wp","href":"https:\/\/api.w.org\/{rel}","templated":true}]}}