{"id":4204,"date":"2024-01-18T02:49:32","date_gmt":"2024-01-18T02:49:32","guid":{"rendered":"https:\/\/longchangchemical.com\/?post_type=product&#038;p=4204"},"modified":"2025-12-17T04:20:59","modified_gmt":"2025-12-17T04:20:59","slug":"nn-dimethylbenzylamine-cas-103-83-3","status":"publish","type":"product","link":"https:\/\/longchangchemical.com\/hu\/product\/nn-dimethylbenzylamine-cas-103-83-3\/","title":{"rendered":"n,n-dimetil-benzilamin cas 103-83-3"},"content":{"rendered":"<h2><strong>N,N-dimetil-benzilaminT\u00edpusos tulajdons\u00e1gok<\/strong><\/h2>\n<table class=\"table-1\" cellspacing=\"0\">\n<tbody>\n<tr>\n<td>T\u00e9tel<\/td>\n<td>M\u0171szaki adatok<\/td>\n<td>Eredm\u00e9nyek<\/td>\n<\/tr>\n<tr>\n<td>Megjelen\u00e9s<\/td>\n<td>Sz\u00edntelen \u00e1tl\u00e1tsz\u00f3 folyad\u00e9k<\/td>\n<td>Meger\u0151s\u00edti<\/td>\n<\/tr>\n<tr>\n<td>V\u00edztartalom , %<\/td>\n<td>&lt;0.2%<\/td>\n<td>0.14<\/td>\n<\/tr>\n<tr>\n<td>Tisztas\u00e1g , %<\/td>\n<td>\u226599.0<\/td>\n<td>99.25<\/td>\n<\/tr>\n<tr>\n<td>K\u00f6vetkeztet\u00e9s<\/td>\n<td colspan=\"2\">Az eredm\u00e9nyek megfelelnek a szabv\u00e1nyoknak<\/td>\n<\/tr>\n<\/tbody>\n<\/table>\n<h2><strong>N,N-dimetil-benzilamin Haszn\u00e1lat<\/strong><\/h2>\n<p>Szerves szint\u00e9zis intermedierek, kataliz\u00e1torok tiszta \u00e9s dehidrohalog\u00e9nezett halog\u00e9nek el\u0151\u00e1ll\u00edt\u00e1s\u00e1hoz, korr\u00f3zi\u00f3g\u00e1tl\u00f3k, savas semleges\u00edt\u0151k, elektronmikroszk\u00f3pos metsz\u00e9sgyors\u00edt\u00f3k.<\/p>\n<section>Az N,N-dimetil-benzilamint a bis[(N,N-dimetilamino)benzil] szelenid szint\u00e9zis\u00e9hez haszn\u00e1lt\u00e1k. Kataliz\u00e1tork\u00e9nt haszn\u00e1lt\u00e1k a biszfenol A diglicidil-\u00e9ter \u00e9s a tetrahidroft\u00e1l-anhidrid formul\u00e1k kem\u00e9ny\u00edt\u00e9si reakci\u00f3ja sor\u00e1n. Butil-l\u00edtiummal ir\u00e1ny\u00edtott orto-metal\u00e1l\u00e1son megy kereszt\u00fcl. Metil-jodiddal reag\u00e1lva amm\u00f3niums\u00f3t kap, amelyet f\u00e1zistranszfer-kataliz\u00e1tork\u00e9nt haszn\u00e1lnak. Tov\u00e1bb\u00e1 kataliz\u00e1tork\u00e9nt haszn\u00e1lj\u00e1k poliuret\u00e1nhabok \u00e9s epoxigyant\u00e1k k\u00e9pz\u0151d\u00e9s\u00e9hez.<\/section>\n<section>\n<ol>\n<li><strong>K\u00e9miai szint\u00e9zis:<\/strong> Az N,N-dimetil-benzilamin, CAS-sz\u00e1mmal 103-83-3, sz\u00e9les k\u00f6rben haszn\u00e1lj\u00e1k a k\u00e9miai szint\u00e9zisben. Sokoldal\u00fa k\u00f6ztes term\u00e9kk\u00e9nt szolg\u00e1l k\u00fcl\u00f6nb\u00f6z\u0151 vegy\u00fcletek, t\u00f6bbek k\u00f6z\u00f6tt gy\u00f3gyszerek, agrok\u00e9miai anyagok \u00e9s speci\u00e1lis vegyszerek el\u0151\u00e1ll\u00edt\u00e1s\u00e1hoz.<\/li>\n<li><strong>Polimeripar:<\/strong> Ezt a vegy\u00fcletet a polimeriparban alkalmazz\u00e1k. Polimerek \u00e9s kopolimerek szint\u00e9zis\u00e9ben haszn\u00e1lj\u00e1k, hozz\u00e1j\u00e1rulva a polimerek tulajdons\u00e1gainak m\u00f3dos\u00edt\u00e1s\u00e1hoz \u00e9s a speci\u00e1lis anyagok kifejleszt\u00e9s\u00e9hez.<\/li>\n<li><strong>Fel\u00fcletakt\u00edv anyagok \u00e9s kvaterner amm\u00f3niumvegy\u00fcletek:<\/strong> Az N,N-dimetil-benzilamint fel\u00fcletakt\u00edv anyagok \u00e9s kvaterner amm\u00f3niumvegy\u00fcletek el\u0151\u00e1ll\u00edt\u00e1s\u00e1ra haszn\u00e1lj\u00e1k. Ezeket a vegy\u00fcleteket a mos\u00f3szerek, sz\u00f6vetl\u00e1gy\u00edt\u00f3k \u00e9s egy\u00e9b tiszt\u00edt\u00f3szerek el\u0151\u00e1ll\u00edt\u00e1s\u00e1ban alkalmazz\u00e1k.<\/li>\n<li><strong>Katal\u00edzis:<\/strong> A katalitikus folyamatokban az N,N-dimetil-benzilamint kataliz\u00e1tork\u00e9nt vagy t\u00e1rskataliz\u00e1tork\u00e9nt haszn\u00e1lj\u00e1k k\u00fcl\u00f6nb\u00f6z\u0151 k\u00e9miai reakci\u00f3kban. El\u0151seg\u00edti bizonyos k\u00f6ztiterm\u00e9kek \u00e9s v\u00e9gterm\u00e9kek szint\u00e9zis\u00e9t m\u00e1s reakt\u00e1nsok jelenl\u00e9t\u00e9ben.<\/li>\n<\/ol>\n<\/section>\n<h2><a name=\"Preparation\"><\/a><strong>N,N-dimetil-benzilamin Csomagol\u00e1s<\/strong><\/h2>\n<p>hord\u00f3,25 kg ,200L<br \/>\nVagy az \u00d6n ig\u00e9nyei szerint.<\/p>\n<h2><strong>N,N-dimetil-benzilamin-estore<\/strong><\/h2>\n<p>A rakt\u00e1r alacsony h\u0151m\u00e9rs\u00e9kleten szell\u0151ztetve van; a savt\u00f3l elk\u00fcl\u00f6n\u00edtve t\u00e1rolj\u00e1k.<\/p>\n<h2><strong><b>L\u00e9pjen kapcsolatba vel\u00fcnk most!<\/b><\/strong><\/h2>\n<h4><strong><b>Ha COA, MSDS vagy TDS-re van sz\u00fcks\u00e9ge, k\u00e9rj\u00fck, t\u00f6ltse ki el\u00e9rhet\u0151s\u00e9g\u00e9t az al\u00e1bbi \u0171rlapon, \u00e1ltal\u00e1ban 24 \u00f3r\u00e1n bel\u00fcl felvessz\u00fck \u00d6nnel a kapcsolatot. \u00d6n is k\u00fcldhet nekem e-mailt <span style=\"color: #0000ff;\"><a style=\"color: #0000ff;\" href=\"mailto:info@longchangchemical.com\">info@longchangchemical.com<\/a><\/span> munkaid\u0151ben ( 8:30-18:00 UTC+8 H.-Szombat ) vagy haszn\u00e1lja a weboldal \u00e9l\u0151 chatj\u00e9t, hogy azonnali v\u00e1laszt kapjon.<\/b><\/strong><\/h4>","protected":false},"excerpt":{"rendered":"<h2><strong>N,N-dimetil-benzilaminGyors r\u00e9szletek<\/strong><\/h2>\n<p>K\u00e9miai n\u00e9v: N,N-dimetil-benzilamin<\/p>\n<p>CAS: 103-83-3<\/p>\n<p>Molekul\u00e1ris k\u00e9plet:C9H13N<\/p>\n<p>Molekulat\u00f6meg:135,21<\/p>\n<p>K\u00e9miai szerkezet:<img decoding=\"async\" title=\"N,N-dimetil-benzilamin Szerkezet\" src=\"https:\/\/www.longchangchemical.com\/wp-content\/uploads\/product-details\/20200616005758.png\" alt=\"N,N-dimetil-benzilamin Szerkezet\" width=\"94\" height=\"45\" border=\"0\" vspace=\"0\" \/><\/p>\n<p>Megjelen\u00e9s: Folyad\u00e9k: Sz\u00edntelen, \u00e1tl\u00e1tsz\u00f3 folyad\u00e9k<\/p>\n<p>Tisztas\u00e1g: 99%<\/p>","protected":false},"featured_media":6514,"comment_status":"open","ping_status":"closed","template":"","meta":[],"product_brand":[],"product_cat":[69],"product_tag":[],"class_list":{"0":"post-4204","1":"product","2":"type-product","3":"status-publish","4":"has-post-thumbnail","6":"product_cat-catalysts-chemical-auxiliary-agents","8":"first","9":"instock","10":"shipping-taxable","11":"product-type-simple"},"yoast_head":"<!-- This site is optimized with the Yoast SEO plugin v25.3.1 - https:\/\/yoast.com\/wordpress\/plugins\/seo\/ -->\n<title>China n,n-dimethylbenzylamine Manufacturer CAS 103-83-3 -Longchang Chemical<\/title>\n<meta name=\"description\" content=\"n,n-dimethylbenzylamine cas 103-83-3 is key product of Longchang Chemical. We provide best price. We are the leading manufacturer and supplier in China with the best quanlity and competitive price.\" \/>\n<meta name=\"robots\" content=\"index, follow, max-snippet:-1, max-image-preview:large, max-video-preview:-1\" \/>\n<link rel=\"canonical\" href=\"https:\/\/longchangchemical.com\/hu\/product\/nn-dimethylbenzylamine-cas-103-83-3\/\" \/>\n<meta property=\"og:locale\" content=\"hu_HU\" \/>\n<meta property=\"og:type\" content=\"article\" \/>\n<meta property=\"og:title\" content=\"China n,n-dimethylbenzylamine Manufacturer CAS 103-83-3 -Longchang Chemical\" \/>\n<meta property=\"og:description\" content=\"n,n-dimethylbenzylamine cas 103-83-3 is key product of Longchang Chemical. We provide best price. We are the leading manufacturer and supplier in China with the best quanlity and competitive price.\" \/>\n<meta property=\"og:url\" content=\"https:\/\/longchangchemical.com\/hu\/product\/nn-dimethylbenzylamine-cas-103-83-3\/\" \/>\n<meta property=\"og:site_name\" content=\"Longchang Chemical\" \/>\n<meta property=\"article:modified_time\" content=\"2025-12-17T04:20:59+00:00\" \/>\n<meta property=\"og:image\" content=\"https:\/\/longchangchemical.com\/wp-content\/uploads\/2024\/01\/1-1.jpg\" \/>\n\t<meta property=\"og:image:width\" content=\"800\" \/>\n\t<meta property=\"og:image:height\" content=\"800\" \/>\n\t<meta property=\"og:image:type\" content=\"image\/jpeg\" \/>\n<meta name=\"twitter:card\" content=\"summary_large_image\" \/>\n<script type=\"application\/ld+json\" class=\"yoast-schema-graph\">{\"@context\":\"https:\/\/schema.org\",\"@graph\":[{\"@type\":\"WebPage\",\"@id\":\"https:\/\/longchangchemical.com\/product\/nn-dimethylbenzylamine-cas-103-83-3\/\",\"url\":\"https:\/\/longchangchemical.com\/product\/nn-dimethylbenzylamine-cas-103-83-3\/\",\"name\":\"China n,n-dimethylbenzylamine Manufacturer CAS 103-83-3 -Longchang Chemical\",\"isPartOf\":{\"@id\":\"https:\/\/longchangchemical.com\/#website\"},\"primaryImageOfPage\":{\"@id\":\"https:\/\/longchangchemical.com\/product\/nn-dimethylbenzylamine-cas-103-83-3\/#primaryimage\"},\"image\":{\"@id\":\"https:\/\/longchangchemical.com\/product\/nn-dimethylbenzylamine-cas-103-83-3\/#primaryimage\"},\"thumbnailUrl\":\"https:\/\/longchangchemical.com\/wp-content\/uploads\/2024\/01\/1-1.jpg\",\"datePublished\":\"2024-01-18T02:49:32+00:00\",\"dateModified\":\"2025-12-17T04:20:59+00:00\",\"description\":\"n,n-dimethylbenzylamine cas 103-83-3 is key product of Longchang Chemical. We provide best price. We are the leading manufacturer and supplier in China with the best quanlity and competitive price.\",\"breadcrumb\":{\"@id\":\"https:\/\/longchangchemical.com\/product\/nn-dimethylbenzylamine-cas-103-83-3\/#breadcrumb\"},\"inLanguage\":\"hu\",\"potentialAction\":[{\"@type\":\"ReadAction\",\"target\":[\"https:\/\/longchangchemical.com\/product\/nn-dimethylbenzylamine-cas-103-83-3\/\"]}]},{\"@type\":\"ImageObject\",\"inLanguage\":\"hu\",\"@id\":\"https:\/\/longchangchemical.com\/product\/nn-dimethylbenzylamine-cas-103-83-3\/#primaryimage\",\"url\":\"https:\/\/longchangchemical.com\/wp-content\/uploads\/2024\/01\/1-1.jpg\",\"contentUrl\":\"https:\/\/longchangchemical.com\/wp-content\/uploads\/2024\/01\/1-1.jpg\",\"width\":800,\"height\":800,\"caption\":\"n,n-dimethylbenzylamine cas 103-83-3\"},{\"@type\":\"BreadcrumbList\",\"@id\":\"https:\/\/longchangchemical.com\/product\/nn-dimethylbenzylamine-cas-103-83-3\/#breadcrumb\",\"itemListElement\":[{\"@type\":\"ListItem\",\"position\":1,\"name\":\"Home\",\"item\":\"https:\/\/longchangchemical.com\/\"},{\"@type\":\"ListItem\",\"position\":2,\"name\":\"Products Longchang\",\"item\":\"https:\/\/longchangchemical.com\/product\/\"},{\"@type\":\"ListItem\",\"position\":3,\"name\":\"n,n-dimethylbenzylamine cas 103-83-3\"}]},{\"@type\":\"WebSite\",\"@id\":\"https:\/\/longchangchemical.com\/#website\",\"url\":\"https:\/\/longchangchemical.com\/\",\"name\":\"Longchang Chemical\",\"description\":\"China chemical manufacturer \uff06 supplier\",\"publisher\":{\"@id\":\"https:\/\/longchangchemical.com\/#organization\"},\"potentialAction\":[{\"@type\":\"SearchAction\",\"target\":{\"@type\":\"EntryPoint\",\"urlTemplate\":\"https:\/\/longchangchemical.com\/?s={search_term_string}\"},\"query-input\":{\"@type\":\"PropertyValueSpecification\",\"valueRequired\":true,\"valueName\":\"search_term_string\"}}],\"inLanguage\":\"hu\"},{\"@type\":\"Organization\",\"@id\":\"https:\/\/longchangchemical.com\/#organization\",\"name\":\"Longchang Chemical\",\"url\":\"https:\/\/longchangchemical.com\/\",\"logo\":{\"@type\":\"ImageObject\",\"inLanguage\":\"hu\",\"@id\":\"https:\/\/longchangchemical.com\/#\/schema\/logo\/image\/\",\"url\":\"https:\/\/longchangchemical.com\/wp-content\/uploads\/2020\/08\/cropped-longchang-logo.png\",\"contentUrl\":\"https:\/\/longchangchemical.com\/wp-content\/uploads\/2020\/08\/cropped-longchang-logo.png\",\"width\":512,\"height\":512,\"caption\":\"Longchang Chemical\"},\"image\":{\"@id\":\"https:\/\/longchangchemical.com\/#\/schema\/logo\/image\/\"}}]}<\/script>\n<!-- \/ Yoast SEO plugin. -->","yoast_head_json":{"title":"K\u00edna n,n-dimetil-benzilamin gy\u00e1rt\u00f3 CAS 103-83-3 - Longchang Chemical","description":"Az n,n-dimetil-benzilamin cas 103-83-3 a Longchang Chemical kulcsfontoss\u00e1g\u00fa term\u00e9ke. A legjobb \u00e1rat biztos\u00edtjuk. Mi vagyunk a vezet\u0151 gy\u00e1rt\u00f3 \u00e9s sz\u00e1ll\u00edt\u00f3 K\u00edn\u00e1ban a legjobb min\u0151s\u00e9ggel \u00e9s versenyk\u00e9pes \u00e1rral.","robots":{"index":"index","follow":"follow","max-snippet":"max-snippet:-1","max-image-preview":"max-image-preview:large","max-video-preview":"max-video-preview:-1"},"canonical":"https:\/\/longchangchemical.com\/hu\/product\/nn-dimethylbenzylamine-cas-103-83-3\/","og_locale":"hu_HU","og_type":"article","og_title":"China n,n-dimethylbenzylamine Manufacturer CAS 103-83-3 -Longchang Chemical","og_description":"n,n-dimethylbenzylamine cas 103-83-3 is key product of Longchang Chemical. We provide best price. We are the leading manufacturer and supplier in China with the best quanlity and competitive price.","og_url":"https:\/\/longchangchemical.com\/hu\/product\/nn-dimethylbenzylamine-cas-103-83-3\/","og_site_name":"Longchang Chemical","article_modified_time":"2025-12-17T04:20:59+00:00","og_image":[{"width":800,"height":800,"url":"https:\/\/longchangchemical.com\/wp-content\/uploads\/2024\/01\/1-1.jpg","type":"image\/jpeg"}],"twitter_card":"summary_large_image","schema":{"@context":"https:\/\/schema.org","@graph":[{"@type":"WebPage","@id":"https:\/\/longchangchemical.com\/product\/nn-dimethylbenzylamine-cas-103-83-3\/","url":"https:\/\/longchangchemical.com\/product\/nn-dimethylbenzylamine-cas-103-83-3\/","name":"K\u00edna n,n-dimetil-benzilamin gy\u00e1rt\u00f3 CAS 103-83-3 - Longchang Chemical","isPartOf":{"@id":"https:\/\/longchangchemical.com\/#website"},"primaryImageOfPage":{"@id":"https:\/\/longchangchemical.com\/product\/nn-dimethylbenzylamine-cas-103-83-3\/#primaryimage"},"image":{"@id":"https:\/\/longchangchemical.com\/product\/nn-dimethylbenzylamine-cas-103-83-3\/#primaryimage"},"thumbnailUrl":"https:\/\/longchangchemical.com\/wp-content\/uploads\/2024\/01\/1-1.jpg","datePublished":"2024-01-18T02:49:32+00:00","dateModified":"2025-12-17T04:20:59+00:00","description":"Az n,n-dimetil-benzilamin cas 103-83-3 a Longchang Chemical kulcsfontoss\u00e1g\u00fa term\u00e9ke. A legjobb \u00e1rat biztos\u00edtjuk. Mi vagyunk a vezet\u0151 gy\u00e1rt\u00f3 \u00e9s sz\u00e1ll\u00edt\u00f3 K\u00edn\u00e1ban a legjobb min\u0151s\u00e9ggel \u00e9s versenyk\u00e9pes \u00e1rral.","breadcrumb":{"@id":"https:\/\/longchangchemical.com\/product\/nn-dimethylbenzylamine-cas-103-83-3\/#breadcrumb"},"inLanguage":"hu","potentialAction":[{"@type":"ReadAction","target":["https:\/\/longchangchemical.com\/product\/nn-dimethylbenzylamine-cas-103-83-3\/"]}]},{"@type":"ImageObject","inLanguage":"hu","@id":"https:\/\/longchangchemical.com\/product\/nn-dimethylbenzylamine-cas-103-83-3\/#primaryimage","url":"https:\/\/longchangchemical.com\/wp-content\/uploads\/2024\/01\/1-1.jpg","contentUrl":"https:\/\/longchangchemical.com\/wp-content\/uploads\/2024\/01\/1-1.jpg","width":800,"height":800,"caption":"n,n-dimethylbenzylamine cas 103-83-3"},{"@type":"BreadcrumbList","@id":"https:\/\/longchangchemical.com\/product\/nn-dimethylbenzylamine-cas-103-83-3\/#breadcrumb","itemListElement":[{"@type":"ListItem","position":1,"name":"Home","item":"https:\/\/longchangchemical.com\/"},{"@type":"ListItem","position":2,"name":"Products Longchang","item":"https:\/\/longchangchemical.com\/product\/"},{"@type":"ListItem","position":3,"name":"n,n-dimethylbenzylamine cas 103-83-3"}]},{"@type":"WebSite","@id":"https:\/\/longchangchemical.com\/#website","url":"https:\/\/longchangchemical.com\/","name":"Longchang Chemical","description":"K\u00edna k\u00e9miai gy\u00e1rt\u00f3 \uff06 sz\u00e1ll\u00edt\u00f3","publisher":{"@id":"https:\/\/longchangchemical.com\/#organization"},"potentialAction":[{"@type":"SearchAction","target":{"@type":"EntryPoint","urlTemplate":"https:\/\/longchangchemical.com\/?s={search_term_string}"},"query-input":{"@type":"PropertyValueSpecification","valueRequired":true,"valueName":"search_term_string"}}],"inLanguage":"hu"},{"@type":"Organization","@id":"https:\/\/longchangchemical.com\/#organization","name":"Longchang Chemical","url":"https:\/\/longchangchemical.com\/","logo":{"@type":"ImageObject","inLanguage":"hu","@id":"https:\/\/longchangchemical.com\/#\/schema\/logo\/image\/","url":"https:\/\/longchangchemical.com\/wp-content\/uploads\/2020\/08\/cropped-longchang-logo.png","contentUrl":"https:\/\/longchangchemical.com\/wp-content\/uploads\/2020\/08\/cropped-longchang-logo.png","width":512,"height":512,"caption":"Longchang Chemical"},"image":{"@id":"https:\/\/longchangchemical.com\/#\/schema\/logo\/image\/"}}]}},"_links":{"self":[{"href":"https:\/\/longchangchemical.com\/hu\/wp-json\/wp\/v2\/product\/4204","targetHints":{"allow":["GET"]}}],"collection":[{"href":"https:\/\/longchangchemical.com\/hu\/wp-json\/wp\/v2\/product"}],"about":[{"href":"https:\/\/longchangchemical.com\/hu\/wp-json\/wp\/v2\/types\/product"}],"replies":[{"embeddable":true,"href":"https:\/\/longchangchemical.com\/hu\/wp-json\/wp\/v2\/comments?post=4204"}],"wp:featuredmedia":[{"embeddable":true,"href":"https:\/\/longchangchemical.com\/hu\/wp-json\/wp\/v2\/media\/6514"}],"wp:attachment":[{"href":"https:\/\/longchangchemical.com\/hu\/wp-json\/wp\/v2\/media?parent=4204"}],"wp:term":[{"taxonomy":"product_brand","embeddable":true,"href":"https:\/\/longchangchemical.com\/hu\/wp-json\/wp\/v2\/product_brand?post=4204"},{"taxonomy":"product_cat","embeddable":true,"href":"https:\/\/longchangchemical.com\/hu\/wp-json\/wp\/v2\/product_cat?post=4204"},{"taxonomy":"product_tag","embeddable":true,"href":"https:\/\/longchangchemical.com\/hu\/wp-json\/wp\/v2\/product_tag?post=4204"}],"curies":[{"name":"wp","href":"https:\/\/api.w.org\/{rel}","templated":true}]}}