{"id":4203,"date":"2024-01-18T02:54:18","date_gmt":"2024-01-18T02:54:18","guid":{"rendered":"https:\/\/longchangchemical.com\/?post_type=product&#038;p=4203"},"modified":"2025-12-17T04:19:39","modified_gmt":"2025-12-17T04:19:39","slug":"2-methyl-anthraquinone-cas-84-54-8","status":"publish","type":"product","link":"https:\/\/longchangchemical.com\/hu\/product\/2-methyl-anthraquinone-cas-84-54-8\/","title":{"rendered":"2-metil-antrakinon cas 84-54-8"},"content":{"rendered":"<h2><strong>2-metil-antrakinon Tipikus tulajdons\u00e1gok<\/strong><\/h2>\n<table class=\"table-1\" cellspacing=\"0\">\n<tbody>\n<tr>\n<td>T\u00e9tel<\/td>\n<td>Standard<\/td>\n<td>Eredm\u00e9nyek<\/td>\n<\/tr>\n<tr>\n<td>Megjelen\u00e9s<\/td>\n<td>Vil\u00e1goss\u00e1rga por<\/td>\n<td>99.13%<\/td>\n<\/tr>\n<tr>\n<td>Assay<\/td>\n<td>\u2265 99,0 %<\/td>\n<td>285.3<\/td>\n<\/tr>\n<tr>\n<td>Sz\u00e1r\u00edtott kezdeti olvad\u00e1spont \u2103<\/td>\n<td>\u2265 284.2<\/td>\n<td>108.2\u2103<\/td>\n<\/tr>\n<tr>\n<td>Ash%<\/td>\n<td>\u2264 0,5%<\/td>\n<td>0.39%<\/td>\n<\/tr>\n<tr>\n<td>Sz\u00e1r\u00edt\u00e1si vesztes\u00e9g %<\/td>\n<td>\u2264 0,4%<\/td>\n<td>0.24%<\/td>\n<\/tr>\n<tr>\n<td>Csomag<\/td>\n<td>25kg m\u0171anyag sz\u0151tt zs\u00e1k<\/td>\n<td>Megfelel<\/td>\n<\/tr>\n<tr>\n<td>K\u00f6vetkeztet\u00e9s<\/td>\n<td colspan=\"2\">K\u00e9pzett<\/td>\n<\/tr>\n<\/tbody>\n<\/table>\n<h2><strong>2-metil-antrakinon Haszn\u00e1lat<\/strong><\/h2>\n<p>1. sz\u00ednez\u00e9kk\u00e9nt \u00e9s pigmentk\u00e9nt haszn\u00e1lt intermedierek.<\/p>\n<p>2.Haszn\u00e1lt f\u0151z\u00e9si adal\u00e9kanyagk\u00e9nt a pap\u00edrgy\u00e1rt\u00f3iparban a p\u00e9p el\u0151\u00e1ll\u00edt\u00e1s\u00e1hoz.<\/p>\n<p>A 3.2-metil-antrakinont gy\u00f3gyszeripari intermedierk\u00e9nt haszn\u00e1lj\u00e1k. Szmogfest\u00e9kekben haszn\u00e1lj\u00e1k.<\/p>\n<p>A 4.2-metil-antrakinon felhaszn\u00e1lhat\u00f3 potenci\u00e1lisan biol\u00f3giailag feldolgozhat\u00f3 antrakinon-sz\u00e1rmaz\u00e9kok el\u0151\u00e1ll\u00edt\u00e1s\u00e1hoz.<\/p>\n<h2><strong>2-metil-antrakinon Csomagol\u00e1s \u00e9s sz\u00e1ll\u00edt\u00e1s<\/strong><\/h2>\n<p>Csomagol\u00e1s: 25kg\/zs\u00e1k<\/p>\n<h2><strong>2-metil-antrakinon t\u00e1rol\u00e1sa<\/strong><\/h2>\n<p>K\u00f6zvetlen napf\u00e9nyt\u0151l v\u00e9dett, h\u0171v\u00f6s, sz\u00e1raz helyen t\u00e1rolva.<\/p>\n<h2><strong><b>L\u00e9pjen kapcsolatba vel\u00fcnk most!<\/b><\/strong><\/h2>\n<h4><strong><b>Ha COA, MSDS vagy TDS-re van sz\u00fcks\u00e9ge, k\u00e9rj\u00fck, t\u00f6ltse ki el\u00e9rhet\u0151s\u00e9g\u00e9t az al\u00e1bbi \u0171rlapon, \u00e1ltal\u00e1ban 24 \u00f3r\u00e1n bel\u00fcl felvessz\u00fck \u00d6nnel a kapcsolatot. \u00d6n is k\u00fcldhet nekem e-mailt <span style=\"color: #0000ff;\"><a style=\"color: #0000ff;\" href=\"mailto:info@longchangchemical.com\">info@longchangchemical.com<\/a><\/span> munkaid\u0151ben ( 8:30-18:00 UTC+8 H.-Szombat ) vagy haszn\u00e1lja a weboldal \u00e9l\u0151 chatj\u00e9t, hogy azonnali v\u00e1laszt kapjon.<\/b><\/strong><\/h4>","protected":false},"excerpt":{"rendered":"<h2><strong>2-metil-antrakinon Gyors r\u00e9szletek<\/strong><\/h2>\n<p>K\u00e9miai n\u00e9v: Vegyi n\u00e9v: 2-metil-antrakinon<\/p>\n<p>CAS-sz\u00e1m: 84-54-8<\/p>\n<p>Molekul\u00e1ris fomula: C15H10O2<\/p>\n<p>Molekulat\u00f6meg:222,24<\/p>\n<p>K\u00e9miai szerkezet:<img decoding=\"async\" title=\"2-metil-antrakinon Szerkezet\" src=\"https:\/\/www.longchangchemical.com\/wp-content\/uploads\/product-details\/20200612217798.png\" alt=\"2-metil-antrakinon Szerkezet\" width=\"126\" height=\"93\" border=\"0\" vspace=\"0\" \/><\/p>\n<p>Megjelen\u00e9s: Vil\u00e1goss\u00e1rga por<\/p>\n<p>Pr\u00f3ba: 99%<\/p>","protected":false},"featured_media":6515,"comment_status":"open","ping_status":"closed","template":"","meta":[],"product_brand":[],"product_cat":[69],"product_tag":[],"class_list":{"0":"post-4203","1":"product","2":"type-product","3":"status-publish","4":"has-post-thumbnail","6":"product_cat-catalysts-chemical-auxiliary-agents","8":"first","9":"instock","10":"shipping-taxable","11":"product-type-simple"},"yoast_head":"<!-- This site is optimized with the Yoast SEO plugin v25.3.1 - https:\/\/yoast.com\/wordpress\/plugins\/seo\/ -->\n<title>China 2-methyl anthraquinone Manufacturer CAS 84-54-8 -Longchang Chemical<\/title>\n<meta name=\"description\" content=\"2-methyl anthraquinone cas 84-54-8 is key product of Longchang Chemical. We provide best price. We are the leading manufacturer and supplier in China with the best quanlity and competitive price.\" \/>\n<meta name=\"robots\" content=\"index, follow, max-snippet:-1, max-image-preview:large, max-video-preview:-1\" \/>\n<link rel=\"canonical\" href=\"https:\/\/longchangchemical.com\/hu\/product\/2-methyl-anthraquinone-cas-84-54-8\/\" \/>\n<meta property=\"og:locale\" content=\"hu_HU\" \/>\n<meta property=\"og:type\" content=\"article\" \/>\n<meta property=\"og:title\" content=\"China 2-methyl anthraquinone Manufacturer CAS 84-54-8 -Longchang Chemical\" \/>\n<meta property=\"og:description\" content=\"2-methyl anthraquinone cas 84-54-8 is key product of Longchang Chemical. We provide best price. We are the leading manufacturer and supplier in China with the best quanlity and competitive price.\" \/>\n<meta property=\"og:url\" content=\"https:\/\/longchangchemical.com\/hu\/product\/2-methyl-anthraquinone-cas-84-54-8\/\" \/>\n<meta property=\"og:site_name\" content=\"Longchang Chemical\" \/>\n<meta property=\"article:modified_time\" content=\"2025-12-17T04:19:39+00:00\" \/>\n<meta property=\"og:image\" content=\"https:\/\/longchangchemical.com\/wp-content\/uploads\/2024\/01\/8-2.jpg\" \/>\n\t<meta property=\"og:image:width\" content=\"800\" \/>\n\t<meta property=\"og:image:height\" content=\"800\" \/>\n\t<meta property=\"og:image:type\" content=\"image\/jpeg\" \/>\n<meta name=\"twitter:card\" content=\"summary_large_image\" \/>\n<script type=\"application\/ld+json\" class=\"yoast-schema-graph\">{\"@context\":\"https:\/\/schema.org\",\"@graph\":[{\"@type\":\"WebPage\",\"@id\":\"https:\/\/longchangchemical.com\/product\/2-methyl-anthraquinone-cas-84-54-8\/\",\"url\":\"https:\/\/longchangchemical.com\/product\/2-methyl-anthraquinone-cas-84-54-8\/\",\"name\":\"China 2-methyl anthraquinone Manufacturer CAS 84-54-8 -Longchang Chemical\",\"isPartOf\":{\"@id\":\"https:\/\/longchangchemical.com\/#website\"},\"primaryImageOfPage\":{\"@id\":\"https:\/\/longchangchemical.com\/product\/2-methyl-anthraquinone-cas-84-54-8\/#primaryimage\"},\"image\":{\"@id\":\"https:\/\/longchangchemical.com\/product\/2-methyl-anthraquinone-cas-84-54-8\/#primaryimage\"},\"thumbnailUrl\":\"https:\/\/longchangchemical.com\/wp-content\/uploads\/2024\/01\/8-2.jpg\",\"datePublished\":\"2024-01-18T02:54:18+00:00\",\"dateModified\":\"2025-12-17T04:19:39+00:00\",\"description\":\"2-methyl anthraquinone cas 84-54-8 is key product of Longchang Chemical. We provide best price. We are the leading manufacturer and supplier in China with the best quanlity and competitive price.\",\"breadcrumb\":{\"@id\":\"https:\/\/longchangchemical.com\/product\/2-methyl-anthraquinone-cas-84-54-8\/#breadcrumb\"},\"inLanguage\":\"hu\",\"potentialAction\":[{\"@type\":\"ReadAction\",\"target\":[\"https:\/\/longchangchemical.com\/product\/2-methyl-anthraquinone-cas-84-54-8\/\"]}]},{\"@type\":\"ImageObject\",\"inLanguage\":\"hu\",\"@id\":\"https:\/\/longchangchemical.com\/product\/2-methyl-anthraquinone-cas-84-54-8\/#primaryimage\",\"url\":\"https:\/\/longchangchemical.com\/wp-content\/uploads\/2024\/01\/8-2.jpg\",\"contentUrl\":\"https:\/\/longchangchemical.com\/wp-content\/uploads\/2024\/01\/8-2.jpg\",\"width\":800,\"height\":800,\"caption\":\"2-methyl anthraquinone cas 84-54-8\"},{\"@type\":\"BreadcrumbList\",\"@id\":\"https:\/\/longchangchemical.com\/product\/2-methyl-anthraquinone-cas-84-54-8\/#breadcrumb\",\"itemListElement\":[{\"@type\":\"ListItem\",\"position\":1,\"name\":\"Home\",\"item\":\"https:\/\/longchangchemical.com\/\"},{\"@type\":\"ListItem\",\"position\":2,\"name\":\"Products Longchang\",\"item\":\"https:\/\/longchangchemical.com\/product\/\"},{\"@type\":\"ListItem\",\"position\":3,\"name\":\"2-methyl anthraquinone cas 84-54-8\"}]},{\"@type\":\"WebSite\",\"@id\":\"https:\/\/longchangchemical.com\/#website\",\"url\":\"https:\/\/longchangchemical.com\/\",\"name\":\"Longchang Chemical\",\"description\":\"China chemical manufacturer \uff06 supplier\",\"publisher\":{\"@id\":\"https:\/\/longchangchemical.com\/#organization\"},\"potentialAction\":[{\"@type\":\"SearchAction\",\"target\":{\"@type\":\"EntryPoint\",\"urlTemplate\":\"https:\/\/longchangchemical.com\/?s={search_term_string}\"},\"query-input\":{\"@type\":\"PropertyValueSpecification\",\"valueRequired\":true,\"valueName\":\"search_term_string\"}}],\"inLanguage\":\"hu\"},{\"@type\":\"Organization\",\"@id\":\"https:\/\/longchangchemical.com\/#organization\",\"name\":\"Longchang Chemical\",\"url\":\"https:\/\/longchangchemical.com\/\",\"logo\":{\"@type\":\"ImageObject\",\"inLanguage\":\"hu\",\"@id\":\"https:\/\/longchangchemical.com\/#\/schema\/logo\/image\/\",\"url\":\"https:\/\/longchangchemical.com\/wp-content\/uploads\/2020\/08\/cropped-longchang-logo.png\",\"contentUrl\":\"https:\/\/longchangchemical.com\/wp-content\/uploads\/2020\/08\/cropped-longchang-logo.png\",\"width\":512,\"height\":512,\"caption\":\"Longchang Chemical\"},\"image\":{\"@id\":\"https:\/\/longchangchemical.com\/#\/schema\/logo\/image\/\"}}]}<\/script>\n<!-- \/ Yoast SEO plugin. -->","yoast_head_json":{"title":"K\u00edna 2-metil antrakinon gy\u00e1rt\u00f3 CAS 84-54-8 - Longchang Chemical","description":"A 2-metil-antrakinon cas 84-54-8 a Longchang Chemical kulcsfontoss\u00e1g\u00fa term\u00e9ke. A legjobb \u00e1rat biztos\u00edtjuk. Mi vagyunk a vezet\u0151 gy\u00e1rt\u00f3 \u00e9s sz\u00e1ll\u00edt\u00f3 K\u00edn\u00e1ban a legjobb min\u0151s\u00e9ggel \u00e9s versenyk\u00e9pes \u00e1rral.","robots":{"index":"index","follow":"follow","max-snippet":"max-snippet:-1","max-image-preview":"max-image-preview:large","max-video-preview":"max-video-preview:-1"},"canonical":"https:\/\/longchangchemical.com\/hu\/product\/2-methyl-anthraquinone-cas-84-54-8\/","og_locale":"hu_HU","og_type":"article","og_title":"China 2-methyl anthraquinone Manufacturer CAS 84-54-8 -Longchang Chemical","og_description":"2-methyl anthraquinone cas 84-54-8 is key product of Longchang Chemical. We provide best price. We are the leading manufacturer and supplier in China with the best quanlity and competitive price.","og_url":"https:\/\/longchangchemical.com\/hu\/product\/2-methyl-anthraquinone-cas-84-54-8\/","og_site_name":"Longchang Chemical","article_modified_time":"2025-12-17T04:19:39+00:00","og_image":[{"width":800,"height":800,"url":"https:\/\/longchangchemical.com\/wp-content\/uploads\/2024\/01\/8-2.jpg","type":"image\/jpeg"}],"twitter_card":"summary_large_image","schema":{"@context":"https:\/\/schema.org","@graph":[{"@type":"WebPage","@id":"https:\/\/longchangchemical.com\/product\/2-methyl-anthraquinone-cas-84-54-8\/","url":"https:\/\/longchangchemical.com\/product\/2-methyl-anthraquinone-cas-84-54-8\/","name":"K\u00edna 2-metil antrakinon gy\u00e1rt\u00f3 CAS 84-54-8 - Longchang Chemical","isPartOf":{"@id":"https:\/\/longchangchemical.com\/#website"},"primaryImageOfPage":{"@id":"https:\/\/longchangchemical.com\/product\/2-methyl-anthraquinone-cas-84-54-8\/#primaryimage"},"image":{"@id":"https:\/\/longchangchemical.com\/product\/2-methyl-anthraquinone-cas-84-54-8\/#primaryimage"},"thumbnailUrl":"https:\/\/longchangchemical.com\/wp-content\/uploads\/2024\/01\/8-2.jpg","datePublished":"2024-01-18T02:54:18+00:00","dateModified":"2025-12-17T04:19:39+00:00","description":"A 2-metil-antrakinon cas 84-54-8 a Longchang Chemical kulcsfontoss\u00e1g\u00fa term\u00e9ke. A legjobb \u00e1rat biztos\u00edtjuk. Mi vagyunk a vezet\u0151 gy\u00e1rt\u00f3 \u00e9s sz\u00e1ll\u00edt\u00f3 K\u00edn\u00e1ban a legjobb min\u0151s\u00e9ggel \u00e9s versenyk\u00e9pes \u00e1rral.","breadcrumb":{"@id":"https:\/\/longchangchemical.com\/product\/2-methyl-anthraquinone-cas-84-54-8\/#breadcrumb"},"inLanguage":"hu","potentialAction":[{"@type":"ReadAction","target":["https:\/\/longchangchemical.com\/product\/2-methyl-anthraquinone-cas-84-54-8\/"]}]},{"@type":"ImageObject","inLanguage":"hu","@id":"https:\/\/longchangchemical.com\/product\/2-methyl-anthraquinone-cas-84-54-8\/#primaryimage","url":"https:\/\/longchangchemical.com\/wp-content\/uploads\/2024\/01\/8-2.jpg","contentUrl":"https:\/\/longchangchemical.com\/wp-content\/uploads\/2024\/01\/8-2.jpg","width":800,"height":800,"caption":"2-methyl anthraquinone cas 84-54-8"},{"@type":"BreadcrumbList","@id":"https:\/\/longchangchemical.com\/product\/2-methyl-anthraquinone-cas-84-54-8\/#breadcrumb","itemListElement":[{"@type":"ListItem","position":1,"name":"Home","item":"https:\/\/longchangchemical.com\/"},{"@type":"ListItem","position":2,"name":"Products Longchang","item":"https:\/\/longchangchemical.com\/product\/"},{"@type":"ListItem","position":3,"name":"2-methyl anthraquinone cas 84-54-8"}]},{"@type":"WebSite","@id":"https:\/\/longchangchemical.com\/#website","url":"https:\/\/longchangchemical.com\/","name":"Longchang Chemical","description":"K\u00edna k\u00e9miai gy\u00e1rt\u00f3 \uff06 sz\u00e1ll\u00edt\u00f3","publisher":{"@id":"https:\/\/longchangchemical.com\/#organization"},"potentialAction":[{"@type":"SearchAction","target":{"@type":"EntryPoint","urlTemplate":"https:\/\/longchangchemical.com\/?s={search_term_string}"},"query-input":{"@type":"PropertyValueSpecification","valueRequired":true,"valueName":"search_term_string"}}],"inLanguage":"hu"},{"@type":"Organization","@id":"https:\/\/longchangchemical.com\/#organization","name":"Longchang Chemical","url":"https:\/\/longchangchemical.com\/","logo":{"@type":"ImageObject","inLanguage":"hu","@id":"https:\/\/longchangchemical.com\/#\/schema\/logo\/image\/","url":"https:\/\/longchangchemical.com\/wp-content\/uploads\/2020\/08\/cropped-longchang-logo.png","contentUrl":"https:\/\/longchangchemical.com\/wp-content\/uploads\/2020\/08\/cropped-longchang-logo.png","width":512,"height":512,"caption":"Longchang Chemical"},"image":{"@id":"https:\/\/longchangchemical.com\/#\/schema\/logo\/image\/"}}]}},"_links":{"self":[{"href":"https:\/\/longchangchemical.com\/hu\/wp-json\/wp\/v2\/product\/4203","targetHints":{"allow":["GET"]}}],"collection":[{"href":"https:\/\/longchangchemical.com\/hu\/wp-json\/wp\/v2\/product"}],"about":[{"href":"https:\/\/longchangchemical.com\/hu\/wp-json\/wp\/v2\/types\/product"}],"replies":[{"embeddable":true,"href":"https:\/\/longchangchemical.com\/hu\/wp-json\/wp\/v2\/comments?post=4203"}],"wp:featuredmedia":[{"embeddable":true,"href":"https:\/\/longchangchemical.com\/hu\/wp-json\/wp\/v2\/media\/6515"}],"wp:attachment":[{"href":"https:\/\/longchangchemical.com\/hu\/wp-json\/wp\/v2\/media?parent=4203"}],"wp:term":[{"taxonomy":"product_brand","embeddable":true,"href":"https:\/\/longchangchemical.com\/hu\/wp-json\/wp\/v2\/product_brand?post=4203"},{"taxonomy":"product_cat","embeddable":true,"href":"https:\/\/longchangchemical.com\/hu\/wp-json\/wp\/v2\/product_cat?post=4203"},{"taxonomy":"product_tag","embeddable":true,"href":"https:\/\/longchangchemical.com\/hu\/wp-json\/wp\/v2\/product_tag?post=4203"}],"curies":[{"name":"wp","href":"https:\/\/api.w.org\/{rel}","templated":true}]}}