{"id":4200,"date":"2024-01-18T03:36:23","date_gmt":"2024-01-18T03:36:23","guid":{"rendered":"https:\/\/longchangchemical.com\/?post_type=product&#038;p=4200"},"modified":"2025-12-17T04:08:19","modified_gmt":"2025-12-17T04:08:19","slug":"nnnn-tetramethylethylenediamine-tmeda-cas-110-18-9","status":"publish","type":"product","link":"https:\/\/longchangchemical.com\/hu\/product\/nnnn-tetramethylethylenediamine-tmeda-cas-110-18-9\/","title":{"rendered":"n,n,n,n',n'-tetrametil\u00e9ndiamin (tmeda) cas 110-18-9"},"content":{"rendered":"<h2><strong>N,N,N,N',N'-Tetrametil-etil\u00e9ndiamin (TMEDA) Tipikus tulajdons\u00e1gok<\/strong><\/h2>\n<table class=\"table-1\" cellspacing=\"0\">\n<tbody>\n<tr>\n<td>T\u00e9tel<\/td>\n<td>M\u0171szaki adatok<\/td>\n<\/tr>\n<tr>\n<td>Megjelen\u00e9s<\/td>\n<td>Sz\u00edntelen folyad\u00e9k<\/td>\n<\/tr>\n<tr>\n<td>Assay<\/td>\n<td>\u226599.0%<\/td>\n<\/tr>\n<tr>\n<td>V\u00edz<\/td>\n<td>\u22640,1%<\/td>\n<\/tr>\n<\/tbody>\n<\/table>\n<h2><strong>N,N,N,N',N'-Tetrametil-etil\u00e9ndiamin (TMEDA) Haszn\u00e1lat<\/strong><\/h2>\n<p>A TMEDA kataliz\u00e1tor egy sz\u00edntelen\u00fcl szalmasz\u00e1las foly\u00e9kony tercier amin. Az anyagnak jellegzetes aminszaga van. K\u00f6nnyen old\u00f3dik v\u00edzben, etil-alkoholban \u00e9s m\u00e1s szerves old\u00f3szerben.<\/p>\n<ol>\n<li><strong>K\u00e9miai szint\u00e9zis:<\/strong> A TMEDA, CAS-sz\u00e1mmal 110-18-9, kulcsfontoss\u00e1g\u00fa reagens a k\u00fcl\u00f6nb\u00f6z\u0151 k\u00e9miai szint\u00e9zisfolyamatokban. \u00c1ltal\u00e1ban komplexk\u00e9pz\u0151 anyagk\u00e9nt \u00e9s ligandumk\u00e9nt alkalmazz\u00e1k a koordin\u00e1ci\u00f3s k\u00e9mi\u00e1ban.<\/li>\n<li><strong>Organometallk\u00e9mia:<\/strong> A TMEDA jelent\u0151s szerepet j\u00e1tszik a f\u00e9morganikus k\u00e9mi\u00e1ban, mivel az alk\u00e1lif\u00e9mek koordin\u00e1l\u00f3 old\u00f3szerek\u00e9nt szolg\u00e1l, \u00e9s seg\u00edti a k\u00fcl\u00f6nb\u00f6z\u0151 f\u00e9mionokkal stabil komplexek kialakul\u00e1s\u00e1t.<\/li>\n<li><strong>Katal\u00edzis:<\/strong> A katalitikus folyamatokban a TMEDA-t a reakci\u00f3sebess\u00e9g n\u00f6vel\u00e9s\u00e9re \u00e9s bizonyos reakci\u00f3k szelektivit\u00e1s\u00e1nak szab\u00e1lyoz\u00e1s\u00e1ra haszn\u00e1lj\u00e1k. K\u00fcl\u00f6n\u00f6sen \u00e9rt\u00e9kes az alk\u00e1lif\u00e9meket \u00e9s az \u00e1tmeneti f\u00e9meket \u00e9rint\u0151 katalitikus folyamatokban.<\/li>\n<li><strong>Polimeriz\u00e1ci\u00f3:<\/strong> A TMEDA-t polimeriz\u00e1ci\u00f3s reakci\u00f3kban haszn\u00e1lj\u00e1k, k\u00fcl\u00f6n\u00f6sen olyan polimerek, mint a polibutadi\u00e9n \u00e9s a poliizopr\u00e9n szint\u00e9zis\u00e9ben. Koordin\u00e1l\u00f3 ligandumk\u00e9nt m\u0171k\u00f6dik az ezekben a folyamatokban haszn\u00e1lt bizonyos f\u00e9mkataliz\u00e1torok sz\u00e1m\u00e1ra.<\/li>\n<\/ol>\n<h2><strong>N,N,N,N',N'-Tetrametil-etil\u00e9ndiamin (TMEDA) Csomagol\u00e1s \u00e9s sz\u00e1ll\u00edt\u00e1s<\/strong><\/h2>\n<p>Csomagol\u00e1s: 160kg \/dob<\/p>\n<p>Sz\u00e1ll\u00edt\u00e1s: Tengeri vagy l\u00e9gi sz\u00e1ll\u00edt\u00e1s<\/p>\n<h2><strong>N,N,N,N',N'-Tetrametil-etil\u00e9ndiamin (TMEDA) T\u00e1rol\u00e1s<\/strong><\/h2>\n<p>Szorosan z\u00e1rva, hogy megakad\u00e1lyozza a sziv\u00e1rg\u00e1st \u00e9s a v\u00edzzel val\u00f3 \u00e9rintkez\u00e9st. H\u0171v\u00f6s, szell\u0151z\u0151 \u00e9s sz\u00e1raz helyen, t\u0171zt\u0151l \u00e9s h\u0151forr\u00e1st\u00f3l t\u00e1vol t\u00e1roljuk.<\/p>\n<h2><strong><b>L\u00e9pjen kapcsolatba vel\u00fcnk most!<\/b><\/strong><\/h2>\n<h4><strong><b>Ha COA, MSDS vagy TDS-re van sz\u00fcks\u00e9ge, k\u00e9rj\u00fck, t\u00f6ltse ki el\u00e9rhet\u0151s\u00e9g\u00e9t az al\u00e1bbi \u0171rlapon, \u00e1ltal\u00e1ban 24 \u00f3r\u00e1n bel\u00fcl felvessz\u00fck \u00d6nnel a kapcsolatot. \u00d6n is k\u00fcldhet nekem e-mailt <span style=\"color: #0000ff;\"><a style=\"color: #0000ff;\" href=\"mailto:info@longchangchemical.com\">info@longchangchemical.com<\/a><\/span> munkaid\u0151ben ( 8:30-18:00 UTC+8 H.-Szombat ) vagy haszn\u00e1lja a weboldal \u00e9l\u0151 chatj\u00e9t, hogy azonnali v\u00e1laszt kapjon.<\/b><\/strong><\/h4>","protected":false},"excerpt":{"rendered":"<h2><strong>N,N,N,N',N'-Tetrametil-etil\u00e9ndiamin (TMEDA) Gyors r\u00e9szletek<\/strong><\/h2>\n<p>K\u00e9miai n\u00e9v: N,N,N,N',N'-Tetrametil\u00e9n-il\u00e9ndiamin<\/p>\n<p>CAS-sz\u00e1m: 110-18-9<\/p>\n<p>Molekul\u00e1ris fomula: C6H16N2<\/p>\n<p>K\u00e9miai szerkezet:<img decoding=\"async\" title=\"N,N,N,N&#039;,N&#039;-Tetrametil-etil\u00e9ndiamin (TMEDA) Szerkezet\" src=\"https:\/\/www.longchangchemical.com\/wp-content\/uploads\/product-details\/20200612263046.png\" alt=\"N,N,N,N&#039;,N&#039;-Tetrametil-etil\u00e9ndiamin (TMEDA) Szerkezet\" width=\"173\" height=\"108\" border=\"0\" vspace=\"0\" \/><\/p>\n<p>Molekulat\u00f6meg:116,21<\/p>\n<p>Megjelen\u00e9s: Sz\u00edntelen folyad\u00e9k<\/p>\n<p>Pr\u00f3ba: 99%<\/p>","protected":false},"featured_media":6518,"comment_status":"open","ping_status":"closed","template":"","meta":[],"product_brand":[],"product_cat":[69],"product_tag":[],"class_list":{"0":"post-4200","1":"product","2":"type-product","3":"status-publish","4":"has-post-thumbnail","6":"product_cat-catalysts-chemical-auxiliary-agents","8":"first","9":"instock","10":"shipping-taxable","11":"product-type-simple"},"yoast_head":"<!-- This site is optimized with the Yoast SEO plugin v25.3.1 - https:\/\/yoast.com\/wordpress\/plugins\/seo\/ -->\n<title>China N,N,N&#039;,N&#039;-Tetramethylethylenediamine (TMEDA) Manufacturer CAS 110-18-9 - Longchang Chemical<\/title>\n<meta name=\"description\" content=\"N,N,N&#039;,N&#039;-Tetramethylethylenediamine (TMEDA) is a key product of Longchang Chemical. We provide the best price and are the leading manufacturer and supplier in China, known for the best quality and competitive prices.\" \/>\n<meta name=\"robots\" content=\"index, follow, max-snippet:-1, max-image-preview:large, max-video-preview:-1\" \/>\n<link rel=\"canonical\" href=\"https:\/\/longchangchemical.com\/hu\/product\/nnnn-tetramethylethylenediamine-tmeda-cas-110-18-9\/\" \/>\n<meta property=\"og:locale\" content=\"hu_HU\" \/>\n<meta property=\"og:type\" content=\"article\" \/>\n<meta property=\"og:title\" content=\"China N,N,N&#039;,N&#039;-Tetramethylethylenediamine (TMEDA) Manufacturer CAS 110-18-9 - Longchang Chemical\" \/>\n<meta property=\"og:description\" content=\"N,N,N&#039;,N&#039;-Tetramethylethylenediamine (TMEDA) is a key product of Longchang Chemical. We provide the best price and are the leading manufacturer and supplier in China, known for the best quality and competitive prices.\" \/>\n<meta property=\"og:url\" content=\"https:\/\/longchangchemical.com\/hu\/product\/nnnn-tetramethylethylenediamine-tmeda-cas-110-18-9\/\" \/>\n<meta property=\"og:site_name\" content=\"Longchang Chemical\" \/>\n<meta property=\"article:modified_time\" content=\"2025-12-17T04:08:19+00:00\" \/>\n<meta property=\"og:image\" content=\"https:\/\/longchangchemical.com\/wp-content\/uploads\/2021\/01\/3-7.jpg\" \/>\n\t<meta property=\"og:image:width\" content=\"800\" \/>\n\t<meta property=\"og:image:height\" content=\"800\" \/>\n\t<meta property=\"og:image:type\" content=\"image\/jpeg\" \/>\n<meta name=\"twitter:card\" content=\"summary_large_image\" \/>\n<script type=\"application\/ld+json\" class=\"yoast-schema-graph\">{\"@context\":\"https:\/\/schema.org\",\"@graph\":[{\"@type\":\"WebPage\",\"@id\":\"https:\/\/longchangchemical.com\/product\/nnnn-tetramethylethylenediamine-tmeda-cas-110-18-9\/\",\"url\":\"https:\/\/longchangchemical.com\/product\/nnnn-tetramethylethylenediamine-tmeda-cas-110-18-9\/\",\"name\":\"China N,N,N',N'-Tetramethylethylenediamine (TMEDA) Manufacturer CAS 110-18-9 - Longchang Chemical\",\"isPartOf\":{\"@id\":\"https:\/\/longchangchemical.com\/#website\"},\"primaryImageOfPage\":{\"@id\":\"https:\/\/longchangchemical.com\/product\/nnnn-tetramethylethylenediamine-tmeda-cas-110-18-9\/#primaryimage\"},\"image\":{\"@id\":\"https:\/\/longchangchemical.com\/product\/nnnn-tetramethylethylenediamine-tmeda-cas-110-18-9\/#primaryimage\"},\"thumbnailUrl\":\"https:\/\/longchangchemical.com\/wp-content\/uploads\/2021\/01\/3-7.jpg\",\"datePublished\":\"2024-01-18T03:36:23+00:00\",\"dateModified\":\"2025-12-17T04:08:19+00:00\",\"description\":\"N,N,N',N'-Tetramethylethylenediamine (TMEDA) is a key product of Longchang Chemical. We provide the best price and are the leading manufacturer and supplier in China, known for the best quality and competitive prices.\",\"breadcrumb\":{\"@id\":\"https:\/\/longchangchemical.com\/product\/nnnn-tetramethylethylenediamine-tmeda-cas-110-18-9\/#breadcrumb\"},\"inLanguage\":\"hu\",\"potentialAction\":[{\"@type\":\"ReadAction\",\"target\":[\"https:\/\/longchangchemical.com\/product\/nnnn-tetramethylethylenediamine-tmeda-cas-110-18-9\/\"]}]},{\"@type\":\"ImageObject\",\"inLanguage\":\"hu\",\"@id\":\"https:\/\/longchangchemical.com\/product\/nnnn-tetramethylethylenediamine-tmeda-cas-110-18-9\/#primaryimage\",\"url\":\"https:\/\/longchangchemical.com\/wp-content\/uploads\/2021\/01\/3-7.jpg\",\"contentUrl\":\"https:\/\/longchangchemical.com\/wp-content\/uploads\/2021\/01\/3-7.jpg\",\"width\":800,\"height\":800,\"caption\":\"n,n,n\u2019,n\u2019-tetramethylethylenediamine (tmeda) cas 110-18-9\"},{\"@type\":\"BreadcrumbList\",\"@id\":\"https:\/\/longchangchemical.com\/product\/nnnn-tetramethylethylenediamine-tmeda-cas-110-18-9\/#breadcrumb\",\"itemListElement\":[{\"@type\":\"ListItem\",\"position\":1,\"name\":\"Home\",\"item\":\"https:\/\/longchangchemical.com\/\"},{\"@type\":\"ListItem\",\"position\":2,\"name\":\"Products Longchang\",\"item\":\"https:\/\/longchangchemical.com\/product\/\"},{\"@type\":\"ListItem\",\"position\":3,\"name\":\"n,n,n\u2019,n\u2019-tetramethylethylenediamine (tmeda) cas 110-18-9\"}]},{\"@type\":\"WebSite\",\"@id\":\"https:\/\/longchangchemical.com\/#website\",\"url\":\"https:\/\/longchangchemical.com\/\",\"name\":\"Longchang Chemical\",\"description\":\"China chemical manufacturer \uff06 supplier\",\"publisher\":{\"@id\":\"https:\/\/longchangchemical.com\/#organization\"},\"potentialAction\":[{\"@type\":\"SearchAction\",\"target\":{\"@type\":\"EntryPoint\",\"urlTemplate\":\"https:\/\/longchangchemical.com\/?s={search_term_string}\"},\"query-input\":{\"@type\":\"PropertyValueSpecification\",\"valueRequired\":true,\"valueName\":\"search_term_string\"}}],\"inLanguage\":\"hu\"},{\"@type\":\"Organization\",\"@id\":\"https:\/\/longchangchemical.com\/#organization\",\"name\":\"Longchang Chemical\",\"url\":\"https:\/\/longchangchemical.com\/\",\"logo\":{\"@type\":\"ImageObject\",\"inLanguage\":\"hu\",\"@id\":\"https:\/\/longchangchemical.com\/#\/schema\/logo\/image\/\",\"url\":\"https:\/\/longchangchemical.com\/wp-content\/uploads\/2020\/08\/cropped-longchang-logo.png\",\"contentUrl\":\"https:\/\/longchangchemical.com\/wp-content\/uploads\/2020\/08\/cropped-longchang-logo.png\",\"width\":512,\"height\":512,\"caption\":\"Longchang Chemical\"},\"image\":{\"@id\":\"https:\/\/longchangchemical.com\/#\/schema\/logo\/image\/\"}}]}<\/script>\n<!-- \/ Yoast SEO plugin. -->","yoast_head_json":{"title":"K\u00edna N,N,N,N',N'-Tetrametil-etil\u00e9ndiamin (TMEDA) gy\u00e1rt\u00f3 CAS 110-18-9 - Longchang Chemical","description":"Az N,N,N,N',N'-Tetrametil-etil\u00e9ndiamin (TMEDA) a Longchang Chemical egyik legfontosabb term\u00e9ke. Mi biztos\u00edtjuk a legjobb \u00e1rat, \u00e9s mi vagyunk a vezet\u0151 gy\u00e1rt\u00f3 \u00e9s sz\u00e1ll\u00edt\u00f3 K\u00edn\u00e1ban, amely a legjobb min\u0151s\u00e9gr\u0151l \u00e9s versenyk\u00e9pes \u00e1rakr\u00f3l ismert.","robots":{"index":"index","follow":"follow","max-snippet":"max-snippet:-1","max-image-preview":"max-image-preview:large","max-video-preview":"max-video-preview:-1"},"canonical":"https:\/\/longchangchemical.com\/hu\/product\/nnnn-tetramethylethylenediamine-tmeda-cas-110-18-9\/","og_locale":"hu_HU","og_type":"article","og_title":"China N,N,N',N'-Tetramethylethylenediamine (TMEDA) Manufacturer CAS 110-18-9 - Longchang Chemical","og_description":"N,N,N',N'-Tetramethylethylenediamine (TMEDA) is a key product of Longchang Chemical. We provide the best price and are the leading manufacturer and supplier in China, known for the best quality and competitive prices.","og_url":"https:\/\/longchangchemical.com\/hu\/product\/nnnn-tetramethylethylenediamine-tmeda-cas-110-18-9\/","og_site_name":"Longchang Chemical","article_modified_time":"2025-12-17T04:08:19+00:00","og_image":[{"width":800,"height":800,"url":"https:\/\/longchangchemical.com\/wp-content\/uploads\/2021\/01\/3-7.jpg","type":"image\/jpeg"}],"twitter_card":"summary_large_image","schema":{"@context":"https:\/\/schema.org","@graph":[{"@type":"WebPage","@id":"https:\/\/longchangchemical.com\/product\/nnnn-tetramethylethylenediamine-tmeda-cas-110-18-9\/","url":"https:\/\/longchangchemical.com\/product\/nnnn-tetramethylethylenediamine-tmeda-cas-110-18-9\/","name":"K\u00edna N,N,N,N',N'-Tetrametil-etil\u00e9ndiamin (TMEDA) gy\u00e1rt\u00f3 CAS 110-18-9 - Longchang Chemical","isPartOf":{"@id":"https:\/\/longchangchemical.com\/#website"},"primaryImageOfPage":{"@id":"https:\/\/longchangchemical.com\/product\/nnnn-tetramethylethylenediamine-tmeda-cas-110-18-9\/#primaryimage"},"image":{"@id":"https:\/\/longchangchemical.com\/product\/nnnn-tetramethylethylenediamine-tmeda-cas-110-18-9\/#primaryimage"},"thumbnailUrl":"https:\/\/longchangchemical.com\/wp-content\/uploads\/2021\/01\/3-7.jpg","datePublished":"2024-01-18T03:36:23+00:00","dateModified":"2025-12-17T04:08:19+00:00","description":"Az N,N,N,N',N'-Tetrametil-etil\u00e9ndiamin (TMEDA) a Longchang Chemical egyik legfontosabb term\u00e9ke. Mi biztos\u00edtjuk a legjobb \u00e1rat, \u00e9s mi vagyunk a vezet\u0151 gy\u00e1rt\u00f3 \u00e9s sz\u00e1ll\u00edt\u00f3 K\u00edn\u00e1ban, amely a legjobb min\u0151s\u00e9gr\u0151l \u00e9s versenyk\u00e9pes \u00e1rakr\u00f3l ismert.","breadcrumb":{"@id":"https:\/\/longchangchemical.com\/product\/nnnn-tetramethylethylenediamine-tmeda-cas-110-18-9\/#breadcrumb"},"inLanguage":"hu","potentialAction":[{"@type":"ReadAction","target":["https:\/\/longchangchemical.com\/product\/nnnn-tetramethylethylenediamine-tmeda-cas-110-18-9\/"]}]},{"@type":"ImageObject","inLanguage":"hu","@id":"https:\/\/longchangchemical.com\/product\/nnnn-tetramethylethylenediamine-tmeda-cas-110-18-9\/#primaryimage","url":"https:\/\/longchangchemical.com\/wp-content\/uploads\/2021\/01\/3-7.jpg","contentUrl":"https:\/\/longchangchemical.com\/wp-content\/uploads\/2021\/01\/3-7.jpg","width":800,"height":800,"caption":"n,n,n\u2019,n\u2019-tetramethylethylenediamine (tmeda) cas 110-18-9"},{"@type":"BreadcrumbList","@id":"https:\/\/longchangchemical.com\/product\/nnnn-tetramethylethylenediamine-tmeda-cas-110-18-9\/#breadcrumb","itemListElement":[{"@type":"ListItem","position":1,"name":"Home","item":"https:\/\/longchangchemical.com\/"},{"@type":"ListItem","position":2,"name":"Products Longchang","item":"https:\/\/longchangchemical.com\/product\/"},{"@type":"ListItem","position":3,"name":"n,n,n\u2019,n\u2019-tetramethylethylenediamine (tmeda) cas 110-18-9"}]},{"@type":"WebSite","@id":"https:\/\/longchangchemical.com\/#website","url":"https:\/\/longchangchemical.com\/","name":"Longchang Chemical","description":"K\u00edna k\u00e9miai gy\u00e1rt\u00f3 \uff06 sz\u00e1ll\u00edt\u00f3","publisher":{"@id":"https:\/\/longchangchemical.com\/#organization"},"potentialAction":[{"@type":"SearchAction","target":{"@type":"EntryPoint","urlTemplate":"https:\/\/longchangchemical.com\/?s={search_term_string}"},"query-input":{"@type":"PropertyValueSpecification","valueRequired":true,"valueName":"search_term_string"}}],"inLanguage":"hu"},{"@type":"Organization","@id":"https:\/\/longchangchemical.com\/#organization","name":"Longchang Chemical","url":"https:\/\/longchangchemical.com\/","logo":{"@type":"ImageObject","inLanguage":"hu","@id":"https:\/\/longchangchemical.com\/#\/schema\/logo\/image\/","url":"https:\/\/longchangchemical.com\/wp-content\/uploads\/2020\/08\/cropped-longchang-logo.png","contentUrl":"https:\/\/longchangchemical.com\/wp-content\/uploads\/2020\/08\/cropped-longchang-logo.png","width":512,"height":512,"caption":"Longchang Chemical"},"image":{"@id":"https:\/\/longchangchemical.com\/#\/schema\/logo\/image\/"}}]}},"_links":{"self":[{"href":"https:\/\/longchangchemical.com\/hu\/wp-json\/wp\/v2\/product\/4200","targetHints":{"allow":["GET"]}}],"collection":[{"href":"https:\/\/longchangchemical.com\/hu\/wp-json\/wp\/v2\/product"}],"about":[{"href":"https:\/\/longchangchemical.com\/hu\/wp-json\/wp\/v2\/types\/product"}],"replies":[{"embeddable":true,"href":"https:\/\/longchangchemical.com\/hu\/wp-json\/wp\/v2\/comments?post=4200"}],"wp:featuredmedia":[{"embeddable":true,"href":"https:\/\/longchangchemical.com\/hu\/wp-json\/wp\/v2\/media\/6518"}],"wp:attachment":[{"href":"https:\/\/longchangchemical.com\/hu\/wp-json\/wp\/v2\/media?parent=4200"}],"wp:term":[{"taxonomy":"product_brand","embeddable":true,"href":"https:\/\/longchangchemical.com\/hu\/wp-json\/wp\/v2\/product_brand?post=4200"},{"taxonomy":"product_cat","embeddable":true,"href":"https:\/\/longchangchemical.com\/hu\/wp-json\/wp\/v2\/product_cat?post=4200"},{"taxonomy":"product_tag","embeddable":true,"href":"https:\/\/longchangchemical.com\/hu\/wp-json\/wp\/v2\/product_tag?post=4200"}],"curies":[{"name":"wp","href":"https:\/\/api.w.org\/{rel}","templated":true}]}}