{"id":4199,"date":"2024-01-18T03:29:55","date_gmt":"2024-01-18T03:29:55","guid":{"rendered":"https:\/\/longchangchemical.com\/?post_type=product&#038;p=4199"},"modified":"2025-12-17T04:12:19","modified_gmt":"2025-12-17T04:12:19","slug":"basic-red-5-cas-553-24-2","status":"publish","type":"product","link":"https:\/\/longchangchemical.com\/hu\/product\/basic-red-5-cas-553-24-2\/","title":{"rendered":"b\u00e1zikus v\u00f6r\u00f6s 5 cas 553-24-2"},"content":{"rendered":"<h2><strong>Basic Red 5 Tipikus tulajdons\u00e1gok<\/strong><\/h2>\n<table class=\"table-1\" cellspacing=\"0\">\n<tbody>\n<tr>\n<td>Megjelen\u00e9s<\/td>\n<td>S\u00f6t\u00e9tz\u00f6ld, barna vagy vil\u00e1gos fekete por<\/td>\n<td>S\u00f6t\u00e9tz\u00f6ld, barna vagy vil\u00e1gos fekete por<\/td>\n<\/tr>\n<tr>\n<td>PH elsz\u00ednez\u0151d\u00e9s domain<\/td>\n<td>6.8\uff08V\u00f6r\u00f6s\uff09\uff5e8.0\uff08S\u00e1rga\uff09<\/td>\n<td>6.8\uff08Red\uff09\uff5e8.0\uff08Yelloow\uff09<\/td>\n<\/tr>\n<tr>\n<td>\u00c9g\u00e9si marad\u00e9k (szulf\u00e1tk\u00e9nt sz\u00e1m\u00edtva)\u2264<\/td>\n<td>2<\/td>\n<td>1.2<\/td>\n<\/tr>\n<tr>\n<td>Etanolos old\u00f3d\u00e1si teszt \u00c9rz\u00e9kenys\u00e9gi teszt<\/td>\n<td>Megfelel Megfelel<\/td>\n<td>Megfelel Megfelel<\/td>\n<\/tr>\n<\/tbody>\n<\/table>\n<h2><strong>Alapvet\u0151 Red 5 haszn\u00e1lat<\/strong><\/h2>\n<p>1. Sav-b\u00e1zis indik\u00e1tor, biol\u00f3giai fest\u00e9k<\/p>\n<p>2. A v\u00edz, a nitrit \u00e9s a vizelet l\u00fagoss\u00e1gi mutat\u00f3ja<\/p>\n<p>3. A zs\u00edr hidrol\u00edzisindik\u00e1tora a hisztok\u00e9mi\u00e1ban<\/p>\n<p>4. Az idegsejtek Nissl-granul\u00e1ris fest\u00e9se<\/p>\n<p>5. Jianna Green-nel egy\u00fctt haszn\u00e1lhat\u00f3 in vitro \u00e9l\u0151 testfest\u00e9shez<\/p>\n<p>6. Jodidionok fotometriai meghat\u00e1roz\u00e1sa<\/p>\n<p>7. A semleges v\u00f6r\u00f6s tesztpap\u00edr elk\u00e9sz\u00edt\u00e9se<\/p>\n<h2><strong>Basic Red 5 Csomagol\u00e1s \u00e9s sz\u00e1ll\u00edt\u00e1s<\/strong><\/h2>\n<p>Csomagol\u00e1s: 25kg\/zs\u00e1k<\/p>\n<h2><strong>Basic Red 5 t\u00e1rol\u00e1s<\/strong><\/h2>\n<p>H\u0171v\u00f6s, sz\u00e1raz \u00e9s szell\u0151ztetett rakt\u00e1rban, gyermekekt\u0151l t\u00e1vol t\u00e1rolj\u00e1k.<\/p>\n<h2><strong><b>L\u00e9pjen kapcsolatba vel\u00fcnk most!<\/b><\/strong><\/h2>\n<h4><strong><b>Ha COA, MSDS vagy TDS-re van sz\u00fcks\u00e9ge, k\u00e9rj\u00fck, t\u00f6ltse ki el\u00e9rhet\u0151s\u00e9g\u00e9t az al\u00e1bbi \u0171rlapon, \u00e1ltal\u00e1ban 24 \u00f3r\u00e1n bel\u00fcl felvessz\u00fck \u00d6nnel a kapcsolatot. \u00d6n is k\u00fcldhet nekem e-mailt <span style=\"color: #0000ff;\"><a style=\"color: #0000ff;\" href=\"mailto:info@longchangchemical.com\">info@longchangchemical.com<\/a><\/span> munkaid\u0151ben ( 8:30-18:00 UTC+8 H.-Szombat ) vagy haszn\u00e1lja a weboldal \u00e9l\u0151 chatj\u00e9t, hogy azonnali v\u00e1laszt kapjon.<\/b><\/strong><\/h4>","protected":false},"excerpt":{"rendered":"<h2><strong>Basic Red 5 R\u00e9szletek<\/strong><\/h2>\n<p>K\u00e9miai n\u00e9v: V\u00f6r\u00f6s alapv\u00f6r\u00f6s 5<\/p>\n<p>CAS-sz\u00e1m: 553-24-2<\/p>\n<p>Molekul\u00e1ris k\u00e9plet: C15H17ClN4<\/p>\n<p>Molekulat\u00f6meg:288,77528<\/p>\n<p>Molekulaszerkezet:<img decoding=\"async\" title=\"A Red 5 alapvet\u0151 szerkezete\" src=\"https:\/\/www.longchangchemical.com\/wp-content\/uploads\/product-details\/20200611270254.png\" alt=\"A Red 5 alapvet\u0151 szerkezete\" width=\"220\" height=\"110\" border=\"0\" vspace=\"0\" \/><\/p>\n<p>Megjelen\u00e9s: s\u00f6t\u00e9tz\u00f6ld<\/p>","protected":false},"featured_media":6517,"comment_status":"open","ping_status":"closed","template":"","meta":[],"product_brand":[],"product_cat":[69],"product_tag":[],"class_list":{"0":"post-4199","1":"product","2":"type-product","3":"status-publish","4":"has-post-thumbnail","6":"product_cat-catalysts-chemical-auxiliary-agents","8":"first","9":"instock","10":"shipping-taxable","11":"product-type-simple"},"yoast_head":"<!-- This site is optimized with the Yoast SEO plugin v25.3.1 - https:\/\/yoast.com\/wordpress\/plugins\/seo\/ -->\n<title>China Basic Red 5 Manufacturer CAS 553-24-2 - Longchang Chemical<\/title>\n<meta name=\"description\" content=\"Basic Red 5 is a key product of Longchang Chemical. We provide the best price and are the leading manufacturer and supplier in China, known for the best quality and competitive prices.\" \/>\n<meta name=\"robots\" content=\"index, follow, max-snippet:-1, max-image-preview:large, max-video-preview:-1\" \/>\n<link rel=\"canonical\" href=\"https:\/\/longchangchemical.com\/hu\/product\/basic-red-5-cas-553-24-2\/\" \/>\n<meta property=\"og:locale\" content=\"hu_HU\" \/>\n<meta property=\"og:type\" content=\"article\" \/>\n<meta property=\"og:title\" content=\"China Basic Red 5 Manufacturer CAS 553-24-2 - Longchang Chemical\" \/>\n<meta property=\"og:description\" content=\"Basic Red 5 is a key product of Longchang Chemical. We provide the best price and are the leading manufacturer and supplier in China, known for the best quality and competitive prices.\" \/>\n<meta property=\"og:url\" content=\"https:\/\/longchangchemical.com\/hu\/product\/basic-red-5-cas-553-24-2\/\" \/>\n<meta property=\"og:site_name\" content=\"Longchang Chemical\" \/>\n<meta property=\"article:modified_time\" content=\"2025-12-17T04:12:19+00:00\" \/>\n<meta property=\"og:image\" content=\"https:\/\/longchangchemical.com\/wp-content\/uploads\/2021\/01\/4-6.jpg\" \/>\n\t<meta property=\"og:image:width\" content=\"800\" \/>\n\t<meta property=\"og:image:height\" content=\"800\" \/>\n\t<meta property=\"og:image:type\" content=\"image\/jpeg\" \/>\n<meta name=\"twitter:card\" content=\"summary_large_image\" \/>\n<script type=\"application\/ld+json\" class=\"yoast-schema-graph\">{\"@context\":\"https:\/\/schema.org\",\"@graph\":[{\"@type\":\"WebPage\",\"@id\":\"https:\/\/longchangchemical.com\/product\/basic-red-5-cas-553-24-2\/\",\"url\":\"https:\/\/longchangchemical.com\/product\/basic-red-5-cas-553-24-2\/\",\"name\":\"China Basic Red 5 Manufacturer CAS 553-24-2 - Longchang Chemical\",\"isPartOf\":{\"@id\":\"https:\/\/longchangchemical.com\/#website\"},\"primaryImageOfPage\":{\"@id\":\"https:\/\/longchangchemical.com\/product\/basic-red-5-cas-553-24-2\/#primaryimage\"},\"image\":{\"@id\":\"https:\/\/longchangchemical.com\/product\/basic-red-5-cas-553-24-2\/#primaryimage\"},\"thumbnailUrl\":\"https:\/\/longchangchemical.com\/wp-content\/uploads\/2021\/01\/4-6.jpg\",\"datePublished\":\"2024-01-18T03:29:55+00:00\",\"dateModified\":\"2025-12-17T04:12:19+00:00\",\"description\":\"Basic Red 5 is a key product of Longchang Chemical. We provide the best price and are the leading manufacturer and supplier in China, known for the best quality and competitive prices.\",\"breadcrumb\":{\"@id\":\"https:\/\/longchangchemical.com\/product\/basic-red-5-cas-553-24-2\/#breadcrumb\"},\"inLanguage\":\"hu\",\"potentialAction\":[{\"@type\":\"ReadAction\",\"target\":[\"https:\/\/longchangchemical.com\/product\/basic-red-5-cas-553-24-2\/\"]}]},{\"@type\":\"ImageObject\",\"inLanguage\":\"hu\",\"@id\":\"https:\/\/longchangchemical.com\/product\/basic-red-5-cas-553-24-2\/#primaryimage\",\"url\":\"https:\/\/longchangchemical.com\/wp-content\/uploads\/2021\/01\/4-6.jpg\",\"contentUrl\":\"https:\/\/longchangchemical.com\/wp-content\/uploads\/2021\/01\/4-6.jpg\",\"width\":800,\"height\":800,\"caption\":\"basic red 5 cas 553-24-2\"},{\"@type\":\"BreadcrumbList\",\"@id\":\"https:\/\/longchangchemical.com\/product\/basic-red-5-cas-553-24-2\/#breadcrumb\",\"itemListElement\":[{\"@type\":\"ListItem\",\"position\":1,\"name\":\"Home\",\"item\":\"https:\/\/longchangchemical.com\/\"},{\"@type\":\"ListItem\",\"position\":2,\"name\":\"Products Longchang\",\"item\":\"https:\/\/longchangchemical.com\/product\/\"},{\"@type\":\"ListItem\",\"position\":3,\"name\":\"basic red 5 cas 553-24-2\"}]},{\"@type\":\"WebSite\",\"@id\":\"https:\/\/longchangchemical.com\/#website\",\"url\":\"https:\/\/longchangchemical.com\/\",\"name\":\"Longchang Chemical\",\"description\":\"China chemical manufacturer \uff06 supplier\",\"publisher\":{\"@id\":\"https:\/\/longchangchemical.com\/#organization\"},\"potentialAction\":[{\"@type\":\"SearchAction\",\"target\":{\"@type\":\"EntryPoint\",\"urlTemplate\":\"https:\/\/longchangchemical.com\/?s={search_term_string}\"},\"query-input\":{\"@type\":\"PropertyValueSpecification\",\"valueRequired\":true,\"valueName\":\"search_term_string\"}}],\"inLanguage\":\"hu\"},{\"@type\":\"Organization\",\"@id\":\"https:\/\/longchangchemical.com\/#organization\",\"name\":\"Longchang Chemical\",\"url\":\"https:\/\/longchangchemical.com\/\",\"logo\":{\"@type\":\"ImageObject\",\"inLanguage\":\"hu\",\"@id\":\"https:\/\/longchangchemical.com\/#\/schema\/logo\/image\/\",\"url\":\"https:\/\/longchangchemical.com\/wp-content\/uploads\/2020\/08\/cropped-longchang-logo.png\",\"contentUrl\":\"https:\/\/longchangchemical.com\/wp-content\/uploads\/2020\/08\/cropped-longchang-logo.png\",\"width\":512,\"height\":512,\"caption\":\"Longchang Chemical\"},\"image\":{\"@id\":\"https:\/\/longchangchemical.com\/#\/schema\/logo\/image\/\"}}]}<\/script>\n<!-- \/ Yoast SEO plugin. -->","yoast_head_json":{"title":"K\u00edna Basic Red 5 gy\u00e1rt\u00f3 CAS 553-24-2 - Longchang Chemical","description":"A Basic Red 5 a Longchang Chemical egyik legfontosabb term\u00e9ke. Mi biztos\u00edtjuk a legjobb \u00e1rat, \u00e9s mi vagyunk a vezet\u0151 gy\u00e1rt\u00f3 \u00e9s sz\u00e1ll\u00edt\u00f3 K\u00edn\u00e1ban, amely a legjobb min\u0151s\u00e9gr\u0151l \u00e9s versenyk\u00e9pes \u00e1rakr\u00f3l ismert.","robots":{"index":"index","follow":"follow","max-snippet":"max-snippet:-1","max-image-preview":"max-image-preview:large","max-video-preview":"max-video-preview:-1"},"canonical":"https:\/\/longchangchemical.com\/hu\/product\/basic-red-5-cas-553-24-2\/","og_locale":"hu_HU","og_type":"article","og_title":"China Basic Red 5 Manufacturer CAS 553-24-2 - Longchang Chemical","og_description":"Basic Red 5 is a key product of Longchang Chemical. We provide the best price and are the leading manufacturer and supplier in China, known for the best quality and competitive prices.","og_url":"https:\/\/longchangchemical.com\/hu\/product\/basic-red-5-cas-553-24-2\/","og_site_name":"Longchang Chemical","article_modified_time":"2025-12-17T04:12:19+00:00","og_image":[{"width":800,"height":800,"url":"https:\/\/longchangchemical.com\/wp-content\/uploads\/2021\/01\/4-6.jpg","type":"image\/jpeg"}],"twitter_card":"summary_large_image","schema":{"@context":"https:\/\/schema.org","@graph":[{"@type":"WebPage","@id":"https:\/\/longchangchemical.com\/product\/basic-red-5-cas-553-24-2\/","url":"https:\/\/longchangchemical.com\/product\/basic-red-5-cas-553-24-2\/","name":"K\u00edna Basic Red 5 gy\u00e1rt\u00f3 CAS 553-24-2 - Longchang Chemical","isPartOf":{"@id":"https:\/\/longchangchemical.com\/#website"},"primaryImageOfPage":{"@id":"https:\/\/longchangchemical.com\/product\/basic-red-5-cas-553-24-2\/#primaryimage"},"image":{"@id":"https:\/\/longchangchemical.com\/product\/basic-red-5-cas-553-24-2\/#primaryimage"},"thumbnailUrl":"https:\/\/longchangchemical.com\/wp-content\/uploads\/2021\/01\/4-6.jpg","datePublished":"2024-01-18T03:29:55+00:00","dateModified":"2025-12-17T04:12:19+00:00","description":"A Basic Red 5 a Longchang Chemical egyik legfontosabb term\u00e9ke. Mi biztos\u00edtjuk a legjobb \u00e1rat, \u00e9s mi vagyunk a vezet\u0151 gy\u00e1rt\u00f3 \u00e9s sz\u00e1ll\u00edt\u00f3 K\u00edn\u00e1ban, amely a legjobb min\u0151s\u00e9gr\u0151l \u00e9s versenyk\u00e9pes \u00e1rakr\u00f3l ismert.","breadcrumb":{"@id":"https:\/\/longchangchemical.com\/product\/basic-red-5-cas-553-24-2\/#breadcrumb"},"inLanguage":"hu","potentialAction":[{"@type":"ReadAction","target":["https:\/\/longchangchemical.com\/product\/basic-red-5-cas-553-24-2\/"]}]},{"@type":"ImageObject","inLanguage":"hu","@id":"https:\/\/longchangchemical.com\/product\/basic-red-5-cas-553-24-2\/#primaryimage","url":"https:\/\/longchangchemical.com\/wp-content\/uploads\/2021\/01\/4-6.jpg","contentUrl":"https:\/\/longchangchemical.com\/wp-content\/uploads\/2021\/01\/4-6.jpg","width":800,"height":800,"caption":"basic red 5 cas 553-24-2"},{"@type":"BreadcrumbList","@id":"https:\/\/longchangchemical.com\/product\/basic-red-5-cas-553-24-2\/#breadcrumb","itemListElement":[{"@type":"ListItem","position":1,"name":"Home","item":"https:\/\/longchangchemical.com\/"},{"@type":"ListItem","position":2,"name":"Products Longchang","item":"https:\/\/longchangchemical.com\/product\/"},{"@type":"ListItem","position":3,"name":"basic red 5 cas 553-24-2"}]},{"@type":"WebSite","@id":"https:\/\/longchangchemical.com\/#website","url":"https:\/\/longchangchemical.com\/","name":"Longchang Chemical","description":"K\u00edna k\u00e9miai gy\u00e1rt\u00f3 \uff06 sz\u00e1ll\u00edt\u00f3","publisher":{"@id":"https:\/\/longchangchemical.com\/#organization"},"potentialAction":[{"@type":"SearchAction","target":{"@type":"EntryPoint","urlTemplate":"https:\/\/longchangchemical.com\/?s={search_term_string}"},"query-input":{"@type":"PropertyValueSpecification","valueRequired":true,"valueName":"search_term_string"}}],"inLanguage":"hu"},{"@type":"Organization","@id":"https:\/\/longchangchemical.com\/#organization","name":"Longchang Chemical","url":"https:\/\/longchangchemical.com\/","logo":{"@type":"ImageObject","inLanguage":"hu","@id":"https:\/\/longchangchemical.com\/#\/schema\/logo\/image\/","url":"https:\/\/longchangchemical.com\/wp-content\/uploads\/2020\/08\/cropped-longchang-logo.png","contentUrl":"https:\/\/longchangchemical.com\/wp-content\/uploads\/2020\/08\/cropped-longchang-logo.png","width":512,"height":512,"caption":"Longchang Chemical"},"image":{"@id":"https:\/\/longchangchemical.com\/#\/schema\/logo\/image\/"}}]}},"_links":{"self":[{"href":"https:\/\/longchangchemical.com\/hu\/wp-json\/wp\/v2\/product\/4199","targetHints":{"allow":["GET"]}}],"collection":[{"href":"https:\/\/longchangchemical.com\/hu\/wp-json\/wp\/v2\/product"}],"about":[{"href":"https:\/\/longchangchemical.com\/hu\/wp-json\/wp\/v2\/types\/product"}],"replies":[{"embeddable":true,"href":"https:\/\/longchangchemical.com\/hu\/wp-json\/wp\/v2\/comments?post=4199"}],"wp:featuredmedia":[{"embeddable":true,"href":"https:\/\/longchangchemical.com\/hu\/wp-json\/wp\/v2\/media\/6517"}],"wp:attachment":[{"href":"https:\/\/longchangchemical.com\/hu\/wp-json\/wp\/v2\/media?parent=4199"}],"wp:term":[{"taxonomy":"product_brand","embeddable":true,"href":"https:\/\/longchangchemical.com\/hu\/wp-json\/wp\/v2\/product_brand?post=4199"},{"taxonomy":"product_cat","embeddable":true,"href":"https:\/\/longchangchemical.com\/hu\/wp-json\/wp\/v2\/product_cat?post=4199"},{"taxonomy":"product_tag","embeddable":true,"href":"https:\/\/longchangchemical.com\/hu\/wp-json\/wp\/v2\/product_tag?post=4199"}],"curies":[{"name":"wp","href":"https:\/\/api.w.org\/{rel}","templated":true}]}}