{"id":4194,"date":"2024-01-18T06:50:43","date_gmt":"2024-01-18T06:50:43","guid":{"rendered":"https:\/\/longchangchemical.com\/?post_type=product&#038;p=4194"},"modified":"2025-12-17T03:50:08","modified_gmt":"2025-12-17T03:50:08","slug":"246-trimethylbenzoyl-chloride-cas-938-18-1","status":"publish","type":"product","link":"https:\/\/longchangchemical.com\/hu\/product\/246-trimethylbenzoyl-chloride-cas-938-18-1\/","title":{"rendered":"2,4,6-trimetil-benzoil-klorid cas 938-18-1"},"content":{"rendered":"<h2><strong>2,4,6-trimetil-benzoil-kloridtipikus tulajdons\u00e1gok<\/strong><\/h2>\n<table class=\"table-1\" cellspacing=\"0\">\n<tbody>\n<tr>\n<td>N\u00e9v<\/td>\n<td>Mezitoil-klorid\/2,4,6-trimetil-benzoil-klorid<\/td>\n<\/tr>\n<tr>\n<td>CAS NO.<\/td>\n<td>938-18-1<\/td>\n<\/tr>\n<tr>\n<td>Megjelen\u00e9s<\/td>\n<td>Sz\u00edntelen vagy halv\u00e1nys\u00e1rga folyad\u00e9k<\/td>\n<\/tr>\n<tr>\n<td>Tisztas\u00e1g<\/td>\n<td>99% Min<\/td>\n<\/tr>\n<tr>\n<td>B.P.<\/td>\n<td>143-146 \u00baC (60 mmHg)<\/td>\n<\/tr>\n<tr>\n<td>T\u00f6r\u00e9smutat\u00f3<\/td>\n<td>1.528-1.53<\/td>\n<\/tr>\n<\/tbody>\n<\/table>\n<h2><strong>2,4,6-trimetil-benzoil-kloridHaszn\u00e1lat<\/strong><\/h2>\n<p>Szerves szint\u00e9zis intermedierek, mint m\u0171anyagok \u00e9s tint\u00e1k adal\u00e9kanyagai.<\/p>\n<ol>\n<li><strong>K\u00e9miai szint\u00e9zis:<\/strong> A 2,4,6-trimetil-benzoil-kloridot, CAS-sz\u00e1mmal 938-18-1, sz\u00e9les k\u00f6rben haszn\u00e1lj\u00e1k a k\u00e9miai szint\u00e9zisben, k\u00fcl\u00f6n\u00f6sen benzoil\u00e1l\u00f3 szerk\u00e9nt. Olyan reakci\u00f3kban alkalmazz\u00e1k, amelyekben benzoilcsoportokat visznek be szerves vegy\u00fcletekbe.<\/li>\n<li><strong>Polimeripar:<\/strong> Ezt a vegy\u00fcletet a polimeriparban alkalmazz\u00e1k, ahol reagensk\u00e9nt haszn\u00e1lj\u00e1k polimerek \u00e9s kopolimerek szint\u00e9zis\u00e9ben. A benzoilfunkci\u00f3k be\u00e9p\u00edt\u00e9s\u00e9vel hozz\u00e1j\u00e1rul a polimerek tulajdons\u00e1gainak m\u00f3dos\u00edt\u00e1s\u00e1hoz.<\/li>\n<li><strong>Gy\u00f3gyszerek:<\/strong> A 2,4,6-trimetil-benzoil-kloridot a gy\u00f3gyszeriparban k\u00fcl\u00f6nb\u00f6z\u0151 gy\u00f3gyszeripari intermedierek \u00e9s hat\u00f3anyagok szint\u00e9zis\u00e9re haszn\u00e1lj\u00e1k. Bizonyos gy\u00f3gyszerek el\u0151\u00e1ll\u00edt\u00e1s\u00e1ban kulcsfontoss\u00e1g\u00fa \u00e9p\u00edt\u0151elemk\u00e9nt szolg\u00e1l.<\/li>\n<li><strong>Agrok\u00e9miai szerek:<\/strong> Az agrok\u00e9mia ter\u00fclet\u00e9n ezt a vegy\u00fcletet specifikus agrok\u00e9miai term\u00e9kek szint\u00e9zis\u00e9re haszn\u00e1lj\u00e1k. Szerepet j\u00e1tszik az agrok\u00e9miai k\u00e9sz\u00edtm\u00e9nyek \u00e9s hat\u00f3anyagok fejleszt\u00e9s\u00e9ben.<\/li>\n<\/ol>\n<h2><strong>2,4,6-trimetil-benzoil-klorid Csomagol\u00e1s \u00e9s sz\u00e1ll\u00edt\u00e1s<\/strong><\/h2>\n<p>Csomagol\u00e1s: 25 kg\/dob<\/p>\n<p>Sz\u00e1ll\u00edt\u00e1s: 3-5 munkanapon bel\u00fcli sz\u00e1ll\u00edt\u00e1s<\/p>\n<h2><strong>2,4,6-trimetil-benzoil-kloridT\u00e1rol\u00e1s<\/strong><\/h2>\n<p>A f\u00e9ny \u00e9s a sz\u00e1r\u00edt\u00e1s elker\u00fcl\u00e9se.<\/p>\n<p>Els\u0151seg\u00e9lyny\u00fajt\u00e1si int\u00e9zked\u00e9sek<\/p>\n<p>4.1A sz\u00fcks\u00e9ges els\u0151seg\u00e9lyny\u00fajt\u00e1si int\u00e9zked\u00e9sek le\u00edr\u00e1sa<\/p>\n<p>\u00c1ltal\u00e1nos tan\u00e1csok<\/p>\n<p>Forduljon orvoshoz. Mutassa meg ezt a biztons\u00e1gi adatlapot a jelenl\u00e9v\u0151 orvosnak.<\/p>\n<p>Ha bel\u00e9legezve<\/p>\n<p>Ha bel\u00e9legezte, vigye a szem\u00e9lyt friss leveg\u0151re. Ha nem l\u00e9legzik, l\u00e9legeztess\u00fck mesters\u00e9gesen. Forduljon orvoshoz.<\/p>\n<p>B\u0151rrel val\u00f3 \u00e9rintkez\u00e9s eset\u00e9n<\/p>\n<p>Szappannal \u00e9s b\u0151 v\u00edzzel mossa le. Forduljon orvoshoz.<\/p>\n<p>Szemkontaktus eset\u00e9n<\/p>\n<p>\u00d6bl\u00edtse le alaposan b\u0151 v\u00edzzel legal\u00e1bb 15 percig, \u00e9s forduljon orvoshoz.<\/p>\n<p>Lenyel\u00e9s eset\u00e9n<\/p>\n<p>Eszm\u00e9letlen szem\u00e9lynek soha ne adjon semmit sz\u00e1jon \u00e1t. \u00d6bl\u00edtse ki a sz\u00e1j\u00e1t v\u00edzzel. Forduljon orvoshoz.<\/p>\n<p>4.2Fontosabb t\u00fcnetek\/hat\u00e1sok, akut \u00e9s k\u00e9sleltetett t\u00fcnetek\/hat\u00e1sok<\/p>\n<p>nincs adat<\/p>\n<p>4.3Az azonnali orvosi ell\u00e1t\u00e1s \u00e9s a sz\u00fcks\u00e9ges speci\u00e1lis kezel\u00e9s sz\u00fcks\u00e9gess\u00e9g\u00e9nek jelz\u00e9se, ha sz\u00fcks\u00e9ges<\/p>\n<p>nincs adat<\/p>\n<p>5.T\u0171zolt\u00e1si int\u00e9zked\u00e9sek<\/p>\n<p>5.1Extinguishing media<\/p>\n<p>Megfelel\u0151 olt\u00f3anyag<\/p>\n<p>Haszn\u00e1ljon v\u00edzpermetet, alkohol\u00e1ll\u00f3 habot, sz\u00e1raz vegyszert vagy sz\u00e9n-dioxidot.<\/p>\n<p>5.2A vegyi anyagb\u00f3l ered\u0151 k\u00fcl\u00f6nleges vesz\u00e9lyek<\/p>\n<p>nincs adat<\/p>\n<p>5.3Speci\u00e1lis v\u00e9d\u0151int\u00e9zked\u00e9sek a t\u0171zolt\u00f3k sz\u00e1m\u00e1ra<\/p>\n<p>Sz\u00fcks\u00e9g eset\u00e9n t\u0171zolt\u00e1shoz viseljen z\u00e1rt l\u00e9gz\u0151k\u00e9sz\u00fcl\u00e9ket.<\/p>\n<p>6.Accidental release int\u00e9zked\u00e9sek<\/p>\n<p>6.1Szem\u00e9lyi \u00f3vint\u00e9zked\u00e9sek, v\u00e9d\u0151felszerel\u00e9sek \u00e9s v\u00e9szhelyzeti elj\u00e1r\u00e1sok<\/p>\n<p>Haszn\u00e1ljon egy\u00e9ni v\u00e9d\u0151felszerel\u00e9st. Ker\u00fclje a pork\u00e9pz\u0151d\u00e9st. Ker\u00fclje a g\u0151z\u00f6k, k\u00f6d\u00f6k vagy g\u00e1zok bel\u00e9gz\u00e9s\u00e9t. Biztos\u00edtsuk a megfelel\u0151 szell\u0151z\u00e9st. A szem\u00e9lyzetet biztons\u00e1gos ter\u00fcletekre evaku\u00e1lni. Ker\u00fclje a por bel\u00e9legz\u00e9s\u00e9t. Az egy\u00e9ni v\u00e9delemre vonatkoz\u00f3an l\u00e1sd a 8. szakaszt.<\/p>\n<p>6.2K\u00f6rnyezeti \u00f3vint\u00e9zked\u00e9sek<\/p>\n<p>Ha biztons\u00e1gos, akad\u00e1lyozza meg a tov\u00e1bbi sziv\u00e1rg\u00e1st vagy ki\u00f6ml\u00e9st. Ne engedje a term\u00e9ket a lefoly\u00f3ba. Ker\u00fclni kell a k\u00f6rnyezetbe val\u00f3 kibocs\u00e1t\u00e1st.<\/p>\n<p>6.3Az elszigetel\u00e9s \u00e9s a takar\u00edt\u00e1s m\u00f3dszerei \u00e9s anyagai<\/p>\n<p>Felv\u00e9tel \u00e9s \u00e1rtalmatlan\u00edt\u00e1s. S\u00f6pr\u00e9s \u00e9s lap\u00e1tol\u00e1s. Megfelel\u0151, z\u00e1rt t\u00e1rol\u00f3ed\u00e9nyekben tartsa \u00e1rtalmatlan\u00edt\u00e1sig.<\/p>\n<p>7.Kezel\u00e9s \u00e9s t\u00e1rol\u00e1s<\/p>\n<p>7.1A biztons\u00e1gos kezel\u00e9sre vonatkoz\u00f3 \u00f3vint\u00e9zked\u00e9sek<\/p>\n<p>Ker\u00fclje a b\u0151rrel \u00e9s a szemmel val\u00f3 \u00e9rintkez\u00e9st. Ker\u00fclni kell a por \u00e9s aeroszolok k\u00e9pz\u0151d\u00e9s\u00e9t. Ker\u00fclje az expoz\u00edci\u00f3t - haszn\u00e1lat el\u0151tt k\u00e9rje be a speci\u00e1lis utas\u00edt\u00e1sokat. gondoskodjon megfelel\u0151 elsz\u00edv\u00f3 szell\u0151ztet\u00e9sr\u0151l azokon a helyeken, ahol por k\u00e9pz\u0151dik. Az \u00f3vint\u00e9zked\u00e9seket l\u00e1sd a 2.2. pontban.<\/p>\n<p>7.2A biztons\u00e1gos t\u00e1rol\u00e1s felt\u00e9telei, bele\u00e9rtve az esetleges \u00f6sszef\u00e9rhetetlens\u00e9geket is<\/p>\n<p>H\u0171v\u00f6s helyen t\u00e1rolja. Tartsa a tart\u00e1lyt szorosan lez\u00e1rva, sz\u00e1raz \u00e9s j\u00f3l szell\u0151z\u0151 helyen.<\/p>\n<p>8.Az expoz\u00edci\u00f3 ellen\u0151rz\u00e9se\/szem\u00e9lyi v\u00e9delem<\/p>\n<p>8.1Vez\u00e9rl\u0151 param\u00e9terek<\/p>\n<p>Foglalkoz\u00e1si expoz\u00edci\u00f3s hat\u00e1r\u00e9rt\u00e9kek<\/p>\n<p>nincs adat<\/p>\n<p>Biol\u00f3giai hat\u00e1r\u00e9rt\u00e9kek<\/p>\n<p>nincs adat<\/p>\n<p>8.2Megfelel\u0151 m\u0171szaki ellen\u0151rz\u00e9s<\/p>\n<p>A helyes ipari higi\u00e9niai \u00e9s biztons\u00e1gi gyakorlatnak megfelel\u0151en kezelje. Sz\u00fcnetek el\u0151tt \u00e9s a munkanap v\u00e9g\u00e9n mosson kezet.<\/p>\n<p>8.3Egy\u00e9ni v\u00e9delmi int\u00e9zked\u00e9sek, p\u00e9ld\u00e1ul egy\u00e9ni v\u00e9d\u0151felszerel\u00e9s (PPE)<\/p>\n<p>Szem- \u00e9s arcv\u00e9delem<\/p>\n<p>EN166 szabv\u00e1nynak megfelel\u0151 oldals\u00f3 v\u00e9d\u0151szem\u00fcveg. Haszn\u00e1ljon a megfelel\u0151 korm\u00e1nyzati szabv\u00e1nyok, p\u00e9ld\u00e1ul a NIOSH (USA) vagy az EN 166 (EU) szerint tesztelt \u00e9s j\u00f3v\u00e1hagyott szemv\u00e9d\u0151 felszerel\u00e9st.<\/p>\n<p>B\u0151rv\u00e9delem<\/p>\n<p>Viseljen v\u00edzhatlan ruh\u00e1zatot. A v\u00e9d\u0151felszerel\u00e9s t\u00edpus\u00e1t az adott munkahelyen a vesz\u00e9lyes anyag koncentr\u00e1ci\u00f3j\u00e1nak \u00e9s mennyis\u00e9g\u00e9nek megfelel\u0151en kell kiv\u00e1lasztani. Keszty\u0171vel kezelje. A keszty\u0171ket haszn\u00e1lat el\u0151tt ellen\u0151rizni kell. Haszn\u00e1ljon megfelel\u0151 keszty\u0171lev\u00e9teli technik\u00e1t (a keszty\u0171 k\u00fcls\u0151 fel\u00fclet\u00e9nek \u00e9rint\u00e9se n\u00e9lk\u00fcl), hogy elker\u00fclje a term\u00e9kkel val\u00f3 b\u0151rrel val\u00f3 \u00e9rintkez\u00e9st. A szennyezett keszty\u0171t a haszn\u00e1lat ut\u00e1n a vonatkoz\u00f3 jogszab\u00e1lyoknak \u00e9s a helyes laborat\u00f3riumi gyakorlatnak megfelel\u0151en \u00e1rtalmatlan\u00edtsa. Mossa meg \u00e9s sz\u00e1r\u00edtsa meg a kez\u00e9t. A kiv\u00e1lasztott v\u00e9d\u0151keszty\u0171nek meg kell felelnie a 89\/686\/EGK uni\u00f3s ir\u00e1nyelv \u00e9s az abb\u00f3l levezetett EN 374 szabv\u00e1ny el\u0151\u00edr\u00e1sainak.<\/p>\n<p>L\u00e9gz\u00e9sv\u00e9delem<\/p>\n<p>Nagyobb mennyis\u00e9gek kezel\u00e9s\u00e9n\u00e9l viseljen porv\u00e9d\u0151 maszkot.<\/p>\n<p>Termikus vesz\u00e9lyek<\/p>\n<p>nincs adat<\/p>\n<h2><strong><b>L\u00e9pjen kapcsolatba vel\u00fcnk most!<\/b><\/strong><\/h2>\n<h4><strong><b>Ha COA, MSDS vagy TDS-re van sz\u00fcks\u00e9ge, k\u00e9rj\u00fck, t\u00f6ltse ki el\u00e9rhet\u0151s\u00e9g\u00e9t az al\u00e1bbi \u0171rlapon, \u00e1ltal\u00e1ban 24 \u00f3r\u00e1n bel\u00fcl felvessz\u00fck \u00d6nnel a kapcsolatot. \u00d6n is k\u00fcldhet nekem e-mailt <span style=\"color: #0000ff;\"><a style=\"color: #0000ff;\" href=\"mailto:info@longchangchemical.com\">info@longchangchemical.com<\/a><\/span> munkaid\u0151ben ( 8:30-18:00 UTC+8 H.-Szombat ) vagy haszn\u00e1lja a weboldal \u00e9l\u0151 chatj\u00e9t, hogy azonnali v\u00e1laszt kapjon.<\/b><\/strong><\/h4>","protected":false},"excerpt":{"rendered":"<h2><strong>2,4,6-trimetil-benzoil-klorid gyors r\u00e9szletek<\/strong><\/h2>\n<p>K\u00e9miai n\u00e9v: 2,4,6-trimetil-benzoil-klorid<\/p>\n<p>CAS-sz\u00e1m: 938-18-1<\/p>\n<p>Molekul\u00e1ris fomula: C10H11ClO<\/p>\n<p>Molekulat\u00f6meg: 182,65<\/p>\n<p>Megjelen\u00e9s: Sz\u00edntelen vagy halv\u00e1nys\u00e1rga folyad\u00e9k<\/p>\n<p>Pr\u00f3ba: 99%<\/p>","protected":false},"featured_media":6523,"comment_status":"open","ping_status":"closed","template":"","meta":[],"product_brand":[],"product_cat":[69],"product_tag":[],"class_list":{"0":"post-4194","1":"product","2":"type-product","3":"status-publish","4":"has-post-thumbnail","6":"product_cat-catalysts-chemical-auxiliary-agents","8":"first","9":"instock","10":"shipping-taxable","11":"product-type-simple"},"yoast_head":"<!-- This site is optimized with the Yoast SEO plugin v25.3.1 - https:\/\/yoast.com\/wordpress\/plugins\/seo\/ -->\n<title>China 2,4,6-Trimethylbenzoyl Chloride Manufacturer CAS 938-18-1 - Longchang Chemical<\/title>\n<meta name=\"description\" content=\"2,4,6-Trimethylbenzoyl Chloride is a key product of Longchang Chemical. We provide the best price and are the leading manufacturer and supplier in China, known for the best quality and competitive prices.\" \/>\n<meta name=\"robots\" content=\"index, follow, max-snippet:-1, max-image-preview:large, max-video-preview:-1\" \/>\n<link rel=\"canonical\" href=\"https:\/\/longchangchemical.com\/hu\/product\/246-trimethylbenzoyl-chloride-cas-938-18-1\/\" \/>\n<meta property=\"og:locale\" content=\"hu_HU\" \/>\n<meta property=\"og:type\" content=\"article\" \/>\n<meta property=\"og:title\" content=\"China 2,4,6-Trimethylbenzoyl Chloride Manufacturer CAS 938-18-1 - Longchang Chemical\" \/>\n<meta property=\"og:description\" content=\"2,4,6-Trimethylbenzoyl Chloride is a key product of Longchang Chemical. We provide the best price and are the leading manufacturer and supplier in China, known for the best quality and competitive prices.\" \/>\n<meta property=\"og:url\" content=\"https:\/\/longchangchemical.com\/hu\/product\/246-trimethylbenzoyl-chloride-cas-938-18-1\/\" \/>\n<meta property=\"og:site_name\" content=\"Longchang Chemical\" \/>\n<meta property=\"article:modified_time\" content=\"2025-12-17T03:50:08+00:00\" \/>\n<meta property=\"og:image\" content=\"https:\/\/longchangchemical.com\/wp-content\/uploads\/2021\/01\/2-7.jpg\" \/>\n\t<meta property=\"og:image:width\" content=\"800\" \/>\n\t<meta property=\"og:image:height\" content=\"800\" \/>\n\t<meta property=\"og:image:type\" content=\"image\/jpeg\" \/>\n<meta name=\"twitter:card\" content=\"summary_large_image\" \/>\n<script type=\"application\/ld+json\" class=\"yoast-schema-graph\">{\"@context\":\"https:\/\/schema.org\",\"@graph\":[{\"@type\":\"WebPage\",\"@id\":\"https:\/\/longchangchemical.com\/product\/246-trimethylbenzoyl-chloride-cas-938-18-1\/\",\"url\":\"https:\/\/longchangchemical.com\/product\/246-trimethylbenzoyl-chloride-cas-938-18-1\/\",\"name\":\"China 2,4,6-Trimethylbenzoyl Chloride Manufacturer CAS 938-18-1 - Longchang Chemical\",\"isPartOf\":{\"@id\":\"https:\/\/longchangchemical.com\/#website\"},\"primaryImageOfPage\":{\"@id\":\"https:\/\/longchangchemical.com\/product\/246-trimethylbenzoyl-chloride-cas-938-18-1\/#primaryimage\"},\"image\":{\"@id\":\"https:\/\/longchangchemical.com\/product\/246-trimethylbenzoyl-chloride-cas-938-18-1\/#primaryimage\"},\"thumbnailUrl\":\"https:\/\/longchangchemical.com\/wp-content\/uploads\/2021\/01\/2-7.jpg\",\"datePublished\":\"2024-01-18T06:50:43+00:00\",\"dateModified\":\"2025-12-17T03:50:08+00:00\",\"description\":\"2,4,6-Trimethylbenzoyl Chloride is a key product of Longchang Chemical. We provide the best price and are the leading manufacturer and supplier in China, known for the best quality and competitive prices.\",\"breadcrumb\":{\"@id\":\"https:\/\/longchangchemical.com\/product\/246-trimethylbenzoyl-chloride-cas-938-18-1\/#breadcrumb\"},\"inLanguage\":\"hu\",\"potentialAction\":[{\"@type\":\"ReadAction\",\"target\":[\"https:\/\/longchangchemical.com\/product\/246-trimethylbenzoyl-chloride-cas-938-18-1\/\"]}]},{\"@type\":\"ImageObject\",\"inLanguage\":\"hu\",\"@id\":\"https:\/\/longchangchemical.com\/product\/246-trimethylbenzoyl-chloride-cas-938-18-1\/#primaryimage\",\"url\":\"https:\/\/longchangchemical.com\/wp-content\/uploads\/2021\/01\/2-7.jpg\",\"contentUrl\":\"https:\/\/longchangchemical.com\/wp-content\/uploads\/2021\/01\/2-7.jpg\",\"width\":800,\"height\":800,\"caption\":\"2,4,6-trimethylbenzoyl chloride cas 938-18-1\"},{\"@type\":\"BreadcrumbList\",\"@id\":\"https:\/\/longchangchemical.com\/product\/246-trimethylbenzoyl-chloride-cas-938-18-1\/#breadcrumb\",\"itemListElement\":[{\"@type\":\"ListItem\",\"position\":1,\"name\":\"Home\",\"item\":\"https:\/\/longchangchemical.com\/\"},{\"@type\":\"ListItem\",\"position\":2,\"name\":\"Products Longchang\",\"item\":\"https:\/\/longchangchemical.com\/product\/\"},{\"@type\":\"ListItem\",\"position\":3,\"name\":\"2,4,6-trimethylbenzoyl chloride cas 938-18-1\"}]},{\"@type\":\"WebSite\",\"@id\":\"https:\/\/longchangchemical.com\/#website\",\"url\":\"https:\/\/longchangchemical.com\/\",\"name\":\"Longchang Chemical\",\"description\":\"China chemical manufacturer \uff06 supplier\",\"publisher\":{\"@id\":\"https:\/\/longchangchemical.com\/#organization\"},\"potentialAction\":[{\"@type\":\"SearchAction\",\"target\":{\"@type\":\"EntryPoint\",\"urlTemplate\":\"https:\/\/longchangchemical.com\/?s={search_term_string}\"},\"query-input\":{\"@type\":\"PropertyValueSpecification\",\"valueRequired\":true,\"valueName\":\"search_term_string\"}}],\"inLanguage\":\"hu\"},{\"@type\":\"Organization\",\"@id\":\"https:\/\/longchangchemical.com\/#organization\",\"name\":\"Longchang Chemical\",\"url\":\"https:\/\/longchangchemical.com\/\",\"logo\":{\"@type\":\"ImageObject\",\"inLanguage\":\"hu\",\"@id\":\"https:\/\/longchangchemical.com\/#\/schema\/logo\/image\/\",\"url\":\"https:\/\/longchangchemical.com\/wp-content\/uploads\/2020\/08\/cropped-longchang-logo.png\",\"contentUrl\":\"https:\/\/longchangchemical.com\/wp-content\/uploads\/2020\/08\/cropped-longchang-logo.png\",\"width\":512,\"height\":512,\"caption\":\"Longchang Chemical\"},\"image\":{\"@id\":\"https:\/\/longchangchemical.com\/#\/schema\/logo\/image\/\"}}]}<\/script>\n<!-- \/ Yoast SEO plugin. -->","yoast_head_json":{"title":"K\u00edna 2,4,6-trimetilbenzoil-klorid gy\u00e1rt\u00f3 CAS 938-18-1 - Longchang Chemical","description":"A 2,4,6-trimetil-benzoil-klorid a Longchang Chemical egyik legfontosabb term\u00e9ke. A legjobb \u00e1rat biztos\u00edtjuk, \u00e9s mi vagyunk a vezet\u0151 gy\u00e1rt\u00f3 \u00e9s besz\u00e1ll\u00edt\u00f3 K\u00edn\u00e1ban, amely a legjobb min\u0151s\u00e9gr\u0151l \u00e9s versenyk\u00e9pes \u00e1rakr\u00f3l ismert.","robots":{"index":"index","follow":"follow","max-snippet":"max-snippet:-1","max-image-preview":"max-image-preview:large","max-video-preview":"max-video-preview:-1"},"canonical":"https:\/\/longchangchemical.com\/hu\/product\/246-trimethylbenzoyl-chloride-cas-938-18-1\/","og_locale":"hu_HU","og_type":"article","og_title":"China 2,4,6-Trimethylbenzoyl Chloride Manufacturer CAS 938-18-1 - Longchang Chemical","og_description":"2,4,6-Trimethylbenzoyl Chloride is a key product of Longchang Chemical. We provide the best price and are the leading manufacturer and supplier in China, known for the best quality and competitive prices.","og_url":"https:\/\/longchangchemical.com\/hu\/product\/246-trimethylbenzoyl-chloride-cas-938-18-1\/","og_site_name":"Longchang Chemical","article_modified_time":"2025-12-17T03:50:08+00:00","og_image":[{"width":800,"height":800,"url":"https:\/\/longchangchemical.com\/wp-content\/uploads\/2021\/01\/2-7.jpg","type":"image\/jpeg"}],"twitter_card":"summary_large_image","schema":{"@context":"https:\/\/schema.org","@graph":[{"@type":"WebPage","@id":"https:\/\/longchangchemical.com\/product\/246-trimethylbenzoyl-chloride-cas-938-18-1\/","url":"https:\/\/longchangchemical.com\/product\/246-trimethylbenzoyl-chloride-cas-938-18-1\/","name":"K\u00edna 2,4,6-trimetilbenzoil-klorid gy\u00e1rt\u00f3 CAS 938-18-1 - Longchang Chemical","isPartOf":{"@id":"https:\/\/longchangchemical.com\/#website"},"primaryImageOfPage":{"@id":"https:\/\/longchangchemical.com\/product\/246-trimethylbenzoyl-chloride-cas-938-18-1\/#primaryimage"},"image":{"@id":"https:\/\/longchangchemical.com\/product\/246-trimethylbenzoyl-chloride-cas-938-18-1\/#primaryimage"},"thumbnailUrl":"https:\/\/longchangchemical.com\/wp-content\/uploads\/2021\/01\/2-7.jpg","datePublished":"2024-01-18T06:50:43+00:00","dateModified":"2025-12-17T03:50:08+00:00","description":"A 2,4,6-trimetil-benzoil-klorid a Longchang Chemical egyik legfontosabb term\u00e9ke. A legjobb \u00e1rat biztos\u00edtjuk, \u00e9s mi vagyunk a vezet\u0151 gy\u00e1rt\u00f3 \u00e9s besz\u00e1ll\u00edt\u00f3 K\u00edn\u00e1ban, amely a legjobb min\u0151s\u00e9gr\u0151l \u00e9s versenyk\u00e9pes \u00e1rakr\u00f3l ismert.","breadcrumb":{"@id":"https:\/\/longchangchemical.com\/product\/246-trimethylbenzoyl-chloride-cas-938-18-1\/#breadcrumb"},"inLanguage":"hu","potentialAction":[{"@type":"ReadAction","target":["https:\/\/longchangchemical.com\/product\/246-trimethylbenzoyl-chloride-cas-938-18-1\/"]}]},{"@type":"ImageObject","inLanguage":"hu","@id":"https:\/\/longchangchemical.com\/product\/246-trimethylbenzoyl-chloride-cas-938-18-1\/#primaryimage","url":"https:\/\/longchangchemical.com\/wp-content\/uploads\/2021\/01\/2-7.jpg","contentUrl":"https:\/\/longchangchemical.com\/wp-content\/uploads\/2021\/01\/2-7.jpg","width":800,"height":800,"caption":"2,4,6-trimethylbenzoyl chloride cas 938-18-1"},{"@type":"BreadcrumbList","@id":"https:\/\/longchangchemical.com\/product\/246-trimethylbenzoyl-chloride-cas-938-18-1\/#breadcrumb","itemListElement":[{"@type":"ListItem","position":1,"name":"Home","item":"https:\/\/longchangchemical.com\/"},{"@type":"ListItem","position":2,"name":"Products Longchang","item":"https:\/\/longchangchemical.com\/product\/"},{"@type":"ListItem","position":3,"name":"2,4,6-trimethylbenzoyl chloride cas 938-18-1"}]},{"@type":"WebSite","@id":"https:\/\/longchangchemical.com\/#website","url":"https:\/\/longchangchemical.com\/","name":"Longchang Chemical","description":"K\u00edna k\u00e9miai gy\u00e1rt\u00f3 \uff06 sz\u00e1ll\u00edt\u00f3","publisher":{"@id":"https:\/\/longchangchemical.com\/#organization"},"potentialAction":[{"@type":"SearchAction","target":{"@type":"EntryPoint","urlTemplate":"https:\/\/longchangchemical.com\/?s={search_term_string}"},"query-input":{"@type":"PropertyValueSpecification","valueRequired":true,"valueName":"search_term_string"}}],"inLanguage":"hu"},{"@type":"Organization","@id":"https:\/\/longchangchemical.com\/#organization","name":"Longchang Chemical","url":"https:\/\/longchangchemical.com\/","logo":{"@type":"ImageObject","inLanguage":"hu","@id":"https:\/\/longchangchemical.com\/#\/schema\/logo\/image\/","url":"https:\/\/longchangchemical.com\/wp-content\/uploads\/2020\/08\/cropped-longchang-logo.png","contentUrl":"https:\/\/longchangchemical.com\/wp-content\/uploads\/2020\/08\/cropped-longchang-logo.png","width":512,"height":512,"caption":"Longchang Chemical"},"image":{"@id":"https:\/\/longchangchemical.com\/#\/schema\/logo\/image\/"}}]}},"_links":{"self":[{"href":"https:\/\/longchangchemical.com\/hu\/wp-json\/wp\/v2\/product\/4194","targetHints":{"allow":["GET"]}}],"collection":[{"href":"https:\/\/longchangchemical.com\/hu\/wp-json\/wp\/v2\/product"}],"about":[{"href":"https:\/\/longchangchemical.com\/hu\/wp-json\/wp\/v2\/types\/product"}],"replies":[{"embeddable":true,"href":"https:\/\/longchangchemical.com\/hu\/wp-json\/wp\/v2\/comments?post=4194"}],"wp:featuredmedia":[{"embeddable":true,"href":"https:\/\/longchangchemical.com\/hu\/wp-json\/wp\/v2\/media\/6523"}],"wp:attachment":[{"href":"https:\/\/longchangchemical.com\/hu\/wp-json\/wp\/v2\/media?parent=4194"}],"wp:term":[{"taxonomy":"product_brand","embeddable":true,"href":"https:\/\/longchangchemical.com\/hu\/wp-json\/wp\/v2\/product_brand?post=4194"},{"taxonomy":"product_cat","embeddable":true,"href":"https:\/\/longchangchemical.com\/hu\/wp-json\/wp\/v2\/product_cat?post=4194"},{"taxonomy":"product_tag","embeddable":true,"href":"https:\/\/longchangchemical.com\/hu\/wp-json\/wp\/v2\/product_tag?post=4194"}],"curies":[{"name":"wp","href":"https:\/\/api.w.org\/{rel}","templated":true}]}}