{"id":4191,"date":"2024-01-18T07:07:45","date_gmt":"2024-01-18T07:07:45","guid":{"rendered":"https:\/\/longchangchemical.com\/?post_type=product&#038;p=4191"},"modified":"2025-12-17T03:30:23","modified_gmt":"2025-12-17T03:30:23","slug":"ammonium-alginate-cas-9005-34-9","status":"publish","type":"product","link":"https:\/\/longchangchemical.com\/hu\/product\/ammonium-alginate-cas-9005-34-9\/","title":{"rendered":"amm\u00f3nium-algin\u00e1t cas 9005-34-9"},"content":{"rendered":"<h2><strong>Amm\u00f3nium-algin\u00e1t tipikus tulajdons\u00e1gai<\/strong><\/h2>\n<table class=\"table-1\" cellspacing=\"0\">\n<tbody>\n<tr>\n<td>T\u00e9tel<\/td>\n<td>M\u0171szaki adatok<\/td>\n<\/tr>\n<tr>\n<td>Megjelen\u00e9s<\/td>\n<td>A feh\u00e9rt\u0151l a s\u00e1rg\u00e1sbarn\u00e1ig terjed\u0151 sz\u00edn\u0171 r\u00e9szecsk\u00e9k vagy por<\/td>\n<\/tr>\n<tr>\n<td>mPa.s\/20\u2103 Viszkozit\u00e1s<\/td>\n<td>700~1000<\/td>\n<\/tr>\n<tr>\n<td>Sz\u00e1r\u00edt\u00e1si vesztes\u00e9g<\/td>\n<td>\u226415.0%<\/td>\n<\/tr>\n<tr>\n<td>PH<\/td>\n<td>5.0~6.5<\/td>\n<\/tr>\n<tr>\n<td>M\u00e9ret H\u00e1l\u00f3<\/td>\n<td>40 h\u00e1l\u00f3 ~ 60 h\u00e1l\u00f3<\/td>\n<\/tr>\n<tr>\n<td>(Pb)\/(mg\/kg) \u00d3lom<\/td>\n<td>\u22645%<\/td>\n<\/tr>\n<tr>\n<td>(As)\/(mg\/kg) Arz\u00e9n<\/td>\n<td>\u22643%<\/td>\n<\/tr>\n<\/tbody>\n<\/table>\n<h2><strong>Amm\u00f3nium-algin\u00e1t felhaszn\u00e1l\u00e1s<\/strong><\/h2>\n<p>1. Ez egy barna alga sz\u00e9les k\u00f6rben elterjedt anionos poliszacharidb\u00f3l \u00e1ll\u00f3 sejtfal\u00fa alga, amelyben v\u00edzzel egyes\u00fclve viszk\u00f3zus g\u00e9l k\u00e9pz\u0151dik.<\/p>\n<p>2.Ez is egy bakt\u00e9riumok \u00e1ltal termelt pseudomonas aeruginosa.<\/p>\n<p>3.Ez lehet ciszt\u00e1s fibr\u00f3zis a f\u0151 k\u00f3rokoz\u00f3ban \u00e9s adhat a f\u0151 k\u00f3rokoz\u00f3nak magas rezisztenci\u00e1j\u00fa antibiotikumokat \u00e9s makrof\u00e1gocit\u00e1kat.<\/p>\n<p>4.Ezt alapgumik\u00e9nt, s\u0171r\u00edt\u0151szerk\u00e9nt, stabiliz\u00e1tork\u00e9nt \u00e9s emulge\u00e1l\u00f3szerk\u00e9nt haszn\u00e1lj\u00e1k.<\/p>\n<p><strong>5.\u00c9lelmiszeripar:<\/strong> A 9005-34-9 CAS-sz\u00e1m\u00fa amm\u00f3nium-algin\u00e1tot sz\u00e9les k\u00f6rben haszn\u00e1lj\u00e1k az \u00e9lelmiszeriparban s\u0171r\u00edt\u0151 \u00e9s zsel\u00e9s\u00edt\u0151 anyagk\u00e9nt. K\u00fcl\u00f6nb\u00f6z\u0151 \u00e9lelmiszeripari term\u00e9kekben, p\u00e9ld\u00e1ul desszertekben, zsel\u00e9kben \u00e9s m\u00e1rt\u00e1sokban alkalmazz\u00e1k a text\u00fara \u00e9s a stabilit\u00e1s jav\u00edt\u00e1sa \u00e9rdek\u00e9ben.<\/p>\n<p><strong>6:<\/strong> Ezt a vegy\u00fcletet a gy\u00f3gyszeriparban alkalmazz\u00e1k zsel\u00e9s\u00edt\u0151 tulajdons\u00e1gai miatt. Gy\u00f3gyszeripari term\u00e9kek, t\u00f6bbek k\u00f6z\u00f6tt tablett\u00e1k \u00e9s or\u00e1lis szuszpenzi\u00f3k k\u00e9sz\u00edt\u00e9s\u00e9n\u00e9l haszn\u00e1lj\u00e1k az \u00e1llag \u00e9s a szab\u00e1lyozott felszabadul\u00e1s fokoz\u00e1sa \u00e9rdek\u00e9ben.<\/p>\n<p><strong>7.Textilipar:<\/strong> Az amm\u00f3nium-algin\u00e1tot a textiliparban a nyom\u00f3paszt\u00e1k s\u0171r\u00edt\u0151anyagak\u00e9nt haszn\u00e1lj\u00e1k. Hozz\u00e1j\u00e1rul a textilnyom\u00e1sban haszn\u00e1lt paszt\u00e1k viszkozit\u00e1s\u00e1hoz \u00e9s stabilit\u00e1s\u00e1hoz, biztos\u00edtva a pontos \u00e9s egyenletes mint\u00e1zatot.<\/p>\n<p><strong>8.Biotechnol\u00f3gia:<\/strong> A biotechnol\u00f3gi\u00e1ban \u00e9s a sejtkult\u00far\u00e1ban az amm\u00f3nium-algin\u00e1tot a sejtek kapszul\u00e1z\u00e1s\u00e1ra haszn\u00e1lj\u00e1k. T\u00e1mogat\u00f3 m\u00e1trixot biztos\u00edt a sejtek immobiliz\u00e1l\u00e1s\u00e1hoz \u00e9s ellen\u0151rz\u00f6tt felszabad\u00edt\u00e1s\u00e1hoz k\u00fcl\u00f6nb\u00f6z\u0151 alkalmaz\u00e1sokban.<\/p>\n<h2><strong>Amm\u00f3nium-algin\u00e1t csomagol\u00e1s \u00e9s sz\u00e1ll\u00edt\u00e1s<\/strong><\/h2>\n<p>Csomagol\u00e1s: 25kg\/dob<\/p>\n<h2><strong>Amm\u00f3nium-algin\u00e1t t\u00e1rol\u00e1sa<\/strong><\/h2>\n<p>Sz\u00e1raz, h\u0171v\u00f6s, j\u00f3l szell\u0151z\u0151 helyen, lez\u00e1rtan \u00e9s \u00e1rny\u00e9kban kell t\u00e1rolni.<\/p>\n<h2><strong><b>L\u00e9pjen kapcsolatba vel\u00fcnk most!<\/b><\/strong><\/h2>\n<h4><strong><b>Ha COA, MSDS vagy TDS-re van sz\u00fcks\u00e9ge, k\u00e9rj\u00fck, t\u00f6ltse ki el\u00e9rhet\u0151s\u00e9g\u00e9t az al\u00e1bbi \u0171rlapon, \u00e1ltal\u00e1ban 24 \u00f3r\u00e1n bel\u00fcl felvessz\u00fck \u00d6nnel a kapcsolatot. \u00d6n is k\u00fcldhet nekem e-mailt <span style=\"color: #0000ff;\"><a style=\"color: #0000ff;\" href=\"mailto:info@longchangchemical.com\">info@longchangchemical.com<\/a><\/span> munkaid\u0151ben ( 8:30-18:00 UTC+8 H.-Szombat ) vagy haszn\u00e1lja a weboldal \u00e9l\u0151 chatj\u00e9t, hogy azonnali v\u00e1laszt kapjon.<\/b><\/strong><\/h4>","protected":false},"excerpt":{"rendered":"<h2><strong>Amm\u00f3nium-algin\u00e1t R\u00e9szletek<\/strong><\/h2>\n<p>K\u00e9miai n\u00e9v: amm\u00f3nium-algin\u00e1t<\/p>\n<p>CAS-sz\u00e1m: 9005-34-9<\/p>\n<p>Molekul\u00e1ris k\u00e9plet: C13H16N3NaO4S<\/p>\n<p>Molekulat\u00f6meg: 333,33861<\/p>\n<p>Megjelen\u00e9s: feh\u00e9r vagy s\u00e1rg\u00e1sbarna r\u00e9szecsk\u00e9k vagy por<\/p>","protected":false},"featured_media":6526,"comment_status":"open","ping_status":"closed","template":"","meta":[],"product_brand":[],"product_cat":[69],"product_tag":[],"class_list":{"0":"post-4191","1":"product","2":"type-product","3":"status-publish","4":"has-post-thumbnail","6":"product_cat-catalysts-chemical-auxiliary-agents","8":"first","9":"instock","10":"shipping-taxable","11":"product-type-simple"},"yoast_head":"<!-- This site is optimized with the Yoast SEO plugin v25.3.1 - https:\/\/yoast.com\/wordpress\/plugins\/seo\/ -->\n<title>China Ammonium Alginate Manufacturer CAS 9005-34-9 - Longchang Chemical<\/title>\n<meta name=\"description\" content=\"Ammonium Alginate is a key product of Longchang Chemical. We provide the best price and are the leading manufacturer and supplier in China, known for the best quality and competitive prices.\" \/>\n<meta name=\"robots\" content=\"index, follow, max-snippet:-1, max-image-preview:large, max-video-preview:-1\" \/>\n<link rel=\"canonical\" href=\"https:\/\/longchangchemical.com\/hu\/product\/ammonium-alginate-cas-9005-34-9\/\" \/>\n<meta property=\"og:locale\" content=\"hu_HU\" \/>\n<meta property=\"og:type\" content=\"article\" \/>\n<meta property=\"og:title\" content=\"China Ammonium Alginate Manufacturer CAS 9005-34-9 - Longchang Chemical\" \/>\n<meta property=\"og:description\" content=\"Ammonium Alginate is a key product of Longchang Chemical. We provide the best price and are the leading manufacturer and supplier in China, known for the best quality and competitive prices.\" \/>\n<meta property=\"og:url\" content=\"https:\/\/longchangchemical.com\/hu\/product\/ammonium-alginate-cas-9005-34-9\/\" \/>\n<meta property=\"og:site_name\" content=\"Longchang Chemical\" \/>\n<meta property=\"article:modified_time\" content=\"2025-12-17T03:30:23+00:00\" \/>\n<meta property=\"og:image\" content=\"https:\/\/longchangchemical.com\/wp-content\/uploads\/2021\/01\/8-5.jpg\" \/>\n\t<meta property=\"og:image:width\" content=\"800\" \/>\n\t<meta property=\"og:image:height\" content=\"800\" \/>\n\t<meta property=\"og:image:type\" content=\"image\/jpeg\" \/>\n<meta name=\"twitter:card\" content=\"summary_large_image\" \/>\n<script type=\"application\/ld+json\" class=\"yoast-schema-graph\">{\"@context\":\"https:\/\/schema.org\",\"@graph\":[{\"@type\":\"WebPage\",\"@id\":\"https:\/\/longchangchemical.com\/product\/ammonium-alginate-cas-9005-34-9\/\",\"url\":\"https:\/\/longchangchemical.com\/product\/ammonium-alginate-cas-9005-34-9\/\",\"name\":\"China Ammonium Alginate Manufacturer CAS 9005-34-9 - Longchang Chemical\",\"isPartOf\":{\"@id\":\"https:\/\/longchangchemical.com\/#website\"},\"primaryImageOfPage\":{\"@id\":\"https:\/\/longchangchemical.com\/product\/ammonium-alginate-cas-9005-34-9\/#primaryimage\"},\"image\":{\"@id\":\"https:\/\/longchangchemical.com\/product\/ammonium-alginate-cas-9005-34-9\/#primaryimage\"},\"thumbnailUrl\":\"https:\/\/longchangchemical.com\/wp-content\/uploads\/2021\/01\/8-5.jpg\",\"datePublished\":\"2024-01-18T07:07:45+00:00\",\"dateModified\":\"2025-12-17T03:30:23+00:00\",\"description\":\"Ammonium Alginate is a key product of Longchang Chemical. We provide the best price and are the leading manufacturer and supplier in China, known for the best quality and competitive prices.\",\"breadcrumb\":{\"@id\":\"https:\/\/longchangchemical.com\/product\/ammonium-alginate-cas-9005-34-9\/#breadcrumb\"},\"inLanguage\":\"hu\",\"potentialAction\":[{\"@type\":\"ReadAction\",\"target\":[\"https:\/\/longchangchemical.com\/product\/ammonium-alginate-cas-9005-34-9\/\"]}]},{\"@type\":\"ImageObject\",\"inLanguage\":\"hu\",\"@id\":\"https:\/\/longchangchemical.com\/product\/ammonium-alginate-cas-9005-34-9\/#primaryimage\",\"url\":\"https:\/\/longchangchemical.com\/wp-content\/uploads\/2021\/01\/8-5.jpg\",\"contentUrl\":\"https:\/\/longchangchemical.com\/wp-content\/uploads\/2021\/01\/8-5.jpg\",\"width\":800,\"height\":800,\"caption\":\"ammonium alginate cas 9005-34-9\"},{\"@type\":\"BreadcrumbList\",\"@id\":\"https:\/\/longchangchemical.com\/product\/ammonium-alginate-cas-9005-34-9\/#breadcrumb\",\"itemListElement\":[{\"@type\":\"ListItem\",\"position\":1,\"name\":\"Home\",\"item\":\"https:\/\/longchangchemical.com\/\"},{\"@type\":\"ListItem\",\"position\":2,\"name\":\"Products Longchang\",\"item\":\"https:\/\/longchangchemical.com\/product\/\"},{\"@type\":\"ListItem\",\"position\":3,\"name\":\"ammonium alginate cas 9005-34-9\"}]},{\"@type\":\"WebSite\",\"@id\":\"https:\/\/longchangchemical.com\/#website\",\"url\":\"https:\/\/longchangchemical.com\/\",\"name\":\"Longchang Chemical\",\"description\":\"China chemical manufacturer \uff06 supplier\",\"publisher\":{\"@id\":\"https:\/\/longchangchemical.com\/#organization\"},\"potentialAction\":[{\"@type\":\"SearchAction\",\"target\":{\"@type\":\"EntryPoint\",\"urlTemplate\":\"https:\/\/longchangchemical.com\/?s={search_term_string}\"},\"query-input\":{\"@type\":\"PropertyValueSpecification\",\"valueRequired\":true,\"valueName\":\"search_term_string\"}}],\"inLanguage\":\"hu\"},{\"@type\":\"Organization\",\"@id\":\"https:\/\/longchangchemical.com\/#organization\",\"name\":\"Longchang Chemical\",\"url\":\"https:\/\/longchangchemical.com\/\",\"logo\":{\"@type\":\"ImageObject\",\"inLanguage\":\"hu\",\"@id\":\"https:\/\/longchangchemical.com\/#\/schema\/logo\/image\/\",\"url\":\"https:\/\/longchangchemical.com\/wp-content\/uploads\/2020\/08\/cropped-longchang-logo.png\",\"contentUrl\":\"https:\/\/longchangchemical.com\/wp-content\/uploads\/2020\/08\/cropped-longchang-logo.png\",\"width\":512,\"height\":512,\"caption\":\"Longchang Chemical\"},\"image\":{\"@id\":\"https:\/\/longchangchemical.com\/#\/schema\/logo\/image\/\"}}]}<\/script>\n<!-- \/ Yoast SEO plugin. -->","yoast_head_json":{"title":"K\u00edna amm\u00f3nium-algin\u00e1t gy\u00e1rt\u00f3 CAS 9005-34-9 - Longchang Chemical","description":"Az amm\u00f3nium-algin\u00e1t a Longchang Chemical egyik legfontosabb term\u00e9ke. A legjobb \u00e1rat biztos\u00edtjuk, \u00e9s mi vagyunk a vezet\u0151 gy\u00e1rt\u00f3 \u00e9s besz\u00e1ll\u00edt\u00f3 K\u00edn\u00e1ban, amely a legjobb min\u0151s\u00e9gr\u0151l \u00e9s versenyk\u00e9pes \u00e1rakr\u00f3l ismert.","robots":{"index":"index","follow":"follow","max-snippet":"max-snippet:-1","max-image-preview":"max-image-preview:large","max-video-preview":"max-video-preview:-1"},"canonical":"https:\/\/longchangchemical.com\/hu\/product\/ammonium-alginate-cas-9005-34-9\/","og_locale":"hu_HU","og_type":"article","og_title":"China Ammonium Alginate Manufacturer CAS 9005-34-9 - Longchang Chemical","og_description":"Ammonium Alginate is a key product of Longchang Chemical. We provide the best price and are the leading manufacturer and supplier in China, known for the best quality and competitive prices.","og_url":"https:\/\/longchangchemical.com\/hu\/product\/ammonium-alginate-cas-9005-34-9\/","og_site_name":"Longchang Chemical","article_modified_time":"2025-12-17T03:30:23+00:00","og_image":[{"width":800,"height":800,"url":"https:\/\/longchangchemical.com\/wp-content\/uploads\/2021\/01\/8-5.jpg","type":"image\/jpeg"}],"twitter_card":"summary_large_image","schema":{"@context":"https:\/\/schema.org","@graph":[{"@type":"WebPage","@id":"https:\/\/longchangchemical.com\/product\/ammonium-alginate-cas-9005-34-9\/","url":"https:\/\/longchangchemical.com\/product\/ammonium-alginate-cas-9005-34-9\/","name":"K\u00edna amm\u00f3nium-algin\u00e1t gy\u00e1rt\u00f3 CAS 9005-34-9 - Longchang Chemical","isPartOf":{"@id":"https:\/\/longchangchemical.com\/#website"},"primaryImageOfPage":{"@id":"https:\/\/longchangchemical.com\/product\/ammonium-alginate-cas-9005-34-9\/#primaryimage"},"image":{"@id":"https:\/\/longchangchemical.com\/product\/ammonium-alginate-cas-9005-34-9\/#primaryimage"},"thumbnailUrl":"https:\/\/longchangchemical.com\/wp-content\/uploads\/2021\/01\/8-5.jpg","datePublished":"2024-01-18T07:07:45+00:00","dateModified":"2025-12-17T03:30:23+00:00","description":"Az amm\u00f3nium-algin\u00e1t a Longchang Chemical egyik legfontosabb term\u00e9ke. A legjobb \u00e1rat biztos\u00edtjuk, \u00e9s mi vagyunk a vezet\u0151 gy\u00e1rt\u00f3 \u00e9s besz\u00e1ll\u00edt\u00f3 K\u00edn\u00e1ban, amely a legjobb min\u0151s\u00e9gr\u0151l \u00e9s versenyk\u00e9pes \u00e1rakr\u00f3l ismert.","breadcrumb":{"@id":"https:\/\/longchangchemical.com\/product\/ammonium-alginate-cas-9005-34-9\/#breadcrumb"},"inLanguage":"hu","potentialAction":[{"@type":"ReadAction","target":["https:\/\/longchangchemical.com\/product\/ammonium-alginate-cas-9005-34-9\/"]}]},{"@type":"ImageObject","inLanguage":"hu","@id":"https:\/\/longchangchemical.com\/product\/ammonium-alginate-cas-9005-34-9\/#primaryimage","url":"https:\/\/longchangchemical.com\/wp-content\/uploads\/2021\/01\/8-5.jpg","contentUrl":"https:\/\/longchangchemical.com\/wp-content\/uploads\/2021\/01\/8-5.jpg","width":800,"height":800,"caption":"ammonium alginate cas 9005-34-9"},{"@type":"BreadcrumbList","@id":"https:\/\/longchangchemical.com\/product\/ammonium-alginate-cas-9005-34-9\/#breadcrumb","itemListElement":[{"@type":"ListItem","position":1,"name":"Home","item":"https:\/\/longchangchemical.com\/"},{"@type":"ListItem","position":2,"name":"Products Longchang","item":"https:\/\/longchangchemical.com\/product\/"},{"@type":"ListItem","position":3,"name":"ammonium alginate cas 9005-34-9"}]},{"@type":"WebSite","@id":"https:\/\/longchangchemical.com\/#website","url":"https:\/\/longchangchemical.com\/","name":"Longchang Chemical","description":"K\u00edna k\u00e9miai gy\u00e1rt\u00f3 \uff06 sz\u00e1ll\u00edt\u00f3","publisher":{"@id":"https:\/\/longchangchemical.com\/#organization"},"potentialAction":[{"@type":"SearchAction","target":{"@type":"EntryPoint","urlTemplate":"https:\/\/longchangchemical.com\/?s={search_term_string}"},"query-input":{"@type":"PropertyValueSpecification","valueRequired":true,"valueName":"search_term_string"}}],"inLanguage":"hu"},{"@type":"Organization","@id":"https:\/\/longchangchemical.com\/#organization","name":"Longchang Chemical","url":"https:\/\/longchangchemical.com\/","logo":{"@type":"ImageObject","inLanguage":"hu","@id":"https:\/\/longchangchemical.com\/#\/schema\/logo\/image\/","url":"https:\/\/longchangchemical.com\/wp-content\/uploads\/2020\/08\/cropped-longchang-logo.png","contentUrl":"https:\/\/longchangchemical.com\/wp-content\/uploads\/2020\/08\/cropped-longchang-logo.png","width":512,"height":512,"caption":"Longchang Chemical"},"image":{"@id":"https:\/\/longchangchemical.com\/#\/schema\/logo\/image\/"}}]}},"_links":{"self":[{"href":"https:\/\/longchangchemical.com\/hu\/wp-json\/wp\/v2\/product\/4191","targetHints":{"allow":["GET"]}}],"collection":[{"href":"https:\/\/longchangchemical.com\/hu\/wp-json\/wp\/v2\/product"}],"about":[{"href":"https:\/\/longchangchemical.com\/hu\/wp-json\/wp\/v2\/types\/product"}],"replies":[{"embeddable":true,"href":"https:\/\/longchangchemical.com\/hu\/wp-json\/wp\/v2\/comments?post=4191"}],"wp:featuredmedia":[{"embeddable":true,"href":"https:\/\/longchangchemical.com\/hu\/wp-json\/wp\/v2\/media\/6526"}],"wp:attachment":[{"href":"https:\/\/longchangchemical.com\/hu\/wp-json\/wp\/v2\/media?parent=4191"}],"wp:term":[{"taxonomy":"product_brand","embeddable":true,"href":"https:\/\/longchangchemical.com\/hu\/wp-json\/wp\/v2\/product_brand?post=4191"},{"taxonomy":"product_cat","embeddable":true,"href":"https:\/\/longchangchemical.com\/hu\/wp-json\/wp\/v2\/product_cat?post=4191"},{"taxonomy":"product_tag","embeddable":true,"href":"https:\/\/longchangchemical.com\/hu\/wp-json\/wp\/v2\/product_tag?post=4191"}],"curies":[{"name":"wp","href":"https:\/\/api.w.org\/{rel}","templated":true}]}}