{"id":4149,"date":"2021-05-26T08:42:37","date_gmt":"2021-05-26T08:42:37","guid":{"rendered":"https:\/\/longchangchemical.com\/?post_type=product&#038;p=4149"},"modified":"2025-12-22T08:10:08","modified_gmt":"2025-12-22T08:10:08","slug":"2-hea-cas-818-61-1","status":"publish","type":"product","link":"https:\/\/longchangchemical.com\/hu\/product\/2-hea-cas-818-61-1\/","title":{"rendered":"2-Hidroxietil-akril\u00e1t CAS 818-61-1"},"content":{"rendered":"<h1><strong>2-Hidroxietil-akril\u00e1t CAS 818-61-1<\/strong><\/h1>\n<table class=\"table-1\" cellspacing=\"0\">\n<tbody>\n<tr>\n<td>T\u00e9tel<\/td>\n<td>Specifik\u00e1ci\u00f3<\/td>\n<\/tr>\n<tr>\n<td>Megjelen\u00e9s<\/td>\n<td>Sz\u00edntelen \u00e9s \u00e1tl\u00e1tsz\u00f3 folyad\u00e9k<\/td>\n<\/tr>\n<tr>\n<td>Fajlagos s\u0171r\u0171s\u00e9g\uff0820\/210F\uff09<\/td>\n<td>1.1098<\/td>\n<\/tr>\n<tr>\n<td>Fagy\u00e1spont<\/td>\n<td>\uff1c-70\u2103<\/td>\n<\/tr>\n<tr>\n<td>Forr\u00e1spont<\/td>\n<td>82\/5mmHg<\/td>\n<\/tr>\n<tr>\n<td>Viszkozit\u00e1s<\/td>\n<td>5-15<\/td>\n<\/tr>\n<tr>\n<td>Lobban\u00e1spont<\/td>\n<td>99\u2103<\/td>\n<\/tr>\n<tr>\n<td>Assay (GC)<\/td>\n<td>91%,93%,95%,97%<\/td>\n<\/tr>\n<tr>\n<td>Eszter tartalom<\/td>\n<td>99%min<\/td>\n<\/tr>\n<\/tbody>\n<\/table>\n<h2><\/h2>\n<h2><strong>2-hidroxietil akril\u00e1t Haszn\u00e1lat<\/strong><\/h2>\n<h4>1. A 2-hidroxietil-akril\u00e1tot els\u0151sorban reakt\u00edv h\u00edg\u00edt\u00f3 \u00e9s t\u00e9rh\u00e1l\u00f3s\u00edt\u00f3 anyagk\u00e9nt haszn\u00e1lj\u00e1k a sug\u00e1rkezel\u00e9ses rendszerekben, \u00e9s gyanta t\u00e9rh\u00e1l\u00f3s\u00edt\u00f3 anyagk\u00e9nt, m\u0171anyag \u00e9s gumi m\u00f3dos\u00edt\u00f3k\u00e9nt is haszn\u00e1lhat\u00f3.<\/h4>\n<h4>2. A 2-hidroxi-etil-akril\u00e1tot fa lakkokban, nyomdafest\u00e9kekben \u00e9s ragaszt\u00f3kban haszn\u00e1lj\u00e1k.<\/h4>\n<h4>3. A 2-hidroxietil-akril\u00e1tot els\u0151sorban h\u0151re kem\u00e9nyed\u0151 akril bevonatok, f\u00e9nyre kem\u00e9nyed\u0151 akril bevonatok, f\u00e9ny\u00e9rz\u00e9keny bevonatok, ragaszt\u00f3k, textilkezel\u0151 szerek, pap\u00edrfeldolgoz\u00e1s, v\u00edzmin\u0151s\u00e9g-stabiliz\u00e1torok \u00e9s polimer anyagok el\u0151\u00e1ll\u00edt\u00e1s\u00e1ra haszn\u00e1lj\u00e1k. Jellemz\u0151je az alacsony felhaszn\u00e1l\u00e1s, de jelent\u0151sen jav\u00edthatja a term\u00e9k teljes\u00edtm\u00e9ny\u00e9t.<\/h4>\n<p>&nbsp;<\/p>\n<h2><strong>2-Hidroxietil-akril\u00e1t Csomagol\u00e1s \u00e9s sz\u00e1ll\u00edt\u00e1s<\/strong><\/h2>\n<h4>Csomagol\u00e1s: 200 kg\/dob; 1000 kg IBC hord\u00f3<\/h4>\n<h4>Sz\u00e1ll\u00edt\u00e1s: UN 2922<\/h4>\n<h4>DG oszt\u00e1ly: oszt\u00e1ly: 8 6.1 oszt\u00e1ly<\/h4>\n<p>&nbsp;<\/p>\n<h2><strong>2-hidroxi-etil-akril\u00e1t t\u00e1rol\u00e1sa<\/strong><\/h2>\n<h4>K\u00f6zvetlen napf\u00e9nyt\u0151l v\u00e9dett, h\u0171v\u00f6s, sz\u00e1raz helyen t\u00e1rolva.<\/h4>\n<p>&nbsp;<\/p>\n<h2><strong><b>L\u00e9pjen kapcsolatba vel\u00fcnk most!<\/b><\/strong><\/h2>\n<h4><strong><b>Ha COA, MSDS vagy TDS-re van sz\u00fcks\u00e9ge, k\u00e9rj\u00fck, t\u00f6ltse ki el\u00e9rhet\u0151s\u00e9g\u00e9t az al\u00e1bbi \u0171rlapon, \u00e1ltal\u00e1ban 24 \u00f3r\u00e1n bel\u00fcl felvessz\u00fck \u00d6nnel a kapcsolatot. \u00d6n is k\u00fcldhet nekem e-mailt <span style=\"color: #0000ff;\"><a style=\"color: #0000ff;\" href=\"mailto:info@longchangchemical.com\">info@longchangchemical.com<\/a><\/span> munkaid\u0151ben ( 8:30-18:00 UTC+8 H.-Szombat ) vagy haszn\u00e1lja a weboldal \u00e9l\u0151 chatj\u00e9t, hogy azonnali v\u00e1laszt kapjon.<\/b><\/strong><\/h4>\n<p><!--more--><\/p>\n<h2><strong>Mi a hidroxietil-akril\u00e1t elve a b\u0151r\u00e1pol\u00e1si term\u00e9kekben?<\/strong><\/h2>\n<p>1. Hidrat\u00e1l\u00f3<br \/>\nA hidroxietil-akril\u00e1t nedves\u00edt\u0151szerk\u00e9nt adhat\u00f3 a b\u0151r\u00e1pol\u00e1si term\u00e9kekhez, n\u00f6velheti a b\u0151r v\u00edztartalm\u00e1t, jav\u00edthatja a b\u0151r hidrat\u00e1l\u00f3 k\u00e9pess\u00e9g\u00e9t, megakad\u00e1lyozhatja a b\u0151r kisz\u00e1rad\u00e1s\u00e1t, repedez\u00e9s\u00e9t \u00e9s egy\u00e9b probl\u00e9m\u00e1kat.<br \/>\n2. Anti-aging<br \/>\nA hidroxietil-akril\u00e1t cs\u00f6kkentheti a r\u00e1ncokat \u00e9s a b\u0151r megereszked\u00e9s\u00e9t a kollag\u00e9ntermel\u00e9s el\u0151seg\u00edt\u00e9s\u00e9vel, ez\u00e1ltal el\u00e9rve az \u00f6reged\u00e9sg\u00e1tl\u00f3 hat\u00e1st.<br \/>\n3. A b\u0151r sz\u00edn\u00e9nek jav\u00edt\u00e1sa<br \/>\nA hidroxietil-akril\u00e1t el\u0151seg\u00edtheti a szarur\u00e9teg anyagcser\u00e9j\u00e9t \u00e9s felgyors\u00edthatja a b\u0151r meg\u00fajul\u00e1s\u00e1t, ez\u00e1ltal jav\u00edtja a b\u0151r sz\u00edn\u00e9t, a b\u0151rt ragyog\u00f3bb\u00e1 \u00e9s sim\u00e1bb\u00e1 teszi.<\/p>\n<p>a hidroxietil-akril\u00e1t hat\u00e9konys\u00e1ga a b\u0151r\u00e1pol\u00e1si term\u00e9kekben<br \/>\n1. Jav\u00edtja a b\u0151r hidrat\u00e1l\u00f3 k\u00e9pess\u00e9g\u00e9t: A hidroxietil-akril\u00e1t kiv\u00e1l\u00f3 hidrat\u00e1l\u00f3 tulajdons\u00e1gokkal rendelkezik, \u00e9s k\u00fcl\u00f6n\u00f6sen hat\u00e9kony a sz\u00e1raz b\u0151r eset\u00e9ben.<br \/>\n2. A b\u0151r r\u00e1ncainak \u00e9s megereszked\u00e9s\u00e9nek cs\u00f6kkent\u00e9se: A hidroxietil-akril\u00e1t el\u0151seg\u00edtheti a kollag\u00e9n gener\u00e1l\u00e1s\u00e1t, cs\u00f6kkentheti a b\u0151r r\u00e1ncait \u00e9s megereszked\u00e9s\u00e9t, \u00edgy a b\u0151r feszesebb\u00e9 v\u00e1lik.<br \/>\n3. Egyenletes b\u0151rsz\u00edn: A hidroxietil-akril\u00e1t el\u0151seg\u00edtheti a szarur\u00e9teg anyagcser\u00e9j\u00e9t, felgyors\u00edthatja a b\u0151r meg\u00fajul\u00e1s\u00e1t, ez\u00e1ltal jav\u00edtja a b\u0151r sz\u00edn\u00e9t \u00e9s cs\u00f6kkenti a pigment\u00e1ci\u00f3 megjelen\u00e9s\u00e9t.<br \/>\n4. Nyugtat\u00f3 \u00e9s nyugtat\u00f3: A hidroxietil-akril\u00e1t jav\u00edthatja a b\u0151r tapad\u00e1s\u00e1t a r\u00e9szleteken kereszt\u00fcl, hogy megakad\u00e1lyozza a k\u00fcls\u0151 ingereket, hogy el\u00e9rje a nyugtat\u00f3 \u00e9s nyugtat\u00f3 hat\u00e1st.<br \/>\n\u00d3vint\u00e9zked\u00e9sek<br \/>\n1. A hidroxietil-akril\u00e1t alkalmas b\u0151r\u00e1pol\u00e1si term\u00e9kek el\u0151\u00e1ll\u00edt\u00e1s\u00e1ra, de nem alkalmazhat\u00f3 k\u00f6zvetlen\u00fcl a b\u0151rre.<br \/>\n2. A b\u0151r\u00e1pol\u00e1si term\u00e9kek haszn\u00e1latakor figyelmet kell ford\u00edtani a term\u00e9k min\u0151s\u00e9g\u00e9re \u00e9s alkalmazhat\u00f3s\u00e1g\u00e1ra, hogy elker\u00fclj\u00fck a b\u0151rallergi\u00e1b\u00f3l \u00e9s egy\u00e9b okokb\u00f3l ered\u0151 mell\u00e9khat\u00e1sokat.<br \/>\n3. Ha b\u0151rirrit\u00e1ci\u00f3 vagy egy\u00e9b kellemetlens\u00e9g l\u00e9p fel, azonnal hagyja abba a haszn\u00e1lat\u00e1t, \u00e9s forduljon orvoshoz.<\/p>\n<h2><strong>Mi a megfelel\u0151 mennyis\u00e9g\u0171 hidroxietil-akril\u00e1t hozz\u00e1ad\u00e1sa emulzi\u00f3s polimeriz\u00e1ci\u00f3ban?<\/strong><\/h2>\n<p>A hidroxietil-akril\u00e1t megfelel\u0151 adagol\u00e1si mennyis\u00e9ge az emulzi\u00f3s polimeriz\u00e1ci\u00f3ban 1%-5%.<br \/>\nEl\u0151sz\u00f6r is, a hidroxietil-akril\u00e1t szerepe<br \/>\nA hidroxietil-akril\u00e1t egy v\u00edzb\u00e1zis\u00fa monomer, amelyet az emulzi\u00f3s polimeriz\u00e1ci\u00f3hoz adhatunk a polimeriz\u00e1ci\u00f3s reakci\u00f3sebess\u00e9g szab\u00e1lyoz\u00e1sa \u00e9s az emulzi\u00f3 min\u0151s\u00e9g\u00e9nek jav\u00edt\u00e1sa \u00e9rdek\u00e9ben. Konkr\u00e9tabban, a k\u00f6vetkez\u0151kre k\u00e9pes:<br \/>\n1. jav\u00edtja az emulzi\u00f3 stabilit\u00e1s\u00e1t, megakad\u00e1lyozza az emulzi\u00f3 t\u00f6r\u00e9s\u00e9t, lev\u00e1l\u00e1s\u00e1t \u00e9s egy\u00e9b jelens\u00e9geket.<br \/>\n2. az emulzi\u00f3 polimeriz\u00e1ci\u00f3s sebess\u00e9g\u00e9nek n\u00f6vel\u00e9se, a reakci\u00f3id\u0151 ler\u00f6vid\u00edt\u00e9se \u00e9s a gy\u00e1rt\u00e1si hat\u00e9konys\u00e1g jav\u00edt\u00e1sa.<br \/>\n3. a polimer filmk\u00e9pz\u0151 tulajdons\u00e1gainak jav\u00edt\u00e1sa, a polimer egyenletesebb\u00e9 \u00e9s sim\u00e1bb\u00e1 t\u00e9tele.<br \/>\nM\u00e1sodszor, a megfelel\u0151 mennyis\u00e9g hozz\u00e1ad\u00e1sa<br \/>\nB\u00e1r a hidroxi-etil-akril\u00e1tnak sz\u00e1mos el\u0151nye van, de a t\u00falzott hozz\u00e1ad\u00e1s polimeriz\u00e1ci\u00f3s reakci\u00f3hoz vezet, amelyet neh\u00e9z ellen\u0151rizni, ami befoly\u00e1solja a term\u00e9k min\u0151s\u00e9g\u00e9t. Ez\u00e9rt az emulzi\u00f3s polimeriz\u00e1ci\u00f3ban a megfelel\u0151 adal\u00e9kanyag mennyis\u00e9ge 1% \u00e9s 5% k\u00f6z\u00f6tt mozog. Az adott adal\u00e9kmennyis\u00e9get a k\u00fcl\u00f6nb\u00f6z\u0151 rendszereknek \u00e9s term\u00e9kk\u00f6vetelm\u00e9nyeknek megfelel\u0151en kell be\u00e1ll\u00edtani. Ha a hozz\u00e1adott mennyis\u00e9g t\u00fal kev\u00e9s, akkor nem tudja kihaszn\u00e1lni az el\u0151nyeit; ha a hozz\u00e1adott mennyis\u00e9g t\u00fal sok, akkor befoly\u00e1solhatja a polimeriz\u00e1ci\u00f3s reakci\u00f3 szab\u00e1lyoz\u00e1s\u00e1t.<\/p>","protected":false},"excerpt":{"rendered":"<h4>K\u00e9miai n\u00e9v: 2-hidroxietil akril\u00e1t<\/h4>\n<h4>Egy\u00e9b n\u00e9v: 2-Hidroxietil-akril\u00e1t; 2-HEA; Hidroxietil-akril\u00e1t; 2-Akriloxi-etanol; Etil\u00e9nglikol-akril\u00e1t; Akrilsav 2-hidroxietil-\u00e9szter; Etil\u00e9nglikol-monoakril\u00e1t.<\/h4>\n<h4>CAS-sz\u00e1m: 818-61-1<\/h4>\n<h4>Molekul\u00e1ris k\u00e9plet: C5H8O3<\/h4>\n<h4>K\u00e9miai szerkezet:<img decoding=\"async\" title=\"2-Hidroxietil akril\u00e1t Szerkezet\" src=\"https:\/\/www.longchangchemical.com\/wp-content\/uploads\/product-details\/20200617111470.png\" alt=\"2-Hidroxietil akril\u00e1t Szerkezet\" width=\"202\" height=\"92\" border=\"0\" vspace=\"0\" \/><\/h4>\n<h4>Molekulat\u00f6meg:116,12<\/h4>\n<h4>Megjelen\u00e9s: sz\u00edntelen folyad\u00e9k<\/h4>\n<h4>Pr\u00f3ba: 91%\uff0c93%\uff0c95%\uff0c97%<\/h4>","protected":false},"featured_media":4633,"comment_status":"open","ping_status":"closed","template":"","meta":[],"product_brand":[],"product_cat":[69],"product_tag":[],"class_list":{"0":"post-4149","1":"product","2":"type-product","3":"status-publish","4":"has-post-thumbnail","6":"product_cat-catalysts-chemical-auxiliary-agents","8":"first","9":"instock","10":"shipping-taxable","11":"product-type-simple"},"yoast_head":"<!-- This site is optimized with the Yoast SEO plugin v25.3.1 - https:\/\/yoast.com\/wordpress\/plugins\/seo\/ -->\n<title>China 2-Hydroxyethyl acrylate Manufacturer \uff06 CAS 818-61-1 Supplier - Longchang chemical Co., Ltd.<\/title>\n<meta name=\"description\" content=\"Longchang Chemical is a leading manufacturer and supplier of 2-Hydroxyethyl acrylatein China. Buy 2-Hydroxyethyl acrylate in china. We can provide the best 2-Hydroxyethyl acrylate price. Other Name: 2-Hydroxyethyl acrylate; 2-HEA; Hydroxyethyl acrylate; 2-Acryloyloxy ethanol; Ethylene glycol acrylate; Acrylic acid 2-hydroxyethyl ester; Ethylene glycol monoacrylate\" \/>\n<meta name=\"robots\" content=\"index, follow, max-snippet:-1, max-image-preview:large, max-video-preview:-1\" \/>\n<link rel=\"canonical\" href=\"https:\/\/longchangchemical.com\/hu\/product\/2-hea-cas-818-61-1\/\" \/>\n<meta property=\"og:locale\" content=\"hu_HU\" \/>\n<meta property=\"og:type\" content=\"article\" \/>\n<meta property=\"og:title\" content=\"China 2-Hydroxyethyl acrylate Manufacturer \uff06 CAS 818-61-1 Supplier - Longchang chemical Co., Ltd.\" \/>\n<meta property=\"og:description\" content=\"Longchang Chemical is a leading manufacturer and supplier of 2-Hydroxyethyl acrylatein China. Buy 2-Hydroxyethyl acrylate in china. We can provide the best 2-Hydroxyethyl acrylate price. Other Name: 2-Hydroxyethyl acrylate; 2-HEA; Hydroxyethyl acrylate; 2-Acryloyloxy ethanol; Ethylene glycol acrylate; Acrylic acid 2-hydroxyethyl ester; Ethylene glycol monoacrylate\" \/>\n<meta property=\"og:url\" content=\"https:\/\/longchangchemical.com\/hu\/product\/2-hea-cas-818-61-1\/\" \/>\n<meta property=\"og:site_name\" content=\"Longchang Chemical\" \/>\n<meta property=\"article:modified_time\" content=\"2025-12-22T08:10:08+00:00\" \/>\n<meta property=\"og:image\" content=\"https:\/\/longchangchemical.com\/wp-content\/uploads\/2021\/01\/2-Hydroxyethyl-acrylate-Appearance.jpg\" \/>\n\t<meta property=\"og:image:width\" content=\"600\" \/>\n\t<meta property=\"og:image:height\" content=\"800\" \/>\n\t<meta property=\"og:image:type\" content=\"image\/jpeg\" \/>\n<meta name=\"twitter:card\" content=\"summary_large_image\" \/>\n<script type=\"application\/ld+json\" class=\"yoast-schema-graph\">{\"@context\":\"https:\/\/schema.org\",\"@graph\":[{\"@type\":\"WebPage\",\"@id\":\"https:\/\/longchangchemical.com\/product\/2-hea-cas-818-61-1\/\",\"url\":\"https:\/\/longchangchemical.com\/product\/2-hea-cas-818-61-1\/\",\"name\":\"China 2-Hydroxyethyl acrylate Manufacturer \uff06 CAS 818-61-1 Supplier - Longchang chemical Co., Ltd.\",\"isPartOf\":{\"@id\":\"https:\/\/longchangchemical.com\/#website\"},\"primaryImageOfPage\":{\"@id\":\"https:\/\/longchangchemical.com\/product\/2-hea-cas-818-61-1\/#primaryimage\"},\"image\":{\"@id\":\"https:\/\/longchangchemical.com\/product\/2-hea-cas-818-61-1\/#primaryimage\"},\"thumbnailUrl\":\"https:\/\/longchangchemical.com\/wp-content\/uploads\/2021\/01\/2-Hydroxyethyl-acrylate-Appearance.jpg\",\"datePublished\":\"2021-05-26T08:42:37+00:00\",\"dateModified\":\"2025-12-22T08:10:08+00:00\",\"description\":\"Longchang Chemical is a leading manufacturer and supplier of 2-Hydroxyethyl acrylatein China. Buy 2-Hydroxyethyl acrylate in china. We can provide the best 2-Hydroxyethyl acrylate price. Other Name: 2-Hydroxyethyl acrylate; 2-HEA; Hydroxyethyl acrylate; 2-Acryloyloxy ethanol; Ethylene glycol acrylate; Acrylic acid 2-hydroxyethyl ester; Ethylene glycol monoacrylate\",\"breadcrumb\":{\"@id\":\"https:\/\/longchangchemical.com\/product\/2-hea-cas-818-61-1\/#breadcrumb\"},\"inLanguage\":\"hu\",\"potentialAction\":[{\"@type\":\"ReadAction\",\"target\":[\"https:\/\/longchangchemical.com\/product\/2-hea-cas-818-61-1\/\"]}]},{\"@type\":\"ImageObject\",\"inLanguage\":\"hu\",\"@id\":\"https:\/\/longchangchemical.com\/product\/2-hea-cas-818-61-1\/#primaryimage\",\"url\":\"https:\/\/longchangchemical.com\/wp-content\/uploads\/2021\/01\/2-Hydroxyethyl-acrylate-Appearance.jpg\",\"contentUrl\":\"https:\/\/longchangchemical.com\/wp-content\/uploads\/2021\/01\/2-Hydroxyethyl-acrylate-Appearance.jpg\",\"width\":600,\"height\":800,\"caption\":\"Appearance\"},{\"@type\":\"BreadcrumbList\",\"@id\":\"https:\/\/longchangchemical.com\/product\/2-hea-cas-818-61-1\/#breadcrumb\",\"itemListElement\":[{\"@type\":\"ListItem\",\"position\":1,\"name\":\"Home\",\"item\":\"https:\/\/longchangchemical.com\/\"},{\"@type\":\"ListItem\",\"position\":2,\"name\":\"Products Longchang\",\"item\":\"https:\/\/longchangchemical.com\/product\/\"},{\"@type\":\"ListItem\",\"position\":3,\"name\":\"2-Hydroxyethyl acrylate CAS 818-61-1\"}]},{\"@type\":\"WebSite\",\"@id\":\"https:\/\/longchangchemical.com\/#website\",\"url\":\"https:\/\/longchangchemical.com\/\",\"name\":\"Longchang Chemical\",\"description\":\"China chemical manufacturer \uff06 supplier\",\"publisher\":{\"@id\":\"https:\/\/longchangchemical.com\/#organization\"},\"potentialAction\":[{\"@type\":\"SearchAction\",\"target\":{\"@type\":\"EntryPoint\",\"urlTemplate\":\"https:\/\/longchangchemical.com\/?s={search_term_string}\"},\"query-input\":{\"@type\":\"PropertyValueSpecification\",\"valueRequired\":true,\"valueName\":\"search_term_string\"}}],\"inLanguage\":\"hu\"},{\"@type\":\"Organization\",\"@id\":\"https:\/\/longchangchemical.com\/#organization\",\"name\":\"Longchang Chemical\",\"url\":\"https:\/\/longchangchemical.com\/\",\"logo\":{\"@type\":\"ImageObject\",\"inLanguage\":\"hu\",\"@id\":\"https:\/\/longchangchemical.com\/#\/schema\/logo\/image\/\",\"url\":\"https:\/\/longchangchemical.com\/wp-content\/uploads\/2020\/08\/cropped-longchang-logo.png\",\"contentUrl\":\"https:\/\/longchangchemical.com\/wp-content\/uploads\/2020\/08\/cropped-longchang-logo.png\",\"width\":512,\"height\":512,\"caption\":\"Longchang Chemical\"},\"image\":{\"@id\":\"https:\/\/longchangchemical.com\/#\/schema\/logo\/image\/\"}}]}<\/script>\n<!-- \/ Yoast SEO plugin. -->","yoast_head_json":{"title":"K\u00edna 2-hidroxi-etil-akril\u00e1t gy\u00e1rt\u00f3 \uff06 CAS 818-61-1 Sz\u00e1ll\u00edt\u00f3 - Longchang Chemical Co., Ltd.","description":"A Longchang Chemical vezet\u0151 gy\u00e1rt\u00f3ja \u00e9s sz\u00e1ll\u00edt\u00f3ja a 2-hidroxietil akril\u00e1tnak K\u00edn\u00e1ban. V\u00e1s\u00e1roljon 2-hidroxietil-akril\u00e1tot K\u00edn\u00e1ban. A legjobb 2-hidroxietil-akril\u00e1t \u00e1rat tudjuk biztos\u00edtani. M\u00e1s n\u00e9v: 2-Hidroxietil-akril\u00e1t; 2-HEA; Hidroxietil-akril\u00e1t; 2-Akriloxi-etanol; Etil\u00e9nglikol-akril\u00e1t; Akrilsav 2-hidroxietil-\u00e9szter; Etil\u00e9nglikol-monoakril\u00e1t.","robots":{"index":"index","follow":"follow","max-snippet":"max-snippet:-1","max-image-preview":"max-image-preview:large","max-video-preview":"max-video-preview:-1"},"canonical":"https:\/\/longchangchemical.com\/hu\/product\/2-hea-cas-818-61-1\/","og_locale":"hu_HU","og_type":"article","og_title":"China 2-Hydroxyethyl acrylate Manufacturer \uff06 CAS 818-61-1 Supplier - Longchang chemical Co., Ltd.","og_description":"Longchang Chemical is a leading manufacturer and supplier of 2-Hydroxyethyl acrylatein China. Buy 2-Hydroxyethyl acrylate in china. We can provide the best 2-Hydroxyethyl acrylate price. Other Name: 2-Hydroxyethyl acrylate; 2-HEA; Hydroxyethyl acrylate; 2-Acryloyloxy ethanol; Ethylene glycol acrylate; Acrylic acid 2-hydroxyethyl ester; Ethylene glycol monoacrylate","og_url":"https:\/\/longchangchemical.com\/hu\/product\/2-hea-cas-818-61-1\/","og_site_name":"Longchang Chemical","article_modified_time":"2025-12-22T08:10:08+00:00","og_image":[{"width":600,"height":800,"url":"https:\/\/longchangchemical.com\/wp-content\/uploads\/2021\/01\/2-Hydroxyethyl-acrylate-Appearance.jpg","type":"image\/jpeg"}],"twitter_card":"summary_large_image","schema":{"@context":"https:\/\/schema.org","@graph":[{"@type":"WebPage","@id":"https:\/\/longchangchemical.com\/product\/2-hea-cas-818-61-1\/","url":"https:\/\/longchangchemical.com\/product\/2-hea-cas-818-61-1\/","name":"K\u00edna 2-hidroxi-etil-akril\u00e1t gy\u00e1rt\u00f3 \uff06 CAS 818-61-1 Sz\u00e1ll\u00edt\u00f3 - Longchang Chemical Co., Ltd.","isPartOf":{"@id":"https:\/\/longchangchemical.com\/#website"},"primaryImageOfPage":{"@id":"https:\/\/longchangchemical.com\/product\/2-hea-cas-818-61-1\/#primaryimage"},"image":{"@id":"https:\/\/longchangchemical.com\/product\/2-hea-cas-818-61-1\/#primaryimage"},"thumbnailUrl":"https:\/\/longchangchemical.com\/wp-content\/uploads\/2021\/01\/2-Hydroxyethyl-acrylate-Appearance.jpg","datePublished":"2021-05-26T08:42:37+00:00","dateModified":"2025-12-22T08:10:08+00:00","description":"A Longchang Chemical vezet\u0151 gy\u00e1rt\u00f3ja \u00e9s sz\u00e1ll\u00edt\u00f3ja a 2-hidroxietil akril\u00e1tnak K\u00edn\u00e1ban. V\u00e1s\u00e1roljon 2-hidroxietil-akril\u00e1tot K\u00edn\u00e1ban. A legjobb 2-hidroxietil-akril\u00e1t \u00e1rat tudjuk biztos\u00edtani. M\u00e1s n\u00e9v: 2-Hidroxietil-akril\u00e1t; 2-HEA; Hidroxietil-akril\u00e1t; 2-Akriloxi-etanol; Etil\u00e9nglikol-akril\u00e1t; Akrilsav 2-hidroxietil-\u00e9szter; Etil\u00e9nglikol-monoakril\u00e1t.","breadcrumb":{"@id":"https:\/\/longchangchemical.com\/product\/2-hea-cas-818-61-1\/#breadcrumb"},"inLanguage":"hu","potentialAction":[{"@type":"ReadAction","target":["https:\/\/longchangchemical.com\/product\/2-hea-cas-818-61-1\/"]}]},{"@type":"ImageObject","inLanguage":"hu","@id":"https:\/\/longchangchemical.com\/product\/2-hea-cas-818-61-1\/#primaryimage","url":"https:\/\/longchangchemical.com\/wp-content\/uploads\/2021\/01\/2-Hydroxyethyl-acrylate-Appearance.jpg","contentUrl":"https:\/\/longchangchemical.com\/wp-content\/uploads\/2021\/01\/2-Hydroxyethyl-acrylate-Appearance.jpg","width":600,"height":800,"caption":"Appearance"},{"@type":"BreadcrumbList","@id":"https:\/\/longchangchemical.com\/product\/2-hea-cas-818-61-1\/#breadcrumb","itemListElement":[{"@type":"ListItem","position":1,"name":"Home","item":"https:\/\/longchangchemical.com\/"},{"@type":"ListItem","position":2,"name":"Products Longchang","item":"https:\/\/longchangchemical.com\/product\/"},{"@type":"ListItem","position":3,"name":"2-Hydroxyethyl acrylate CAS 818-61-1"}]},{"@type":"WebSite","@id":"https:\/\/longchangchemical.com\/#website","url":"https:\/\/longchangchemical.com\/","name":"Longchang Chemical","description":"K\u00edna k\u00e9miai gy\u00e1rt\u00f3 \uff06 sz\u00e1ll\u00edt\u00f3","publisher":{"@id":"https:\/\/longchangchemical.com\/#organization"},"potentialAction":[{"@type":"SearchAction","target":{"@type":"EntryPoint","urlTemplate":"https:\/\/longchangchemical.com\/?s={search_term_string}"},"query-input":{"@type":"PropertyValueSpecification","valueRequired":true,"valueName":"search_term_string"}}],"inLanguage":"hu"},{"@type":"Organization","@id":"https:\/\/longchangchemical.com\/#organization","name":"Longchang Chemical","url":"https:\/\/longchangchemical.com\/","logo":{"@type":"ImageObject","inLanguage":"hu","@id":"https:\/\/longchangchemical.com\/#\/schema\/logo\/image\/","url":"https:\/\/longchangchemical.com\/wp-content\/uploads\/2020\/08\/cropped-longchang-logo.png","contentUrl":"https:\/\/longchangchemical.com\/wp-content\/uploads\/2020\/08\/cropped-longchang-logo.png","width":512,"height":512,"caption":"Longchang Chemical"},"image":{"@id":"https:\/\/longchangchemical.com\/#\/schema\/logo\/image\/"}}]}},"_links":{"self":[{"href":"https:\/\/longchangchemical.com\/hu\/wp-json\/wp\/v2\/product\/4149","targetHints":{"allow":["GET"]}}],"collection":[{"href":"https:\/\/longchangchemical.com\/hu\/wp-json\/wp\/v2\/product"}],"about":[{"href":"https:\/\/longchangchemical.com\/hu\/wp-json\/wp\/v2\/types\/product"}],"replies":[{"embeddable":true,"href":"https:\/\/longchangchemical.com\/hu\/wp-json\/wp\/v2\/comments?post=4149"}],"wp:featuredmedia":[{"embeddable":true,"href":"https:\/\/longchangchemical.com\/hu\/wp-json\/wp\/v2\/media\/4633"}],"wp:attachment":[{"href":"https:\/\/longchangchemical.com\/hu\/wp-json\/wp\/v2\/media?parent=4149"}],"wp:term":[{"taxonomy":"product_brand","embeddable":true,"href":"https:\/\/longchangchemical.com\/hu\/wp-json\/wp\/v2\/product_brand?post=4149"},{"taxonomy":"product_cat","embeddable":true,"href":"https:\/\/longchangchemical.com\/hu\/wp-json\/wp\/v2\/product_cat?post=4149"},{"taxonomy":"product_tag","embeddable":true,"href":"https:\/\/longchangchemical.com\/hu\/wp-json\/wp\/v2\/product_tag?post=4149"}],"curies":[{"name":"wp","href":"https:\/\/api.w.org\/{rel}","templated":true}]}}