{"id":4148,"date":"2021-02-08T08:41:46","date_gmt":"2021-02-08T08:41:46","guid":{"rendered":"https:\/\/longchangchemical.com\/?post_type=product&#038;p=4148"},"modified":"2021-12-17T10:52:16","modified_gmt":"2021-12-17T10:52:16","slug":"zinc-naphthenate-cas-12001-85-3","status":"publish","type":"product","link":"https:\/\/longchangchemical.com\/hu\/product\/zinc-naphthenate-cas-12001-85-3\/","title":{"rendered":"Cink-naft\u00e9n\u00e1t CAS 12001-85-3"},"content":{"rendered":"<h1><strong>Cink-naft\u00e9n\u00e1t CAS 12001-85-3<\/strong><\/h1>\n<table class=\"table-1\" cellspacing=\"0\">\n<tbody>\n<tr>\n<td>\n<h4>T\u00e9telek<\/h4>\n<\/td>\n<td>\n<h4>M\u0171szaki adatok<\/h4>\n<\/td>\n<\/tr>\n<tr>\n<td>\n<h4>Megjelen\u00e9s<\/h4>\n<\/td>\n<td>\n<h4>Barna folyad\u00e9k, jellegzetes szaggal<\/h4>\n<\/td>\n<\/tr>\n<tr>\n<td>\n<h4>F\u00e9mtartalom%<\/h4>\n<\/td>\n<td>\n<h4>8.0-8.2<\/h4>\n<\/td>\n<\/tr>\n<tr>\n<td>\n<h4>S\u0171r\u0171s\u00e9g<\/h4>\n<\/td>\n<td>\n<h4>0,962 g\/mlat 25 \u2103 (lit.)<\/h4>\n<\/td>\n<\/tr>\n<tr>\n<td>\n<h4>Oldhat\u00f3s\u00e1g<\/h4>\n<\/td>\n<td>\n<h4>Olajban old\u00f3dik, v\u00edzben nem old\u00f3dik<\/h4>\n<\/td>\n<\/tr>\n<\/tbody>\n<\/table>\n<p>&nbsp;<\/p>\n<h2><strong>Cink-naft\u00e9n\u00e1t Haszn\u00e1lat<\/strong><\/h2>\n<h4>1. A cink-naft\u00e9n\u00e1tot els\u0151sorban rozsdag\u00e1tl\u00f3k\u00e9nt \u00e9s korr\u00f3zi\u00f3g\u00e1tl\u00f3k\u00e9nt haszn\u00e1lj\u00e1k f\u00e9mterm\u00e9kekhez. K\u00fcl\u00f6nb\u00f6z\u0151 rozsdag\u00e1tl\u00f3 olajok \u00e9s rozsdag\u00e1tl\u00f3 zs\u00edrok el\u0151\u00e1ll\u00edt\u00e1s\u00e1ra haszn\u00e1lj\u00e1k. B\u00e1rium-petr\u00f3leum-szulfon\u00e1ttal kombin\u00e1lva haszn\u00e1lj\u00e1k \u00f6nt\u00f6ttvas rozsdag\u00e1tl\u00f3 olaj el\u0151\u00e1ll\u00edt\u00e1s\u00e1ra.<\/h4>\n<h4>2. A cink-naft\u00e9n\u00e1t fest\u00e9kk\u00e9nt \u00e9s nyomdafest\u00e9kk\u00e9nt haszn\u00e1lhat\u00f3.<\/h4>\n<h4>3. A cink-naft\u00e9n\u00e1t gyantasz\u00e1r\u00edt\u00f3k\u00e9nt, nedves\u00edt\u0151szerk\u00e9nt, rovar\u00f6l\u0151szerk\u00e9nt, gomba\u00f6l\u0151szerk\u00e9nt, faanyagv\u00e9d\u0151szerk\u00e9nt stb. haszn\u00e1lhat\u00f3.<\/h4>\n<h2><\/h2>\n<h2><strong>Cink-naft\u00e9n\u00e1t Csomagol\u00e1s \u00e9s sz\u00e1ll\u00edt\u00e1s<\/strong><\/h2>\n<h4>200 literes f\u00e9m v\u00f6d\u00f6r, nett\u00f3 t\u00f6meg 180 kg.<\/h4>\n<p>&nbsp;<\/p>\n<h2><strong>Cink-naft\u00e9n\u00e1t T\u00e1rol\u00e1s<\/strong><\/h2>\n<h4>Tartsa meg a t\u00f6m\u00edt\u00e9st, \u00e9s tartsa alacsony h\u0151m\u00e9rs\u00e9kleten \u00e9s sz\u00e1raz \u00e1llapotban.<\/h4>\n<h4>Vesz\u00e9lyes jellemz\u0151k: A term\u00e9k ny\u00edlt l\u00e1ng \u00e9s nagy h\u0151 hat\u00e1s\u00e1ra gy\u00fal\u00e9kony. Nagy h\u0151 hat\u00e1s\u00e1ra bomlik \u00e9s m\u00e9rgez\u0151 g\u0151z\u00f6ket bocs\u00e1t ki.<br \/>\nL\u00e9gz\u00e9sv\u00e9delem: maszkot kell viselni.<br \/>\nSzemv\u00e9delem: viseljen v\u00e9d\u0151szem\u00fcveget.<br \/>\nTestv\u00e9delem: viseljen antisztatikus overallt.<br \/>\nK\u00e9zv\u00e9delem: Viseljen v\u00e9d\u0151keszty\u0171t.<\/h4>\n<h2><strong>Ugyanazon sorozat term\u00e9kei<\/strong><\/h2>\n<table style=\"border-collapse: collapse; width: 256.52pt;\" border=\"0\" width=\"342\" cellspacing=\"0\" cellpadding=\"0\">\n<tbody>\n<tr style=\"height: 54.00pt;\">\n<td class=\"et2\" style=\"height: 54.00pt; width: 146.25pt;\" width=\"195\" height=\"72\"><a href=\"https:\/\/longchangchemical.com\/hu\/product\/naphthenic-acid-cas-1338-24-5\/\"><span style=\"color: #3366ff;\"><strong>Naft\u00e9nsav<\/strong><\/span><\/a><\/td>\n<td class=\"et2\" style=\"width: 110.25pt;\" width=\"147\"><a href=\"https:\/\/longchangchemical.com\/hu\/product\/naphthenic-acid-cas-1338-24-5\/\"><span style=\"color: #3366ff;\"><strong>1338-24-5<\/strong><\/span><\/a><\/td>\n<\/tr>\n<tr style=\"height: 54.00pt;\">\n<td class=\"et2\" style=\"height: 54.00pt; width: 146.25pt;\" width=\"195\" height=\"72\"><a href=\"https:\/\/longchangchemical.com\/hu\/product\/copper-naphthenate-cas-1338-02-9\/\"><span style=\"color: #3366ff;\"><strong>R\u00e9z-naft\u00e9n\u00e1t<\/strong><\/span><\/a><\/td>\n<td class=\"et2\" style=\"width: 110.25pt;\" width=\"147\"><a href=\"https:\/\/longchangchemical.com\/hu\/product\/copper-naphthenate-cas-1338-02-9\/\"><span style=\"color: #3366ff;\"><strong>1338-02-9<\/strong><\/span><\/a><\/td>\n<\/tr>\n<tr style=\"height: 54.00pt;\">\n<td class=\"et3\" style=\"height: 54.00pt; width: 146.25pt;\" width=\"195\" height=\"72\"><span style=\"color: #3366ff;\"><strong>Cink-naft\u00e9n\u00e1t<\/strong><\/span><\/td>\n<td class=\"et3\" style=\"width: 110.25pt;\" width=\"147\"><span style=\"color: #3366ff;\"><strong>12001-85-3<\/strong><\/span><\/td>\n<\/tr>\n<\/tbody>\n<\/table>\n<h2><\/h2>\n<h2><strong><b>L\u00e9pjen kapcsolatba vel\u00fcnk most!<\/b><\/strong><\/h2>\n<h4><strong><b>Egyedi szolg\u00e1ltat\u00e1sokat ny\u00fajtunk, \u00e1ltal\u00e1ban 24 \u00f3r\u00e1n bel\u00fcl felvessz\u00fck \u00d6nnel a kapcsolatot. A munkaid\u0151ben ( 8:30-18:00 UTC+8 H.~Szombat ) az info@longchangchemical.com e-mail c\u00edmen is k\u00fcldhet e-mailt, vagy haszn\u00e1lhatja a weboldal \u00e9l\u0151 chatj\u00e9t, hogy gyors v\u00e1laszt kapjon.<\/b><\/strong><\/h4>","protected":false},"excerpt":{"rendered":"<h4>K\u00e9miai n\u00e9v: Cink-naft\u00e9n\u00e1t<\/h4>\n<h4>CAS-sz\u00e1m: 12001-85-3<\/h4>\n<h4>Molekul\u00e1ris fomula: Zn<\/h4>\n<h4>Molekulat\u00f6meg: 319,71<\/h4>\n<h4>Megjelen\u00e9s: Barna folyad\u00e9k, jellegzetes szaggal<\/h4>\n<h4>Pr\u00f3ba: 8%<\/h4>","protected":false},"featured_media":4360,"comment_status":"open","ping_status":"closed","template":"","meta":[],"product_brand":[],"product_cat":[69],"product_tag":[],"class_list":{"0":"post-4148","1":"product","2":"type-product","3":"status-publish","4":"has-post-thumbnail","6":"product_cat-catalysts-chemical-auxiliary-agents","8":"first","9":"instock","10":"shipping-taxable","11":"product-type-simple"},"yoast_head":"<!-- This site is optimized with the Yoast SEO plugin v25.3.1 - https:\/\/yoast.com\/wordpress\/plugins\/seo\/ -->\n<title>China Zinc naphthenate Manufacturer \uff06 Supplier - Longchang chemical Co., Ltd.<\/title>\n<meta name=\"description\" content=\"Longchang Chemical is a leading manufacturer and supplier of Zinc naphthenate in China. Buy Zinc naphthenate in china. We can provide the best Zinc naphthenate price.\" \/>\n<meta name=\"robots\" content=\"index, follow, max-snippet:-1, max-image-preview:large, max-video-preview:-1\" \/>\n<link rel=\"canonical\" href=\"https:\/\/longchangchemical.com\/hu\/product\/zinc-naphthenate-cas-12001-85-3\/\" \/>\n<meta property=\"og:locale\" content=\"hu_HU\" \/>\n<meta property=\"og:type\" content=\"article\" \/>\n<meta property=\"og:title\" content=\"China Zinc naphthenate Manufacturer \uff06 Supplier - Longchang chemical Co., Ltd.\" \/>\n<meta property=\"og:description\" content=\"Longchang Chemical is a leading manufacturer and supplier of Zinc naphthenate in China. Buy Zinc naphthenate in china. We can provide the best Zinc naphthenate price.\" \/>\n<meta property=\"og:url\" content=\"https:\/\/longchangchemical.com\/hu\/product\/zinc-naphthenate-cas-12001-85-3\/\" \/>\n<meta property=\"og:site_name\" content=\"Longchang Chemical\" \/>\n<meta property=\"article:modified_time\" content=\"2021-12-17T10:52:16+00:00\" \/>\n<meta property=\"og:image\" content=\"https:\/\/longchangchemical.com\/wp-content\/uploads\/2021\/01\/Zinc-naphthenate-Appearance.jpg\" \/>\n\t<meta property=\"og:image:width\" content=\"600\" \/>\n\t<meta property=\"og:image:height\" content=\"800\" \/>\n\t<meta property=\"og:image:type\" content=\"image\/jpeg\" \/>\n<meta name=\"twitter:card\" content=\"summary_large_image\" \/>\n<script type=\"application\/ld+json\" class=\"yoast-schema-graph\">{\"@context\":\"https:\/\/schema.org\",\"@graph\":[{\"@type\":\"WebPage\",\"@id\":\"https:\/\/longchangchemical.com\/product\/zinc-naphthenate-cas-12001-85-3\/\",\"url\":\"https:\/\/longchangchemical.com\/product\/zinc-naphthenate-cas-12001-85-3\/\",\"name\":\"China Zinc naphthenate Manufacturer \uff06 Supplier - Longchang chemical Co., Ltd.\",\"isPartOf\":{\"@id\":\"https:\/\/longchangchemical.com\/#website\"},\"primaryImageOfPage\":{\"@id\":\"https:\/\/longchangchemical.com\/product\/zinc-naphthenate-cas-12001-85-3\/#primaryimage\"},\"image\":{\"@id\":\"https:\/\/longchangchemical.com\/product\/zinc-naphthenate-cas-12001-85-3\/#primaryimage\"},\"thumbnailUrl\":\"https:\/\/longchangchemical.com\/wp-content\/uploads\/2021\/01\/Zinc-naphthenate-Appearance.jpg\",\"datePublished\":\"2021-02-08T08:41:46+00:00\",\"dateModified\":\"2021-12-17T10:52:16+00:00\",\"description\":\"Longchang Chemical is a leading manufacturer and supplier of Zinc naphthenate in China. Buy Zinc naphthenate in china. We can provide the best Zinc naphthenate price.\",\"breadcrumb\":{\"@id\":\"https:\/\/longchangchemical.com\/product\/zinc-naphthenate-cas-12001-85-3\/#breadcrumb\"},\"inLanguage\":\"hu\",\"potentialAction\":[{\"@type\":\"ReadAction\",\"target\":[\"https:\/\/longchangchemical.com\/product\/zinc-naphthenate-cas-12001-85-3\/\"]}]},{\"@type\":\"ImageObject\",\"inLanguage\":\"hu\",\"@id\":\"https:\/\/longchangchemical.com\/product\/zinc-naphthenate-cas-12001-85-3\/#primaryimage\",\"url\":\"https:\/\/longchangchemical.com\/wp-content\/uploads\/2021\/01\/Zinc-naphthenate-Appearance.jpg\",\"contentUrl\":\"https:\/\/longchangchemical.com\/wp-content\/uploads\/2021\/01\/Zinc-naphthenate-Appearance.jpg\",\"width\":600,\"height\":800,\"caption\":\"Zinc naphthenate Appearance\"},{\"@type\":\"BreadcrumbList\",\"@id\":\"https:\/\/longchangchemical.com\/product\/zinc-naphthenate-cas-12001-85-3\/#breadcrumb\",\"itemListElement\":[{\"@type\":\"ListItem\",\"position\":1,\"name\":\"Home\",\"item\":\"https:\/\/longchangchemical.com\/\"},{\"@type\":\"ListItem\",\"position\":2,\"name\":\"Products Longchang\",\"item\":\"https:\/\/longchangchemical.com\/product\/\"},{\"@type\":\"ListItem\",\"position\":3,\"name\":\"Zinc naphthenate CAS 12001-85-3\"}]},{\"@type\":\"WebSite\",\"@id\":\"https:\/\/longchangchemical.com\/#website\",\"url\":\"https:\/\/longchangchemical.com\/\",\"name\":\"Longchang Chemical\",\"description\":\"China chemical manufacturer \uff06 supplier\",\"publisher\":{\"@id\":\"https:\/\/longchangchemical.com\/#organization\"},\"potentialAction\":[{\"@type\":\"SearchAction\",\"target\":{\"@type\":\"EntryPoint\",\"urlTemplate\":\"https:\/\/longchangchemical.com\/?s={search_term_string}\"},\"query-input\":{\"@type\":\"PropertyValueSpecification\",\"valueRequired\":true,\"valueName\":\"search_term_string\"}}],\"inLanguage\":\"hu\"},{\"@type\":\"Organization\",\"@id\":\"https:\/\/longchangchemical.com\/#organization\",\"name\":\"Longchang Chemical\",\"url\":\"https:\/\/longchangchemical.com\/\",\"logo\":{\"@type\":\"ImageObject\",\"inLanguage\":\"hu\",\"@id\":\"https:\/\/longchangchemical.com\/#\/schema\/logo\/image\/\",\"url\":\"https:\/\/longchangchemical.com\/wp-content\/uploads\/2020\/08\/cropped-longchang-logo.png\",\"contentUrl\":\"https:\/\/longchangchemical.com\/wp-content\/uploads\/2020\/08\/cropped-longchang-logo.png\",\"width\":512,\"height\":512,\"caption\":\"Longchang Chemical\"},\"image\":{\"@id\":\"https:\/\/longchangchemical.com\/#\/schema\/logo\/image\/\"}}]}<\/script>\n<!-- \/ Yoast SEO plugin. -->","yoast_head_json":{"title":"K\u00edna cink-naft\u00e9n\u00e1t gy\u00e1rt\u00f3 \uff06 sz\u00e1ll\u00edt\u00f3 - Longchang Chemical Co., Ltd.","description":"A Longchang Chemical vezet\u0151 gy\u00e1rt\u00f3ja \u00e9s sz\u00e1ll\u00edt\u00f3ja a cink-naft\u00e9n\u00e1tnak K\u00edn\u00e1ban. V\u00e1s\u00e1roljon cink-naft\u00e9n\u00e1tot K\u00edn\u00e1ban. A legjobb cink-naft\u00e9n\u00e1t \u00e1rat tudjuk biztos\u00edtani.","robots":{"index":"index","follow":"follow","max-snippet":"max-snippet:-1","max-image-preview":"max-image-preview:large","max-video-preview":"max-video-preview:-1"},"canonical":"https:\/\/longchangchemical.com\/hu\/product\/zinc-naphthenate-cas-12001-85-3\/","og_locale":"hu_HU","og_type":"article","og_title":"China Zinc naphthenate Manufacturer \uff06 Supplier - Longchang chemical Co., Ltd.","og_description":"Longchang Chemical is a leading manufacturer and supplier of Zinc naphthenate in China. Buy Zinc naphthenate in china. We can provide the best Zinc naphthenate price.","og_url":"https:\/\/longchangchemical.com\/hu\/product\/zinc-naphthenate-cas-12001-85-3\/","og_site_name":"Longchang Chemical","article_modified_time":"2021-12-17T10:52:16+00:00","og_image":[{"width":600,"height":800,"url":"https:\/\/longchangchemical.com\/wp-content\/uploads\/2021\/01\/Zinc-naphthenate-Appearance.jpg","type":"image\/jpeg"}],"twitter_card":"summary_large_image","schema":{"@context":"https:\/\/schema.org","@graph":[{"@type":"WebPage","@id":"https:\/\/longchangchemical.com\/product\/zinc-naphthenate-cas-12001-85-3\/","url":"https:\/\/longchangchemical.com\/product\/zinc-naphthenate-cas-12001-85-3\/","name":"K\u00edna cink-naft\u00e9n\u00e1t gy\u00e1rt\u00f3 \uff06 sz\u00e1ll\u00edt\u00f3 - Longchang Chemical Co., Ltd.","isPartOf":{"@id":"https:\/\/longchangchemical.com\/#website"},"primaryImageOfPage":{"@id":"https:\/\/longchangchemical.com\/product\/zinc-naphthenate-cas-12001-85-3\/#primaryimage"},"image":{"@id":"https:\/\/longchangchemical.com\/product\/zinc-naphthenate-cas-12001-85-3\/#primaryimage"},"thumbnailUrl":"https:\/\/longchangchemical.com\/wp-content\/uploads\/2021\/01\/Zinc-naphthenate-Appearance.jpg","datePublished":"2021-02-08T08:41:46+00:00","dateModified":"2021-12-17T10:52:16+00:00","description":"A Longchang Chemical vezet\u0151 gy\u00e1rt\u00f3ja \u00e9s sz\u00e1ll\u00edt\u00f3ja a cink-naft\u00e9n\u00e1tnak K\u00edn\u00e1ban. V\u00e1s\u00e1roljon cink-naft\u00e9n\u00e1tot K\u00edn\u00e1ban. A legjobb cink-naft\u00e9n\u00e1t \u00e1rat tudjuk biztos\u00edtani.","breadcrumb":{"@id":"https:\/\/longchangchemical.com\/product\/zinc-naphthenate-cas-12001-85-3\/#breadcrumb"},"inLanguage":"hu","potentialAction":[{"@type":"ReadAction","target":["https:\/\/longchangchemical.com\/product\/zinc-naphthenate-cas-12001-85-3\/"]}]},{"@type":"ImageObject","inLanguage":"hu","@id":"https:\/\/longchangchemical.com\/product\/zinc-naphthenate-cas-12001-85-3\/#primaryimage","url":"https:\/\/longchangchemical.com\/wp-content\/uploads\/2021\/01\/Zinc-naphthenate-Appearance.jpg","contentUrl":"https:\/\/longchangchemical.com\/wp-content\/uploads\/2021\/01\/Zinc-naphthenate-Appearance.jpg","width":600,"height":800,"caption":"Zinc naphthenate Appearance"},{"@type":"BreadcrumbList","@id":"https:\/\/longchangchemical.com\/product\/zinc-naphthenate-cas-12001-85-3\/#breadcrumb","itemListElement":[{"@type":"ListItem","position":1,"name":"Home","item":"https:\/\/longchangchemical.com\/"},{"@type":"ListItem","position":2,"name":"Products Longchang","item":"https:\/\/longchangchemical.com\/product\/"},{"@type":"ListItem","position":3,"name":"Zinc naphthenate CAS 12001-85-3"}]},{"@type":"WebSite","@id":"https:\/\/longchangchemical.com\/#website","url":"https:\/\/longchangchemical.com\/","name":"Longchang Chemical","description":"K\u00edna k\u00e9miai gy\u00e1rt\u00f3 \uff06 sz\u00e1ll\u00edt\u00f3","publisher":{"@id":"https:\/\/longchangchemical.com\/#organization"},"potentialAction":[{"@type":"SearchAction","target":{"@type":"EntryPoint","urlTemplate":"https:\/\/longchangchemical.com\/?s={search_term_string}"},"query-input":{"@type":"PropertyValueSpecification","valueRequired":true,"valueName":"search_term_string"}}],"inLanguage":"hu"},{"@type":"Organization","@id":"https:\/\/longchangchemical.com\/#organization","name":"Longchang Chemical","url":"https:\/\/longchangchemical.com\/","logo":{"@type":"ImageObject","inLanguage":"hu","@id":"https:\/\/longchangchemical.com\/#\/schema\/logo\/image\/","url":"https:\/\/longchangchemical.com\/wp-content\/uploads\/2020\/08\/cropped-longchang-logo.png","contentUrl":"https:\/\/longchangchemical.com\/wp-content\/uploads\/2020\/08\/cropped-longchang-logo.png","width":512,"height":512,"caption":"Longchang Chemical"},"image":{"@id":"https:\/\/longchangchemical.com\/#\/schema\/logo\/image\/"}}]}},"_links":{"self":[{"href":"https:\/\/longchangchemical.com\/hu\/wp-json\/wp\/v2\/product\/4148","targetHints":{"allow":["GET"]}}],"collection":[{"href":"https:\/\/longchangchemical.com\/hu\/wp-json\/wp\/v2\/product"}],"about":[{"href":"https:\/\/longchangchemical.com\/hu\/wp-json\/wp\/v2\/types\/product"}],"replies":[{"embeddable":true,"href":"https:\/\/longchangchemical.com\/hu\/wp-json\/wp\/v2\/comments?post=4148"}],"wp:featuredmedia":[{"embeddable":true,"href":"https:\/\/longchangchemical.com\/hu\/wp-json\/wp\/v2\/media\/4360"}],"wp:attachment":[{"href":"https:\/\/longchangchemical.com\/hu\/wp-json\/wp\/v2\/media?parent=4148"}],"wp:term":[{"taxonomy":"product_brand","embeddable":true,"href":"https:\/\/longchangchemical.com\/hu\/wp-json\/wp\/v2\/product_brand?post=4148"},{"taxonomy":"product_cat","embeddable":true,"href":"https:\/\/longchangchemical.com\/hu\/wp-json\/wp\/v2\/product_cat?post=4148"},{"taxonomy":"product_tag","embeddable":true,"href":"https:\/\/longchangchemical.com\/hu\/wp-json\/wp\/v2\/product_tag?post=4148"}],"curies":[{"name":"wp","href":"https:\/\/api.w.org\/{rel}","templated":true}]}}