{"id":4136,"date":"2021-03-19T13:40:09","date_gmt":"2021-03-19T13:40:09","guid":{"rendered":"https:\/\/longchangchemical.com\/?post_type=product&#038;p=4136"},"modified":"2025-12-23T02:32:57","modified_gmt":"2025-12-23T02:32:57","slug":"cobalt-carbonate-cas-513-79-1","status":"publish","type":"product","link":"https:\/\/longchangchemical.com\/hu\/product\/cobalt-carbonate-cas-513-79-1\/","title":{"rendered":"Kobalt-karbon\u00e1t CAS 513-79-1"},"content":{"rendered":"<h1><strong>Kobalt-karbon\u00e1t CAS 513-79-1<\/strong><\/h1>\n<table class=\"table-1\" width=\"-76\" cellspacing=\"0\">\n<tbody>\n<tr>\n<td>\n<h4>T\u00e9tel<\/h4>\n<\/td>\n<td>\n<h4>Standard<\/h4>\n<\/td>\n<\/tr>\n<tr>\n<td>\n<h4>Megjelen\u00e9s<\/h4>\n<\/td>\n<td>\n<h4>K\u00e9k vagy r\u00f3zsasz\u00edn por<\/h4>\n<\/td>\n<\/tr>\n<tr>\n<td>\n<h4>Kobalt<\/h4>\n<\/td>\n<td>\n<h4>\u226547%<\/h4>\n<\/td>\n<\/tr>\n<tr>\n<td>\n<h4>Nikkel<\/h4>\n<\/td>\n<td>\n<h4>\u22640,01%<\/h4>\n<\/td>\n<\/tr>\n<tr>\n<td>\n<h4>Vas<\/h4>\n<\/td>\n<td>\n<h4>\u22640,01%<\/h4>\n<\/td>\n<\/tr>\n<tr>\n<td>\n<h4>Magn\u00e9zium<\/h4>\n<\/td>\n<td>\n<h4>\u22640,01%<\/h4>\n<\/td>\n<\/tr>\n<tr>\n<td>\n<h4>Kalcium<\/h4>\n<\/td>\n<td>\n<h4>\u22640,01%<\/h4>\n<\/td>\n<\/tr>\n<\/tbody>\n<\/table>\n<p>&nbsp;<\/p>\n<h2><strong>Kobalt-karbon\u00e1t Felhaszn\u00e1l\u00e1s<\/strong><\/h2>\n<h4>1. Ez a term\u00e9k a kobalt-oxid el\u0151\u00e1ll\u00edt\u00e1s\u00e1nak nyersanyaga.<br \/>\n2. Ez a term\u00e9k a l\u00edtium akkumul\u00e1tor kat\u00f3danyagainak gy\u00e1rt\u00e1s\u00e1hoz sz\u00fcks\u00e9ges nyersanyag.<br \/>\n3. Ezt a term\u00e9ket sz\u00ednez\u0151anyagk\u00e9nt haszn\u00e1lj\u00e1k a ker\u00e1miaiparban.<br \/>\n4. Ezt a term\u00e9ket a b\u00e1nyaiparban finom\u00edt\u00f3szerk\u00e9nt haszn\u00e1lj\u00e1k.<br \/>\n5. A szerves iparban ezt a term\u00e9ket kataliz\u00e1torok, \u00e1lc\u00e1z\u00f3 bevonatok \u00e9s k\u00e9miai h\u0151m\u00e9rs\u00e9klet-jelz\u0151k el\u0151\u00e1ll\u00edt\u00e1s\u00e1ra haszn\u00e1lj\u00e1k.<br \/>\n6. A mez\u0151gazdas\u00e1gban ezt a term\u00e9ket nyomelem-tr\u00e1gyak\u00e9nt haszn\u00e1lj\u00e1k.<br \/>\n7. Ezt a term\u00e9ket analitikai reagensk\u00e9nt haszn\u00e1lj\u00e1k az analitikai k\u00e9mi\u00e1ban.<\/h4>\n<p>&nbsp;<\/p>\n<h2><strong>Kobalt-karbon\u00e1t Csomagol\u00e1s \u00e9s sz\u00e1ll\u00edt\u00e1s<\/strong><\/h2>\n<h4>Csomagol\u00e1s: 25 kg-os sz\u0151tt zs\u00e1k vagy kartondob.<\/h4>\n<h4>Sz\u00e1ll\u00edt\u00e1s: tengeri sz\u00e1ll\u00edt\u00e1s.<\/h4>\n<p>&nbsp;<\/p>\n<h2><strong>Ugyanazon sorozat term\u00e9kei<\/strong><\/h2>\n<table style=\"border-collapse: collapse; width: 312.02pt;\" border=\"0\" width=\"416\" cellspacing=\"0\" cellpadding=\"0\">\n<tbody>\n<tr style=\"height: 54.00pt;\">\n<td class=\"et3\" style=\"height: 54.00pt; width: 201.75pt;\" width=\"269\" height=\"72\">\n<h4>Kobalt-karbon\u00e1t<\/h4>\n<\/td>\n<td class=\"et3\" style=\"width: 110.25pt;\" width=\"147\">\n<h4>513-79-1<\/h4>\n<\/td>\n<\/tr>\n<tr style=\"height: 40.50pt;\">\n<td class=\"et4\" style=\"height: 40.50pt; width: 201.75pt;\" width=\"269\" height=\"54\">\n<h4><a href=\"https:\/\/longchangchemical.com\/hu\/product\/guanidine-carbonate-cas-593-85-1\/\"><span style=\"color: #3366ff;\">Guanidinkarbon\u00e1t<\/span><\/a><\/h4>\n<\/td>\n<td class=\"et5\" style=\"width: 110.25pt;\" width=\"147\">\n<h4><span style=\"color: #000000;\">593-85-1<\/span><\/h4>\n<\/td>\n<\/tr>\n<tr style=\"height: 40.50pt;\">\n<td class=\"et6\" style=\"height: 40.50pt; width: 201.75pt;\" width=\"269\" height=\"54\">\n<h4><a href=\"https:\/\/longchangchemical.com\/hu\/product\/manganese-carbonate-cas-598-62-9\/\"><span style=\"color: #3366ff;\">Mang\u00e1n-karbon\u00e1t<\/span><\/a><\/h4>\n<\/td>\n<td class=\"et6\" style=\"width: 110.25pt;\" width=\"147\">\n<h4><span style=\"color: #000000;\">598-62-9<\/span><\/h4>\n<\/td>\n<\/tr>\n<tr style=\"height: 40.50pt;\">\n<td class=\"et7\" style=\"height: 40.50pt;\" height=\"54\">\n<h4><a href=\"https:\/\/longchangchemical.com\/hu\/product\/ammonium-bicarbonate-cas-1066-33-7\/\"><span style=\"color: #3366ff;\">Amm\u00f3nium-bikarbon\u00e1t<\/span><\/a><\/h4>\n<\/td>\n<td class=\"et7\">\n<h4><span style=\"color: #000000;\">1066-33-7<\/span><\/h4>\n<\/td>\n<\/tr>\n<tr style=\"height: 40.50pt;\">\n<td class=\"et4\" style=\"height: 40.50pt; width: 201.75pt;\" width=\"269\" height=\"54\">\n<h4><a href=\"https:\/\/longchangchemical.com\/hu\/product\/caesium-carbonate-cas-534-17-8\/\"><span style=\"color: #3366ff;\">C\u00e9zium-karbon\u00e1t<\/span><\/a><\/h4>\n<\/td>\n<td class=\"et4\" style=\"width: 110.25pt;\" width=\"147\">\n<h4><span style=\"color: #000000;\">534-17-8<\/span><\/h4>\n<\/td>\n<\/tr>\n<tr style=\"height: 40.50pt;\">\n<td class=\"et8\" style=\"height: 40.50pt; width: 201.75pt;\" width=\"269\" height=\"54\">\n<h4><a href=\"https:\/\/longchangchemical.com\/hu\/product\/strontium-carbonate-cas-1633-05-2\/\"><span style=\"color: #3366ff;\">Stroncium-karbon\u00e1t<\/span><\/a><\/h4>\n<\/td>\n<td class=\"et8\" style=\"width: 110.25pt;\" width=\"147\">\n<h4><span style=\"color: #000000;\">1633-05-2<\/span><\/h4>\n<\/td>\n<\/tr>\n<tr style=\"height: 40.50pt;\">\n<td class=\"et4\" style=\"height: 40.50pt; width: 201.75pt;\" width=\"269\" height=\"54\">\n<h4><a href=\"https:\/\/longchangchemical.com\/hu\/product\/carbohydrazide-cas-497-18-7\/\"><span style=\"color: #3366ff;\">Karbohidrazid<\/span><\/a><\/h4>\n<\/td>\n<td class=\"et4\" style=\"width: 110.25pt;\" width=\"147\">\n<h4><span style=\"color: #000000;\">497-18-7<\/span><\/h4>\n<\/td>\n<\/tr>\n<\/tbody>\n<\/table>\n<h2><strong><b>L\u00e9pjen kapcsolatba vel\u00fcnk most!<\/b><\/strong><\/h2>\n<h4><strong><b>Egyedi szolg\u00e1ltat\u00e1sokat ny\u00fajtunk, \u00e1ltal\u00e1ban 24 \u00f3r\u00e1n bel\u00fcl felvessz\u00fck \u00d6nnel a kapcsolatot. A munkaid\u0151ben ( 8:30-18:00 UTC+8 H.~Szombat ) az info@longchangchemical.com e-mail c\u00edmen is k\u00fcldhet e-mailt, vagy haszn\u00e1lhatja a weboldal \u00e9l\u0151 chatj\u00e9t, hogy gyors v\u00e1laszt kapjon.<\/b><\/strong><\/h4>","protected":false},"excerpt":{"rendered":"<h4>K\u00e9miai n\u00e9v: Kobalt-karbon\u00e1t<\/h4>\n<h4>CAS-sz\u00e1m: 513-79-1<\/h4>\n<h4>Molekul\u00e1ris fomula: CCoO3<\/h4>\n<h4>K\u00e9miai szerkezet:<img decoding=\"async\" title=\"Kobalt-karbon\u00e1t Szerkezet\" src=\"https:\/\/www.longchangchemical.com\/wp-content\/uploads\/product-details\/20200612233858.png\" alt=\"Kobalt-karbon\u00e1t Szerkezet\" width=\"51\" height=\"73\" border=\"0\" vspace=\"0\" \/><\/h4>\n<h4>Molekulat\u00f6meg: 118,94<\/h4>\n<h4>Megjelen\u00e9s: K\u00e9k vagy r\u00f3zsasz\u00edn\u0171 por<\/h4>\n<h4>Vizsg\u00e1lat: \u226547%<\/h4>","protected":false},"featured_media":4441,"comment_status":"open","ping_status":"closed","template":"","meta":[],"product_brand":[],"product_cat":[69],"product_tag":[],"class_list":{"0":"post-4136","1":"product","2":"type-product","3":"status-publish","4":"has-post-thumbnail","6":"product_cat-catalysts-chemical-auxiliary-agents","8":"first","9":"instock","10":"shipping-taxable","11":"product-type-simple"},"yoast_head":"<!-- This site is optimized with the Yoast SEO plugin v25.3.1 - https:\/\/yoast.com\/wordpress\/plugins\/seo\/ -->\n<title>China Cobalt carbonate Manufacturer \uff06 513-79-1 Supplier - Longchang chemical Co., Ltd.<\/title>\n<meta name=\"description\" content=\"Longchang Chemical is a leading manufacturer and supplier of Cobalt carbonate in China. Buy Cobalt carbonate in china. We can provide the best Cobalt carbonate price.\" \/>\n<meta name=\"robots\" content=\"index, follow, max-snippet:-1, max-image-preview:large, max-video-preview:-1\" \/>\n<link rel=\"canonical\" href=\"https:\/\/longchangchemical.com\/hu\/product\/cobalt-carbonate-cas-513-79-1\/\" \/>\n<meta property=\"og:locale\" content=\"hu_HU\" \/>\n<meta property=\"og:type\" content=\"article\" \/>\n<meta property=\"og:title\" content=\"China Cobalt carbonate Manufacturer \uff06 513-79-1 Supplier - Longchang chemical Co., Ltd.\" \/>\n<meta property=\"og:description\" content=\"Longchang Chemical is a leading manufacturer and supplier of Cobalt carbonate in China. Buy Cobalt carbonate in china. We can provide the best Cobalt carbonate price.\" \/>\n<meta property=\"og:url\" content=\"https:\/\/longchangchemical.com\/hu\/product\/cobalt-carbonate-cas-513-79-1\/\" \/>\n<meta property=\"og:site_name\" content=\"Longchang Chemical\" \/>\n<meta property=\"article:modified_time\" content=\"2025-12-23T02:32:57+00:00\" \/>\n<meta property=\"og:image\" content=\"https:\/\/longchangchemical.com\/wp-content\/uploads\/2021\/01\/Appearance-14.jpg\" \/>\n\t<meta property=\"og:image:width\" content=\"600\" \/>\n\t<meta property=\"og:image:height\" content=\"800\" \/>\n\t<meta property=\"og:image:type\" content=\"image\/jpeg\" \/>\n<meta name=\"twitter:card\" content=\"summary_large_image\" \/>\n<script type=\"application\/ld+json\" class=\"yoast-schema-graph\">{\"@context\":\"https:\/\/schema.org\",\"@graph\":[{\"@type\":\"WebPage\",\"@id\":\"https:\/\/longchangchemical.com\/product\/cobalt-carbonate-cas-513-79-1\/\",\"url\":\"https:\/\/longchangchemical.com\/product\/cobalt-carbonate-cas-513-79-1\/\",\"name\":\"China Cobalt carbonate Manufacturer \uff06 513-79-1 Supplier - Longchang chemical Co., Ltd.\",\"isPartOf\":{\"@id\":\"https:\/\/longchangchemical.com\/#website\"},\"primaryImageOfPage\":{\"@id\":\"https:\/\/longchangchemical.com\/product\/cobalt-carbonate-cas-513-79-1\/#primaryimage\"},\"image\":{\"@id\":\"https:\/\/longchangchemical.com\/product\/cobalt-carbonate-cas-513-79-1\/#primaryimage\"},\"thumbnailUrl\":\"https:\/\/longchangchemical.com\/wp-content\/uploads\/2021\/01\/Appearance-14.jpg\",\"datePublished\":\"2021-03-19T13:40:09+00:00\",\"dateModified\":\"2025-12-23T02:32:57+00:00\",\"description\":\"Longchang Chemical is a leading manufacturer and supplier of Cobalt carbonate in China. Buy Cobalt carbonate in china. We can provide the best Cobalt carbonate price.\",\"breadcrumb\":{\"@id\":\"https:\/\/longchangchemical.com\/product\/cobalt-carbonate-cas-513-79-1\/#breadcrumb\"},\"inLanguage\":\"hu\",\"potentialAction\":[{\"@type\":\"ReadAction\",\"target\":[\"https:\/\/longchangchemical.com\/product\/cobalt-carbonate-cas-513-79-1\/\"]}]},{\"@type\":\"ImageObject\",\"inLanguage\":\"hu\",\"@id\":\"https:\/\/longchangchemical.com\/product\/cobalt-carbonate-cas-513-79-1\/#primaryimage\",\"url\":\"https:\/\/longchangchemical.com\/wp-content\/uploads\/2021\/01\/Appearance-14.jpg\",\"contentUrl\":\"https:\/\/longchangchemical.com\/wp-content\/uploads\/2021\/01\/Appearance-14.jpg\",\"width\":600,\"height\":800,\"caption\":\"Appearance\"},{\"@type\":\"BreadcrumbList\",\"@id\":\"https:\/\/longchangchemical.com\/product\/cobalt-carbonate-cas-513-79-1\/#breadcrumb\",\"itemListElement\":[{\"@type\":\"ListItem\",\"position\":1,\"name\":\"Home\",\"item\":\"https:\/\/longchangchemical.com\/\"},{\"@type\":\"ListItem\",\"position\":2,\"name\":\"Products Longchang\",\"item\":\"https:\/\/longchangchemical.com\/product\/\"},{\"@type\":\"ListItem\",\"position\":3,\"name\":\"Cobalt carbonate CAS 513-79-1\"}]},{\"@type\":\"WebSite\",\"@id\":\"https:\/\/longchangchemical.com\/#website\",\"url\":\"https:\/\/longchangchemical.com\/\",\"name\":\"Longchang Chemical\",\"description\":\"China chemical manufacturer \uff06 supplier\",\"publisher\":{\"@id\":\"https:\/\/longchangchemical.com\/#organization\"},\"potentialAction\":[{\"@type\":\"SearchAction\",\"target\":{\"@type\":\"EntryPoint\",\"urlTemplate\":\"https:\/\/longchangchemical.com\/?s={search_term_string}\"},\"query-input\":{\"@type\":\"PropertyValueSpecification\",\"valueRequired\":true,\"valueName\":\"search_term_string\"}}],\"inLanguage\":\"hu\"},{\"@type\":\"Organization\",\"@id\":\"https:\/\/longchangchemical.com\/#organization\",\"name\":\"Longchang Chemical\",\"url\":\"https:\/\/longchangchemical.com\/\",\"logo\":{\"@type\":\"ImageObject\",\"inLanguage\":\"hu\",\"@id\":\"https:\/\/longchangchemical.com\/#\/schema\/logo\/image\/\",\"url\":\"https:\/\/longchangchemical.com\/wp-content\/uploads\/2020\/08\/cropped-longchang-logo.png\",\"contentUrl\":\"https:\/\/longchangchemical.com\/wp-content\/uploads\/2020\/08\/cropped-longchang-logo.png\",\"width\":512,\"height\":512,\"caption\":\"Longchang Chemical\"},\"image\":{\"@id\":\"https:\/\/longchangchemical.com\/#\/schema\/logo\/image\/\"}}]}<\/script>\n<!-- \/ Yoast SEO plugin. -->","yoast_head_json":{"title":"K\u00edna kobalt-karbon\u00e1t gy\u00e1rt\u00f3 \uff06 513-79-1 sz\u00e1ll\u00edt\u00f3 - Longchang Chemical Co., Ltd.","description":"A Longchang Chemical vezet\u0151 gy\u00e1rt\u00f3ja \u00e9s sz\u00e1ll\u00edt\u00f3ja a kobalt-karbon\u00e1tnak K\u00edn\u00e1ban. V\u00e1s\u00e1roljon kobalt-karbon\u00e1tot K\u00edn\u00e1ban. A legjobb kobalt-karbon\u00e1t \u00e1rat tudjuk biztos\u00edtani.","robots":{"index":"index","follow":"follow","max-snippet":"max-snippet:-1","max-image-preview":"max-image-preview:large","max-video-preview":"max-video-preview:-1"},"canonical":"https:\/\/longchangchemical.com\/hu\/product\/cobalt-carbonate-cas-513-79-1\/","og_locale":"hu_HU","og_type":"article","og_title":"China Cobalt carbonate Manufacturer \uff06 513-79-1 Supplier - Longchang chemical Co., Ltd.","og_description":"Longchang Chemical is a leading manufacturer and supplier of Cobalt carbonate in China. Buy Cobalt carbonate in china. We can provide the best Cobalt carbonate price.","og_url":"https:\/\/longchangchemical.com\/hu\/product\/cobalt-carbonate-cas-513-79-1\/","og_site_name":"Longchang Chemical","article_modified_time":"2025-12-23T02:32:57+00:00","og_image":[{"width":600,"height":800,"url":"https:\/\/longchangchemical.com\/wp-content\/uploads\/2021\/01\/Appearance-14.jpg","type":"image\/jpeg"}],"twitter_card":"summary_large_image","schema":{"@context":"https:\/\/schema.org","@graph":[{"@type":"WebPage","@id":"https:\/\/longchangchemical.com\/product\/cobalt-carbonate-cas-513-79-1\/","url":"https:\/\/longchangchemical.com\/product\/cobalt-carbonate-cas-513-79-1\/","name":"K\u00edna kobalt-karbon\u00e1t gy\u00e1rt\u00f3 \uff06 513-79-1 sz\u00e1ll\u00edt\u00f3 - Longchang Chemical Co., Ltd.","isPartOf":{"@id":"https:\/\/longchangchemical.com\/#website"},"primaryImageOfPage":{"@id":"https:\/\/longchangchemical.com\/product\/cobalt-carbonate-cas-513-79-1\/#primaryimage"},"image":{"@id":"https:\/\/longchangchemical.com\/product\/cobalt-carbonate-cas-513-79-1\/#primaryimage"},"thumbnailUrl":"https:\/\/longchangchemical.com\/wp-content\/uploads\/2021\/01\/Appearance-14.jpg","datePublished":"2021-03-19T13:40:09+00:00","dateModified":"2025-12-23T02:32:57+00:00","description":"A Longchang Chemical vezet\u0151 gy\u00e1rt\u00f3ja \u00e9s sz\u00e1ll\u00edt\u00f3ja a kobalt-karbon\u00e1tnak K\u00edn\u00e1ban. V\u00e1s\u00e1roljon kobalt-karbon\u00e1tot K\u00edn\u00e1ban. A legjobb kobalt-karbon\u00e1t \u00e1rat tudjuk biztos\u00edtani.","breadcrumb":{"@id":"https:\/\/longchangchemical.com\/product\/cobalt-carbonate-cas-513-79-1\/#breadcrumb"},"inLanguage":"hu","potentialAction":[{"@type":"ReadAction","target":["https:\/\/longchangchemical.com\/product\/cobalt-carbonate-cas-513-79-1\/"]}]},{"@type":"ImageObject","inLanguage":"hu","@id":"https:\/\/longchangchemical.com\/product\/cobalt-carbonate-cas-513-79-1\/#primaryimage","url":"https:\/\/longchangchemical.com\/wp-content\/uploads\/2021\/01\/Appearance-14.jpg","contentUrl":"https:\/\/longchangchemical.com\/wp-content\/uploads\/2021\/01\/Appearance-14.jpg","width":600,"height":800,"caption":"Appearance"},{"@type":"BreadcrumbList","@id":"https:\/\/longchangchemical.com\/product\/cobalt-carbonate-cas-513-79-1\/#breadcrumb","itemListElement":[{"@type":"ListItem","position":1,"name":"Home","item":"https:\/\/longchangchemical.com\/"},{"@type":"ListItem","position":2,"name":"Products Longchang","item":"https:\/\/longchangchemical.com\/product\/"},{"@type":"ListItem","position":3,"name":"Cobalt carbonate CAS 513-79-1"}]},{"@type":"WebSite","@id":"https:\/\/longchangchemical.com\/#website","url":"https:\/\/longchangchemical.com\/","name":"Longchang Chemical","description":"K\u00edna k\u00e9miai gy\u00e1rt\u00f3 \uff06 sz\u00e1ll\u00edt\u00f3","publisher":{"@id":"https:\/\/longchangchemical.com\/#organization"},"potentialAction":[{"@type":"SearchAction","target":{"@type":"EntryPoint","urlTemplate":"https:\/\/longchangchemical.com\/?s={search_term_string}"},"query-input":{"@type":"PropertyValueSpecification","valueRequired":true,"valueName":"search_term_string"}}],"inLanguage":"hu"},{"@type":"Organization","@id":"https:\/\/longchangchemical.com\/#organization","name":"Longchang Chemical","url":"https:\/\/longchangchemical.com\/","logo":{"@type":"ImageObject","inLanguage":"hu","@id":"https:\/\/longchangchemical.com\/#\/schema\/logo\/image\/","url":"https:\/\/longchangchemical.com\/wp-content\/uploads\/2020\/08\/cropped-longchang-logo.png","contentUrl":"https:\/\/longchangchemical.com\/wp-content\/uploads\/2020\/08\/cropped-longchang-logo.png","width":512,"height":512,"caption":"Longchang Chemical"},"image":{"@id":"https:\/\/longchangchemical.com\/#\/schema\/logo\/image\/"}}]}},"_links":{"self":[{"href":"https:\/\/longchangchemical.com\/hu\/wp-json\/wp\/v2\/product\/4136","targetHints":{"allow":["GET"]}}],"collection":[{"href":"https:\/\/longchangchemical.com\/hu\/wp-json\/wp\/v2\/product"}],"about":[{"href":"https:\/\/longchangchemical.com\/hu\/wp-json\/wp\/v2\/types\/product"}],"replies":[{"embeddable":true,"href":"https:\/\/longchangchemical.com\/hu\/wp-json\/wp\/v2\/comments?post=4136"}],"wp:featuredmedia":[{"embeddable":true,"href":"https:\/\/longchangchemical.com\/hu\/wp-json\/wp\/v2\/media\/4441"}],"wp:attachment":[{"href":"https:\/\/longchangchemical.com\/hu\/wp-json\/wp\/v2\/media?parent=4136"}],"wp:term":[{"taxonomy":"product_brand","embeddable":true,"href":"https:\/\/longchangchemical.com\/hu\/wp-json\/wp\/v2\/product_brand?post=4136"},{"taxonomy":"product_cat","embeddable":true,"href":"https:\/\/longchangchemical.com\/hu\/wp-json\/wp\/v2\/product_cat?post=4136"},{"taxonomy":"product_tag","embeddable":true,"href":"https:\/\/longchangchemical.com\/hu\/wp-json\/wp\/v2\/product_tag?post=4136"}],"curies":[{"name":"wp","href":"https:\/\/api.w.org\/{rel}","templated":true}]}}