{"id":4133,"date":"2021-03-18T14:13:41","date_gmt":"2021-03-18T14:13:41","guid":{"rendered":"https:\/\/longchangchemical.com\/?post_type=product&#038;p=4133"},"modified":"2026-05-08T02:59:33","modified_gmt":"2026-05-08T02:59:33","slug":"tetrabutylammonium-hydroxide","status":"publish","type":"product","link":"https:\/\/longchangchemical.com\/hu\/product\/tetrabutylammonium-hydroxide\/","title":{"rendered":"Tetrabutil-amm\u00f3nium-hidroxid CAS 2052-49-5"},"content":{"rendered":"<h2><strong>Tetrabutil-amm\u00f3nium-hidroxid CAS 2052-49-5<\/strong><\/h2>\n<table class=\"table-1\" cellspacing=\"0\">\n<tbody>\n<tr>\n<td>\n<h4><strong>T\u00e9telek<\/strong><\/h4>\n<\/td>\n<td>\n<h4><strong>M\u0171szaki adatok<\/strong><\/h4>\n<\/td>\n<\/tr>\n<tr>\n<td>\n<h4>Megjelen\u00e9s<\/h4>\n<\/td>\n<td>\n<h4>Sz\u00edntelen \u00e1tl\u00e1tsz\u00f3 folyad\u00e9k<\/h4>\n<\/td>\n<\/tr>\n<tr>\n<td>\n<h4>Tartalom<\/h4>\n<\/td>\n<td>\n<h4>\u226540.0%<\/h4>\n<\/td>\n<\/tr>\n<tr>\n<td>\n<h4>Br\u00f3m<\/h4>\n<\/td>\n<td>\n<h4>\u2264500 ppm<\/h4>\n<\/td>\n<\/tr>\n<tr>\n<td>\n<h4>N\u00e1trium<\/h4>\n<\/td>\n<td>\n<h4>\u22645 ppm<\/h4>\n<\/td>\n<\/tr>\n<tr>\n<td>\n<h4>K\u00e1lium<\/h4>\n<\/td>\n<td>\n<h4>\u22645 ppm<\/h4>\n<\/td>\n<\/tr>\n<tr>\n<td>\n<h4>APHA (Hazen)<\/h4>\n<\/td>\n<td>\n<h4>\u2264 20<\/h4>\n<\/td>\n<\/tr>\n<\/tbody>\n<\/table>\n<p>&nbsp;<\/p>\n<h2><strong>Tetrabutil-amm\u00f3nium-hidroxid Felhaszn\u00e1l\u00e1s<\/strong><\/h2>\n<h4>1. Ez a term\u00e9k az elektronikai iparban haszn\u00e1lt tiszt\u00edt\u00f3szer.<\/h4>\n<h4>2. A tetrabutil-amm\u00f3nium-hidroxidot sok mobilf\u00e1zishoz kell hozz\u00e1adni. A tetrabutil-amm\u00f3nium-hidroxid egy ionp\u00e1ros\u00edt\u00f3 reagens, amelynek feladata az elv\u00e1laszt\u00e1si hat\u00e1s jav\u00edt\u00e1sa. S\u00e9rti a kromatogr\u00e1fi\u00e1s oszlopot, ez\u00e9rt \u00f3vatosnak kell lennie, hogy ne haszn\u00e1lja hossz\u00fa ideig, a koncentr\u00e1ci\u00f3 nem k\u00f6nny\u0171 t\u00fal nagy, \u00e9s a nagy koncentr\u00e1ci\u00f3 nem v\u00e1ltoztatja meg jelent\u0151sen a visszatart\u00e1si jellemz\u0151ket. Az oszlop kiegyenl\u00edt\u00e9si ideje haszn\u00e1lat ut\u00e1n jelent\u0151sen hosszabb.<\/h4>\n<h4>3. Ez a term\u00e9k szerves er\u0151s l\u00fagokban is haszn\u00e1lhat\u00f3.<\/h4>\n<p>&nbsp;<\/p>\n<h2><strong>Tetrabutil-amm\u00f3nium-hidroxid Csomagol\u00e1s \u00e9s sz\u00e1ll\u00edt\u00e1s<\/strong><\/h2>\n<h4>25 kg\/doboz, 25 kg\/dob, 200 kg\/dob Sz\u00e1ll\u00edt\u00e1s tengeren.<\/h4>\n<p>&nbsp;<\/p>\n<h2><strong>Tetrabutil-amm\u00f3nium-hidroxid T\u00e1rol\u00e1s<\/strong><\/h2>\n<h4>H\u0171v\u00f6s, sz\u00e1raz \u00e9s szell\u0151s helyen kell t\u00e1rolni, \u00e9s a t\u00e1rol\u00e1si id\u0151 nem haladhatja meg a 2 \u00e9vet.<\/h4>\n<p>&nbsp;<\/p>\n<h2><strong>Ugyanazon sorozat term\u00e9kei<\/strong><\/h2>\n<table style=\"border-collapse: collapse; width: 312.02pt;\" border=\"0\" width=\"416\" cellspacing=\"0\" cellpadding=\"0\">\n<tbody>\n<tr style=\"height: 81.00pt;\">\n<td class=\"et2\" style=\"height: 81.00pt; width: 201.75pt;\" width=\"269\" height=\"108\">\n<h4><a href=\"https:\/\/longchangchemical.com\/hu\/product\/tetrapropylammonium-hydroxide\/\"><span style=\"color: #3366ff;\"><strong>Tetrapropilamm\u00f3nium-hidroxid<\/strong><\/span><\/a><\/h4>\n<\/td>\n<td class=\"et2\" style=\"width: 110.25pt;\" width=\"147\">\n<h4><a href=\"https:\/\/longchangchemical.com\/hu\/product\/tetrapropylammonium-hydroxide\/\"><span style=\"color: #3366ff;\"><strong>4499-86-9<\/strong><\/span><\/a><\/h4>\n<\/td>\n<\/tr>\n<tr style=\"height: 81.00pt;\">\n<td class=\"et3\" style=\"height: 81.00pt; width: 201.75pt;\" width=\"269\" height=\"108\">\n<h4><strong>Tetrabutil-amm\u00f3nium-hidroxid<\/strong><\/h4>\n<\/td>\n<td class=\"et3\" style=\"width: 110.25pt;\" width=\"147\">\n<h4><strong>2052-49-5<\/strong><\/h4>\n<\/td>\n<\/tr>\n<\/tbody>\n<\/table>\n<h2><\/h2>\n<h2><strong><b>L\u00e9pjen kapcsolatba vel\u00fcnk most!<\/b><\/strong><\/h2>\n<h4><strong><b>Egyedi szolg\u00e1ltat\u00e1sokat ny\u00fajtunk, \u00e1ltal\u00e1ban 24 \u00f3r\u00e1n bel\u00fcl felvessz\u00fck \u00d6nnel a kapcsolatot. A munkaid\u0151ben ( 8:30-18:00 UTC+8 H.~Szombat ) az info@longchangchemical.com e-mail c\u00edmen is k\u00fcldhet e-mailt, vagy haszn\u00e1lhatja a weboldal \u00e9l\u0151 chatj\u00e9t, hogy gyors v\u00e1laszt kapjon.<\/b><\/strong><\/h4>","protected":false},"excerpt":{"rendered":"<h4>K\u00e9miai n\u00e9v: Tetrabutil-amm\u00f3nium-hidroxid<\/h4>\n<h4>CAS-sz\u00e1m: 2052-49-5<\/h4>\n<h4>Molekul\u00e1ris k\u00e9plet: C16H37NOChemiai szerkezet: C16H37NOChemical Structure:<\/h4>\n<h4>Molekulat\u00f6meg:259,47<\/h4>\n<h4><\/h4>\n<h4>Tetrabutil-amm\u00f3nium-hidroxid Szerkezet:<img decoding=\"async\" title=\"Tetrabutil-amm\u00f3nium-hidroxid Szerkezet\" src=\"https:\/\/www.longchangchemical.com\/wp-content\/uploads\/product-details\/20200611199673.png\" alt=\"Tetrabutil-amm\u00f3nium-hidroxid Szerkezet\" width=\"175\" height=\"118\" border=\"0\" vspace=\"0\" \/><\/h4>\n<h4>Megjelen\u00e9s: Sz\u00edntelen, \u00e1tl\u00e1tsz\u00f3 folyad\u00e9k<\/h4>\n<h4>Pr\u00f3ba: 40%, 25%<\/h4>","protected":false},"featured_media":4440,"comment_status":"open","ping_status":"closed","template":"","meta":[],"product_brand":[],"product_cat":[69],"product_tag":[],"class_list":{"0":"post-4133","1":"product","2":"type-product","3":"status-publish","4":"has-post-thumbnail","6":"product_cat-catalysts-chemical-auxiliary-agents","8":"first","9":"instock","10":"shipping-taxable","11":"product-type-simple"},"yoast_head":"<!-- This site is optimized with the Yoast SEO plugin v25.3.1 - https:\/\/yoast.com\/wordpress\/plugins\/seo\/ -->\n<title>China Tetrabutylammonium hydroxide Manufacturer \uff06 CAS 4499-86-9 Supplier - Longchang chemical Co., Ltd.<\/title>\n<meta name=\"description\" content=\"Longchang Chemical is a leading manufacturer and supplier of Tetrabutylammonium hydroxide CAS 4499-86-9 in China. Buy Tetrabutylammonium hydroxide CAS 4499-86-9 in china. We can provide the best Tetrabutylammonium hydroxide CAS 4499-86-9 price.\" \/>\n<meta name=\"robots\" content=\"index, follow, max-snippet:-1, max-image-preview:large, max-video-preview:-1\" \/>\n<link rel=\"canonical\" href=\"https:\/\/longchangchemical.com\/hu\/product\/tetrabutylammonium-hydroxide\/\" \/>\n<meta property=\"og:locale\" content=\"hu_HU\" \/>\n<meta property=\"og:type\" content=\"article\" \/>\n<meta property=\"og:title\" content=\"China Tetrabutylammonium hydroxide Manufacturer \uff06 CAS 4499-86-9 Supplier - Longchang chemical Co., Ltd.\" \/>\n<meta property=\"og:description\" content=\"Longchang Chemical is a leading manufacturer and supplier of Tetrabutylammonium hydroxide CAS 4499-86-9 in China. Buy Tetrabutylammonium hydroxide CAS 4499-86-9 in china. We can provide the best Tetrabutylammonium hydroxide CAS 4499-86-9 price.\" \/>\n<meta property=\"og:url\" content=\"https:\/\/longchangchemical.com\/hu\/product\/tetrabutylammonium-hydroxide\/\" \/>\n<meta property=\"og:site_name\" content=\"Longchang Chemical\" \/>\n<meta property=\"article:modified_time\" content=\"2026-05-08T02:59:33+00:00\" \/>\n<meta property=\"og:image\" content=\"https:\/\/longchangchemical.com\/wp-content\/uploads\/2021\/01\/Tetrabutylammonium-hydroxide-Appearance.jpg\" \/>\n\t<meta property=\"og:image:width\" content=\"600\" \/>\n\t<meta property=\"og:image:height\" content=\"800\" \/>\n\t<meta property=\"og:image:type\" content=\"image\/jpeg\" \/>\n<meta name=\"twitter:card\" content=\"summary_large_image\" \/>\n<script type=\"application\/ld+json\" class=\"yoast-schema-graph\">{\"@context\":\"https:\/\/schema.org\",\"@graph\":[{\"@type\":\"WebPage\",\"@id\":\"https:\/\/longchangchemical.com\/product\/tetrabutylammonium-hydroxide\/\",\"url\":\"https:\/\/longchangchemical.com\/product\/tetrabutylammonium-hydroxide\/\",\"name\":\"China Tetrabutylammonium hydroxide Manufacturer \uff06 CAS 4499-86-9 Supplier - Longchang chemical Co., Ltd.\",\"isPartOf\":{\"@id\":\"https:\/\/longchangchemical.com\/#website\"},\"primaryImageOfPage\":{\"@id\":\"https:\/\/longchangchemical.com\/product\/tetrabutylammonium-hydroxide\/#primaryimage\"},\"image\":{\"@id\":\"https:\/\/longchangchemical.com\/product\/tetrabutylammonium-hydroxide\/#primaryimage\"},\"thumbnailUrl\":\"https:\/\/longchangchemical.com\/wp-content\/uploads\/2021\/01\/Tetrabutylammonium-hydroxide-Appearance.jpg\",\"datePublished\":\"2021-03-18T14:13:41+00:00\",\"dateModified\":\"2026-05-08T02:59:33+00:00\",\"description\":\"Longchang Chemical is a leading manufacturer and supplier of Tetrabutylammonium hydroxide CAS 4499-86-9 in China. Buy Tetrabutylammonium hydroxide CAS 4499-86-9 in china. We can provide the best Tetrabutylammonium hydroxide CAS 4499-86-9 price.\",\"breadcrumb\":{\"@id\":\"https:\/\/longchangchemical.com\/product\/tetrabutylammonium-hydroxide\/#breadcrumb\"},\"inLanguage\":\"hu\",\"potentialAction\":[{\"@type\":\"ReadAction\",\"target\":[\"https:\/\/longchangchemical.com\/product\/tetrabutylammonium-hydroxide\/\"]}]},{\"@type\":\"ImageObject\",\"inLanguage\":\"hu\",\"@id\":\"https:\/\/longchangchemical.com\/product\/tetrabutylammonium-hydroxide\/#primaryimage\",\"url\":\"https:\/\/longchangchemical.com\/wp-content\/uploads\/2021\/01\/Tetrabutylammonium-hydroxide-Appearance.jpg\",\"contentUrl\":\"https:\/\/longchangchemical.com\/wp-content\/uploads\/2021\/01\/Tetrabutylammonium-hydroxide-Appearance.jpg\",\"width\":600,\"height\":800,\"caption\":\"Tetrabutylammonium hydroxide Appearance\"},{\"@type\":\"BreadcrumbList\",\"@id\":\"https:\/\/longchangchemical.com\/product\/tetrabutylammonium-hydroxide\/#breadcrumb\",\"itemListElement\":[{\"@type\":\"ListItem\",\"position\":1,\"name\":\"Home\",\"item\":\"https:\/\/longchangchemical.com\/\"},{\"@type\":\"ListItem\",\"position\":2,\"name\":\"Products Longchang\",\"item\":\"https:\/\/longchangchemical.com\/product\/\"},{\"@type\":\"ListItem\",\"position\":3,\"name\":\"Tetrabutylammonium hydroxide CAS 2052-49-5\"}]},{\"@type\":\"WebSite\",\"@id\":\"https:\/\/longchangchemical.com\/#website\",\"url\":\"https:\/\/longchangchemical.com\/\",\"name\":\"Longchang Chemical\",\"description\":\"China chemical manufacturer \uff06 supplier\",\"publisher\":{\"@id\":\"https:\/\/longchangchemical.com\/#organization\"},\"potentialAction\":[{\"@type\":\"SearchAction\",\"target\":{\"@type\":\"EntryPoint\",\"urlTemplate\":\"https:\/\/longchangchemical.com\/?s={search_term_string}\"},\"query-input\":{\"@type\":\"PropertyValueSpecification\",\"valueRequired\":true,\"valueName\":\"search_term_string\"}}],\"inLanguage\":\"hu\"},{\"@type\":\"Organization\",\"@id\":\"https:\/\/longchangchemical.com\/#organization\",\"name\":\"Longchang Chemical\",\"url\":\"https:\/\/longchangchemical.com\/\",\"logo\":{\"@type\":\"ImageObject\",\"inLanguage\":\"hu\",\"@id\":\"https:\/\/longchangchemical.com\/#\/schema\/logo\/image\/\",\"url\":\"https:\/\/longchangchemical.com\/wp-content\/uploads\/2020\/08\/cropped-longchang-logo.png\",\"contentUrl\":\"https:\/\/longchangchemical.com\/wp-content\/uploads\/2020\/08\/cropped-longchang-logo.png\",\"width\":512,\"height\":512,\"caption\":\"Longchang Chemical\"},\"image\":{\"@id\":\"https:\/\/longchangchemical.com\/#\/schema\/logo\/image\/\"}}]}<\/script>\n<!-- \/ Yoast SEO plugin. -->","yoast_head_json":{"title":"K\u00edna Tetrabutil-amm\u00f3nium-hidroxid Gy\u00e1rt\u00f3 \uff06 CAS 4499-86-9 Sz\u00e1ll\u00edt\u00f3 - Longchang Chemical Co., Ltd.","description":"A Longchang Chemical vezet\u0151 gy\u00e1rt\u00f3ja \u00e9s sz\u00e1ll\u00edt\u00f3ja a CAS 4499-86-9 tetrabutil-amm\u00f3nium-hidroxidnak K\u00edn\u00e1ban. V\u00e1s\u00e1roljon tetrabutil-amm\u00f3nium-hidroxidot CAS 4499-86-9 K\u00edn\u00e1ban. A legjobb Tetrabutilamm\u00f3nium-hidroxid CAS 4499-86-9 \u00e1rat tudjuk biztos\u00edtani.","robots":{"index":"index","follow":"follow","max-snippet":"max-snippet:-1","max-image-preview":"max-image-preview:large","max-video-preview":"max-video-preview:-1"},"canonical":"https:\/\/longchangchemical.com\/hu\/product\/tetrabutylammonium-hydroxide\/","og_locale":"hu_HU","og_type":"article","og_title":"China Tetrabutylammonium hydroxide Manufacturer \uff06 CAS 4499-86-9 Supplier - Longchang chemical Co., Ltd.","og_description":"Longchang Chemical is a leading manufacturer and supplier of Tetrabutylammonium hydroxide CAS 4499-86-9 in China. Buy Tetrabutylammonium hydroxide CAS 4499-86-9 in china. We can provide the best Tetrabutylammonium hydroxide CAS 4499-86-9 price.","og_url":"https:\/\/longchangchemical.com\/hu\/product\/tetrabutylammonium-hydroxide\/","og_site_name":"Longchang Chemical","article_modified_time":"2026-05-08T02:59:33+00:00","og_image":[{"width":600,"height":800,"url":"https:\/\/longchangchemical.com\/wp-content\/uploads\/2021\/01\/Tetrabutylammonium-hydroxide-Appearance.jpg","type":"image\/jpeg"}],"twitter_card":"summary_large_image","schema":{"@context":"https:\/\/schema.org","@graph":[{"@type":"WebPage","@id":"https:\/\/longchangchemical.com\/product\/tetrabutylammonium-hydroxide\/","url":"https:\/\/longchangchemical.com\/product\/tetrabutylammonium-hydroxide\/","name":"K\u00edna Tetrabutil-amm\u00f3nium-hidroxid Gy\u00e1rt\u00f3 \uff06 CAS 4499-86-9 Sz\u00e1ll\u00edt\u00f3 - Longchang Chemical Co., Ltd.","isPartOf":{"@id":"https:\/\/longchangchemical.com\/#website"},"primaryImageOfPage":{"@id":"https:\/\/longchangchemical.com\/product\/tetrabutylammonium-hydroxide\/#primaryimage"},"image":{"@id":"https:\/\/longchangchemical.com\/product\/tetrabutylammonium-hydroxide\/#primaryimage"},"thumbnailUrl":"https:\/\/longchangchemical.com\/wp-content\/uploads\/2021\/01\/Tetrabutylammonium-hydroxide-Appearance.jpg","datePublished":"2021-03-18T14:13:41+00:00","dateModified":"2026-05-08T02:59:33+00:00","description":"A Longchang Chemical vezet\u0151 gy\u00e1rt\u00f3ja \u00e9s sz\u00e1ll\u00edt\u00f3ja a CAS 4499-86-9 tetrabutil-amm\u00f3nium-hidroxidnak K\u00edn\u00e1ban. V\u00e1s\u00e1roljon tetrabutil-amm\u00f3nium-hidroxidot CAS 4499-86-9 K\u00edn\u00e1ban. A legjobb Tetrabutilamm\u00f3nium-hidroxid CAS 4499-86-9 \u00e1rat tudjuk biztos\u00edtani.","breadcrumb":{"@id":"https:\/\/longchangchemical.com\/product\/tetrabutylammonium-hydroxide\/#breadcrumb"},"inLanguage":"hu","potentialAction":[{"@type":"ReadAction","target":["https:\/\/longchangchemical.com\/product\/tetrabutylammonium-hydroxide\/"]}]},{"@type":"ImageObject","inLanguage":"hu","@id":"https:\/\/longchangchemical.com\/product\/tetrabutylammonium-hydroxide\/#primaryimage","url":"https:\/\/longchangchemical.com\/wp-content\/uploads\/2021\/01\/Tetrabutylammonium-hydroxide-Appearance.jpg","contentUrl":"https:\/\/longchangchemical.com\/wp-content\/uploads\/2021\/01\/Tetrabutylammonium-hydroxide-Appearance.jpg","width":600,"height":800,"caption":"Tetrabutylammonium hydroxide Appearance"},{"@type":"BreadcrumbList","@id":"https:\/\/longchangchemical.com\/product\/tetrabutylammonium-hydroxide\/#breadcrumb","itemListElement":[{"@type":"ListItem","position":1,"name":"Home","item":"https:\/\/longchangchemical.com\/"},{"@type":"ListItem","position":2,"name":"Products Longchang","item":"https:\/\/longchangchemical.com\/product\/"},{"@type":"ListItem","position":3,"name":"Tetrabutylammonium hydroxide CAS 2052-49-5"}]},{"@type":"WebSite","@id":"https:\/\/longchangchemical.com\/#website","url":"https:\/\/longchangchemical.com\/","name":"Longchang Chemical","description":"K\u00edna k\u00e9miai gy\u00e1rt\u00f3 \uff06 sz\u00e1ll\u00edt\u00f3","publisher":{"@id":"https:\/\/longchangchemical.com\/#organization"},"potentialAction":[{"@type":"SearchAction","target":{"@type":"EntryPoint","urlTemplate":"https:\/\/longchangchemical.com\/?s={search_term_string}"},"query-input":{"@type":"PropertyValueSpecification","valueRequired":true,"valueName":"search_term_string"}}],"inLanguage":"hu"},{"@type":"Organization","@id":"https:\/\/longchangchemical.com\/#organization","name":"Longchang Chemical","url":"https:\/\/longchangchemical.com\/","logo":{"@type":"ImageObject","inLanguage":"hu","@id":"https:\/\/longchangchemical.com\/#\/schema\/logo\/image\/","url":"https:\/\/longchangchemical.com\/wp-content\/uploads\/2020\/08\/cropped-longchang-logo.png","contentUrl":"https:\/\/longchangchemical.com\/wp-content\/uploads\/2020\/08\/cropped-longchang-logo.png","width":512,"height":512,"caption":"Longchang Chemical"},"image":{"@id":"https:\/\/longchangchemical.com\/#\/schema\/logo\/image\/"}}]}},"_links":{"self":[{"href":"https:\/\/longchangchemical.com\/hu\/wp-json\/wp\/v2\/product\/4133","targetHints":{"allow":["GET"]}}],"collection":[{"href":"https:\/\/longchangchemical.com\/hu\/wp-json\/wp\/v2\/product"}],"about":[{"href":"https:\/\/longchangchemical.com\/hu\/wp-json\/wp\/v2\/types\/product"}],"replies":[{"embeddable":true,"href":"https:\/\/longchangchemical.com\/hu\/wp-json\/wp\/v2\/comments?post=4133"}],"wp:featuredmedia":[{"embeddable":true,"href":"https:\/\/longchangchemical.com\/hu\/wp-json\/wp\/v2\/media\/4440"}],"wp:attachment":[{"href":"https:\/\/longchangchemical.com\/hu\/wp-json\/wp\/v2\/media?parent=4133"}],"wp:term":[{"taxonomy":"product_brand","embeddable":true,"href":"https:\/\/longchangchemical.com\/hu\/wp-json\/wp\/v2\/product_brand?post=4133"},{"taxonomy":"product_cat","embeddable":true,"href":"https:\/\/longchangchemical.com\/hu\/wp-json\/wp\/v2\/product_cat?post=4133"},{"taxonomy":"product_tag","embeddable":true,"href":"https:\/\/longchangchemical.com\/hu\/wp-json\/wp\/v2\/product_tag?post=4133"}],"curies":[{"name":"wp","href":"https:\/\/api.w.org\/{rel}","templated":true}]}}