{"id":4096,"date":"2021-04-16T01:09:16","date_gmt":"2021-04-16T01:09:16","guid":{"rendered":"https:\/\/longchangchemical.com\/?post_type=product&#038;p=4096"},"modified":"2025-12-22T09:34:27","modified_gmt":"2025-12-22T09:34:27","slug":"bromocresol-purple-cas-115-40-2","status":"publish","type":"product","link":"https:\/\/longchangchemical.com\/hu\/product\/bromocresol-purple-cas-115-40-2\/","title":{"rendered":"Bromokrezol-lila CAS 115-40-2"},"content":{"rendered":"<h1><strong>Bromokrezol-lila CAS 115-40-2<\/strong><\/h1>\n<table class=\"table-1\" cellspacing=\"0\">\n<tbody>\n<tr>\n<td>\n<h4>T\u00e9tel<\/h4>\n<\/td>\n<td>\n<h4>Standard<\/h4>\n<\/td>\n<\/tr>\n<tr>\n<td>\n<h4>A maxim\u00e1lis abszorpci\u00f3s hull\u00e1mhossz: \u03bb<sub>1<\/sub>\uff08PH 35.2\uff09nm<\/h4>\n<\/td>\n<td>\n<h4>427~431<\/h4>\n<\/td>\n<\/tr>\n<tr>\n<td>\n<h4>A maxim\u00e1lis abszorpci\u00f3s hull\u00e1mhossz: \u03bb<sub>2<\/sub>(PH 56.8) nm<\/h4>\n<\/td>\n<td>\n<h4>588~590<\/h4>\n<\/td>\n<\/tr>\n<tr>\n<td>\n<h4>T\u00f6megelnyel\u00e9si egy\u00fctthat\u00f3\uff08L\/cm\u3002g\uff09\u03b1<sub>1<\/sub>(\u03bb<sub>1<\/sub>PH 5.2, sz\u00e1raz minta)<\/h4>\n<\/td>\n<td>\n<h4>40.5~45.0<\/h4>\n<\/td>\n<\/tr>\n<tr>\n<td>\n<h4>T\u00f6megelnyel\u00e9si egy\u00fctthat\u00f3\uff08L\/cm\u3002g\uff09\u03b1<sub>2<\/sub>\uff08\u03bb<sub>2<\/sub>PH 56,8,Sz\u00e1raz minta\uff09<\/h4>\n<\/td>\n<td>\n<h4>100.0~110.0<\/h4>\n<\/td>\n<\/tr>\n<tr>\n<td>\n<h4>PH elsz\u00ednez\u0151d\u00e9s domain<\/h4>\n<\/td>\n<td>\n<h4>5.2\uff08s\u00e1rga\uff09~6.8\uff08lila\uff09<\/h4>\n<\/td>\n<\/tr>\n<tr>\n<td>\n<h4>H\u00edg l\u00fagos old\u00f3d\u00e1si teszt<\/h4>\n<\/td>\n<td>\n<h4>Megfelel<\/h4>\n<\/td>\n<\/tr>\n<tr>\n<td>\n<h4>Gy\u00fajt\u00e1si marad\u00e9k (szulf\u00e1t)<\/h4>\n<\/td>\n<td>\n<h4>0.1<\/h4>\n<\/td>\n<\/tr>\n<tr>\n<td>\n<h4>Sz\u00e1r\u00edt\u00e1si vesztes\u00e9g<\/h4>\n<\/td>\n<td>\n<h4>0.5<\/h4>\n<\/td>\n<\/tr>\n<tr>\n<td>\n<h4>Megjelen\u00e9s<\/h4>\n<\/td>\n<td>\n<h4>Megfelel<\/h4>\n<\/td>\n<\/tr>\n<\/tbody>\n<\/table>\n<p>&nbsp;<\/p>\n<h2><strong>Bromokrezol lila Haszn\u00e1lat<\/strong><\/h2>\n<h4>1. A bromokrezol-lila indik\u00e1tork\u00e9nt haszn\u00e1lhat\u00f3 sav-b\u00e1zis, kromatogr\u00e1fi\u00e1s elemz\u00e9sekhez \u00e9s nem vizes titr\u00e1l\u00e1shoz.<\/h4>\n<h4>2. A bromokrezol-lila pH-tartom\u00e1nya: 5,2 (s\u00e1rga)-6,8 (lila).<\/h4>\n<h4>3. A bromokrezol-lila adszorpci\u00f3s indik\u00e1tork\u00e9nt \u00e9s bels\u0151 standardk\u00e9nt haszn\u00e1lhat\u00f3 az aminosav-kromatogr\u00e1fi\u00e1ban.<\/h4>\n<h4>4. A tiocian\u00e1t ez\u00fcsts\u00f3s titr\u00e1l\u00e1s\u00e1hoz \u00e9s a sz\u00e9rumfeh\u00e9rj\u00e9k kicsap\u00e1s\u00e1hoz spektrofotometri\u00e1s m\u00f3dszerrel a bromokrezol-lila haszn\u00e1lhat\u00f3.<\/h4>\n<p>&nbsp;<\/p>\n<h2><strong>Bromokrezol lila Csomagol\u00e1s \u00e9s sz\u00e1ll\u00edt\u00e1s<\/strong><\/h2>\n<h4>Csomagol\u00e1s: 25kg \/dob<\/h4>\n<h4>Sz\u00e1ll\u00edt\u00e1s: expresszel, tengeren, l\u00e9gi \u00faton<\/h4>\n<p>&nbsp;<\/p>\n<h2><strong>Bromokrezol lila t\u00e1rol\u00e1s<\/strong><\/h2>\n<h4>H\u0171v\u00f6s, szell\u0151ztetett rakt\u00e1rban t\u00e1rolj\u00e1k.<\/h4>\n<p>&nbsp;<\/p>\n<h2><strong>Ugyanazon sorozat term\u00e9kei<\/strong><\/h2>\n<table style=\"border-collapse: collapse; width: 178.53pt;\" border=\"0\" width=\"238\" cellspacing=\"0\" cellpadding=\"0\">\n<tbody>\n<tr style=\"height: 14.25pt;\">\n<td style=\"height: 14.25pt; width: 124.50pt;\" width=\"166\" height=\"19\">\n<h4>Bromokrezol lila<\/h4>\n<\/td>\n<td style=\"width: 54.00pt;\" width=\"72\">\n<h4>115-40-2<\/h4>\n<\/td>\n<\/tr>\n<tr style=\"height: 14.25pt;\">\n<td style=\"height: 14.25pt;\" height=\"19\">\n<h4><a href=\"https:\/\/longchangchemical.com\/hu\/product\/bromocresol-green-cas-76-60-8\/\"><span style=\"color: #0000ff;\">Bromokrezol z\u00f6ld<\/span><\/a><\/h4>\n<\/td>\n<td>\n<h4>76-60-8<\/h4>\n<\/td>\n<\/tr>\n<\/tbody>\n<\/table>\n<h2><\/h2>\n<h2><strong><b>L\u00e9pjen kapcsolatba vel\u00fcnk most!<\/b><\/strong><\/h2>\n<h4><strong><b>Ha COA, MSDS vagy TDS-re van sz\u00fcks\u00e9ge, k\u00e9rj\u00fck, t\u00f6ltse ki el\u00e9rhet\u0151s\u00e9g\u00e9t az al\u00e1bbi \u0171rlapon, \u00e1ltal\u00e1ban 24 \u00f3r\u00e1n bel\u00fcl felvessz\u00fck \u00d6nnel a kapcsolatot. \u00d6n is k\u00fcldhet nekem e-mailt <span style=\"color: #0000ff;\"><a style=\"color: #0000ff;\" href=\"mailto:info@longchangchemical.com\">info@longchangchemical.com<\/a><\/span> munkaid\u0151ben ( 8:30-18:00 UTC+8 H.-Szombat ) vagy haszn\u00e1lja a weboldal \u00e9l\u0151 chatj\u00e9t, hogy azonnali v\u00e1laszt kapjon.<\/b><\/strong><\/h4>\n<p>&nbsp;<\/p>","protected":false},"excerpt":{"rendered":"<h4>K\u00e9miai n\u00e9v: Bromokrezol lila<\/h4>\n<h4>CAS-sz\u00e1m: 115-40-2<\/h4>\n<h4>Molekul\u00e1ris k\u00e9plet: C21H16Br2O5S<\/h4>\n<h4>Molekulat\u00f6meg:540,22<\/h4>\n<h4>Molekulaszerkezet:<img decoding=\"async\" title=\"Bromokrezol lila Szerkezet\" src=\"https:\/\/www.longchangchemical.com\/wp-content\/uploads\/product-details\/20200611033181.png\" alt=\"Bromokrezol lila Szerkezet\" width=\"123\" height=\"104\" border=\"0\" vspace=\"0\" \/><\/h4>\n<h4>Megjelen\u00e9s: Enyh\u00e9n s\u00e1rga finom krist\u00e1ly<\/h4>","protected":false},"featured_media":4500,"comment_status":"open","ping_status":"closed","template":"","meta":[],"product_brand":[],"product_cat":[69],"product_tag":[],"class_list":{"0":"post-4096","1":"product","2":"type-product","3":"status-publish","4":"has-post-thumbnail","6":"product_cat-catalysts-chemical-auxiliary-agents","8":"first","9":"instock","10":"shipping-taxable","11":"product-type-simple"},"yoast_head":"<!-- This site is optimized with the Yoast SEO plugin v25.3.1 - https:\/\/yoast.com\/wordpress\/plugins\/seo\/ -->\n<title>China top Bromocresol purple manufacturer - Longchang Chemical<\/title>\n<meta name=\"description\" content=\"Longchang Chemical is a manufacturer and supplier of Bromocresol purple CAS 115-40-2 . We can provide the best Bromocresol purple price.\" \/>\n<meta name=\"robots\" content=\"index, follow, max-snippet:-1, max-image-preview:large, max-video-preview:-1\" \/>\n<link rel=\"canonical\" href=\"https:\/\/longchangchemical.com\/hu\/product\/bromocresol-purple-cas-115-40-2\/\" \/>\n<meta property=\"og:locale\" content=\"hu_HU\" \/>\n<meta property=\"og:type\" content=\"article\" \/>\n<meta property=\"og:title\" content=\"China top Bromocresol purple manufacturer - Longchang Chemical\" \/>\n<meta property=\"og:description\" content=\"Longchang Chemical is a manufacturer and supplier of Bromocresol purple CAS 115-40-2 . We can provide the best Bromocresol purple price.\" \/>\n<meta property=\"og:url\" content=\"https:\/\/longchangchemical.com\/hu\/product\/bromocresol-purple-cas-115-40-2\/\" \/>\n<meta property=\"og:site_name\" content=\"Longchang Chemical\" \/>\n<meta property=\"article:modified_time\" content=\"2025-12-22T09:34:27+00:00\" \/>\n<meta property=\"og:image\" content=\"https:\/\/longchangchemical.com\/wp-content\/uploads\/2021\/01\/Appearance-17.jpg\" \/>\n\t<meta property=\"og:image:width\" content=\"600\" \/>\n\t<meta property=\"og:image:height\" content=\"800\" \/>\n\t<meta property=\"og:image:type\" content=\"image\/jpeg\" \/>\n<meta name=\"twitter:card\" content=\"summary_large_image\" \/>\n<script type=\"application\/ld+json\" class=\"yoast-schema-graph\">{\"@context\":\"https:\/\/schema.org\",\"@graph\":[{\"@type\":\"WebPage\",\"@id\":\"https:\/\/longchangchemical.com\/product\/bromocresol-purple-cas-115-40-2\/\",\"url\":\"https:\/\/longchangchemical.com\/product\/bromocresol-purple-cas-115-40-2\/\",\"name\":\"China top Bromocresol purple manufacturer - Longchang Chemical\",\"isPartOf\":{\"@id\":\"https:\/\/longchangchemical.com\/#website\"},\"primaryImageOfPage\":{\"@id\":\"https:\/\/longchangchemical.com\/product\/bromocresol-purple-cas-115-40-2\/#primaryimage\"},\"image\":{\"@id\":\"https:\/\/longchangchemical.com\/product\/bromocresol-purple-cas-115-40-2\/#primaryimage\"},\"thumbnailUrl\":\"https:\/\/longchangchemical.com\/wp-content\/uploads\/2021\/01\/Appearance-17.jpg\",\"datePublished\":\"2021-04-16T01:09:16+00:00\",\"dateModified\":\"2025-12-22T09:34:27+00:00\",\"description\":\"Longchang Chemical is a manufacturer and supplier of Bromocresol purple CAS 115-40-2 . We can provide the best Bromocresol purple price.\",\"breadcrumb\":{\"@id\":\"https:\/\/longchangchemical.com\/product\/bromocresol-purple-cas-115-40-2\/#breadcrumb\"},\"inLanguage\":\"hu\",\"potentialAction\":[{\"@type\":\"ReadAction\",\"target\":[\"https:\/\/longchangchemical.com\/product\/bromocresol-purple-cas-115-40-2\/\"]}]},{\"@type\":\"ImageObject\",\"inLanguage\":\"hu\",\"@id\":\"https:\/\/longchangchemical.com\/product\/bromocresol-purple-cas-115-40-2\/#primaryimage\",\"url\":\"https:\/\/longchangchemical.com\/wp-content\/uploads\/2021\/01\/Appearance-17.jpg\",\"contentUrl\":\"https:\/\/longchangchemical.com\/wp-content\/uploads\/2021\/01\/Appearance-17.jpg\",\"width\":600,\"height\":800},{\"@type\":\"BreadcrumbList\",\"@id\":\"https:\/\/longchangchemical.com\/product\/bromocresol-purple-cas-115-40-2\/#breadcrumb\",\"itemListElement\":[{\"@type\":\"ListItem\",\"position\":1,\"name\":\"Home\",\"item\":\"https:\/\/longchangchemical.com\/\"},{\"@type\":\"ListItem\",\"position\":2,\"name\":\"Products Longchang\",\"item\":\"https:\/\/longchangchemical.com\/product\/\"},{\"@type\":\"ListItem\",\"position\":3,\"name\":\"Bromocresol purple CAS 115-40-2\"}]},{\"@type\":\"WebSite\",\"@id\":\"https:\/\/longchangchemical.com\/#website\",\"url\":\"https:\/\/longchangchemical.com\/\",\"name\":\"Longchang Chemical\",\"description\":\"China chemical manufacturer \uff06 supplier\",\"publisher\":{\"@id\":\"https:\/\/longchangchemical.com\/#organization\"},\"potentialAction\":[{\"@type\":\"SearchAction\",\"target\":{\"@type\":\"EntryPoint\",\"urlTemplate\":\"https:\/\/longchangchemical.com\/?s={search_term_string}\"},\"query-input\":{\"@type\":\"PropertyValueSpecification\",\"valueRequired\":true,\"valueName\":\"search_term_string\"}}],\"inLanguage\":\"hu\"},{\"@type\":\"Organization\",\"@id\":\"https:\/\/longchangchemical.com\/#organization\",\"name\":\"Longchang Chemical\",\"url\":\"https:\/\/longchangchemical.com\/\",\"logo\":{\"@type\":\"ImageObject\",\"inLanguage\":\"hu\",\"@id\":\"https:\/\/longchangchemical.com\/#\/schema\/logo\/image\/\",\"url\":\"https:\/\/longchangchemical.com\/wp-content\/uploads\/2020\/08\/cropped-longchang-logo.png\",\"contentUrl\":\"https:\/\/longchangchemical.com\/wp-content\/uploads\/2020\/08\/cropped-longchang-logo.png\",\"width\":512,\"height\":512,\"caption\":\"Longchang Chemical\"},\"image\":{\"@id\":\"https:\/\/longchangchemical.com\/#\/schema\/logo\/image\/\"}}]}<\/script>\n<!-- \/ Yoast SEO plugin. -->","yoast_head_json":{"title":"K\u00edna top Bromokrezol lila gy\u00e1rt\u00f3 - Longchang Chemical","description":"A Longchang Chemical gy\u00e1rt\u00f3ja \u00e9s sz\u00e1ll\u00edt\u00f3ja a Bromokrezol lila CAS 115-40-2 . A legjobb bromokrezol lila \u00e1rat tudjuk biztos\u00edtani.","robots":{"index":"index","follow":"follow","max-snippet":"max-snippet:-1","max-image-preview":"max-image-preview:large","max-video-preview":"max-video-preview:-1"},"canonical":"https:\/\/longchangchemical.com\/hu\/product\/bromocresol-purple-cas-115-40-2\/","og_locale":"hu_HU","og_type":"article","og_title":"China top Bromocresol purple manufacturer - Longchang Chemical","og_description":"Longchang Chemical is a manufacturer and supplier of Bromocresol purple CAS 115-40-2 . We can provide the best Bromocresol purple price.","og_url":"https:\/\/longchangchemical.com\/hu\/product\/bromocresol-purple-cas-115-40-2\/","og_site_name":"Longchang Chemical","article_modified_time":"2025-12-22T09:34:27+00:00","og_image":[{"width":600,"height":800,"url":"https:\/\/longchangchemical.com\/wp-content\/uploads\/2021\/01\/Appearance-17.jpg","type":"image\/jpeg"}],"twitter_card":"summary_large_image","schema":{"@context":"https:\/\/schema.org","@graph":[{"@type":"WebPage","@id":"https:\/\/longchangchemical.com\/product\/bromocresol-purple-cas-115-40-2\/","url":"https:\/\/longchangchemical.com\/product\/bromocresol-purple-cas-115-40-2\/","name":"K\u00edna top Bromokrezol lila gy\u00e1rt\u00f3 - Longchang Chemical","isPartOf":{"@id":"https:\/\/longchangchemical.com\/#website"},"primaryImageOfPage":{"@id":"https:\/\/longchangchemical.com\/product\/bromocresol-purple-cas-115-40-2\/#primaryimage"},"image":{"@id":"https:\/\/longchangchemical.com\/product\/bromocresol-purple-cas-115-40-2\/#primaryimage"},"thumbnailUrl":"https:\/\/longchangchemical.com\/wp-content\/uploads\/2021\/01\/Appearance-17.jpg","datePublished":"2021-04-16T01:09:16+00:00","dateModified":"2025-12-22T09:34:27+00:00","description":"A Longchang Chemical gy\u00e1rt\u00f3ja \u00e9s sz\u00e1ll\u00edt\u00f3ja a Bromokrezol lila CAS 115-40-2 . A legjobb bromokrezol lila \u00e1rat tudjuk biztos\u00edtani.","breadcrumb":{"@id":"https:\/\/longchangchemical.com\/product\/bromocresol-purple-cas-115-40-2\/#breadcrumb"},"inLanguage":"hu","potentialAction":[{"@type":"ReadAction","target":["https:\/\/longchangchemical.com\/product\/bromocresol-purple-cas-115-40-2\/"]}]},{"@type":"ImageObject","inLanguage":"hu","@id":"https:\/\/longchangchemical.com\/product\/bromocresol-purple-cas-115-40-2\/#primaryimage","url":"https:\/\/longchangchemical.com\/wp-content\/uploads\/2021\/01\/Appearance-17.jpg","contentUrl":"https:\/\/longchangchemical.com\/wp-content\/uploads\/2021\/01\/Appearance-17.jpg","width":600,"height":800},{"@type":"BreadcrumbList","@id":"https:\/\/longchangchemical.com\/product\/bromocresol-purple-cas-115-40-2\/#breadcrumb","itemListElement":[{"@type":"ListItem","position":1,"name":"Home","item":"https:\/\/longchangchemical.com\/"},{"@type":"ListItem","position":2,"name":"Products Longchang","item":"https:\/\/longchangchemical.com\/product\/"},{"@type":"ListItem","position":3,"name":"Bromocresol purple CAS 115-40-2"}]},{"@type":"WebSite","@id":"https:\/\/longchangchemical.com\/#website","url":"https:\/\/longchangchemical.com\/","name":"Longchang Chemical","description":"K\u00edna k\u00e9miai gy\u00e1rt\u00f3 \uff06 sz\u00e1ll\u00edt\u00f3","publisher":{"@id":"https:\/\/longchangchemical.com\/#organization"},"potentialAction":[{"@type":"SearchAction","target":{"@type":"EntryPoint","urlTemplate":"https:\/\/longchangchemical.com\/?s={search_term_string}"},"query-input":{"@type":"PropertyValueSpecification","valueRequired":true,"valueName":"search_term_string"}}],"inLanguage":"hu"},{"@type":"Organization","@id":"https:\/\/longchangchemical.com\/#organization","name":"Longchang Chemical","url":"https:\/\/longchangchemical.com\/","logo":{"@type":"ImageObject","inLanguage":"hu","@id":"https:\/\/longchangchemical.com\/#\/schema\/logo\/image\/","url":"https:\/\/longchangchemical.com\/wp-content\/uploads\/2020\/08\/cropped-longchang-logo.png","contentUrl":"https:\/\/longchangchemical.com\/wp-content\/uploads\/2020\/08\/cropped-longchang-logo.png","width":512,"height":512,"caption":"Longchang Chemical"},"image":{"@id":"https:\/\/longchangchemical.com\/#\/schema\/logo\/image\/"}}]}},"_links":{"self":[{"href":"https:\/\/longchangchemical.com\/hu\/wp-json\/wp\/v2\/product\/4096","targetHints":{"allow":["GET"]}}],"collection":[{"href":"https:\/\/longchangchemical.com\/hu\/wp-json\/wp\/v2\/product"}],"about":[{"href":"https:\/\/longchangchemical.com\/hu\/wp-json\/wp\/v2\/types\/product"}],"replies":[{"embeddable":true,"href":"https:\/\/longchangchemical.com\/hu\/wp-json\/wp\/v2\/comments?post=4096"}],"wp:featuredmedia":[{"embeddable":true,"href":"https:\/\/longchangchemical.com\/hu\/wp-json\/wp\/v2\/media\/4500"}],"wp:attachment":[{"href":"https:\/\/longchangchemical.com\/hu\/wp-json\/wp\/v2\/media?parent=4096"}],"wp:term":[{"taxonomy":"product_brand","embeddable":true,"href":"https:\/\/longchangchemical.com\/hu\/wp-json\/wp\/v2\/product_brand?post=4096"},{"taxonomy":"product_cat","embeddable":true,"href":"https:\/\/longchangchemical.com\/hu\/wp-json\/wp\/v2\/product_cat?post=4096"},{"taxonomy":"product_tag","embeddable":true,"href":"https:\/\/longchangchemical.com\/hu\/wp-json\/wp\/v2\/product_tag?post=4096"}],"curies":[{"name":"wp","href":"https:\/\/api.w.org\/{rel}","templated":true}]}}