{"id":4050,"date":"2021-04-13T12:39:17","date_gmt":"2021-04-13T12:39:17","guid":{"rendered":"https:\/\/longchangchemical.com\/?post_type=product&#038;p=4050"},"modified":"2025-12-22T09:38:21","modified_gmt":"2025-12-22T09:38:21","slug":"bromocresol-green-cas-76-60-8","status":"publish","type":"product","link":"https:\/\/longchangchemical.com\/hu\/product\/bromocresol-green-cas-76-60-8\/","title":{"rendered":"Bromokrezol z\u00f6ld CAS 76-60-8"},"content":{"rendered":"<h1><strong>Bromokrezol z\u00f6ld CAS 76-60-8<\/strong><\/h1>\n<h4>PH Sz\u00edncsere intervallum: (s\u00e1rga-z\u00f6ld)-5.4 (k\u00e9k)<\/h4>\n<h4>Maxim\u00e1lis abszorpci\u00f3s hull\u00e1mhossz (nm): \u03bb1(PH3.8)440-445<\/h4>\n<h4>\u03bb2(PH5.4) 615-618<\/h4>\n<h4>T\u00f6megelnyel\u00e9si egy\u00fctthat\u00f3, L\/(cm.g): (\u03bb1, PH3.8 sz\u00e1raz minta)<\/h4>\n<h4>\u03b12(\u03bb1, PH5.4 sz\u00e1raz minta)<\/h4>\n<h4>Etanolban oldott teszt: Megfelel a tesztnek<\/h4>\n<h4>Sz\u00e1r\u00edt\u00e1si vesztes\u00e9g: \u22643,0<\/h4>\n<h4>Gy\u00fajt\u00e1si marad\u00e9k (SO4-k\u00e9nt)%': \u22640,25<\/h4>\n<p>&nbsp;<\/p>\n<table class=\"table-1\" cellspacing=\"0\">\n<tbody>\n<tr>\n<td>\n<h4>T\u00e9tel<\/h4>\n<\/td>\n<td>\n<h4>M\u0171szaki adatok<\/h4>\n<\/td>\n<td>\n<h4>Eredm\u00e9nyek<\/h4>\n<\/td>\n<\/tr>\n<tr>\n<td>\n<h4>Vizsg\u00e1lat (%)<\/h4>\n<\/td>\n<td>\n<h4>\u226598.5<\/h4>\n<\/td>\n<td>\n<h4>98.9<\/h4>\n<\/td>\n<\/tr>\n<tr>\n<td>\n<h4>PH Sz\u00edncsere intervallum<\/h4>\n<\/td>\n<td>\n<h4>3,8 (s\u00e1rg\u00e1sz\u00f6ld)-5,4 (k\u00e9k)<\/h4>\n<\/td>\n<td>\n<h4>\u00c1tmen\u0151 teszt<\/h4>\n<\/td>\n<\/tr>\n<tr>\n<td rowspan=\"2\">\n<h4>Maxim\u00e1lis abszorpci\u00f3s hull\u00e1mhossz (mm)<\/h4>\n<\/td>\n<td>\n<h4>\u03bb<sub>1\u00a0<\/sub>(PH3.8)440-445<\/h4>\n<\/td>\n<td>\n<h4>442<\/h4>\n<\/td>\n<\/tr>\n<tr>\n<td>\n<h4>\u03bb<sub>2\u00a0<\/sub>(PH5.4) 615-618<\/h4>\n<\/td>\n<td>\n<h4>616<\/h4>\n<\/td>\n<\/tr>\n<tr>\n<td rowspan=\"2\">\n<h4>T\u00f6megelnyel\u00e9si egy\u00fctthat\u00f3, L\/(cm.g)<\/h4>\n<\/td>\n<td>\n<h4>\u03b1<sub>1<\/sub>(\u03bb<sub>1<\/sub>, PH3.8 sz\u00e1raz minta) 24-28<\/h4>\n<\/td>\n<td>\n<h4>25<\/h4>\n<\/td>\n<\/tr>\n<tr>\n<td>\n<h4>\u03b1<sub>2<\/sub>(\u03bb<sub>1<\/sub>, PH5.4 sz\u00e1raz minta) 53-58<\/h4>\n<\/td>\n<td>\n<h4>55<\/h4>\n<\/td>\n<\/tr>\n<tr>\n<td>\n<h4>Etanolban oldott teszt<\/h4>\n<\/td>\n<td>\n<h4>\u00c1tmen\u0151 teszt<\/h4>\n<\/td>\n<td>\n<h4>\u00c1tmen\u0151 teszt<\/h4>\n<\/td>\n<\/tr>\n<tr>\n<td>\n<h4>Sz\u00e1r\u00edt\u00e1si vesztes\u00e9g<\/h4>\n<\/td>\n<td>\n<h4>\u22643.0<\/h4>\n<\/td>\n<td>\n<h4>2.1<\/h4>\n<\/td>\n<\/tr>\n<tr>\n<td>\n<h4>Gy\u00fajt\u00e1si marad\u00e9k (SO<sub>4<\/sub>)%<\/h4>\n<\/td>\n<td>\n<h4>\u22640.25<\/h4>\n<\/td>\n<td>\n<h4>0.25<\/h4>\n<\/td>\n<\/tr>\n<tr>\n<td>\n<h4>K\u00f6vetkeztet\u00e9s<\/h4>\n<\/td>\n<td colspan=\"2\">\n<h4>Az eredm\u00e9nyek megfelelnek a HG\/T4017-2008 mutat\u00f3nak.<\/h4>\n<\/td>\n<\/tr>\n<\/tbody>\n<\/table>\n<p>&nbsp;<\/p>\n<h2><strong>Bromokrezol z\u00f6ld Haszn\u00e1lat<\/strong><\/h2>\n<h4>A br\u00f3mkrezol-z\u00f6ld (BCG) mint fontos fest\u00e9k, sz\u00e9lesk\u00f6r\u0171en alkalmazhat\u00f3 az anal\u00edzis ter\u00fclet\u00e9n.<\/h4>\n<h4>1. M\u00f3dszer az NMP szabad aminok tartalm\u00e1nak vizsg\u00e1lat\u00e1ra, bele\u00e9rtve a k\u00f6vetkez\u0151 l\u00e9p\u00e9seket: bromokrezol z\u00f6ld-metilv\u00f6r\u00f6s indik\u00e1tor k\u00e9sz\u00edt\u00e9se; bizonyos mennyis\u00e9g\u0171 NMP-mint\u00e1t vesz\u00fcnk egy tart\u00e1lyba, izopropanolt adunk hozz\u00e1 \u00e9s sim\u00e1n r\u00e1zzuk, hogy elkeveredjen; hozz\u00e1adjuk a bromokrezol z\u00f6ld-metilv\u00f6r\u00f6s indik\u00e1tort \u00e9s egyenletesen elkeverj\u00fck, s\u00f3sav standard oldattal titr\u00e1ljuk, z\u00f6ldt\u0151l s\u00e1rg\u00e1s titr\u00e1l\u00e1sig; a k\u00e9plet szerint:kisz\u00e1m\u00edtja az % szabad amin-t az NMP-mint\u00e1ban. A jelen tal\u00e1lm\u00e1ny bromokrezol z\u00f6ld-metilv\u00f6r\u00f6s indik\u00e1tort k\u00e9sz\u00edt, \u00e9s sav-b\u00e1zis titr\u00e1l\u00e1st alkalmaz az NMP amintartalm\u00e1nak vizsg\u00e1lat\u00e1ra. A sav-b\u00e1zis titr\u00e1l\u00e1si folyamat param\u00e9terei szerint a szabad amintartalmat t\u00f6megsz\u00e1zal\u00e9kban fejezz\u00fck ki: % szabad amin = c*V standard*K\/\u03c1*V, \u00e9rt\u00e9kelj\u00fck az NMP teljes\u00edtm\u00e9ny\u00e9t a vizsg\u00e1lati eredm\u00e9nyek alapj\u00e1n. Ezenk\u00edv\u00fcl a vizsg\u00e1lati m\u00f3dszer egyszer\u0171, k\u00e9nyelmes, gyors \u00e9s olcs\u00f3, \u00e9s sz\u00e9les k\u00f6rben haszn\u00e1lhat\u00f3 a termel\u00e9sben \u00e9s a kutat\u00e1sban.<\/h4>\n<h4>2. A leveg\u0151 amm\u00f3niakoncentr\u00e1ci\u00f3j\u00e1nak m\u00e9r\u00e9s\u00e9re szolg\u00e1l\u00f3 vegyes indik\u00e1toros tesztpap\u00edr, valamint annak elk\u00e9sz\u00edt\u00e9se \u00e9s kimutat\u00e1si m\u00f3dszere a k\u00f6rnyezetellen\u0151rz\u00e9s \u00e9s az ipari higi\u00e9nia m\u0171szaki ter\u00fclet\u00e9hez tartozik. A tesztpap\u00edr bromokrezol z\u00f6lddel, metilv\u00f6r\u00f6ssel, savval \u00e9s nemionos fel\u00fcletakt\u00edv anyaggal t\u00f6lt\u00f6tt tesztpap\u00edr az alappap\u00edron; a t\u00f6megar\u00e1ny szerint bromokrezol z\u00f6ld: metilv\u00f6r\u00f6s: sav: nemionos fel\u00fcletakt\u00edv anyag = (1,0 \uff5e2,0): (0,188\uff5e0,75): (0,75\uff5e2,0): (2,5\uff5e7)\u00d710-3. Az elk\u00e9sz\u00edt\u00e9si m\u00f3dszer a k\u00f6vetkez\u0151: a reagensar\u00e1nynak megfelel\u0151 \u00e1ztat\u00f3folyad\u00e9k elk\u00e9sz\u00edt\u00e9se, az alappap\u00edr \u00e1ztat\u00e1sa, sz\u00e1r\u00edt\u00e1s \u00e9s m\u0171anyag lez\u00e1r\u00e1s. A kimutat\u00e1si m\u00f3dszer a k\u00f6vetkez\u0151: a kimutat\u00e1si ter\u00fcleten l\u00e9v\u0151 leveg\u0151ben l\u00e9v\u0151 amm\u00f3nia reakci\u00f3ba l\u00e9p a tesztpap\u00edr kevert reagens\u00e9vel, borv\u00f6r\u00f6sr\u0151l z\u00f6ldre v\u00e1ltozik, \u00e9s a kimutat\u00e1si ter\u00fcleten l\u00e9v\u0151 leveg\u0151ben l\u00e9v\u0151 amm\u00f3nia koncentr\u00e1ci\u00f3j\u00e1t a tesztpap\u00edr sz\u00ednv\u00e1ltoz\u00e1si s\u00e1vj\u00e1nak hossza \u00e9s az amm\u00f3nia koncentr\u00e1ci\u00f3ja k\u00f6z\u00f6tti kapcsolat alapj\u00e1n kapjuk meg. A tesztpap\u00edr jellemz\u0151i az \u00e9rz\u00e9keny reakci\u00f3, a nagy pontoss\u00e1g, az alacsony el\u0151\u00e1ll\u00edt\u00e1si k\u00f6lts\u00e9g, a k\u00e9nyelmes haszn\u00e1lat stb., valamint a gyakorlati alkalmazhat\u00f3s\u00e1g \u00e9s a jelent\u0151s gazdas\u00e1gi el\u0151ny\u00f6k.<br \/>\n3. Ez a term\u00e9k a sav-b\u00e1zis indik\u00e1toros m\u00f3dszerrel k\u00e9pes meghat\u00e1rozni a kitooligoszacharidok deacetilez\u00e9si fok\u00e1t.<\/h4>\n<p>&nbsp;<\/p>\n<h2><strong>Bromokrezol z\u00f6ld Csomagol\u00e1s<\/strong><\/h2>\n<h4>1kg\/zs\u00e1k 25kg\/dob.<\/h4>\n<p>&nbsp;<\/p>\n<h2><strong>Bromokrezol z\u00f6ld T\u00e1rol\u00e1s<\/strong><\/h2>\n<h4>H\u0171v\u00f6s, sz\u00e1raz \u00e9s szell\u0151s helyen t\u00e1roljuk.<\/h4>\n<p>&nbsp;<\/p>\n<h2><strong>Ugyanazon sorozat term\u00e9kei<\/strong><\/h2>\n<table style=\"border-collapse: collapse; width: 178.53pt;\" border=\"0\" width=\"238\" cellspacing=\"0\" cellpadding=\"0\">\n<tbody>\n<tr style=\"height: 14.25pt;\">\n<td style=\"height: 14.25pt; width: 124.50pt;\" width=\"166\" height=\"19\">\n<h4><a href=\"https:\/\/longchangchemical.com\/hu\/product\/bromocresol-purple-cas-115-40-2\/\"><span style=\"color: #0000ff;\">Bromokrezol lila<\/span><\/a><\/h4>\n<\/td>\n<td style=\"width: 54.00pt;\" width=\"72\">\n<h4>115-40-2<\/h4>\n<\/td>\n<\/tr>\n<tr style=\"height: 14.25pt;\">\n<td style=\"height: 14.25pt;\" height=\"19\">\n<h4>Bromokrezol z\u00f6ld<\/h4>\n<\/td>\n<td>\n<h4>76-60-8<\/h4>\n<\/td>\n<\/tr>\n<\/tbody>\n<\/table>\n<p>&nbsp;<\/p>\n<h2><strong><b>L\u00e9pjen kapcsolatba vel\u00fcnk most!<\/b><\/strong><\/h2>\n<h4><strong><b>Ha COA, MSDS vagy TDS-re van sz\u00fcks\u00e9ge, k\u00e9rj\u00fck, t\u00f6ltse ki el\u00e9rhet\u0151s\u00e9g\u00e9t az al\u00e1bbi \u0171rlapon, \u00e1ltal\u00e1ban 24 \u00f3r\u00e1n bel\u00fcl felvessz\u00fck \u00d6nnel a kapcsolatot. \u00d6n is k\u00fcldhet nekem e-mailt <span style=\"color: #0000ff;\"><a style=\"color: #0000ff;\" href=\"mailto:info@longchangchemical.com\">info@longchangchemical.com<\/a><\/span> munkaid\u0151ben ( 8:30-18:00 UTC+8 H.-Szombat ) vagy haszn\u00e1lja a weboldal \u00e9l\u0151 chatj\u00e9t, hogy azonnali v\u00e1laszt kapjon.<\/b><\/strong><\/h4>\n<p>&nbsp;<\/p>","protected":false},"excerpt":{"rendered":"<h4>K\u00e9miai n\u00e9v: Bromokrezol z\u00f6ld<\/h4>\n<h4>CAS: 76-60-8<\/h4>\n<h4>Molekula k\u00e9plet:C21H14Br4O5S<\/h4>\n<h4>Molekulat\u00f6meg:698,01<\/h4>\n<h4>Megjelen\u00e9s: S\u00e1rga krist\u00e1ly<\/h4>","protected":false},"featured_media":4493,"comment_status":"open","ping_status":"closed","template":"","meta":[],"product_brand":[],"product_cat":[69],"product_tag":[],"class_list":{"0":"post-4050","1":"product","2":"type-product","3":"status-publish","4":"has-post-thumbnail","6":"product_cat-catalysts-chemical-auxiliary-agents","8":"first","9":"instock","10":"shipping-taxable","11":"product-type-simple"},"yoast_head":"<!-- This site is optimized with the Yoast SEO plugin v25.3.1 - https:\/\/yoast.com\/wordpress\/plugins\/seo\/ -->\n<title>China Bromocresol green Manufacturer \uff06 Supplier - Longchang chemical Co., Ltd.<\/title>\n<meta name=\"description\" content=\"Longchang Chemical is a leading manufacturer and supplier of Bromocresol green in China. Buy Bromocresol green in china. We can provide the best Bromocresol green price.\" \/>\n<meta name=\"robots\" content=\"index, follow, max-snippet:-1, max-image-preview:large, max-video-preview:-1\" \/>\n<link rel=\"canonical\" href=\"https:\/\/longchangchemical.com\/hu\/product\/bromocresol-green-cas-76-60-8\/\" \/>\n<meta property=\"og:locale\" content=\"hu_HU\" \/>\n<meta property=\"og:type\" content=\"article\" \/>\n<meta property=\"og:title\" content=\"China Bromocresol green Manufacturer \uff06 Supplier - Longchang chemical Co., Ltd.\" \/>\n<meta property=\"og:description\" content=\"Longchang Chemical is a leading manufacturer and supplier of Bromocresol green in China. Buy Bromocresol green in china. We can provide the best Bromocresol green price.\" \/>\n<meta property=\"og:url\" content=\"https:\/\/longchangchemical.com\/hu\/product\/bromocresol-green-cas-76-60-8\/\" \/>\n<meta property=\"og:site_name\" content=\"Longchang Chemical\" \/>\n<meta property=\"article:modified_time\" content=\"2025-12-22T09:38:21+00:00\" \/>\n<meta property=\"og:image\" content=\"https:\/\/longchangchemical.com\/wp-content\/uploads\/2021\/01\/Bromocresol-green-Appearance.jpg\" \/>\n\t<meta property=\"og:image:width\" content=\"600\" \/>\n\t<meta property=\"og:image:height\" content=\"800\" \/>\n\t<meta property=\"og:image:type\" content=\"image\/jpeg\" \/>\n<meta name=\"twitter:card\" content=\"summary_large_image\" \/>\n<script type=\"application\/ld+json\" class=\"yoast-schema-graph\">{\"@context\":\"https:\/\/schema.org\",\"@graph\":[{\"@type\":\"WebPage\",\"@id\":\"https:\/\/longchangchemical.com\/product\/bromocresol-green-cas-76-60-8\/\",\"url\":\"https:\/\/longchangchemical.com\/product\/bromocresol-green-cas-76-60-8\/\",\"name\":\"China Bromocresol green Manufacturer \uff06 Supplier - Longchang chemical Co., Ltd.\",\"isPartOf\":{\"@id\":\"https:\/\/longchangchemical.com\/#website\"},\"primaryImageOfPage\":{\"@id\":\"https:\/\/longchangchemical.com\/product\/bromocresol-green-cas-76-60-8\/#primaryimage\"},\"image\":{\"@id\":\"https:\/\/longchangchemical.com\/product\/bromocresol-green-cas-76-60-8\/#primaryimage\"},\"thumbnailUrl\":\"https:\/\/longchangchemical.com\/wp-content\/uploads\/2021\/01\/Bromocresol-green-Appearance.jpg\",\"datePublished\":\"2021-04-13T12:39:17+00:00\",\"dateModified\":\"2025-12-22T09:38:21+00:00\",\"description\":\"Longchang Chemical is a leading manufacturer and supplier of Bromocresol green in China. Buy Bromocresol green in china. We can provide the best Bromocresol green price.\",\"breadcrumb\":{\"@id\":\"https:\/\/longchangchemical.com\/product\/bromocresol-green-cas-76-60-8\/#breadcrumb\"},\"inLanguage\":\"hu\",\"potentialAction\":[{\"@type\":\"ReadAction\",\"target\":[\"https:\/\/longchangchemical.com\/product\/bromocresol-green-cas-76-60-8\/\"]}]},{\"@type\":\"ImageObject\",\"inLanguage\":\"hu\",\"@id\":\"https:\/\/longchangchemical.com\/product\/bromocresol-green-cas-76-60-8\/#primaryimage\",\"url\":\"https:\/\/longchangchemical.com\/wp-content\/uploads\/2021\/01\/Bromocresol-green-Appearance.jpg\",\"contentUrl\":\"https:\/\/longchangchemical.com\/wp-content\/uploads\/2021\/01\/Bromocresol-green-Appearance.jpg\",\"width\":600,\"height\":800,\"caption\":\"Bromocresol green Appearance\"},{\"@type\":\"BreadcrumbList\",\"@id\":\"https:\/\/longchangchemical.com\/product\/bromocresol-green-cas-76-60-8\/#breadcrumb\",\"itemListElement\":[{\"@type\":\"ListItem\",\"position\":1,\"name\":\"Home\",\"item\":\"https:\/\/longchangchemical.com\/\"},{\"@type\":\"ListItem\",\"position\":2,\"name\":\"Products Longchang\",\"item\":\"https:\/\/longchangchemical.com\/product\/\"},{\"@type\":\"ListItem\",\"position\":3,\"name\":\"Bromocresol green CAS 76-60-8\"}]},{\"@type\":\"WebSite\",\"@id\":\"https:\/\/longchangchemical.com\/#website\",\"url\":\"https:\/\/longchangchemical.com\/\",\"name\":\"Longchang Chemical\",\"description\":\"China chemical manufacturer \uff06 supplier\",\"publisher\":{\"@id\":\"https:\/\/longchangchemical.com\/#organization\"},\"potentialAction\":[{\"@type\":\"SearchAction\",\"target\":{\"@type\":\"EntryPoint\",\"urlTemplate\":\"https:\/\/longchangchemical.com\/?s={search_term_string}\"},\"query-input\":{\"@type\":\"PropertyValueSpecification\",\"valueRequired\":true,\"valueName\":\"search_term_string\"}}],\"inLanguage\":\"hu\"},{\"@type\":\"Organization\",\"@id\":\"https:\/\/longchangchemical.com\/#organization\",\"name\":\"Longchang Chemical\",\"url\":\"https:\/\/longchangchemical.com\/\",\"logo\":{\"@type\":\"ImageObject\",\"inLanguage\":\"hu\",\"@id\":\"https:\/\/longchangchemical.com\/#\/schema\/logo\/image\/\",\"url\":\"https:\/\/longchangchemical.com\/wp-content\/uploads\/2020\/08\/cropped-longchang-logo.png\",\"contentUrl\":\"https:\/\/longchangchemical.com\/wp-content\/uploads\/2020\/08\/cropped-longchang-logo.png\",\"width\":512,\"height\":512,\"caption\":\"Longchang Chemical\"},\"image\":{\"@id\":\"https:\/\/longchangchemical.com\/#\/schema\/logo\/image\/\"}}]}<\/script>\n<!-- \/ Yoast SEO plugin. -->","yoast_head_json":{"title":"K\u00edna Bromokrezol z\u00f6ld gy\u00e1rt\u00f3 \uff06 sz\u00e1ll\u00edt\u00f3 - Longchang Chemical Co., Ltd.","description":"A Longchang Chemical vezet\u0151 gy\u00e1rt\u00f3ja \u00e9s sz\u00e1ll\u00edt\u00f3ja a bromokrezol z\u00f6ldnek K\u00edn\u00e1ban. V\u00e1s\u00e1roljon bromokrezol z\u00f6ldet K\u00edn\u00e1ban. A legjobb Bromokrezol z\u00f6ld \u00e1rat tudjuk biztos\u00edtani.","robots":{"index":"index","follow":"follow","max-snippet":"max-snippet:-1","max-image-preview":"max-image-preview:large","max-video-preview":"max-video-preview:-1"},"canonical":"https:\/\/longchangchemical.com\/hu\/product\/bromocresol-green-cas-76-60-8\/","og_locale":"hu_HU","og_type":"article","og_title":"China Bromocresol green Manufacturer \uff06 Supplier - Longchang chemical Co., Ltd.","og_description":"Longchang Chemical is a leading manufacturer and supplier of Bromocresol green in China. Buy Bromocresol green in china. We can provide the best Bromocresol green price.","og_url":"https:\/\/longchangchemical.com\/hu\/product\/bromocresol-green-cas-76-60-8\/","og_site_name":"Longchang Chemical","article_modified_time":"2025-12-22T09:38:21+00:00","og_image":[{"width":600,"height":800,"url":"https:\/\/longchangchemical.com\/wp-content\/uploads\/2021\/01\/Bromocresol-green-Appearance.jpg","type":"image\/jpeg"}],"twitter_card":"summary_large_image","schema":{"@context":"https:\/\/schema.org","@graph":[{"@type":"WebPage","@id":"https:\/\/longchangchemical.com\/product\/bromocresol-green-cas-76-60-8\/","url":"https:\/\/longchangchemical.com\/product\/bromocresol-green-cas-76-60-8\/","name":"K\u00edna Bromokrezol z\u00f6ld gy\u00e1rt\u00f3 \uff06 sz\u00e1ll\u00edt\u00f3 - Longchang Chemical Co., Ltd.","isPartOf":{"@id":"https:\/\/longchangchemical.com\/#website"},"primaryImageOfPage":{"@id":"https:\/\/longchangchemical.com\/product\/bromocresol-green-cas-76-60-8\/#primaryimage"},"image":{"@id":"https:\/\/longchangchemical.com\/product\/bromocresol-green-cas-76-60-8\/#primaryimage"},"thumbnailUrl":"https:\/\/longchangchemical.com\/wp-content\/uploads\/2021\/01\/Bromocresol-green-Appearance.jpg","datePublished":"2021-04-13T12:39:17+00:00","dateModified":"2025-12-22T09:38:21+00:00","description":"A Longchang Chemical vezet\u0151 gy\u00e1rt\u00f3ja \u00e9s sz\u00e1ll\u00edt\u00f3ja a bromokrezol z\u00f6ldnek K\u00edn\u00e1ban. V\u00e1s\u00e1roljon bromokrezol z\u00f6ldet K\u00edn\u00e1ban. A legjobb Bromokrezol z\u00f6ld \u00e1rat tudjuk biztos\u00edtani.","breadcrumb":{"@id":"https:\/\/longchangchemical.com\/product\/bromocresol-green-cas-76-60-8\/#breadcrumb"},"inLanguage":"hu","potentialAction":[{"@type":"ReadAction","target":["https:\/\/longchangchemical.com\/product\/bromocresol-green-cas-76-60-8\/"]}]},{"@type":"ImageObject","inLanguage":"hu","@id":"https:\/\/longchangchemical.com\/product\/bromocresol-green-cas-76-60-8\/#primaryimage","url":"https:\/\/longchangchemical.com\/wp-content\/uploads\/2021\/01\/Bromocresol-green-Appearance.jpg","contentUrl":"https:\/\/longchangchemical.com\/wp-content\/uploads\/2021\/01\/Bromocresol-green-Appearance.jpg","width":600,"height":800,"caption":"Bromocresol green Appearance"},{"@type":"BreadcrumbList","@id":"https:\/\/longchangchemical.com\/product\/bromocresol-green-cas-76-60-8\/#breadcrumb","itemListElement":[{"@type":"ListItem","position":1,"name":"Home","item":"https:\/\/longchangchemical.com\/"},{"@type":"ListItem","position":2,"name":"Products Longchang","item":"https:\/\/longchangchemical.com\/product\/"},{"@type":"ListItem","position":3,"name":"Bromocresol green CAS 76-60-8"}]},{"@type":"WebSite","@id":"https:\/\/longchangchemical.com\/#website","url":"https:\/\/longchangchemical.com\/","name":"Longchang Chemical","description":"K\u00edna k\u00e9miai gy\u00e1rt\u00f3 \uff06 sz\u00e1ll\u00edt\u00f3","publisher":{"@id":"https:\/\/longchangchemical.com\/#organization"},"potentialAction":[{"@type":"SearchAction","target":{"@type":"EntryPoint","urlTemplate":"https:\/\/longchangchemical.com\/?s={search_term_string}"},"query-input":{"@type":"PropertyValueSpecification","valueRequired":true,"valueName":"search_term_string"}}],"inLanguage":"hu"},{"@type":"Organization","@id":"https:\/\/longchangchemical.com\/#organization","name":"Longchang Chemical","url":"https:\/\/longchangchemical.com\/","logo":{"@type":"ImageObject","inLanguage":"hu","@id":"https:\/\/longchangchemical.com\/#\/schema\/logo\/image\/","url":"https:\/\/longchangchemical.com\/wp-content\/uploads\/2020\/08\/cropped-longchang-logo.png","contentUrl":"https:\/\/longchangchemical.com\/wp-content\/uploads\/2020\/08\/cropped-longchang-logo.png","width":512,"height":512,"caption":"Longchang Chemical"},"image":{"@id":"https:\/\/longchangchemical.com\/#\/schema\/logo\/image\/"}}]}},"_links":{"self":[{"href":"https:\/\/longchangchemical.com\/hu\/wp-json\/wp\/v2\/product\/4050","targetHints":{"allow":["GET"]}}],"collection":[{"href":"https:\/\/longchangchemical.com\/hu\/wp-json\/wp\/v2\/product"}],"about":[{"href":"https:\/\/longchangchemical.com\/hu\/wp-json\/wp\/v2\/types\/product"}],"replies":[{"embeddable":true,"href":"https:\/\/longchangchemical.com\/hu\/wp-json\/wp\/v2\/comments?post=4050"}],"wp:featuredmedia":[{"embeddable":true,"href":"https:\/\/longchangchemical.com\/hu\/wp-json\/wp\/v2\/media\/4493"}],"wp:attachment":[{"href":"https:\/\/longchangchemical.com\/hu\/wp-json\/wp\/v2\/media?parent=4050"}],"wp:term":[{"taxonomy":"product_brand","embeddable":true,"href":"https:\/\/longchangchemical.com\/hu\/wp-json\/wp\/v2\/product_brand?post=4050"},{"taxonomy":"product_cat","embeddable":true,"href":"https:\/\/longchangchemical.com\/hu\/wp-json\/wp\/v2\/product_cat?post=4050"},{"taxonomy":"product_tag","embeddable":true,"href":"https:\/\/longchangchemical.com\/hu\/wp-json\/wp\/v2\/product_tag?post=4050"}],"curies":[{"name":"wp","href":"https:\/\/api.w.org\/{rel}","templated":true}]}}