{"id":4046,"date":"2021-07-28T05:58:34","date_gmt":"2021-07-28T05:58:34","guid":{"rendered":"https:\/\/longchangchemical.com\/?post_type=product&#038;p=4046"},"modified":"2025-12-22T07:56:10","modified_gmt":"2025-12-22T07:56:10","slug":"lauroyl-chloride-cas-112-16-3","status":"publish","type":"product","link":"https:\/\/longchangchemical.com\/hu\/product\/lauroyl-chloride-cas-112-16-3\/","title":{"rendered":"Lauroil-klorid \/ dodecil-klorid CAS 112-16-3"},"content":{"rendered":"<h1>Lauroil-klorid \/ dodecil-klorid CAS 112-16-3<\/h1>\n<div>\n<table class=\"table-1\">\n<tbody>\n<tr align=\"center\">\n<td>\n<h4>T\u00e9tel<\/h4>\n<\/td>\n<td>\n<h4>M\u0171szaki adatok<\/h4>\n<\/td>\n<td>\n<h4>Eredm\u00e9nyek<\/h4>\n<\/td>\n<\/tr>\n<tr align=\"center\">\n<td>\n<h4>Megjelen\u00e9s<\/h4>\n<\/td>\n<td>\n<h4>Sz\u00edntelen vagy halv\u00e1nys\u00e1rga olajos folyad\u00e9k<\/h4>\n<\/td>\n<td>\n<h4>Sz\u00edntelen olajos folyad\u00e9k<\/h4>\n<\/td>\n<\/tr>\n<tr align=\"center\">\n<td>\n<h4>Tartalom<\/h4>\n<\/td>\n<td>\n<h4>\u226598.0%<\/h4>\n<\/td>\n<td>\n<h4>98.29%<\/h4>\n<\/td>\n<\/tr>\n<tr align=\"center\">\n<td>\n<h4>Foszfid<\/h4>\n<\/td>\n<td>\n<h4>\u22640,30%<\/h4>\n<\/td>\n<td>\n<h4>0.13%<\/h4>\n<\/td>\n<\/tr>\n<tr align=\"center\">\n<td>\n<h4>Lauric<\/h4>\n<\/td>\n<td>\n<h4>\u22640,50%<\/h4>\n<\/td>\n<td>\n<h4>0.49%<\/h4>\n<\/td>\n<\/tr>\n<tr align=\"center\">\n<td>\n<h4>Klorid<\/h4>\n<\/td>\n<td>\n<h4>\u22641.0%<\/h4>\n<\/td>\n<td>\n<h4>0.24%<\/h4>\n<\/td>\n<\/tr>\n<tr align=\"center\">\n<td>\n<h4>K\u00f6vetkeztet\u00e9s<\/h4>\n<\/td>\n<td colspan=\"2\">\n<h4>Az eredm\u00e9nyek megfelelnek az Enterprise szabv\u00e1nyoknak<\/h4>\n<\/td>\n<\/tr>\n<\/tbody>\n<\/table>\n<p>&nbsp;<\/p>\n<p><strong>Ez a term\u00e9k helyettes\u00edtheti a dodekanoil-kloridot; n-dodekanoil-klorid.<\/strong><\/p>\n<p>&nbsp;<\/p>\n<h2><strong>Lauroil-klorid Haszn\u00e1lat<\/strong><\/h2>\n<h4>1. Ez a term\u00e9k k\u00f6ztes term\u00e9kk\u00e9nt haszn\u00e1lhat\u00f3 a gy\u00f3gyszer\u00e9szetben \u00e9s a szerves szint\u00e9zisben.<\/h4>\n<h4>2. A lauroil-klorid fel\u00fcletakt\u00edv anyagk\u00e9nt \u00e9s acil\u00e1l\u00f3szerk\u00e9nt haszn\u00e1lhat\u00f3 m\u00e1s szerves vegyi anyagok szint\u00e9zis\u00e9hez.<\/h4>\n<h4>3. Ez a term\u00e9k k\u00e9pes el\u0151\u00e1ll\u00edtani <a href=\"https:\/\/longchangchemical.com\/hu\/product\/n-lauroyl-l-glutamic-acid-cas-3397-65-7\/\"><span style=\"color: #3366ff;\">N-lauroil-l-glutaminsav<\/span><\/a>.<\/h4>\n<p><strong><b>P<\/b><\/strong><strong><b>ackag<\/b><\/strong><strong><b>e<\/b><\/strong><strong><b>:<\/b><\/strong>180kg\/dob.<\/p>\n<p><strong><b>\u00a0<\/b><\/strong><\/p>\n<p><strong><b>T\u00e1rol\u00e1s: <\/b><\/strong><\/p>\n<p>Sz\u00e1raz, tiszta, j\u00f3l szell\u0151z\u0151 rakt\u00e1rban tartj\u00e1k.<\/p>\n<p>Ker\u00fclje a f\u00e9nynek \u00e9s a meleg\u00edt\u00e9snek val\u00f3 kitetts\u00e9get.<\/p>\n<p>A term\u00e9k v\u00e9delme a sziv\u00e1rg\u00e1st\u00f3l, es\u0151t\u0151l \u00e9s a szigetel\u00e9st\u0151l sz\u00e1ll\u00edt\u00e1s k\u00f6zben.<\/p>\n<\/div>\n<h2><strong><b>L\u00e9pjen kapcsolatba vel\u00fcnk most!<\/b><\/strong><\/h2>\n<h4><strong><b>Ha \u00e1rra van sz\u00fcks\u00e9ge, k\u00e9rj\u00fck, t\u00f6ltse ki el\u00e9rhet\u0151s\u00e9g\u00e9t az al\u00e1bbi \u0171rlapon, \u00e1ltal\u00e1ban 24 \u00f3r\u00e1n bel\u00fcl felvessz\u00fck \u00d6nnel a kapcsolatot. \u00d6n is k\u00fcldhet nekem e-mailt <span style=\"color: #0000ff;\"><a style=\"color: #0000ff;\" href=\"mailto:info@longchangchemical.com\">info@longchangchemical.com<\/a><\/span> munkaid\u0151ben ( 8:30-18:00 UTC+8 H.-Szombat ) vagy haszn\u00e1lja a weboldal \u00e9l\u0151 chatj\u00e9t, hogy azonnali v\u00e1laszt kapjon.<\/b><\/strong><\/h4>","protected":false},"excerpt":{"rendered":"<h4>K\u00e9miai n\u00e9v: Lauroil-klorid<\/h4>\n<h4>Egy\u00e9b n\u00e9v: dodekanoil-klorid; n-dodekanoil-klorid<\/h4>\n<h4>CAS: 112-16-3<\/h4>\n<h4>Molekul\u00e1ris k\u00e9plet:C12H23ClO<\/h4>\n<h4>Molekulat\u00f6meg:218,76<\/h4>\n<h4>K\u00e9miai szerkezet:<img decoding=\"async\" title=\"Lauroil-klorid Szerkezet\" src=\"https:\/\/www.longchangchemical.com\/wp-content\/uploads\/product-details\/20200616057609.png\" alt=\"Lauroil-klorid Szerkezet\" width=\"217\" height=\"46\" border=\"0\" vspace=\"0\" \/><\/h4>\n<h4>Megjelen\u00e9s: Sz\u00edntelen folyad\u00e9k<\/h4>\n<h4>Tisztas\u00e1g: 98%<\/h4>","protected":false},"featured_media":4743,"comment_status":"open","ping_status":"closed","template":"","meta":[],"product_brand":[],"product_cat":[69],"product_tag":[],"class_list":{"0":"post-4046","1":"product","2":"type-product","3":"status-publish","4":"has-post-thumbnail","6":"product_cat-catalysts-chemical-auxiliary-agents","8":"first","9":"instock","10":"shipping-taxable","11":"product-type-simple"},"yoast_head":"<!-- This site is optimized with the Yoast SEO plugin v25.3.1 - https:\/\/yoast.com\/wordpress\/plugins\/seo\/ -->\n<title>China Lauroyl chloride manufacturer \uff06 112-16-3 supplier - Longchang Chemical<\/title>\n<meta name=\"description\" content=\"Lauroyl chloride for the synthesis of dodecanoyl peroxide, sodium lauroyl polycondensed amino acids, Longchang Chemical is a china Leading Lauroyl chloride manufacturer and supplier. We can provide the best Lauroyl chloride price. Dodecanoyl chloride; n-dodecanoyl chloride.\" \/>\n<meta name=\"robots\" content=\"index, follow, max-snippet:-1, max-image-preview:large, max-video-preview:-1\" \/>\n<link rel=\"canonical\" href=\"https:\/\/longchangchemical.com\/hu\/product\/lauroyl-chloride-cas-112-16-3\/\" \/>\n<meta property=\"og:locale\" content=\"hu_HU\" \/>\n<meta property=\"og:type\" content=\"article\" \/>\n<meta property=\"og:title\" content=\"China Lauroyl chloride manufacturer \uff06 112-16-3 supplier - Longchang Chemical\" \/>\n<meta property=\"og:description\" content=\"Lauroyl chloride for the synthesis of dodecanoyl peroxide, sodium lauroyl polycondensed amino acids, Longchang Chemical is a china Leading Lauroyl chloride manufacturer and supplier. We can provide the best Lauroyl chloride price. Dodecanoyl chloride; n-dodecanoyl chloride.\" \/>\n<meta property=\"og:url\" content=\"https:\/\/longchangchemical.com\/hu\/product\/lauroyl-chloride-cas-112-16-3\/\" \/>\n<meta property=\"og:site_name\" content=\"Longchang Chemical\" \/>\n<meta property=\"article:modified_time\" content=\"2025-12-22T07:56:10+00:00\" \/>\n<meta property=\"og:image\" content=\"https:\/\/longchangchemical.com\/wp-content\/uploads\/2021\/01\/Lauroyl-chloride-appearance.jpg\" \/>\n\t<meta property=\"og:image:width\" content=\"600\" \/>\n\t<meta property=\"og:image:height\" content=\"800\" \/>\n\t<meta property=\"og:image:type\" content=\"image\/jpeg\" \/>\n<meta name=\"twitter:card\" content=\"summary_large_image\" \/>\n<script type=\"application\/ld+json\" class=\"yoast-schema-graph\">{\"@context\":\"https:\/\/schema.org\",\"@graph\":[{\"@type\":\"WebPage\",\"@id\":\"https:\/\/longchangchemical.com\/product\/lauroyl-chloride-cas-112-16-3\/\",\"url\":\"https:\/\/longchangchemical.com\/product\/lauroyl-chloride-cas-112-16-3\/\",\"name\":\"China Lauroyl chloride manufacturer \uff06 112-16-3 supplier - Longchang Chemical\",\"isPartOf\":{\"@id\":\"https:\/\/longchangchemical.com\/#website\"},\"primaryImageOfPage\":{\"@id\":\"https:\/\/longchangchemical.com\/product\/lauroyl-chloride-cas-112-16-3\/#primaryimage\"},\"image\":{\"@id\":\"https:\/\/longchangchemical.com\/product\/lauroyl-chloride-cas-112-16-3\/#primaryimage\"},\"thumbnailUrl\":\"https:\/\/longchangchemical.com\/wp-content\/uploads\/2021\/01\/Lauroyl-chloride-appearance.jpg\",\"datePublished\":\"2021-07-28T05:58:34+00:00\",\"dateModified\":\"2025-12-22T07:56:10+00:00\",\"description\":\"Lauroyl chloride for the synthesis of dodecanoyl peroxide, sodium lauroyl polycondensed amino acids, Longchang Chemical is a china Leading Lauroyl chloride manufacturer and supplier. We can provide the best Lauroyl chloride price. Dodecanoyl chloride; n-dodecanoyl chloride.\",\"breadcrumb\":{\"@id\":\"https:\/\/longchangchemical.com\/product\/lauroyl-chloride-cas-112-16-3\/#breadcrumb\"},\"inLanguage\":\"hu\",\"potentialAction\":[{\"@type\":\"ReadAction\",\"target\":[\"https:\/\/longchangchemical.com\/product\/lauroyl-chloride-cas-112-16-3\/\"]}]},{\"@type\":\"ImageObject\",\"inLanguage\":\"hu\",\"@id\":\"https:\/\/longchangchemical.com\/product\/lauroyl-chloride-cas-112-16-3\/#primaryimage\",\"url\":\"https:\/\/longchangchemical.com\/wp-content\/uploads\/2021\/01\/Lauroyl-chloride-appearance.jpg\",\"contentUrl\":\"https:\/\/longchangchemical.com\/wp-content\/uploads\/2021\/01\/Lauroyl-chloride-appearance.jpg\",\"width\":600,\"height\":800},{\"@type\":\"BreadcrumbList\",\"@id\":\"https:\/\/longchangchemical.com\/product\/lauroyl-chloride-cas-112-16-3\/#breadcrumb\",\"itemListElement\":[{\"@type\":\"ListItem\",\"position\":1,\"name\":\"Home\",\"item\":\"https:\/\/longchangchemical.com\/\"},{\"@type\":\"ListItem\",\"position\":2,\"name\":\"Products Longchang\",\"item\":\"https:\/\/longchangchemical.com\/product\/\"},{\"@type\":\"ListItem\",\"position\":3,\"name\":\"Lauroyl chloride \/ Dodecyl chloride CAS 112-16-3\"}]},{\"@type\":\"WebSite\",\"@id\":\"https:\/\/longchangchemical.com\/#website\",\"url\":\"https:\/\/longchangchemical.com\/\",\"name\":\"Longchang Chemical\",\"description\":\"China chemical manufacturer \uff06 supplier\",\"publisher\":{\"@id\":\"https:\/\/longchangchemical.com\/#organization\"},\"potentialAction\":[{\"@type\":\"SearchAction\",\"target\":{\"@type\":\"EntryPoint\",\"urlTemplate\":\"https:\/\/longchangchemical.com\/?s={search_term_string}\"},\"query-input\":{\"@type\":\"PropertyValueSpecification\",\"valueRequired\":true,\"valueName\":\"search_term_string\"}}],\"inLanguage\":\"hu\"},{\"@type\":\"Organization\",\"@id\":\"https:\/\/longchangchemical.com\/#organization\",\"name\":\"Longchang Chemical\",\"url\":\"https:\/\/longchangchemical.com\/\",\"logo\":{\"@type\":\"ImageObject\",\"inLanguage\":\"hu\",\"@id\":\"https:\/\/longchangchemical.com\/#\/schema\/logo\/image\/\",\"url\":\"https:\/\/longchangchemical.com\/wp-content\/uploads\/2020\/08\/cropped-longchang-logo.png\",\"contentUrl\":\"https:\/\/longchangchemical.com\/wp-content\/uploads\/2020\/08\/cropped-longchang-logo.png\",\"width\":512,\"height\":512,\"caption\":\"Longchang Chemical\"},\"image\":{\"@id\":\"https:\/\/longchangchemical.com\/#\/schema\/logo\/image\/\"}}]}<\/script>\n<!-- \/ Yoast SEO plugin. -->","yoast_head_json":{"title":"K\u00edna Lauroil-klorid gy\u00e1rt\u00f3 \uff06 112-16-3 sz\u00e1ll\u00edt\u00f3 - Longchang Chemical","description":"Lauroil-klorid a dodekanoil-peroxid, n\u00e1trium-lauroil-polikondenz\u00e1lt aminosavak szint\u00e9zis\u00e9hez, Longchang Chemical egy vezet\u0151 k\u00ednai vezet\u0151 lauroil-klorid gy\u00e1rt\u00f3 \u00e9s sz\u00e1ll\u00edt\u00f3. A legjobb Lauroil-klorid \u00e1rat tudjuk biztos\u00edtani. Dodekanoil-klorid; n-dodekanoil-klorid.","robots":{"index":"index","follow":"follow","max-snippet":"max-snippet:-1","max-image-preview":"max-image-preview:large","max-video-preview":"max-video-preview:-1"},"canonical":"https:\/\/longchangchemical.com\/hu\/product\/lauroyl-chloride-cas-112-16-3\/","og_locale":"hu_HU","og_type":"article","og_title":"China Lauroyl chloride manufacturer \uff06 112-16-3 supplier - Longchang Chemical","og_description":"Lauroyl chloride for the synthesis of dodecanoyl peroxide, sodium lauroyl polycondensed amino acids, Longchang Chemical is a china Leading Lauroyl chloride manufacturer and supplier. We can provide the best Lauroyl chloride price. Dodecanoyl chloride; n-dodecanoyl chloride.","og_url":"https:\/\/longchangchemical.com\/hu\/product\/lauroyl-chloride-cas-112-16-3\/","og_site_name":"Longchang Chemical","article_modified_time":"2025-12-22T07:56:10+00:00","og_image":[{"width":600,"height":800,"url":"https:\/\/longchangchemical.com\/wp-content\/uploads\/2021\/01\/Lauroyl-chloride-appearance.jpg","type":"image\/jpeg"}],"twitter_card":"summary_large_image","schema":{"@context":"https:\/\/schema.org","@graph":[{"@type":"WebPage","@id":"https:\/\/longchangchemical.com\/product\/lauroyl-chloride-cas-112-16-3\/","url":"https:\/\/longchangchemical.com\/product\/lauroyl-chloride-cas-112-16-3\/","name":"K\u00edna Lauroil-klorid gy\u00e1rt\u00f3 \uff06 112-16-3 sz\u00e1ll\u00edt\u00f3 - Longchang Chemical","isPartOf":{"@id":"https:\/\/longchangchemical.com\/#website"},"primaryImageOfPage":{"@id":"https:\/\/longchangchemical.com\/product\/lauroyl-chloride-cas-112-16-3\/#primaryimage"},"image":{"@id":"https:\/\/longchangchemical.com\/product\/lauroyl-chloride-cas-112-16-3\/#primaryimage"},"thumbnailUrl":"https:\/\/longchangchemical.com\/wp-content\/uploads\/2021\/01\/Lauroyl-chloride-appearance.jpg","datePublished":"2021-07-28T05:58:34+00:00","dateModified":"2025-12-22T07:56:10+00:00","description":"Lauroil-klorid a dodekanoil-peroxid, n\u00e1trium-lauroil-polikondenz\u00e1lt aminosavak szint\u00e9zis\u00e9hez, Longchang Chemical egy vezet\u0151 k\u00ednai vezet\u0151 lauroil-klorid gy\u00e1rt\u00f3 \u00e9s sz\u00e1ll\u00edt\u00f3. A legjobb Lauroil-klorid \u00e1rat tudjuk biztos\u00edtani. Dodekanoil-klorid; n-dodekanoil-klorid.","breadcrumb":{"@id":"https:\/\/longchangchemical.com\/product\/lauroyl-chloride-cas-112-16-3\/#breadcrumb"},"inLanguage":"hu","potentialAction":[{"@type":"ReadAction","target":["https:\/\/longchangchemical.com\/product\/lauroyl-chloride-cas-112-16-3\/"]}]},{"@type":"ImageObject","inLanguage":"hu","@id":"https:\/\/longchangchemical.com\/product\/lauroyl-chloride-cas-112-16-3\/#primaryimage","url":"https:\/\/longchangchemical.com\/wp-content\/uploads\/2021\/01\/Lauroyl-chloride-appearance.jpg","contentUrl":"https:\/\/longchangchemical.com\/wp-content\/uploads\/2021\/01\/Lauroyl-chloride-appearance.jpg","width":600,"height":800},{"@type":"BreadcrumbList","@id":"https:\/\/longchangchemical.com\/product\/lauroyl-chloride-cas-112-16-3\/#breadcrumb","itemListElement":[{"@type":"ListItem","position":1,"name":"Home","item":"https:\/\/longchangchemical.com\/"},{"@type":"ListItem","position":2,"name":"Products Longchang","item":"https:\/\/longchangchemical.com\/product\/"},{"@type":"ListItem","position":3,"name":"Lauroyl chloride \/ Dodecyl chloride CAS 112-16-3"}]},{"@type":"WebSite","@id":"https:\/\/longchangchemical.com\/#website","url":"https:\/\/longchangchemical.com\/","name":"Longchang Chemical","description":"K\u00edna k\u00e9miai gy\u00e1rt\u00f3 \uff06 sz\u00e1ll\u00edt\u00f3","publisher":{"@id":"https:\/\/longchangchemical.com\/#organization"},"potentialAction":[{"@type":"SearchAction","target":{"@type":"EntryPoint","urlTemplate":"https:\/\/longchangchemical.com\/?s={search_term_string}"},"query-input":{"@type":"PropertyValueSpecification","valueRequired":true,"valueName":"search_term_string"}}],"inLanguage":"hu"},{"@type":"Organization","@id":"https:\/\/longchangchemical.com\/#organization","name":"Longchang Chemical","url":"https:\/\/longchangchemical.com\/","logo":{"@type":"ImageObject","inLanguage":"hu","@id":"https:\/\/longchangchemical.com\/#\/schema\/logo\/image\/","url":"https:\/\/longchangchemical.com\/wp-content\/uploads\/2020\/08\/cropped-longchang-logo.png","contentUrl":"https:\/\/longchangchemical.com\/wp-content\/uploads\/2020\/08\/cropped-longchang-logo.png","width":512,"height":512,"caption":"Longchang Chemical"},"image":{"@id":"https:\/\/longchangchemical.com\/#\/schema\/logo\/image\/"}}]}},"_links":{"self":[{"href":"https:\/\/longchangchemical.com\/hu\/wp-json\/wp\/v2\/product\/4046","targetHints":{"allow":["GET"]}}],"collection":[{"href":"https:\/\/longchangchemical.com\/hu\/wp-json\/wp\/v2\/product"}],"about":[{"href":"https:\/\/longchangchemical.com\/hu\/wp-json\/wp\/v2\/types\/product"}],"replies":[{"embeddable":true,"href":"https:\/\/longchangchemical.com\/hu\/wp-json\/wp\/v2\/comments?post=4046"}],"wp:featuredmedia":[{"embeddable":true,"href":"https:\/\/longchangchemical.com\/hu\/wp-json\/wp\/v2\/media\/4743"}],"wp:attachment":[{"href":"https:\/\/longchangchemical.com\/hu\/wp-json\/wp\/v2\/media?parent=4046"}],"wp:term":[{"taxonomy":"product_brand","embeddable":true,"href":"https:\/\/longchangchemical.com\/hu\/wp-json\/wp\/v2\/product_brand?post=4046"},{"taxonomy":"product_cat","embeddable":true,"href":"https:\/\/longchangchemical.com\/hu\/wp-json\/wp\/v2\/product_cat?post=4046"},{"taxonomy":"product_tag","embeddable":true,"href":"https:\/\/longchangchemical.com\/hu\/wp-json\/wp\/v2\/product_tag?post=4046"}],"curies":[{"name":"wp","href":"https:\/\/api.w.org\/{rel}","templated":true}]}}