{"id":4002,"date":"2021-02-07T14:11:11","date_gmt":"2021-02-07T14:11:11","guid":{"rendered":"https:\/\/longchangchemical.com\/?post_type=product&#038;p=4002"},"modified":"2021-04-19T01:08:01","modified_gmt":"2021-04-19T01:08:01","slug":"amps-cas-15214-89-8","status":"publish","type":"product","link":"https:\/\/longchangchemical.com\/hu\/product\/amps-cas-15214-89-8\/","title":{"rendered":"2-Akrilamid-2-metilprop\u00e1n-szulfonsav \/ AMPS CAS 15214-89-8"},"content":{"rendered":"<h1>2-Akrilamid-2-metilprop\u00e1n-szulfonsav \/ AMPS CAS 15214-89-8<\/h1>\n<table class=\"table-1\">\n<tbody>\n<tr>\n<td width=\"291\">\n<h4>T\u00e9telek<\/h4>\n<\/td>\n<td width=\"231\">\n<h4>M\u0171szaki adatok<\/h4>\n<\/td>\n<\/tr>\n<tr>\n<td width=\"291\">\n<h4>Megjelen\u00e9s<\/h4>\n<\/td>\n<td width=\"231\">\n<h4>\u00a0Feh\u00e9r krist\u00e1lypor<\/h4>\n<\/td>\n<\/tr>\n<tr>\n<td width=\"291\">\n<h4>Tisztas\u00e1g (%)<\/h4>\n<\/td>\n<td width=\"231\">\n<h4>\u00a0\u226598.0<\/h4>\n<\/td>\n<\/tr>\n<tr>\n<td width=\"291\">\n<h4>Nem ill\u00e9kony anyag(%)<\/h4>\n<\/td>\n<td width=\"231\">\n<h4>\u00a0\u226599.0<\/h4>\n<\/td>\n<\/tr>\n<tr>\n<td width=\"291\">\n<h4>Vastartalom (%)<\/h4>\n<\/td>\n<td width=\"231\">\n<h4>\u00a0\u22640.6<\/h4>\n<\/td>\n<\/tr>\n<tr>\n<td width=\"291\">\n<h4>Savass\u00e1g (mgKOH\/g)<\/h4>\n<\/td>\n<td width=\"231\">\n<h4>\u00a0272-278<\/h4>\n<\/td>\n<\/tr>\n<tr>\n<td width=\"291\">\n<h4>Chroma (25% vizes oldat), Co-Pt<\/h4>\n<\/td>\n<td width=\"231\">\n<h4>\u226420<\/h4>\n<\/td>\n<\/tr>\n<tr>\n<td width=\"291\">\n<h4>V\u00edz (%)<\/h4>\n<\/td>\n<td width=\"231\">\n<h4>\u22640.2<\/h4>\n<\/td>\n<\/tr>\n<\/tbody>\n<\/table>\n<p>&nbsp;<\/p>\n<h2><strong>2-akrilamid-2-metilprop\u00e1n-szulfonsav felhaszn\u00e1l\u00e1s<\/strong><\/h2>\n<h4>1. A 2-akrilamid-2-metil-1-prop\u00e1n-szulfonsav (AMPS) polimeriz\u00e1lhat\u00f3 vinil- \u00e9s hidrofil szulfonsavcsoportokat tartalmaz a molekul\u00e1ban. Kombin\u00e1lhat\u00f3 v\u00edzben old\u00f3d\u00f3 monomerekkel, p\u00e9ld\u00e1ul akrilnitrillel \u00e9s akrilamiddal. , sztirol, vinil-klorid \u00e9s m\u00e1s nem v\u00edzben old\u00f3d\u00f3 monomerekkel.<\/h4>\n<h4>2. Hidrofil szulfonsavcsoportok bevitele a polimerbe, hogy a sz\u00e1lakat, filmeket stb. higroszk\u00f3poss\u00e1, v\u00edz\u00e1tereszt\u0151v\u00e9 \u00e9s vezet\u0151k\u00e9pess\u00e9 tegy\u00fck.<\/h4>\n<h4>3. Az AMPS haszn\u00e1lhat\u00f3 a pap\u00edriparban \u00e9s a szennyv\u00edzkezel\u00e9sben. Bevonatm\u00f3dos\u00edt\u00f3k\u00e9nt, sz\u00e1lm\u00f3dos\u00edt\u00f3k\u00e9nt \u00e9s orvosi polimerk\u00e9nt haszn\u00e1lj\u00e1k.<\/h4>\n<h4>4. A 2-akrilamid-2-metilprop\u00e1nszulfonsav homopolimeriz\u00e1lhat\u00f3 vagy kopolimeriz\u00e1lhat\u00f3.<\/h4>\n<h4>5. A 2-akrilamid-2-metilprop\u00e1nszulfonsav \u00e1tlagos polimeriz\u00e1ci\u00f3s h\u0151je v\u00edzben 22 kcal\/koolamid haszn\u00e1lhat\u00f3 polimeriz\u00e1ci\u00f3s k\u00f6zegk\u00e9nt. \u00c1ltal\u00e1ban v\u00edzoldhat\u00f3 amm\u00f3nium-perszulf\u00e1tot, hidrog\u00e9n-peroxidot stb. haszn\u00e1lnak inici\u00e1tork\u00e9nt. A 2-akrilamid-2-metilprop\u00e1nszulfonsavval \u00e1ltal\u00e1nosan haszn\u00e1lt monomer az akrilnitril.<\/h4>\n<p>&nbsp;<\/p>\n<h2><strong>2-Akrilamid-2-metilprop\u00e1n-szulfonsav csomagol\u00e1sa<\/strong><\/h2>\n<h4>25KG\/zs\u00e1k<\/h4>\n<p>&nbsp;<\/p>\n<h2><strong>2-Akrilamid-2-metilprop\u00e1n-szulfonsav t\u00e1rol\u00e1sa<\/strong><\/h2>\n<h4>H\u0171v\u00f6s, sz\u00e1raz \u00e9s szell\u0151s helyen.<\/h4>\n<p>&nbsp;<\/p>\n<h2><strong><b>L\u00e9pjen kapcsolatba vel\u00fcnk most!<\/b><\/strong><\/h2>\n<h4><strong><b>Egyedi szolg\u00e1ltat\u00e1sokat ny\u00fajtunk, \u00e1ltal\u00e1ban 24 \u00f3r\u00e1n bel\u00fcl felvessz\u00fck \u00d6nnel a kapcsolatot. A munkaid\u0151ben ( 8:30-18:00 UTC+8 H.~Szombat ) az info@longchangchemical.com e-mail c\u00edmen is k\u00fcldhet e-mailt, vagy haszn\u00e1lhatja a weboldal \u00e9l\u0151 chatj\u00e9t, hogy gyors v\u00e1laszt kapjon.<\/b><\/strong><\/h4>","protected":false},"excerpt":{"rendered":"<h4>Term\u00e9k neve: metilprop\u00e1n-szulfonsav: 2-Akrilamid-2-metilprop\u00e1n-szulfonsav<\/h4>\n<h4>Egy\u00e9b n\u00e9v: AMPS<\/h4>\n<h4>CAS-SZ\u00c1M: 15214-89-8<\/h4>\n<h4>K\u00e9plet: FORMULA: C7H13N04S<\/h4>\n<h4>K\u00e9miai szerkezet:<img decoding=\"async\" title=\"2-Acrylamido-2-Methylprop\u00e1n-szulfonsav szerkezete\" src=\"https:\/\/www.longchangchemical.com\/wp-content\/uploads\/product-details\/20200616331729.png\" alt=\"2-Acrylamido-2-Methylprop\u00e1n-szulfonsav szerkezete\" width=\"127\" height=\"54\" border=\"0\" vspace=\"0\" \/><\/h4>\n<h4>Molekulat\u00f6meg:183<\/h4>\n<h4>Pr\u00f3ba: 98%<\/h4>","protected":false},"featured_media":4352,"comment_status":"open","ping_status":"closed","template":"","meta":[],"product_brand":[],"product_cat":[69],"product_tag":[],"class_list":{"0":"post-4002","1":"product","2":"type-product","3":"status-publish","4":"has-post-thumbnail","6":"product_cat-catalysts-chemical-auxiliary-agents","8":"first","9":"instock","10":"shipping-taxable","11":"product-type-simple"},"yoast_head":"<!-- This site is optimized with the Yoast SEO plugin v25.3.1 - https:\/\/yoast.com\/wordpress\/plugins\/seo\/ -->\n<title>China AMPS Manufacturer \uff06 15214-89-8 Supplier - Longchang chemical Co., Ltd.<\/title>\n<meta name=\"description\" content=\"Longchang Chemical is a leading manufacturer and supplier of 2-Acrylamido-2-Methylpropane Sulfonic Acid in China. Buy AMPS in china. We can provide the best AMPS price.\" \/>\n<meta name=\"robots\" content=\"index, follow, max-snippet:-1, max-image-preview:large, max-video-preview:-1\" \/>\n<link rel=\"canonical\" href=\"https:\/\/longchangchemical.com\/hu\/product\/amps-cas-15214-89-8\/\" \/>\n<meta property=\"og:locale\" content=\"hu_HU\" \/>\n<meta property=\"og:type\" content=\"article\" \/>\n<meta property=\"og:title\" content=\"China AMPS Manufacturer \uff06 15214-89-8 Supplier - Longchang chemical Co., Ltd.\" \/>\n<meta property=\"og:description\" content=\"Longchang Chemical is a leading manufacturer and supplier of 2-Acrylamido-2-Methylpropane Sulfonic Acid in China. Buy AMPS in china. We can provide the best AMPS price.\" \/>\n<meta property=\"og:url\" content=\"https:\/\/longchangchemical.com\/hu\/product\/amps-cas-15214-89-8\/\" \/>\n<meta property=\"og:site_name\" content=\"Longchang Chemical\" \/>\n<meta property=\"article:modified_time\" content=\"2021-04-19T01:08:01+00:00\" \/>\n<meta property=\"og:image\" content=\"https:\/\/longchangchemical.com\/wp-content\/uploads\/2021\/02\/AMPS-Appearance.jpg\" \/>\n\t<meta property=\"og:image:width\" content=\"600\" \/>\n\t<meta property=\"og:image:height\" content=\"800\" \/>\n\t<meta property=\"og:image:type\" content=\"image\/jpeg\" \/>\n<meta name=\"twitter:card\" content=\"summary_large_image\" \/>\n<script type=\"application\/ld+json\" class=\"yoast-schema-graph\">{\"@context\":\"https:\/\/schema.org\",\"@graph\":[{\"@type\":\"WebPage\",\"@id\":\"https:\/\/longchangchemical.com\/product\/amps-cas-15214-89-8\/\",\"url\":\"https:\/\/longchangchemical.com\/product\/amps-cas-15214-89-8\/\",\"name\":\"China AMPS Manufacturer \uff06 15214-89-8 Supplier - Longchang chemical Co., Ltd.\",\"isPartOf\":{\"@id\":\"https:\/\/longchangchemical.com\/#website\"},\"primaryImageOfPage\":{\"@id\":\"https:\/\/longchangchemical.com\/product\/amps-cas-15214-89-8\/#primaryimage\"},\"image\":{\"@id\":\"https:\/\/longchangchemical.com\/product\/amps-cas-15214-89-8\/#primaryimage\"},\"thumbnailUrl\":\"https:\/\/longchangchemical.com\/wp-content\/uploads\/2021\/02\/AMPS-Appearance.jpg\",\"datePublished\":\"2021-02-07T14:11:11+00:00\",\"dateModified\":\"2021-04-19T01:08:01+00:00\",\"description\":\"Longchang Chemical is a leading manufacturer and supplier of 2-Acrylamido-2-Methylpropane Sulfonic Acid in China. Buy AMPS in china. We can provide the best AMPS price.\",\"breadcrumb\":{\"@id\":\"https:\/\/longchangchemical.com\/product\/amps-cas-15214-89-8\/#breadcrumb\"},\"inLanguage\":\"hu\",\"potentialAction\":[{\"@type\":\"ReadAction\",\"target\":[\"https:\/\/longchangchemical.com\/product\/amps-cas-15214-89-8\/\"]}]},{\"@type\":\"ImageObject\",\"inLanguage\":\"hu\",\"@id\":\"https:\/\/longchangchemical.com\/product\/amps-cas-15214-89-8\/#primaryimage\",\"url\":\"https:\/\/longchangchemical.com\/wp-content\/uploads\/2021\/02\/AMPS-Appearance.jpg\",\"contentUrl\":\"https:\/\/longchangchemical.com\/wp-content\/uploads\/2021\/02\/AMPS-Appearance.jpg\",\"width\":600,\"height\":800,\"caption\":\"AMPS Appearance\"},{\"@type\":\"BreadcrumbList\",\"@id\":\"https:\/\/longchangchemical.com\/product\/amps-cas-15214-89-8\/#breadcrumb\",\"itemListElement\":[{\"@type\":\"ListItem\",\"position\":1,\"name\":\"Home\",\"item\":\"https:\/\/longchangchemical.com\/\"},{\"@type\":\"ListItem\",\"position\":2,\"name\":\"Products Longchang\",\"item\":\"https:\/\/longchangchemical.com\/product\/\"},{\"@type\":\"ListItem\",\"position\":3,\"name\":\"2-Acrylamido-2-methylpropane sulfonic acid \/ AMPS CAS 15214-89-8\"}]},{\"@type\":\"WebSite\",\"@id\":\"https:\/\/longchangchemical.com\/#website\",\"url\":\"https:\/\/longchangchemical.com\/\",\"name\":\"Longchang Chemical\",\"description\":\"China chemical manufacturer \uff06 supplier\",\"publisher\":{\"@id\":\"https:\/\/longchangchemical.com\/#organization\"},\"potentialAction\":[{\"@type\":\"SearchAction\",\"target\":{\"@type\":\"EntryPoint\",\"urlTemplate\":\"https:\/\/longchangchemical.com\/?s={search_term_string}\"},\"query-input\":{\"@type\":\"PropertyValueSpecification\",\"valueRequired\":true,\"valueName\":\"search_term_string\"}}],\"inLanguage\":\"hu\"},{\"@type\":\"Organization\",\"@id\":\"https:\/\/longchangchemical.com\/#organization\",\"name\":\"Longchang Chemical\",\"url\":\"https:\/\/longchangchemical.com\/\",\"logo\":{\"@type\":\"ImageObject\",\"inLanguage\":\"hu\",\"@id\":\"https:\/\/longchangchemical.com\/#\/schema\/logo\/image\/\",\"url\":\"https:\/\/longchangchemical.com\/wp-content\/uploads\/2020\/08\/cropped-longchang-logo.png\",\"contentUrl\":\"https:\/\/longchangchemical.com\/wp-content\/uploads\/2020\/08\/cropped-longchang-logo.png\",\"width\":512,\"height\":512,\"caption\":\"Longchang Chemical\"},\"image\":{\"@id\":\"https:\/\/longchangchemical.com\/#\/schema\/logo\/image\/\"}}]}<\/script>\n<!-- \/ Yoast SEO plugin. -->","yoast_head_json":{"title":"K\u00edna AMPS Gy\u00e1rt\u00f3 \uff06 15214-89-8 Sz\u00e1ll\u00edt\u00f3 - Longchang Chemical Co., Ltd.","description":"A Longchang Chemical vezet\u0151 gy\u00e1rt\u00f3ja \u00e9s sz\u00e1ll\u00edt\u00f3ja a 2-Acrylamido-2-Methylprop\u00e1n-szulfonsavnak K\u00edn\u00e1ban. V\u00e1s\u00e1roljon AMPS-t K\u00edn\u00e1ban. A legjobb AMPS \u00e1rat tudjuk biztos\u00edtani.","robots":{"index":"index","follow":"follow","max-snippet":"max-snippet:-1","max-image-preview":"max-image-preview:large","max-video-preview":"max-video-preview:-1"},"canonical":"https:\/\/longchangchemical.com\/hu\/product\/amps-cas-15214-89-8\/","og_locale":"hu_HU","og_type":"article","og_title":"China AMPS Manufacturer \uff06 15214-89-8 Supplier - Longchang chemical Co., Ltd.","og_description":"Longchang Chemical is a leading manufacturer and supplier of 2-Acrylamido-2-Methylpropane Sulfonic Acid in China. Buy AMPS in china. We can provide the best AMPS price.","og_url":"https:\/\/longchangchemical.com\/hu\/product\/amps-cas-15214-89-8\/","og_site_name":"Longchang Chemical","article_modified_time":"2021-04-19T01:08:01+00:00","og_image":[{"width":600,"height":800,"url":"https:\/\/longchangchemical.com\/wp-content\/uploads\/2021\/02\/AMPS-Appearance.jpg","type":"image\/jpeg"}],"twitter_card":"summary_large_image","schema":{"@context":"https:\/\/schema.org","@graph":[{"@type":"WebPage","@id":"https:\/\/longchangchemical.com\/product\/amps-cas-15214-89-8\/","url":"https:\/\/longchangchemical.com\/product\/amps-cas-15214-89-8\/","name":"K\u00edna AMPS Gy\u00e1rt\u00f3 \uff06 15214-89-8 Sz\u00e1ll\u00edt\u00f3 - Longchang Chemical Co., Ltd.","isPartOf":{"@id":"https:\/\/longchangchemical.com\/#website"},"primaryImageOfPage":{"@id":"https:\/\/longchangchemical.com\/product\/amps-cas-15214-89-8\/#primaryimage"},"image":{"@id":"https:\/\/longchangchemical.com\/product\/amps-cas-15214-89-8\/#primaryimage"},"thumbnailUrl":"https:\/\/longchangchemical.com\/wp-content\/uploads\/2021\/02\/AMPS-Appearance.jpg","datePublished":"2021-02-07T14:11:11+00:00","dateModified":"2021-04-19T01:08:01+00:00","description":"A Longchang Chemical vezet\u0151 gy\u00e1rt\u00f3ja \u00e9s sz\u00e1ll\u00edt\u00f3ja a 2-Acrylamido-2-Methylprop\u00e1n-szulfonsavnak K\u00edn\u00e1ban. V\u00e1s\u00e1roljon AMPS-t K\u00edn\u00e1ban. A legjobb AMPS \u00e1rat tudjuk biztos\u00edtani.","breadcrumb":{"@id":"https:\/\/longchangchemical.com\/product\/amps-cas-15214-89-8\/#breadcrumb"},"inLanguage":"hu","potentialAction":[{"@type":"ReadAction","target":["https:\/\/longchangchemical.com\/product\/amps-cas-15214-89-8\/"]}]},{"@type":"ImageObject","inLanguage":"hu","@id":"https:\/\/longchangchemical.com\/product\/amps-cas-15214-89-8\/#primaryimage","url":"https:\/\/longchangchemical.com\/wp-content\/uploads\/2021\/02\/AMPS-Appearance.jpg","contentUrl":"https:\/\/longchangchemical.com\/wp-content\/uploads\/2021\/02\/AMPS-Appearance.jpg","width":600,"height":800,"caption":"AMPS Appearance"},{"@type":"BreadcrumbList","@id":"https:\/\/longchangchemical.com\/product\/amps-cas-15214-89-8\/#breadcrumb","itemListElement":[{"@type":"ListItem","position":1,"name":"Home","item":"https:\/\/longchangchemical.com\/"},{"@type":"ListItem","position":2,"name":"Products Longchang","item":"https:\/\/longchangchemical.com\/product\/"},{"@type":"ListItem","position":3,"name":"2-Acrylamido-2-methylpropane sulfonic acid \/ AMPS CAS 15214-89-8"}]},{"@type":"WebSite","@id":"https:\/\/longchangchemical.com\/#website","url":"https:\/\/longchangchemical.com\/","name":"Longchang Chemical","description":"K\u00edna k\u00e9miai gy\u00e1rt\u00f3 \uff06 sz\u00e1ll\u00edt\u00f3","publisher":{"@id":"https:\/\/longchangchemical.com\/#organization"},"potentialAction":[{"@type":"SearchAction","target":{"@type":"EntryPoint","urlTemplate":"https:\/\/longchangchemical.com\/?s={search_term_string}"},"query-input":{"@type":"PropertyValueSpecification","valueRequired":true,"valueName":"search_term_string"}}],"inLanguage":"hu"},{"@type":"Organization","@id":"https:\/\/longchangchemical.com\/#organization","name":"Longchang Chemical","url":"https:\/\/longchangchemical.com\/","logo":{"@type":"ImageObject","inLanguage":"hu","@id":"https:\/\/longchangchemical.com\/#\/schema\/logo\/image\/","url":"https:\/\/longchangchemical.com\/wp-content\/uploads\/2020\/08\/cropped-longchang-logo.png","contentUrl":"https:\/\/longchangchemical.com\/wp-content\/uploads\/2020\/08\/cropped-longchang-logo.png","width":512,"height":512,"caption":"Longchang Chemical"},"image":{"@id":"https:\/\/longchangchemical.com\/#\/schema\/logo\/image\/"}}]}},"_links":{"self":[{"href":"https:\/\/longchangchemical.com\/hu\/wp-json\/wp\/v2\/product\/4002","targetHints":{"allow":["GET"]}}],"collection":[{"href":"https:\/\/longchangchemical.com\/hu\/wp-json\/wp\/v2\/product"}],"about":[{"href":"https:\/\/longchangchemical.com\/hu\/wp-json\/wp\/v2\/types\/product"}],"replies":[{"embeddable":true,"href":"https:\/\/longchangchemical.com\/hu\/wp-json\/wp\/v2\/comments?post=4002"}],"wp:featuredmedia":[{"embeddable":true,"href":"https:\/\/longchangchemical.com\/hu\/wp-json\/wp\/v2\/media\/4352"}],"wp:attachment":[{"href":"https:\/\/longchangchemical.com\/hu\/wp-json\/wp\/v2\/media?parent=4002"}],"wp:term":[{"taxonomy":"product_brand","embeddable":true,"href":"https:\/\/longchangchemical.com\/hu\/wp-json\/wp\/v2\/product_brand?post=4002"},{"taxonomy":"product_cat","embeddable":true,"href":"https:\/\/longchangchemical.com\/hu\/wp-json\/wp\/v2\/product_cat?post=4002"},{"taxonomy":"product_tag","embeddable":true,"href":"https:\/\/longchangchemical.com\/hu\/wp-json\/wp\/v2\/product_tag?post=4002"}],"curies":[{"name":"wp","href":"https:\/\/api.w.org\/{rel}","templated":true}]}}