{"id":3919,"date":"2022-08-27T13:48:48","date_gmt":"2022-08-27T13:48:48","guid":{"rendered":"https:\/\/longchangchemical.com\/?post_type=product&#038;p=3919"},"modified":"2026-05-08T02:59:46","modified_gmt":"2026-05-08T02:59:46","slug":"sodium-p-styrenesulfonate-cas-2695-37-6","status":"publish","type":"product","link":"https:\/\/longchangchemical.com\/hu\/product\/sodium-p-styrenesulfonate-cas-2695-37-6\/","title":{"rendered":"n\u00e1trium-p-sztirolszulfon\u00e1t CAS 2695-37-6"},"content":{"rendered":"<h2><strong>n\u00e1trium-p-sztirolszulfon\u00e1t CAS 2695-37-6<\/strong><\/h2>\n<table class=\"table-1\" cellspacing=\"0\">\n<tbody>\n<tr>\n<td>T\u00e9tel<\/td>\n<td>Standard<\/td>\n<td>Eredm\u00e9nyek<\/td>\n<\/tr>\n<tr>\n<td>Megjelen\u00e9s<\/td>\n<td colspan=\"2\">Szabadon foly\u00f3 szemcs\u00e9k vagy por l\u00e1that\u00f3 szennyez\u0151d\u00e9s n\u00e9lk\u00fcl<\/td>\n<\/tr>\n<tr>\n<td>Vinil aktivit\u00e1s (SSS-k\u00e9nt) %<\/td>\n<td>89~100<\/td>\n<td>93.1<\/td>\n<\/tr>\n<tr>\n<td>V\u00edz %<\/td>\n<td>8~12<\/td>\n<td>10.5<\/td>\n<\/tr>\n<tr>\n<td>Sz\u00edn (1% APHA )(Hazen)<\/td>\n<td>\u226650<\/td>\n<td>15.0<\/td>\n<\/tr>\n<tr>\n<td>PH( 10% vizes oldat )<\/td>\n<td>7.5~11<\/td>\n<td>9.4<\/td>\n<\/tr>\n<tr>\n<td>Sz\u0171rhet\u0151 anyag %<\/td>\n<td>\u22660.06<\/td>\n<td>0.01<\/td>\n<\/tr>\n<tr>\n<td>N\u00e1trium-szulf\u00e1t %<\/td>\n<td>\u22660.8<\/td>\n<td>0.11<\/td>\n<\/tr>\n<tr>\n<td>Halogenidek %<\/td>\n<td>\u22666<\/td>\n<td>1.4<\/td>\n<\/tr>\n<tr>\n<td>F\u00e9nyelnyel\u00e9s \/cm 600 nm-en<\/td>\n<td>\u22660.035<\/td>\n<td>0.005<\/td>\n<\/tr>\n<tr>\n<td>Vas ppm<\/td>\n<td>\u226615<\/td>\n<td>3<\/td>\n<\/tr>\n<\/tbody>\n<\/table>\n<p>&nbsp;<\/p>\n<h2><strong>N\u00e1trium-p-sztirolszulfon\u00e1t Haszn\u00e1lat<\/strong><\/h2>\n<p>1.Polipropil\u00e9n \u00e9s akrilsz\u00e1lak, reakt\u00edv emulge\u00e1l\u00f3szerek, t\u00f6lt\u00f6tt megel\u0151z\u0151 szerek, p\u00e9ld\u00e1ul nejlon, r\u00f6gz\u00edt\u0151pap\u00edr, poli\u00e9szter, k\u00e9ncser\u00e9l\u0151 gyanta stb. fest\u00e9sm\u00f3dos\u00edt\u00f3 szerek el\u0151\u00e1ll\u00edt\u00e1s\u00e1ra haszn\u00e1lj\u00e1k.<\/p>\n<p>2.Haszn\u00e1lt harmadik monomerk\u00e9nt az akrilsz\u00e1l-gy\u00e1rt\u00e1shoz.<\/p>\n<p>3. Fest\u00e9sjav\u00edt\u00f3 szerek (propil\u00e9nsz\u00e1l, poli\u00e9szter, polipropil\u00e9nsz\u00e1l, m\u0171selyem), reakt\u00edv emulge\u00e1l\u00f3szerek, poliszulfid diszlok\u00e1ci\u00f3k (dial\u00edzismembr\u00e1nok, akkumul\u00e1torok, m\u0171testmembr\u00e1nok), t\u00f6lt\u00e9smegel\u0151z\u0151 szerek (nylon, felvev\u0151pap\u00edr, poli\u00e9szter), k\u00e9ncser\u00e9l\u0151 gyanta (membr\u00e1n), fotorealisztikus szerek (mikrodiafragma), galvaniz\u00e1l\u00f3 f\u00e9nyez\u0151anyag.<\/p>\n<p>&nbsp;<\/p>\n<h2><strong>N\u00e1trium-p-sztirolszulfon\u00e1t Csomagol\u00e1s \u00e9s sz\u00e1ll\u00edt\u00e1s<\/strong><\/h2>\n<p>Csomagol\u00e1s: 25 kg-os zs\u00e1k<\/p>\n<p>Sz\u00e1ll\u00edt\u00e1s: l\u00e9gi \u00faton, tengeri \u00faton<\/p>\n<p>&nbsp;<\/p>\n<h2><strong>N\u00e1trium-p-sztirolszulfon\u00e1t T\u00e1rol\u00e1s<\/strong><\/h2>\n<p>K\u00f6zvetlen napf\u00e9nyt\u0151l v\u00e9dett, h\u0171v\u00f6s, sz\u00e1raz helyen t\u00e1rolva.<\/p>\n<h2><strong><b>L\u00e9pjen kapcsolatba vel\u00fcnk most!<\/b><\/strong><\/h2>\n<h4><strong><b>Ha COA, MSDS vagy TDS-re van sz\u00fcks\u00e9ge, k\u00e9rj\u00fck, t\u00f6ltse ki el\u00e9rhet\u0151s\u00e9g\u00e9t az al\u00e1bbi \u0171rlapon, \u00e1ltal\u00e1ban 24 \u00f3r\u00e1n bel\u00fcl felvessz\u00fck \u00d6nnel a kapcsolatot. \u00d6n is k\u00fcldhet nekem e-mailt <span style=\"color: #0000ff;\"><a style=\"color: #0000ff;\" href=\"mailto:info@longchangchemical.com\">info@longchangchemical.com<\/a><\/span> munkaid\u0151ben ( 8:30-18:00 UTC+8 H.-Szombat ) vagy haszn\u00e1lja a weboldal \u00e9l\u0151 chatj\u00e9t, hogy azonnali v\u00e1laszt kapjon.<\/b><\/strong><\/h4>","protected":false},"excerpt":{"rendered":"<p>K\u00e9miai n\u00e9v: N\u00e1trium p-sztirolszulfon\u00e1t<br \/>\nCAS-sz\u00e1m: 2695-37-6<br \/>\nMolekul\u00e1ris k\u00e9plet:C8H7NaO3S<\/p>\n<p>K\u00e9miai szerkezet:<img decoding=\"async\" title=\"N\u00e1trium-p-sztirolszulfon\u00e1t Szerkezet\" src=\"https:\/\/www.longchangchemical.com\/wp-content\/uploads\/product-details\/20200616354375.png\" alt=\"N\u00e1trium-p-sztirolszulfon\u00e1t Szerkezet\" width=\"215\" height=\"144\" border=\"0\" vspace=\"0\" \/><\/p>\n<p>Molekulat\u00f6meg:206,19<\/p>\n<p>Megjelen\u00e9s: Szabadon \u00e1raml\u00f3 szemcs\u00e9k vagy por l\u00e1that\u00f3 szennyez\u0151d\u00e9s n\u00e9lk\u00fcl<\/p>\n<p>Vizsg\u00e1lat:90%<\/p>","protected":false},"featured_media":0,"comment_status":"open","ping_status":"closed","template":"","meta":[],"product_brand":[],"product_cat":[109],"product_tag":[],"class_list":{"0":"post-3919","1":"product","2":"type-product","3":"status-publish","5":"product_cat-water-treatment","7":"first","8":"instock","9":"shipping-taxable","10":"product-type-simple"},"yoast_head":"<!-- This site is optimized with the Yoast SEO plugin v25.3.1 - https:\/\/yoast.com\/wordpress\/plugins\/seo\/ -->\n<title>China sodium p-styrenesulfonate Manufacturer CAS 2695-37-6 supplier - Longchang Chemical<\/title>\n<meta name=\"description\" content=\"Longchang Chemical is China sodium p-styrenesulfonate Manufacturer CAS 2695-37-6 supplier.\" \/>\n<meta name=\"robots\" content=\"index, follow, max-snippet:-1, max-image-preview:large, max-video-preview:-1\" \/>\n<link rel=\"canonical\" href=\"https:\/\/longchangchemical.com\/hu\/product\/sodium-p-styrenesulfonate-cas-2695-37-6\/\" \/>\n<meta property=\"og:locale\" content=\"hu_HU\" \/>\n<meta property=\"og:type\" content=\"article\" \/>\n<meta property=\"og:title\" content=\"China sodium p-styrenesulfonate Manufacturer CAS 2695-37-6 supplier - Longchang Chemical\" \/>\n<meta property=\"og:description\" content=\"Longchang Chemical is China sodium p-styrenesulfonate Manufacturer CAS 2695-37-6 supplier.\" \/>\n<meta property=\"og:url\" content=\"https:\/\/longchangchemical.com\/hu\/product\/sodium-p-styrenesulfonate-cas-2695-37-6\/\" \/>\n<meta property=\"og:site_name\" content=\"Longchang Chemical\" \/>\n<meta property=\"article:modified_time\" content=\"2026-05-08T02:59:46+00:00\" \/>\n<meta property=\"og:image\" content=\"https:\/\/longchangchemical.com\/wp-content\/uploads\/2024\/02\/logo-jpeg.jpg\" \/>\n\t<meta property=\"og:image:width\" content=\"1000\" \/>\n\t<meta property=\"og:image:height\" content=\"1000\" \/>\n\t<meta property=\"og:image:type\" content=\"image\/jpeg\" \/>\n<meta name=\"twitter:card\" content=\"summary_large_image\" \/>\n<script type=\"application\/ld+json\" class=\"yoast-schema-graph\">{\"@context\":\"https:\/\/schema.org\",\"@graph\":[{\"@type\":\"WebPage\",\"@id\":\"https:\/\/longchangchemical.com\/product\/sodium-p-styrenesulfonate-cas-2695-37-6\/\",\"url\":\"https:\/\/longchangchemical.com\/product\/sodium-p-styrenesulfonate-cas-2695-37-6\/\",\"name\":\"China sodium p-styrenesulfonate Manufacturer CAS 2695-37-6 supplier - Longchang Chemical\",\"isPartOf\":{\"@id\":\"https:\/\/longchangchemical.com\/#website\"},\"datePublished\":\"2022-08-27T13:48:48+00:00\",\"dateModified\":\"2026-05-08T02:59:46+00:00\",\"description\":\"Longchang Chemical is China sodium p-styrenesulfonate Manufacturer CAS 2695-37-6 supplier.\",\"breadcrumb\":{\"@id\":\"https:\/\/longchangchemical.com\/product\/sodium-p-styrenesulfonate-cas-2695-37-6\/#breadcrumb\"},\"inLanguage\":\"hu\",\"potentialAction\":[{\"@type\":\"ReadAction\",\"target\":[\"https:\/\/longchangchemical.com\/product\/sodium-p-styrenesulfonate-cas-2695-37-6\/\"]}]},{\"@type\":\"BreadcrumbList\",\"@id\":\"https:\/\/longchangchemical.com\/product\/sodium-p-styrenesulfonate-cas-2695-37-6\/#breadcrumb\",\"itemListElement\":[{\"@type\":\"ListItem\",\"position\":1,\"name\":\"Home\",\"item\":\"https:\/\/longchangchemical.com\/\"},{\"@type\":\"ListItem\",\"position\":2,\"name\":\"Products Longchang\",\"item\":\"https:\/\/longchangchemical.com\/product\/\"},{\"@type\":\"ListItem\",\"position\":3,\"name\":\"sodium p-styrenesulfonate CAS 2695-37-6\"}]},{\"@type\":\"WebSite\",\"@id\":\"https:\/\/longchangchemical.com\/#website\",\"url\":\"https:\/\/longchangchemical.com\/\",\"name\":\"Longchang Chemical\",\"description\":\"China chemical manufacturer \uff06 supplier\",\"publisher\":{\"@id\":\"https:\/\/longchangchemical.com\/#organization\"},\"potentialAction\":[{\"@type\":\"SearchAction\",\"target\":{\"@type\":\"EntryPoint\",\"urlTemplate\":\"https:\/\/longchangchemical.com\/?s={search_term_string}\"},\"query-input\":{\"@type\":\"PropertyValueSpecification\",\"valueRequired\":true,\"valueName\":\"search_term_string\"}}],\"inLanguage\":\"hu\"},{\"@type\":\"Organization\",\"@id\":\"https:\/\/longchangchemical.com\/#organization\",\"name\":\"Longchang Chemical\",\"url\":\"https:\/\/longchangchemical.com\/\",\"logo\":{\"@type\":\"ImageObject\",\"inLanguage\":\"hu\",\"@id\":\"https:\/\/longchangchemical.com\/#\/schema\/logo\/image\/\",\"url\":\"https:\/\/longchangchemical.com\/wp-content\/uploads\/2020\/08\/cropped-longchang-logo.png\",\"contentUrl\":\"https:\/\/longchangchemical.com\/wp-content\/uploads\/2020\/08\/cropped-longchang-logo.png\",\"width\":512,\"height\":512,\"caption\":\"Longchang Chemical\"},\"image\":{\"@id\":\"https:\/\/longchangchemical.com\/#\/schema\/logo\/image\/\"}}]}<\/script>\n<!-- \/ Yoast SEO plugin. -->","yoast_head_json":{"title":"K\u00edna n\u00e1trium p-styrenesulfon\u00e1t Gy\u00e1rt\u00f3 CAS 2695-37-6 sz\u00e1ll\u00edt\u00f3 - Longchang Chemical","description":"Longchang Chemical K\u00edna n\u00e1trium p-styrenesulfon\u00e1t gy\u00e1rt\u00f3 CAS 2695-37-6 sz\u00e1ll\u00edt\u00f3ja.","robots":{"index":"index","follow":"follow","max-snippet":"max-snippet:-1","max-image-preview":"max-image-preview:large","max-video-preview":"max-video-preview:-1"},"canonical":"https:\/\/longchangchemical.com\/hu\/product\/sodium-p-styrenesulfonate-cas-2695-37-6\/","og_locale":"hu_HU","og_type":"article","og_title":"China sodium p-styrenesulfonate Manufacturer CAS 2695-37-6 supplier - Longchang Chemical","og_description":"Longchang Chemical is China sodium p-styrenesulfonate Manufacturer CAS 2695-37-6 supplier.","og_url":"https:\/\/longchangchemical.com\/hu\/product\/sodium-p-styrenesulfonate-cas-2695-37-6\/","og_site_name":"Longchang Chemical","article_modified_time":"2026-05-08T02:59:46+00:00","og_image":[{"width":1000,"height":1000,"url":"https:\/\/longchangchemical.com\/wp-content\/uploads\/2024\/02\/logo-jpeg.jpg","type":"image\/jpeg"}],"twitter_card":"summary_large_image","schema":{"@context":"https:\/\/schema.org","@graph":[{"@type":"WebPage","@id":"https:\/\/longchangchemical.com\/product\/sodium-p-styrenesulfonate-cas-2695-37-6\/","url":"https:\/\/longchangchemical.com\/product\/sodium-p-styrenesulfonate-cas-2695-37-6\/","name":"K\u00edna n\u00e1trium p-styrenesulfon\u00e1t Gy\u00e1rt\u00f3 CAS 2695-37-6 sz\u00e1ll\u00edt\u00f3 - Longchang Chemical","isPartOf":{"@id":"https:\/\/longchangchemical.com\/#website"},"datePublished":"2022-08-27T13:48:48+00:00","dateModified":"2026-05-08T02:59:46+00:00","description":"Longchang Chemical K\u00edna n\u00e1trium p-styrenesulfon\u00e1t gy\u00e1rt\u00f3 CAS 2695-37-6 sz\u00e1ll\u00edt\u00f3ja.","breadcrumb":{"@id":"https:\/\/longchangchemical.com\/product\/sodium-p-styrenesulfonate-cas-2695-37-6\/#breadcrumb"},"inLanguage":"hu","potentialAction":[{"@type":"ReadAction","target":["https:\/\/longchangchemical.com\/product\/sodium-p-styrenesulfonate-cas-2695-37-6\/"]}]},{"@type":"BreadcrumbList","@id":"https:\/\/longchangchemical.com\/product\/sodium-p-styrenesulfonate-cas-2695-37-6\/#breadcrumb","itemListElement":[{"@type":"ListItem","position":1,"name":"Home","item":"https:\/\/longchangchemical.com\/"},{"@type":"ListItem","position":2,"name":"Products Longchang","item":"https:\/\/longchangchemical.com\/product\/"},{"@type":"ListItem","position":3,"name":"sodium p-styrenesulfonate CAS 2695-37-6"}]},{"@type":"WebSite","@id":"https:\/\/longchangchemical.com\/#website","url":"https:\/\/longchangchemical.com\/","name":"Longchang Chemical","description":"K\u00edna k\u00e9miai gy\u00e1rt\u00f3 \uff06 sz\u00e1ll\u00edt\u00f3","publisher":{"@id":"https:\/\/longchangchemical.com\/#organization"},"potentialAction":[{"@type":"SearchAction","target":{"@type":"EntryPoint","urlTemplate":"https:\/\/longchangchemical.com\/?s={search_term_string}"},"query-input":{"@type":"PropertyValueSpecification","valueRequired":true,"valueName":"search_term_string"}}],"inLanguage":"hu"},{"@type":"Organization","@id":"https:\/\/longchangchemical.com\/#organization","name":"Longchang Chemical","url":"https:\/\/longchangchemical.com\/","logo":{"@type":"ImageObject","inLanguage":"hu","@id":"https:\/\/longchangchemical.com\/#\/schema\/logo\/image\/","url":"https:\/\/longchangchemical.com\/wp-content\/uploads\/2020\/08\/cropped-longchang-logo.png","contentUrl":"https:\/\/longchangchemical.com\/wp-content\/uploads\/2020\/08\/cropped-longchang-logo.png","width":512,"height":512,"caption":"Longchang Chemical"},"image":{"@id":"https:\/\/longchangchemical.com\/#\/schema\/logo\/image\/"}}]}},"_links":{"self":[{"href":"https:\/\/longchangchemical.com\/hu\/wp-json\/wp\/v2\/product\/3919","targetHints":{"allow":["GET"]}}],"collection":[{"href":"https:\/\/longchangchemical.com\/hu\/wp-json\/wp\/v2\/product"}],"about":[{"href":"https:\/\/longchangchemical.com\/hu\/wp-json\/wp\/v2\/types\/product"}],"replies":[{"embeddable":true,"href":"https:\/\/longchangchemical.com\/hu\/wp-json\/wp\/v2\/comments?post=3919"}],"wp:attachment":[{"href":"https:\/\/longchangchemical.com\/hu\/wp-json\/wp\/v2\/media?parent=3919"}],"wp:term":[{"taxonomy":"product_brand","embeddable":true,"href":"https:\/\/longchangchemical.com\/hu\/wp-json\/wp\/v2\/product_brand?post=3919"},{"taxonomy":"product_cat","embeddable":true,"href":"https:\/\/longchangchemical.com\/hu\/wp-json\/wp\/v2\/product_cat?post=3919"},{"taxonomy":"product_tag","embeddable":true,"href":"https:\/\/longchangchemical.com\/hu\/wp-json\/wp\/v2\/product_tag?post=3919"}],"curies":[{"name":"wp","href":"https:\/\/api.w.org\/{rel}","templated":true}]}}