{"id":3881,"date":"2022-12-06T10:54:39","date_gmt":"2022-12-06T10:54:39","guid":{"rendered":"https:\/\/longchangchemical.com\/?post_type=product&#038;p=3881"},"modified":"2026-01-12T04:20:25","modified_gmt":"2026-01-12T04:20:25","slug":"synocat-teda-cas-280-57-9","status":"publish","type":"product","link":"https:\/\/longchangchemical.com\/hu\/product\/synocat-teda-cas-280-57-9\/","title":{"rendered":"TEDA \/ Dabco krist\u00e1lyos \/ trietil\u00e9ndiamin cas 280-57-9"},"content":{"rendered":"<h1><strong>DABCO \/ Trietil\u00e9ndiamin cas 280-57-9<\/strong><\/h1>\n<table class=\"table-1\" cellspacing=\"0\">\n<tbody>\n<tr>\n<td><strong>T\u00e9tel<\/strong><\/td>\n<td><strong>Eredm\u00e9ny<\/strong><\/td>\n<\/tr>\n<tr>\n<td>Megjelen\u00e9s<\/td>\n<td>Feh\u00e9r krist\u00e1ly<\/td>\n<\/tr>\n<tr>\n<td>Tisztas\u00e1g (%)<\/td>\n<td>99.79<\/td>\n<\/tr>\n<tr>\n<td>V\u00edz (%)<\/td>\n<td>0.22<\/td>\n<\/tr>\n<\/tbody>\n<\/table>\n<h2><\/h2>\n<h2><strong>Trietil\u00e9ndiamin felhaszn\u00e1l\u00e1s<\/strong><\/h2>\n<p>1. Ez a term\u00e9k egy szerves szint\u00e9zis k\u00f6zbens\u0151, szintetikus k\u00f6nny\u0171 stabil anyag, amelyet sz\u00e9les k\u00f6rben haszn\u00e1lnak poliuret\u00e1nhab, elasztomer \u00e9s m\u0171anyag term\u00e9kekben \u00e9s form\u00e1z\u00e1si folyamatokban. Polimer inici\u00e1tor is, \u00e9s kataliz\u00e1tork\u00e9nt haszn\u00e1lhat\u00f3 etil\u00e9n polimeriz\u00e1ci\u00f3hoz \u00e9s etil\u00e9n-oxid polimeriz\u00e1ci\u00f3hoz, \u00e9s sz\u00e1rmaz\u00e9kai korr\u00f3zi\u00f3g\u00e1tl\u00f3k\u00e9nt, emulge\u00e1l\u00f3szerk\u00e9nt stb. haszn\u00e1lhat\u00f3ak.<\/p>\n<p><strong>2. TEDA<\/strong>,A trietil\u00e9ndiamin 99% tartalm\u00fa porra \u00e9s 33% tartalm\u00fa folyad\u00e9kra oszlik. Amm\u00f3nia szaga van. Ez a term\u00e9k szerves szint\u00e9zis k\u00f6zbens\u0151 term\u00e9k \u00e9s szintetikus f\u00e9nystabil anyag. Sz\u00e9les k\u00f6rben haszn\u00e1lj\u00e1k a poliuret\u00e1nhab, az elasztomerek \u00e9s a m\u0171anyag term\u00e9kek \u00e9s a form\u00e1z\u00e1si folyamatok sor\u00e1n. Polimer inici\u00e1tor is, \u00e9s kataliz\u00e1tork\u00e9nt haszn\u00e1lhat\u00f3 etil\u00e9n polimeriz\u00e1ci\u00f3hoz \u00e9s etil\u00e9n-oxid polimeriz\u00e1ci\u00f3hoz, \u00e9s sz\u00e1rmaz\u00e9kai korr\u00f3zi\u00f3g\u00e1tl\u00f3k\u00e9nt, emulge\u00e1l\u00f3szerk\u00e9nt stb. haszn\u00e1lhat\u00f3ak.<\/p>\n<h2><strong>Trietil\u00e9ndiamin Csomagol\u00e1s \u00e9s sz\u00e1ll\u00edt\u00e1s<\/strong><\/h2>\n<p>25 kg dobonk\u00e9nt vagy 25 kg kartondobozonk\u00e9nt<\/p>\n<p>&nbsp;<\/p>\n<h2><strong>Trietil\u00e9ndiamin t\u00e1rol\u00e1sa<\/strong><\/h2>\n<p>sz\u00e1raz, h\u0171v\u00f6s helyen.<\/p>\n<p>&nbsp;<\/p>\n<h2><strong><b>L\u00e9pjen kapcsolatba vel\u00fcnk most!<\/b><\/strong><\/h2>\n<h4><strong><b>Ha \u00e1rra van sz\u00fcks\u00e9ge, k\u00e9rj\u00fck, t\u00f6ltse ki el\u00e9rhet\u0151s\u00e9g\u00e9t az al\u00e1bbi \u0171rlapon, \u00e1ltal\u00e1ban 24 \u00f3r\u00e1n bel\u00fcl felvessz\u00fck \u00d6nnel a kapcsolatot.<\/b><\/strong> \u00d6n is k\u00fcldhet nekem e-mailt <a href=\"mailto:info@longchangchemical.com\"><span style=\"color: #0000ff;\">info@longchangchemical.com<\/span><\/a> munkaid\u0151ben ( 8:30-18:00 UTC+8 H.-Szombat ) vagy haszn\u00e1lja a weboldal \u00e9l\u0151 chatj\u00e9t, hogy azonnali v\u00e1laszt kapjon.<\/h4>\n<p><!--more--><\/p>\n<p>A poliuret\u00e1n szigetel\u0151anyagok haszn\u00e1latakor h\u00e9t szempontra kell figyelni\u00fck<\/p>\n<p>Az energiatakar\u00e9koss\u00e1g \u00e9s a k\u00f6rnyezetv\u00e9delem, a z\u00f6ld \u00e9p\u00edt\u00e9si politika k\u00f6vetelm\u00e9nyeinek nemzeti szint\u0171 t\u00e1mogat\u00e1sa sor\u00e1n a poliuret\u00e1n szigetel\u0151anyagok a piac figyelm\u00e9nek k\u00f6z\u00e9ppontj\u00e1ba ker\u00fcltek. A poliuret\u00e1n szigetel\u0151anyagokat a terepi permetez\u00e9ses \u00e9p\u00edt\u00e9s miatt k\u00f6nnyen befoly\u00e1solja az \u00e9p\u00edt\u00e9si k\u00f6rnyezet h\u0151m\u00e9rs\u00e9klete, a fekete \u00e9s feh\u00e9r anyag ar\u00e1nya, a szigetel\u0151r\u00e9teg vastags\u00e1ga, az \u00e9p\u00edt\u0151ipari berendez\u00e9sek \u00e9s az \u00e9p\u00edt\u0151ipari szem\u00e9lyzet m\u0171szaki szintje \u00e9s egy\u00e9b t\u00e9nyez\u0151k.<\/p>\n<p>Emiatt a poliuret\u00e1n szigetel\u0151anyagok haszn\u00e1latakor k\u00e9rj\u00fck, figyeljen a k\u00f6vetkez\u0151 szempontokra:<\/p>\n<p>1, az \u00e9p\u00edt\u00e9si k\u00f6rnyezet h\u0151m\u00e9rs\u00e9klet\u00e9nek szigor\u00fa ellen\u0151rz\u00e9se. A poliuret\u00e1n habk\u00e9pz\u0151d\u00e9s reakci\u00f3ja a legink\u00e1bb alkalmazkod\u00f3 h\u0151m\u00e9rs\u00e9klet 20-25 \u2103, ha nem lesz k\u00e9pes megv\u00e1ltoztatni a k\u00f6rnyezeti h\u0151m\u00e9rs\u00e9kletet, k\u00e9rj\u00fck, azonnal mondja meg nek\u00fcnk a k\u00f6rnyezeti h\u0151m\u00e9rs\u00e9kletet, amelyben van.<\/p>\n<p>2\u3001Szigor\u00faan ellen\u0151rizze a fekete \u00e9s feh\u00e9r anyagok ar\u00e1ny\u00e1t. A szok\u00e1sos anyagar\u00e1ny 1:1.<\/p>\n<p>3, poliuret\u00e1n szigetel\u0151anyag a fekete \u00e9s feh\u00e9r anyagban a lehet\u0151 legegyenletesebben keverve. Javasoljuk, hogy a kever\u00e9si folyamat seg\u00edts\u00e9g\u00e9vel a sebess\u00e9g nagyobb, mint 1200 fordulat \/ perc motor \u00e9s permetez\u0151g\u00e9p egy bizonyos nyom\u00e1s el\u00e9r\u00e9se \u00e9rdek\u00e9ben (mesters\u00e9ges kever\u00e9s okozta egyenetlen kever\u00e9s, ami a jelens\u00e9g a nagy bubor\u00e9kok, hab ropog\u00f3s, alacsony kibocs\u00e1t\u00e1si sebess\u00e9g, stb.).<\/p>\n<p>4, h\u0151m\u00e9rs\u00e9klet-ellen\u00e1ll\u00e1si teljes\u00edtm\u00e9ny. A szok\u00e1sos poliuret\u00e1n anyagokb\u00f3l k\u00e9sz\u00fclt term\u00e9kek h\u0151m\u00e9rs\u00e9kleti ellen\u00e1ll\u00e1sa 70 \u2103, a magas h\u0151m\u00e9rs\u00e9klet\u0171 poliuret\u00e1n anyagokb\u00f3l k\u00e9sz\u00fclt term\u00e9kek h\u0151m\u00e9rs\u00e9kleti ellen\u00e1ll\u00e1sa 160 \u2103.<\/p>\n<p>5\u3001T\u0171zg\u00e1tl\u00f3 teljes\u00edtm\u00e9ny. Az \u00e9g\u00e9sg\u00e1tl\u00f3 jelent\u00e9se: \u00f6nkiolt\u00f3 a t\u0171zb\u0151l, nem \u00e9ghetetlen.B2 min\u0151s\u00e9g\u0171 \u00e9g\u00e9sg\u00e1tl\u00f3 poliuret\u00e1n hab oxig\u00e9n indexe el\u00e9ri a 26-ot, B1 min\u0151s\u00e9g\u0171 \u00e9g\u00e9sg\u00e1tl\u00f3 poliuret\u00e1n hab oxig\u00e9n indexe el\u00e9ri a 32-t.<\/p>\n<p>6. Reakci\u00f3s teljes\u00edtm\u00e9ny. Az elemz\u00e9si jelent\u00e9s form\u00e1j\u00e1ban megjel\u00f6lt reakci\u00f3teljes\u00edtm\u00e9nyt a megadott k\u00f6r\u00fclm\u00e9nyek k\u00f6z\u00f6tt (p\u00e9ld\u00e1ul h\u0151m\u00e9rs\u00e9klet, kever\u00e9si sebess\u00e9g, kever\u00e9si id\u0151, anyagar\u00e1ny) \u00e1llap\u00edtottuk meg, ha a 6 h\u00f3napos eltarthat\u00f3s\u00e1gi id\u0151, a h\u0151m\u00e9rs\u00e9klet emelked\u00e9se \u00e9s cs\u00f6kken\u00e9se \u00e9s egy\u00e9b v\u00e1ltoz\u00e1si t\u00e9nyez\u0151k miatt a habz\u00e1si sebess\u00e9g t\u00fal gyors vagy t\u00fal lass\u00fa, \u00e9s nem lehet meg\u00e9p\u00edteni, nem min\u0151s\u00e9gi probl\u00e9ma.<\/p>\n<p>7, poliuret\u00e1n szigetel\u0151anyag roml\u00e1sa. Kombin\u00e1lt poli\u00e9ter roml\u00e1sa a l\u00e1that\u00f3 jelens\u00e9g: \u2460 s\u00f6t\u00e9t sz\u00edn\u0171. \u2461 viszkozit\u00e1s n\u00f6veked\u00e9se. \u2462 szag, \u00e9rezhet\u0151 a savany\u00fa \u00edz. \u2463 A reakci\u00f3 teljes\u00edtm\u00e9nye nyilv\u00e1nval\u00f3an cs\u00f6kken; p\u00e9ld\u00e1ul lassan indul \u00e9s hossz\u00fa ideig nem r\u00f6gz\u00fcl. \u2464 A hab k\u00f6z\u00e9ps\u0151 r\u00e9sze piros sz\u00ednt mutat. Az \u00e1ltalunk biztos\u00edtott kombin\u00e1lt poli\u00e9ter eltarthat\u00f3s\u00e1ga hat h\u00f3napig biztos\u00edthat\u00f3.<\/p>","protected":false},"excerpt":{"rendered":"<p>K\u00e9miai n\u00e9v: Trietil\u00e9ndiamin<\/p>\n<p>CAS-sz\u00e1m: 280-57-9<\/p>\n<p><strong>K\u00e9miai n\u00e9v:<\/strong>\u00a01,4-diazabiciklookt\u00e1n;1,4-diazabiciklo[2.2.2.2]okt\u00e1n;BACO;Dabco krist\u00e1lyos<\/p>\n<p>Molekul\u00e1ris fomula: C6H12N2<\/p>\n<p>Molekulat\u00f6meg: 112,17<\/p>\n<p>K\u00e9miai szerkezet:<img decoding=\"async\" title=\"Trietil\u00e9ndiamin szerkezet\" src=\"https:\/\/www.longchangchemical.com\/wp-content\/uploads\/product-details\/20200612298242.png\" alt=\"Trietil\u00e9ndiamin szerkezet\" width=\"90\" height=\"53\" border=\"0\" vspace=\"0\" \/><\/p>\n<p>Megjelen\u00e9s: feh\u00e9r krist\u00e1ly<\/p>\n<p>Pr\u00f3ba: %<\/p>","protected":false},"featured_media":5776,"comment_status":"open","ping_status":"closed","template":"","meta":[],"product_brand":[],"product_cat":[119],"product_tag":[],"class_list":{"0":"post-3881","1":"product","2":"type-product","3":"status-publish","4":"has-post-thumbnail","6":"product_cat-synocat-polyurethane-catalyst","8":"first","9":"instock","10":"shipping-taxable","11":"product-type-simple"},"yoast_head":"<!-- This site is optimized with the Yoast SEO plugin v25.3.1 - https:\/\/yoast.com\/wordpress\/plugins\/seo\/ -->\n<title>Crystalline TEDA ( DABCO ) manufacturer Cas 280-57-9 Supplier - Longchang Chemical<\/title>\n<meta name=\"description\" content=\"TEDA ( Triethylenediamine ) can be used as pu catalyst and is the key product of Longchang Chemical. We are the leading pu catalyst manufacturer and supplier in China with the best quanlity and competitive price.\" \/>\n<meta name=\"robots\" content=\"index, follow, max-snippet:-1, max-image-preview:large, max-video-preview:-1\" \/>\n<link rel=\"canonical\" href=\"https:\/\/longchangchemical.com\/hu\/product\/synocat-teda-cas-280-57-9\/\" \/>\n<meta property=\"og:locale\" content=\"hu_HU\" \/>\n<meta property=\"og:type\" content=\"article\" \/>\n<meta property=\"og:title\" content=\"Crystalline TEDA ( DABCO ) manufacturer Cas 280-57-9 Supplier - Longchang Chemical\" \/>\n<meta property=\"og:description\" content=\"TEDA ( Triethylenediamine ) can be used as pu catalyst and is the key product of Longchang Chemical. We are the leading pu catalyst manufacturer and supplier in China with the best quanlity and competitive price.\" \/>\n<meta property=\"og:url\" content=\"https:\/\/longchangchemical.com\/hu\/product\/synocat-teda-cas-280-57-9\/\" \/>\n<meta property=\"og:site_name\" content=\"Longchang Chemical\" \/>\n<meta property=\"article:modified_time\" content=\"2026-01-12T04:20:25+00:00\" \/>\n<meta property=\"og:image\" content=\"https:\/\/longchangchemical.com\/wp-content\/uploads\/2021\/01\/TEDA-DABCO.jpg\" \/>\n\t<meta property=\"og:image:width\" content=\"800\" \/>\n\t<meta property=\"og:image:height\" content=\"800\" \/>\n\t<meta property=\"og:image:type\" content=\"image\/jpeg\" \/>\n<meta name=\"twitter:card\" content=\"summary_large_image\" \/>\n<script type=\"application\/ld+json\" class=\"yoast-schema-graph\">{\"@context\":\"https:\/\/schema.org\",\"@graph\":[{\"@type\":\"WebPage\",\"@id\":\"https:\/\/longchangchemical.com\/product\/synocat-teda-cas-280-57-9\/\",\"url\":\"https:\/\/longchangchemical.com\/product\/synocat-teda-cas-280-57-9\/\",\"name\":\"Crystalline TEDA ( DABCO ) manufacturer Cas 280-57-9 Supplier - Longchang Chemical\",\"isPartOf\":{\"@id\":\"https:\/\/longchangchemical.com\/#website\"},\"primaryImageOfPage\":{\"@id\":\"https:\/\/longchangchemical.com\/product\/synocat-teda-cas-280-57-9\/#primaryimage\"},\"image\":{\"@id\":\"https:\/\/longchangchemical.com\/product\/synocat-teda-cas-280-57-9\/#primaryimage\"},\"thumbnailUrl\":\"https:\/\/longchangchemical.com\/wp-content\/uploads\/2021\/01\/TEDA-DABCO.jpg\",\"datePublished\":\"2022-12-06T10:54:39+00:00\",\"dateModified\":\"2026-01-12T04:20:25+00:00\",\"description\":\"TEDA ( Triethylenediamine ) can be used as pu catalyst and is the key product of Longchang Chemical. We are the leading pu catalyst manufacturer and supplier in China with the best quanlity and competitive price.\",\"breadcrumb\":{\"@id\":\"https:\/\/longchangchemical.com\/product\/synocat-teda-cas-280-57-9\/#breadcrumb\"},\"inLanguage\":\"hu\",\"potentialAction\":[{\"@type\":\"ReadAction\",\"target\":[\"https:\/\/longchangchemical.com\/product\/synocat-teda-cas-280-57-9\/\"]}]},{\"@type\":\"ImageObject\",\"inLanguage\":\"hu\",\"@id\":\"https:\/\/longchangchemical.com\/product\/synocat-teda-cas-280-57-9\/#primaryimage\",\"url\":\"https:\/\/longchangchemical.com\/wp-content\/uploads\/2021\/01\/TEDA-DABCO.jpg\",\"contentUrl\":\"https:\/\/longchangchemical.com\/wp-content\/uploads\/2021\/01\/TEDA-DABCO.jpg\",\"width\":800,\"height\":800},{\"@type\":\"BreadcrumbList\",\"@id\":\"https:\/\/longchangchemical.com\/product\/synocat-teda-cas-280-57-9\/#breadcrumb\",\"itemListElement\":[{\"@type\":\"ListItem\",\"position\":1,\"name\":\"Home\",\"item\":\"https:\/\/longchangchemical.com\/\"},{\"@type\":\"ListItem\",\"position\":2,\"name\":\"Products Longchang\",\"item\":\"https:\/\/longchangchemical.com\/product\/\"},{\"@type\":\"ListItem\",\"position\":3,\"name\":\"TEDA \/ Dabco Crystalline \/ Triethylenediamine cas 280-57-9\"}]},{\"@type\":\"WebSite\",\"@id\":\"https:\/\/longchangchemical.com\/#website\",\"url\":\"https:\/\/longchangchemical.com\/\",\"name\":\"Longchang Chemical\",\"description\":\"China chemical manufacturer \uff06 supplier\",\"publisher\":{\"@id\":\"https:\/\/longchangchemical.com\/#organization\"},\"potentialAction\":[{\"@type\":\"SearchAction\",\"target\":{\"@type\":\"EntryPoint\",\"urlTemplate\":\"https:\/\/longchangchemical.com\/?s={search_term_string}\"},\"query-input\":{\"@type\":\"PropertyValueSpecification\",\"valueRequired\":true,\"valueName\":\"search_term_string\"}}],\"inLanguage\":\"hu\"},{\"@type\":\"Organization\",\"@id\":\"https:\/\/longchangchemical.com\/#organization\",\"name\":\"Longchang Chemical\",\"url\":\"https:\/\/longchangchemical.com\/\",\"logo\":{\"@type\":\"ImageObject\",\"inLanguage\":\"hu\",\"@id\":\"https:\/\/longchangchemical.com\/#\/schema\/logo\/image\/\",\"url\":\"https:\/\/longchangchemical.com\/wp-content\/uploads\/2020\/08\/cropped-longchang-logo.png\",\"contentUrl\":\"https:\/\/longchangchemical.com\/wp-content\/uploads\/2020\/08\/cropped-longchang-logo.png\",\"width\":512,\"height\":512,\"caption\":\"Longchang Chemical\"},\"image\":{\"@id\":\"https:\/\/longchangchemical.com\/#\/schema\/logo\/image\/\"}}]}<\/script>\n<!-- \/ Yoast SEO plugin. -->","yoast_head_json":{"title":"Krist\u00e1lyos TEDA ( DABCO ) gy\u00e1rt\u00f3 Cas 280-57-9 Sz\u00e1ll\u00edt\u00f3 - Longchang Chemical","description":"A TEDA ( Triethylenediamine ) pu kataliz\u00e1tork\u00e9nt haszn\u00e1lhat\u00f3, \u00e9s a Longchang Chemical kulcsfontoss\u00e1g\u00fa term\u00e9ke. Mi vagyunk a vezet\u0151 pu kataliz\u00e1tor gy\u00e1rt\u00f3ja \u00e9s sz\u00e1ll\u00edt\u00f3ja K\u00edn\u00e1ban a legjobb min\u0151s\u00e9ggel \u00e9s versenyk\u00e9pes \u00e1rral.","robots":{"index":"index","follow":"follow","max-snippet":"max-snippet:-1","max-image-preview":"max-image-preview:large","max-video-preview":"max-video-preview:-1"},"canonical":"https:\/\/longchangchemical.com\/hu\/product\/synocat-teda-cas-280-57-9\/","og_locale":"hu_HU","og_type":"article","og_title":"Crystalline TEDA ( DABCO ) manufacturer Cas 280-57-9 Supplier - Longchang Chemical","og_description":"TEDA ( Triethylenediamine ) can be used as pu catalyst and is the key product of Longchang Chemical. We are the leading pu catalyst manufacturer and supplier in China with the best quanlity and competitive price.","og_url":"https:\/\/longchangchemical.com\/hu\/product\/synocat-teda-cas-280-57-9\/","og_site_name":"Longchang Chemical","article_modified_time":"2026-01-12T04:20:25+00:00","og_image":[{"width":800,"height":800,"url":"https:\/\/longchangchemical.com\/wp-content\/uploads\/2021\/01\/TEDA-DABCO.jpg","type":"image\/jpeg"}],"twitter_card":"summary_large_image","schema":{"@context":"https:\/\/schema.org","@graph":[{"@type":"WebPage","@id":"https:\/\/longchangchemical.com\/product\/synocat-teda-cas-280-57-9\/","url":"https:\/\/longchangchemical.com\/product\/synocat-teda-cas-280-57-9\/","name":"Krist\u00e1lyos TEDA ( DABCO ) gy\u00e1rt\u00f3 Cas 280-57-9 Sz\u00e1ll\u00edt\u00f3 - Longchang Chemical","isPartOf":{"@id":"https:\/\/longchangchemical.com\/#website"},"primaryImageOfPage":{"@id":"https:\/\/longchangchemical.com\/product\/synocat-teda-cas-280-57-9\/#primaryimage"},"image":{"@id":"https:\/\/longchangchemical.com\/product\/synocat-teda-cas-280-57-9\/#primaryimage"},"thumbnailUrl":"https:\/\/longchangchemical.com\/wp-content\/uploads\/2021\/01\/TEDA-DABCO.jpg","datePublished":"2022-12-06T10:54:39+00:00","dateModified":"2026-01-12T04:20:25+00:00","description":"A TEDA ( Triethylenediamine ) pu kataliz\u00e1tork\u00e9nt haszn\u00e1lhat\u00f3, \u00e9s a Longchang Chemical kulcsfontoss\u00e1g\u00fa term\u00e9ke. Mi vagyunk a vezet\u0151 pu kataliz\u00e1tor gy\u00e1rt\u00f3ja \u00e9s sz\u00e1ll\u00edt\u00f3ja K\u00edn\u00e1ban a legjobb min\u0151s\u00e9ggel \u00e9s versenyk\u00e9pes \u00e1rral.","breadcrumb":{"@id":"https:\/\/longchangchemical.com\/product\/synocat-teda-cas-280-57-9\/#breadcrumb"},"inLanguage":"hu","potentialAction":[{"@type":"ReadAction","target":["https:\/\/longchangchemical.com\/product\/synocat-teda-cas-280-57-9\/"]}]},{"@type":"ImageObject","inLanguage":"hu","@id":"https:\/\/longchangchemical.com\/product\/synocat-teda-cas-280-57-9\/#primaryimage","url":"https:\/\/longchangchemical.com\/wp-content\/uploads\/2021\/01\/TEDA-DABCO.jpg","contentUrl":"https:\/\/longchangchemical.com\/wp-content\/uploads\/2021\/01\/TEDA-DABCO.jpg","width":800,"height":800},{"@type":"BreadcrumbList","@id":"https:\/\/longchangchemical.com\/product\/synocat-teda-cas-280-57-9\/#breadcrumb","itemListElement":[{"@type":"ListItem","position":1,"name":"Home","item":"https:\/\/longchangchemical.com\/"},{"@type":"ListItem","position":2,"name":"Products Longchang","item":"https:\/\/longchangchemical.com\/product\/"},{"@type":"ListItem","position":3,"name":"TEDA \/ Dabco Crystalline \/ Triethylenediamine cas 280-57-9"}]},{"@type":"WebSite","@id":"https:\/\/longchangchemical.com\/#website","url":"https:\/\/longchangchemical.com\/","name":"Longchang Chemical","description":"K\u00edna k\u00e9miai gy\u00e1rt\u00f3 \uff06 sz\u00e1ll\u00edt\u00f3","publisher":{"@id":"https:\/\/longchangchemical.com\/#organization"},"potentialAction":[{"@type":"SearchAction","target":{"@type":"EntryPoint","urlTemplate":"https:\/\/longchangchemical.com\/?s={search_term_string}"},"query-input":{"@type":"PropertyValueSpecification","valueRequired":true,"valueName":"search_term_string"}}],"inLanguage":"hu"},{"@type":"Organization","@id":"https:\/\/longchangchemical.com\/#organization","name":"Longchang Chemical","url":"https:\/\/longchangchemical.com\/","logo":{"@type":"ImageObject","inLanguage":"hu","@id":"https:\/\/longchangchemical.com\/#\/schema\/logo\/image\/","url":"https:\/\/longchangchemical.com\/wp-content\/uploads\/2020\/08\/cropped-longchang-logo.png","contentUrl":"https:\/\/longchangchemical.com\/wp-content\/uploads\/2020\/08\/cropped-longchang-logo.png","width":512,"height":512,"caption":"Longchang Chemical"},"image":{"@id":"https:\/\/longchangchemical.com\/#\/schema\/logo\/image\/"}}]}},"_links":{"self":[{"href":"https:\/\/longchangchemical.com\/hu\/wp-json\/wp\/v2\/product\/3881","targetHints":{"allow":["GET"]}}],"collection":[{"href":"https:\/\/longchangchemical.com\/hu\/wp-json\/wp\/v2\/product"}],"about":[{"href":"https:\/\/longchangchemical.com\/hu\/wp-json\/wp\/v2\/types\/product"}],"replies":[{"embeddable":true,"href":"https:\/\/longchangchemical.com\/hu\/wp-json\/wp\/v2\/comments?post=3881"}],"wp:featuredmedia":[{"embeddable":true,"href":"https:\/\/longchangchemical.com\/hu\/wp-json\/wp\/v2\/media\/5776"}],"wp:attachment":[{"href":"https:\/\/longchangchemical.com\/hu\/wp-json\/wp\/v2\/media?parent=3881"}],"wp:term":[{"taxonomy":"product_brand","embeddable":true,"href":"https:\/\/longchangchemical.com\/hu\/wp-json\/wp\/v2\/product_brand?post=3881"},{"taxonomy":"product_cat","embeddable":true,"href":"https:\/\/longchangchemical.com\/hu\/wp-json\/wp\/v2\/product_cat?post=3881"},{"taxonomy":"product_tag","embeddable":true,"href":"https:\/\/longchangchemical.com\/hu\/wp-json\/wp\/v2\/product_tag?post=3881"}],"curies":[{"name":"wp","href":"https:\/\/api.w.org\/{rel}","templated":true}]}}