{"id":3831,"date":"2021-03-16T13:20:17","date_gmt":"2021-03-16T13:20:17","guid":{"rendered":"https:\/\/longchangchemical.com\/?post_type=product&#038;p=3831"},"modified":"2025-12-23T02:55:04","modified_gmt":"2025-12-23T02:55:04","slug":"tetrapropylammonium-hydroxide","status":"publish","type":"product","link":"https:\/\/longchangchemical.com\/hu\/product\/tetrapropylammonium-hydroxide\/","title":{"rendered":"Tetrapropilamm\u00f3nium-hidroxid CAS 4499-86-9"},"content":{"rendered":"<h1><strong>Tetrapropilamm\u00f3nium-hidroxid CAS 4499-86-9<\/strong><\/h1>\n<table class=\"table-1\">\n<tbody>\n<tr>\n<td valign=\"top\" width=\"647\">\n<h4>T\u00e9tel<\/h4>\n<\/td>\n<td valign=\"top\" width=\"647\">\n<h4>Specifik\u00e1ci\u00f3<\/h4>\n<\/td>\n<\/tr>\n<tr>\n<td valign=\"top\" width=\"647\">\n<h4>Megjelen\u00e9s<\/h4>\n<\/td>\n<td valign=\"top\" width=\"647\">\n<h4>Sz\u00edntelen \u00e1tl\u00e1tsz\u00f3 folyad\u00e9k<\/h4>\n<\/td>\n<\/tr>\n<tr>\n<td valign=\"top\" width=\"647\">\n<h4>Vizsg\u00e1lat (%)<\/h4>\n<\/td>\n<td valign=\"top\" width=\"647\">\n<h4>25\u00b10.5<\/h4>\n<\/td>\n<\/tr>\n<tr>\n<td valign=\"top\" width=\"647\">\n<h4>Karbon\u00e1t (%)<\/h4>\n<\/td>\n<td valign=\"top\" width=\"647\">\n<h4>\u22640.1<\/h4>\n<\/td>\n<\/tr>\n<tr>\n<td valign=\"top\" width=\"647\">\n<h4>Br\u00f3m (ppm)<\/h4>\n<\/td>\n<td valign=\"top\" width=\"647\">\n<h4>\u2264100<\/h4>\n<\/td>\n<\/tr>\n<tr>\n<td valign=\"top\" width=\"647\">\n<h4>K(ppm)<\/h4>\n<\/td>\n<td valign=\"top\" width=\"647\">\n<h4>\u22645<\/h4>\n<\/td>\n<\/tr>\n<tr>\n<td valign=\"top\" width=\"647\">\n<h4>Na (ppm)<\/h4>\n<\/td>\n<td valign=\"top\" width=\"647\">\n<h4>\u22645<\/h4>\n<\/td>\n<\/tr>\n<tr>\n<td valign=\"top\" width=\"647\">\n<h4>APHA sz\u00edn<\/h4>\n<\/td>\n<td valign=\"top\" width=\"647\">\n<h4>\u226420<\/h4>\n<\/td>\n<\/tr>\n<\/tbody>\n<\/table>\n<p>&nbsp;<\/p>\n<h2><strong>Tetrapropilamm\u00f3nium-hidroxid Felhaszn\u00e1l\u00e1s<\/strong><\/h2>\n<h4>1. A zsm-5 szint\u00e9zis\u00e9nek folyamat\u00e1ban tetrapropilamm\u00f3nium-hidroxidot adnak hozz\u00e1, amely l\u00fagforr\u00e1sk\u00e9nt vagy templ\u00e1tk\u00e9nt l\u00e9tezhet.<\/h4>\n<h4>2. Ez a term\u00e9k titr\u00e1l\u00e1si k\u00eds\u00e9rletekben haszn\u00e1lhat\u00f3.<\/h4>\n<h4>3. Ez a term\u00e9k k\u00e9pes zeolitot szintetiz\u00e1lni.<\/h4>\n<h4>4. Ez a term\u00e9k polarogr\u00e1fiai elemz\u00e9si k\u00eds\u00e9rletekben haszn\u00e1lhat\u00f3.<\/h4>\n<p>&nbsp;<\/p>\n<h2><strong>Tetrapropilamm\u00f3nium-hidroxid Csomagol\u00e1s \u00e9s sz\u00e1ll\u00edt\u00e1s<\/strong><\/h2>\n<h4>1000KG IBC kont\u00e9ner vagy testreszabott csomag.<\/h4>\n<p>&nbsp;<\/p>\n<h2><strong>Tetrapropilamm\u00f3nium-hidroxid T\u00e1rol\u00e1s<\/strong><\/h2>\n<h4>V\u00e9dett, sz\u00e1raz, s\u00f6t\u00e9t helyen t\u00f6rt\u00e9n\u0151 t\u00e1rol\u00e1s.<\/h4>\n<p>&nbsp;<\/p>\n<h2><strong>Ugyanazon sorozat term\u00e9kei<\/strong><\/h2>\n<table style=\"border-collapse: collapse; width: 312.02pt;\" border=\"0\" width=\"416\" cellspacing=\"0\" cellpadding=\"0\">\n<tbody>\n<tr style=\"height: 81.00pt;\">\n<td class=\"et2\" style=\"height: 81.00pt; width: 201.75pt;\" width=\"269\" height=\"108\">\n<h4><strong>Tetrapropilamm\u00f3nium-hidroxid<\/strong><\/h4>\n<\/td>\n<td class=\"et2\" style=\"width: 110.25pt;\" width=\"147\">\n<h4><strong>4499-86-9<\/strong><\/h4>\n<\/td>\n<\/tr>\n<tr style=\"height: 81.00pt;\">\n<td class=\"et3\" style=\"height: 81.00pt; width: 201.75pt;\" width=\"269\" height=\"108\">\n<h4><a href=\"https:\/\/longchangchemical.com\/hu\/product\/tetrabutylammonium-hydroxide\/\"><span style=\"color: #3366ff;\"><strong>Tetrabutil-amm\u00f3nium-hidroxid<\/strong><\/span><\/a><\/h4>\n<\/td>\n<td class=\"et3\" style=\"width: 110.25pt;\" width=\"147\">\n<h4><a href=\"https:\/\/longchangchemical.com\/hu\/product\/tetrabutylammonium-hydroxide\/\"><span style=\"color: #3366ff;\"><strong>2052-49-5<\/strong><\/span><\/a><\/h4>\n<\/td>\n<\/tr>\n<\/tbody>\n<\/table>\n<p>&nbsp;<\/p>\n<h2><strong><b>L\u00e9pjen kapcsolatba vel\u00fcnk most!<\/b><\/strong><\/h2>\n<h4><strong><b>Egyedi szolg\u00e1ltat\u00e1sokat ny\u00fajtunk, \u00e1ltal\u00e1ban 24 \u00f3r\u00e1n bel\u00fcl felvessz\u00fck \u00d6nnel a kapcsolatot. A munkaid\u0151ben ( 8:30-18:00 UTC+8 H.~Szombat ) az info@longchangchemical.com e-mail c\u00edmen is k\u00fcldhet e-mailt, vagy haszn\u00e1lhatja a weboldal \u00e9l\u0151 chatj\u00e9t, hogy gyors v\u00e1laszt kapjon.<\/b><\/strong><\/h4>","protected":false},"excerpt":{"rendered":"<h4>Term\u00e9k neve\uff1aTetrapropil-amm\u00f3nium-hidroxid<\/h4>\n<h4>CAS-sz\u00e1m: 4499-86-9<\/h4>\n<h4>Molekula k\u00e9plet: C12H29NO<\/h4>\n<h4>Molekulat\u00f6meg: 203,36<\/h4>\n<h4>Megjelen\u00e9s: Sz\u00edntelen \u00e1tl\u00e1tsz\u00f3 folyad\u00e9k, nincs l\u00e1that\u00f3 szennyez\u0151d\u00e9s<\/h4>\n<h4>Assay\uff1a99.5%min<\/h4>","protected":false},"featured_media":4436,"comment_status":"open","ping_status":"closed","template":"","meta":[],"product_brand":[],"product_cat":[69],"product_tag":[],"class_list":{"0":"post-3831","1":"product","2":"type-product","3":"status-publish","4":"has-post-thumbnail","6":"product_cat-catalysts-chemical-auxiliary-agents","8":"first","9":"instock","10":"shipping-taxable","11":"product-type-simple"},"yoast_head":"<!-- This site is optimized with the Yoast SEO plugin v25.3.1 - https:\/\/yoast.com\/wordpress\/plugins\/seo\/ -->\n<title>China Tetrapropylammonium hydroxide CAS 4499-86-9 Manufacturer \uff06 Supplier - Longchang chemical Co., Ltd.<\/title>\n<meta name=\"description\" content=\"Longchang Chemical is a leading manufacturer and supplier of Tetrapropylammonium hydroxide CAS 4499-86-9 in China. Buy Tetrapropylammonium hydroxide in china. We can provide the best Tetrapropylammonium hydroxide price.\" \/>\n<meta name=\"robots\" content=\"index, follow, max-snippet:-1, max-image-preview:large, max-video-preview:-1\" \/>\n<link rel=\"canonical\" href=\"https:\/\/longchangchemical.com\/hu\/product\/tetrapropylammonium-hydroxide\/\" \/>\n<meta property=\"og:locale\" content=\"hu_HU\" \/>\n<meta property=\"og:type\" content=\"article\" \/>\n<meta property=\"og:title\" content=\"China Tetrapropylammonium hydroxide CAS 4499-86-9 Manufacturer \uff06 Supplier - Longchang chemical Co., Ltd.\" \/>\n<meta property=\"og:description\" content=\"Longchang Chemical is a leading manufacturer and supplier of Tetrapropylammonium hydroxide CAS 4499-86-9 in China. Buy Tetrapropylammonium hydroxide in china. We can provide the best Tetrapropylammonium hydroxide price.\" \/>\n<meta property=\"og:url\" content=\"https:\/\/longchangchemical.com\/hu\/product\/tetrapropylammonium-hydroxide\/\" \/>\n<meta property=\"og:site_name\" content=\"Longchang Chemical\" \/>\n<meta property=\"article:modified_time\" content=\"2025-12-23T02:55:04+00:00\" \/>\n<meta property=\"og:image\" content=\"https:\/\/longchangchemical.com\/wp-content\/uploads\/2021\/01\/Appearance-13.jpg\" \/>\n\t<meta property=\"og:image:width\" content=\"600\" \/>\n\t<meta property=\"og:image:height\" content=\"800\" \/>\n\t<meta property=\"og:image:type\" content=\"image\/jpeg\" \/>\n<meta name=\"twitter:card\" content=\"summary_large_image\" \/>\n<script type=\"application\/ld+json\" class=\"yoast-schema-graph\">{\"@context\":\"https:\/\/schema.org\",\"@graph\":[{\"@type\":\"WebPage\",\"@id\":\"https:\/\/longchangchemical.com\/product\/tetrapropylammonium-hydroxide\/\",\"url\":\"https:\/\/longchangchemical.com\/product\/tetrapropylammonium-hydroxide\/\",\"name\":\"China Tetrapropylammonium hydroxide CAS 4499-86-9 Manufacturer \uff06 Supplier - Longchang chemical Co., Ltd.\",\"isPartOf\":{\"@id\":\"https:\/\/longchangchemical.com\/#website\"},\"primaryImageOfPage\":{\"@id\":\"https:\/\/longchangchemical.com\/product\/tetrapropylammonium-hydroxide\/#primaryimage\"},\"image\":{\"@id\":\"https:\/\/longchangchemical.com\/product\/tetrapropylammonium-hydroxide\/#primaryimage\"},\"thumbnailUrl\":\"https:\/\/longchangchemical.com\/wp-content\/uploads\/2021\/01\/Appearance-13.jpg\",\"datePublished\":\"2021-03-16T13:20:17+00:00\",\"dateModified\":\"2025-12-23T02:55:04+00:00\",\"description\":\"Longchang Chemical is a leading manufacturer and supplier of Tetrapropylammonium hydroxide CAS 4499-86-9 in China. Buy Tetrapropylammonium hydroxide in china. We can provide the best Tetrapropylammonium hydroxide price.\",\"breadcrumb\":{\"@id\":\"https:\/\/longchangchemical.com\/product\/tetrapropylammonium-hydroxide\/#breadcrumb\"},\"inLanguage\":\"hu\",\"potentialAction\":[{\"@type\":\"ReadAction\",\"target\":[\"https:\/\/longchangchemical.com\/product\/tetrapropylammonium-hydroxide\/\"]}]},{\"@type\":\"ImageObject\",\"inLanguage\":\"hu\",\"@id\":\"https:\/\/longchangchemical.com\/product\/tetrapropylammonium-hydroxide\/#primaryimage\",\"url\":\"https:\/\/longchangchemical.com\/wp-content\/uploads\/2021\/01\/Appearance-13.jpg\",\"contentUrl\":\"https:\/\/longchangchemical.com\/wp-content\/uploads\/2021\/01\/Appearance-13.jpg\",\"width\":600,\"height\":800,\"caption\":\"Appearance\"},{\"@type\":\"BreadcrumbList\",\"@id\":\"https:\/\/longchangchemical.com\/product\/tetrapropylammonium-hydroxide\/#breadcrumb\",\"itemListElement\":[{\"@type\":\"ListItem\",\"position\":1,\"name\":\"Home\",\"item\":\"https:\/\/longchangchemical.com\/\"},{\"@type\":\"ListItem\",\"position\":2,\"name\":\"Products Longchang\",\"item\":\"https:\/\/longchangchemical.com\/product\/\"},{\"@type\":\"ListItem\",\"position\":3,\"name\":\"Tetrapropylammonium hydroxide CAS 4499-86-9\"}]},{\"@type\":\"WebSite\",\"@id\":\"https:\/\/longchangchemical.com\/#website\",\"url\":\"https:\/\/longchangchemical.com\/\",\"name\":\"Longchang Chemical\",\"description\":\"China chemical manufacturer \uff06 supplier\",\"publisher\":{\"@id\":\"https:\/\/longchangchemical.com\/#organization\"},\"potentialAction\":[{\"@type\":\"SearchAction\",\"target\":{\"@type\":\"EntryPoint\",\"urlTemplate\":\"https:\/\/longchangchemical.com\/?s={search_term_string}\"},\"query-input\":{\"@type\":\"PropertyValueSpecification\",\"valueRequired\":true,\"valueName\":\"search_term_string\"}}],\"inLanguage\":\"hu\"},{\"@type\":\"Organization\",\"@id\":\"https:\/\/longchangchemical.com\/#organization\",\"name\":\"Longchang Chemical\",\"url\":\"https:\/\/longchangchemical.com\/\",\"logo\":{\"@type\":\"ImageObject\",\"inLanguage\":\"hu\",\"@id\":\"https:\/\/longchangchemical.com\/#\/schema\/logo\/image\/\",\"url\":\"https:\/\/longchangchemical.com\/wp-content\/uploads\/2020\/08\/cropped-longchang-logo.png\",\"contentUrl\":\"https:\/\/longchangchemical.com\/wp-content\/uploads\/2020\/08\/cropped-longchang-logo.png\",\"width\":512,\"height\":512,\"caption\":\"Longchang Chemical\"},\"image\":{\"@id\":\"https:\/\/longchangchemical.com\/#\/schema\/logo\/image\/\"}}]}<\/script>\n<!-- \/ Yoast SEO plugin. -->","yoast_head_json":{"title":"K\u00edna Tetrapropilamm\u00f3nium-hidroxid CAS 4499-86-9 Gy\u00e1rt\u00f3 \uff06 Sz\u00e1ll\u00edt\u00f3 - Longchang Chemical Co., Ltd.","description":"A Longchang Chemical vezet\u0151 gy\u00e1rt\u00f3ja \u00e9s sz\u00e1ll\u00edt\u00f3ja a CAS 4499-86-9 tetrapropil-amm\u00f3nium-hidroxidnak K\u00edn\u00e1ban. V\u00e1s\u00e1roljon tetrapropil-amm\u00f3nium-hidroxidot K\u00edn\u00e1ban. A legjobb Tetrapropilamm\u00f3nium-hidroxid \u00e1rat tudjuk biztos\u00edtani.","robots":{"index":"index","follow":"follow","max-snippet":"max-snippet:-1","max-image-preview":"max-image-preview:large","max-video-preview":"max-video-preview:-1"},"canonical":"https:\/\/longchangchemical.com\/hu\/product\/tetrapropylammonium-hydroxide\/","og_locale":"hu_HU","og_type":"article","og_title":"China Tetrapropylammonium hydroxide CAS 4499-86-9 Manufacturer \uff06 Supplier - Longchang chemical Co., Ltd.","og_description":"Longchang Chemical is a leading manufacturer and supplier of Tetrapropylammonium hydroxide CAS 4499-86-9 in China. Buy Tetrapropylammonium hydroxide in china. We can provide the best Tetrapropylammonium hydroxide price.","og_url":"https:\/\/longchangchemical.com\/hu\/product\/tetrapropylammonium-hydroxide\/","og_site_name":"Longchang Chemical","article_modified_time":"2025-12-23T02:55:04+00:00","og_image":[{"width":600,"height":800,"url":"https:\/\/longchangchemical.com\/wp-content\/uploads\/2021\/01\/Appearance-13.jpg","type":"image\/jpeg"}],"twitter_card":"summary_large_image","schema":{"@context":"https:\/\/schema.org","@graph":[{"@type":"WebPage","@id":"https:\/\/longchangchemical.com\/product\/tetrapropylammonium-hydroxide\/","url":"https:\/\/longchangchemical.com\/product\/tetrapropylammonium-hydroxide\/","name":"K\u00edna Tetrapropilamm\u00f3nium-hidroxid CAS 4499-86-9 Gy\u00e1rt\u00f3 \uff06 Sz\u00e1ll\u00edt\u00f3 - Longchang Chemical Co., Ltd.","isPartOf":{"@id":"https:\/\/longchangchemical.com\/#website"},"primaryImageOfPage":{"@id":"https:\/\/longchangchemical.com\/product\/tetrapropylammonium-hydroxide\/#primaryimage"},"image":{"@id":"https:\/\/longchangchemical.com\/product\/tetrapropylammonium-hydroxide\/#primaryimage"},"thumbnailUrl":"https:\/\/longchangchemical.com\/wp-content\/uploads\/2021\/01\/Appearance-13.jpg","datePublished":"2021-03-16T13:20:17+00:00","dateModified":"2025-12-23T02:55:04+00:00","description":"A Longchang Chemical vezet\u0151 gy\u00e1rt\u00f3ja \u00e9s sz\u00e1ll\u00edt\u00f3ja a CAS 4499-86-9 tetrapropil-amm\u00f3nium-hidroxidnak K\u00edn\u00e1ban. V\u00e1s\u00e1roljon tetrapropil-amm\u00f3nium-hidroxidot K\u00edn\u00e1ban. A legjobb Tetrapropilamm\u00f3nium-hidroxid \u00e1rat tudjuk biztos\u00edtani.","breadcrumb":{"@id":"https:\/\/longchangchemical.com\/product\/tetrapropylammonium-hydroxide\/#breadcrumb"},"inLanguage":"hu","potentialAction":[{"@type":"ReadAction","target":["https:\/\/longchangchemical.com\/product\/tetrapropylammonium-hydroxide\/"]}]},{"@type":"ImageObject","inLanguage":"hu","@id":"https:\/\/longchangchemical.com\/product\/tetrapropylammonium-hydroxide\/#primaryimage","url":"https:\/\/longchangchemical.com\/wp-content\/uploads\/2021\/01\/Appearance-13.jpg","contentUrl":"https:\/\/longchangchemical.com\/wp-content\/uploads\/2021\/01\/Appearance-13.jpg","width":600,"height":800,"caption":"Appearance"},{"@type":"BreadcrumbList","@id":"https:\/\/longchangchemical.com\/product\/tetrapropylammonium-hydroxide\/#breadcrumb","itemListElement":[{"@type":"ListItem","position":1,"name":"Home","item":"https:\/\/longchangchemical.com\/"},{"@type":"ListItem","position":2,"name":"Products Longchang","item":"https:\/\/longchangchemical.com\/product\/"},{"@type":"ListItem","position":3,"name":"Tetrapropylammonium hydroxide CAS 4499-86-9"}]},{"@type":"WebSite","@id":"https:\/\/longchangchemical.com\/#website","url":"https:\/\/longchangchemical.com\/","name":"Longchang Chemical","description":"K\u00edna k\u00e9miai gy\u00e1rt\u00f3 \uff06 sz\u00e1ll\u00edt\u00f3","publisher":{"@id":"https:\/\/longchangchemical.com\/#organization"},"potentialAction":[{"@type":"SearchAction","target":{"@type":"EntryPoint","urlTemplate":"https:\/\/longchangchemical.com\/?s={search_term_string}"},"query-input":{"@type":"PropertyValueSpecification","valueRequired":true,"valueName":"search_term_string"}}],"inLanguage":"hu"},{"@type":"Organization","@id":"https:\/\/longchangchemical.com\/#organization","name":"Longchang Chemical","url":"https:\/\/longchangchemical.com\/","logo":{"@type":"ImageObject","inLanguage":"hu","@id":"https:\/\/longchangchemical.com\/#\/schema\/logo\/image\/","url":"https:\/\/longchangchemical.com\/wp-content\/uploads\/2020\/08\/cropped-longchang-logo.png","contentUrl":"https:\/\/longchangchemical.com\/wp-content\/uploads\/2020\/08\/cropped-longchang-logo.png","width":512,"height":512,"caption":"Longchang Chemical"},"image":{"@id":"https:\/\/longchangchemical.com\/#\/schema\/logo\/image\/"}}]}},"_links":{"self":[{"href":"https:\/\/longchangchemical.com\/hu\/wp-json\/wp\/v2\/product\/3831","targetHints":{"allow":["GET"]}}],"collection":[{"href":"https:\/\/longchangchemical.com\/hu\/wp-json\/wp\/v2\/product"}],"about":[{"href":"https:\/\/longchangchemical.com\/hu\/wp-json\/wp\/v2\/types\/product"}],"replies":[{"embeddable":true,"href":"https:\/\/longchangchemical.com\/hu\/wp-json\/wp\/v2\/comments?post=3831"}],"wp:featuredmedia":[{"embeddable":true,"href":"https:\/\/longchangchemical.com\/hu\/wp-json\/wp\/v2\/media\/4436"}],"wp:attachment":[{"href":"https:\/\/longchangchemical.com\/hu\/wp-json\/wp\/v2\/media?parent=3831"}],"wp:term":[{"taxonomy":"product_brand","embeddable":true,"href":"https:\/\/longchangchemical.com\/hu\/wp-json\/wp\/v2\/product_brand?post=3831"},{"taxonomy":"product_cat","embeddable":true,"href":"https:\/\/longchangchemical.com\/hu\/wp-json\/wp\/v2\/product_cat?post=3831"},{"taxonomy":"product_tag","embeddable":true,"href":"https:\/\/longchangchemical.com\/hu\/wp-json\/wp\/v2\/product_tag?post=3831"}],"curies":[{"name":"wp","href":"https:\/\/api.w.org\/{rel}","templated":true}]}}