{"id":3819,"date":"2022-12-07T13:39:00","date_gmt":"2022-12-07T13:39:00","guid":{"rendered":"https:\/\/longchangchemical.com\/?post_type=product&#038;p=3819"},"modified":"2026-01-12T04:15:55","modified_gmt":"2026-01-12T04:15:55","slug":"syncat-dmcha-cas-98-94-2","status":"publish","type":"product","link":"https:\/\/longchangchemical.com\/hu\/product\/syncat-dmcha-cas-98-94-2\/","title":{"rendered":"DMCHA (PC-8) \/ n,n-dimetil-ciklohexilamin CAS 98-94-2"},"content":{"rendered":"<h1><strong>DMCHA (PC-8) \/ n,n-dimetil-ciklohexilamin CAS 98-94-2<\/strong><\/h1>\n<table class=\"table-1\" cellspacing=\"0\">\n<tbody>\n<tr>\n<td>T\u00e9tel<\/td>\n<td>M\u0171szaki adatok<\/td>\n<\/tr>\n<tr>\n<td>Megjelen\u00e9s<\/td>\n<td>Sz\u00edntelen folyad\u00e9k<\/td>\n<\/tr>\n<tr>\n<td>Assay<\/td>\n<td>\u226599 %<\/td>\n<\/tr>\n<tr>\n<td>Nedvess\u00e9g<\/td>\n<td>\u22640,5%<\/td>\n<\/tr>\n<tr>\n<td>S\u0171r\u0171s\u00e9g<\/td>\n<td>0,85 g\/cm\u00b3<\/td>\n<\/tr>\n<tr>\n<td>Lobban\u00e1spont<\/td>\n<td>38,00 \u00b0C @ 1 013,25 hPa<\/td>\n<\/tr>\n<tr>\n<td>Log\/Pow<\/td>\n<td>2.01 @ 25 \u00b0C<\/td>\n<\/tr>\n<tr>\n<td>V\u00edzben val\u00f3 oldhat\u00f3s\u00e1g<\/td>\n<td>10,5 g\/l 25 \u00b0C-on<\/td>\n<\/tr>\n<tr>\n<td>G\u0151znyom\u00e1s<\/td>\n<td>2,90 hPa 20 \u00b0C-on<\/td>\n<\/tr>\n<\/tbody>\n<\/table>\n<p>&nbsp;<\/p>\n<p><strong>N,N-dimetil-ciklohexilamin Le\u00edr\u00e1s<\/strong><\/p>\n<p>A PC-8 egy tercier amin, amelyet els\u0151sorban az uret\u00e1n (poliol-izocian\u00e1t) reakci\u00f3 el\u0151seg\u00edt\u00e9s\u00e9re haszn\u00e1lnak a merevhab alkalmaz\u00e1sok sz\u00e9les k\u00f6r\u00e9ben.<\/p>\n<p>Csomagol\u00e1s: 200L\/hord\u00f3.<\/p>\n<p>&nbsp;<\/p>\n<p><strong>N,N-dimetil-ciklohexilamin Alkalmaz\u00e1s<\/strong><\/p>\n<p>1. A PC-8 a merev habok sz\u00e9les sk\u00e1l\u00e1j\u00e1n t\u00f6rt\u00e9n\u0151 \u00e9rt\u00e9kel\u00e9sre aj\u00e1nlott. A f\u0151 alkalmaz\u00e1si ter\u00fclet a szigetel\u0151habok, bele\u00e9rtve a sz\u00f3r\u00f3habokat, a lemezes r\u00e9tegelt lemezeket \u00e9s a h\u0171t\u0151k\u00f6zegek k\u00e9sz\u00edtm\u00e9nyeit. Az NT CAT PC-8-at merevhabos b\u00fatorv\u00e1zak \u00e9s dekorat\u00edv alkatr\u00e9szek gy\u00e1rt\u00e1s\u00e1n\u00e1l is haszn\u00e1lj\u00e1k. A poliollal egy\u00fctt adagolhat\u00f3 vagy k\u00fcl\u00f6n folyamk\u00e9nt adagolhat\u00f3.<\/p>\n<p>2. A DMCHA a merev habok sz\u00e9les sk\u00e1l\u00e1j\u00e1n haszn\u00e1lhat\u00f3. Az egyik f\u0151 alkalmaz\u00e1si ter\u00fclet a szigetel\u0151hab, bele\u00e9rtve a spray-khez, lemezekhez, lamin\u00e1tumokhoz \u00e9s h\u0171t\u0151h\u00e1zakhoz val\u00f3 k\u00e9sz\u00edtm\u00e9nyeket. Az N,N-dimetil-ciklohexilamin merevhabos b\u00fatorkeretek \u00e9s dekorat\u00edv alkatr\u00e9szek gy\u00e1rt\u00e1s\u00e1ra is alkalmas. A merevhab term\u00e9kekben haszn\u00e1lt kataliz\u00e1tor \u00f6nmag\u00e1ban, szerves \u00f3n hozz\u00e1ad\u00e1sa n\u00e9lk\u00fcl is haszn\u00e1lhat\u00f3 f\u0151 kataliz\u00e1tork\u00e9nt, \u00e9s a folyamat \u00e9s a term\u00e9k k\u00f6vetelm\u00e9nyeinek megfelel\u0151en JD sorozat\u00fa kataliz\u00e1torokkal is kieg\u00e9sz\u00edthet\u0151. Ezt a term\u00e9ket gumigyors\u00edt\u00f3k \u00e9s szintetikus sz\u00e1lak k\u00f6ztes anyagak\u00e9nt is haszn\u00e1lj\u00e1k.<\/p>\n<p>&nbsp;<\/p>\n<p><strong>N,N-dimetil-ciklohexilaminT\u00e1rol\u00e1s<\/strong><\/p>\n<p>H\u0171v\u00f6s, szell\u0151ztetett rakt\u00e1rban t\u00e1rolja. T\u0171zt\u0151l \u00e9s h\u0151forr\u00e1st\u00f3l t\u00e1vol tartand\u00f3. Tartsa a tart\u00e1lyt lez\u00e1rva.<\/p>\n<p>&nbsp;<\/p>\n<h2><strong><b>L\u00e9pjen kapcsolatba vel\u00fcnk most!<\/b><\/strong><\/h2>\n<h4><strong><b>Ha COA, MSDS vagy TDS-re van sz\u00fcks\u00e9ge, k\u00e9rj\u00fck, t\u00f6ltse ki el\u00e9rhet\u0151s\u00e9g\u00e9t az al\u00e1bbi \u0171rlapon, \u00e1ltal\u00e1ban 24 \u00f3r\u00e1n bel\u00fcl felvessz\u00fck \u00d6nnel a kapcsolatot.<\/b><\/strong> \u00d6n is k\u00fcldhet nekem e-mailt <a href=\"mailto:info@longchangchemical.com\"><span style=\"color: #0000ff;\">info@longchangchemical.com<\/span><\/a> munkaid\u0151ben ( 8:30-18:00 UTC+8 H.-Szombat ) vagy haszn\u00e1lja a weboldal \u00e9l\u0151 chatj\u00e9t, hogy azonnali v\u00e1laszt kapjon.<\/h4>","protected":false},"excerpt":{"rendered":"<p>Term\u00e9k neve: N,N-dimetil-ciklohexil-amin<\/p>\n<p>OtherName:DMCHA;POLYCAT 8;Dimetil-ciklohexilamin;LupragenN101;TEGOAMIN DMCHA;JEFFCAT DMCHA;DABCO DMCHA;KAOLIZER 10;TOYOCAT DMCHA;NIAX C-8;KAOLIZER 10;PCCAT DMCHA;DESMORAPID 726-B;AminCat DMCHA<\/p>\n<p>CAS-sz\u00e1m: 98-94-2<\/p>\n<p>Molekul\u00e1ris k\u00e9plet: C8H17N<\/p>\n<p>Molekulat\u00f6meg:127,23<\/p>\n<p>N,N-dimetil-ciklohexilaminSzerkezet:<img decoding=\"async\" title=\"N,N-dimetil-ciklohexilamin Szerkezet\" src=\"https:\/\/www.longchangchemical.com\/wp-content\/uploads\/product-details\/20200611108565.png\" alt=\"N,N-dimetil-ciklohexilamin Szerkezet\" width=\"75\" height=\"41\" border=\"0\" vspace=\"0\" \/><\/p>\n<p>Megjelen\u00e9s: Sz\u00edntelen folyad\u00e9k<\/p>\n<p>Vizsg\u00e1lat: \u226599 %<\/p>","protected":false},"featured_media":5918,"comment_status":"open","ping_status":"closed","template":"","meta":[],"product_brand":[],"product_cat":[119],"product_tag":[],"class_list":{"0":"post-3819","1":"product","2":"type-product","3":"status-publish","4":"has-post-thumbnail","6":"product_cat-synocat-polyurethane-catalyst","8":"first","9":"instock","10":"shipping-taxable","11":"product-type-simple"},"yoast_head":"<!-- This site is optimized with the Yoast SEO plugin v25.3.1 - https:\/\/yoast.com\/wordpress\/plugins\/seo\/ -->\n<title>PU Catalyst DMCHA \/N,N-Dimethylcyclohexylamine Manufacturer Cas 98-94-2 supplier - Longchang Chemical<\/title>\n<meta name=\"description\" content=\"DMCHA (REACH covered) can be used as PU Catalyst and is the key product of Longchang Chemical. We are the leading PU Catalyst manufacturer and supplier in China with the best quanlity and competitive price.\" \/>\n<meta name=\"robots\" content=\"index, follow, max-snippet:-1, max-image-preview:large, max-video-preview:-1\" \/>\n<link rel=\"canonical\" href=\"https:\/\/longchangchemical.com\/hu\/product\/syncat-dmcha-cas-98-94-2\/\" \/>\n<meta property=\"og:locale\" content=\"hu_HU\" \/>\n<meta property=\"og:type\" content=\"article\" \/>\n<meta property=\"og:title\" content=\"PU Catalyst DMCHA \/N,N-Dimethylcyclohexylamine Manufacturer Cas 98-94-2 supplier - Longchang Chemical\" \/>\n<meta property=\"og:description\" content=\"DMCHA (REACH covered) can be used as PU Catalyst and is the key product of Longchang Chemical. We are the leading PU Catalyst manufacturer and supplier in China with the best quanlity and competitive price.\" \/>\n<meta property=\"og:url\" content=\"https:\/\/longchangchemical.com\/hu\/product\/syncat-dmcha-cas-98-94-2\/\" \/>\n<meta property=\"og:site_name\" content=\"Longchang Chemical\" \/>\n<meta property=\"article:modified_time\" content=\"2026-01-12T04:15:55+00:00\" \/>\n<meta property=\"og:image\" content=\"https:\/\/longchangchemical.com\/wp-content\/uploads\/2022\/12\/Synocat\u00ae-DMCHA-PC-8-nn-dimethylcyclohexylamine-CAS-98-94-2.jpg\" \/>\n\t<meta property=\"og:image:width\" content=\"800\" \/>\n\t<meta property=\"og:image:height\" content=\"800\" \/>\n\t<meta property=\"og:image:type\" content=\"image\/jpeg\" \/>\n<meta name=\"twitter:card\" content=\"summary_large_image\" \/>\n<script type=\"application\/ld+json\" class=\"yoast-schema-graph\">{\"@context\":\"https:\/\/schema.org\",\"@graph\":[{\"@type\":\"WebPage\",\"@id\":\"https:\/\/longchangchemical.com\/product\/syncat-dmcha-cas-98-94-2\/\",\"url\":\"https:\/\/longchangchemical.com\/product\/syncat-dmcha-cas-98-94-2\/\",\"name\":\"PU Catalyst DMCHA \/N,N-Dimethylcyclohexylamine Manufacturer Cas 98-94-2 supplier - Longchang Chemical\",\"isPartOf\":{\"@id\":\"https:\/\/longchangchemical.com\/#website\"},\"primaryImageOfPage\":{\"@id\":\"https:\/\/longchangchemical.com\/product\/syncat-dmcha-cas-98-94-2\/#primaryimage\"},\"image\":{\"@id\":\"https:\/\/longchangchemical.com\/product\/syncat-dmcha-cas-98-94-2\/#primaryimage\"},\"thumbnailUrl\":\"https:\/\/longchangchemical.com\/wp-content\/uploads\/2022\/12\/Synocat\u00ae-DMCHA-PC-8-nn-dimethylcyclohexylamine-CAS-98-94-2.jpg\",\"datePublished\":\"2022-12-07T13:39:00+00:00\",\"dateModified\":\"2026-01-12T04:15:55+00:00\",\"description\":\"DMCHA (REACH covered) can be used as PU Catalyst and is the key product of Longchang Chemical. We are the leading PU Catalyst manufacturer and supplier in China with the best quanlity and competitive price.\",\"breadcrumb\":{\"@id\":\"https:\/\/longchangchemical.com\/product\/syncat-dmcha-cas-98-94-2\/#breadcrumb\"},\"inLanguage\":\"hu\",\"potentialAction\":[{\"@type\":\"ReadAction\",\"target\":[\"https:\/\/longchangchemical.com\/product\/syncat-dmcha-cas-98-94-2\/\"]}]},{\"@type\":\"ImageObject\",\"inLanguage\":\"hu\",\"@id\":\"https:\/\/longchangchemical.com\/product\/syncat-dmcha-cas-98-94-2\/#primaryimage\",\"url\":\"https:\/\/longchangchemical.com\/wp-content\/uploads\/2022\/12\/Synocat\u00ae-DMCHA-PC-8-nn-dimethylcyclohexylamine-CAS-98-94-2.jpg\",\"contentUrl\":\"https:\/\/longchangchemical.com\/wp-content\/uploads\/2022\/12\/Synocat\u00ae-DMCHA-PC-8-nn-dimethylcyclohexylamine-CAS-98-94-2.jpg\",\"width\":800,\"height\":800,\"caption\":\"DMCHA (PC-8) \/ n,n-dimethylcyclohexylamine CAS 98-94-2\"},{\"@type\":\"BreadcrumbList\",\"@id\":\"https:\/\/longchangchemical.com\/product\/syncat-dmcha-cas-98-94-2\/#breadcrumb\",\"itemListElement\":[{\"@type\":\"ListItem\",\"position\":1,\"name\":\"Home\",\"item\":\"https:\/\/longchangchemical.com\/\"},{\"@type\":\"ListItem\",\"position\":2,\"name\":\"Products Longchang\",\"item\":\"https:\/\/longchangchemical.com\/product\/\"},{\"@type\":\"ListItem\",\"position\":3,\"name\":\"DMCHA (PC-8) \/ n,n-dimethylcyclohexylamine CAS 98-94-2\"}]},{\"@type\":\"WebSite\",\"@id\":\"https:\/\/longchangchemical.com\/#website\",\"url\":\"https:\/\/longchangchemical.com\/\",\"name\":\"Longchang Chemical\",\"description\":\"China chemical manufacturer \uff06 supplier\",\"publisher\":{\"@id\":\"https:\/\/longchangchemical.com\/#organization\"},\"potentialAction\":[{\"@type\":\"SearchAction\",\"target\":{\"@type\":\"EntryPoint\",\"urlTemplate\":\"https:\/\/longchangchemical.com\/?s={search_term_string}\"},\"query-input\":{\"@type\":\"PropertyValueSpecification\",\"valueRequired\":true,\"valueName\":\"search_term_string\"}}],\"inLanguage\":\"hu\"},{\"@type\":\"Organization\",\"@id\":\"https:\/\/longchangchemical.com\/#organization\",\"name\":\"Longchang Chemical\",\"url\":\"https:\/\/longchangchemical.com\/\",\"logo\":{\"@type\":\"ImageObject\",\"inLanguage\":\"hu\",\"@id\":\"https:\/\/longchangchemical.com\/#\/schema\/logo\/image\/\",\"url\":\"https:\/\/longchangchemical.com\/wp-content\/uploads\/2020\/08\/cropped-longchang-logo.png\",\"contentUrl\":\"https:\/\/longchangchemical.com\/wp-content\/uploads\/2020\/08\/cropped-longchang-logo.png\",\"width\":512,\"height\":512,\"caption\":\"Longchang Chemical\"},\"image\":{\"@id\":\"https:\/\/longchangchemical.com\/#\/schema\/logo\/image\/\"}}]}<\/script>\n<!-- \/ Yoast SEO plugin. -->","yoast_head_json":{"title":"PU kataliz\u00e1tor DMCHA \/ N,N-dimetil-ciklohexilamin Gy\u00e1rt\u00f3 Cas 98-94-2 sz\u00e1ll\u00edt\u00f3 - Longchang Chemical","description":"A DMCHA (REACH-k\u00f6teles) PU-kataliz\u00e1tork\u00e9nt haszn\u00e1lhat\u00f3, \u00e9s a Longchang Chemical kulcsfontoss\u00e1g\u00fa term\u00e9ke. Mi vagyunk a vezet\u0151 PU kataliz\u00e1tor gy\u00e1rt\u00f3ja \u00e9s sz\u00e1ll\u00edt\u00f3ja K\u00edn\u00e1ban a legjobb min\u0151s\u00e9ggel \u00e9s versenyk\u00e9pes \u00e1rral.","robots":{"index":"index","follow":"follow","max-snippet":"max-snippet:-1","max-image-preview":"max-image-preview:large","max-video-preview":"max-video-preview:-1"},"canonical":"https:\/\/longchangchemical.com\/hu\/product\/syncat-dmcha-cas-98-94-2\/","og_locale":"hu_HU","og_type":"article","og_title":"PU Catalyst DMCHA \/N,N-Dimethylcyclohexylamine Manufacturer Cas 98-94-2 supplier - Longchang Chemical","og_description":"DMCHA (REACH covered) can be used as PU Catalyst and is the key product of Longchang Chemical. We are the leading PU Catalyst manufacturer and supplier in China with the best quanlity and competitive price.","og_url":"https:\/\/longchangchemical.com\/hu\/product\/syncat-dmcha-cas-98-94-2\/","og_site_name":"Longchang Chemical","article_modified_time":"2026-01-12T04:15:55+00:00","og_image":[{"width":800,"height":800,"url":"https:\/\/longchangchemical.com\/wp-content\/uploads\/2022\/12\/Synocat\u00ae-DMCHA-PC-8-nn-dimethylcyclohexylamine-CAS-98-94-2.jpg","type":"image\/jpeg"}],"twitter_card":"summary_large_image","schema":{"@context":"https:\/\/schema.org","@graph":[{"@type":"WebPage","@id":"https:\/\/longchangchemical.com\/product\/syncat-dmcha-cas-98-94-2\/","url":"https:\/\/longchangchemical.com\/product\/syncat-dmcha-cas-98-94-2\/","name":"PU kataliz\u00e1tor DMCHA \/ N,N-dimetil-ciklohexilamin Gy\u00e1rt\u00f3 Cas 98-94-2 sz\u00e1ll\u00edt\u00f3 - Longchang Chemical","isPartOf":{"@id":"https:\/\/longchangchemical.com\/#website"},"primaryImageOfPage":{"@id":"https:\/\/longchangchemical.com\/product\/syncat-dmcha-cas-98-94-2\/#primaryimage"},"image":{"@id":"https:\/\/longchangchemical.com\/product\/syncat-dmcha-cas-98-94-2\/#primaryimage"},"thumbnailUrl":"https:\/\/longchangchemical.com\/wp-content\/uploads\/2022\/12\/Synocat\u00ae-DMCHA-PC-8-nn-dimethylcyclohexylamine-CAS-98-94-2.jpg","datePublished":"2022-12-07T13:39:00+00:00","dateModified":"2026-01-12T04:15:55+00:00","description":"A DMCHA (REACH-k\u00f6teles) PU-kataliz\u00e1tork\u00e9nt haszn\u00e1lhat\u00f3, \u00e9s a Longchang Chemical kulcsfontoss\u00e1g\u00fa term\u00e9ke. Mi vagyunk a vezet\u0151 PU kataliz\u00e1tor gy\u00e1rt\u00f3ja \u00e9s sz\u00e1ll\u00edt\u00f3ja K\u00edn\u00e1ban a legjobb min\u0151s\u00e9ggel \u00e9s versenyk\u00e9pes \u00e1rral.","breadcrumb":{"@id":"https:\/\/longchangchemical.com\/product\/syncat-dmcha-cas-98-94-2\/#breadcrumb"},"inLanguage":"hu","potentialAction":[{"@type":"ReadAction","target":["https:\/\/longchangchemical.com\/product\/syncat-dmcha-cas-98-94-2\/"]}]},{"@type":"ImageObject","inLanguage":"hu","@id":"https:\/\/longchangchemical.com\/product\/syncat-dmcha-cas-98-94-2\/#primaryimage","url":"https:\/\/longchangchemical.com\/wp-content\/uploads\/2022\/12\/Synocat\u00ae-DMCHA-PC-8-nn-dimethylcyclohexylamine-CAS-98-94-2.jpg","contentUrl":"https:\/\/longchangchemical.com\/wp-content\/uploads\/2022\/12\/Synocat\u00ae-DMCHA-PC-8-nn-dimethylcyclohexylamine-CAS-98-94-2.jpg","width":800,"height":800,"caption":"DMCHA (PC-8) \/ n,n-dimethylcyclohexylamine CAS 98-94-2"},{"@type":"BreadcrumbList","@id":"https:\/\/longchangchemical.com\/product\/syncat-dmcha-cas-98-94-2\/#breadcrumb","itemListElement":[{"@type":"ListItem","position":1,"name":"Home","item":"https:\/\/longchangchemical.com\/"},{"@type":"ListItem","position":2,"name":"Products Longchang","item":"https:\/\/longchangchemical.com\/product\/"},{"@type":"ListItem","position":3,"name":"DMCHA (PC-8) \/ n,n-dimethylcyclohexylamine CAS 98-94-2"}]},{"@type":"WebSite","@id":"https:\/\/longchangchemical.com\/#website","url":"https:\/\/longchangchemical.com\/","name":"Longchang Chemical","description":"K\u00edna k\u00e9miai gy\u00e1rt\u00f3 \uff06 sz\u00e1ll\u00edt\u00f3","publisher":{"@id":"https:\/\/longchangchemical.com\/#organization"},"potentialAction":[{"@type":"SearchAction","target":{"@type":"EntryPoint","urlTemplate":"https:\/\/longchangchemical.com\/?s={search_term_string}"},"query-input":{"@type":"PropertyValueSpecification","valueRequired":true,"valueName":"search_term_string"}}],"inLanguage":"hu"},{"@type":"Organization","@id":"https:\/\/longchangchemical.com\/#organization","name":"Longchang Chemical","url":"https:\/\/longchangchemical.com\/","logo":{"@type":"ImageObject","inLanguage":"hu","@id":"https:\/\/longchangchemical.com\/#\/schema\/logo\/image\/","url":"https:\/\/longchangchemical.com\/wp-content\/uploads\/2020\/08\/cropped-longchang-logo.png","contentUrl":"https:\/\/longchangchemical.com\/wp-content\/uploads\/2020\/08\/cropped-longchang-logo.png","width":512,"height":512,"caption":"Longchang Chemical"},"image":{"@id":"https:\/\/longchangchemical.com\/#\/schema\/logo\/image\/"}}]}},"_links":{"self":[{"href":"https:\/\/longchangchemical.com\/hu\/wp-json\/wp\/v2\/product\/3819","targetHints":{"allow":["GET"]}}],"collection":[{"href":"https:\/\/longchangchemical.com\/hu\/wp-json\/wp\/v2\/product"}],"about":[{"href":"https:\/\/longchangchemical.com\/hu\/wp-json\/wp\/v2\/types\/product"}],"replies":[{"embeddable":true,"href":"https:\/\/longchangchemical.com\/hu\/wp-json\/wp\/v2\/comments?post=3819"}],"wp:featuredmedia":[{"embeddable":true,"href":"https:\/\/longchangchemical.com\/hu\/wp-json\/wp\/v2\/media\/5918"}],"wp:attachment":[{"href":"https:\/\/longchangchemical.com\/hu\/wp-json\/wp\/v2\/media?parent=3819"}],"wp:term":[{"taxonomy":"product_brand","embeddable":true,"href":"https:\/\/longchangchemical.com\/hu\/wp-json\/wp\/v2\/product_brand?post=3819"},{"taxonomy":"product_cat","embeddable":true,"href":"https:\/\/longchangchemical.com\/hu\/wp-json\/wp\/v2\/product_cat?post=3819"},{"taxonomy":"product_tag","embeddable":true,"href":"https:\/\/longchangchemical.com\/hu\/wp-json\/wp\/v2\/product_tag?post=3819"}],"curies":[{"name":"wp","href":"https:\/\/api.w.org\/{rel}","templated":true}]}}