{"id":3809,"date":"2021-03-31T07:28:35","date_gmt":"2021-03-31T07:28:35","guid":{"rendered":"https:\/\/longchangchemical.com\/?post_type=product&#038;p=3809"},"modified":"2025-12-23T02:17:14","modified_gmt":"2025-12-23T02:17:14","slug":"carbohydrazide-cas-497-18-7","status":"publish","type":"product","link":"https:\/\/longchangchemical.com\/hu\/product\/carbohydrazide-cas-497-18-7\/","title":{"rendered":"Karbohidrazid CAS 497-18-7"},"content":{"rendered":"<h1><strong>Karbohidrazid CAS 497-18-7<\/strong><\/h1>\n<p>&nbsp;<\/p>\n<table class=\"table-1\">\n<tbody>\n<tr>\n<td>\n<h4>T\u00e9telek<\/h4>\n<\/td>\n<td>\n<h4>Standard<\/h4>\n<\/td>\n<\/tr>\n<tr>\n<td>\n<h4>Megjelen\u00e9s<\/h4>\n<\/td>\n<td>\n<h4>Feh\u00e9r krist\u00e1ly<\/h4>\n<\/td>\n<\/tr>\n<tr>\n<td>\n<h4>Tisztas\u00e1g (%)<\/h4>\n<\/td>\n<td>\n<h4>99.91<\/h4>\n<\/td>\n<\/tr>\n<tr>\n<td>\n<h4>Nedvess\u00e9g (%)<\/h4>\n<\/td>\n<td>\n<h4>0.14<\/h4>\n<\/td>\n<\/tr>\n<tr>\n<td>\n<h4>M.P.(\u2103)<\/h4>\n<\/td>\n<td>\n<h4>154.2~154.9<\/h4>\n<\/td>\n<\/tr>\n<tr>\n<td>\n<h4>PH<\/h4>\n<\/td>\n<td>\n<h4>8.42<\/h4>\n<\/td>\n<\/tr>\n<tr>\n<td>\n<h4>INGYENES HIDRAZIN (mg\/l)<\/h4>\n<\/td>\n<td>\n<h4>468<\/h4>\n<\/td>\n<\/tr>\n<tr>\n<td>\n<h4>K\u00f6vetkeztet\u00e9s<\/h4>\n<\/td>\n<td>\n<h4>Az eredm\u00e9nyek megfelelnek a v\u00e1llalati szabv\u00e1nyoknak<\/h4>\n<\/td>\n<\/tr>\n<tr>\n<td>\n<h4>T\u00e9telek<\/h4>\n<\/td>\n<td>\n<h4>Standard<\/h4>\n<\/td>\n<\/tr>\n<tr>\n<td>\n<h4>Megjelen\u00e9s<\/h4>\n<\/td>\n<td>\n<h4>Feh\u00e9r krist\u00e1ly<\/h4>\n<\/td>\n<\/tr>\n<\/tbody>\n<\/table>\n<h2><strong>Mi az a karbohidrazid?<\/strong><\/h2>\n<h4>Ez a term\u00e9k szobah\u0151m\u00e9rs\u00e9kleten feh\u00e9r, r\u00f6vid oszlopos krist\u00e1lyok vagy feh\u00e9r krist\u00e1lyos por, etanolban alig old\u00f3dik, v\u00edzben nagyon j\u00f3l old\u00f3dik, endotermikus old\u00f3d\u00e1s, alkoholban, \u00e9terben, benzolban nem old\u00f3dik, mert a hidrazin sz\u00e1rmaz\u00e9ka, er\u0151s reduk\u00e1l\u00f3, nem m\u00e9rgez\u0151, hidrazin-hidr\u00e1t \u00e9s oximok helyettes\u00edthet\u0151k.<\/h4>\n<p>&nbsp;<\/p>\n<h2><strong>Karbohidrazid alkalmaz\u00e1s<\/strong><\/h2>\n<h4>1. Ezt a term\u00e9ket sz\u00e9les k\u00f6rben haszn\u00e1lj\u00e1k gy\u00f3gyszerek, gyomirt\u00f3 szerek, n\u00f6v\u00e9nyi n\u00f6veked\u00e9sszab\u00e1lyoz\u00f3k, sz\u00ednez\u00e9kek stb. el\u0151\u00e1ll\u00edt\u00e1s\u00e1ra.<br \/>\n2. A karbohidrazid a hidrazin er\u0151sen reduk\u00e1lhat\u00f3 sz\u00e1rmaz\u00e9ka. Energetikai anyagok gy\u00e1rt\u00e1sa sor\u00e1n k\u00f6ztes term\u00e9kk\u00e9nt haszn\u00e1lhat\u00f3, valamint robban\u00f3anyagok \u00e9s hajt\u00f3anyagok alkot\u00f3r\u00e9szek\u00e9nt k\u00f6zvetlen\u00fcl is felhaszn\u00e1lhat\u00f3.<br \/>\n3. Ez a term\u00e9k olajfinom\u00edt\u00f3 berendez\u00e9sek tart\u00f3s\u00edt\u00f3szerek\u00e9nt \u00e9s kaz\u00e1nv\u00edzkezel\u0151 szerek dezoxid\u00e1l\u00f3jak\u00e9nt haszn\u00e1lhat\u00f3.<br \/>\n4. Ezt a term\u00e9ket a vegyi sz\u00e1liparban rugalmas sz\u00e1lak t\u00e9rh\u00e1l\u00f3s\u00edt\u00f3szerek\u00e9nt haszn\u00e1lj\u00e1k.<br \/>\n5. Vegyi nyersanyagk\u00e9nt \u00e9s k\u00e9miai k\u00f6ztes term\u00e9kk\u00e9nt ezt a term\u00e9ket sz\u00e9les k\u00f6rben haszn\u00e1lj\u00e1k a gy\u00f3gyszeriparban, a gyomirt\u00f3szerekben, a n\u00f6v\u00e9nyi n\u00f6veked\u00e9sszab\u00e1lyoz\u00f3kban, a fest\u00e9kekben \u00e9s m\u00e1s ipar\u00e1gakban.<\/h4>\n<p>&nbsp;<\/p>\n<h2><strong>KarbohidrazidKiszerel\u00e9s \u00e9s sz\u00e1ll\u00edt\u00e1s<\/strong><\/h2>\n<h4>Dobok, 25kg \/50kg<\/h4>\n<p>&nbsp;<\/p>\n<h2><strong>Karbohidrazid t\u00e1rol\u00e1sa<\/strong><\/h2>\n<h4>H\u0171v\u00f6s, sz\u00e1raz, f\u00e9nyt\u0151l v\u00e9dett helyen t\u00e1rolja.<\/h4>\n<p>&nbsp;<\/p>\n<h2><strong>Ugyanazon sorozat term\u00e9kei<\/strong><\/h2>\n<table style=\"border-collapse: collapse; width: 312.02pt;\" border=\"0\" width=\"416\" cellspacing=\"0\" cellpadding=\"0\">\n<tbody>\n<tr style=\"height: 54.00pt;\">\n<td class=\"et3\" style=\"height: 54.00pt; width: 201.75pt;\" width=\"269\" height=\"72\">\n<h4><a href=\"https:\/\/longchangchemical.com\/hu\/product\/cobalt-carbonate-cas-513-79-1\/\"><span style=\"color: #3366ff;\">Kobalt-karbon\u00e1t<\/span><\/a><\/h4>\n<\/td>\n<td class=\"et3\" style=\"width: 110.25pt;\" width=\"147\">\n<h4><a href=\"https:\/\/longchangchemical.com\/hu\/product\/cobalt-carbonate-cas-513-79-1\/\"><span style=\"color: #3366ff;\">513-79-1<\/span><\/a><\/h4>\n<\/td>\n<\/tr>\n<tr style=\"height: 40.50pt;\">\n<td class=\"et4\" style=\"height: 40.50pt; width: 201.75pt;\" width=\"269\" height=\"54\">\n<h4><a href=\"https:\/\/longchangchemical.com\/hu\/product\/guanidine-carbonate-cas-593-85-1\/\"><span style=\"color: #3366ff;\">Guanidinkarbon\u00e1t<\/span><\/a><\/h4>\n<\/td>\n<td class=\"et5\" style=\"width: 110.25pt;\" width=\"147\">\n<h4><a href=\"https:\/\/longchangchemical.com\/hu\/product\/guanidine-carbonate-cas-593-85-1\/\"><span style=\"color: #3366ff;\">593-85-1<\/span><\/a><\/h4>\n<\/td>\n<\/tr>\n<tr style=\"height: 40.50pt;\">\n<td class=\"et6\" style=\"height: 40.50pt; width: 201.75pt;\" width=\"269\" height=\"54\">\n<h4><a href=\"https:\/\/longchangchemical.com\/hu\/product\/manganese-carbonate-cas-598-62-9\/\"><span style=\"color: #3366ff;\">Mang\u00e1n-karbon\u00e1t<\/span><\/a><\/h4>\n<\/td>\n<td class=\"et6\" style=\"width: 110.25pt;\" width=\"147\">\n<h4><a href=\"https:\/\/longchangchemical.com\/hu\/product\/manganese-carbonate-cas-598-62-9\/\"><span style=\"color: #3366ff;\">598-62-9<\/span><\/a><\/h4>\n<\/td>\n<\/tr>\n<tr style=\"height: 40.50pt;\">\n<td class=\"et7\" style=\"height: 40.50pt;\" height=\"54\">\n<h4><a href=\"https:\/\/longchangchemical.com\/hu\/product\/ammonium-bicarbonate-cas-1066-33-7\/\"><span style=\"color: #3366ff;\">Amm\u00f3nium-bikarbon\u00e1t<\/span><\/a><\/h4>\n<\/td>\n<td class=\"et7\">\n<h4><a href=\"https:\/\/longchangchemical.com\/hu\/product\/ammonium-bicarbonate-cas-1066-33-7\/\"><span style=\"color: #3366ff;\">1066-33-7<\/span><\/a><\/h4>\n<\/td>\n<\/tr>\n<tr style=\"height: 40.50pt;\">\n<td class=\"et4\" style=\"height: 40.50pt; width: 201.75pt;\" width=\"269\" height=\"54\">\n<h4><a href=\"https:\/\/longchangchemical.com\/hu\/product\/caesium-carbonate-cas-534-17-8\/\"><span style=\"color: #3366ff;\">C\u00e9zium-karbon\u00e1t<\/span><\/a><\/h4>\n<\/td>\n<td class=\"et4\" style=\"width: 110.25pt;\" width=\"147\">\n<h4><a href=\"https:\/\/longchangchemical.com\/hu\/product\/caesium-carbonate-cas-534-17-8\/\"><span style=\"color: #3366ff;\">534-17-8<\/span><\/a><\/h4>\n<\/td>\n<\/tr>\n<tr style=\"height: 40.50pt;\">\n<td class=\"et8\" style=\"height: 40.50pt; width: 201.75pt;\" width=\"269\" height=\"54\">\n<h4><a href=\"https:\/\/longchangchemical.com\/hu\/product\/strontium-carbonate-cas-1633-05-2\/\"><span style=\"color: #3366ff;\">Stroncium-karbon\u00e1t<\/span><\/a><\/h4>\n<\/td>\n<td class=\"et8\" style=\"width: 110.25pt;\" width=\"147\">\n<h4><a href=\"https:\/\/longchangchemical.com\/hu\/product\/strontium-carbonate-cas-1633-05-2\/\"><span style=\"color: #3366ff;\">1633-05-2<\/span><\/a><\/h4>\n<\/td>\n<\/tr>\n<tr style=\"height: 40.50pt;\">\n<td class=\"et4\" style=\"height: 40.50pt; width: 201.75pt;\" width=\"269\" height=\"54\">\n<h4>Karbohidrazid<\/h4>\n<\/td>\n<td class=\"et4\" style=\"width: 110.25pt;\" width=\"147\">\n<h4>497-18-7<\/h4>\n<\/td>\n<\/tr>\n<\/tbody>\n<\/table>\n<h2><\/h2>\n<h2><strong><b>L\u00e9pjen kapcsolatba vel\u00fcnk most!<\/b><\/strong><\/h2>\n<h4><strong><b>Egyedi szolg\u00e1ltat\u00e1sokat ny\u00fajtunk, \u00e1ltal\u00e1ban 24 \u00f3r\u00e1n bel\u00fcl felvessz\u00fck \u00d6nnel a kapcsolatot. A munkaid\u0151ben ( 8:30-18:00 UTC+8 H.~Szombat ) az info@longchangchemical.com e-mail c\u00edmen is k\u00fcldhet e-mailt, vagy haszn\u00e1lhatja a weboldal \u00e9l\u0151 chatj\u00e9t, hogy gyors v\u00e1laszt kapjon.<\/b><\/strong><\/h4>","protected":false},"excerpt":{"rendered":"<h4>K\u00e9miai n\u00e9v: Karbohidrazid<\/h4>\n<h4>CAS-sz\u00e1m: 497-18-7<\/h4>\n<h4>Molekul\u00e1ris k\u00e9plet: CH6N4O<\/h4>\n<h4>K\u00e9miai szerkezet:<img decoding=\"async\" title=\"image.png\" src=\"https:\/\/www.longchangchemical.com\/wp-content\/uploads\/product-details\/20200612059501.png\" alt=\"image.png\" \/><\/h4>\n<h4>Molekulat\u00f6meg:90,08<\/h4>\n<h4>Megjelen\u00e9s: feh\u00e9r krist\u00e1ly<\/h4>\n<h4>Pr\u00f3ba: 99.9%<\/h4>","protected":false},"featured_media":4444,"comment_status":"open","ping_status":"closed","template":"","meta":[],"product_brand":[],"product_cat":[69],"product_tag":[],"class_list":{"0":"post-3809","1":"product","2":"type-product","3":"status-publish","4":"has-post-thumbnail","6":"product_cat-catalysts-chemical-auxiliary-agents","8":"first","9":"instock","10":"shipping-taxable","11":"product-type-simple"},"yoast_head":"<!-- This site is optimized with the Yoast SEO plugin v25.3.1 - https:\/\/yoast.com\/wordpress\/plugins\/seo\/ -->\n<title>China Carbohydrazide Manufacturer \uff06 Supplier - Longchang chemical Co., Ltd.<\/title>\n<meta name=\"description\" content=\"Longchang Chemical is a leading manufacturer and supplier of Carbohydrazide in China. Buy Carbohydrazide in china. We can provide the best Carbohydrazide price.\" \/>\n<meta name=\"robots\" content=\"index, follow, max-snippet:-1, max-image-preview:large, max-video-preview:-1\" \/>\n<link rel=\"canonical\" href=\"https:\/\/longchangchemical.com\/hu\/product\/carbohydrazide-cas-497-18-7\/\" \/>\n<meta property=\"og:locale\" content=\"hu_HU\" \/>\n<meta property=\"og:type\" content=\"article\" \/>\n<meta property=\"og:title\" content=\"China Carbohydrazide Manufacturer \uff06 Supplier - Longchang chemical Co., Ltd.\" \/>\n<meta property=\"og:description\" content=\"Longchang Chemical is a leading manufacturer and supplier of Carbohydrazide in China. Buy Carbohydrazide in china. We can provide the best Carbohydrazide price.\" \/>\n<meta property=\"og:url\" content=\"https:\/\/longchangchemical.com\/hu\/product\/carbohydrazide-cas-497-18-7\/\" \/>\n<meta property=\"og:site_name\" content=\"Longchang Chemical\" \/>\n<meta property=\"article:modified_time\" content=\"2025-12-23T02:17:14+00:00\" \/>\n<meta property=\"og:image\" content=\"https:\/\/longchangchemical.com\/wp-content\/uploads\/2021\/01\/Guanidine-carbonate-Appearance.jpg\" \/>\n\t<meta property=\"og:image:width\" content=\"600\" \/>\n\t<meta property=\"og:image:height\" content=\"800\" \/>\n\t<meta property=\"og:image:type\" content=\"image\/jpeg\" \/>\n<meta name=\"twitter:card\" content=\"summary_large_image\" \/>\n<script type=\"application\/ld+json\" class=\"yoast-schema-graph\">{\"@context\":\"https:\/\/schema.org\",\"@graph\":[{\"@type\":\"WebPage\",\"@id\":\"https:\/\/longchangchemical.com\/product\/carbohydrazide-cas-497-18-7\/\",\"url\":\"https:\/\/longchangchemical.com\/product\/carbohydrazide-cas-497-18-7\/\",\"name\":\"China Carbohydrazide Manufacturer \uff06 Supplier - Longchang chemical Co., Ltd.\",\"isPartOf\":{\"@id\":\"https:\/\/longchangchemical.com\/#website\"},\"primaryImageOfPage\":{\"@id\":\"https:\/\/longchangchemical.com\/product\/carbohydrazide-cas-497-18-7\/#primaryimage\"},\"image\":{\"@id\":\"https:\/\/longchangchemical.com\/product\/carbohydrazide-cas-497-18-7\/#primaryimage\"},\"thumbnailUrl\":\"https:\/\/longchangchemical.com\/wp-content\/uploads\/2021\/01\/Guanidine-carbonate-Appearance.jpg\",\"datePublished\":\"2021-03-31T07:28:35+00:00\",\"dateModified\":\"2025-12-23T02:17:14+00:00\",\"description\":\"Longchang Chemical is a leading manufacturer and supplier of Carbohydrazide in China. Buy Carbohydrazide in china. We can provide the best Carbohydrazide price.\",\"breadcrumb\":{\"@id\":\"https:\/\/longchangchemical.com\/product\/carbohydrazide-cas-497-18-7\/#breadcrumb\"},\"inLanguage\":\"hu\",\"potentialAction\":[{\"@type\":\"ReadAction\",\"target\":[\"https:\/\/longchangchemical.com\/product\/carbohydrazide-cas-497-18-7\/\"]}]},{\"@type\":\"ImageObject\",\"inLanguage\":\"hu\",\"@id\":\"https:\/\/longchangchemical.com\/product\/carbohydrazide-cas-497-18-7\/#primaryimage\",\"url\":\"https:\/\/longchangchemical.com\/wp-content\/uploads\/2021\/01\/Guanidine-carbonate-Appearance.jpg\",\"contentUrl\":\"https:\/\/longchangchemical.com\/wp-content\/uploads\/2021\/01\/Guanidine-carbonate-Appearance.jpg\",\"width\":600,\"height\":800,\"caption\":\"Carbohydrazide Appearance\"},{\"@type\":\"BreadcrumbList\",\"@id\":\"https:\/\/longchangchemical.com\/product\/carbohydrazide-cas-497-18-7\/#breadcrumb\",\"itemListElement\":[{\"@type\":\"ListItem\",\"position\":1,\"name\":\"Home\",\"item\":\"https:\/\/longchangchemical.com\/\"},{\"@type\":\"ListItem\",\"position\":2,\"name\":\"Products Longchang\",\"item\":\"https:\/\/longchangchemical.com\/product\/\"},{\"@type\":\"ListItem\",\"position\":3,\"name\":\"Carbohydrazide CAS 497-18-7\"}]},{\"@type\":\"WebSite\",\"@id\":\"https:\/\/longchangchemical.com\/#website\",\"url\":\"https:\/\/longchangchemical.com\/\",\"name\":\"Longchang Chemical\",\"description\":\"China chemical manufacturer \uff06 supplier\",\"publisher\":{\"@id\":\"https:\/\/longchangchemical.com\/#organization\"},\"potentialAction\":[{\"@type\":\"SearchAction\",\"target\":{\"@type\":\"EntryPoint\",\"urlTemplate\":\"https:\/\/longchangchemical.com\/?s={search_term_string}\"},\"query-input\":{\"@type\":\"PropertyValueSpecification\",\"valueRequired\":true,\"valueName\":\"search_term_string\"}}],\"inLanguage\":\"hu\"},{\"@type\":\"Organization\",\"@id\":\"https:\/\/longchangchemical.com\/#organization\",\"name\":\"Longchang Chemical\",\"url\":\"https:\/\/longchangchemical.com\/\",\"logo\":{\"@type\":\"ImageObject\",\"inLanguage\":\"hu\",\"@id\":\"https:\/\/longchangchemical.com\/#\/schema\/logo\/image\/\",\"url\":\"https:\/\/longchangchemical.com\/wp-content\/uploads\/2020\/08\/cropped-longchang-logo.png\",\"contentUrl\":\"https:\/\/longchangchemical.com\/wp-content\/uploads\/2020\/08\/cropped-longchang-logo.png\",\"width\":512,\"height\":512,\"caption\":\"Longchang Chemical\"},\"image\":{\"@id\":\"https:\/\/longchangchemical.com\/#\/schema\/logo\/image\/\"}}]}<\/script>\n<!-- \/ Yoast SEO plugin. -->","yoast_head_json":{"title":"K\u00edna karbohidrazid gy\u00e1rt\u00f3 \uff06 sz\u00e1ll\u00edt\u00f3 - Longchang Chemical Co., Ltd.","description":"A Longchang Chemical vezet\u0151 gy\u00e1rt\u00f3ja \u00e9s sz\u00e1ll\u00edt\u00f3ja a karbohidrazidnak K\u00edn\u00e1ban. V\u00e1s\u00e1roljon karbohidrazidot K\u00edn\u00e1ban. A legjobb Carbohydrazide \u00e1rat tudjuk biztos\u00edtani.","robots":{"index":"index","follow":"follow","max-snippet":"max-snippet:-1","max-image-preview":"max-image-preview:large","max-video-preview":"max-video-preview:-1"},"canonical":"https:\/\/longchangchemical.com\/hu\/product\/carbohydrazide-cas-497-18-7\/","og_locale":"hu_HU","og_type":"article","og_title":"China Carbohydrazide Manufacturer \uff06 Supplier - Longchang chemical Co., Ltd.","og_description":"Longchang Chemical is a leading manufacturer and supplier of Carbohydrazide in China. Buy Carbohydrazide in china. We can provide the best Carbohydrazide price.","og_url":"https:\/\/longchangchemical.com\/hu\/product\/carbohydrazide-cas-497-18-7\/","og_site_name":"Longchang Chemical","article_modified_time":"2025-12-23T02:17:14+00:00","og_image":[{"width":600,"height":800,"url":"https:\/\/longchangchemical.com\/wp-content\/uploads\/2021\/01\/Guanidine-carbonate-Appearance.jpg","type":"image\/jpeg"}],"twitter_card":"summary_large_image","schema":{"@context":"https:\/\/schema.org","@graph":[{"@type":"WebPage","@id":"https:\/\/longchangchemical.com\/product\/carbohydrazide-cas-497-18-7\/","url":"https:\/\/longchangchemical.com\/product\/carbohydrazide-cas-497-18-7\/","name":"K\u00edna karbohidrazid gy\u00e1rt\u00f3 \uff06 sz\u00e1ll\u00edt\u00f3 - Longchang Chemical Co., Ltd.","isPartOf":{"@id":"https:\/\/longchangchemical.com\/#website"},"primaryImageOfPage":{"@id":"https:\/\/longchangchemical.com\/product\/carbohydrazide-cas-497-18-7\/#primaryimage"},"image":{"@id":"https:\/\/longchangchemical.com\/product\/carbohydrazide-cas-497-18-7\/#primaryimage"},"thumbnailUrl":"https:\/\/longchangchemical.com\/wp-content\/uploads\/2021\/01\/Guanidine-carbonate-Appearance.jpg","datePublished":"2021-03-31T07:28:35+00:00","dateModified":"2025-12-23T02:17:14+00:00","description":"A Longchang Chemical vezet\u0151 gy\u00e1rt\u00f3ja \u00e9s sz\u00e1ll\u00edt\u00f3ja a karbohidrazidnak K\u00edn\u00e1ban. V\u00e1s\u00e1roljon karbohidrazidot K\u00edn\u00e1ban. A legjobb Carbohydrazide \u00e1rat tudjuk biztos\u00edtani.","breadcrumb":{"@id":"https:\/\/longchangchemical.com\/product\/carbohydrazide-cas-497-18-7\/#breadcrumb"},"inLanguage":"hu","potentialAction":[{"@type":"ReadAction","target":["https:\/\/longchangchemical.com\/product\/carbohydrazide-cas-497-18-7\/"]}]},{"@type":"ImageObject","inLanguage":"hu","@id":"https:\/\/longchangchemical.com\/product\/carbohydrazide-cas-497-18-7\/#primaryimage","url":"https:\/\/longchangchemical.com\/wp-content\/uploads\/2021\/01\/Guanidine-carbonate-Appearance.jpg","contentUrl":"https:\/\/longchangchemical.com\/wp-content\/uploads\/2021\/01\/Guanidine-carbonate-Appearance.jpg","width":600,"height":800,"caption":"Carbohydrazide Appearance"},{"@type":"BreadcrumbList","@id":"https:\/\/longchangchemical.com\/product\/carbohydrazide-cas-497-18-7\/#breadcrumb","itemListElement":[{"@type":"ListItem","position":1,"name":"Home","item":"https:\/\/longchangchemical.com\/"},{"@type":"ListItem","position":2,"name":"Products Longchang","item":"https:\/\/longchangchemical.com\/product\/"},{"@type":"ListItem","position":3,"name":"Carbohydrazide CAS 497-18-7"}]},{"@type":"WebSite","@id":"https:\/\/longchangchemical.com\/#website","url":"https:\/\/longchangchemical.com\/","name":"Longchang Chemical","description":"K\u00edna k\u00e9miai gy\u00e1rt\u00f3 \uff06 sz\u00e1ll\u00edt\u00f3","publisher":{"@id":"https:\/\/longchangchemical.com\/#organization"},"potentialAction":[{"@type":"SearchAction","target":{"@type":"EntryPoint","urlTemplate":"https:\/\/longchangchemical.com\/?s={search_term_string}"},"query-input":{"@type":"PropertyValueSpecification","valueRequired":true,"valueName":"search_term_string"}}],"inLanguage":"hu"},{"@type":"Organization","@id":"https:\/\/longchangchemical.com\/#organization","name":"Longchang Chemical","url":"https:\/\/longchangchemical.com\/","logo":{"@type":"ImageObject","inLanguage":"hu","@id":"https:\/\/longchangchemical.com\/#\/schema\/logo\/image\/","url":"https:\/\/longchangchemical.com\/wp-content\/uploads\/2020\/08\/cropped-longchang-logo.png","contentUrl":"https:\/\/longchangchemical.com\/wp-content\/uploads\/2020\/08\/cropped-longchang-logo.png","width":512,"height":512,"caption":"Longchang Chemical"},"image":{"@id":"https:\/\/longchangchemical.com\/#\/schema\/logo\/image\/"}}]}},"_links":{"self":[{"href":"https:\/\/longchangchemical.com\/hu\/wp-json\/wp\/v2\/product\/3809","targetHints":{"allow":["GET"]}}],"collection":[{"href":"https:\/\/longchangchemical.com\/hu\/wp-json\/wp\/v2\/product"}],"about":[{"href":"https:\/\/longchangchemical.com\/hu\/wp-json\/wp\/v2\/types\/product"}],"replies":[{"embeddable":true,"href":"https:\/\/longchangchemical.com\/hu\/wp-json\/wp\/v2\/comments?post=3809"}],"wp:featuredmedia":[{"embeddable":true,"href":"https:\/\/longchangchemical.com\/hu\/wp-json\/wp\/v2\/media\/4444"}],"wp:attachment":[{"href":"https:\/\/longchangchemical.com\/hu\/wp-json\/wp\/v2\/media?parent=3809"}],"wp:term":[{"taxonomy":"product_brand","embeddable":true,"href":"https:\/\/longchangchemical.com\/hu\/wp-json\/wp\/v2\/product_brand?post=3809"},{"taxonomy":"product_cat","embeddable":true,"href":"https:\/\/longchangchemical.com\/hu\/wp-json\/wp\/v2\/product_cat?post=3809"},{"taxonomy":"product_tag","embeddable":true,"href":"https:\/\/longchangchemical.com\/hu\/wp-json\/wp\/v2\/product_tag?post=3809"}],"curies":[{"name":"wp","href":"https:\/\/api.w.org\/{rel}","templated":true}]}}