{"id":3771,"date":"2021-07-29T07:21:15","date_gmt":"2021-07-29T07:21:15","guid":{"rendered":"https:\/\/longchangchemical.com\/?post_type=product&#038;p=3771"},"modified":"2025-12-22T07:52:51","modified_gmt":"2025-12-22T07:52:51","slug":"n-lauroyl-l-glutamic-acid-cas-3397-65-7","status":"publish","type":"product","link":"https:\/\/longchangchemical.com\/hu\/product\/n-lauroyl-l-glutamic-acid-cas-3397-65-7\/","title":{"rendered":"n-lauroil-l-glutaminsav cas 3397-65-7"},"content":{"rendered":"<h1><strong>N-lauroil-l-glutaminsav\u00a0<\/strong><\/h1>\n<table class=\"table-1\" cellspacing=\"0\">\n<tbody>\n<tr>\n<td>\n<h4>T\u00e9tel<\/h4>\n<\/td>\n<td>\n<h4>M\u0171szaki adatok<\/h4>\n<\/td>\n<td>\n<h4>Eredm\u00e9nyek<\/h4>\n<\/td>\n<\/tr>\n<tr>\n<td>\n<h4>Megjelen\u00e9s<\/h4>\n<\/td>\n<td>\n<h4>Feh\u00e9r vagy hasonl\u00f3 feh\u00e9r por \u00e9s r\u00e9szecsk\u00e9k<br \/>\nmechanikai szennyez\u0151d\u00e9sek n\u00e9lk\u00fcl<\/h4>\n<\/td>\n<td>\n<h4>Feh\u00e9r r\u00e9szecsk\u00e9k, nincs mechanikai szennyez\u0151d\u00e9s<\/h4>\n<\/td>\n<\/tr>\n<tr>\n<td>\n<h4>Szagold meg<\/h4>\n<\/td>\n<td>\n<h4>Nincs k\u00fcl\u00f6nleges szag<\/h4>\n<\/td>\n<td>\n<h4>Nincs k\u00fcl\u00f6nleges szag<\/h4>\n<\/td>\n<\/tr>\n<tr>\n<td>\n<h4>Hat\u00f3anyag-tartalom %<\/h4>\n<\/td>\n<td>\n<h4>\u226595<\/h4>\n<\/td>\n<td>\n<h4>98.01<\/h4>\n<\/td>\n<\/tr>\n<tr>\n<td>\n<h4>Sav\u00e9rt\u00e9k (mgKOH\/g)<\/h4>\n<\/td>\n<td>\n<h4>300~360<\/h4>\n<\/td>\n<td>\n<h4>339.31<\/h4>\n<\/td>\n<\/tr>\n<tr>\n<td>\n<h4>V\u00edz %<\/h4>\n<\/td>\n<td>\n<h4>\u22645<\/h4>\n<\/td>\n<td>\n<h4>1.53<\/h4>\n<\/td>\n<\/tr>\n<tr>\n<td>\n<h4>PH-\u00e9rt\u00e9k,25\u2103\uff0c5% etanol-v\u00edz oldat<\/h4>\n<\/td>\n<td>\n<h4>2.0~3.0<\/h4>\n<\/td>\n<td>\n<h4>2.65<\/h4>\n<\/td>\n<\/tr>\n<tr>\n<td>\n<h4>N\u00e1trium-klorid-tartalom %<\/h4>\n<\/td>\n<td>\n<h4>\u22641<\/h4>\n<\/td>\n<td>\n<h4>0.46<\/h4>\n<\/td>\n<\/tr>\n<tr>\n<td>\n<h4>Neh\u00e9zf\u00e9mek (ppm)<\/h4>\n<\/td>\n<td>\n<h4>\u226410<\/h4>\n<\/td>\n<td>\n<h4>\u226410<\/h4>\n<\/td>\n<\/tr>\n<tr>\n<td>\n<h4>As (ppm)<\/h4>\n<\/td>\n<td>\n<h4>\u22642.0<\/h4>\n<\/td>\n<td>\n<h4>\u22642.0<\/h4>\n<\/td>\n<\/tr>\n<tr>\n<td>\n<h4>K\u00f6vetkeztet\u00e9s<\/h4>\n<\/td>\n<td colspan=\"2\">\n<h4>Az eredm\u00e9nyek megfelelnek a v\u00e1llalati szabv\u00e1nyoknak<\/h4>\n<\/td>\n<\/tr>\n<\/tbody>\n<\/table>\n<p>&nbsp;<\/p>\n<h2><strong>N-lauroil-l-glutaminsav el\u0151\u00e1ll\u00edt\u00e1si m\u00f3dszer<\/strong><\/h2>\n<h4>Ez a term\u00e9k acil\u00e1l\u00f3dik <span style=\"color: #3366ff;\"><a style=\"color: #3366ff;\" href=\"https:\/\/longchangchemical.com\/hu\/product\/lauroyl-chloride-cas-112-16-3\/\">lauroil-klorid<\/a><\/span> \u00e9s glutaminsav.<\/h4>\n<p>&nbsp;<\/p>\n<h2><strong>N-lauroil-l-glutaminsav Haszn\u00e1lat<\/strong><\/h2>\n<h4>1. A nagy\u00fczemi gy\u00e1rt\u00e1si folyamat alapanyagk\u00e9nt glutaminsavra \u00e9s lauroil-kloridra \u00e9p\u00fcl, \u00e9s az acilez\u00e9si reakci\u00f3t bizonyos pH \u00e9s pol\u00e1ros vegyes old\u00f3szer mellett v\u00e9gzik, \u00e9s v\u00e9g\u00fcl egy kiv\u00e1l\u00f3 min\u0151s\u00e9g\u0171, tiszta feh\u00e9r krist\u00e1lyos szil\u00e1rd anyagot kapnak, amelynek tisztas\u00e1ga t\u00f6bb mint 98%. .<\/h4>\n<h4>2. A vegy\u00fcletet gyakran haszn\u00e1lj\u00e1k nyersanyagk\u00e9nt glutam\u00e1t t\u00edpus\u00fa fel\u00fcletakt\u00edv anyagok el\u0151\u00e1ll\u00edt\u00e1s\u00e1hoz, \u00e9s k\u00f6zvetlen\u00fcl is haszn\u00e1lhat\u00f3 anionos fel\u00fcletakt\u00edv anyagk\u00e9nt (k\u00f6zepes vagy l\u00fagos k\u00f6rnyezetben n\u00e1trium- vagy k\u00e1liums\u00f3, amely k\u00fcl\u00f6nb\u00f6z\u0151 mos\u00f3szerekben haszn\u00e1lhat\u00f3), l\u00fagos \u00e1llapotban rugalmas habot biztos\u00edt.<\/h4>\n<h4>3. Vizes oldata enyh\u00e9n savas, \u00e9s k\u00f6zvetlen\u00fcl hozz\u00e1adhat\u00f3 k\u00fcl\u00f6nb\u00f6z\u0151 mos\u00f3szerekhez, hogy rugalmas habot adjon. Mos\u00e1s ut\u00e1n a b\u0151r nem fesz\u00fcl, sima \u00e9s friss. Felhaszn\u00e1lhat\u00f3 lauroil-glutam\u00e1t-di\u00e9szterek, p\u00e9ld\u00e1ul bisz-sztearil-lauroil-glutam\u00e1t, szterol\/oktil-dekanol-lauroil-glutam\u00e1t stb. el\u0151\u00e1ll\u00edt\u00e1s\u00e1ra is.<\/h4>\n<p>&nbsp;<\/p>\n<h2><strong>N-lauroil-l-glutaminsav Teljes\u00edtm\u00e9nyjellemz\u0151k<\/strong><\/h2>\n<h4>1.A term\u00e9k enyhe, k\u00e9nyelmes \u00e9s selymes a haszn\u00e1lat ut\u00e1n.<\/h4>\n<h4>2.A hab gazdag, k\u00fcl\u00f6n\u00f6sen savas k\u00f6r\u00fclm\u00e9nyek k\u00f6z\u00f6tt.<\/h4>\n<h4>3.Nyilv\u00e1nval\u00f3an cs\u00f6kkenti a szappanb\u00e1zis zs\u00edrtalan\u00edt\u00f3 erej\u00e9t.<\/h4>\n<h4>4.Improve haj f\u00e9s\u00fclk\u00f6d\u00e9s<\/h4>\n<h4>5.Excellent biol\u00f3giai lebonthat\u00f3s\u00e1g<\/h4>\n<h4>6. ellen\u00e1ll bizonyos fok\u00fa kem\u00e9ny v\u00edznek \u00e9s s\u00f3nak.<\/h4>\n<h4><\/h4>\n<h2><strong>N-lauroil-l-glutaminsav Adagol\u00e1s<\/strong><\/h2>\n<h4>5%-30%<\/h4>\n<p>&nbsp;<\/p>\n<h2><strong>N-lauroil-l-glutaminsav <\/strong><strong>Csomagol\u00e1s \u00e9s sz\u00e1ll\u00edt\u00e1s<\/strong><\/h2>\n<h4>25kg\/dob<\/h4>\n<p>&nbsp;<\/p>\n<h2><strong>N-lauroil-l-glutaminsav T\u00e1rol\u00e1s<\/strong><\/h2>\n<h4>H\u0171v\u00f6s, szell\u0151s, f\u00e9nyt\u0151l v\u00e9dett helyen helyezz\u00fck el, ker\u00fclj\u00fck a nedvess\u00e9get \u00e9s az es\u0151t. Haszn\u00e1laton k\u00edv\u00fcl tartsa lez\u00e1rtan. Ne tegye er\u0151s savak vagy l\u00fagok vagy oxid\u00e1l\u00f3szerek mell\u00e9. K\u00e9rj\u00fck, \u00f3vatosan kezelje a s\u00e9r\u00fcl\u00e9sek \u00e9s a sziv\u00e1rg\u00e1s elker\u00fcl\u00e9se \u00e9rdek\u00e9ben.<\/h4>\n<p>&nbsp;<\/p>\n<h2><strong><b>L\u00e9pjen kapcsolatba vel\u00fcnk most!<\/b><\/strong><\/h2>\n<h4><strong><b>Ha COA, MSDS vagy TDS-re van sz\u00fcks\u00e9ge, k\u00e9rj\u00fck, t\u00f6ltse ki el\u00e9rhet\u0151s\u00e9g\u00e9t az al\u00e1bbi \u0171rlapon, \u00e1ltal\u00e1ban 24 \u00f3r\u00e1n bel\u00fcl felvessz\u00fck \u00d6nnel a kapcsolatot. \u00d6n is k\u00fcldhet nekem e-mailt <span style=\"color: #0000ff;\"><a style=\"color: #0000ff;\" href=\"mailto:info@longchangchemical.com\">info@longchangchemical.com<\/a><\/span> munkaid\u0151ben ( 8:30-18:00 UTC+8 H.-Szombat ) vagy haszn\u00e1lja a weboldal \u00e9l\u0151 chatj\u00e9t, hogy azonnali v\u00e1laszt kapjon.<\/b><\/strong><\/h4>","protected":false},"excerpt":{"rendered":"<h4>K\u00e9miai n\u00e9v: glutaminsav: N-lauroil-l-glutaminsav<\/h4>\n<h4>CAS-sz\u00e1m: 3397-65-7<\/h4>\n<h4>Molekula k\u00e9plet:C17H31NO5<\/h4>\n<h4>Molekulat\u00f6meg: 329,43<\/h4>\n<h4>Megjelen\u00e9s: mechanikai szennyez\u0151d\u00e9sek n\u00e9lk\u00fcli feh\u00e9r vagy hasonl\u00f3 feh\u00e9r por \u00e9s r\u00e9szecsk\u00e9k.<\/h4>\n<h4>Pr\u00f3ba: 95%<\/h4>","protected":false},"featured_media":4745,"comment_status":"open","ping_status":"closed","template":"","meta":[],"product_brand":[],"product_cat":[103],"product_tag":[],"class_list":{"0":"post-3771","1":"product","2":"type-product","3":"status-publish","4":"has-post-thumbnail","6":"product_cat-cosmetic-additives","8":"first","9":"instock","10":"shipping-taxable","11":"product-type-simple"},"yoast_head":"<!-- This site is optimized with the Yoast SEO plugin v25.3.1 - https:\/\/yoast.com\/wordpress\/plugins\/seo\/ -->\n<title>China N-lauroyl-l-glutamic acid manufacturer - Longchang Chemical<\/title>\n<meta name=\"description\" content=\"Longchang Chemical is a china Leading N-lauroyl-l-glutamic acid manufacturer and 3397-65-7 supplier. We can provide the best N-lauroyl-l-glutamic acid price\" \/>\n<meta name=\"robots\" content=\"index, follow, max-snippet:-1, max-image-preview:large, max-video-preview:-1\" \/>\n<link rel=\"canonical\" href=\"https:\/\/longchangchemical.com\/hu\/product\/n-lauroyl-l-glutamic-acid-cas-3397-65-7\/\" \/>\n<meta property=\"og:locale\" content=\"hu_HU\" \/>\n<meta property=\"og:type\" content=\"article\" \/>\n<meta property=\"og:title\" content=\"China N-lauroyl-l-glutamic acid manufacturer - Longchang Chemical\" \/>\n<meta property=\"og:description\" content=\"Longchang Chemical is a china Leading N-lauroyl-l-glutamic acid manufacturer and 3397-65-7 supplier. We can provide the best N-lauroyl-l-glutamic acid price\" \/>\n<meta property=\"og:url\" content=\"https:\/\/longchangchemical.com\/hu\/product\/n-lauroyl-l-glutamic-acid-cas-3397-65-7\/\" \/>\n<meta property=\"og:site_name\" content=\"Longchang Chemical\" \/>\n<meta property=\"article:modified_time\" content=\"2025-12-22T07:52:51+00:00\" \/>\n<meta property=\"og:image\" content=\"https:\/\/longchangchemical.com\/wp-content\/uploads\/2021\/01\/N-lauroyl-l-glutamic-acid-appearance.jpg\" \/>\n\t<meta property=\"og:image:width\" content=\"600\" \/>\n\t<meta property=\"og:image:height\" content=\"800\" \/>\n\t<meta property=\"og:image:type\" content=\"image\/jpeg\" \/>\n<meta name=\"twitter:card\" content=\"summary_large_image\" \/>\n<script type=\"application\/ld+json\" class=\"yoast-schema-graph\">{\"@context\":\"https:\/\/schema.org\",\"@graph\":[{\"@type\":\"WebPage\",\"@id\":\"https:\/\/longchangchemical.com\/product\/n-lauroyl-l-glutamic-acid-cas-3397-65-7\/\",\"url\":\"https:\/\/longchangchemical.com\/product\/n-lauroyl-l-glutamic-acid-cas-3397-65-7\/\",\"name\":\"China N-lauroyl-l-glutamic acid manufacturer - Longchang Chemical\",\"isPartOf\":{\"@id\":\"https:\/\/longchangchemical.com\/#website\"},\"primaryImageOfPage\":{\"@id\":\"https:\/\/longchangchemical.com\/product\/n-lauroyl-l-glutamic-acid-cas-3397-65-7\/#primaryimage\"},\"image\":{\"@id\":\"https:\/\/longchangchemical.com\/product\/n-lauroyl-l-glutamic-acid-cas-3397-65-7\/#primaryimage\"},\"thumbnailUrl\":\"https:\/\/longchangchemical.com\/wp-content\/uploads\/2021\/01\/N-lauroyl-l-glutamic-acid-appearance.jpg\",\"datePublished\":\"2021-07-29T07:21:15+00:00\",\"dateModified\":\"2025-12-22T07:52:51+00:00\",\"description\":\"Longchang Chemical is a china Leading N-lauroyl-l-glutamic acid manufacturer and 3397-65-7 supplier. We can provide the best N-lauroyl-l-glutamic acid price\",\"breadcrumb\":{\"@id\":\"https:\/\/longchangchemical.com\/product\/n-lauroyl-l-glutamic-acid-cas-3397-65-7\/#breadcrumb\"},\"inLanguage\":\"hu\",\"potentialAction\":[{\"@type\":\"ReadAction\",\"target\":[\"https:\/\/longchangchemical.com\/product\/n-lauroyl-l-glutamic-acid-cas-3397-65-7\/\"]}]},{\"@type\":\"ImageObject\",\"inLanguage\":\"hu\",\"@id\":\"https:\/\/longchangchemical.com\/product\/n-lauroyl-l-glutamic-acid-cas-3397-65-7\/#primaryimage\",\"url\":\"https:\/\/longchangchemical.com\/wp-content\/uploads\/2021\/01\/N-lauroyl-l-glutamic-acid-appearance.jpg\",\"contentUrl\":\"https:\/\/longchangchemical.com\/wp-content\/uploads\/2021\/01\/N-lauroyl-l-glutamic-acid-appearance.jpg\",\"width\":600,\"height\":800},{\"@type\":\"BreadcrumbList\",\"@id\":\"https:\/\/longchangchemical.com\/product\/n-lauroyl-l-glutamic-acid-cas-3397-65-7\/#breadcrumb\",\"itemListElement\":[{\"@type\":\"ListItem\",\"position\":1,\"name\":\"Home\",\"item\":\"https:\/\/longchangchemical.com\/\"},{\"@type\":\"ListItem\",\"position\":2,\"name\":\"Products Longchang\",\"item\":\"https:\/\/longchangchemical.com\/product\/\"},{\"@type\":\"ListItem\",\"position\":3,\"name\":\"n-lauroyl-l-glutamic acid cas 3397-65-7\"}]},{\"@type\":\"WebSite\",\"@id\":\"https:\/\/longchangchemical.com\/#website\",\"url\":\"https:\/\/longchangchemical.com\/\",\"name\":\"Longchang Chemical\",\"description\":\"China chemical manufacturer \uff06 supplier\",\"publisher\":{\"@id\":\"https:\/\/longchangchemical.com\/#organization\"},\"potentialAction\":[{\"@type\":\"SearchAction\",\"target\":{\"@type\":\"EntryPoint\",\"urlTemplate\":\"https:\/\/longchangchemical.com\/?s={search_term_string}\"},\"query-input\":{\"@type\":\"PropertyValueSpecification\",\"valueRequired\":true,\"valueName\":\"search_term_string\"}}],\"inLanguage\":\"hu\"},{\"@type\":\"Organization\",\"@id\":\"https:\/\/longchangchemical.com\/#organization\",\"name\":\"Longchang Chemical\",\"url\":\"https:\/\/longchangchemical.com\/\",\"logo\":{\"@type\":\"ImageObject\",\"inLanguage\":\"hu\",\"@id\":\"https:\/\/longchangchemical.com\/#\/schema\/logo\/image\/\",\"url\":\"https:\/\/longchangchemical.com\/wp-content\/uploads\/2020\/08\/cropped-longchang-logo.png\",\"contentUrl\":\"https:\/\/longchangchemical.com\/wp-content\/uploads\/2020\/08\/cropped-longchang-logo.png\",\"width\":512,\"height\":512,\"caption\":\"Longchang Chemical\"},\"image\":{\"@id\":\"https:\/\/longchangchemical.com\/#\/schema\/logo\/image\/\"}}]}<\/script>\n<!-- \/ Yoast SEO plugin. -->","yoast_head_json":{"title":"K\u00edna N-lauroil-l-glutaminsav gy\u00e1rt\u00f3 - Longchang Chemical","description":"A Longchang Chemical egy vezet\u0151 k\u00ednai N-lauroil-l-glutaminsav gy\u00e1rt\u00f3 \u00e9s 3397-65-7 sz\u00e1ll\u00edt\u00f3. A legjobb N-lauroil-l-glutaminsav \u00e1rat tudjuk biztos\u00edtani.","robots":{"index":"index","follow":"follow","max-snippet":"max-snippet:-1","max-image-preview":"max-image-preview:large","max-video-preview":"max-video-preview:-1"},"canonical":"https:\/\/longchangchemical.com\/hu\/product\/n-lauroyl-l-glutamic-acid-cas-3397-65-7\/","og_locale":"hu_HU","og_type":"article","og_title":"China N-lauroyl-l-glutamic acid manufacturer - Longchang Chemical","og_description":"Longchang Chemical is a china Leading N-lauroyl-l-glutamic acid manufacturer and 3397-65-7 supplier. We can provide the best N-lauroyl-l-glutamic acid price","og_url":"https:\/\/longchangchemical.com\/hu\/product\/n-lauroyl-l-glutamic-acid-cas-3397-65-7\/","og_site_name":"Longchang Chemical","article_modified_time":"2025-12-22T07:52:51+00:00","og_image":[{"width":600,"height":800,"url":"https:\/\/longchangchemical.com\/wp-content\/uploads\/2021\/01\/N-lauroyl-l-glutamic-acid-appearance.jpg","type":"image\/jpeg"}],"twitter_card":"summary_large_image","schema":{"@context":"https:\/\/schema.org","@graph":[{"@type":"WebPage","@id":"https:\/\/longchangchemical.com\/product\/n-lauroyl-l-glutamic-acid-cas-3397-65-7\/","url":"https:\/\/longchangchemical.com\/product\/n-lauroyl-l-glutamic-acid-cas-3397-65-7\/","name":"K\u00edna N-lauroil-l-glutaminsav gy\u00e1rt\u00f3 - Longchang Chemical","isPartOf":{"@id":"https:\/\/longchangchemical.com\/#website"},"primaryImageOfPage":{"@id":"https:\/\/longchangchemical.com\/product\/n-lauroyl-l-glutamic-acid-cas-3397-65-7\/#primaryimage"},"image":{"@id":"https:\/\/longchangchemical.com\/product\/n-lauroyl-l-glutamic-acid-cas-3397-65-7\/#primaryimage"},"thumbnailUrl":"https:\/\/longchangchemical.com\/wp-content\/uploads\/2021\/01\/N-lauroyl-l-glutamic-acid-appearance.jpg","datePublished":"2021-07-29T07:21:15+00:00","dateModified":"2025-12-22T07:52:51+00:00","description":"A Longchang Chemical egy vezet\u0151 k\u00ednai N-lauroil-l-glutaminsav gy\u00e1rt\u00f3 \u00e9s 3397-65-7 sz\u00e1ll\u00edt\u00f3. A legjobb N-lauroil-l-glutaminsav \u00e1rat tudjuk biztos\u00edtani.","breadcrumb":{"@id":"https:\/\/longchangchemical.com\/product\/n-lauroyl-l-glutamic-acid-cas-3397-65-7\/#breadcrumb"},"inLanguage":"hu","potentialAction":[{"@type":"ReadAction","target":["https:\/\/longchangchemical.com\/product\/n-lauroyl-l-glutamic-acid-cas-3397-65-7\/"]}]},{"@type":"ImageObject","inLanguage":"hu","@id":"https:\/\/longchangchemical.com\/product\/n-lauroyl-l-glutamic-acid-cas-3397-65-7\/#primaryimage","url":"https:\/\/longchangchemical.com\/wp-content\/uploads\/2021\/01\/N-lauroyl-l-glutamic-acid-appearance.jpg","contentUrl":"https:\/\/longchangchemical.com\/wp-content\/uploads\/2021\/01\/N-lauroyl-l-glutamic-acid-appearance.jpg","width":600,"height":800},{"@type":"BreadcrumbList","@id":"https:\/\/longchangchemical.com\/product\/n-lauroyl-l-glutamic-acid-cas-3397-65-7\/#breadcrumb","itemListElement":[{"@type":"ListItem","position":1,"name":"Home","item":"https:\/\/longchangchemical.com\/"},{"@type":"ListItem","position":2,"name":"Products Longchang","item":"https:\/\/longchangchemical.com\/product\/"},{"@type":"ListItem","position":3,"name":"n-lauroyl-l-glutamic acid cas 3397-65-7"}]},{"@type":"WebSite","@id":"https:\/\/longchangchemical.com\/#website","url":"https:\/\/longchangchemical.com\/","name":"Longchang Chemical","description":"K\u00edna k\u00e9miai gy\u00e1rt\u00f3 \uff06 sz\u00e1ll\u00edt\u00f3","publisher":{"@id":"https:\/\/longchangchemical.com\/#organization"},"potentialAction":[{"@type":"SearchAction","target":{"@type":"EntryPoint","urlTemplate":"https:\/\/longchangchemical.com\/?s={search_term_string}"},"query-input":{"@type":"PropertyValueSpecification","valueRequired":true,"valueName":"search_term_string"}}],"inLanguage":"hu"},{"@type":"Organization","@id":"https:\/\/longchangchemical.com\/#organization","name":"Longchang Chemical","url":"https:\/\/longchangchemical.com\/","logo":{"@type":"ImageObject","inLanguage":"hu","@id":"https:\/\/longchangchemical.com\/#\/schema\/logo\/image\/","url":"https:\/\/longchangchemical.com\/wp-content\/uploads\/2020\/08\/cropped-longchang-logo.png","contentUrl":"https:\/\/longchangchemical.com\/wp-content\/uploads\/2020\/08\/cropped-longchang-logo.png","width":512,"height":512,"caption":"Longchang Chemical"},"image":{"@id":"https:\/\/longchangchemical.com\/#\/schema\/logo\/image\/"}}]}},"_links":{"self":[{"href":"https:\/\/longchangchemical.com\/hu\/wp-json\/wp\/v2\/product\/3771","targetHints":{"allow":["GET"]}}],"collection":[{"href":"https:\/\/longchangchemical.com\/hu\/wp-json\/wp\/v2\/product"}],"about":[{"href":"https:\/\/longchangchemical.com\/hu\/wp-json\/wp\/v2\/types\/product"}],"replies":[{"embeddable":true,"href":"https:\/\/longchangchemical.com\/hu\/wp-json\/wp\/v2\/comments?post=3771"}],"wp:featuredmedia":[{"embeddable":true,"href":"https:\/\/longchangchemical.com\/hu\/wp-json\/wp\/v2\/media\/4745"}],"wp:attachment":[{"href":"https:\/\/longchangchemical.com\/hu\/wp-json\/wp\/v2\/media?parent=3771"}],"wp:term":[{"taxonomy":"product_brand","embeddable":true,"href":"https:\/\/longchangchemical.com\/hu\/wp-json\/wp\/v2\/product_brand?post=3771"},{"taxonomy":"product_cat","embeddable":true,"href":"https:\/\/longchangchemical.com\/hu\/wp-json\/wp\/v2\/product_cat?post=3771"},{"taxonomy":"product_tag","embeddable":true,"href":"https:\/\/longchangchemical.com\/hu\/wp-json\/wp\/v2\/product_tag?post=3771"}],"curies":[{"name":"wp","href":"https:\/\/api.w.org\/{rel}","templated":true}]}}