{"id":3764,"date":"2021-09-25T10:43:43","date_gmt":"2021-09-25T10:43:43","guid":{"rendered":"https:\/\/longchangchemical.com\/?post_type=product&#038;p=3764"},"modified":"2025-12-22T07:36:41","modified_gmt":"2025-12-22T07:36:41","slug":"ascorbyl-tetraisopalmitate","status":"publish","type":"product","link":"https:\/\/longchangchemical.com\/hu\/product\/ascorbyl-tetraisopalmitate\/","title":{"rendered":"Aszkorbil tetraisopalmit\u00e1t CAS 183476-82-6"},"content":{"rendered":"<h1><strong>Aszkorbil tetraisopalmit\u00e1t CAS 183476-82-6<\/strong><\/h1>\n<table class=\"table-1\">\n<tbody>\n<tr>\n<td>T\u00e9telek<\/td>\n<td>M\u0171szaki adatok<\/td>\n<\/tr>\n<tr>\n<td>Megjelen\u00e9s<\/td>\n<td>A sz\u00edntelent\u0151l a vil\u00e1goss\u00e1rg\u00e1ig terjed\u0151 sz\u00edn\u0171, halv\u00e1ny jellegzetes sz\u00edn\u0171 folyad\u00e9k.<\/td>\n<\/tr>\n<tr>\n<td>Tartalom<\/td>\n<td>\u226598%<\/td>\n<\/tr>\n<tr>\n<td>Color\uff08APHA)<\/td>\n<td>100max<\/td>\n<\/tr>\n<tr>\n<td>S\u0171r\u0171s\u00e9g<\/td>\n<td>0.930-0.943<\/td>\n<\/tr>\n<tr>\n<td>T\u00f6r\u00e9smutat\u00f3\uff0825 \u2103\uff09<\/td>\n<td>1.459-1.465<\/td>\n<\/tr>\n<tr>\n<td>Neh\u00e9zf\u00e9mek<\/td>\n<td>20ppm Max<\/td>\n<\/tr>\n<tr>\n<td>Arz\u00e9n<\/td>\n<td>2ppm Max<\/td>\n<\/tr>\n<\/tbody>\n<\/table>\n<p>&nbsp;<\/p>\n<h2><strong>Mi az aszkorbil-tetraizopalmit\u00e1t?<\/strong><\/h2>\n<p>Ez sz\u00edntelen vagy vil\u00e1goss\u00e1rga folyad\u00e9k, m\u00e1s n\u00e9ven ASCORBYL TETRA-2-HEXYLDECANOATE, amelyet gyakran haszn\u00e1lnak a kozmetikai iparban \u00e9s a gy\u00f3gyszeriparban.<\/p>\n<p>&nbsp;<\/p>\n<h2><strong>Aszkorbil tetraisopalmit\u00e1t Alkalmaz\u00e1s:<\/strong><\/h2>\n<p>&nbsp;<\/p>\n<h4>1. Kiv\u00e1l\u00f3 transzderm\u00e1lis felsz\u00edv\u00f3d\u00e1s<\/h4>\n<h4>2. G\u00e1tolja az intracellul\u00e1ris tirozin\u00e1z aktivit\u00e1st \u00e9s a melanin termel\u00e9st<\/h4>\n<h4>3.Reduce UV induk\u00e1lt sejt \/ DNS-k\u00e1rosod\u00e1s (anti UV \/ anti stressz)<\/h4>\n<h4>4. A lipidperoxid\u00e1ci\u00f3 \u00e9s a k\u00e9miai b\u0151r\u00f6reged\u00e9s megel\u0151z\u00e9s\u00e9re (antioxid\u00e1ns)<\/h4>\n<h4>5. J\u00f3l old\u00f3dik a szok\u00e1sos kozmetikai olajokban.<\/h4>\n<h4>6.Sod-szer\u0171 aktivit\u00e1s (antioxid\u00e1ns)<\/h4>\n<h4>7.Collagen szint\u00e9zis \u00e9s kollag\u00e9n v\u00e9delem (anti-aging)<\/h4>\n<h4>8.Stable h\u0151vel \u00e9s oxid\u00e1ci\u00f3val szemben<\/h4>\n<p>&nbsp;<\/p>\n<h2><strong>Aszkorbil tetraisopalmit\u00e1t T\u00e1rol\u00e1s<\/strong><\/h2>\n<p>Sz\u00e1raz, tiszta, j\u00f3l szell\u0151z\u0151 rakt\u00e1rban tartj\u00e1k.<\/p>\n<p>Ker\u00fclje a f\u00e9nynek \u00e9s a meleg\u00edt\u00e9snek val\u00f3 kitetts\u00e9get.<\/p>\n<p>A term\u00e9k v\u00e9delme a sziv\u00e1rg\u00e1st\u00f3l, es\u0151t\u0151l \u00e9s a szigetel\u00e9st\u0151l sz\u00e1ll\u00edt\u00e1s k\u00f6zben.<\/p>\n<p>&nbsp;<\/p>\n<h2><strong><b>L\u00e9pjen kapcsolatba vel\u00fcnk most!<\/b><\/strong><\/h2>\n<h4><strong><b>Ha COA, MSDS vagy TDS-re van sz\u00fcks\u00e9ge, k\u00e9rj\u00fck, t\u00f6ltse ki el\u00e9rhet\u0151s\u00e9g\u00e9t az al\u00e1bbi \u0171rlapon, \u00e1ltal\u00e1ban 24 \u00f3r\u00e1n bel\u00fcl felvessz\u00fck \u00d6nnel a kapcsolatot. \u00d6n is k\u00fcldhet nekem e-mailt <span style=\"color: #0000ff;\"><a style=\"color: #0000ff;\" href=\"mailto:info@longchangchemical.com\">info@longchangchemical.com<\/a><\/span> munkaid\u0151ben ( 8:30-18:00 UTC+8 H.-Szombat ) vagy haszn\u00e1lja a weboldal \u00e9l\u0151 chatj\u00e9t, hogy azonnali v\u00e1laszt kapjon.<\/b><\/strong><\/h4>","protected":false},"excerpt":{"rendered":"<h4>K\u00e9miai n\u00e9v: Aszkorbil-tetraizopalmit\u00e1t<\/h4>\n<h4>Otehr n\u00e9v: NIKKOL VC-IP; L-aszkorbil 2,3,5,6-tetrakis(2-hexilalkano\u00e1t); L-aszkorbil 2,3,5,6-tetrakis(2-hexildecano\u00e1t)<\/h4>\n<h4>CAS-sz\u00e1m: 183476-82-6<\/h4>\n<h4>Molekul\u00e1ris k\u00e9plet: C70H128O10<\/h4>\n<h4>K\u00e9miai szerkezet:<img decoding=\"async\" title=\"image.png\" src=\"https:\/\/www.longchangchemical.com\/wp-content\/uploads\/product-details\/20200617069078.png\" alt=\"image.png\" width=\"289\" height=\"107\" \/><\/h4>\n<h4>Molekulat\u00f6meg:1129,76<\/h4>\n<h4>Megjelen\u00e9s: Sz\u00edntelen vagy vil\u00e1goss\u00e1rga folyad\u00e9k<\/h4>\n<h4>Assay\uff1a98%<\/h4>","protected":false},"featured_media":4650,"comment_status":"open","ping_status":"closed","template":"","meta":[],"product_brand":[],"product_cat":[113],"product_tag":[],"class_list":{"0":"post-3764","1":"product","2":"type-product","3":"status-publish","4":"has-post-thumbnail","6":"product_cat-organic-intermediate","8":"first","9":"instock","10":"shipping-taxable","11":"product-type-simple"},"yoast_head":"<!-- This site is optimized with the Yoast SEO plugin v25.3.1 - https:\/\/yoast.com\/wordpress\/plugins\/seo\/ -->\n<title>China Ascorbyl tetraisopalmitate CAS 183476-82-6 manufacturer - Longchang chemical<\/title>\n<meta name=\"description\" content=\"Longchang chemical Co., ltd. is china Ascorbyl tetraisopalmitate manufacturer and CAS 183476-82-6 supplier. We provide the best Ascorbyl tetraisopalmitate price.\" \/>\n<meta name=\"robots\" content=\"index, follow, max-snippet:-1, max-image-preview:large, max-video-preview:-1\" \/>\n<link rel=\"canonical\" href=\"https:\/\/longchangchemical.com\/hu\/product\/ascorbyl-tetraisopalmitate\/\" \/>\n<meta property=\"og:locale\" content=\"hu_HU\" \/>\n<meta property=\"og:type\" content=\"article\" \/>\n<meta property=\"og:title\" content=\"China Ascorbyl tetraisopalmitate CAS 183476-82-6 manufacturer - Longchang chemical\" \/>\n<meta property=\"og:description\" content=\"Longchang chemical Co., ltd. is china Ascorbyl tetraisopalmitate manufacturer and CAS 183476-82-6 supplier. We provide the best Ascorbyl tetraisopalmitate price.\" \/>\n<meta property=\"og:url\" content=\"https:\/\/longchangchemical.com\/hu\/product\/ascorbyl-tetraisopalmitate\/\" \/>\n<meta property=\"og:site_name\" content=\"Longchang Chemical\" \/>\n<meta property=\"article:modified_time\" content=\"2025-12-22T07:36:41+00:00\" \/>\n<meta property=\"og:image\" content=\"https:\/\/longchangchemical.com\/wp-content\/uploads\/2021\/06\/Appearance.jpg\" \/>\n\t<meta property=\"og:image:width\" content=\"600\" \/>\n\t<meta property=\"og:image:height\" content=\"800\" \/>\n\t<meta property=\"og:image:type\" content=\"image\/jpeg\" \/>\n<meta name=\"twitter:card\" content=\"summary_large_image\" \/>\n<script type=\"application\/ld+json\" class=\"yoast-schema-graph\">{\"@context\":\"https:\/\/schema.org\",\"@graph\":[{\"@type\":\"WebPage\",\"@id\":\"https:\/\/longchangchemical.com\/product\/ascorbyl-tetraisopalmitate\/\",\"url\":\"https:\/\/longchangchemical.com\/product\/ascorbyl-tetraisopalmitate\/\",\"name\":\"China Ascorbyl tetraisopalmitate CAS 183476-82-6 manufacturer - Longchang chemical\",\"isPartOf\":{\"@id\":\"https:\/\/longchangchemical.com\/#website\"},\"primaryImageOfPage\":{\"@id\":\"https:\/\/longchangchemical.com\/product\/ascorbyl-tetraisopalmitate\/#primaryimage\"},\"image\":{\"@id\":\"https:\/\/longchangchemical.com\/product\/ascorbyl-tetraisopalmitate\/#primaryimage\"},\"thumbnailUrl\":\"https:\/\/longchangchemical.com\/wp-content\/uploads\/2021\/06\/Appearance.jpg\",\"datePublished\":\"2021-09-25T10:43:43+00:00\",\"dateModified\":\"2025-12-22T07:36:41+00:00\",\"description\":\"Longchang chemical Co., ltd. is china Ascorbyl tetraisopalmitate manufacturer and CAS 183476-82-6 supplier. We provide the best Ascorbyl tetraisopalmitate price.\",\"breadcrumb\":{\"@id\":\"https:\/\/longchangchemical.com\/product\/ascorbyl-tetraisopalmitate\/#breadcrumb\"},\"inLanguage\":\"hu\",\"potentialAction\":[{\"@type\":\"ReadAction\",\"target\":[\"https:\/\/longchangchemical.com\/product\/ascorbyl-tetraisopalmitate\/\"]}]},{\"@type\":\"ImageObject\",\"inLanguage\":\"hu\",\"@id\":\"https:\/\/longchangchemical.com\/product\/ascorbyl-tetraisopalmitate\/#primaryimage\",\"url\":\"https:\/\/longchangchemical.com\/wp-content\/uploads\/2021\/06\/Appearance.jpg\",\"contentUrl\":\"https:\/\/longchangchemical.com\/wp-content\/uploads\/2021\/06\/Appearance.jpg\",\"width\":600,\"height\":800,\"caption\":\"Appearance\"},{\"@type\":\"BreadcrumbList\",\"@id\":\"https:\/\/longchangchemical.com\/product\/ascorbyl-tetraisopalmitate\/#breadcrumb\",\"itemListElement\":[{\"@type\":\"ListItem\",\"position\":1,\"name\":\"Home\",\"item\":\"https:\/\/longchangchemical.com\/\"},{\"@type\":\"ListItem\",\"position\":2,\"name\":\"Products Longchang\",\"item\":\"https:\/\/longchangchemical.com\/product\/\"},{\"@type\":\"ListItem\",\"position\":3,\"name\":\"Ascorbyl tetraisopalmitate CAS 183476-82-6\"}]},{\"@type\":\"WebSite\",\"@id\":\"https:\/\/longchangchemical.com\/#website\",\"url\":\"https:\/\/longchangchemical.com\/\",\"name\":\"Longchang Chemical\",\"description\":\"China chemical manufacturer \uff06 supplier\",\"publisher\":{\"@id\":\"https:\/\/longchangchemical.com\/#organization\"},\"potentialAction\":[{\"@type\":\"SearchAction\",\"target\":{\"@type\":\"EntryPoint\",\"urlTemplate\":\"https:\/\/longchangchemical.com\/?s={search_term_string}\"},\"query-input\":{\"@type\":\"PropertyValueSpecification\",\"valueRequired\":true,\"valueName\":\"search_term_string\"}}],\"inLanguage\":\"hu\"},{\"@type\":\"Organization\",\"@id\":\"https:\/\/longchangchemical.com\/#organization\",\"name\":\"Longchang Chemical\",\"url\":\"https:\/\/longchangchemical.com\/\",\"logo\":{\"@type\":\"ImageObject\",\"inLanguage\":\"hu\",\"@id\":\"https:\/\/longchangchemical.com\/#\/schema\/logo\/image\/\",\"url\":\"https:\/\/longchangchemical.com\/wp-content\/uploads\/2020\/08\/cropped-longchang-logo.png\",\"contentUrl\":\"https:\/\/longchangchemical.com\/wp-content\/uploads\/2020\/08\/cropped-longchang-logo.png\",\"width\":512,\"height\":512,\"caption\":\"Longchang Chemical\"},\"image\":{\"@id\":\"https:\/\/longchangchemical.com\/#\/schema\/logo\/image\/\"}}]}<\/script>\n<!-- \/ Yoast SEO plugin. -->","yoast_head_json":{"title":"K\u00edna aszkorbil tetraisopalmit\u00e1t CAS 183476-82-6 gy\u00e1rt\u00f3 - Longchang vegyi anyag - Longchang vegyi anyag","description":"A Longchang Chemical Co., Ltd. k\u00ednai aszkorbil tetraisopalmit\u00e1t gy\u00e1rt\u00f3 \u00e9s CAS 183476-82-6 sz\u00e1ll\u00edt\u00f3. A legjobb aszkorbil tetraisopalmit\u00e1t \u00e1rat biztos\u00edtjuk.","robots":{"index":"index","follow":"follow","max-snippet":"max-snippet:-1","max-image-preview":"max-image-preview:large","max-video-preview":"max-video-preview:-1"},"canonical":"https:\/\/longchangchemical.com\/hu\/product\/ascorbyl-tetraisopalmitate\/","og_locale":"hu_HU","og_type":"article","og_title":"China Ascorbyl tetraisopalmitate CAS 183476-82-6 manufacturer - Longchang chemical","og_description":"Longchang chemical Co., ltd. is china Ascorbyl tetraisopalmitate manufacturer and CAS 183476-82-6 supplier. We provide the best Ascorbyl tetraisopalmitate price.","og_url":"https:\/\/longchangchemical.com\/hu\/product\/ascorbyl-tetraisopalmitate\/","og_site_name":"Longchang Chemical","article_modified_time":"2025-12-22T07:36:41+00:00","og_image":[{"width":600,"height":800,"url":"https:\/\/longchangchemical.com\/wp-content\/uploads\/2021\/06\/Appearance.jpg","type":"image\/jpeg"}],"twitter_card":"summary_large_image","schema":{"@context":"https:\/\/schema.org","@graph":[{"@type":"WebPage","@id":"https:\/\/longchangchemical.com\/product\/ascorbyl-tetraisopalmitate\/","url":"https:\/\/longchangchemical.com\/product\/ascorbyl-tetraisopalmitate\/","name":"K\u00edna aszkorbil tetraisopalmit\u00e1t CAS 183476-82-6 gy\u00e1rt\u00f3 - Longchang vegyi anyag - Longchang vegyi anyag","isPartOf":{"@id":"https:\/\/longchangchemical.com\/#website"},"primaryImageOfPage":{"@id":"https:\/\/longchangchemical.com\/product\/ascorbyl-tetraisopalmitate\/#primaryimage"},"image":{"@id":"https:\/\/longchangchemical.com\/product\/ascorbyl-tetraisopalmitate\/#primaryimage"},"thumbnailUrl":"https:\/\/longchangchemical.com\/wp-content\/uploads\/2021\/06\/Appearance.jpg","datePublished":"2021-09-25T10:43:43+00:00","dateModified":"2025-12-22T07:36:41+00:00","description":"A Longchang Chemical Co., Ltd. k\u00ednai aszkorbil tetraisopalmit\u00e1t gy\u00e1rt\u00f3 \u00e9s CAS 183476-82-6 sz\u00e1ll\u00edt\u00f3. A legjobb aszkorbil tetraisopalmit\u00e1t \u00e1rat biztos\u00edtjuk.","breadcrumb":{"@id":"https:\/\/longchangchemical.com\/product\/ascorbyl-tetraisopalmitate\/#breadcrumb"},"inLanguage":"hu","potentialAction":[{"@type":"ReadAction","target":["https:\/\/longchangchemical.com\/product\/ascorbyl-tetraisopalmitate\/"]}]},{"@type":"ImageObject","inLanguage":"hu","@id":"https:\/\/longchangchemical.com\/product\/ascorbyl-tetraisopalmitate\/#primaryimage","url":"https:\/\/longchangchemical.com\/wp-content\/uploads\/2021\/06\/Appearance.jpg","contentUrl":"https:\/\/longchangchemical.com\/wp-content\/uploads\/2021\/06\/Appearance.jpg","width":600,"height":800,"caption":"Appearance"},{"@type":"BreadcrumbList","@id":"https:\/\/longchangchemical.com\/product\/ascorbyl-tetraisopalmitate\/#breadcrumb","itemListElement":[{"@type":"ListItem","position":1,"name":"Home","item":"https:\/\/longchangchemical.com\/"},{"@type":"ListItem","position":2,"name":"Products Longchang","item":"https:\/\/longchangchemical.com\/product\/"},{"@type":"ListItem","position":3,"name":"Ascorbyl tetraisopalmitate CAS 183476-82-6"}]},{"@type":"WebSite","@id":"https:\/\/longchangchemical.com\/#website","url":"https:\/\/longchangchemical.com\/","name":"Longchang Chemical","description":"K\u00edna k\u00e9miai gy\u00e1rt\u00f3 \uff06 sz\u00e1ll\u00edt\u00f3","publisher":{"@id":"https:\/\/longchangchemical.com\/#organization"},"potentialAction":[{"@type":"SearchAction","target":{"@type":"EntryPoint","urlTemplate":"https:\/\/longchangchemical.com\/?s={search_term_string}"},"query-input":{"@type":"PropertyValueSpecification","valueRequired":true,"valueName":"search_term_string"}}],"inLanguage":"hu"},{"@type":"Organization","@id":"https:\/\/longchangchemical.com\/#organization","name":"Longchang Chemical","url":"https:\/\/longchangchemical.com\/","logo":{"@type":"ImageObject","inLanguage":"hu","@id":"https:\/\/longchangchemical.com\/#\/schema\/logo\/image\/","url":"https:\/\/longchangchemical.com\/wp-content\/uploads\/2020\/08\/cropped-longchang-logo.png","contentUrl":"https:\/\/longchangchemical.com\/wp-content\/uploads\/2020\/08\/cropped-longchang-logo.png","width":512,"height":512,"caption":"Longchang Chemical"},"image":{"@id":"https:\/\/longchangchemical.com\/#\/schema\/logo\/image\/"}}]}},"_links":{"self":[{"href":"https:\/\/longchangchemical.com\/hu\/wp-json\/wp\/v2\/product\/3764","targetHints":{"allow":["GET"]}}],"collection":[{"href":"https:\/\/longchangchemical.com\/hu\/wp-json\/wp\/v2\/product"}],"about":[{"href":"https:\/\/longchangchemical.com\/hu\/wp-json\/wp\/v2\/types\/product"}],"replies":[{"embeddable":true,"href":"https:\/\/longchangchemical.com\/hu\/wp-json\/wp\/v2\/comments?post=3764"}],"wp:featuredmedia":[{"embeddable":true,"href":"https:\/\/longchangchemical.com\/hu\/wp-json\/wp\/v2\/media\/4650"}],"wp:attachment":[{"href":"https:\/\/longchangchemical.com\/hu\/wp-json\/wp\/v2\/media?parent=3764"}],"wp:term":[{"taxonomy":"product_brand","embeddable":true,"href":"https:\/\/longchangchemical.com\/hu\/wp-json\/wp\/v2\/product_brand?post=3764"},{"taxonomy":"product_cat","embeddable":true,"href":"https:\/\/longchangchemical.com\/hu\/wp-json\/wp\/v2\/product_cat?post=3764"},{"taxonomy":"product_tag","embeddable":true,"href":"https:\/\/longchangchemical.com\/hu\/wp-json\/wp\/v2\/product_tag?post=3764"}],"curies":[{"name":"wp","href":"https:\/\/api.w.org\/{rel}","templated":true}]}}