{"id":3728,"date":"2021-05-17T13:11:58","date_gmt":"2021-05-17T13:11:58","guid":{"rendered":"https:\/\/longchangchemical.com\/?post_type=product&#038;p=3728"},"modified":"2025-12-22T08:22:05","modified_gmt":"2025-12-22T08:22:05","slug":"l-mandelic-acid-cas-17199-29-0","status":"publish","type":"product","link":"https:\/\/longchangchemical.com\/hu\/product\/l-mandelic-acid-cas-17199-29-0\/","title":{"rendered":"L-mandelinsav CAS 17199-29-0"},"content":{"rendered":"<h1><strong>L-mandelinsav CAS 17199-29-0<\/strong><\/h1>\n<table class=\"table-1\" cellspacing=\"0\">\n<tbody>\n<tr>\n<td>\n<h4>T\u00e9tel<\/h4>\n<\/td>\n<td>\n<h4>Standard<\/h4>\n<\/td>\n<td>\n<h4>Eredm\u00e9nyek<\/h4>\n<\/td>\n<\/tr>\n<tr>\n<td>\n<h4>Megjelen\u00e9s<\/h4>\n<\/td>\n<td>\n<h4>Feh\u00e9r krist\u00e1lyos por<\/h4>\n<\/td>\n<td>\n<h4>Feh\u00e9r krist\u00e1lyos por<\/h4>\n<\/td>\n<\/tr>\n<tr>\n<td>\n<h4>Olvad\u00e1spont \u2103<\/h4>\n<\/td>\n<td>\n<h4>130-134<\/h4>\n<\/td>\n<td>\n<h4>130-134<\/h4>\n<\/td>\n<\/tr>\n<tr>\n<td>\n<h4>Optikai forgat\u00e1s<\/h4>\n<\/td>\n<td>\n<h4>\u2267154(20\/D)<\/h4>\n<\/td>\n<td>\n<h4>156.2<\/h4>\n<\/td>\n<\/tr>\n<tr>\n<td>\n<h4>Sz\u00e1r\u00edt\u00e1si vesztes\u00e9g<\/h4>\n<\/td>\n<td>\n<h4>\u22660.50%(W\/W)<\/h4>\n<\/td>\n<td>\n<h4>0.13<\/h4>\n<\/td>\n<\/tr>\n<tr>\n<td>\n<h4>Gy\u00fajt\u00e1si marad\u00e9k<\/h4>\n<\/td>\n<td>\n<h4>\u22660.2%<\/h4>\n<\/td>\n<td>\n<h4>&lt;0.2<\/h4>\n<\/td>\n<\/tr>\n<tr>\n<td>\n<h4>Assay<\/h4>\n<\/td>\n<td>\n<h4>\u226799%<\/h4>\n<\/td>\n<td>\n<h4>99.4%<\/h4>\n<\/td>\n<\/tr>\n<tr>\n<td>\n<h4>K\u00f6vetkeztet\u00e9s<\/h4>\n<\/td>\n<td colspan=\"2\">\n<h4>K\u00e9pzett<\/h4>\n<\/td>\n<\/tr>\n<\/tbody>\n<\/table>\n<p>&nbsp;<\/p>\n<h2><strong>L-mandelinsav Haszn\u00e1lat<\/strong><\/h2>\n<h4>1. Az L-mandelinsavat els\u0151sorban a szerves szint\u00e9zisben \u00e9s a gy\u00f3gyszeriparban haszn\u00e1lj\u00e1k, f\u0151k\u00e9nt kir\u00e1lis anyagok felbont\u00e1s\u00e1ra.<\/h4>\n<h4>2. Az L-mandelinsav szint\u00e9n t\u00f6bbc\u00e9l\u00fa reagens, amelyet racem\u00e1tok felbont\u00e1s\u00e1ra \u00e9s amidok el\u0151\u00e1ll\u00edt\u00e1s\u00e1ra haszn\u00e1lnak.<\/h4>\n<p>&nbsp;<\/p>\n<h2><strong>L-mandelinsav Csomagol\u00e1s<\/strong><\/h2>\n<h4>25kg\/dob vagy az \u00d6n ig\u00e9nyei szerint.<\/h4>\n<p>&nbsp;<\/p>\n<h2><strong>Ugyanazon sorozat term\u00e9kei<\/strong><\/h2>\n<table style=\"border-collapse: collapse; width: 312.02pt;\" border=\"0\" width=\"416\" cellspacing=\"0\" cellpadding=\"0\">\n<tbody>\n<tr style=\"height: 54.00pt;\">\n<td class=\"et3\" style=\"height: 54.00pt; width: 201.75pt;\" width=\"269\" height=\"72\">\n<h4><a href=\"https:\/\/longchangchemical.com\/hu\/product\/dl-mandelic-acid-cas-90-64-2\/\"><span style=\"color: #0000ff;\">DL-Mandelinsav<\/span><\/a><\/h4>\n<\/td>\n<td class=\"et3\" style=\"width: 110.25pt;\" width=\"147\">\n<h4>90-64-2<\/h4>\n<\/td>\n<\/tr>\n<tr style=\"height: 54.00pt;\">\n<td class=\"et4\" style=\"height: 54.00pt; width: 201.75pt;\" width=\"269\" height=\"72\">\n<h4><a href=\"https:\/\/longchangchemical.com\/hu\/product\/d-mandelic-acid-cas-611-71-2\/\"><span style=\"color: #0000ff;\">D-mandelinsav<\/span><\/a><\/h4>\n<\/td>\n<td class=\"et4\" style=\"width: 110.25pt;\" width=\"147\">\n<h4>611-71-2<\/h4>\n<\/td>\n<\/tr>\n<tr style=\"height: 40.50pt;\">\n<td class=\"et5\" style=\"height: 40.50pt; width: 201.75pt;\" width=\"269\" height=\"54\">\n<h4>L-mandelinsav<\/h4>\n<\/td>\n<td class=\"et5\" style=\"width: 110.25pt;\" width=\"147\">\n<h4>17199-29-0<\/h4>\n<\/td>\n<\/tr>\n<\/tbody>\n<\/table>\n<h2><\/h2>\n<h2><strong><b>L\u00e9pjen kapcsolatba vel\u00fcnk most!<\/b><\/strong><\/h2>\n<h4><strong><b>Ha COA-ra, MSDS-re vagy TDS-re van sz\u00fcks\u00e9ge, t\u00f6ltse ki az al\u00e1bbi \u0171rlapot, \u00e1ltal\u00e1ban 24 \u00f3r\u00e1n bel\u00fcl felvessz\u00fck \u00d6nnel a kapcsolatot. E-mailben is k\u00fcldhet nekem <a href=\"mailto:info@longchangchemical.com\">info@longchangchemical.com<\/a> munkaid\u0151ben ( 8:30-18:00 UTC+8 H.-Szombat ) vagy haszn\u00e1lja a weboldal \u00e9l\u0151 chatj\u00e9t, hogy azonnali v\u00e1laszt kapjon.<\/b><\/strong><\/h4>","protected":false},"excerpt":{"rendered":"<h4>K\u00e9miai n\u00e9v: L-mandelinsav<\/h4>\n<h4>CAS: 17199-29-0<\/h4>\n<h4>Molekul\u00e1ris k\u00e9plet: C8H8O3<\/h4>\n<h4>Molekulat\u00f6meg: 152,15<\/h4>\n<h4>K\u00e9miai szerkezet:<img decoding=\"async\" title=\"(S)-( )-Mandelinsav Szerkezet\" src=\"https:\/\/www.longchangchemical.com\/wp-content\/uploads\/product-details\/20200616145122.png\" alt=\"(S)-( )-Mandelinsav Szerkezet\" width=\"100\" height=\"67\" border=\"0\" vspace=\"0\" \/><\/h4>\n<h4>Megjelen\u00e9s: Feh\u00e9r krist\u00e1lyos por<\/h4>\n<h4>Tisztas\u00e1g: 99%<\/h4>","protected":false},"featured_media":4617,"comment_status":"open","ping_status":"closed","template":"","meta":[],"product_brand":[],"product_cat":[69],"product_tag":[],"class_list":{"0":"post-3728","1":"product","2":"type-product","3":"status-publish","4":"has-post-thumbnail","6":"product_cat-catalysts-chemical-auxiliary-agents","8":"first","9":"instock","10":"shipping-taxable","11":"product-type-simple"},"yoast_head":"<!-- This site is optimized with the Yoast SEO plugin v25.3.1 - https:\/\/yoast.com\/wordpress\/plugins\/seo\/ -->\n<title>China L-mandelic acid Manufacturer \uff06 17199-29-0 Supplier - Longchang chemical Co., Ltd.<\/title>\n<meta name=\"description\" content=\"Longchang Chemical is a leading manufacturer and supplier of L-mandelic acid in China. Buy L-mandelic acid in china. We can provide the best L-mandelic acid price.\" \/>\n<meta name=\"robots\" content=\"index, follow, max-snippet:-1, max-image-preview:large, max-video-preview:-1\" \/>\n<link rel=\"canonical\" href=\"https:\/\/longchangchemical.com\/hu\/product\/l-mandelic-acid-cas-17199-29-0\/\" \/>\n<meta property=\"og:locale\" content=\"hu_HU\" \/>\n<meta property=\"og:type\" content=\"article\" \/>\n<meta property=\"og:title\" content=\"China L-mandelic acid Manufacturer \uff06 17199-29-0 Supplier - Longchang chemical Co., Ltd.\" \/>\n<meta property=\"og:description\" content=\"Longchang Chemical is a leading manufacturer and supplier of L-mandelic acid in China. Buy L-mandelic acid in china. We can provide the best L-mandelic acid price.\" \/>\n<meta property=\"og:url\" content=\"https:\/\/longchangchemical.com\/hu\/product\/l-mandelic-acid-cas-17199-29-0\/\" \/>\n<meta property=\"og:site_name\" content=\"Longchang Chemical\" \/>\n<meta property=\"article:modified_time\" content=\"2025-12-22T08:22:05+00:00\" \/>\n<meta property=\"og:image\" content=\"https:\/\/longchangchemical.com\/wp-content\/uploads\/2021\/01\/Appearance-25.jpg\" \/>\n\t<meta property=\"og:image:width\" content=\"600\" \/>\n\t<meta property=\"og:image:height\" content=\"800\" \/>\n\t<meta property=\"og:image:type\" content=\"image\/jpeg\" \/>\n<meta name=\"twitter:card\" content=\"summary_large_image\" \/>\n<script type=\"application\/ld+json\" class=\"yoast-schema-graph\">{\"@context\":\"https:\/\/schema.org\",\"@graph\":[{\"@type\":\"WebPage\",\"@id\":\"https:\/\/longchangchemical.com\/product\/l-mandelic-acid-cas-17199-29-0\/\",\"url\":\"https:\/\/longchangchemical.com\/product\/l-mandelic-acid-cas-17199-29-0\/\",\"name\":\"China L-mandelic acid Manufacturer \uff06 17199-29-0 Supplier - Longchang chemical Co., Ltd.\",\"isPartOf\":{\"@id\":\"https:\/\/longchangchemical.com\/#website\"},\"primaryImageOfPage\":{\"@id\":\"https:\/\/longchangchemical.com\/product\/l-mandelic-acid-cas-17199-29-0\/#primaryimage\"},\"image\":{\"@id\":\"https:\/\/longchangchemical.com\/product\/l-mandelic-acid-cas-17199-29-0\/#primaryimage\"},\"thumbnailUrl\":\"https:\/\/longchangchemical.com\/wp-content\/uploads\/2021\/01\/Appearance-25.jpg\",\"datePublished\":\"2021-05-17T13:11:58+00:00\",\"dateModified\":\"2025-12-22T08:22:05+00:00\",\"description\":\"Longchang Chemical is a leading manufacturer and supplier of L-mandelic acid in China. Buy L-mandelic acid in china. We can provide the best L-mandelic acid price.\",\"breadcrumb\":{\"@id\":\"https:\/\/longchangchemical.com\/product\/l-mandelic-acid-cas-17199-29-0\/#breadcrumb\"},\"inLanguage\":\"hu\",\"potentialAction\":[{\"@type\":\"ReadAction\",\"target\":[\"https:\/\/longchangchemical.com\/product\/l-mandelic-acid-cas-17199-29-0\/\"]}]},{\"@type\":\"ImageObject\",\"inLanguage\":\"hu\",\"@id\":\"https:\/\/longchangchemical.com\/product\/l-mandelic-acid-cas-17199-29-0\/#primaryimage\",\"url\":\"https:\/\/longchangchemical.com\/wp-content\/uploads\/2021\/01\/Appearance-25.jpg\",\"contentUrl\":\"https:\/\/longchangchemical.com\/wp-content\/uploads\/2021\/01\/Appearance-25.jpg\",\"width\":600,\"height\":800},{\"@type\":\"BreadcrumbList\",\"@id\":\"https:\/\/longchangchemical.com\/product\/l-mandelic-acid-cas-17199-29-0\/#breadcrumb\",\"itemListElement\":[{\"@type\":\"ListItem\",\"position\":1,\"name\":\"Home\",\"item\":\"https:\/\/longchangchemical.com\/\"},{\"@type\":\"ListItem\",\"position\":2,\"name\":\"Products Longchang\",\"item\":\"https:\/\/longchangchemical.com\/product\/\"},{\"@type\":\"ListItem\",\"position\":3,\"name\":\"L-mandelic acid CAS 17199-29-0\"}]},{\"@type\":\"WebSite\",\"@id\":\"https:\/\/longchangchemical.com\/#website\",\"url\":\"https:\/\/longchangchemical.com\/\",\"name\":\"Longchang Chemical\",\"description\":\"China chemical manufacturer \uff06 supplier\",\"publisher\":{\"@id\":\"https:\/\/longchangchemical.com\/#organization\"},\"potentialAction\":[{\"@type\":\"SearchAction\",\"target\":{\"@type\":\"EntryPoint\",\"urlTemplate\":\"https:\/\/longchangchemical.com\/?s={search_term_string}\"},\"query-input\":{\"@type\":\"PropertyValueSpecification\",\"valueRequired\":true,\"valueName\":\"search_term_string\"}}],\"inLanguage\":\"hu\"},{\"@type\":\"Organization\",\"@id\":\"https:\/\/longchangchemical.com\/#organization\",\"name\":\"Longchang Chemical\",\"url\":\"https:\/\/longchangchemical.com\/\",\"logo\":{\"@type\":\"ImageObject\",\"inLanguage\":\"hu\",\"@id\":\"https:\/\/longchangchemical.com\/#\/schema\/logo\/image\/\",\"url\":\"https:\/\/longchangchemical.com\/wp-content\/uploads\/2020\/08\/cropped-longchang-logo.png\",\"contentUrl\":\"https:\/\/longchangchemical.com\/wp-content\/uploads\/2020\/08\/cropped-longchang-logo.png\",\"width\":512,\"height\":512,\"caption\":\"Longchang Chemical\"},\"image\":{\"@id\":\"https:\/\/longchangchemical.com\/#\/schema\/logo\/image\/\"}}]}<\/script>\n<!-- \/ Yoast SEO plugin. -->","yoast_head_json":{"title":"K\u00edna L-mandelinsav Gy\u00e1rt\u00f3 \uff06 17199-29-0 Sz\u00e1ll\u00edt\u00f3 - Longchang Chemical Co., Ltd.","description":"A Longchang Chemical az L-mandelinsav egyik vezet\u0151 gy\u00e1rt\u00f3ja \u00e9s sz\u00e1ll\u00edt\u00f3ja K\u00edn\u00e1ban. V\u00e1s\u00e1roljon L-mandelinsavat K\u00edn\u00e1ban. A legjobb L-mandelinsav \u00e1rat tudjuk biztos\u00edtani.","robots":{"index":"index","follow":"follow","max-snippet":"max-snippet:-1","max-image-preview":"max-image-preview:large","max-video-preview":"max-video-preview:-1"},"canonical":"https:\/\/longchangchemical.com\/hu\/product\/l-mandelic-acid-cas-17199-29-0\/","og_locale":"hu_HU","og_type":"article","og_title":"China L-mandelic acid Manufacturer \uff06 17199-29-0 Supplier - Longchang chemical Co., Ltd.","og_description":"Longchang Chemical is a leading manufacturer and supplier of L-mandelic acid in China. Buy L-mandelic acid in china. We can provide the best L-mandelic acid price.","og_url":"https:\/\/longchangchemical.com\/hu\/product\/l-mandelic-acid-cas-17199-29-0\/","og_site_name":"Longchang Chemical","article_modified_time":"2025-12-22T08:22:05+00:00","og_image":[{"width":600,"height":800,"url":"https:\/\/longchangchemical.com\/wp-content\/uploads\/2021\/01\/Appearance-25.jpg","type":"image\/jpeg"}],"twitter_card":"summary_large_image","schema":{"@context":"https:\/\/schema.org","@graph":[{"@type":"WebPage","@id":"https:\/\/longchangchemical.com\/product\/l-mandelic-acid-cas-17199-29-0\/","url":"https:\/\/longchangchemical.com\/product\/l-mandelic-acid-cas-17199-29-0\/","name":"K\u00edna L-mandelinsav Gy\u00e1rt\u00f3 \uff06 17199-29-0 Sz\u00e1ll\u00edt\u00f3 - Longchang Chemical Co., Ltd.","isPartOf":{"@id":"https:\/\/longchangchemical.com\/#website"},"primaryImageOfPage":{"@id":"https:\/\/longchangchemical.com\/product\/l-mandelic-acid-cas-17199-29-0\/#primaryimage"},"image":{"@id":"https:\/\/longchangchemical.com\/product\/l-mandelic-acid-cas-17199-29-0\/#primaryimage"},"thumbnailUrl":"https:\/\/longchangchemical.com\/wp-content\/uploads\/2021\/01\/Appearance-25.jpg","datePublished":"2021-05-17T13:11:58+00:00","dateModified":"2025-12-22T08:22:05+00:00","description":"A Longchang Chemical az L-mandelinsav egyik vezet\u0151 gy\u00e1rt\u00f3ja \u00e9s sz\u00e1ll\u00edt\u00f3ja K\u00edn\u00e1ban. V\u00e1s\u00e1roljon L-mandelinsavat K\u00edn\u00e1ban. A legjobb L-mandelinsav \u00e1rat tudjuk biztos\u00edtani.","breadcrumb":{"@id":"https:\/\/longchangchemical.com\/product\/l-mandelic-acid-cas-17199-29-0\/#breadcrumb"},"inLanguage":"hu","potentialAction":[{"@type":"ReadAction","target":["https:\/\/longchangchemical.com\/product\/l-mandelic-acid-cas-17199-29-0\/"]}]},{"@type":"ImageObject","inLanguage":"hu","@id":"https:\/\/longchangchemical.com\/product\/l-mandelic-acid-cas-17199-29-0\/#primaryimage","url":"https:\/\/longchangchemical.com\/wp-content\/uploads\/2021\/01\/Appearance-25.jpg","contentUrl":"https:\/\/longchangchemical.com\/wp-content\/uploads\/2021\/01\/Appearance-25.jpg","width":600,"height":800},{"@type":"BreadcrumbList","@id":"https:\/\/longchangchemical.com\/product\/l-mandelic-acid-cas-17199-29-0\/#breadcrumb","itemListElement":[{"@type":"ListItem","position":1,"name":"Home","item":"https:\/\/longchangchemical.com\/"},{"@type":"ListItem","position":2,"name":"Products Longchang","item":"https:\/\/longchangchemical.com\/product\/"},{"@type":"ListItem","position":3,"name":"L-mandelic acid CAS 17199-29-0"}]},{"@type":"WebSite","@id":"https:\/\/longchangchemical.com\/#website","url":"https:\/\/longchangchemical.com\/","name":"Longchang Chemical","description":"K\u00edna k\u00e9miai gy\u00e1rt\u00f3 \uff06 sz\u00e1ll\u00edt\u00f3","publisher":{"@id":"https:\/\/longchangchemical.com\/#organization"},"potentialAction":[{"@type":"SearchAction","target":{"@type":"EntryPoint","urlTemplate":"https:\/\/longchangchemical.com\/?s={search_term_string}"},"query-input":{"@type":"PropertyValueSpecification","valueRequired":true,"valueName":"search_term_string"}}],"inLanguage":"hu"},{"@type":"Organization","@id":"https:\/\/longchangchemical.com\/#organization","name":"Longchang Chemical","url":"https:\/\/longchangchemical.com\/","logo":{"@type":"ImageObject","inLanguage":"hu","@id":"https:\/\/longchangchemical.com\/#\/schema\/logo\/image\/","url":"https:\/\/longchangchemical.com\/wp-content\/uploads\/2020\/08\/cropped-longchang-logo.png","contentUrl":"https:\/\/longchangchemical.com\/wp-content\/uploads\/2020\/08\/cropped-longchang-logo.png","width":512,"height":512,"caption":"Longchang Chemical"},"image":{"@id":"https:\/\/longchangchemical.com\/#\/schema\/logo\/image\/"}}]}},"_links":{"self":[{"href":"https:\/\/longchangchemical.com\/hu\/wp-json\/wp\/v2\/product\/3728","targetHints":{"allow":["GET"]}}],"collection":[{"href":"https:\/\/longchangchemical.com\/hu\/wp-json\/wp\/v2\/product"}],"about":[{"href":"https:\/\/longchangchemical.com\/hu\/wp-json\/wp\/v2\/types\/product"}],"replies":[{"embeddable":true,"href":"https:\/\/longchangchemical.com\/hu\/wp-json\/wp\/v2\/comments?post=3728"}],"wp:featuredmedia":[{"embeddable":true,"href":"https:\/\/longchangchemical.com\/hu\/wp-json\/wp\/v2\/media\/4617"}],"wp:attachment":[{"href":"https:\/\/longchangchemical.com\/hu\/wp-json\/wp\/v2\/media?parent=3728"}],"wp:term":[{"taxonomy":"product_brand","embeddable":true,"href":"https:\/\/longchangchemical.com\/hu\/wp-json\/wp\/v2\/product_brand?post=3728"},{"taxonomy":"product_cat","embeddable":true,"href":"https:\/\/longchangchemical.com\/hu\/wp-json\/wp\/v2\/product_cat?post=3728"},{"taxonomy":"product_tag","embeddable":true,"href":"https:\/\/longchangchemical.com\/hu\/wp-json\/wp\/v2\/product_tag?post=3728"}],"curies":[{"name":"wp","href":"https:\/\/api.w.org\/{rel}","templated":true}]}}