{"id":3721,"date":"2023-05-07T15:06:32","date_gmt":"2023-05-07T15:06:32","guid":{"rendered":"https:\/\/longchangchemical.com\/?post_type=product&#038;p=3721"},"modified":"2026-01-09T08:38:42","modified_gmt":"2026-01-09T08:38:42","slug":"lcsorb-bp-3-cas-131-57-7","status":"publish","type":"product","link":"https:\/\/longchangchemical.com\/hu\/product\/lcsorb-bp-3-cas-131-57-7\/","title":{"rendered":"CHLUMIUV\u00ae BP-3 \/ benzofenon-3 CAS 131-57-7"},"content":{"rendered":"<h1><strong>BP-3 \/ benzofenon-3 CAS 131-57-7<\/strong><\/h1>\n<table class=\"table-1\">\n<tbody>\n<tr>\n<td>T\u00e9telek<\/td>\n<td>Standard<\/td>\n<\/tr>\n<tr>\n<td>Megjelen\u00e9s<\/td>\n<td>Vil\u00e1goss\u00e1rga z\u00f6ld krist\u00e1lypor<\/td>\n<\/tr>\n<tr>\n<td>Olvad\u00e1spont<\/td>\n<td>62.0-65.0\u2103<\/td>\n<\/tr>\n<tr>\n<td>Tisztas\u00e1g<\/td>\n<td>\u226599.0%<\/td>\n<\/tr>\n<tr>\n<td>UV-abszorpci\u00f3s egy\u00fctthat\u00f3 (1%, 1cm)E288<\/td>\n<td>\u2265630<\/td>\n<\/tr>\n<tr>\n<td>UV-abszorpci\u00f3s egy\u00fctthat\u00f3 (1%, 1cm)E325<\/td>\n<td>\u2265410<\/td>\n<\/tr>\n<tr>\n<td>Sz\u00e1r\u00edt\u00e1si vesztes\u00e9g<\/td>\n<td>\u22640.2\uff05<\/td>\n<\/tr>\n<tr>\n<td>Gardner sz\u00edn<\/td>\n<td>\u22644.0<\/td>\n<\/tr>\n<tr>\n<td>Gy\u00fajt\u00e1si marad\u00e9k<\/td>\n<td>\u2264 0,1 %<\/td>\n<\/tr>\n<tr>\n<td>Neh\u00e9zf\u00e9m<\/td>\n<td>\u22645 ppm<\/td>\n<\/tr>\n<\/tbody>\n<\/table>\n<p><strong>Benzofenon-3<\/strong><\/p>\n<h1 class=\"product_title entry-title\">benzofenon-3 cas 131-57-7<\/h1>\n<p>1.Ez egy sz\u00e9les spektrum\u00fa UV-abszorber<\/p>\n<p>2.El\u0151nye a nagy felsz\u00edv\u00f3d\u00e1si ar\u00e1ny, a nem m\u00e9rgez\u0151 \u00e9s nem teratog\u00e9n hat\u00e1s.<\/p>\n<p>3.It k\u00e9pes elnyelni mind az UV-A, mind az UV-B sug\u00e1rz\u00e1st<\/p>\n<p>4.Sz\u00e9les k\u00f6rben haszn\u00e1lj\u00e1k a f\u00e9nyv\u00e9d\u0151 kozmetikumokban, p\u00e9ld\u00e1ul f\u00e9nyv\u00e9d\u0151 kr\u00e9mben, kr\u00e9mben, m\u00e9zben, test\u00e1pol\u00f3ban stb.<\/p>\n<p>5.F\u00e9ny\u00e9rz\u00e9kenys\u00e9g \u00e1ltal elsz\u00ednez\u0151d\u00f6tt term\u00e9kekhez f\u00e9ny\u00e9rz\u00e9kenys\u00e9g elleni szerk\u00e9nt is haszn\u00e1lhat\u00f3.<\/p>\n<p><strong>Benzophenone-3Kiszerel\u00e9s \u00e9s sz\u00e1ll\u00edt\u00e1s<\/strong><\/p>\n<p>25kg\/ kartondob<\/p>\n<p><strong>Benzofenon-3T\u00e1rol\u00e1s<\/strong><\/p>\n<p>Lez\u00e1rt tart\u00e1lyban t\u00e1rolva.<\/p>\n<h2><strong>L\u00e9pjen kapcsolatba vel\u00fcnk most!<\/strong><\/h2>\n<p><strong>Ha sz\u00fcks\u00e9ge van COA, MSDS vagy TDS a <span style=\"color: #00ccff;\"><a style=\"color: #00ccff;\" href=\"https:\/\/longchangchemical.com\/hu\/product-category\/lcsorb-uv-absorber\/\">UV-abszorber<\/a><\/span>K\u00e9rj\u00fck, t\u00f6ltse ki el\u00e9rhet\u0151s\u00e9g\u00e9t az al\u00e1bbi \u0171rlapon, \u00e1ltal\u00e1ban 24 \u00f3r\u00e1n bel\u00fcl felvessz\u00fck \u00d6nnel a kapcsolatot. \u00d6n is k\u00fcldhet nekem e-mailt <span style=\"color: #00ccff;\"><a style=\"color: #00ccff;\" href=\"mailto:info@longchangchemical.com\">info@longchangchemical.com<\/a> <\/span>munkaid\u0151ben ( 8:30-18:00 UTC+8 H.-Szombat ) vagy haszn\u00e1lja a weboldal \u00e9l\u0151 chatj\u00e9t, hogy azonnali v\u00e1laszt kapjon.<\/strong><\/p>","protected":false},"excerpt":{"rendered":"<p>K\u00e9miai n\u00e9v: Benzophenone-3<\/p>\n<p>CAS-sz\u00e1m: 131-57-7<br \/>\nMolekul\u00e1ris fomula: C14H12O3<\/p>\n<p>K\u00e9miai szerkezet:<img decoding=\"async\" title=\"image.png\" src=\"https:\/\/www.longchangchemical.com\/wp-content\/uploads\/product-details\/20200617207706.png\" alt=\"image.png\" \/><\/p>\n<p>Molekulat\u00f6meg: 228,24<\/p>\n<p>Megjelen\u00e9s: Vil\u00e1goss\u00e1rga z\u00f6ld krist\u00e1lypor<\/p>","protected":false},"featured_media":7947,"comment_status":"open","ping_status":"closed","template":"","meta":[],"product_brand":[],"product_cat":[139],"product_tag":[],"class_list":{"0":"post-3721","1":"product","2":"type-product","3":"status-publish","4":"has-post-thumbnail","6":"product_cat-lcsorb-uv-absorber","8":"first","9":"instock","10":"shipping-taxable","11":"product-type-simple"},"yoast_head":"<!-- This site is optimized with the Yoast SEO plugin v25.3.1 - https:\/\/yoast.com\/wordpress\/plugins\/seo\/ -->\n<title>China BP-3 \/ benzophenone-3 CAS 131-57-7 Manufacturer - Longchang Chemical<\/title>\n<meta name=\"description\" content=\"BP-3 \/ UV-9,chemical name is Benzophenone-3;Oxybenzone,2-hydroxy-4-methoxybenzophenone,can replace Escalol 567;Eversorb 11,SpecAUV BP-3;Speedblock UV-9,UVINOL M40,Eusolex 4360;Lankromark LE296,used as ultraviolet absorber and is the key product of Longchang Chemical. We are the leading uv material manufacturer and supplier in China with the best quanlity and competitive price.\" \/>\n<meta name=\"robots\" content=\"index, follow, max-snippet:-1, max-image-preview:large, max-video-preview:-1\" \/>\n<link rel=\"canonical\" href=\"https:\/\/longchangchemical.com\/hu\/product\/lcsorb-bp-3-cas-131-57-7\/\" \/>\n<meta property=\"og:locale\" content=\"hu_HU\" \/>\n<meta property=\"og:type\" content=\"article\" \/>\n<meta property=\"og:title\" content=\"China BP-3 \/ benzophenone-3 CAS 131-57-7 Manufacturer - Longchang Chemical\" \/>\n<meta property=\"og:description\" content=\"BP-3 \/ UV-9,chemical name is Benzophenone-3;Oxybenzone,2-hydroxy-4-methoxybenzophenone,can replace Escalol 567;Eversorb 11,SpecAUV BP-3;Speedblock UV-9,UVINOL M40,Eusolex 4360;Lankromark LE296,used as ultraviolet absorber and is the key product of Longchang Chemical. We are the leading uv material manufacturer and supplier in China with the best quanlity and competitive price.\" \/>\n<meta property=\"og:url\" content=\"https:\/\/longchangchemical.com\/hu\/product\/lcsorb-bp-3-cas-131-57-7\/\" \/>\n<meta property=\"og:site_name\" content=\"Longchang Chemical\" \/>\n<meta property=\"article:modified_time\" content=\"2026-01-09T08:38:42+00:00\" \/>\n<meta property=\"og:image\" content=\"https:\/\/longchangchemical.com\/wp-content\/uploads\/2023\/05\/131-57-7.jpg\" \/>\n\t<meta property=\"og:image:width\" content=\"600\" \/>\n\t<meta property=\"og:image:height\" content=\"600\" \/>\n\t<meta property=\"og:image:type\" content=\"image\/jpeg\" \/>\n<meta name=\"twitter:card\" content=\"summary_large_image\" \/>\n<script type=\"application\/ld+json\" class=\"yoast-schema-graph\">{\"@context\":\"https:\/\/schema.org\",\"@graph\":[{\"@type\":\"WebPage\",\"@id\":\"https:\/\/longchangchemical.com\/product\/lcsorb-bp-3-cas-131-57-7\/\",\"url\":\"https:\/\/longchangchemical.com\/product\/lcsorb-bp-3-cas-131-57-7\/\",\"name\":\"China BP-3 \/ benzophenone-3 CAS 131-57-7 Manufacturer - Longchang Chemical\",\"isPartOf\":{\"@id\":\"https:\/\/longchangchemical.com\/#website\"},\"primaryImageOfPage\":{\"@id\":\"https:\/\/longchangchemical.com\/product\/lcsorb-bp-3-cas-131-57-7\/#primaryimage\"},\"image\":{\"@id\":\"https:\/\/longchangchemical.com\/product\/lcsorb-bp-3-cas-131-57-7\/#primaryimage\"},\"thumbnailUrl\":\"https:\/\/longchangchemical.com\/wp-content\/uploads\/2023\/05\/131-57-7.jpg\",\"datePublished\":\"2023-05-07T15:06:32+00:00\",\"dateModified\":\"2026-01-09T08:38:42+00:00\",\"description\":\"BP-3 \/ UV-9,chemical name is Benzophenone-3;Oxybenzone,2-hydroxy-4-methoxybenzophenone,can replace Escalol 567;Eversorb 11,SpecAUV BP-3;Speedblock UV-9,UVINOL M40,Eusolex 4360;Lankromark LE296,used as ultraviolet absorber and is the key product of Longchang Chemical. We are the leading uv material manufacturer and supplier in China with the best quanlity and competitive price.\",\"breadcrumb\":{\"@id\":\"https:\/\/longchangchemical.com\/product\/lcsorb-bp-3-cas-131-57-7\/#breadcrumb\"},\"inLanguage\":\"hu\",\"potentialAction\":[{\"@type\":\"ReadAction\",\"target\":[\"https:\/\/longchangchemical.com\/product\/lcsorb-bp-3-cas-131-57-7\/\"]}]},{\"@type\":\"ImageObject\",\"inLanguage\":\"hu\",\"@id\":\"https:\/\/longchangchemical.com\/product\/lcsorb-bp-3-cas-131-57-7\/#primaryimage\",\"url\":\"https:\/\/longchangchemical.com\/wp-content\/uploads\/2023\/05\/131-57-7.jpg\",\"contentUrl\":\"https:\/\/longchangchemical.com\/wp-content\/uploads\/2023\/05\/131-57-7.jpg\",\"width\":600,\"height\":600},{\"@type\":\"BreadcrumbList\",\"@id\":\"https:\/\/longchangchemical.com\/product\/lcsorb-bp-3-cas-131-57-7\/#breadcrumb\",\"itemListElement\":[{\"@type\":\"ListItem\",\"position\":1,\"name\":\"Home\",\"item\":\"https:\/\/longchangchemical.com\/\"},{\"@type\":\"ListItem\",\"position\":2,\"name\":\"Products Longchang\",\"item\":\"https:\/\/longchangchemical.com\/product\/\"},{\"@type\":\"ListItem\",\"position\":3,\"name\":\"CHLUMIUV\u00ae BP-3 \/ benzophenone-3 CAS 131-57-7\"}]},{\"@type\":\"WebSite\",\"@id\":\"https:\/\/longchangchemical.com\/#website\",\"url\":\"https:\/\/longchangchemical.com\/\",\"name\":\"Longchang Chemical\",\"description\":\"China chemical manufacturer \uff06 supplier\",\"publisher\":{\"@id\":\"https:\/\/longchangchemical.com\/#organization\"},\"potentialAction\":[{\"@type\":\"SearchAction\",\"target\":{\"@type\":\"EntryPoint\",\"urlTemplate\":\"https:\/\/longchangchemical.com\/?s={search_term_string}\"},\"query-input\":{\"@type\":\"PropertyValueSpecification\",\"valueRequired\":true,\"valueName\":\"search_term_string\"}}],\"inLanguage\":\"hu\"},{\"@type\":\"Organization\",\"@id\":\"https:\/\/longchangchemical.com\/#organization\",\"name\":\"Longchang Chemical\",\"url\":\"https:\/\/longchangchemical.com\/\",\"logo\":{\"@type\":\"ImageObject\",\"inLanguage\":\"hu\",\"@id\":\"https:\/\/longchangchemical.com\/#\/schema\/logo\/image\/\",\"url\":\"https:\/\/longchangchemical.com\/wp-content\/uploads\/2020\/08\/cropped-longchang-logo.png\",\"contentUrl\":\"https:\/\/longchangchemical.com\/wp-content\/uploads\/2020\/08\/cropped-longchang-logo.png\",\"width\":512,\"height\":512,\"caption\":\"Longchang Chemical\"},\"image\":{\"@id\":\"https:\/\/longchangchemical.com\/#\/schema\/logo\/image\/\"}}]}<\/script>\n<!-- \/ Yoast SEO plugin. -->","yoast_head_json":{"title":"K\u00edna BP-3 \/ benzophenone-3 CAS 131-57-7 gy\u00e1rt\u00f3 - Longchang Chemical","description":"BP-3 \/ UV-9, k\u00e9miai neve Benzophenone-3; Oxybenzone, 2-hidroxi-4-metoxi-benzophenone, helyettes\u00edtheti Escalol 567; Eversorb 11, SpecAUV BP-3; Speedblock UV-9, UVINOL M40, Eusolex 4360; Lankromark LE296, ultraibolya abszorberk\u00e9nt haszn\u00e1lj\u00e1k, \u00e9s a Longchang Chemical kulcsfontoss\u00e1g\u00fa term\u00e9ke. Mi vagyunk a vezet\u0151 uv anyag gy\u00e1rt\u00f3ja \u00e9s sz\u00e1ll\u00edt\u00f3ja K\u00edn\u00e1ban a legjobb min\u0151s\u00e9ggel \u00e9s versenyk\u00e9pes \u00e1rral.","robots":{"index":"index","follow":"follow","max-snippet":"max-snippet:-1","max-image-preview":"max-image-preview:large","max-video-preview":"max-video-preview:-1"},"canonical":"https:\/\/longchangchemical.com\/hu\/product\/lcsorb-bp-3-cas-131-57-7\/","og_locale":"hu_HU","og_type":"article","og_title":"China BP-3 \/ benzophenone-3 CAS 131-57-7 Manufacturer - Longchang Chemical","og_description":"BP-3 \/ UV-9,chemical name is Benzophenone-3;Oxybenzone,2-hydroxy-4-methoxybenzophenone,can replace Escalol 567;Eversorb 11,SpecAUV BP-3;Speedblock UV-9,UVINOL M40,Eusolex 4360;Lankromark LE296,used as ultraviolet absorber and is the key product of Longchang Chemical. We are the leading uv material manufacturer and supplier in China with the best quanlity and competitive price.","og_url":"https:\/\/longchangchemical.com\/hu\/product\/lcsorb-bp-3-cas-131-57-7\/","og_site_name":"Longchang Chemical","article_modified_time":"2026-01-09T08:38:42+00:00","og_image":[{"width":600,"height":600,"url":"https:\/\/longchangchemical.com\/wp-content\/uploads\/2023\/05\/131-57-7.jpg","type":"image\/jpeg"}],"twitter_card":"summary_large_image","schema":{"@context":"https:\/\/schema.org","@graph":[{"@type":"WebPage","@id":"https:\/\/longchangchemical.com\/product\/lcsorb-bp-3-cas-131-57-7\/","url":"https:\/\/longchangchemical.com\/product\/lcsorb-bp-3-cas-131-57-7\/","name":"K\u00edna BP-3 \/ benzophenone-3 CAS 131-57-7 gy\u00e1rt\u00f3 - Longchang Chemical","isPartOf":{"@id":"https:\/\/longchangchemical.com\/#website"},"primaryImageOfPage":{"@id":"https:\/\/longchangchemical.com\/product\/lcsorb-bp-3-cas-131-57-7\/#primaryimage"},"image":{"@id":"https:\/\/longchangchemical.com\/product\/lcsorb-bp-3-cas-131-57-7\/#primaryimage"},"thumbnailUrl":"https:\/\/longchangchemical.com\/wp-content\/uploads\/2023\/05\/131-57-7.jpg","datePublished":"2023-05-07T15:06:32+00:00","dateModified":"2026-01-09T08:38:42+00:00","description":"BP-3 \/ UV-9, k\u00e9miai neve Benzophenone-3; Oxybenzone, 2-hidroxi-4-metoxi-benzophenone, helyettes\u00edtheti Escalol 567; Eversorb 11, SpecAUV BP-3; Speedblock UV-9, UVINOL M40, Eusolex 4360; Lankromark LE296, ultraibolya abszorberk\u00e9nt haszn\u00e1lj\u00e1k, \u00e9s a Longchang Chemical kulcsfontoss\u00e1g\u00fa term\u00e9ke. Mi vagyunk a vezet\u0151 uv anyag gy\u00e1rt\u00f3ja \u00e9s sz\u00e1ll\u00edt\u00f3ja K\u00edn\u00e1ban a legjobb min\u0151s\u00e9ggel \u00e9s versenyk\u00e9pes \u00e1rral.","breadcrumb":{"@id":"https:\/\/longchangchemical.com\/product\/lcsorb-bp-3-cas-131-57-7\/#breadcrumb"},"inLanguage":"hu","potentialAction":[{"@type":"ReadAction","target":["https:\/\/longchangchemical.com\/product\/lcsorb-bp-3-cas-131-57-7\/"]}]},{"@type":"ImageObject","inLanguage":"hu","@id":"https:\/\/longchangchemical.com\/product\/lcsorb-bp-3-cas-131-57-7\/#primaryimage","url":"https:\/\/longchangchemical.com\/wp-content\/uploads\/2023\/05\/131-57-7.jpg","contentUrl":"https:\/\/longchangchemical.com\/wp-content\/uploads\/2023\/05\/131-57-7.jpg","width":600,"height":600},{"@type":"BreadcrumbList","@id":"https:\/\/longchangchemical.com\/product\/lcsorb-bp-3-cas-131-57-7\/#breadcrumb","itemListElement":[{"@type":"ListItem","position":1,"name":"Home","item":"https:\/\/longchangchemical.com\/"},{"@type":"ListItem","position":2,"name":"Products Longchang","item":"https:\/\/longchangchemical.com\/product\/"},{"@type":"ListItem","position":3,"name":"CHLUMIUV\u00ae BP-3 \/ benzophenone-3 CAS 131-57-7"}]},{"@type":"WebSite","@id":"https:\/\/longchangchemical.com\/#website","url":"https:\/\/longchangchemical.com\/","name":"Longchang Chemical","description":"K\u00edna k\u00e9miai gy\u00e1rt\u00f3 \uff06 sz\u00e1ll\u00edt\u00f3","publisher":{"@id":"https:\/\/longchangchemical.com\/#organization"},"potentialAction":[{"@type":"SearchAction","target":{"@type":"EntryPoint","urlTemplate":"https:\/\/longchangchemical.com\/?s={search_term_string}"},"query-input":{"@type":"PropertyValueSpecification","valueRequired":true,"valueName":"search_term_string"}}],"inLanguage":"hu"},{"@type":"Organization","@id":"https:\/\/longchangchemical.com\/#organization","name":"Longchang Chemical","url":"https:\/\/longchangchemical.com\/","logo":{"@type":"ImageObject","inLanguage":"hu","@id":"https:\/\/longchangchemical.com\/#\/schema\/logo\/image\/","url":"https:\/\/longchangchemical.com\/wp-content\/uploads\/2020\/08\/cropped-longchang-logo.png","contentUrl":"https:\/\/longchangchemical.com\/wp-content\/uploads\/2020\/08\/cropped-longchang-logo.png","width":512,"height":512,"caption":"Longchang Chemical"},"image":{"@id":"https:\/\/longchangchemical.com\/#\/schema\/logo\/image\/"}}]}},"_links":{"self":[{"href":"https:\/\/longchangchemical.com\/hu\/wp-json\/wp\/v2\/product\/3721","targetHints":{"allow":["GET"]}}],"collection":[{"href":"https:\/\/longchangchemical.com\/hu\/wp-json\/wp\/v2\/product"}],"about":[{"href":"https:\/\/longchangchemical.com\/hu\/wp-json\/wp\/v2\/types\/product"}],"replies":[{"embeddable":true,"href":"https:\/\/longchangchemical.com\/hu\/wp-json\/wp\/v2\/comments?post=3721"}],"wp:featuredmedia":[{"embeddable":true,"href":"https:\/\/longchangchemical.com\/hu\/wp-json\/wp\/v2\/media\/7947"}],"wp:attachment":[{"href":"https:\/\/longchangchemical.com\/hu\/wp-json\/wp\/v2\/media?parent=3721"}],"wp:term":[{"taxonomy":"product_brand","embeddable":true,"href":"https:\/\/longchangchemical.com\/hu\/wp-json\/wp\/v2\/product_brand?post=3721"},{"taxonomy":"product_cat","embeddable":true,"href":"https:\/\/longchangchemical.com\/hu\/wp-json\/wp\/v2\/product_cat?post=3721"},{"taxonomy":"product_tag","embeddable":true,"href":"https:\/\/longchangchemical.com\/hu\/wp-json\/wp\/v2\/product_tag?post=3721"}],"curies":[{"name":"wp","href":"https:\/\/api.w.org\/{rel}","templated":true}]}}