{"id":3720,"date":"2023-05-18T13:22:11","date_gmt":"2023-05-18T13:22:11","guid":{"rendered":"https:\/\/longchangchemical.com\/?post_type=product&#038;p=3720"},"modified":"2026-01-09T06:40:13","modified_gmt":"2026-01-09T06:40:13","slug":"cas-5466-77-3","status":"publish","type":"product","link":"https:\/\/longchangchemical.com\/hu\/product\/cas-5466-77-3\/","title":{"rendered":"CHLUMIUV\u00ae Octyl 4-methoxycinnamate cas 5466-77-3"},"content":{"rendered":"<p>&nbsp;<\/p>\n<table class=\"table-1\" cellspacing=\"0\">\n<tbody>\n<tr>\n<td><strong>T\u00e9tel<\/strong><\/td>\n<td><strong>Specifik\u00e1ci\u00f3<\/strong><\/td>\n<td><strong>T\u00e9tel<\/strong><\/td>\n<td><strong>Specifik\u00e1ci\u00f3<\/strong><\/td>\n<\/tr>\n<tr>\n<td>Megjelen\u00e9s<\/td>\n<td>Sz\u00edntelen vagy vil\u00e1goss\u00e1rga folyad\u00e9k<\/td>\n<td>Peroxid-\u00e9rt\u00e9k<\/td>\n<td>1,0mg\/kg Max<\/td>\n<\/tr>\n<tr>\n<td>Szag<\/td>\n<td>Nagyon gyenge, jellegzetes<\/td>\n<td>Sz\u00edn (Hazen)<\/td>\n<td>70 Max<\/td>\n<\/tr>\n<tr>\n<td>A Azonos\u00edt\u00e1s IR 197F<\/td>\n<td>Meg kell felelnie<\/td>\n<td>A 1%\/1cm (310nm etanolban)<\/td>\n<td>850 perc<\/td>\n<\/tr>\n<tr>\n<td>B Azonos\u00edt\u00e1s UV 197U<\/td>\n<td>Meg kell felelnie<\/td>\n<td>Assay<\/td>\n<td>98.0%~108.0%<\/td>\n<\/tr>\n<tr>\n<td>Savass\u00e1g<\/td>\n<td>Legfeljebb 0,8 ml 0,1 N NaOH fogyaszthat\u00f3s\u00e1ga<\/td>\n<td>Tisztas\u00e1g (GC)<\/td>\n<td>98.0% Min<\/td>\n<\/tr>\n<tr>\n<td>Sav\u00e9rt\u00e9k<\/td>\n<td>\u22641,0 mg KOH\/g<\/td>\n<td>Egyedi szennyez\u0151d\u00e9s<\/td>\n<td>0,5g\/100g Max<\/td>\n<\/tr>\n<tr>\n<td>Fajlagos t\u00f6meg<\/td>\n<td>1.005-1.013<\/td>\n<td>\u00d6sszes szennyez\u0151d\u00e9s<\/td>\n<td>2.0g\/100g Max<\/td>\n<\/tr>\n<tr>\n<td>T\u00f6r\u00e9smutat\u00f3<\/td>\n<td>1.542-1.548<\/td>\n<td><\/td>\n<td><\/td>\n<\/tr>\n<\/tbody>\n<\/table>\n<p><strong>Octyl 4-methoxycinnamate Haszn\u00e1lat<\/strong><\/p>\n<p>1. Sz\u00e9les k\u00f6rben haszn\u00e1lt UV-B olajban old\u00f3d\u00f3 UV-abszorber a vil\u00e1gon; kiv\u00e1l\u00f3 biztons\u00e1g, vil\u00e1gszerte j\u00f3v\u00e1hagyva; k\u00f6nnyen alkalmazhat\u00f3 a k\u00fcl\u00f6nb\u00f6z\u0151 f\u00e9nyv\u00e9d\u0151 k\u00e9sz\u00edtm\u00e9nyekhez.<\/p>\n<p>2. M\u0171anyagok \u00e9s tint\u00e1k \u00f6reged\u00e9sg\u00e1tl\u00f3jak\u00e9nt \u00e9s ultraibolya abszorberk\u00e9nt haszn\u00e1lj\u00e1k az iparban.<\/p>\n<p>&nbsp;<\/p>\n<p><strong>Octyl 4-methoxycinnamate Csomagol\u00e1s<\/strong><\/p>\n<p>200kgs dobonk\u00e9nt 1x20FCL rakom\u00e1ny 80drums raklapokkal, \u00f6sszesen 16000kgs<\/p>\n<p>25kgs dobonk\u00e9nt, 32drums egy raklapba (800kgs) \u00f6sszesen 1x20FCL terhel\u00e9s 16000kgs<\/p>\n<p>De ez a kis dob csak 1-2 dobot tud sz\u00e1ll\u00edtani a minta megrendel\u00e9s\u00e9hez.<\/p>\n<h2><strong>L\u00e9pjen kapcsolatba vel\u00fcnk most!<\/strong><\/h2>\n<p><strong>Ha sz\u00fcks\u00e9ge van COA, MSDS vagy TDS a <span style=\"color: #00ccff;\"><a style=\"color: #00ccff;\" href=\"https:\/\/longchangchemical.com\/hu\/product-category\/lcsorb-uv-absorber\/\">UV-abszorber<\/a><\/span>K\u00e9rj\u00fck, t\u00f6ltse ki el\u00e9rhet\u0151s\u00e9g\u00e9t az al\u00e1bbi \u0171rlapon, \u00e1ltal\u00e1ban 24 \u00f3r\u00e1n bel\u00fcl felvessz\u00fck \u00d6nnel a kapcsolatot. \u00d6n is k\u00fcldhet nekem e-mailt <span style=\"color: #00ccff;\"><a style=\"color: #00ccff;\" href=\"mailto:info@longchangchemical.com\">info@longchangchemical.com<\/a> <\/span>munkaid\u0151ben ( 8:30-18:00 UTC+8 H.-Szombat ) vagy haszn\u00e1lja a weboldal \u00e9l\u0151 chatj\u00e9t, hogy azonnali v\u00e1laszt kapjon.<\/strong><\/p>","protected":false},"excerpt":{"rendered":"<p>K\u00e9miai n\u00e9v: Octyl 4-methoxycinnamate<\/p>\n<p>CAS: 5466-77-3<\/p>\n<p>Molekul\u00e1ris k\u00e9plet: C18H26O3<\/p>\n<p>Molekulat\u00f6meg:290,4<\/p>\n<p>K\u00e9miai szerkezet:<img decoding=\"async\" title=\"Oktil-4-metoxicinnam\u00e1t Szerkezet\" src=\"https:\/\/www.longchangchemical.com\/wp-content\/uploads\/product-details\/20200616109869.png\" alt=\"Oktil-4-metoxicinnam\u00e1t Szerkezet\" width=\"161\" height=\"127\" border=\"0\" vspace=\"0\" \/><\/p>\n<p>Megjelen\u00e9s: Sz\u00edntelen vagy tiszta s\u00e1rga folyad\u00e9k<\/p>\n<p>Pr\u00f3ba: 95.0%~105%<\/p>","protected":false},"featured_media":7935,"comment_status":"open","ping_status":"closed","template":"","meta":[],"product_brand":[],"product_cat":[139],"product_tag":[],"class_list":{"0":"post-3720","1":"product","2":"type-product","3":"status-publish","4":"has-post-thumbnail","6":"product_cat-lcsorb-uv-absorber","8":"first","9":"instock","10":"shipping-taxable","11":"product-type-simple"},"yoast_head":"<!-- This site is optimized with the Yoast SEO plugin v25.3.1 - https:\/\/yoast.com\/wordpress\/plugins\/seo\/ -->\n<title>China CHLUMIUV\u00ae Octyl 4-methoxycinnamate cas 5466-77-3 Manufacturer - Longchang Chemical<\/title>\n<meta name=\"description\" content=\"CHLUMIUV\u00ae Octyl 4-methoxycinnamate cas 5466-77-3 is a key product of Longchang Chemical. We provide the best price. We are the leading manufacturer in China with the best quality and competitive price.\" \/>\n<meta name=\"robots\" content=\"index, follow, max-snippet:-1, max-image-preview:large, max-video-preview:-1\" \/>\n<link rel=\"canonical\" href=\"https:\/\/longchangchemical.com\/hu\/product\/cas-5466-77-3\/\" \/>\n<meta property=\"og:locale\" content=\"hu_HU\" \/>\n<meta property=\"og:type\" content=\"article\" \/>\n<meta property=\"og:title\" content=\"China CHLUMIUV\u00ae Octyl 4-methoxycinnamate cas 5466-77-3 Manufacturer - Longchang Chemical\" \/>\n<meta property=\"og:description\" content=\"CHLUMIUV\u00ae Octyl 4-methoxycinnamate cas 5466-77-3 is a key product of Longchang Chemical. We provide the best price. We are the leading manufacturer in China with the best quality and competitive price.\" \/>\n<meta property=\"og:url\" content=\"https:\/\/longchangchemical.com\/hu\/product\/cas-5466-77-3\/\" \/>\n<meta property=\"og:site_name\" content=\"Longchang Chemical\" \/>\n<meta property=\"article:modified_time\" content=\"2026-01-09T06:40:13+00:00\" \/>\n<meta property=\"og:image\" content=\"https:\/\/longchangchemical.com\/wp-content\/uploads\/2023\/05\/5466-77-3.jpg\" \/>\n\t<meta property=\"og:image:width\" content=\"600\" \/>\n\t<meta property=\"og:image:height\" content=\"600\" \/>\n\t<meta property=\"og:image:type\" content=\"image\/jpeg\" \/>\n<meta name=\"twitter:card\" content=\"summary_large_image\" \/>\n<script type=\"application\/ld+json\" class=\"yoast-schema-graph\">{\"@context\":\"https:\/\/schema.org\",\"@graph\":[{\"@type\":\"WebPage\",\"@id\":\"https:\/\/longchangchemical.com\/product\/cas-5466-77-3\/\",\"url\":\"https:\/\/longchangchemical.com\/product\/cas-5466-77-3\/\",\"name\":\"China CHLUMIUV\u00ae Octyl 4-methoxycinnamate cas 5466-77-3 Manufacturer - Longchang Chemical\",\"isPartOf\":{\"@id\":\"https:\/\/longchangchemical.com\/#website\"},\"primaryImageOfPage\":{\"@id\":\"https:\/\/longchangchemical.com\/product\/cas-5466-77-3\/#primaryimage\"},\"image\":{\"@id\":\"https:\/\/longchangchemical.com\/product\/cas-5466-77-3\/#primaryimage\"},\"thumbnailUrl\":\"https:\/\/longchangchemical.com\/wp-content\/uploads\/2023\/05\/5466-77-3.jpg\",\"datePublished\":\"2023-05-18T13:22:11+00:00\",\"dateModified\":\"2026-01-09T06:40:13+00:00\",\"description\":\"CHLUMIUV\u00ae Octyl 4-methoxycinnamate cas 5466-77-3 is a key product of Longchang Chemical. We provide the best price. We are the leading manufacturer in China with the best quality and competitive price.\",\"breadcrumb\":{\"@id\":\"https:\/\/longchangchemical.com\/product\/cas-5466-77-3\/#breadcrumb\"},\"inLanguage\":\"hu\",\"potentialAction\":[{\"@type\":\"ReadAction\",\"target\":[\"https:\/\/longchangchemical.com\/product\/cas-5466-77-3\/\"]}]},{\"@type\":\"ImageObject\",\"inLanguage\":\"hu\",\"@id\":\"https:\/\/longchangchemical.com\/product\/cas-5466-77-3\/#primaryimage\",\"url\":\"https:\/\/longchangchemical.com\/wp-content\/uploads\/2023\/05\/5466-77-3.jpg\",\"contentUrl\":\"https:\/\/longchangchemical.com\/wp-content\/uploads\/2023\/05\/5466-77-3.jpg\",\"width\":600,\"height\":600},{\"@type\":\"BreadcrumbList\",\"@id\":\"https:\/\/longchangchemical.com\/product\/cas-5466-77-3\/#breadcrumb\",\"itemListElement\":[{\"@type\":\"ListItem\",\"position\":1,\"name\":\"Home\",\"item\":\"https:\/\/longchangchemical.com\/\"},{\"@type\":\"ListItem\",\"position\":2,\"name\":\"Products Longchang\",\"item\":\"https:\/\/longchangchemical.com\/product\/\"},{\"@type\":\"ListItem\",\"position\":3,\"name\":\"CHLUMIUV\u00ae Octyl 4-methoxycinnamate cas 5466-77-3\"}]},{\"@type\":\"WebSite\",\"@id\":\"https:\/\/longchangchemical.com\/#website\",\"url\":\"https:\/\/longchangchemical.com\/\",\"name\":\"Longchang Chemical\",\"description\":\"China chemical manufacturer \uff06 supplier\",\"publisher\":{\"@id\":\"https:\/\/longchangchemical.com\/#organization\"},\"potentialAction\":[{\"@type\":\"SearchAction\",\"target\":{\"@type\":\"EntryPoint\",\"urlTemplate\":\"https:\/\/longchangchemical.com\/?s={search_term_string}\"},\"query-input\":{\"@type\":\"PropertyValueSpecification\",\"valueRequired\":true,\"valueName\":\"search_term_string\"}}],\"inLanguage\":\"hu\"},{\"@type\":\"Organization\",\"@id\":\"https:\/\/longchangchemical.com\/#organization\",\"name\":\"Longchang Chemical\",\"url\":\"https:\/\/longchangchemical.com\/\",\"logo\":{\"@type\":\"ImageObject\",\"inLanguage\":\"hu\",\"@id\":\"https:\/\/longchangchemical.com\/#\/schema\/logo\/image\/\",\"url\":\"https:\/\/longchangchemical.com\/wp-content\/uploads\/2020\/08\/cropped-longchang-logo.png\",\"contentUrl\":\"https:\/\/longchangchemical.com\/wp-content\/uploads\/2020\/08\/cropped-longchang-logo.png\",\"width\":512,\"height\":512,\"caption\":\"Longchang Chemical\"},\"image\":{\"@id\":\"https:\/\/longchangchemical.com\/#\/schema\/logo\/image\/\"}}]}<\/script>\n<!-- \/ Yoast SEO plugin. -->","yoast_head_json":{"title":"K\u00edna CHLUMIUV\u00ae Octyl 4-methoxycinnamate cas 5466-77-3 gy\u00e1rt\u00f3 - Longchang Chemical","description":"A CHLUMIUV\u00ae Octyl 4-methoxycinnamate cas 5466-77-3 a Longchang Chemical egyik legfontosabb term\u00e9ke. A legjobb \u00e1rat biztos\u00edtjuk. Mi vagyunk a vezet\u0151 gy\u00e1rt\u00f3 K\u00edn\u00e1ban a legjobb min\u0151s\u00e9ggel \u00e9s versenyk\u00e9pes \u00e1rral.","robots":{"index":"index","follow":"follow","max-snippet":"max-snippet:-1","max-image-preview":"max-image-preview:large","max-video-preview":"max-video-preview:-1"},"canonical":"https:\/\/longchangchemical.com\/hu\/product\/cas-5466-77-3\/","og_locale":"hu_HU","og_type":"article","og_title":"China CHLUMIUV\u00ae Octyl 4-methoxycinnamate cas 5466-77-3 Manufacturer - Longchang Chemical","og_description":"CHLUMIUV\u00ae Octyl 4-methoxycinnamate cas 5466-77-3 is a key product of Longchang Chemical. We provide the best price. We are the leading manufacturer in China with the best quality and competitive price.","og_url":"https:\/\/longchangchemical.com\/hu\/product\/cas-5466-77-3\/","og_site_name":"Longchang Chemical","article_modified_time":"2026-01-09T06:40:13+00:00","og_image":[{"width":600,"height":600,"url":"https:\/\/longchangchemical.com\/wp-content\/uploads\/2023\/05\/5466-77-3.jpg","type":"image\/jpeg"}],"twitter_card":"summary_large_image","schema":{"@context":"https:\/\/schema.org","@graph":[{"@type":"WebPage","@id":"https:\/\/longchangchemical.com\/product\/cas-5466-77-3\/","url":"https:\/\/longchangchemical.com\/product\/cas-5466-77-3\/","name":"K\u00edna CHLUMIUV\u00ae Octyl 4-methoxycinnamate cas 5466-77-3 gy\u00e1rt\u00f3 - Longchang Chemical","isPartOf":{"@id":"https:\/\/longchangchemical.com\/#website"},"primaryImageOfPage":{"@id":"https:\/\/longchangchemical.com\/product\/cas-5466-77-3\/#primaryimage"},"image":{"@id":"https:\/\/longchangchemical.com\/product\/cas-5466-77-3\/#primaryimage"},"thumbnailUrl":"https:\/\/longchangchemical.com\/wp-content\/uploads\/2023\/05\/5466-77-3.jpg","datePublished":"2023-05-18T13:22:11+00:00","dateModified":"2026-01-09T06:40:13+00:00","description":"A CHLUMIUV\u00ae Octyl 4-methoxycinnamate cas 5466-77-3 a Longchang Chemical egyik legfontosabb term\u00e9ke. A legjobb \u00e1rat biztos\u00edtjuk. Mi vagyunk a vezet\u0151 gy\u00e1rt\u00f3 K\u00edn\u00e1ban a legjobb min\u0151s\u00e9ggel \u00e9s versenyk\u00e9pes \u00e1rral.","breadcrumb":{"@id":"https:\/\/longchangchemical.com\/product\/cas-5466-77-3\/#breadcrumb"},"inLanguage":"hu","potentialAction":[{"@type":"ReadAction","target":["https:\/\/longchangchemical.com\/product\/cas-5466-77-3\/"]}]},{"@type":"ImageObject","inLanguage":"hu","@id":"https:\/\/longchangchemical.com\/product\/cas-5466-77-3\/#primaryimage","url":"https:\/\/longchangchemical.com\/wp-content\/uploads\/2023\/05\/5466-77-3.jpg","contentUrl":"https:\/\/longchangchemical.com\/wp-content\/uploads\/2023\/05\/5466-77-3.jpg","width":600,"height":600},{"@type":"BreadcrumbList","@id":"https:\/\/longchangchemical.com\/product\/cas-5466-77-3\/#breadcrumb","itemListElement":[{"@type":"ListItem","position":1,"name":"Home","item":"https:\/\/longchangchemical.com\/"},{"@type":"ListItem","position":2,"name":"Products Longchang","item":"https:\/\/longchangchemical.com\/product\/"},{"@type":"ListItem","position":3,"name":"CHLUMIUV\u00ae Octyl 4-methoxycinnamate cas 5466-77-3"}]},{"@type":"WebSite","@id":"https:\/\/longchangchemical.com\/#website","url":"https:\/\/longchangchemical.com\/","name":"Longchang Chemical","description":"K\u00edna k\u00e9miai gy\u00e1rt\u00f3 \uff06 sz\u00e1ll\u00edt\u00f3","publisher":{"@id":"https:\/\/longchangchemical.com\/#organization"},"potentialAction":[{"@type":"SearchAction","target":{"@type":"EntryPoint","urlTemplate":"https:\/\/longchangchemical.com\/?s={search_term_string}"},"query-input":{"@type":"PropertyValueSpecification","valueRequired":true,"valueName":"search_term_string"}}],"inLanguage":"hu"},{"@type":"Organization","@id":"https:\/\/longchangchemical.com\/#organization","name":"Longchang Chemical","url":"https:\/\/longchangchemical.com\/","logo":{"@type":"ImageObject","inLanguage":"hu","@id":"https:\/\/longchangchemical.com\/#\/schema\/logo\/image\/","url":"https:\/\/longchangchemical.com\/wp-content\/uploads\/2020\/08\/cropped-longchang-logo.png","contentUrl":"https:\/\/longchangchemical.com\/wp-content\/uploads\/2020\/08\/cropped-longchang-logo.png","width":512,"height":512,"caption":"Longchang Chemical"},"image":{"@id":"https:\/\/longchangchemical.com\/#\/schema\/logo\/image\/"}}]}},"_links":{"self":[{"href":"https:\/\/longchangchemical.com\/hu\/wp-json\/wp\/v2\/product\/3720","targetHints":{"allow":["GET"]}}],"collection":[{"href":"https:\/\/longchangchemical.com\/hu\/wp-json\/wp\/v2\/product"}],"about":[{"href":"https:\/\/longchangchemical.com\/hu\/wp-json\/wp\/v2\/types\/product"}],"replies":[{"embeddable":true,"href":"https:\/\/longchangchemical.com\/hu\/wp-json\/wp\/v2\/comments?post=3720"}],"wp:featuredmedia":[{"embeddable":true,"href":"https:\/\/longchangchemical.com\/hu\/wp-json\/wp\/v2\/media\/7935"}],"wp:attachment":[{"href":"https:\/\/longchangchemical.com\/hu\/wp-json\/wp\/v2\/media?parent=3720"}],"wp:term":[{"taxonomy":"product_brand","embeddable":true,"href":"https:\/\/longchangchemical.com\/hu\/wp-json\/wp\/v2\/product_brand?post=3720"},{"taxonomy":"product_cat","embeddable":true,"href":"https:\/\/longchangchemical.com\/hu\/wp-json\/wp\/v2\/product_cat?post=3720"},{"taxonomy":"product_tag","embeddable":true,"href":"https:\/\/longchangchemical.com\/hu\/wp-json\/wp\/v2\/product_tag?post=3720"}],"curies":[{"name":"wp","href":"https:\/\/api.w.org\/{rel}","templated":true}]}}