{"id":3701,"date":"2021-04-25T07:03:26","date_gmt":"2021-04-25T07:03:26","guid":{"rendered":"https:\/\/longchangchemical.com\/?post_type=product&#038;p=3701"},"modified":"2026-05-08T02:59:35","modified_gmt":"2026-05-08T02:59:35","slug":"methylisothiazolinone-cas-2682-20-4","status":"publish","type":"product","link":"https:\/\/longchangchemical.com\/hu\/product\/methylisothiazolinone-cas-2682-20-4\/","title":{"rendered":"2-metil-4-izotiazolin-3-keton | metilizotiazolinon CAS 2682-20-4"},"content":{"rendered":"<h2><strong>2-metil-4-izotiazolin-3-keton | metilizotiazolinon CAS 2682-20-4<\/strong><\/h2>\n<table>\n<tbody>\n<tr>\n<td width=\"242\">\n<h4><strong><b>T\u00e9tel<\/b><\/strong><\/h4>\n<\/td>\n<td width=\"231\">\n<h4><strong><b>M\u0171szaki adatok<\/b><\/strong><\/h4>\n<\/td>\n<td width=\"227\">\n<h4><strong><b>Eredm\u00e9nyek<\/b><\/strong><\/h4>\n<\/td>\n<\/tr>\n<tr>\n<td width=\"242\">\n<h4>Megjelen\u00e9s<\/h4>\n<\/td>\n<td width=\"231\">\n<h4>Feh\u00e9r vagy t\u00f6rtfeh\u00e9r krist\u00e1lyos por<\/h4>\n<\/td>\n<td width=\"227\">\n<h4>Megfelel<\/h4>\n<\/td>\n<\/tr>\n<tr>\n<td width=\"242\">\n<h4>Pr\u00f3ba %<\/h4>\n<\/td>\n<td width=\"231\">\n<h4>\u226599<\/h4>\n<\/td>\n<td width=\"227\">\n<h4>99.58<\/h4>\n<\/td>\n<\/tr>\n<tr>\n<td width=\"242\">\n<h4>K\u00f6vetkeztet\u00e9s<\/h4>\n<\/td>\n<td colspan=\"2\" width=\"458\">\n<h4>Az eredm\u00e9nyek megfelelnek az Enterprise szabv\u00e1nyoknak<\/h4>\n<\/td>\n<\/tr>\n<\/tbody>\n<\/table>\n<p>&nbsp;<\/p>\n<h2><strong>Metilizotiazolinon Haszn\u00e1lat<\/strong><\/h2>\n<h4>1. A metilizotiazolinon egy \u00faj t\u00edpus\u00fa gomba\u00f6l\u0151 szer, amelyet Eur\u00f3p\u00e1b\u00f3l import\u00e1ltak haz\u00e1mba.<\/h4>\n<h4>2. Az izotiazolinon szerves anyag g\u00e1tolja a k\u00fcl\u00f6nb\u00f6z\u0151 mikroorganizmusok (p\u00e9ld\u00e1ul bakt\u00e9riumok, gomb\u00e1k, \u00e9leszt\u0151gomb\u00e1k stb.) n\u00f6veked\u00e9s\u00e9t \u00e9s szaporod\u00e1s\u00e1t, \u00e9s sz\u00e9les spektrum\u00fa gomba\u00f6l\u0151 szer, amelyet sz\u00e9les k\u00f6rben haszn\u00e1lnak.<\/h4>\n<h4>3. M\u00e1s t\u00edpus\u00fa gomba\u00f6l\u0151 szerekkel \u00f6sszehasonl\u00edtva a metilizotiazolinon el\u0151nye a nyilv\u00e1nval\u00f3 hat\u00e1s \u00e9s a gyors hat\u00e1s sebess\u00e9ge a mikroorganizmusok n\u00f6veked\u00e9s\u00e9nek \u00e9s anyagcser\u00e9j\u00e9nek szab\u00e1lyoz\u00e1s\u00e1ban, valamint a biofilmek kialakul\u00e1s\u00e1nak megakad\u00e1lyoz\u00e1s\u00e1ban.<\/h4>\n<h4>4. A kozmetikumokban a metilizotiazolinon aktivit\u00e1sa meglehet\u0151sen magas, \u00e9s a tart\u00f3ss\u00e1g nagyon j\u00f3. Magas biztons\u00e1goss\u00e1ga miatt a rezidens term\u00e9kekben t\u00e1mogathat\u00f3. Az arckr\u00e9mek, a f\u00e9nyv\u00e9d\u0151 b\u0151r\u00e1pol\u00e1si term\u00e9kek \u00e9s a zsebkend\u0151k, a kis t\u00f6r\u00fclk\u00f6z\u0151k \u00e9s a korp\u00e1sod\u00e1s elleni samponok mind hatalmas potenci\u00e1lis piaccal rendelkeznek. A metilizotiazolinont sz\u00e9les k\u00f6rben adj\u00e1k kozmetikai \u00e9s test\u00e1pol\u00e1si term\u00e9kekhez az eltarthat\u00f3s\u00e1gi id\u0151 meghosszabb\u00edt\u00e1sa \u00e9rdek\u00e9ben.<\/h4>\n<p>&nbsp;<\/p>\n<h2><strong>Metilizotiazolinon Csomagol\u00e1s \u00e9s sz\u00e1ll\u00edt\u00e1s<\/strong><\/h2>\n<h4>Csomagol\u00e1s: 1kg\/zs\u00e1k; 25kg\/zs\u00e1k\/dob<\/h4>\n<h4>Sz\u00e1ll\u00edt\u00e1s: tengeren\/leveg\u0151n DHL vagy Fedex.<\/h4>\n<p>&nbsp;<\/p>\n<h2><strong>Metilizotiazolinon t\u00e1rol\u00e1sa<\/strong><\/h2>\n<h4>Ezt a term\u00e9ket h\u0171v\u00f6s, sz\u00e1raz \u00e9s lez\u00e1rt tart\u00e1lyban vagy tart\u00e1lyban kell t\u00e1rolni. A t\u00e1rol\u00e1si rakt\u00e1rnak rendszeresen ki kell \u00fcr\u00edtenie, szell\u0151ztetnie \u00e9s ellen\u0151riznie kell, alacsony h\u0151m\u00e9rs\u00e9klet\u0171nek \u00e9s sz\u00e1raznak kell lennie, egy \u00e9vig 25\u00b0C-on.<\/h4>\n<p>&nbsp;<\/p>\n<h2><strong>Ugyanazon sorozat term\u00e9kei<\/strong><\/h2>\n<table style=\"border-collapse: collapse; width: 312.02pt;\" border=\"0\" width=\"416\" cellspacing=\"0\" cellpadding=\"0\">\n<tbody>\n<tr style=\"height: 54.00pt;\">\n<td class=\"et2\" style=\"height: 54.00pt; width: 201.75pt;\" width=\"269\" height=\"72\">\n<h4><a href=\"https:\/\/longchangchemical.com\/hu\/product\/isothiazolinones-cmit-mit-cas-26172-55-4\/\"><span style=\"color: #0000ff;\">Izotiazolinonok \/ CMIT-MIT<\/span><\/a><\/h4>\n<\/td>\n<td class=\"et2\" style=\"width: 110.25pt;\" width=\"147\">\n<h4>26172-55-4<\/h4>\n<\/td>\n<\/tr>\n<tr style=\"height: 40.50pt;\">\n<td class=\"et2\" style=\"height: 40.50pt; width: 201.75pt;\" width=\"269\" height=\"54\">\n<h4>Metilizotiazolinon<\/h4>\n<\/td>\n<td class=\"et2\" style=\"width: 110.25pt;\" width=\"147\">\n<h4>2682-20-4<\/h4>\n<\/td>\n<\/tr>\n<\/tbody>\n<\/table>\n<h2><\/h2>\n<h2><strong><b>L\u00e9pjen kapcsolatba vel\u00fcnk most!<\/b><\/strong><\/h2>\n<h4><strong><b>Egyedi szolg\u00e1ltat\u00e1sokat ny\u00fajtunk, \u00e1ltal\u00e1ban 24 \u00f3r\u00e1n bel\u00fcl felvessz\u00fck \u00d6nnel a kapcsolatot. A munkaid\u0151ben ( 8:30-18:00 UTC+8 H.~Szombat ) az info@longchangchemical.com e-mail c\u00edmen is k\u00fcldhet e-mailt, vagy haszn\u00e1lhatja a weboldal \u00e9l\u0151 chatj\u00e9t, hogy gyors v\u00e1laszt kapjon.<\/b><\/strong><\/h4>\n<p>&nbsp;<\/p>","protected":false},"excerpt":{"rendered":"<h4>K\u00e9miai n\u00e9v: 2-metil-4-izotiazolin-3-keton (MIT)<\/h4>\n<h4>Term\u00e9k neve:<\/h4>\n<h4>CAS-sz\u00e1m: 2682-20-4<\/h4>\n<h4>Molekul\u00e1ris fomula: C4H5NOS<\/h4>\n<h4>Molekulat\u00f6meg: 115,15<\/h4>\n<h4>K\u00e9miai szerkezet:<img decoding=\"async\" title=\"2-metil-4-izotiazolin-3-keton (MIT CAS 2682-20-4) Szerkezet\" src=\"https:\/\/www.longchangchemical.com\/wp-content\/uploads\/product-details\/20200612029756.png\" alt=\"2-metil-4-izotiazolin-3-keton (MIT CAS 2682-20-4) Szerkezet\" width=\"200\" height=\"74\" border=\"0\" vspace=\"0\" \/><\/h4>\n<h4>Megjelen\u00e9s: Feh\u00e9r vagy t\u00f6rtfeh\u00e9r krist\u00e1lyos por<\/h4>\n<h4>Pr\u00f3ba: 99%<\/h4>","protected":false},"featured_media":4548,"comment_status":"open","ping_status":"closed","template":"","meta":[],"product_brand":[],"product_cat":[69,109],"product_tag":[],"class_list":{"0":"post-3701","1":"product","2":"type-product","3":"status-publish","4":"has-post-thumbnail","6":"product_cat-catalysts-chemical-auxiliary-agents","7":"product_cat-water-treatment","9":"first","10":"instock","11":"shipping-taxable","12":"product-type-simple"},"yoast_head":"<!-- This site is optimized with the Yoast SEO plugin v25.3.1 - https:\/\/yoast.com\/wordpress\/plugins\/seo\/ -->\n<title>China Methylisothiazolinone Manufacturer \uff06 Supplier - Longchang chemical Co., Ltd.<\/title>\n<meta name=\"description\" content=\"Longchang Chemical is a leading manufacturer and supplier of Methylisothiazolinone in China. Buy Methylisothiazolinone in china. We can provide the best Methylisothiazolinone price.\" \/>\n<meta name=\"robots\" content=\"index, follow, max-snippet:-1, max-image-preview:large, max-video-preview:-1\" \/>\n<link rel=\"canonical\" href=\"https:\/\/longchangchemical.com\/hu\/product\/methylisothiazolinone-cas-2682-20-4\/\" \/>\n<meta property=\"og:locale\" content=\"hu_HU\" \/>\n<meta property=\"og:type\" content=\"article\" \/>\n<meta property=\"og:title\" content=\"China Methylisothiazolinone Manufacturer \uff06 Supplier - Longchang chemical Co., Ltd.\" \/>\n<meta property=\"og:description\" content=\"Longchang Chemical is a leading manufacturer and supplier of Methylisothiazolinone in China. Buy Methylisothiazolinone in china. We can provide the best Methylisothiazolinone price.\" \/>\n<meta property=\"og:url\" content=\"https:\/\/longchangchemical.com\/hu\/product\/methylisothiazolinone-cas-2682-20-4\/\" \/>\n<meta property=\"og:site_name\" content=\"Longchang Chemical\" \/>\n<meta property=\"article:modified_time\" content=\"2026-05-08T02:59:35+00:00\" \/>\n<meta property=\"og:image\" content=\"https:\/\/longchangchemical.com\/wp-content\/uploads\/2021\/01\/2-Methyl-4-Isothiazolin-3-Ketone-Appearance.jpg\" \/>\n\t<meta property=\"og:image:width\" content=\"600\" \/>\n\t<meta property=\"og:image:height\" content=\"800\" \/>\n\t<meta property=\"og:image:type\" content=\"image\/jpeg\" \/>\n<meta name=\"twitter:card\" content=\"summary_large_image\" \/>\n<script type=\"application\/ld+json\" class=\"yoast-schema-graph\">{\"@context\":\"https:\/\/schema.org\",\"@graph\":[{\"@type\":\"WebPage\",\"@id\":\"https:\/\/longchangchemical.com\/product\/methylisothiazolinone-cas-2682-20-4\/\",\"url\":\"https:\/\/longchangchemical.com\/product\/methylisothiazolinone-cas-2682-20-4\/\",\"name\":\"China Methylisothiazolinone Manufacturer \uff06 Supplier - Longchang chemical Co., Ltd.\",\"isPartOf\":{\"@id\":\"https:\/\/longchangchemical.com\/#website\"},\"primaryImageOfPage\":{\"@id\":\"https:\/\/longchangchemical.com\/product\/methylisothiazolinone-cas-2682-20-4\/#primaryimage\"},\"image\":{\"@id\":\"https:\/\/longchangchemical.com\/product\/methylisothiazolinone-cas-2682-20-4\/#primaryimage\"},\"thumbnailUrl\":\"https:\/\/longchangchemical.com\/wp-content\/uploads\/2021\/01\/2-Methyl-4-Isothiazolin-3-Ketone-Appearance.jpg\",\"datePublished\":\"2021-04-25T07:03:26+00:00\",\"dateModified\":\"2026-05-08T02:59:35+00:00\",\"description\":\"Longchang Chemical is a leading manufacturer and supplier of Methylisothiazolinone in China. Buy Methylisothiazolinone in china. We can provide the best Methylisothiazolinone price.\",\"breadcrumb\":{\"@id\":\"https:\/\/longchangchemical.com\/product\/methylisothiazolinone-cas-2682-20-4\/#breadcrumb\"},\"inLanguage\":\"hu\",\"potentialAction\":[{\"@type\":\"ReadAction\",\"target\":[\"https:\/\/longchangchemical.com\/product\/methylisothiazolinone-cas-2682-20-4\/\"]}]},{\"@type\":\"ImageObject\",\"inLanguage\":\"hu\",\"@id\":\"https:\/\/longchangchemical.com\/product\/methylisothiazolinone-cas-2682-20-4\/#primaryimage\",\"url\":\"https:\/\/longchangchemical.com\/wp-content\/uploads\/2021\/01\/2-Methyl-4-Isothiazolin-3-Ketone-Appearance.jpg\",\"contentUrl\":\"https:\/\/longchangchemical.com\/wp-content\/uploads\/2021\/01\/2-Methyl-4-Isothiazolin-3-Ketone-Appearance.jpg\",\"width\":600,\"height\":800},{\"@type\":\"BreadcrumbList\",\"@id\":\"https:\/\/longchangchemical.com\/product\/methylisothiazolinone-cas-2682-20-4\/#breadcrumb\",\"itemListElement\":[{\"@type\":\"ListItem\",\"position\":1,\"name\":\"Home\",\"item\":\"https:\/\/longchangchemical.com\/\"},{\"@type\":\"ListItem\",\"position\":2,\"name\":\"Products Longchang\",\"item\":\"https:\/\/longchangchemical.com\/product\/\"},{\"@type\":\"ListItem\",\"position\":3,\"name\":\"2-Methyl-4-Isothiazolin-3-Ketone | Methylisothiazolinone CAS 2682-20-4\"}]},{\"@type\":\"WebSite\",\"@id\":\"https:\/\/longchangchemical.com\/#website\",\"url\":\"https:\/\/longchangchemical.com\/\",\"name\":\"Longchang Chemical\",\"description\":\"China chemical manufacturer \uff06 supplier\",\"publisher\":{\"@id\":\"https:\/\/longchangchemical.com\/#organization\"},\"potentialAction\":[{\"@type\":\"SearchAction\",\"target\":{\"@type\":\"EntryPoint\",\"urlTemplate\":\"https:\/\/longchangchemical.com\/?s={search_term_string}\"},\"query-input\":{\"@type\":\"PropertyValueSpecification\",\"valueRequired\":true,\"valueName\":\"search_term_string\"}}],\"inLanguage\":\"hu\"},{\"@type\":\"Organization\",\"@id\":\"https:\/\/longchangchemical.com\/#organization\",\"name\":\"Longchang Chemical\",\"url\":\"https:\/\/longchangchemical.com\/\",\"logo\":{\"@type\":\"ImageObject\",\"inLanguage\":\"hu\",\"@id\":\"https:\/\/longchangchemical.com\/#\/schema\/logo\/image\/\",\"url\":\"https:\/\/longchangchemical.com\/wp-content\/uploads\/2020\/08\/cropped-longchang-logo.png\",\"contentUrl\":\"https:\/\/longchangchemical.com\/wp-content\/uploads\/2020\/08\/cropped-longchang-logo.png\",\"width\":512,\"height\":512,\"caption\":\"Longchang Chemical\"},\"image\":{\"@id\":\"https:\/\/longchangchemical.com\/#\/schema\/logo\/image\/\"}}]}<\/script>\n<!-- \/ Yoast SEO plugin. -->","yoast_head_json":{"title":"K\u00edna metilizotiazolinon gy\u00e1rt\u00f3 \uff06 sz\u00e1ll\u00edt\u00f3 - Longchang Chemical Co., Ltd., Ltd.","description":"A Longchang Chemical vezet\u0151 gy\u00e1rt\u00f3ja \u00e9s sz\u00e1ll\u00edt\u00f3ja a Methylisothiazolinone K\u00edn\u00e1ban. V\u00e1s\u00e1roljon metilizotiazolinont K\u00edn\u00e1ban. A legjobb Methylisothiazolinone \u00e1rat tudjuk biztos\u00edtani.","robots":{"index":"index","follow":"follow","max-snippet":"max-snippet:-1","max-image-preview":"max-image-preview:large","max-video-preview":"max-video-preview:-1"},"canonical":"https:\/\/longchangchemical.com\/hu\/product\/methylisothiazolinone-cas-2682-20-4\/","og_locale":"hu_HU","og_type":"article","og_title":"China Methylisothiazolinone Manufacturer \uff06 Supplier - Longchang chemical Co., Ltd.","og_description":"Longchang Chemical is a leading manufacturer and supplier of Methylisothiazolinone in China. Buy Methylisothiazolinone in china. We can provide the best Methylisothiazolinone price.","og_url":"https:\/\/longchangchemical.com\/hu\/product\/methylisothiazolinone-cas-2682-20-4\/","og_site_name":"Longchang Chemical","article_modified_time":"2026-05-08T02:59:35+00:00","og_image":[{"width":600,"height":800,"url":"https:\/\/longchangchemical.com\/wp-content\/uploads\/2021\/01\/2-Methyl-4-Isothiazolin-3-Ketone-Appearance.jpg","type":"image\/jpeg"}],"twitter_card":"summary_large_image","schema":{"@context":"https:\/\/schema.org","@graph":[{"@type":"WebPage","@id":"https:\/\/longchangchemical.com\/product\/methylisothiazolinone-cas-2682-20-4\/","url":"https:\/\/longchangchemical.com\/product\/methylisothiazolinone-cas-2682-20-4\/","name":"K\u00edna metilizotiazolinon gy\u00e1rt\u00f3 \uff06 sz\u00e1ll\u00edt\u00f3 - Longchang Chemical Co., Ltd., Ltd.","isPartOf":{"@id":"https:\/\/longchangchemical.com\/#website"},"primaryImageOfPage":{"@id":"https:\/\/longchangchemical.com\/product\/methylisothiazolinone-cas-2682-20-4\/#primaryimage"},"image":{"@id":"https:\/\/longchangchemical.com\/product\/methylisothiazolinone-cas-2682-20-4\/#primaryimage"},"thumbnailUrl":"https:\/\/longchangchemical.com\/wp-content\/uploads\/2021\/01\/2-Methyl-4-Isothiazolin-3-Ketone-Appearance.jpg","datePublished":"2021-04-25T07:03:26+00:00","dateModified":"2026-05-08T02:59:35+00:00","description":"A Longchang Chemical vezet\u0151 gy\u00e1rt\u00f3ja \u00e9s sz\u00e1ll\u00edt\u00f3ja a Methylisothiazolinone K\u00edn\u00e1ban. V\u00e1s\u00e1roljon metilizotiazolinont K\u00edn\u00e1ban. A legjobb Methylisothiazolinone \u00e1rat tudjuk biztos\u00edtani.","breadcrumb":{"@id":"https:\/\/longchangchemical.com\/product\/methylisothiazolinone-cas-2682-20-4\/#breadcrumb"},"inLanguage":"hu","potentialAction":[{"@type":"ReadAction","target":["https:\/\/longchangchemical.com\/product\/methylisothiazolinone-cas-2682-20-4\/"]}]},{"@type":"ImageObject","inLanguage":"hu","@id":"https:\/\/longchangchemical.com\/product\/methylisothiazolinone-cas-2682-20-4\/#primaryimage","url":"https:\/\/longchangchemical.com\/wp-content\/uploads\/2021\/01\/2-Methyl-4-Isothiazolin-3-Ketone-Appearance.jpg","contentUrl":"https:\/\/longchangchemical.com\/wp-content\/uploads\/2021\/01\/2-Methyl-4-Isothiazolin-3-Ketone-Appearance.jpg","width":600,"height":800},{"@type":"BreadcrumbList","@id":"https:\/\/longchangchemical.com\/product\/methylisothiazolinone-cas-2682-20-4\/#breadcrumb","itemListElement":[{"@type":"ListItem","position":1,"name":"Home","item":"https:\/\/longchangchemical.com\/"},{"@type":"ListItem","position":2,"name":"Products Longchang","item":"https:\/\/longchangchemical.com\/product\/"},{"@type":"ListItem","position":3,"name":"2-Methyl-4-Isothiazolin-3-Ketone | Methylisothiazolinone CAS 2682-20-4"}]},{"@type":"WebSite","@id":"https:\/\/longchangchemical.com\/#website","url":"https:\/\/longchangchemical.com\/","name":"Longchang Chemical","description":"K\u00edna k\u00e9miai gy\u00e1rt\u00f3 \uff06 sz\u00e1ll\u00edt\u00f3","publisher":{"@id":"https:\/\/longchangchemical.com\/#organization"},"potentialAction":[{"@type":"SearchAction","target":{"@type":"EntryPoint","urlTemplate":"https:\/\/longchangchemical.com\/?s={search_term_string}"},"query-input":{"@type":"PropertyValueSpecification","valueRequired":true,"valueName":"search_term_string"}}],"inLanguage":"hu"},{"@type":"Organization","@id":"https:\/\/longchangchemical.com\/#organization","name":"Longchang Chemical","url":"https:\/\/longchangchemical.com\/","logo":{"@type":"ImageObject","inLanguage":"hu","@id":"https:\/\/longchangchemical.com\/#\/schema\/logo\/image\/","url":"https:\/\/longchangchemical.com\/wp-content\/uploads\/2020\/08\/cropped-longchang-logo.png","contentUrl":"https:\/\/longchangchemical.com\/wp-content\/uploads\/2020\/08\/cropped-longchang-logo.png","width":512,"height":512,"caption":"Longchang Chemical"},"image":{"@id":"https:\/\/longchangchemical.com\/#\/schema\/logo\/image\/"}}]}},"_links":{"self":[{"href":"https:\/\/longchangchemical.com\/hu\/wp-json\/wp\/v2\/product\/3701","targetHints":{"allow":["GET"]}}],"collection":[{"href":"https:\/\/longchangchemical.com\/hu\/wp-json\/wp\/v2\/product"}],"about":[{"href":"https:\/\/longchangchemical.com\/hu\/wp-json\/wp\/v2\/types\/product"}],"replies":[{"embeddable":true,"href":"https:\/\/longchangchemical.com\/hu\/wp-json\/wp\/v2\/comments?post=3701"}],"wp:featuredmedia":[{"embeddable":true,"href":"https:\/\/longchangchemical.com\/hu\/wp-json\/wp\/v2\/media\/4548"}],"wp:attachment":[{"href":"https:\/\/longchangchemical.com\/hu\/wp-json\/wp\/v2\/media?parent=3701"}],"wp:term":[{"taxonomy":"product_brand","embeddable":true,"href":"https:\/\/longchangchemical.com\/hu\/wp-json\/wp\/v2\/product_brand?post=3701"},{"taxonomy":"product_cat","embeddable":true,"href":"https:\/\/longchangchemical.com\/hu\/wp-json\/wp\/v2\/product_cat?post=3701"},{"taxonomy":"product_tag","embeddable":true,"href":"https:\/\/longchangchemical.com\/hu\/wp-json\/wp\/v2\/product_tag?post=3701"}],"curies":[{"name":"wp","href":"https:\/\/api.w.org\/{rel}","templated":true}]}}