{"id":3648,"date":"2021-10-09T13:36:05","date_gmt":"2021-10-09T13:36:05","guid":{"rendered":"https:\/\/longchangchemical.com\/?post_type=product&#038;p=3648"},"modified":"2026-05-08T02:59:40","modified_gmt":"2026-05-08T02:59:40","slug":"phenolphthalein-cas-77-09-8","status":"publish","type":"product","link":"https:\/\/longchangchemical.com\/hu\/product\/phenolphthalein-cas-77-09-8\/","title":{"rendered":"Fenolftalein CAS 77-09-8"},"content":{"rendered":"<h2><strong>Fenolftalein CAS 77-09-8<\/strong><\/h2>\n<table class=\"table-1\" cellspacing=\"0\">\n<tbody>\n<tr>\n<td><strong>T\u00e9tel<\/strong><\/td>\n<td><strong>M\u0171szaki adatok<\/strong><\/td>\n<\/tr>\n<tr>\n<td>Jellemz\u0151k<\/td>\n<td>Feh\u00e9r vagy majdnem feh\u00e9r por, v\u00edzben gyakorlatilag nem old\u00f3dik, alkoholban old\u00f3dik.<\/td>\n<\/tr>\n<tr>\n<td>Olvad\u00e1spont<\/td>\n<td>K\u00f6r\u00fclbel\u00fcl 260 \u2103-on olvad meg<\/td>\n<\/tr>\n<tr>\n<td>Azonos\u00edt\u00e1s<\/td>\n<td>A: Pozit\u00edv B: Pozit\u00edv<\/td>\n<\/tr>\n<tr>\n<td>Az oldat megjelen\u00e9se<\/td>\n<td>Az oldat tiszta \u00e9s nem intenz\u00edvebb sz\u00edn\u0171, mint az Y7-es referenciaoldat.<\/td>\n<\/tr>\n<tr>\n<td>Kapcsol\u00f3d\u00f3 anyagok<\/td>\n<td>Kevesebb mint 0,5%<\/td>\n<\/tr>\n<tr>\n<td>Neh\u00e9zf\u00e9mek<\/td>\n<td>Legfeljebb0,001%<\/td>\n<\/tr>\n<tr>\n<td>Savass\u00e1g vagy l\u00fagoss\u00e1g<\/td>\n<td>Megfelel<\/td>\n<\/tr>\n<tr>\n<td>Kloridok<\/td>\n<td>Legfeljebb 0,01%<\/td>\n<\/tr>\n<tr>\n<td>Szulf\u00e1tok<\/td>\n<td>Legfeljebb 0,02%<\/td>\n<\/tr>\n<tr>\n<td>Sz\u00e1r\u00edt\u00e1si vesztes\u00e9g<\/td>\n<td>Legfeljebb 0,5%<\/td>\n<\/tr>\n<tr>\n<td>Szulf\u00e1tos hamu<\/td>\n<td>Legfeljebb 0,1%<\/td>\n<\/tr>\n<tr>\n<td>Assay<\/td>\n<td>98.0%-101.0%(C<sub>2<\/sub>OHi<sub>4<\/sub>O<sub>4<\/sub>)<\/td>\n<\/tr>\n<tr>\n<td rowspan=\"6\">Mikroorganizmus<\/td>\n<td>TPC&lt;1000cfu\/g<\/td>\n<\/tr>\n<tr>\n<td>Y \u00e9s M &lt;100cfu\/g<\/td>\n<\/tr>\n<tr>\n<td>E-coli - hi\u00e1nyzik<\/td>\n<\/tr>\n<tr>\n<td>Staphylococcus Aureus hi\u00e1nyzik<\/td>\n<\/tr>\n<tr>\n<td>Pseudomonas Aeruginosa-mentes<\/td>\n<\/tr>\n<tr>\n<td>Albicans Saccharomyces-hi\u00e1nyzik<\/td>\n<\/tr>\n<\/tbody>\n<\/table>\n<p>&nbsp;<\/p>\n<h2><strong>Fenolftalein felhaszn\u00e1l\u00e1sa<\/strong><\/h2>\n<p>1. A fenolftalein egy gyenge szerves sav. Szobah\u0151m\u00e9rs\u00e9kleten feh\u00e9r vagy enyh\u00e9n s\u00e1rg\u00e1s finom krist\u00e1lyok. Szagtalan \u00e9s \u00edztelen. V\u00edzben alig, alkoholban (etanolban) \u00e9s \u00e9terben azonban k\u00f6nnyen old\u00f3dik. Alkoholos oldatban oldva sav-b\u00e1zis indik\u00e1tor k\u00e9sz\u00edt\u00e9s\u00e9hez savas oldatban sz\u00edntelen, l\u00fagban vagy l\u00fagos f\u00e9mkarbon\u00e1t oldatban v\u00f6r\u00f6s, de ha t\u00f6m\u00e9ny l\u00fagos oldatban van, akkor sz\u00edntelen trimet\u00e1l keletkezik A s\u00f3, a v\u00f6r\u00f6s elhalv\u00e1nyul. Tekintettel erre a jellemz\u0151re, gyakran haszn\u00e1lj\u00e1k a sav-b\u00e1zis titr\u00e1l\u00e1s indik\u00e1torak\u00e9nt a laborat\u00f3riumokban. A PH-\u00e9rt\u00e9k sz\u00edntartom\u00e1nya 8,2\uff5e10,0, a sz\u00edntelent\u0151l a v\u00f6r\u00f6sig. Ha a fenolftalein reagens v\u00edzbe vagy semleges, savas vizes oldatba csepegtetj\u00fck, feh\u00e9r zavaross\u00e1g jelenik meg. Ennek oka, hogy az alkohol k\u00f6nnyen old\u00f3dik v\u00edzben, a v\u00edzben nehezen old\u00f3d\u00f3 fenolftalein pedig kicsap\u00f3dik a reagensben.<\/p>\n<p>2. Gy\u00f3gyszer\u00e9szeti \u00f6sszetev\u0151k: A fenolftaleint gy\u00f3gyszer\u00e9szeti k\u00f6nny\u0171 hashajt\u00f3k\u00e9nt haszn\u00e1lj\u00e1k a szok\u00e1sos \u00e9s tart\u00f3s sz\u00e9kreked\u00e9s eset\u00e9n. Tablett\u00e1kban, k\u00fapokban \u00e9s egy\u00e9b adagol\u00e1si form\u00e1kban kaphat\u00f3, f\u0151k\u00e9nt a vastagb\u00e9lben, a test boml\u00e1s\u00e1n kereszt\u00fcl oldhat\u00f3 n\u00e1triums\u00f3k k\u00e9pz\u0151d\u00e9s\u00e9re, a b\u00e9lfalban l\u00e9v\u0151 idegplexus stimul\u00e1l\u00e1s\u00e1ra, \u00edgy a perisztaltika n\u00f6vekszik \u00e9s el\u0151seg\u00edti a sz\u00e9klet\u00fcr\u00edt\u00e9st.<br \/>\n3. Szerves szint\u00e9zis: A fenolftaleint a m\u0171anyagok szint\u00e9zis\u00e9ben is haszn\u00e1lj\u00e1k, k\u00fcl\u00f6n\u00f6sen a diazanafton poliaril\u00e9ter-keton poliaril\u00e9ter-keton polimerek szint\u00e9zis\u00e9ben. Ezek a polimerek j\u00f3 h\u0151\u00e1ll\u00f3s\u00e1ggal, v\u00edz\u00e1ll\u00f3s\u00e1ggal, k\u00e9miai ellen\u00e1ll\u00e1ssal, h\u0151 \u00f6reged\u00e9si ellen\u00e1ll\u00e1ssal \u00e9s feldolgoz\u00e1ssal \u00e9s alak\u00edt\u00e1ssal rendelkeznek, sz\u00e1lakb\u00f3l, bevonatokb\u00f3l \u00e9s kompozitokb\u00f3l k\u00e9sz\u00fcltek, sz\u00e9les k\u00f6rben haszn\u00e1lj\u00e1k az elektromos \u00e9s elektronikus k\u00e9sz\u00fcl\u00e9kek, g\u00e9pek \u00e9s berendez\u00e9sek, a k\u00f6zleked\u00e9s, a l\u00e9gi k\u00f6zleked\u00e9s, az \u0171rkutat\u00e1s, az atomenergetika \u00e9s a katonai \u00e9s egy\u00e9b ter\u00fcleteken.<\/p>\n<p>4. K\u00e9miai elemz\u00e9s: A fenolftalein endokrin\u00e1tork\u00e9nt haszn\u00e1lhat\u00f3 a kulcsfontoss\u00e1g\u00fa savass\u00e1g kolok\u00e1lis meghat\u00e1roz\u00e1s\u00e1ra \u00e9s a magn\u00e9ziumionok kimutat\u00e1s\u00e1ra. A fenolftalein mint endokrin\u00e1tor jelezheti a k\u00ednai sav koncentr\u00e1ci\u00f3j\u00e1t. A magn\u00e9ziumionok kimutat\u00e1s\u00e1ban a fenolftalein jelezheti a magn\u00e9ziumionok jelenl\u00e9t\u00e9t \u00e9s koncentr\u00e1ci\u00f3j\u00e1t.<\/p>\n<p>5. Biok\u00e9miai nyomvonalak: A fenolftalein azonos\u00edt\u00f3k\u00e9nt haszn\u00e1lhat\u00f3 egyes biok\u00e9miai vizsg\u00e1latokhoz, amelyekkel a tulajdons\u00e1gok jelenl\u00e9t\u00e9t vagy hi\u00e1ny\u00e1t lehet kimutatni, pl. enzimreakci\u00f3k \u00e9s metabolikus aktivit\u00e1s jelenl\u00e9t\u00e9nek kimutat\u00e1sa.<\/p>\n<p>6. Gy\u00f3gyszerek \u00e9s pigmentek: A fenolftalein szintetikus vegy\u00fcletk\u00e9nt el\u0151\u00e1ll\u00edthat\u00f3 egyes szerves gy\u00f3gyszerekhez \u00e9s pigmentekhez. K\u00e9sz\u00edtm\u00e9nyk\u00e9nt felhaszn\u00e1lhat\u00f3 tekercsek \u00e9s m\u00e1s anyagok k\u00fcl\u00f6nb\u00f6z\u0151 sz\u00edn\u0171v\u00e9 t\u00e9tel\u00e9re.<\/p>\n<h2><strong>Fenolftalein Csomagol\u00e1s \u00e9s sz\u00e1ll\u00edt\u00e1s<\/strong><\/h2>\n<p>Rostdob,25kg<\/p>\n<p>&nbsp;<\/p>\n<h2><strong>Fenolftalein t\u00e1rol\u00e1sa<\/strong><\/h2>\n<p>H\u0171v\u00f6s, sz\u00e1raz helyen t\u00e1rolja.<\/p>\n<p>&nbsp;<\/p>\n<h2><strong><b>L\u00e9pjen kapcsolatba vel\u00fcnk most!<\/b><\/strong><\/h2>\n<h4><strong><b>Ha COA, MSDS vagy TDS-re van sz\u00fcks\u00e9ge, k\u00e9rj\u00fck, t\u00f6ltse ki el\u00e9rhet\u0151s\u00e9g\u00e9t az al\u00e1bbi \u0171rlapon, \u00e1ltal\u00e1ban 24 \u00f3r\u00e1n bel\u00fcl felvessz\u00fck \u00d6nnel a kapcsolatot. \u00d6n is k\u00fcldhet nekem e-mailt <span style=\"color: #0000ff;\"><a style=\"color: #0000ff;\" href=\"mailto:info@longchangchemical.com\">info@longchangchemical.com<\/a><\/span> munkaid\u0151ben ( 8:30-18:00 UTC+8 H.-Szombat ) vagy haszn\u00e1lja a weboldal \u00e9l\u0151 chatj\u00e9t, hogy azonnali v\u00e1laszt kapjon.<\/b><\/strong><\/h4>","protected":false},"excerpt":{"rendered":"<h4>K\u00e9miai n\u00e9v:<\/h4>\n<h4>CAS-sz\u00e1m: 77-09-8<\/h4>\n<h4>Molekul\u00e1ris fomula: C20H14O4<\/h4>\n<h4>K\u00e9miai szerkezet:<img decoding=\"async\" title=\"Fenolftalein szerkezet\" src=\"https:\/\/www.longchangchemical.com\/wp-content\/uploads\/product-details\/20200615068865.png\" alt=\"Fenolftalein szerkezet\" width=\"193\" height=\"168\" border=\"0\" vspace=\"0\" \/><\/h4>\n<h4>Molekulat\u00f6meg: 318,32<\/h4>\n<h4>Megjelen\u00e9s: Feh\u00e9r por, v\u00edzben gyakorlatilag nem old\u00f3dik, alkoholban old\u00f3dik.<\/h4>\n<h4>Pr\u00f3ba: 98.0%-101.0%(C2OHi4O4)<\/h4>","protected":false},"featured_media":4377,"comment_status":"open","ping_status":"closed","template":"","meta":[],"product_brand":[],"product_cat":[69],"product_tag":[],"class_list":{"0":"post-3648","1":"product","2":"type-product","3":"status-publish","4":"has-post-thumbnail","6":"product_cat-catalysts-chemical-auxiliary-agents","8":"first","9":"instock","10":"shipping-taxable","11":"product-type-simple"},"yoast_head":"<!-- This site is optimized with the Yoast SEO plugin v25.3.1 - https:\/\/yoast.com\/wordpress\/plugins\/seo\/ -->\n<title>China Phenolphthalein manufacturer - Longchang Chemical Co., Ltd.<\/title>\n<meta name=\"description\" content=\"China Phenolphthalein cas 77-09-8 manufacturer and suplier.\" \/>\n<meta name=\"robots\" content=\"index, follow, max-snippet:-1, max-image-preview:large, max-video-preview:-1\" \/>\n<link rel=\"canonical\" href=\"https:\/\/longchangchemical.com\/hu\/product\/phenolphthalein-cas-77-09-8\/\" \/>\n<meta property=\"og:locale\" content=\"hu_HU\" \/>\n<meta property=\"og:type\" content=\"article\" \/>\n<meta property=\"og:title\" content=\"China Phenolphthalein manufacturer - Longchang Chemical Co., Ltd.\" \/>\n<meta property=\"og:description\" content=\"China Phenolphthalein cas 77-09-8 manufacturer and suplier.\" \/>\n<meta property=\"og:url\" content=\"https:\/\/longchangchemical.com\/hu\/product\/phenolphthalein-cas-77-09-8\/\" \/>\n<meta property=\"og:site_name\" content=\"Longchang Chemical\" \/>\n<meta property=\"article:modified_time\" content=\"2026-05-08T02:59:40+00:00\" \/>\n<meta property=\"og:image\" content=\"https:\/\/longchangchemical.com\/wp-content\/uploads\/2021\/02\/Calcium-citrate-Appearance.jpg\" \/>\n\t<meta property=\"og:image:width\" content=\"600\" \/>\n\t<meta property=\"og:image:height\" content=\"800\" \/>\n\t<meta property=\"og:image:type\" content=\"image\/jpeg\" \/>\n<meta name=\"twitter:card\" content=\"summary_large_image\" \/>\n<script type=\"application\/ld+json\" class=\"yoast-schema-graph\">{\"@context\":\"https:\/\/schema.org\",\"@graph\":[{\"@type\":\"WebPage\",\"@id\":\"https:\/\/longchangchemical.com\/product\/phenolphthalein-cas-77-09-8\/\",\"url\":\"https:\/\/longchangchemical.com\/product\/phenolphthalein-cas-77-09-8\/\",\"name\":\"China Phenolphthalein manufacturer - Longchang Chemical Co., Ltd.\",\"isPartOf\":{\"@id\":\"https:\/\/longchangchemical.com\/#website\"},\"primaryImageOfPage\":{\"@id\":\"https:\/\/longchangchemical.com\/product\/phenolphthalein-cas-77-09-8\/#primaryimage\"},\"image\":{\"@id\":\"https:\/\/longchangchemical.com\/product\/phenolphthalein-cas-77-09-8\/#primaryimage\"},\"thumbnailUrl\":\"https:\/\/longchangchemical.com\/wp-content\/uploads\/2021\/02\/Calcium-citrate-Appearance.jpg\",\"datePublished\":\"2021-10-09T13:36:05+00:00\",\"dateModified\":\"2026-05-08T02:59:40+00:00\",\"description\":\"China Phenolphthalein cas 77-09-8 manufacturer and suplier.\",\"breadcrumb\":{\"@id\":\"https:\/\/longchangchemical.com\/product\/phenolphthalein-cas-77-09-8\/#breadcrumb\"},\"inLanguage\":\"hu\",\"potentialAction\":[{\"@type\":\"ReadAction\",\"target\":[\"https:\/\/longchangchemical.com\/product\/phenolphthalein-cas-77-09-8\/\"]}]},{\"@type\":\"ImageObject\",\"inLanguage\":\"hu\",\"@id\":\"https:\/\/longchangchemical.com\/product\/phenolphthalein-cas-77-09-8\/#primaryimage\",\"url\":\"https:\/\/longchangchemical.com\/wp-content\/uploads\/2021\/02\/Calcium-citrate-Appearance.jpg\",\"contentUrl\":\"https:\/\/longchangchemical.com\/wp-content\/uploads\/2021\/02\/Calcium-citrate-Appearance.jpg\",\"width\":600,\"height\":800,\"caption\":\"Calcium citrate Appearance\"},{\"@type\":\"BreadcrumbList\",\"@id\":\"https:\/\/longchangchemical.com\/product\/phenolphthalein-cas-77-09-8\/#breadcrumb\",\"itemListElement\":[{\"@type\":\"ListItem\",\"position\":1,\"name\":\"Home\",\"item\":\"https:\/\/longchangchemical.com\/\"},{\"@type\":\"ListItem\",\"position\":2,\"name\":\"Products Longchang\",\"item\":\"https:\/\/longchangchemical.com\/product\/\"},{\"@type\":\"ListItem\",\"position\":3,\"name\":\"Phenolphthalein CAS 77-09-8\"}]},{\"@type\":\"WebSite\",\"@id\":\"https:\/\/longchangchemical.com\/#website\",\"url\":\"https:\/\/longchangchemical.com\/\",\"name\":\"Longchang Chemical\",\"description\":\"China chemical manufacturer \uff06 supplier\",\"publisher\":{\"@id\":\"https:\/\/longchangchemical.com\/#organization\"},\"potentialAction\":[{\"@type\":\"SearchAction\",\"target\":{\"@type\":\"EntryPoint\",\"urlTemplate\":\"https:\/\/longchangchemical.com\/?s={search_term_string}\"},\"query-input\":{\"@type\":\"PropertyValueSpecification\",\"valueRequired\":true,\"valueName\":\"search_term_string\"}}],\"inLanguage\":\"hu\"},{\"@type\":\"Organization\",\"@id\":\"https:\/\/longchangchemical.com\/#organization\",\"name\":\"Longchang Chemical\",\"url\":\"https:\/\/longchangchemical.com\/\",\"logo\":{\"@type\":\"ImageObject\",\"inLanguage\":\"hu\",\"@id\":\"https:\/\/longchangchemical.com\/#\/schema\/logo\/image\/\",\"url\":\"https:\/\/longchangchemical.com\/wp-content\/uploads\/2020\/08\/cropped-longchang-logo.png\",\"contentUrl\":\"https:\/\/longchangchemical.com\/wp-content\/uploads\/2020\/08\/cropped-longchang-logo.png\",\"width\":512,\"height\":512,\"caption\":\"Longchang Chemical\"},\"image\":{\"@id\":\"https:\/\/longchangchemical.com\/#\/schema\/logo\/image\/\"}}]}<\/script>\n<!-- \/ Yoast SEO plugin. -->","yoast_head_json":{"title":"K\u00edna Phenolphthalein gy\u00e1rt\u00f3 - Longchang Chemical Co., Ltd.","description":"K\u00edna Phenolphthalein cas 77-09-8 gy\u00e1rt\u00f3 \u00e9s besz\u00e1ll\u00edt\u00f3.","robots":{"index":"index","follow":"follow","max-snippet":"max-snippet:-1","max-image-preview":"max-image-preview:large","max-video-preview":"max-video-preview:-1"},"canonical":"https:\/\/longchangchemical.com\/hu\/product\/phenolphthalein-cas-77-09-8\/","og_locale":"hu_HU","og_type":"article","og_title":"China Phenolphthalein manufacturer - Longchang Chemical Co., Ltd.","og_description":"China Phenolphthalein cas 77-09-8 manufacturer and suplier.","og_url":"https:\/\/longchangchemical.com\/hu\/product\/phenolphthalein-cas-77-09-8\/","og_site_name":"Longchang Chemical","article_modified_time":"2026-05-08T02:59:40+00:00","og_image":[{"width":600,"height":800,"url":"https:\/\/longchangchemical.com\/wp-content\/uploads\/2021\/02\/Calcium-citrate-Appearance.jpg","type":"image\/jpeg"}],"twitter_card":"summary_large_image","schema":{"@context":"https:\/\/schema.org","@graph":[{"@type":"WebPage","@id":"https:\/\/longchangchemical.com\/product\/phenolphthalein-cas-77-09-8\/","url":"https:\/\/longchangchemical.com\/product\/phenolphthalein-cas-77-09-8\/","name":"K\u00edna Phenolphthalein gy\u00e1rt\u00f3 - Longchang Chemical Co., Ltd.","isPartOf":{"@id":"https:\/\/longchangchemical.com\/#website"},"primaryImageOfPage":{"@id":"https:\/\/longchangchemical.com\/product\/phenolphthalein-cas-77-09-8\/#primaryimage"},"image":{"@id":"https:\/\/longchangchemical.com\/product\/phenolphthalein-cas-77-09-8\/#primaryimage"},"thumbnailUrl":"https:\/\/longchangchemical.com\/wp-content\/uploads\/2021\/02\/Calcium-citrate-Appearance.jpg","datePublished":"2021-10-09T13:36:05+00:00","dateModified":"2026-05-08T02:59:40+00:00","description":"K\u00edna Phenolphthalein cas 77-09-8 gy\u00e1rt\u00f3 \u00e9s besz\u00e1ll\u00edt\u00f3.","breadcrumb":{"@id":"https:\/\/longchangchemical.com\/product\/phenolphthalein-cas-77-09-8\/#breadcrumb"},"inLanguage":"hu","potentialAction":[{"@type":"ReadAction","target":["https:\/\/longchangchemical.com\/product\/phenolphthalein-cas-77-09-8\/"]}]},{"@type":"ImageObject","inLanguage":"hu","@id":"https:\/\/longchangchemical.com\/product\/phenolphthalein-cas-77-09-8\/#primaryimage","url":"https:\/\/longchangchemical.com\/wp-content\/uploads\/2021\/02\/Calcium-citrate-Appearance.jpg","contentUrl":"https:\/\/longchangchemical.com\/wp-content\/uploads\/2021\/02\/Calcium-citrate-Appearance.jpg","width":600,"height":800,"caption":"Calcium citrate Appearance"},{"@type":"BreadcrumbList","@id":"https:\/\/longchangchemical.com\/product\/phenolphthalein-cas-77-09-8\/#breadcrumb","itemListElement":[{"@type":"ListItem","position":1,"name":"Home","item":"https:\/\/longchangchemical.com\/"},{"@type":"ListItem","position":2,"name":"Products Longchang","item":"https:\/\/longchangchemical.com\/product\/"},{"@type":"ListItem","position":3,"name":"Phenolphthalein CAS 77-09-8"}]},{"@type":"WebSite","@id":"https:\/\/longchangchemical.com\/#website","url":"https:\/\/longchangchemical.com\/","name":"Longchang Chemical","description":"K\u00edna k\u00e9miai gy\u00e1rt\u00f3 \uff06 sz\u00e1ll\u00edt\u00f3","publisher":{"@id":"https:\/\/longchangchemical.com\/#organization"},"potentialAction":[{"@type":"SearchAction","target":{"@type":"EntryPoint","urlTemplate":"https:\/\/longchangchemical.com\/?s={search_term_string}"},"query-input":{"@type":"PropertyValueSpecification","valueRequired":true,"valueName":"search_term_string"}}],"inLanguage":"hu"},{"@type":"Organization","@id":"https:\/\/longchangchemical.com\/#organization","name":"Longchang Chemical","url":"https:\/\/longchangchemical.com\/","logo":{"@type":"ImageObject","inLanguage":"hu","@id":"https:\/\/longchangchemical.com\/#\/schema\/logo\/image\/","url":"https:\/\/longchangchemical.com\/wp-content\/uploads\/2020\/08\/cropped-longchang-logo.png","contentUrl":"https:\/\/longchangchemical.com\/wp-content\/uploads\/2020\/08\/cropped-longchang-logo.png","width":512,"height":512,"caption":"Longchang Chemical"},"image":{"@id":"https:\/\/longchangchemical.com\/#\/schema\/logo\/image\/"}}]}},"_links":{"self":[{"href":"https:\/\/longchangchemical.com\/hu\/wp-json\/wp\/v2\/product\/3648","targetHints":{"allow":["GET"]}}],"collection":[{"href":"https:\/\/longchangchemical.com\/hu\/wp-json\/wp\/v2\/product"}],"about":[{"href":"https:\/\/longchangchemical.com\/hu\/wp-json\/wp\/v2\/types\/product"}],"replies":[{"embeddable":true,"href":"https:\/\/longchangchemical.com\/hu\/wp-json\/wp\/v2\/comments?post=3648"}],"wp:featuredmedia":[{"embeddable":true,"href":"https:\/\/longchangchemical.com\/hu\/wp-json\/wp\/v2\/media\/4377"}],"wp:attachment":[{"href":"https:\/\/longchangchemical.com\/hu\/wp-json\/wp\/v2\/media?parent=3648"}],"wp:term":[{"taxonomy":"product_brand","embeddable":true,"href":"https:\/\/longchangchemical.com\/hu\/wp-json\/wp\/v2\/product_brand?post=3648"},{"taxonomy":"product_cat","embeddable":true,"href":"https:\/\/longchangchemical.com\/hu\/wp-json\/wp\/v2\/product_cat?post=3648"},{"taxonomy":"product_tag","embeddable":true,"href":"https:\/\/longchangchemical.com\/hu\/wp-json\/wp\/v2\/product_tag?post=3648"}],"curies":[{"name":"wp","href":"https:\/\/api.w.org\/{rel}","templated":true}]}}