{"id":3623,"date":"2021-04-24T06:06:16","date_gmt":"2021-04-24T06:06:16","guid":{"rendered":"https:\/\/longchangchemical.com\/?post_type=product&#038;p=3623"},"modified":"2025-12-22T09:18:58","modified_gmt":"2025-12-22T09:18:58","slug":"cas-21679-31-2","status":"publish","type":"product","link":"https:\/\/longchangchemical.com\/hu\/product\/cas-21679-31-2\/","title":{"rendered":"Kr\u00f3m(iii)-acetilaceton\u00e1t CAS 21679-31-2"},"content":{"rendered":"<h1><strong>Kr\u00f3m(iii)-acetilaceton\u00e1t CAS 21679-31-2<\/strong><\/h1>\n<table class=\"table-1\" cellspacing=\"0\">\n<tbody>\n<tr>\n<td>\n<h4>Megjelen\u00e9s<\/h4>\n<\/td>\n<td>\n<h4>J\u00f3 foly\u00e9konys\u00e1g\u00fa por<\/h4>\n<\/td>\n<\/tr>\n<tr>\n<td>\n<h4>Megjelen\u00e9s<\/h4>\n<\/td>\n<td>\n<h4>S\u00f6t\u00e9t lila-piros krist\u00e1lypor<\/h4>\n<\/td>\n<\/tr>\n<tr>\n<td>\n<h4>Pr\u00f3ba%<\/h4>\n<\/td>\n<td>\n<h4>\u226598.0<\/h4>\n<\/td>\n<\/tr>\n<tr>\n<td>\n<h4>Cr,%<\/h4>\n<\/td>\n<td>\n<h4>\u226514.7<\/h4>\n<\/td>\n<\/tr>\n<tr>\n<td>\n<h4>Olvad\u00e1spont<\/h4>\n<\/td>\n<td>\n<h4>212\u2103<\/h4>\n<\/td>\n<\/tr>\n<\/tbody>\n<\/table>\n<p>&nbsp;<\/p>\n<h2>Milyen t\u00edpus\u00fa gy\u00f3gyszer a kr\u00f3m(III)-acetilaceton\u00e1t?<\/h2>\n<h4>A kr\u00f3macetilaceton\u00e1t fontos k\u00e9miai k\u00f6ztes term\u00e9kk\u00e9nt egyed\u00fcl\u00e1ll\u00f3 fizikai \u00e9s k\u00e9miai tulajdons\u00e1gokkal rendelkezik. Lila sz\u00edn\u0171 krist\u00e1lyos por, v\u00edzben nem old\u00f3dik, toluolban \u00e9s ecetsavban old\u00f3dik.<\/h4>\n<p>&nbsp;<\/p>\n<h2><strong>Kr\u00f3m(III)-acetilaceton\u00e1t Felhaszn\u00e1l\u00e1s<\/strong><\/h2>\n<h4>1. A kr\u00f3m(III)-acetilaceton\u00e1t szerves szint\u00e9zis kataliz\u00e1tork\u00e9nt haszn\u00e1lhat\u00f3, p\u00e9ld\u00e1ul metakril\u00e1t oxid\u00e1l\u00e1s\u00e1ra, vagy szil\u00e1rd poliuret\u00e1n fel\u00fcleti jellemz\u0151inek m\u00f3dos\u00edt\u00e1s\u00e1ra.<\/h4>\n<h4>2. A kr\u00f3m(III)-acetilaceton\u00e1t haszn\u00e1lhat\u00f3 gyanta t\u00e9rh\u00e1l\u00f3s\u00edt\u00f3szerk\u00e9nt \u00e9s kem\u00e9ny\u00edt\u0151szerk\u00e9nt, k\u00e9miai lev\u00e1laszt\u00e1s kr\u00f3m, kr\u00f3m-oxid \u00e9s kr\u00f3m-nitrid film, alacsony sz\u00e9ntartalm\u00fa olefin polimeriz\u00e1ci\u00f3s kataliz\u00e1tor, k\u00e9miai adszorbens stb. el\u0151\u00e1ll\u00edt\u00e1s\u00e1ra.<\/h4>\n<h4>3. Ezenk\u00edv\u00fcl az is l\u00e1that\u00f3, hogy r\u00e9szt vesz a funkcion\u00e1lis anyagok szint\u00e9zis\u00e9ben \u00e9s m\u00f3dos\u00edt\u00e1s\u00e1ban, a nanoporok el\u0151\u00e1ll\u00edt\u00e1s\u00e1ban \u00e9s a gy\u00f3gy\u00e1szati \u00e9lelmiszerelemek kieg\u00e9sz\u00edt\u0151jek\u00e9nt.<\/h4>\n<p>&nbsp;<\/p>\n<h2><strong>Kr\u00f3m(III)-acetilaceton\u00e1t Csomagol\u00e1s \u00e9s sz\u00e1ll\u00edt\u00e1s<\/strong><\/h2>\n<h4>Csomagol\u00e1s: 1KG\/\u00fcveg; 25KG\/DRUM<\/h4>\n<p>&nbsp;<\/p>\n<h2><strong>Ugyanazon sorozat term\u00e9kei<\/strong><\/h2>\n<table style=\"border-collapse: collapse; width: 312.02pt;\" border=\"0\" width=\"416\" cellspacing=\"0\" cellpadding=\"0\">\n<tbody>\n<tr style=\"height: 67.50pt;\">\n<td class=\"et3\" style=\"height: 67.50pt; width: 201.75pt;\" width=\"269\" height=\"90\">\n<h4>Kr\u00f3m(III)-acetilaceton\u00e1t<\/h4>\n<\/td>\n<td class=\"et3\" style=\"width: 110.25pt;\" width=\"147\">\n<h4>21679-31-2<\/h4>\n<\/td>\n<\/tr>\n<tr style=\"height: 40.50pt;\">\n<td class=\"et4\" style=\"height: 40.50pt; width: 201.75pt;\" width=\"269\" height=\"54\">\n<h4><a href=\"https:\/\/longchangchemical.com\/hu\/product\/ferric-acetylacetonate\/\"><span style=\"color: #0000ff;\">Vas acetilaceton\u00e1t<\/span><\/a><\/h4>\n<\/td>\n<td class=\"et4\" style=\"width: 110.25pt;\" width=\"147\">\n<h4>14024-18-1<\/h4>\n<\/td>\n<\/tr>\n<\/tbody>\n<\/table>\n<h2><\/h2>\n<h2><strong>Kr\u00f3m(III)-acetilaceton\u00e1t T\u00e1rol\u00e1s<\/strong><\/h2>\n<h4>Tartsa a tart\u00e1lyt szorosan lez\u00e1rva, sz\u00e1raz \u00e9s j\u00f3l szell\u0151z\u0151 helyen.<\/h4>\n<h4>H\u0171v\u00f6s helyen t\u00e1rolja.<\/h4>\n<p>&nbsp;<\/p>\n<h2><strong><b>L\u00e9pjen kapcsolatba vel\u00fcnk most!<\/b><\/strong><\/h2>\n<h4><strong><b>Egyedi szolg\u00e1ltat\u00e1sokat ny\u00fajtunk, \u00e1ltal\u00e1ban 24 \u00f3r\u00e1n bel\u00fcl felvessz\u00fck \u00d6nnel a kapcsolatot. A munkaid\u0151ben ( 8:30-18:00 UTC+8 H.~Szombat ) az info@longchangchemical.com e-mail c\u00edmen is k\u00fcldhet e-mailt, vagy haszn\u00e1lhatja a weboldal \u00e9l\u0151 chatj\u00e9t, hogy gyors v\u00e1laszt kapjon.<\/b><\/strong><\/h4>\n<p>&nbsp;<\/p>","protected":false},"excerpt":{"rendered":"<h4>K\u00e9miai n\u00e9v: kr\u00f3m(III)-acetilaceton\u00e1t<\/h4>\n<h4>CAS-sz\u00e1m: 21679-31-2<\/h4>\n<h4>Molekul\u00e1ris k\u00e9plet: C15H21CrO6<\/h4>\n<h4>Molekulat\u00f6meg: 349,32<\/h4>\n<h4>Molekulaszerkezet:<img decoding=\"async\" title=\"Kr\u00f3m(III)-acetilaceton\u00e1t Szerkezet\" src=\"https:\/\/www.longchangchemical.com\/wp-content\/uploads\/product-details\/20200610056003.png\" alt=\"Kr\u00f3m(III)-acetilaceton\u00e1t Szerkezet\" width=\"138\" height=\"122\" border=\"0\" vspace=\"0\" \/><\/h4>\n<h4>Megjelen\u00e9s: S\u00f6t\u00e9tlila v\u00f6r\u00f6s krist\u00e1lypor<\/h4>","protected":false},"featured_media":4538,"comment_status":"open","ping_status":"closed","template":"","meta":[],"product_brand":[],"product_cat":[69],"product_tag":[],"class_list":{"0":"post-3623","1":"product","2":"type-product","3":"status-publish","4":"has-post-thumbnail","6":"product_cat-catalysts-chemical-auxiliary-agents","8":"first","9":"instock","10":"shipping-taxable","11":"product-type-simple"},"yoast_head":"<!-- This site is optimized with the Yoast SEO plugin v25.3.1 - https:\/\/yoast.com\/wordpress\/plugins\/seo\/ -->\n<title>China Chromium(III) acetylacetonate Manufacturer \uff06 Supplier - Longchang chemical Co., Ltd.<\/title>\n<meta name=\"description\" content=\"Longchang Chemical is a leading manufacturer and supplier of Chromium(III) acetylacetonate in China. Buy Chromium(III) acetylacetonate in china. We can provide the best Chromium(III) acetylacetonate price.\" \/>\n<meta name=\"robots\" content=\"index, follow, max-snippet:-1, max-image-preview:large, max-video-preview:-1\" \/>\n<link rel=\"canonical\" href=\"https:\/\/longchangchemical.com\/hu\/product\/cas-21679-31-2\/\" \/>\n<meta property=\"og:locale\" content=\"hu_HU\" \/>\n<meta property=\"og:type\" content=\"article\" \/>\n<meta property=\"og:title\" content=\"China Chromium(III) acetylacetonate Manufacturer \uff06 Supplier - Longchang chemical Co., Ltd.\" \/>\n<meta property=\"og:description\" content=\"Longchang Chemical is a leading manufacturer and supplier of Chromium(III) acetylacetonate in China. Buy Chromium(III) acetylacetonate in china. We can provide the best Chromium(III) acetylacetonate price.\" \/>\n<meta property=\"og:url\" content=\"https:\/\/longchangchemical.com\/hu\/product\/cas-21679-31-2\/\" \/>\n<meta property=\"og:site_name\" content=\"Longchang Chemical\" \/>\n<meta property=\"article:modified_time\" content=\"2025-12-22T09:18:58+00:00\" \/>\n<meta property=\"og:image\" content=\"https:\/\/longchangchemical.com\/wp-content\/uploads\/2021\/01\/ChromiumIII-acetylacetonate-Appearance.jpg\" \/>\n\t<meta property=\"og:image:width\" content=\"600\" \/>\n\t<meta property=\"og:image:height\" content=\"800\" \/>\n\t<meta property=\"og:image:type\" content=\"image\/jpeg\" \/>\n<meta name=\"twitter:card\" content=\"summary_large_image\" \/>\n<script type=\"application\/ld+json\" class=\"yoast-schema-graph\">{\"@context\":\"https:\/\/schema.org\",\"@graph\":[{\"@type\":\"WebPage\",\"@id\":\"https:\/\/longchangchemical.com\/product\/cas-21679-31-2\/\",\"url\":\"https:\/\/longchangchemical.com\/product\/cas-21679-31-2\/\",\"name\":\"China Chromium(III) acetylacetonate Manufacturer \uff06 Supplier - Longchang chemical Co., Ltd.\",\"isPartOf\":{\"@id\":\"https:\/\/longchangchemical.com\/#website\"},\"primaryImageOfPage\":{\"@id\":\"https:\/\/longchangchemical.com\/product\/cas-21679-31-2\/#primaryimage\"},\"image\":{\"@id\":\"https:\/\/longchangchemical.com\/product\/cas-21679-31-2\/#primaryimage\"},\"thumbnailUrl\":\"https:\/\/longchangchemical.com\/wp-content\/uploads\/2021\/01\/ChromiumIII-acetylacetonate-Appearance.jpg\",\"datePublished\":\"2021-04-24T06:06:16+00:00\",\"dateModified\":\"2025-12-22T09:18:58+00:00\",\"description\":\"Longchang Chemical is a leading manufacturer and supplier of Chromium(III) acetylacetonate in China. Buy Chromium(III) acetylacetonate in china. We can provide the best Chromium(III) acetylacetonate price.\",\"breadcrumb\":{\"@id\":\"https:\/\/longchangchemical.com\/product\/cas-21679-31-2\/#breadcrumb\"},\"inLanguage\":\"hu\",\"potentialAction\":[{\"@type\":\"ReadAction\",\"target\":[\"https:\/\/longchangchemical.com\/product\/cas-21679-31-2\/\"]}]},{\"@type\":\"ImageObject\",\"inLanguage\":\"hu\",\"@id\":\"https:\/\/longchangchemical.com\/product\/cas-21679-31-2\/#primaryimage\",\"url\":\"https:\/\/longchangchemical.com\/wp-content\/uploads\/2021\/01\/ChromiumIII-acetylacetonate-Appearance.jpg\",\"contentUrl\":\"https:\/\/longchangchemical.com\/wp-content\/uploads\/2021\/01\/ChromiumIII-acetylacetonate-Appearance.jpg\",\"width\":600,\"height\":800},{\"@type\":\"BreadcrumbList\",\"@id\":\"https:\/\/longchangchemical.com\/product\/cas-21679-31-2\/#breadcrumb\",\"itemListElement\":[{\"@type\":\"ListItem\",\"position\":1,\"name\":\"Home\",\"item\":\"https:\/\/longchangchemical.com\/\"},{\"@type\":\"ListItem\",\"position\":2,\"name\":\"Products Longchang\",\"item\":\"https:\/\/longchangchemical.com\/product\/\"},{\"@type\":\"ListItem\",\"position\":3,\"name\":\"Chromium(iii) acetylacetonate CAS 21679-31-2\"}]},{\"@type\":\"WebSite\",\"@id\":\"https:\/\/longchangchemical.com\/#website\",\"url\":\"https:\/\/longchangchemical.com\/\",\"name\":\"Longchang Chemical\",\"description\":\"China chemical manufacturer \uff06 supplier\",\"publisher\":{\"@id\":\"https:\/\/longchangchemical.com\/#organization\"},\"potentialAction\":[{\"@type\":\"SearchAction\",\"target\":{\"@type\":\"EntryPoint\",\"urlTemplate\":\"https:\/\/longchangchemical.com\/?s={search_term_string}\"},\"query-input\":{\"@type\":\"PropertyValueSpecification\",\"valueRequired\":true,\"valueName\":\"search_term_string\"}}],\"inLanguage\":\"hu\"},{\"@type\":\"Organization\",\"@id\":\"https:\/\/longchangchemical.com\/#organization\",\"name\":\"Longchang Chemical\",\"url\":\"https:\/\/longchangchemical.com\/\",\"logo\":{\"@type\":\"ImageObject\",\"inLanguage\":\"hu\",\"@id\":\"https:\/\/longchangchemical.com\/#\/schema\/logo\/image\/\",\"url\":\"https:\/\/longchangchemical.com\/wp-content\/uploads\/2020\/08\/cropped-longchang-logo.png\",\"contentUrl\":\"https:\/\/longchangchemical.com\/wp-content\/uploads\/2020\/08\/cropped-longchang-logo.png\",\"width\":512,\"height\":512,\"caption\":\"Longchang Chemical\"},\"image\":{\"@id\":\"https:\/\/longchangchemical.com\/#\/schema\/logo\/image\/\"}}]}<\/script>\n<!-- \/ Yoast SEO plugin. -->","yoast_head_json":{"title":"K\u00edna kr\u00f3m(III)-acetilaceton\u00e1t gy\u00e1rt\u00f3 \uff06 sz\u00e1ll\u00edt\u00f3 - Longchang Chemical Co., Ltd.","description":"A Longchang Chemical vezet\u0151 gy\u00e1rt\u00f3ja \u00e9s sz\u00e1ll\u00edt\u00f3ja a kr\u00f3m(III)-acetilaceton\u00e1tnak K\u00edn\u00e1ban. V\u00e1s\u00e1roljon kr\u00f3m(III)-acetilaceton\u00e1tot K\u00edn\u00e1ban. A legjobb kr\u00f3m(III)-acetilaceton\u00e1t \u00e1rat tudjuk biztos\u00edtani.","robots":{"index":"index","follow":"follow","max-snippet":"max-snippet:-1","max-image-preview":"max-image-preview:large","max-video-preview":"max-video-preview:-1"},"canonical":"https:\/\/longchangchemical.com\/hu\/product\/cas-21679-31-2\/","og_locale":"hu_HU","og_type":"article","og_title":"China Chromium(III) acetylacetonate Manufacturer \uff06 Supplier - Longchang chemical Co., Ltd.","og_description":"Longchang Chemical is a leading manufacturer and supplier of Chromium(III) acetylacetonate in China. Buy Chromium(III) acetylacetonate in china. We can provide the best Chromium(III) acetylacetonate price.","og_url":"https:\/\/longchangchemical.com\/hu\/product\/cas-21679-31-2\/","og_site_name":"Longchang Chemical","article_modified_time":"2025-12-22T09:18:58+00:00","og_image":[{"width":600,"height":800,"url":"https:\/\/longchangchemical.com\/wp-content\/uploads\/2021\/01\/ChromiumIII-acetylacetonate-Appearance.jpg","type":"image\/jpeg"}],"twitter_card":"summary_large_image","schema":{"@context":"https:\/\/schema.org","@graph":[{"@type":"WebPage","@id":"https:\/\/longchangchemical.com\/product\/cas-21679-31-2\/","url":"https:\/\/longchangchemical.com\/product\/cas-21679-31-2\/","name":"K\u00edna kr\u00f3m(III)-acetilaceton\u00e1t gy\u00e1rt\u00f3 \uff06 sz\u00e1ll\u00edt\u00f3 - Longchang Chemical Co., Ltd.","isPartOf":{"@id":"https:\/\/longchangchemical.com\/#website"},"primaryImageOfPage":{"@id":"https:\/\/longchangchemical.com\/product\/cas-21679-31-2\/#primaryimage"},"image":{"@id":"https:\/\/longchangchemical.com\/product\/cas-21679-31-2\/#primaryimage"},"thumbnailUrl":"https:\/\/longchangchemical.com\/wp-content\/uploads\/2021\/01\/ChromiumIII-acetylacetonate-Appearance.jpg","datePublished":"2021-04-24T06:06:16+00:00","dateModified":"2025-12-22T09:18:58+00:00","description":"A Longchang Chemical vezet\u0151 gy\u00e1rt\u00f3ja \u00e9s sz\u00e1ll\u00edt\u00f3ja a kr\u00f3m(III)-acetilaceton\u00e1tnak K\u00edn\u00e1ban. V\u00e1s\u00e1roljon kr\u00f3m(III)-acetilaceton\u00e1tot K\u00edn\u00e1ban. A legjobb kr\u00f3m(III)-acetilaceton\u00e1t \u00e1rat tudjuk biztos\u00edtani.","breadcrumb":{"@id":"https:\/\/longchangchemical.com\/product\/cas-21679-31-2\/#breadcrumb"},"inLanguage":"hu","potentialAction":[{"@type":"ReadAction","target":["https:\/\/longchangchemical.com\/product\/cas-21679-31-2\/"]}]},{"@type":"ImageObject","inLanguage":"hu","@id":"https:\/\/longchangchemical.com\/product\/cas-21679-31-2\/#primaryimage","url":"https:\/\/longchangchemical.com\/wp-content\/uploads\/2021\/01\/ChromiumIII-acetylacetonate-Appearance.jpg","contentUrl":"https:\/\/longchangchemical.com\/wp-content\/uploads\/2021\/01\/ChromiumIII-acetylacetonate-Appearance.jpg","width":600,"height":800},{"@type":"BreadcrumbList","@id":"https:\/\/longchangchemical.com\/product\/cas-21679-31-2\/#breadcrumb","itemListElement":[{"@type":"ListItem","position":1,"name":"Home","item":"https:\/\/longchangchemical.com\/"},{"@type":"ListItem","position":2,"name":"Products Longchang","item":"https:\/\/longchangchemical.com\/product\/"},{"@type":"ListItem","position":3,"name":"Chromium(iii) acetylacetonate CAS 21679-31-2"}]},{"@type":"WebSite","@id":"https:\/\/longchangchemical.com\/#website","url":"https:\/\/longchangchemical.com\/","name":"Longchang Chemical","description":"K\u00edna k\u00e9miai gy\u00e1rt\u00f3 \uff06 sz\u00e1ll\u00edt\u00f3","publisher":{"@id":"https:\/\/longchangchemical.com\/#organization"},"potentialAction":[{"@type":"SearchAction","target":{"@type":"EntryPoint","urlTemplate":"https:\/\/longchangchemical.com\/?s={search_term_string}"},"query-input":{"@type":"PropertyValueSpecification","valueRequired":true,"valueName":"search_term_string"}}],"inLanguage":"hu"},{"@type":"Organization","@id":"https:\/\/longchangchemical.com\/#organization","name":"Longchang Chemical","url":"https:\/\/longchangchemical.com\/","logo":{"@type":"ImageObject","inLanguage":"hu","@id":"https:\/\/longchangchemical.com\/#\/schema\/logo\/image\/","url":"https:\/\/longchangchemical.com\/wp-content\/uploads\/2020\/08\/cropped-longchang-logo.png","contentUrl":"https:\/\/longchangchemical.com\/wp-content\/uploads\/2020\/08\/cropped-longchang-logo.png","width":512,"height":512,"caption":"Longchang Chemical"},"image":{"@id":"https:\/\/longchangchemical.com\/#\/schema\/logo\/image\/"}}]}},"_links":{"self":[{"href":"https:\/\/longchangchemical.com\/hu\/wp-json\/wp\/v2\/product\/3623","targetHints":{"allow":["GET"]}}],"collection":[{"href":"https:\/\/longchangchemical.com\/hu\/wp-json\/wp\/v2\/product"}],"about":[{"href":"https:\/\/longchangchemical.com\/hu\/wp-json\/wp\/v2\/types\/product"}],"replies":[{"embeddable":true,"href":"https:\/\/longchangchemical.com\/hu\/wp-json\/wp\/v2\/comments?post=3623"}],"wp:featuredmedia":[{"embeddable":true,"href":"https:\/\/longchangchemical.com\/hu\/wp-json\/wp\/v2\/media\/4538"}],"wp:attachment":[{"href":"https:\/\/longchangchemical.com\/hu\/wp-json\/wp\/v2\/media?parent=3623"}],"wp:term":[{"taxonomy":"product_brand","embeddable":true,"href":"https:\/\/longchangchemical.com\/hu\/wp-json\/wp\/v2\/product_brand?post=3623"},{"taxonomy":"product_cat","embeddable":true,"href":"https:\/\/longchangchemical.com\/hu\/wp-json\/wp\/v2\/product_cat?post=3623"},{"taxonomy":"product_tag","embeddable":true,"href":"https:\/\/longchangchemical.com\/hu\/wp-json\/wp\/v2\/product_tag?post=3623"}],"curies":[{"name":"wp","href":"https:\/\/api.w.org\/{rel}","templated":true}]}}