{"id":3585,"date":"2021-04-24T06:38:39","date_gmt":"2021-04-24T06:38:39","guid":{"rendered":"https:\/\/longchangchemical.com\/?post_type=product&#038;p=3585"},"modified":"2025-12-22T09:16:42","modified_gmt":"2025-12-22T09:16:42","slug":"ferric-acetylacetonate","status":"publish","type":"product","link":"https:\/\/longchangchemical.com\/hu\/product\/ferric-acetylacetonate\/","title":{"rendered":"Vas acetilaceton\u00e1t CAS 14024-18-1"},"content":{"rendered":"<h1><strong>Vas acetilaceton\u00e1t CAS 14024-18-1<\/strong><\/h1>\n<table class=\"table-1\" cellspacing=\"0\">\n<tbody>\n<tr>\n<td>\n<h4>T\u00e9tel<\/h4>\n<\/td>\n<td>\n<h4>Index<\/h4>\n<\/td>\n<td>\n<h4>Eredm\u00e9nyek<\/h4>\n<\/td>\n<\/tr>\n<tr>\n<td>\n<h4>Megjelen\u00e9s<\/h4>\n<\/td>\n<td>\n<h4>V\u00f6r\u00f6s krist\u00e1ly<\/h4>\n<\/td>\n<td>\n<h4>V\u00f6r\u00f6s krist\u00e1ly<\/h4>\n<\/td>\n<\/tr>\n<tr>\n<td>\n<h4>Tartalom<\/h4>\n<\/td>\n<td>\n<h4>\u226598.00%<\/h4>\n<\/td>\n<td>\n<h4>99.1%<\/h4>\n<\/td>\n<\/tr>\n<tr>\n<td>\n<h4>Olvad\u00e1spont<\/h4>\n<\/td>\n<td>\n<h4>180-183\u2103<\/h4>\n<\/td>\n<td>\n<h4>megfelel\u0151<\/h4>\n<\/td>\n<\/tr>\n<tr>\n<td>\n<h4>V\u00edz<\/h4>\n<\/td>\n<td>\n<h4>\u22640,5%<\/h4>\n<\/td>\n<td>\n<h4>0.46<\/h4>\n<\/td>\n<\/tr>\n<tr>\n<td>\n<h4>K\u00f6vetkeztet\u00e9s<\/h4>\n<\/td>\n<td colspan=\"2\">\n<h4>Az eredm\u00e9nyek megfelelnek az Enterprise szabv\u00e1nyoknak<\/h4>\n<\/td>\n<\/tr>\n<\/tbody>\n<\/table>\n<p>&nbsp;<\/p>\n<h2>Milyen t\u00edpus\u00fa gy\u00f3gyszer a vasacetilaceton\u00e1t?<\/h2>\n<h4>A vas-acetilaceton\u00e1t egy k\u00e9miai anyag, v\u00f6r\u00f6s-narancs sz\u00edn\u0171, orthorombos krist\u00e1lyok, v\u00edzben \u00e9s hept\u00e1nban gyeng\u00e9n old\u00f3dik, etanolban, benzolban, kloroformban, acetonban \u00e9s \u00e9terben k\u00f6nnyen old\u00f3dik.<\/h4>\n<p>&nbsp;<\/p>\n<h2><strong>Vas acetilaceton\u00e1t Haszn\u00e1lat<\/strong><\/h2>\n<h4>1. A vas-acetilaceton\u00e1t szerves szint\u00e9zis kataliz\u00e1tork\u00e9nt haszn\u00e1lhat\u00f3 a Grignard-reakci\u00f3hoz sav-kloriddal ketonok el\u0151\u00e1ll\u00edt\u00e1s\u00e1ra.<\/h4>\n<h4>2. A vasacetilaceton\u00e1t felhaszn\u00e1lhat\u00f3 nagy krist\u00e1lyoss\u00e1g\u00fa (Zn,Fe)Fe2O4 v\u00e9konyr\u00e9tegek MOCVD prekurzorainak el\u0151\u00e1ll\u00edt\u00e1s\u00e1ra \u00e9s e v\u00e9konyr\u00e9tegek m\u00e1gneses tulajdons\u00e1gainak m\u00e9r\u00e9s\u00e9re.<\/h4>\n<h4>3. A vasacetilaceton\u00e1tot gyanta t\u00e9rh\u00e1l\u00f3s\u00edt\u00f3 szerk\u00e9nt \u00e9s kem\u00e9nyed\u00e9sgyors\u00edt\u00f3k\u00e9nt haszn\u00e1lj\u00e1k.<\/h4>\n<h4>4. A vasacetilaceton\u00e1tot f\u0171t\u0151olaj-adal\u00e9kanyagk\u00e9nt haszn\u00e1lj\u00e1k az adal\u00e9kanyagok ter\u00fclet\u00e9n a kenhet\u0151s\u00e9g \u00e9s az \u00e9ghet\u0151s\u00e9g jav\u00edt\u00e1s\u00e1ra. K\u0151olajkrakkol\u00f3 kataliz\u00e1tork\u00e9nt \u00e9s gumiadal\u00e9kk\u00e9nt is haszn\u00e1lhat\u00f3.<\/h4>\n<h4>5. A vasacetilaceton\u00e1t szervetlen f\u00e9ny\u00e9rz\u00e9keny\u00edt\u0151k\u00e9nt haszn\u00e1lhat\u00f3 a m\u0171anyagok lebont\u00e1s\u00e1ra.<\/h4>\n<p>&nbsp;<\/p>\n<h2><strong>Vas acetilaceton\u00e1t Csomagol\u00e1s \u00e9s sz\u00e1ll\u00edt\u00e1s<\/strong><\/h2>\n<h4>Csomagol\u00e1s: 1kg\/\u00fcveg; 25kg\/dob<\/h4>\n<h4>Sz\u00e1ll\u00edt\u00e1s: tengeri, l\u00e9gi \u00e9s fut\u00e1rszolg\u00e1lattal<\/h4>\n<h4><\/h4>\n<h2><strong>Vas acetilaceton\u00e1t T\u00e1rol\u00e1s<\/strong><\/h2>\n<h4>Rakt\u00e1ri szell\u0151ztet\u00e9s \u00e9s alacsony h\u0151m\u00e9rs\u00e9klet\u0171 sz\u00e1r\u00edt\u00e1s; T\u00e1rolja oxid\u00e1l\u00f3szert\u0151l, savt\u00f3l \u00e9s \u00e9lelmiszer-adal\u00e9kt\u00f3l elk\u00fcl\u00f6n\u00edtve.<\/h4>\n<p>&nbsp;<\/p>\n<h2><strong>Ugyanazon sorozat term\u00e9kei<\/strong><\/h2>\n<table style=\"border-collapse: collapse; width: 312.02pt;\" border=\"0\" width=\"416\" cellspacing=\"0\" cellpadding=\"0\">\n<tbody>\n<tr style=\"height: 67.50pt;\">\n<td class=\"et3\" style=\"height: 67.50pt; width: 201.75pt;\" width=\"269\" height=\"90\">\n<h4><a href=\"https:\/\/longchangchemical.com\/hu\/product\/cas-21679-31-2\/\"><span style=\"color: #3366ff;\">Kr\u00f3m(III)-acetilaceton\u00e1t<\/span><\/a><\/h4>\n<\/td>\n<td class=\"et3\" style=\"width: 110.25pt;\" width=\"147\">\n<h4>21679-31-2<\/h4>\n<\/td>\n<\/tr>\n<tr style=\"height: 40.50pt;\">\n<td class=\"et4\" style=\"height: 40.50pt; width: 201.75pt;\" width=\"269\" height=\"54\">\n<h4>Vas acetilaceton\u00e1t<\/h4>\n<\/td>\n<td class=\"et4\" style=\"width: 110.25pt;\" width=\"147\">\n<h4>14024-18-1<\/h4>\n<\/td>\n<\/tr>\n<\/tbody>\n<\/table>\n<p>&nbsp;<\/p>\n<h2><strong><b>L\u00e9pjen kapcsolatba vel\u00fcnk most!<\/b><\/strong><\/h2>\n<h4><strong><b>Egyedi szolg\u00e1ltat\u00e1sokat ny\u00fajtunk, \u00e1ltal\u00e1ban 24 \u00f3r\u00e1n bel\u00fcl felvessz\u00fck \u00d6nnel a kapcsolatot. A munkaid\u0151ben ( 8:30-18:00 UTC+8 H.~Szombat ) az info@longchangchemical.com e-mail c\u00edmen is k\u00fcldhet e-mailt, vagy haszn\u00e1lhatja a weboldal \u00e9l\u0151 chatj\u00e9t, hogy gyors v\u00e1laszt kapjon.<\/b><\/strong><\/h4>\n<p>&nbsp;<\/p>","protected":false},"excerpt":{"rendered":"<h4>K\u00e9miai n\u00e9v: Acetilaceton\u00e1t<\/h4>\n<h4>CAS-sz\u00e1m: 14024-18-1<\/h4>\n<h4>Molekula k\u00e9plet:C15H21FeO6<\/h4>\n<h4>Molekulat\u00f6meg: 353,17<\/h4>\n<h4>Megjelen\u00e9s: V\u00f6r\u00f6s krist\u00e1ly<\/h4>\n<h4>Pr\u00f3ba: 98%<\/h4>","protected":false},"featured_media":4542,"comment_status":"open","ping_status":"closed","template":"","meta":[],"product_brand":[],"product_cat":[69],"product_tag":[],"class_list":{"0":"post-3585","1":"product","2":"type-product","3":"status-publish","4":"has-post-thumbnail","6":"product_cat-catalysts-chemical-auxiliary-agents","8":"first","9":"instock","10":"shipping-taxable","11":"product-type-simple"},"yoast_head":"<!-- This site is optimized with the Yoast SEO plugin v25.3.1 - https:\/\/yoast.com\/wordpress\/plugins\/seo\/ -->\n<title>China Ferric acetylacetonate Manufacturer \uff06 Supplier - Longchang chemical Co., Ltd.<\/title>\n<meta name=\"description\" content=\"Longchang Chemical is a leading manufacturer and supplier of Ferric acetylacetonate in China. Buy Ferric acetylacetonate in china. We can provide the best Ferric acetylacetonate price.\" \/>\n<meta name=\"robots\" content=\"index, follow, max-snippet:-1, max-image-preview:large, max-video-preview:-1\" \/>\n<link rel=\"canonical\" href=\"https:\/\/longchangchemical.com\/hu\/product\/ferric-acetylacetonate\/\" \/>\n<meta property=\"og:locale\" content=\"hu_HU\" \/>\n<meta property=\"og:type\" content=\"article\" \/>\n<meta property=\"og:title\" content=\"China Ferric acetylacetonate Manufacturer \uff06 Supplier - Longchang chemical Co., Ltd.\" \/>\n<meta property=\"og:description\" content=\"Longchang Chemical is a leading manufacturer and supplier of Ferric acetylacetonate in China. Buy Ferric acetylacetonate in china. We can provide the best Ferric acetylacetonate price.\" \/>\n<meta property=\"og:url\" content=\"https:\/\/longchangchemical.com\/hu\/product\/ferric-acetylacetonate\/\" \/>\n<meta property=\"og:site_name\" content=\"Longchang Chemical\" \/>\n<meta property=\"article:modified_time\" content=\"2025-12-22T09:16:42+00:00\" \/>\n<meta property=\"og:image\" content=\"https:\/\/longchangchemical.com\/wp-content\/uploads\/2021\/01\/Appearance-19.jpg\" \/>\n\t<meta property=\"og:image:width\" content=\"600\" \/>\n\t<meta property=\"og:image:height\" content=\"800\" \/>\n\t<meta property=\"og:image:type\" content=\"image\/jpeg\" \/>\n<meta name=\"twitter:card\" content=\"summary_large_image\" \/>\n<script type=\"application\/ld+json\" class=\"yoast-schema-graph\">{\"@context\":\"https:\/\/schema.org\",\"@graph\":[{\"@type\":\"WebPage\",\"@id\":\"https:\/\/longchangchemical.com\/product\/ferric-acetylacetonate\/\",\"url\":\"https:\/\/longchangchemical.com\/product\/ferric-acetylacetonate\/\",\"name\":\"China Ferric acetylacetonate Manufacturer \uff06 Supplier - Longchang chemical Co., Ltd.\",\"isPartOf\":{\"@id\":\"https:\/\/longchangchemical.com\/#website\"},\"primaryImageOfPage\":{\"@id\":\"https:\/\/longchangchemical.com\/product\/ferric-acetylacetonate\/#primaryimage\"},\"image\":{\"@id\":\"https:\/\/longchangchemical.com\/product\/ferric-acetylacetonate\/#primaryimage\"},\"thumbnailUrl\":\"https:\/\/longchangchemical.com\/wp-content\/uploads\/2021\/01\/Appearance-19.jpg\",\"datePublished\":\"2021-04-24T06:38:39+00:00\",\"dateModified\":\"2025-12-22T09:16:42+00:00\",\"description\":\"Longchang Chemical is a leading manufacturer and supplier of Ferric acetylacetonate in China. Buy Ferric acetylacetonate in china. We can provide the best Ferric acetylacetonate price.\",\"breadcrumb\":{\"@id\":\"https:\/\/longchangchemical.com\/product\/ferric-acetylacetonate\/#breadcrumb\"},\"inLanguage\":\"hu\",\"potentialAction\":[{\"@type\":\"ReadAction\",\"target\":[\"https:\/\/longchangchemical.com\/product\/ferric-acetylacetonate\/\"]}]},{\"@type\":\"ImageObject\",\"inLanguage\":\"hu\",\"@id\":\"https:\/\/longchangchemical.com\/product\/ferric-acetylacetonate\/#primaryimage\",\"url\":\"https:\/\/longchangchemical.com\/wp-content\/uploads\/2021\/01\/Appearance-19.jpg\",\"contentUrl\":\"https:\/\/longchangchemical.com\/wp-content\/uploads\/2021\/01\/Appearance-19.jpg\",\"width\":600,\"height\":800,\"caption\":\"Ferric acetylacetonate Appearance\"},{\"@type\":\"BreadcrumbList\",\"@id\":\"https:\/\/longchangchemical.com\/product\/ferric-acetylacetonate\/#breadcrumb\",\"itemListElement\":[{\"@type\":\"ListItem\",\"position\":1,\"name\":\"Home\",\"item\":\"https:\/\/longchangchemical.com\/\"},{\"@type\":\"ListItem\",\"position\":2,\"name\":\"Products Longchang\",\"item\":\"https:\/\/longchangchemical.com\/product\/\"},{\"@type\":\"ListItem\",\"position\":3,\"name\":\"Ferric acetylacetonate CAS 14024-18-1\"}]},{\"@type\":\"WebSite\",\"@id\":\"https:\/\/longchangchemical.com\/#website\",\"url\":\"https:\/\/longchangchemical.com\/\",\"name\":\"Longchang Chemical\",\"description\":\"China chemical manufacturer \uff06 supplier\",\"publisher\":{\"@id\":\"https:\/\/longchangchemical.com\/#organization\"},\"potentialAction\":[{\"@type\":\"SearchAction\",\"target\":{\"@type\":\"EntryPoint\",\"urlTemplate\":\"https:\/\/longchangchemical.com\/?s={search_term_string}\"},\"query-input\":{\"@type\":\"PropertyValueSpecification\",\"valueRequired\":true,\"valueName\":\"search_term_string\"}}],\"inLanguage\":\"hu\"},{\"@type\":\"Organization\",\"@id\":\"https:\/\/longchangchemical.com\/#organization\",\"name\":\"Longchang Chemical\",\"url\":\"https:\/\/longchangchemical.com\/\",\"logo\":{\"@type\":\"ImageObject\",\"inLanguage\":\"hu\",\"@id\":\"https:\/\/longchangchemical.com\/#\/schema\/logo\/image\/\",\"url\":\"https:\/\/longchangchemical.com\/wp-content\/uploads\/2020\/08\/cropped-longchang-logo.png\",\"contentUrl\":\"https:\/\/longchangchemical.com\/wp-content\/uploads\/2020\/08\/cropped-longchang-logo.png\",\"width\":512,\"height\":512,\"caption\":\"Longchang Chemical\"},\"image\":{\"@id\":\"https:\/\/longchangchemical.com\/#\/schema\/logo\/image\/\"}}]}<\/script>\n<!-- \/ Yoast SEO plugin. -->","yoast_head_json":{"title":"K\u00edna Vas acetilaceton\u00e1t gy\u00e1rt\u00f3 \uff06 sz\u00e1ll\u00edt\u00f3 - Longchang Chemical Co., Ltd.","description":"A Longchang Chemical vezet\u0151 gy\u00e1rt\u00f3ja \u00e9s sz\u00e1ll\u00edt\u00f3ja a Vas acetilaceton\u00e1tnak K\u00edn\u00e1ban. V\u00e1s\u00e1roljon vas acetilaceton\u00e1tot K\u00edn\u00e1ban. A legjobb vas acetilaceton\u00e1t \u00e1rat tudjuk biztos\u00edtani.","robots":{"index":"index","follow":"follow","max-snippet":"max-snippet:-1","max-image-preview":"max-image-preview:large","max-video-preview":"max-video-preview:-1"},"canonical":"https:\/\/longchangchemical.com\/hu\/product\/ferric-acetylacetonate\/","og_locale":"hu_HU","og_type":"article","og_title":"China Ferric acetylacetonate Manufacturer \uff06 Supplier - Longchang chemical Co., Ltd.","og_description":"Longchang Chemical is a leading manufacturer and supplier of Ferric acetylacetonate in China. Buy Ferric acetylacetonate in china. We can provide the best Ferric acetylacetonate price.","og_url":"https:\/\/longchangchemical.com\/hu\/product\/ferric-acetylacetonate\/","og_site_name":"Longchang Chemical","article_modified_time":"2025-12-22T09:16:42+00:00","og_image":[{"width":600,"height":800,"url":"https:\/\/longchangchemical.com\/wp-content\/uploads\/2021\/01\/Appearance-19.jpg","type":"image\/jpeg"}],"twitter_card":"summary_large_image","schema":{"@context":"https:\/\/schema.org","@graph":[{"@type":"WebPage","@id":"https:\/\/longchangchemical.com\/product\/ferric-acetylacetonate\/","url":"https:\/\/longchangchemical.com\/product\/ferric-acetylacetonate\/","name":"K\u00edna Vas acetilaceton\u00e1t gy\u00e1rt\u00f3 \uff06 sz\u00e1ll\u00edt\u00f3 - Longchang Chemical Co., Ltd.","isPartOf":{"@id":"https:\/\/longchangchemical.com\/#website"},"primaryImageOfPage":{"@id":"https:\/\/longchangchemical.com\/product\/ferric-acetylacetonate\/#primaryimage"},"image":{"@id":"https:\/\/longchangchemical.com\/product\/ferric-acetylacetonate\/#primaryimage"},"thumbnailUrl":"https:\/\/longchangchemical.com\/wp-content\/uploads\/2021\/01\/Appearance-19.jpg","datePublished":"2021-04-24T06:38:39+00:00","dateModified":"2025-12-22T09:16:42+00:00","description":"A Longchang Chemical vezet\u0151 gy\u00e1rt\u00f3ja \u00e9s sz\u00e1ll\u00edt\u00f3ja a Vas acetilaceton\u00e1tnak K\u00edn\u00e1ban. V\u00e1s\u00e1roljon vas acetilaceton\u00e1tot K\u00edn\u00e1ban. A legjobb vas acetilaceton\u00e1t \u00e1rat tudjuk biztos\u00edtani.","breadcrumb":{"@id":"https:\/\/longchangchemical.com\/product\/ferric-acetylacetonate\/#breadcrumb"},"inLanguage":"hu","potentialAction":[{"@type":"ReadAction","target":["https:\/\/longchangchemical.com\/product\/ferric-acetylacetonate\/"]}]},{"@type":"ImageObject","inLanguage":"hu","@id":"https:\/\/longchangchemical.com\/product\/ferric-acetylacetonate\/#primaryimage","url":"https:\/\/longchangchemical.com\/wp-content\/uploads\/2021\/01\/Appearance-19.jpg","contentUrl":"https:\/\/longchangchemical.com\/wp-content\/uploads\/2021\/01\/Appearance-19.jpg","width":600,"height":800,"caption":"Ferric acetylacetonate Appearance"},{"@type":"BreadcrumbList","@id":"https:\/\/longchangchemical.com\/product\/ferric-acetylacetonate\/#breadcrumb","itemListElement":[{"@type":"ListItem","position":1,"name":"Home","item":"https:\/\/longchangchemical.com\/"},{"@type":"ListItem","position":2,"name":"Products Longchang","item":"https:\/\/longchangchemical.com\/product\/"},{"@type":"ListItem","position":3,"name":"Ferric acetylacetonate CAS 14024-18-1"}]},{"@type":"WebSite","@id":"https:\/\/longchangchemical.com\/#website","url":"https:\/\/longchangchemical.com\/","name":"Longchang Chemical","description":"K\u00edna k\u00e9miai gy\u00e1rt\u00f3 \uff06 sz\u00e1ll\u00edt\u00f3","publisher":{"@id":"https:\/\/longchangchemical.com\/#organization"},"potentialAction":[{"@type":"SearchAction","target":{"@type":"EntryPoint","urlTemplate":"https:\/\/longchangchemical.com\/?s={search_term_string}"},"query-input":{"@type":"PropertyValueSpecification","valueRequired":true,"valueName":"search_term_string"}}],"inLanguage":"hu"},{"@type":"Organization","@id":"https:\/\/longchangchemical.com\/#organization","name":"Longchang Chemical","url":"https:\/\/longchangchemical.com\/","logo":{"@type":"ImageObject","inLanguage":"hu","@id":"https:\/\/longchangchemical.com\/#\/schema\/logo\/image\/","url":"https:\/\/longchangchemical.com\/wp-content\/uploads\/2020\/08\/cropped-longchang-logo.png","contentUrl":"https:\/\/longchangchemical.com\/wp-content\/uploads\/2020\/08\/cropped-longchang-logo.png","width":512,"height":512,"caption":"Longchang Chemical"},"image":{"@id":"https:\/\/longchangchemical.com\/#\/schema\/logo\/image\/"}}]}},"_links":{"self":[{"href":"https:\/\/longchangchemical.com\/hu\/wp-json\/wp\/v2\/product\/3585","targetHints":{"allow":["GET"]}}],"collection":[{"href":"https:\/\/longchangchemical.com\/hu\/wp-json\/wp\/v2\/product"}],"about":[{"href":"https:\/\/longchangchemical.com\/hu\/wp-json\/wp\/v2\/types\/product"}],"replies":[{"embeddable":true,"href":"https:\/\/longchangchemical.com\/hu\/wp-json\/wp\/v2\/comments?post=3585"}],"wp:featuredmedia":[{"embeddable":true,"href":"https:\/\/longchangchemical.com\/hu\/wp-json\/wp\/v2\/media\/4542"}],"wp:attachment":[{"href":"https:\/\/longchangchemical.com\/hu\/wp-json\/wp\/v2\/media?parent=3585"}],"wp:term":[{"taxonomy":"product_brand","embeddable":true,"href":"https:\/\/longchangchemical.com\/hu\/wp-json\/wp\/v2\/product_brand?post=3585"},{"taxonomy":"product_cat","embeddable":true,"href":"https:\/\/longchangchemical.com\/hu\/wp-json\/wp\/v2\/product_cat?post=3585"},{"taxonomy":"product_tag","embeddable":true,"href":"https:\/\/longchangchemical.com\/hu\/wp-json\/wp\/v2\/product_tag?post=3585"}],"curies":[{"name":"wp","href":"https:\/\/api.w.org\/{rel}","templated":true}]}}