{"id":3582,"date":"2023-03-22T13:53:27","date_gmt":"2023-03-22T13:53:27","guid":{"rendered":"https:\/\/longchangchemical.com\/?post_type=product&#038;p=3582"},"modified":"2026-05-08T02:59:51","modified_gmt":"2026-05-08T02:59:51","slug":"povidone-iodine-cas-25655-41-8","status":"publish","type":"product","link":"https:\/\/longchangchemical.com\/hu\/product\/povidone-iodine-cas-25655-41-8\/","title":{"rendered":"PVP-I \/ povidon-j\u00f3d CAS 25655-41-8"},"content":{"rendered":"<h2><strong>Povidon-j\u00f3d CAS 25655-41-8<\/strong><\/h2>\n<table class=\"table-1\" cellspacing=\"0\">\n<tbody>\n<tr>\n<td>T\u00e9tel<\/td>\n<td>Standard<\/td>\n<td>Eredm\u00e9nyek<\/td>\n<\/tr>\n<tr>\n<td>Megjelen\u00e9s<\/td>\n<td>V\u00f6r\u00f6sesbarn\u00e1t\u00f3l a s\u00e1rg\u00e1sbarn\u00e1ig terjed\u0151 sz\u00edn\u0171 amorf por<\/td>\n<td>Megfelel<\/td>\n<\/tr>\n<tr>\n<td>Hat\u00e9kony j\u00f3d \/%<\/td>\n<td>9.0-12.0<\/td>\n<td>Megfelel<\/td>\n<\/tr>\n<tr>\n<td>Gy\u00fajt\u00e1si marad\u00e9k\/%<\/td>\n<td>\u22640.1<\/td>\n<td>Megfelel<\/td>\n<\/tr>\n<tr>\n<td>Sz\u00e1r\u00edt\u00e1si vesztes\u00e9g \/%<\/td>\n<td>\u22648.0<\/td>\n<td>Megfelel<\/td>\n<\/tr>\n<tr>\n<td>J\u00f3dion \/%<\/td>\n<td>\u22646.0<\/td>\n<td>Megfelel<\/td>\n<\/tr>\n<tr>\n<td>Arz\u00e9ns\u00f3\/ppm<\/td>\n<td>\/<\/td>\n<td>Megfelel<\/td>\n<\/tr>\n<tr>\n<td>Neh\u00e9zf\u00e9m \/ ppm<\/td>\n<td>\/<\/td>\n<td>Megfelel<\/td>\n<\/tr>\n<tr>\n<td>Nitrog\u00e9ntartalom \/%<\/td>\n<td>\/<\/td>\n<td>Megfelel<\/td>\n<\/tr>\n<tr>\n<td>PH-\u00e9rt\u00e9k (10% vizes oldat)<\/td>\n<td>1.2-5.0<\/td>\n<td>Megfelel<\/td>\n<\/tr>\n<tr>\n<td>Assay :<\/td>\n<td>\u226799%<\/td>\n<td>99.2%<\/td>\n<\/tr>\n<\/tbody>\n<\/table>\n<p>&nbsp;<\/p>\n<h2><strong>Povidon-j\u00f3d (CAS 25655-41-8) Felhaszn\u00e1l\u00e1s<\/strong><\/h2>\n<p>1.A j\u00f3d bakt\u00e9rium\u00f6l\u0151 hat\u00e1s\u00fa. Baktericid fert\u0151tlen\u00edt\u0151szerk\u00e9nt \u00e9s bakteriosztatikumk\u00e9nt haszn\u00e1lhat\u00f3 a gy\u00f3gyszerekben. Szemcseppk\u00e9nt, orrcseppk\u00e9nt, kr\u00e9mk\u00e9nt \u00e9s egy\u00e9b fert\u0151tlen\u00edt\u0151szerk\u00e9nt is haszn\u00e1lhat\u00f3. Fert\u0151tlen\u00edt\u0151szer is k\u00e9sz\u00edthet\u0151 bel\u0151le.<\/p>\n<p>2. els\u0151sorban a b\u0151r fert\u0151tlen\u00edt\u00e9s\u00e9re \u00e9s a berendez\u00e9sek fert\u0151tlen\u00edt\u00e9s\u00e9re haszn\u00e1lj\u00e1k a k\u00f3rh\u00e1zi m\u0171k\u00f6d\u00e9s \u00e9s az injekci\u00f3, valamint a fert\u0151z\u00e9sek megel\u0151z\u00e9s\u00e9re a sztomatol\u00f3gi\u00e1ban, a n\u0151gy\u00f3gy\u00e1szatban, a seb\u00e9szetben \u00e9s a b\u0151rgy\u00f3gy\u00e1szatban; a h\u00e1ztart\u00e1si eszk\u00f6z\u00f6k \u00e9s eszk\u00f6z\u00f6k steriliz\u00e1l\u00e1sa \u00e9s fert\u0151tlen\u00edt\u00e9se; steriliz\u00e1l\u00e1s \u00e9s fert\u0151tlen\u00edt\u00e9s az \u00e9lelmiszeriparban \u00e9s az akvakult\u00fara-iparban, valamint az \u00e1llatbetegs\u00e9gek megel\u0151z\u00e9se \u00e9s kezel\u00e9se stb. A j\u00f3dtartalm\u00fa orvosi gomba\u00f6l\u0151 szerek, valamint a higi\u00e9nia \u00e9s a j\u00e1rv\u00e1nyok megel\u0151z\u00e9s\u00e9nek \u00e9s felsz\u00e1mol\u00e1s\u00e1nak els\u0151 sz\u00e1m\u00fa v\u00e1laszt\u00e1sa a vil\u00e1gon \u00e9s K\u00edn\u00e1ban. M\u00e9reg<\/p>\n<p>3.J\u00f3dhordoz\u00f3. Szel\u00edd\u00edtett j\u00f3d. fokozatosan felszabad\u00edthatja a j\u00f3dot \u00e9s antimikrobi\u00e1lis szerepet j\u00e1tszhat. Mechanizmusa a bakt\u00e9riumok feh\u00e9rj\u00e9inek denatur\u00e1l\u00e1sa \u00e9s elhal\u00e1sa. Hat\u00e9kony a bakt\u00e9riumokra, gomb\u00e1kra \u00e9s v\u00edrusokra, amelyet a sz\u00f6vetek kis m\u00e9rt\u00e9k\u0171 irrit\u00e1ci\u00f3ja jellemez.<\/p>\n<p>&nbsp;<\/p>\n<h2><strong>Povidon-j\u00f3d (CAS 25655-41-8)Csomagol\u00e1s \u00e9s sz\u00e1ll\u00edt\u00e1s<\/strong><\/h2>\n<p>Csomagol\u00e1s: 25 kg-os zs\u00e1k vagy dob<\/p>\n<p>Sz\u00e1ll\u00edt\u00e1s: l\u00e9gi \u00faton, tengeri \u00faton<\/p>\n<h2><strong>Povidon-j\u00f3d (CAS 25655-41-8)T\u00e1rol\u00e1s<\/strong><\/h2>\n<p>K\u00f6zvetlen napf\u00e9nyt\u0151l v\u00e9dett, h\u0171v\u00f6s, sz\u00e1raz helyen t\u00e1rolva.<\/p>\n<h2><strong>L\u00e9pjen kapcsolatba vel\u00fcnk most!<\/strong><\/h2>\n<h4><strong><b>Ha COA, MSDS vagy TDS-re van sz\u00fcks\u00e9ge, k\u00e9rj\u00fck, t\u00f6ltse ki el\u00e9rhet\u0151s\u00e9g\u00e9t az al\u00e1bbi \u0171rlapon, \u00e1ltal\u00e1ban 24 \u00f3r\u00e1n bel\u00fcl felvessz\u00fck \u00d6nnel a kapcsolatot. \u00d6n is k\u00fcldhet nekem e-mailt <span style=\"color: #0000ff;\"><a style=\"color: #0000ff;\" href=\"mailto:info@longchangchemical.com\">info@longchangchemical.com<\/a><\/span> munkaid\u0151ben ( 8:30-18:00 UTC+8 H.-Szombat ) vagy haszn\u00e1lja a weboldal \u00e9l\u0151 chatj\u00e9t, hogy azonnali v\u00e1laszt kapjon.<\/b><\/strong><\/h4>","protected":false},"excerpt":{"rendered":"<p>K\u00e9miai n\u00e9v: Povidon-j\u00f3d<\/p>\n<p>CAS-sz\u00e1m: 25655-41-8<\/p>\n<p>Molekul\u00e1ris fomula: C8H15NO<\/p>\n<p>Povidon-j\u00f3d (CAS 25655-41-8)Szerkezet:<img decoding=\"async\" title=\"Povidon-j\u00f3d (CAS 25655-41-8) Szerkezet\" src=\"https:\/\/www.longchangchemical.com\/wp-content\/uploads\/product-details\/20200611313562.png\" alt=\"Povidon-j\u00f3d (CAS 25655-41-8) Szerkezet\" width=\"133\" height=\"87\" border=\"0\" vspace=\"0\" \/><\/p>\n<p>Molekulat\u00f6meg:141,2108<\/p>\n<p>Megjelen\u00e9s: V\u00f6r\u00f6sesbarn\u00e1t\u00f3l a s\u00e1rg\u00e1sbarna amorf porig terjed\u0151 sz\u00edn\u00e1rnyalat\u00fa por<\/p>\n<p>J\u00f3dtartalom: 10%; 20%<\/p>","protected":false},"featured_media":6001,"comment_status":"open","ping_status":"closed","template":"","meta":[],"product_brand":[],"product_cat":[109],"product_tag":[],"class_list":{"0":"post-3582","1":"product","2":"type-product","3":"status-publish","4":"has-post-thumbnail","6":"product_cat-water-treatment","8":"first","9":"instock","10":"shipping-taxable","11":"product-type-simple"},"yoast_head":"<!-- This site is optimized with the Yoast SEO plugin v25.3.1 - https:\/\/yoast.com\/wordpress\/plugins\/seo\/ -->\n<title>China Povidone iodine Manufacturer and 25655-41-8 supplier - Longchang Chemical<\/title>\n<meta name=\"description\" content=\"PVP-I Povidone iodine CAS 25655-41-8 is used in industrial processing and formulation applications.\" \/>\n<meta name=\"robots\" content=\"index, follow, max-snippet:-1, max-image-preview:large, max-video-preview:-1\" \/>\n<link rel=\"canonical\" href=\"https:\/\/longchangchemical.com\/hu\/product\/povidone-iodine-cas-25655-41-8\/\" \/>\n<meta property=\"og:locale\" content=\"hu_HU\" \/>\n<meta property=\"og:type\" content=\"article\" \/>\n<meta property=\"og:title\" content=\"China Povidone iodine Manufacturer and 25655-41-8 supplier - Longchang Chemical\" \/>\n<meta property=\"og:description\" content=\"PVP-I Povidone iodine CAS 25655-41-8 is used in industrial processing and formulation applications.\" \/>\n<meta property=\"og:url\" content=\"https:\/\/longchangchemical.com\/hu\/product\/povidone-iodine-cas-25655-41-8\/\" \/>\n<meta property=\"og:site_name\" content=\"Longchang Chemical\" \/>\n<meta property=\"article:modified_time\" content=\"2026-05-08T02:59:51+00:00\" \/>\n<meta property=\"og:image\" content=\"https:\/\/longchangchemical.com\/wp-content\/uploads\/2021\/01\/Sinosurf\u00ae-PVP-I.jpg\" \/>\n\t<meta property=\"og:image:width\" content=\"800\" \/>\n\t<meta property=\"og:image:height\" content=\"800\" \/>\n\t<meta property=\"og:image:type\" content=\"image\/jpeg\" \/>\n<meta name=\"twitter:card\" content=\"summary_large_image\" \/>\n<script type=\"application\/ld+json\" class=\"yoast-schema-graph\">{\"@context\":\"https:\/\/schema.org\",\"@graph\":[{\"@type\":\"WebPage\",\"@id\":\"https:\/\/longchangchemical.com\/product\/povidone-iodine-cas-25655-41-8\/\",\"url\":\"https:\/\/longchangchemical.com\/product\/povidone-iodine-cas-25655-41-8\/\",\"name\":\"China Povidone iodine Manufacturer and 25655-41-8 supplier - Longchang Chemical\",\"isPartOf\":{\"@id\":\"https:\/\/longchangchemical.com\/#website\"},\"primaryImageOfPage\":{\"@id\":\"https:\/\/longchangchemical.com\/product\/povidone-iodine-cas-25655-41-8\/#primaryimage\"},\"image\":{\"@id\":\"https:\/\/longchangchemical.com\/product\/povidone-iodine-cas-25655-41-8\/#primaryimage\"},\"thumbnailUrl\":\"https:\/\/longchangchemical.com\/wp-content\/uploads\/2021\/01\/Sinosurf\u00ae-PVP-I.jpg\",\"datePublished\":\"2023-03-22T13:53:27+00:00\",\"dateModified\":\"2026-05-08T02:59:51+00:00\",\"description\":\"PVP-I Povidone iodine CAS 25655-41-8 is used in industrial processing and formulation applications.\",\"breadcrumb\":{\"@id\":\"https:\/\/longchangchemical.com\/product\/povidone-iodine-cas-25655-41-8\/#breadcrumb\"},\"inLanguage\":\"hu\",\"potentialAction\":[{\"@type\":\"ReadAction\",\"target\":[\"https:\/\/longchangchemical.com\/product\/povidone-iodine-cas-25655-41-8\/\"]}]},{\"@type\":\"ImageObject\",\"inLanguage\":\"hu\",\"@id\":\"https:\/\/longchangchemical.com\/product\/povidone-iodine-cas-25655-41-8\/#primaryimage\",\"url\":\"https:\/\/longchangchemical.com\/wp-content\/uploads\/2021\/01\/Sinosurf\u00ae-PVP-I.jpg\",\"contentUrl\":\"https:\/\/longchangchemical.com\/wp-content\/uploads\/2021\/01\/Sinosurf\u00ae-PVP-I.jpg\",\"width\":800,\"height\":800},{\"@type\":\"BreadcrumbList\",\"@id\":\"https:\/\/longchangchemical.com\/product\/povidone-iodine-cas-25655-41-8\/#breadcrumb\",\"itemListElement\":[{\"@type\":\"ListItem\",\"position\":1,\"name\":\"Home\",\"item\":\"https:\/\/longchangchemical.com\/\"},{\"@type\":\"ListItem\",\"position\":2,\"name\":\"Products Longchang\",\"item\":\"https:\/\/longchangchemical.com\/product\/\"},{\"@type\":\"ListItem\",\"position\":3,\"name\":\"PVP-I \/ Povidone iodine CAS 25655-41-8\"}]},{\"@type\":\"WebSite\",\"@id\":\"https:\/\/longchangchemical.com\/#website\",\"url\":\"https:\/\/longchangchemical.com\/\",\"name\":\"Longchang Chemical\",\"description\":\"China chemical manufacturer \uff06 supplier\",\"publisher\":{\"@id\":\"https:\/\/longchangchemical.com\/#organization\"},\"potentialAction\":[{\"@type\":\"SearchAction\",\"target\":{\"@type\":\"EntryPoint\",\"urlTemplate\":\"https:\/\/longchangchemical.com\/?s={search_term_string}\"},\"query-input\":{\"@type\":\"PropertyValueSpecification\",\"valueRequired\":true,\"valueName\":\"search_term_string\"}}],\"inLanguage\":\"hu\"},{\"@type\":\"Organization\",\"@id\":\"https:\/\/longchangchemical.com\/#organization\",\"name\":\"Longchang Chemical\",\"url\":\"https:\/\/longchangchemical.com\/\",\"logo\":{\"@type\":\"ImageObject\",\"inLanguage\":\"hu\",\"@id\":\"https:\/\/longchangchemical.com\/#\/schema\/logo\/image\/\",\"url\":\"https:\/\/longchangchemical.com\/wp-content\/uploads\/2020\/08\/cropped-longchang-logo.png\",\"contentUrl\":\"https:\/\/longchangchemical.com\/wp-content\/uploads\/2020\/08\/cropped-longchang-logo.png\",\"width\":512,\"height\":512,\"caption\":\"Longchang Chemical\"},\"image\":{\"@id\":\"https:\/\/longchangchemical.com\/#\/schema\/logo\/image\/\"}}]}<\/script>\n<!-- \/ Yoast SEO plugin. -->","yoast_head_json":{"title":"K\u00edna Povidon j\u00f3d Gy\u00e1rt\u00f3 \u00e9s 25655-41-8 sz\u00e1ll\u00edt\u00f3 - Longchang Chemical","description":"PVP-I Povidone iodine CAS 25655-41-8 is used in industrial processing and formulation applications.","robots":{"index":"index","follow":"follow","max-snippet":"max-snippet:-1","max-image-preview":"max-image-preview:large","max-video-preview":"max-video-preview:-1"},"canonical":"https:\/\/longchangchemical.com\/hu\/product\/povidone-iodine-cas-25655-41-8\/","og_locale":"hu_HU","og_type":"article","og_title":"China Povidone iodine Manufacturer and 25655-41-8 supplier - Longchang Chemical","og_description":"PVP-I Povidone iodine CAS 25655-41-8 is used in industrial processing and formulation applications.","og_url":"https:\/\/longchangchemical.com\/hu\/product\/povidone-iodine-cas-25655-41-8\/","og_site_name":"Longchang Chemical","article_modified_time":"2026-05-08T02:59:51+00:00","og_image":[{"width":800,"height":800,"url":"https:\/\/longchangchemical.com\/wp-content\/uploads\/2021\/01\/Sinosurf\u00ae-PVP-I.jpg","type":"image\/jpeg"}],"twitter_card":"summary_large_image","schema":{"@context":"https:\/\/schema.org","@graph":[{"@type":"WebPage","@id":"https:\/\/longchangchemical.com\/product\/povidone-iodine-cas-25655-41-8\/","url":"https:\/\/longchangchemical.com\/product\/povidone-iodine-cas-25655-41-8\/","name":"K\u00edna Povidon j\u00f3d Gy\u00e1rt\u00f3 \u00e9s 25655-41-8 sz\u00e1ll\u00edt\u00f3 - Longchang Chemical","isPartOf":{"@id":"https:\/\/longchangchemical.com\/#website"},"primaryImageOfPage":{"@id":"https:\/\/longchangchemical.com\/product\/povidone-iodine-cas-25655-41-8\/#primaryimage"},"image":{"@id":"https:\/\/longchangchemical.com\/product\/povidone-iodine-cas-25655-41-8\/#primaryimage"},"thumbnailUrl":"https:\/\/longchangchemical.com\/wp-content\/uploads\/2021\/01\/Sinosurf\u00ae-PVP-I.jpg","datePublished":"2023-03-22T13:53:27+00:00","dateModified":"2026-05-08T02:59:51+00:00","description":"PVP-I Povidone iodine CAS 25655-41-8 is used in industrial processing and formulation applications.","breadcrumb":{"@id":"https:\/\/longchangchemical.com\/product\/povidone-iodine-cas-25655-41-8\/#breadcrumb"},"inLanguage":"hu","potentialAction":[{"@type":"ReadAction","target":["https:\/\/longchangchemical.com\/product\/povidone-iodine-cas-25655-41-8\/"]}]},{"@type":"ImageObject","inLanguage":"hu","@id":"https:\/\/longchangchemical.com\/product\/povidone-iodine-cas-25655-41-8\/#primaryimage","url":"https:\/\/longchangchemical.com\/wp-content\/uploads\/2021\/01\/Sinosurf\u00ae-PVP-I.jpg","contentUrl":"https:\/\/longchangchemical.com\/wp-content\/uploads\/2021\/01\/Sinosurf\u00ae-PVP-I.jpg","width":800,"height":800},{"@type":"BreadcrumbList","@id":"https:\/\/longchangchemical.com\/product\/povidone-iodine-cas-25655-41-8\/#breadcrumb","itemListElement":[{"@type":"ListItem","position":1,"name":"Home","item":"https:\/\/longchangchemical.com\/"},{"@type":"ListItem","position":2,"name":"Products Longchang","item":"https:\/\/longchangchemical.com\/product\/"},{"@type":"ListItem","position":3,"name":"PVP-I \/ Povidone iodine CAS 25655-41-8"}]},{"@type":"WebSite","@id":"https:\/\/longchangchemical.com\/#website","url":"https:\/\/longchangchemical.com\/","name":"Longchang Chemical","description":"K\u00edna k\u00e9miai gy\u00e1rt\u00f3 \uff06 sz\u00e1ll\u00edt\u00f3","publisher":{"@id":"https:\/\/longchangchemical.com\/#organization"},"potentialAction":[{"@type":"SearchAction","target":{"@type":"EntryPoint","urlTemplate":"https:\/\/longchangchemical.com\/?s={search_term_string}"},"query-input":{"@type":"PropertyValueSpecification","valueRequired":true,"valueName":"search_term_string"}}],"inLanguage":"hu"},{"@type":"Organization","@id":"https:\/\/longchangchemical.com\/#organization","name":"Longchang Chemical","url":"https:\/\/longchangchemical.com\/","logo":{"@type":"ImageObject","inLanguage":"hu","@id":"https:\/\/longchangchemical.com\/#\/schema\/logo\/image\/","url":"https:\/\/longchangchemical.com\/wp-content\/uploads\/2020\/08\/cropped-longchang-logo.png","contentUrl":"https:\/\/longchangchemical.com\/wp-content\/uploads\/2020\/08\/cropped-longchang-logo.png","width":512,"height":512,"caption":"Longchang Chemical"},"image":{"@id":"https:\/\/longchangchemical.com\/#\/schema\/logo\/image\/"}}]}},"_links":{"self":[{"href":"https:\/\/longchangchemical.com\/hu\/wp-json\/wp\/v2\/product\/3582","targetHints":{"allow":["GET"]}}],"collection":[{"href":"https:\/\/longchangchemical.com\/hu\/wp-json\/wp\/v2\/product"}],"about":[{"href":"https:\/\/longchangchemical.com\/hu\/wp-json\/wp\/v2\/types\/product"}],"replies":[{"embeddable":true,"href":"https:\/\/longchangchemical.com\/hu\/wp-json\/wp\/v2\/comments?post=3582"}],"wp:featuredmedia":[{"embeddable":true,"href":"https:\/\/longchangchemical.com\/hu\/wp-json\/wp\/v2\/media\/6001"}],"wp:attachment":[{"href":"https:\/\/longchangchemical.com\/hu\/wp-json\/wp\/v2\/media?parent=3582"}],"wp:term":[{"taxonomy":"product_brand","embeddable":true,"href":"https:\/\/longchangchemical.com\/hu\/wp-json\/wp\/v2\/product_brand?post=3582"},{"taxonomy":"product_cat","embeddable":true,"href":"https:\/\/longchangchemical.com\/hu\/wp-json\/wp\/v2\/product_cat?post=3582"},{"taxonomy":"product_tag","embeddable":true,"href":"https:\/\/longchangchemical.com\/hu\/wp-json\/wp\/v2\/product_tag?post=3582"}],"curies":[{"name":"wp","href":"https:\/\/api.w.org\/{rel}","templated":true}]}}