{"id":3552,"date":"2021-02-08T08:09:47","date_gmt":"2021-02-08T08:09:47","guid":{"rendered":"https:\/\/longchangchemical.com\/?post_type=product&#038;p=3552"},"modified":"2025-12-23T07:46:45","modified_gmt":"2025-12-23T07:46:45","slug":"naphthenic-acid-cas-1338-24-5","status":"publish","type":"product","link":"https:\/\/longchangchemical.com\/hu\/product\/naphthenic-acid-cas-1338-24-5\/","title":{"rendered":"Naft\u00e9nsav CAS 1338-24-5"},"content":{"rendered":"<h1><strong>Naft\u00e9nsav CAS 1338-24-5<\/strong><\/h1>\n<h2><b>A naft\u00e9nsav COA-ja<\/b><\/h2>\n<table class=\"table-1\" cellspacing=\"0\">\n<tbody>\n<tr>\n<td>\n<h4><strong>T\u00e9tel<\/strong><\/h4>\n<\/td>\n<td>\n<h4><strong>Eredm\u00e9nyek<\/strong><\/h4>\n<\/td>\n<\/tr>\n<tr>\n<td>\n<h4>Megjelen\u00e9s<\/h4>\n<\/td>\n<td>\n<h4>Vil\u00e1goss\u00e1rga vagy narancss\u00e1rga folyad\u00e9k<\/h4>\n<\/td>\n<\/tr>\n<tr>\n<td>\n<h4>sav\u00e9rt\u00e9k ( mg\/KOH\/g )<\/h4>\n<\/td>\n<td>\n<h4>200 perc<\/h4>\n<\/td>\n<\/tr>\n<tr>\n<td>\n<h4>Pr\u00f3ba \uff08m\/m\uff09%<\/h4>\n<\/td>\n<td>\n<h4>\u2265 70 %<\/h4>\n<\/td>\n<\/tr>\n<tr>\n<td>\n<h4>Fajlagos t\u00f6meg \uff0820 \u2103\uff09<\/h4>\n<\/td>\n<td>\n<h4>0.92<\/h4>\n<\/td>\n<\/tr>\n<tr>\n<td>\n<h4>Viszkozit\u00e1s\uff0840 \u2103\uff09<\/h4>\n<\/td>\n<td>\n<h4>25<\/h4>\n<\/td>\n<\/tr>\n<tr>\n<td>\n<h4>Sz\u00edn (vas-kobalt)<\/h4>\n<\/td>\n<td>\n<h4>12-14<\/h4>\n<\/td>\n<\/tr>\n<tr>\n<td>\n<h4>K\u00f6vetkeztet\u00e9s<\/h4>\n<\/td>\n<td>\n<h4>Az eredm\u00e9nyek megfelelnek a v\u00e1llalati szabv\u00e1nyoknak<\/h4>\n<\/td>\n<\/tr>\n<\/tbody>\n<\/table>\n<p>&nbsp;<\/p>\n<h2>Mi az a naft\u00e9nsav?<\/h2>\n<h4>A NAFT\u00c9NSAV s\u00f6t\u00e9t sz\u00edn\u0171, b\u00e1nt\u00f3 szag\u00fa folyad\u00e9k. A NAFT\u00c9NSAV v\u00edzben nem old\u00f3dik. A NAFTH\u00c9NSAV \u00e9g, b\u00e1r a NAFTH\u00c9NSAV meggyullad\u00e1s\u00e1hoz n\u00e9mi er\u0151fesz\u00edt\u00e9sre van sz\u00fcks\u00e9g. Az els\u0151dleges vesz\u00e9lyt a k\u00f6rnyezetre jelentett vesz\u00e9ly jelenti. Azonnali l\u00e9p\u00e9seket kell tenni a k\u00f6rnyezetbe val\u00f3 terjed\u00e9s\u00e9nek korl\u00e1toz\u00e1s\u00e1ra. Mivel a NAFTH\u00c9NSAV foly\u00e9kony anyag, a NAFTH\u00c9NSAV k\u00f6nnyen behatolhat a talajba, \u00e9s szennyezheti a talajvizet \u00e9s a k\u00f6zeli patakokat. A NAFTH\u00c9NSAVAT fest\u00e9ksz\u00e1r\u00edt\u00f3k, mos\u00f3szerek \u00e9s old\u00f3szerek el\u0151\u00e1ll\u00edt\u00e1s\u00e1ra haszn\u00e1lj\u00e1k.<\/h4>\n<p>&nbsp;<\/p>\n<h2><strong class=\"\">Naft\u00e9n<\/strong><strong> savhaszn\u00e1lat<\/strong><\/h2>\n<h4>1. A naft\u00e9nsavat fest\u00e9ksz\u00e1r\u00edt\u00f3k\u00e9nt, biol\u00f3giai adal\u00e9kanyagk\u00e9nt stb. haszn\u00e1lj\u00e1k.<\/h4>\n<h4>2. A naft\u00e9nsavat naft\u00e9n\u00e1tok gy\u00e1rt\u00e1s\u00e1nak nyersanyagak\u00e9nt \u00e9s bevonatok sz\u00e1r\u00edt\u00f3szerek\u00e9nt haszn\u00e1lj\u00e1k. A fa \u00e9s a k\u00e1belek korr\u00f3zi\u00f3v\u00e9delm\u00e9re is haszn\u00e1lj\u00e1k.<\/h4>\n<h4>3. A naft\u00e9nsavat k\u00fcl\u00f6nb\u00f6z\u0151 naft\u00e9n\u00e1tok el\u0151\u00e1ll\u00edt\u00e1s\u00e1ra haszn\u00e1lj\u00e1k.<\/h4>\n<p>&nbsp;<\/p>\n<h2><strong class=\"\">Naft\u00e9n<\/strong><strong>\u00a0savas csomag \u00e9s sz\u00e1ll\u00edt\u00e1s<\/strong><\/h2>\n<h4>200 kg vasdob<\/h4>\n<h4>Sz\u00e1ll\u00edt\u00e1s: 5-7 munkanapon bel\u00fcl.<\/h4>\n<p>&nbsp;<\/p>\n<h2><strong>Ugyanazon sorozat term\u00e9kei<\/strong><\/h2>\n<table style=\"border-collapse: collapse; width: 256.52pt;\" border=\"0\" width=\"342\" cellspacing=\"0\" cellpadding=\"0\">\n<tbody>\n<tr style=\"height: 54.00pt;\">\n<td class=\"et2\" style=\"height: 54.00pt; width: 146.25pt;\" width=\"195\" height=\"72\"><strong><span style=\"color: #3366ff;\">Naft\u00e9nsav<\/span><\/strong><\/td>\n<td class=\"et2\" style=\"width: 110.25pt;\" width=\"147\"><strong><span style=\"color: #3366ff;\">1338-24-5<\/span><\/strong><\/td>\n<\/tr>\n<tr style=\"height: 54.00pt;\">\n<td class=\"et2\" style=\"height: 54.00pt; width: 146.25pt;\" width=\"195\" height=\"72\"><a href=\"https:\/\/longchangchemical.com\/hu\/product\/copper-naphthenate-cas-1338-02-9\/\"><strong><span style=\"color: #3366ff;\">R\u00e9z-naft\u00e9n\u00e1t<\/span><\/strong><\/a><\/td>\n<td class=\"et2\" style=\"width: 110.25pt;\" width=\"147\"><a href=\"https:\/\/longchangchemical.com\/hu\/product\/copper-naphthenate-cas-1338-02-9\/\"><strong><span style=\"color: #3366ff;\">1338-02-9<\/span><\/strong><\/a><\/td>\n<\/tr>\n<tr style=\"height: 54.00pt;\">\n<td class=\"et3\" style=\"height: 54.00pt; width: 146.25pt;\" width=\"195\" height=\"72\"><a href=\"https:\/\/longchangchemical.com\/hu\/product\/zinc-naphthenate-cas-12001-85-3\/\"><strong><span style=\"color: #3366ff;\">Cink-naft\u00e9n\u00e1t<\/span><\/strong><\/a><\/td>\n<td class=\"et3\" style=\"width: 110.25pt;\" width=\"147\"><a href=\"https:\/\/longchangchemical.com\/hu\/product\/zinc-naphthenate-cas-12001-85-3\/\"><strong><span style=\"color: #3366ff;\">12001-85-3<\/span><\/strong><\/a><\/td>\n<\/tr>\n<\/tbody>\n<\/table>\n<h2><strong><b>L\u00e9pjen kapcsolatba vel\u00fcnk most!<\/b><\/strong><\/h2>\n<h4><strong><b>Egyedi szolg\u00e1ltat\u00e1sokat ny\u00fajtunk, \u00e1ltal\u00e1ban 24 \u00f3r\u00e1n bel\u00fcl felvessz\u00fck \u00d6nnel a kapcsolatot. A munkaid\u0151ben ( 8:30-18:00 UTC+8 H.~Szombat ) az info@longchangchemical.com e-mail c\u00edmen is k\u00fcldhet e-mailt, vagy haszn\u00e1lhatja a weboldal \u00e9l\u0151 chatj\u00e9t, hogy gyors v\u00e1laszt kapjon.<\/b><\/strong><\/h4>","protected":false},"excerpt":{"rendered":"<h4>K\u00e9miai n\u00e9v: Naft\u00e9nsav<\/h4>\n<h4>CAS: 1338-24-5<\/h4>\n<h4>Molekula k\u00e9plet:C7H10O2<\/h4>\n<h4>Molekulat\u00f6meg:126,154<\/h4>\n<h4>Megjelen\u00e9s: Vil\u00e1goss\u00e1rga vagy narancss\u00e1rga folyad\u00e9k<\/h4>","protected":false},"featured_media":4355,"comment_status":"open","ping_status":"closed","template":"","meta":[],"product_brand":[],"product_cat":[69],"product_tag":[],"class_list":{"0":"post-3552","1":"product","2":"type-product","3":"status-publish","4":"has-post-thumbnail","6":"product_cat-catalysts-chemical-auxiliary-agents","8":"first","9":"instock","10":"shipping-taxable","11":"product-type-simple"},"yoast_head":"<!-- This site is optimized with the Yoast SEO plugin v25.3.1 - https:\/\/yoast.com\/wordpress\/plugins\/seo\/ -->\n<title>China Naphthenic acid Manufacturer \uff06 1338-24-5 Supplier - Longchang chemical Co., Ltd.<\/title>\n<meta name=\"description\" content=\"Longchang Chemical is a leading manufacturer and supplier of Naphthenic acid in China. Buy Naphthenic acid in china. We can provide the best Naphthenic acid price.\" \/>\n<meta name=\"robots\" content=\"index, follow, max-snippet:-1, max-image-preview:large, max-video-preview:-1\" \/>\n<link rel=\"canonical\" href=\"https:\/\/longchangchemical.com\/hu\/product\/naphthenic-acid-cas-1338-24-5\/\" \/>\n<meta property=\"og:locale\" content=\"hu_HU\" \/>\n<meta property=\"og:type\" content=\"article\" \/>\n<meta property=\"og:title\" content=\"China Naphthenic acid Manufacturer \uff06 1338-24-5 Supplier - Longchang chemical Co., Ltd.\" \/>\n<meta property=\"og:description\" content=\"Longchang Chemical is a leading manufacturer and supplier of Naphthenic acid in China. Buy Naphthenic acid in china. We can provide the best Naphthenic acid price.\" \/>\n<meta property=\"og:url\" content=\"https:\/\/longchangchemical.com\/hu\/product\/naphthenic-acid-cas-1338-24-5\/\" \/>\n<meta property=\"og:site_name\" content=\"Longchang Chemical\" \/>\n<meta property=\"article:modified_time\" content=\"2025-12-23T07:46:45+00:00\" \/>\n<meta property=\"og:image\" content=\"https:\/\/longchangchemical.com\/wp-content\/uploads\/2021\/01\/Naphthenic-acid-Appearance.jpg\" \/>\n\t<meta property=\"og:image:width\" content=\"600\" \/>\n\t<meta property=\"og:image:height\" content=\"800\" \/>\n\t<meta property=\"og:image:type\" content=\"image\/jpeg\" \/>\n<meta name=\"twitter:card\" content=\"summary_large_image\" \/>\n<script type=\"application\/ld+json\" class=\"yoast-schema-graph\">{\"@context\":\"https:\/\/schema.org\",\"@graph\":[{\"@type\":\"WebPage\",\"@id\":\"https:\/\/longchangchemical.com\/product\/naphthenic-acid-cas-1338-24-5\/\",\"url\":\"https:\/\/longchangchemical.com\/product\/naphthenic-acid-cas-1338-24-5\/\",\"name\":\"China Naphthenic acid Manufacturer \uff06 1338-24-5 Supplier - Longchang chemical Co., Ltd.\",\"isPartOf\":{\"@id\":\"https:\/\/longchangchemical.com\/#website\"},\"primaryImageOfPage\":{\"@id\":\"https:\/\/longchangchemical.com\/product\/naphthenic-acid-cas-1338-24-5\/#primaryimage\"},\"image\":{\"@id\":\"https:\/\/longchangchemical.com\/product\/naphthenic-acid-cas-1338-24-5\/#primaryimage\"},\"thumbnailUrl\":\"https:\/\/longchangchemical.com\/wp-content\/uploads\/2021\/01\/Naphthenic-acid-Appearance.jpg\",\"datePublished\":\"2021-02-08T08:09:47+00:00\",\"dateModified\":\"2025-12-23T07:46:45+00:00\",\"description\":\"Longchang Chemical is a leading manufacturer and supplier of Naphthenic acid in China. Buy Naphthenic acid in china. We can provide the best Naphthenic acid price.\",\"breadcrumb\":{\"@id\":\"https:\/\/longchangchemical.com\/product\/naphthenic-acid-cas-1338-24-5\/#breadcrumb\"},\"inLanguage\":\"hu\",\"potentialAction\":[{\"@type\":\"ReadAction\",\"target\":[\"https:\/\/longchangchemical.com\/product\/naphthenic-acid-cas-1338-24-5\/\"]}]},{\"@type\":\"ImageObject\",\"inLanguage\":\"hu\",\"@id\":\"https:\/\/longchangchemical.com\/product\/naphthenic-acid-cas-1338-24-5\/#primaryimage\",\"url\":\"https:\/\/longchangchemical.com\/wp-content\/uploads\/2021\/01\/Naphthenic-acid-Appearance.jpg\",\"contentUrl\":\"https:\/\/longchangchemical.com\/wp-content\/uploads\/2021\/01\/Naphthenic-acid-Appearance.jpg\",\"width\":600,\"height\":800,\"caption\":\"Naphthenic acid Appearance\"},{\"@type\":\"BreadcrumbList\",\"@id\":\"https:\/\/longchangchemical.com\/product\/naphthenic-acid-cas-1338-24-5\/#breadcrumb\",\"itemListElement\":[{\"@type\":\"ListItem\",\"position\":1,\"name\":\"Home\",\"item\":\"https:\/\/longchangchemical.com\/\"},{\"@type\":\"ListItem\",\"position\":2,\"name\":\"Products Longchang\",\"item\":\"https:\/\/longchangchemical.com\/product\/\"},{\"@type\":\"ListItem\",\"position\":3,\"name\":\"Naphthenic acid CAS 1338-24-5\"}]},{\"@type\":\"WebSite\",\"@id\":\"https:\/\/longchangchemical.com\/#website\",\"url\":\"https:\/\/longchangchemical.com\/\",\"name\":\"Longchang Chemical\",\"description\":\"China chemical manufacturer \uff06 supplier\",\"publisher\":{\"@id\":\"https:\/\/longchangchemical.com\/#organization\"},\"potentialAction\":[{\"@type\":\"SearchAction\",\"target\":{\"@type\":\"EntryPoint\",\"urlTemplate\":\"https:\/\/longchangchemical.com\/?s={search_term_string}\"},\"query-input\":{\"@type\":\"PropertyValueSpecification\",\"valueRequired\":true,\"valueName\":\"search_term_string\"}}],\"inLanguage\":\"hu\"},{\"@type\":\"Organization\",\"@id\":\"https:\/\/longchangchemical.com\/#organization\",\"name\":\"Longchang Chemical\",\"url\":\"https:\/\/longchangchemical.com\/\",\"logo\":{\"@type\":\"ImageObject\",\"inLanguage\":\"hu\",\"@id\":\"https:\/\/longchangchemical.com\/#\/schema\/logo\/image\/\",\"url\":\"https:\/\/longchangchemical.com\/wp-content\/uploads\/2020\/08\/cropped-longchang-logo.png\",\"contentUrl\":\"https:\/\/longchangchemical.com\/wp-content\/uploads\/2020\/08\/cropped-longchang-logo.png\",\"width\":512,\"height\":512,\"caption\":\"Longchang Chemical\"},\"image\":{\"@id\":\"https:\/\/longchangchemical.com\/#\/schema\/logo\/image\/\"}}]}<\/script>\n<!-- \/ Yoast SEO plugin. -->","yoast_head_json":{"title":"K\u00edna naft\u00e9nsav gy\u00e1rt\u00f3ja \uff06 1338-24-5 sz\u00e1ll\u00edt\u00f3 - Longchang Chemical Co., Ltd.","description":"A Longchang Chemical a naft\u00e9nsav egyik vezet\u0151 gy\u00e1rt\u00f3ja \u00e9s sz\u00e1ll\u00edt\u00f3ja K\u00edn\u00e1ban. V\u00e1s\u00e1roljon naft\u00e9nsavat K\u00edn\u00e1ban. A legjobb naft\u00e9nsav \u00e1rat tudjuk biztos\u00edtani.","robots":{"index":"index","follow":"follow","max-snippet":"max-snippet:-1","max-image-preview":"max-image-preview:large","max-video-preview":"max-video-preview:-1"},"canonical":"https:\/\/longchangchemical.com\/hu\/product\/naphthenic-acid-cas-1338-24-5\/","og_locale":"hu_HU","og_type":"article","og_title":"China Naphthenic acid Manufacturer \uff06 1338-24-5 Supplier - Longchang chemical Co., Ltd.","og_description":"Longchang Chemical is a leading manufacturer and supplier of Naphthenic acid in China. Buy Naphthenic acid in china. We can provide the best Naphthenic acid price.","og_url":"https:\/\/longchangchemical.com\/hu\/product\/naphthenic-acid-cas-1338-24-5\/","og_site_name":"Longchang Chemical","article_modified_time":"2025-12-23T07:46:45+00:00","og_image":[{"width":600,"height":800,"url":"https:\/\/longchangchemical.com\/wp-content\/uploads\/2021\/01\/Naphthenic-acid-Appearance.jpg","type":"image\/jpeg"}],"twitter_card":"summary_large_image","schema":{"@context":"https:\/\/schema.org","@graph":[{"@type":"WebPage","@id":"https:\/\/longchangchemical.com\/product\/naphthenic-acid-cas-1338-24-5\/","url":"https:\/\/longchangchemical.com\/product\/naphthenic-acid-cas-1338-24-5\/","name":"K\u00edna naft\u00e9nsav gy\u00e1rt\u00f3ja \uff06 1338-24-5 sz\u00e1ll\u00edt\u00f3 - Longchang Chemical Co., Ltd.","isPartOf":{"@id":"https:\/\/longchangchemical.com\/#website"},"primaryImageOfPage":{"@id":"https:\/\/longchangchemical.com\/product\/naphthenic-acid-cas-1338-24-5\/#primaryimage"},"image":{"@id":"https:\/\/longchangchemical.com\/product\/naphthenic-acid-cas-1338-24-5\/#primaryimage"},"thumbnailUrl":"https:\/\/longchangchemical.com\/wp-content\/uploads\/2021\/01\/Naphthenic-acid-Appearance.jpg","datePublished":"2021-02-08T08:09:47+00:00","dateModified":"2025-12-23T07:46:45+00:00","description":"A Longchang Chemical a naft\u00e9nsav egyik vezet\u0151 gy\u00e1rt\u00f3ja \u00e9s sz\u00e1ll\u00edt\u00f3ja K\u00edn\u00e1ban. V\u00e1s\u00e1roljon naft\u00e9nsavat K\u00edn\u00e1ban. A legjobb naft\u00e9nsav \u00e1rat tudjuk biztos\u00edtani.","breadcrumb":{"@id":"https:\/\/longchangchemical.com\/product\/naphthenic-acid-cas-1338-24-5\/#breadcrumb"},"inLanguage":"hu","potentialAction":[{"@type":"ReadAction","target":["https:\/\/longchangchemical.com\/product\/naphthenic-acid-cas-1338-24-5\/"]}]},{"@type":"ImageObject","inLanguage":"hu","@id":"https:\/\/longchangchemical.com\/product\/naphthenic-acid-cas-1338-24-5\/#primaryimage","url":"https:\/\/longchangchemical.com\/wp-content\/uploads\/2021\/01\/Naphthenic-acid-Appearance.jpg","contentUrl":"https:\/\/longchangchemical.com\/wp-content\/uploads\/2021\/01\/Naphthenic-acid-Appearance.jpg","width":600,"height":800,"caption":"Naphthenic acid Appearance"},{"@type":"BreadcrumbList","@id":"https:\/\/longchangchemical.com\/product\/naphthenic-acid-cas-1338-24-5\/#breadcrumb","itemListElement":[{"@type":"ListItem","position":1,"name":"Home","item":"https:\/\/longchangchemical.com\/"},{"@type":"ListItem","position":2,"name":"Products Longchang","item":"https:\/\/longchangchemical.com\/product\/"},{"@type":"ListItem","position":3,"name":"Naphthenic acid CAS 1338-24-5"}]},{"@type":"WebSite","@id":"https:\/\/longchangchemical.com\/#website","url":"https:\/\/longchangchemical.com\/","name":"Longchang Chemical","description":"K\u00edna k\u00e9miai gy\u00e1rt\u00f3 \uff06 sz\u00e1ll\u00edt\u00f3","publisher":{"@id":"https:\/\/longchangchemical.com\/#organization"},"potentialAction":[{"@type":"SearchAction","target":{"@type":"EntryPoint","urlTemplate":"https:\/\/longchangchemical.com\/?s={search_term_string}"},"query-input":{"@type":"PropertyValueSpecification","valueRequired":true,"valueName":"search_term_string"}}],"inLanguage":"hu"},{"@type":"Organization","@id":"https:\/\/longchangchemical.com\/#organization","name":"Longchang Chemical","url":"https:\/\/longchangchemical.com\/","logo":{"@type":"ImageObject","inLanguage":"hu","@id":"https:\/\/longchangchemical.com\/#\/schema\/logo\/image\/","url":"https:\/\/longchangchemical.com\/wp-content\/uploads\/2020\/08\/cropped-longchang-logo.png","contentUrl":"https:\/\/longchangchemical.com\/wp-content\/uploads\/2020\/08\/cropped-longchang-logo.png","width":512,"height":512,"caption":"Longchang Chemical"},"image":{"@id":"https:\/\/longchangchemical.com\/#\/schema\/logo\/image\/"}}]}},"_links":{"self":[{"href":"https:\/\/longchangchemical.com\/hu\/wp-json\/wp\/v2\/product\/3552","targetHints":{"allow":["GET"]}}],"collection":[{"href":"https:\/\/longchangchemical.com\/hu\/wp-json\/wp\/v2\/product"}],"about":[{"href":"https:\/\/longchangchemical.com\/hu\/wp-json\/wp\/v2\/types\/product"}],"replies":[{"embeddable":true,"href":"https:\/\/longchangchemical.com\/hu\/wp-json\/wp\/v2\/comments?post=3552"}],"wp:featuredmedia":[{"embeddable":true,"href":"https:\/\/longchangchemical.com\/hu\/wp-json\/wp\/v2\/media\/4355"}],"wp:attachment":[{"href":"https:\/\/longchangchemical.com\/hu\/wp-json\/wp\/v2\/media?parent=3552"}],"wp:term":[{"taxonomy":"product_brand","embeddable":true,"href":"https:\/\/longchangchemical.com\/hu\/wp-json\/wp\/v2\/product_brand?post=3552"},{"taxonomy":"product_cat","embeddable":true,"href":"https:\/\/longchangchemical.com\/hu\/wp-json\/wp\/v2\/product_cat?post=3552"},{"taxonomy":"product_tag","embeddable":true,"href":"https:\/\/longchangchemical.com\/hu\/wp-json\/wp\/v2\/product_tag?post=3552"}],"curies":[{"name":"wp","href":"https:\/\/api.w.org\/{rel}","templated":true}]}}