{"id":3550,"date":"2023-11-14T09:21:13","date_gmt":"2023-11-14T09:21:13","guid":{"rendered":"https:\/\/longchangchemical.com\/?post_type=product&#038;p=3550"},"modified":"2025-12-15T06:46:28","modified_gmt":"2025-12-15T06:46:28","slug":"ammonium-polyphosphate-cas-68333-79-9","status":"publish","type":"product","link":"https:\/\/longchangchemical.com\/hu\/product\/ammonium-polyphosphate-cas-68333-79-9\/","title":{"rendered":"CHLUMIFLEX\u00ae APP \/ amm\u00f3nium-polifoszf\u00e1t CAS 68333-79-9"},"content":{"rendered":"<p>&nbsp;<\/p>\n<table class=\"table-1\" cellspacing=\"0\">\n<tbody>\n<tr>\n<td>Megjelen\u00e9s<\/td>\n<td>Feh\u00e9r por<\/td>\n<td>Feh\u00e9r por<\/td>\n<\/tr>\n<tr>\n<td>P<sub>2<\/sub>O<sub>5<\/sub><\/td>\n<td>\u226571%<\/td>\n<td>71.15%<\/td>\n<\/tr>\n<tr>\n<td>N<\/td>\n<td>\u226514%<\/td>\n<td>14.48%<\/td>\n<\/tr>\n<tr>\n<td>pH (25 \u2103 10%A vizes oldat )<\/td>\n<td>5.0-7.5<\/td>\n<td>6.49<\/td>\n<\/tr>\n<tr>\n<td>Oldhat\u00f3s\u00e1g (25 \u210310%A vizes oldat)<\/td>\n<td>\u22640,5%<\/td>\n<td>0.37%<\/td>\n<\/tr>\n<tr>\n<td>Viszkozit\u00e1s (25 \u210310%A vizes oldat)<\/td>\n<td>\u2264100m Pa.s<\/td>\n<td>70<\/td>\n<\/tr>\n<tr>\n<td>n<\/td>\n<td>\u22651000<\/td>\n<td>Megfelel<\/td>\n<\/tr>\n<tr>\n<td>Szemcsem\u00e9ret<\/td>\n<td>10-16\u03bc m<\/td>\n<td>Megfelel<\/td>\n<\/tr>\n<tr>\n<td>R\u00e9szecskem\u00e9ret (D50)<\/td>\n<td>6,0-15,0\u03bc m<\/td>\n<td>10.93<\/td>\n<\/tr>\n<\/tbody>\n<\/table>\n<p><strong>Amm\u00f3nium-polfoszf\u00e1t felhaszn\u00e1l\u00e1s<\/strong><\/p>\n<p>1. L\u00e1ng\u00e1ll\u00f3 sz\u00e1lak, fa, m\u0171anyagok, t\u0171z\u00e1ll\u00f3 bevonatok stb. l\u00e1ngmentes\u00edt\u0151 anyagak\u00e9nt haszn\u00e1lj\u00e1k.<\/p>\n<p>2. M\u0171tr\u00e1gyak\u00e9nt haszn\u00e1lhat\u00f3. Felhaszn\u00e1l\u00e1s Szervetlen adal\u00e9kanyag \u00e9g\u00e9sg\u00e1tl\u00f3, amelyet \u00e9g\u00e9sg\u00e1tl\u00f3 bevonatok, \u00e9g\u00e9sg\u00e1tl\u00f3 m\u0171anyagok \u00e9s \u00e9g\u00e9sg\u00e1tl\u00f3 gumiterm\u00e9kek stb. gy\u00e1rt\u00e1s\u00e1hoz haszn\u00e1lnak. Felhaszn\u00e1l\u00e1s Sz\u00f6vetjav\u00edt\u00f3;<\/p>\n<p>3. Emulge\u00e1l\u00f3szer; stabiliz\u00e1tor; kel\u00e1tk\u00e9pz\u0151 szer; \u00e9leszt\u0151eledel; p\u00e1col\u00f3 seg\u00e9danyag; v\u00edzmegk\u00f6t\u0151 szer. Sajtokban stb. haszn\u00e1latos.<\/p>\n<p>&nbsp;<\/p>\n<p><strong>Amm\u00f3nium-polifoszf\u00e1t Csomagol\u00e1s \u00e9s sz\u00e1ll\u00edt\u00e1s<\/strong><\/p>\n<p>Csomagol\u00e1s: 25 kg\/zs\u00e1k<\/p>\n<p>&nbsp;<\/p>\n<p><strong>Amm\u00f3nium-polfoszf\u00e1t t\u00e1rol\u00e1sa<\/strong><\/p>\n<p>H\u0171v\u00f6s, sz\u00e1raz \u00e9s szell\u0151ztetett helyen, napf\u00e9nyt\u0151l v\u00e9dett helyen t\u00e1roljuk.<\/p>\n<h2><strong><b>L\u00e9pjen kapcsolatba vel\u00fcnk most!<\/b><\/strong><\/h2>\n<h4><strong><b>Ha COA, MSDS vagy TDS-re van sz\u00fcks\u00e9ge, k\u00e9rj\u00fck, t\u00f6ltse ki el\u00e9rhet\u0151s\u00e9g\u00e9t az al\u00e1bbi \u0171rlapon, \u00e1ltal\u00e1ban 24 \u00f3r\u00e1n bel\u00fcl felvessz\u00fck \u00d6nnel a kapcsolatot. \u00d6n is k\u00fcldhet nekem e-mailt\u00a0<a href=\"mailto:info@longchangchemical.com\"><span style=\"color: #00ccff;\">info@longchangchemical.com<\/span><\/a>\u00a0munkaid\u0151ben ( 8:30-18:00 UTC+8 H.-Szombat ) vagy haszn\u00e1lja a weboldal \u00e9l\u0151 chatj\u00e9t, hogy azonnali v\u00e1laszt kapjon.<\/b><\/strong><\/h4>","protected":false},"excerpt":{"rendered":"<p>K\u00e9miai n\u00e9v: amm\u00f3nium-polfoszf\u00e1t<\/p>\n<p>CAS-sz\u00e1m: 68333-79-9<\/p>\n<p>Molekula k\u00e9plet:H12N3O4P<\/p>\n<p>Molekulat\u00f6meg:149,086741<\/p>\n<p>&nbsp;<\/p>\n<p>Molekulaszerkezet:<img decoding=\"async\" title=\"Amm\u00f3nium-polfoszf\u00e1t szerkezet\" src=\"https:\/\/www.longchangchemical.com\/wp-content\/uploads\/product-details\/20200611224447.png\" alt=\"Amm\u00f3nium-polfoszf\u00e1t szerkezet\" width=\"180\" height=\"179\" border=\"0\" vspace=\"0\" \/><\/p>\n<p>Megjelen\u00e9s: feh\u00e9r por<\/p>\n<p>Anal\u00edzis:71%min<\/p>","protected":false},"featured_media":6286,"comment_status":"open","ping_status":"closed","template":"","meta":[],"product_brand":[],"product_cat":[111],"product_tag":[],"class_list":{"0":"post-3550","1":"product","2":"type-product","3":"status-publish","4":"has-post-thumbnail","6":"product_cat-plasticizer","8":"first","9":"instock","10":"shipping-taxable","11":"product-type-simple"},"yoast_head":"<!-- This site is optimized with the Yoast SEO plugin v25.3.1 - https:\/\/yoast.com\/wordpress\/plugins\/seo\/ -->\n<title>China CHLUMIFLEX\u00ae APP \/ Ammonium Polyphosphate CAS 68333-79-9 Manufacturer - Longchang Chemical<\/title>\n<meta name=\"description\" content=\"CHLUMIFLEX\u00ae APP \/ Ammonium Polyphosphate CAS 68333-79-9 is a key product of Longchang Chemical. We provide the best price. We are the leading manufacturer in China with the best quality and competitive price.\" \/>\n<meta name=\"robots\" content=\"index, follow, max-snippet:-1, max-image-preview:large, max-video-preview:-1\" \/>\n<link rel=\"canonical\" href=\"https:\/\/longchangchemical.com\/hu\/product\/ammonium-polyphosphate-cas-68333-79-9\/\" \/>\n<meta property=\"og:locale\" content=\"hu_HU\" \/>\n<meta property=\"og:type\" content=\"article\" \/>\n<meta property=\"og:title\" content=\"China CHLUMIFLEX\u00ae APP \/ Ammonium Polyphosphate CAS 68333-79-9 Manufacturer - Longchang Chemical\" \/>\n<meta property=\"og:description\" content=\"CHLUMIFLEX\u00ae APP \/ Ammonium Polyphosphate CAS 68333-79-9 is a key product of Longchang Chemical. We provide the best price. We are the leading manufacturer in China with the best quality and competitive price.\" \/>\n<meta property=\"og:url\" content=\"https:\/\/longchangchemical.com\/hu\/product\/ammonium-polyphosphate-cas-68333-79-9\/\" \/>\n<meta property=\"og:site_name\" content=\"Longchang Chemical\" \/>\n<meta property=\"article:modified_time\" content=\"2025-12-15T06:46:28+00:00\" \/>\n<meta property=\"og:image\" content=\"https:\/\/longchangchemical.com\/wp-content\/uploads\/2021\/01\/Ammonium-Polyphosphate.gif\" \/>\n\t<meta property=\"og:image:width\" content=\"327\" \/>\n\t<meta property=\"og:image:height\" content=\"325\" \/>\n\t<meta property=\"og:image:type\" content=\"image\/gif\" \/>\n<meta name=\"twitter:card\" content=\"summary_large_image\" \/>\n<script type=\"application\/ld+json\" class=\"yoast-schema-graph\">{\"@context\":\"https:\/\/schema.org\",\"@graph\":[{\"@type\":\"WebPage\",\"@id\":\"https:\/\/longchangchemical.com\/product\/ammonium-polyphosphate-cas-68333-79-9\/\",\"url\":\"https:\/\/longchangchemical.com\/product\/ammonium-polyphosphate-cas-68333-79-9\/\",\"name\":\"China CHLUMIFLEX\u00ae APP \/ Ammonium Polyphosphate CAS 68333-79-9 Manufacturer - Longchang Chemical\",\"isPartOf\":{\"@id\":\"https:\/\/longchangchemical.com\/#website\"},\"primaryImageOfPage\":{\"@id\":\"https:\/\/longchangchemical.com\/product\/ammonium-polyphosphate-cas-68333-79-9\/#primaryimage\"},\"image\":{\"@id\":\"https:\/\/longchangchemical.com\/product\/ammonium-polyphosphate-cas-68333-79-9\/#primaryimage\"},\"thumbnailUrl\":\"https:\/\/longchangchemical.com\/wp-content\/uploads\/2021\/01\/Ammonium-Polyphosphate.gif\",\"datePublished\":\"2023-11-14T09:21:13+00:00\",\"dateModified\":\"2025-12-15T06:46:28+00:00\",\"description\":\"CHLUMIFLEX\u00ae APP \/ Ammonium Polyphosphate CAS 68333-79-9 is a key product of Longchang Chemical. We provide the best price. We are the leading manufacturer in China with the best quality and competitive price.\",\"breadcrumb\":{\"@id\":\"https:\/\/longchangchemical.com\/product\/ammonium-polyphosphate-cas-68333-79-9\/#breadcrumb\"},\"inLanguage\":\"hu\",\"potentialAction\":[{\"@type\":\"ReadAction\",\"target\":[\"https:\/\/longchangchemical.com\/product\/ammonium-polyphosphate-cas-68333-79-9\/\"]}]},{\"@type\":\"ImageObject\",\"inLanguage\":\"hu\",\"@id\":\"https:\/\/longchangchemical.com\/product\/ammonium-polyphosphate-cas-68333-79-9\/#primaryimage\",\"url\":\"https:\/\/longchangchemical.com\/wp-content\/uploads\/2021\/01\/Ammonium-Polyphosphate.gif\",\"contentUrl\":\"https:\/\/longchangchemical.com\/wp-content\/uploads\/2021\/01\/Ammonium-Polyphosphate.gif\",\"width\":327,\"height\":325},{\"@type\":\"BreadcrumbList\",\"@id\":\"https:\/\/longchangchemical.com\/product\/ammonium-polyphosphate-cas-68333-79-9\/#breadcrumb\",\"itemListElement\":[{\"@type\":\"ListItem\",\"position\":1,\"name\":\"Home\",\"item\":\"https:\/\/longchangchemical.com\/\"},{\"@type\":\"ListItem\",\"position\":2,\"name\":\"Products Longchang\",\"item\":\"https:\/\/longchangchemical.com\/product\/\"},{\"@type\":\"ListItem\",\"position\":3,\"name\":\"CHLUMIFLEX\u00ae APP \/ Ammonium Polyphosphate CAS 68333-79-9\"}]},{\"@type\":\"WebSite\",\"@id\":\"https:\/\/longchangchemical.com\/#website\",\"url\":\"https:\/\/longchangchemical.com\/\",\"name\":\"Longchang Chemical\",\"description\":\"China chemical manufacturer \uff06 supplier\",\"publisher\":{\"@id\":\"https:\/\/longchangchemical.com\/#organization\"},\"potentialAction\":[{\"@type\":\"SearchAction\",\"target\":{\"@type\":\"EntryPoint\",\"urlTemplate\":\"https:\/\/longchangchemical.com\/?s={search_term_string}\"},\"query-input\":{\"@type\":\"PropertyValueSpecification\",\"valueRequired\":true,\"valueName\":\"search_term_string\"}}],\"inLanguage\":\"hu\"},{\"@type\":\"Organization\",\"@id\":\"https:\/\/longchangchemical.com\/#organization\",\"name\":\"Longchang Chemical\",\"url\":\"https:\/\/longchangchemical.com\/\",\"logo\":{\"@type\":\"ImageObject\",\"inLanguage\":\"hu\",\"@id\":\"https:\/\/longchangchemical.com\/#\/schema\/logo\/image\/\",\"url\":\"https:\/\/longchangchemical.com\/wp-content\/uploads\/2020\/08\/cropped-longchang-logo.png\",\"contentUrl\":\"https:\/\/longchangchemical.com\/wp-content\/uploads\/2020\/08\/cropped-longchang-logo.png\",\"width\":512,\"height\":512,\"caption\":\"Longchang Chemical\"},\"image\":{\"@id\":\"https:\/\/longchangchemical.com\/#\/schema\/logo\/image\/\"}}]}<\/script>\n<!-- \/ Yoast SEO plugin. -->","yoast_head_json":{"title":"K\u00edna CHLUMIFLEX\u00ae APP \/ amm\u00f3nium-polifoszf\u00e1t CAS 68333-79-9 gy\u00e1rt\u00f3 - Longchang Chemical","description":"A CHLUMIFLEX\u00ae APP \/ amm\u00f3nium-polifoszf\u00e1t CAS 68333-79-9 a Longchang Chemical egyik legfontosabb term\u00e9ke. Mi biztos\u00edtjuk a legjobb \u00e1rat. Mi vagyunk a vezet\u0151 gy\u00e1rt\u00f3 K\u00edn\u00e1ban a legjobb min\u0151s\u00e9ggel \u00e9s versenyk\u00e9pes \u00e1rral.","robots":{"index":"index","follow":"follow","max-snippet":"max-snippet:-1","max-image-preview":"max-image-preview:large","max-video-preview":"max-video-preview:-1"},"canonical":"https:\/\/longchangchemical.com\/hu\/product\/ammonium-polyphosphate-cas-68333-79-9\/","og_locale":"hu_HU","og_type":"article","og_title":"China CHLUMIFLEX\u00ae APP \/ Ammonium Polyphosphate CAS 68333-79-9 Manufacturer - Longchang Chemical","og_description":"CHLUMIFLEX\u00ae APP \/ Ammonium Polyphosphate CAS 68333-79-9 is a key product of Longchang Chemical. We provide the best price. We are the leading manufacturer in China with the best quality and competitive price.","og_url":"https:\/\/longchangchemical.com\/hu\/product\/ammonium-polyphosphate-cas-68333-79-9\/","og_site_name":"Longchang Chemical","article_modified_time":"2025-12-15T06:46:28+00:00","og_image":[{"width":327,"height":325,"url":"https:\/\/longchangchemical.com\/wp-content\/uploads\/2021\/01\/Ammonium-Polyphosphate.gif","type":"image\/gif"}],"twitter_card":"summary_large_image","schema":{"@context":"https:\/\/schema.org","@graph":[{"@type":"WebPage","@id":"https:\/\/longchangchemical.com\/product\/ammonium-polyphosphate-cas-68333-79-9\/","url":"https:\/\/longchangchemical.com\/product\/ammonium-polyphosphate-cas-68333-79-9\/","name":"K\u00edna CHLUMIFLEX\u00ae APP \/ amm\u00f3nium-polifoszf\u00e1t CAS 68333-79-9 gy\u00e1rt\u00f3 - Longchang Chemical","isPartOf":{"@id":"https:\/\/longchangchemical.com\/#website"},"primaryImageOfPage":{"@id":"https:\/\/longchangchemical.com\/product\/ammonium-polyphosphate-cas-68333-79-9\/#primaryimage"},"image":{"@id":"https:\/\/longchangchemical.com\/product\/ammonium-polyphosphate-cas-68333-79-9\/#primaryimage"},"thumbnailUrl":"https:\/\/longchangchemical.com\/wp-content\/uploads\/2021\/01\/Ammonium-Polyphosphate.gif","datePublished":"2023-11-14T09:21:13+00:00","dateModified":"2025-12-15T06:46:28+00:00","description":"A CHLUMIFLEX\u00ae APP \/ amm\u00f3nium-polifoszf\u00e1t CAS 68333-79-9 a Longchang Chemical egyik legfontosabb term\u00e9ke. Mi biztos\u00edtjuk a legjobb \u00e1rat. Mi vagyunk a vezet\u0151 gy\u00e1rt\u00f3 K\u00edn\u00e1ban a legjobb min\u0151s\u00e9ggel \u00e9s versenyk\u00e9pes \u00e1rral.","breadcrumb":{"@id":"https:\/\/longchangchemical.com\/product\/ammonium-polyphosphate-cas-68333-79-9\/#breadcrumb"},"inLanguage":"hu","potentialAction":[{"@type":"ReadAction","target":["https:\/\/longchangchemical.com\/product\/ammonium-polyphosphate-cas-68333-79-9\/"]}]},{"@type":"ImageObject","inLanguage":"hu","@id":"https:\/\/longchangchemical.com\/product\/ammonium-polyphosphate-cas-68333-79-9\/#primaryimage","url":"https:\/\/longchangchemical.com\/wp-content\/uploads\/2021\/01\/Ammonium-Polyphosphate.gif","contentUrl":"https:\/\/longchangchemical.com\/wp-content\/uploads\/2021\/01\/Ammonium-Polyphosphate.gif","width":327,"height":325},{"@type":"BreadcrumbList","@id":"https:\/\/longchangchemical.com\/product\/ammonium-polyphosphate-cas-68333-79-9\/#breadcrumb","itemListElement":[{"@type":"ListItem","position":1,"name":"Home","item":"https:\/\/longchangchemical.com\/"},{"@type":"ListItem","position":2,"name":"Products Longchang","item":"https:\/\/longchangchemical.com\/product\/"},{"@type":"ListItem","position":3,"name":"CHLUMIFLEX\u00ae APP \/ Ammonium Polyphosphate CAS 68333-79-9"}]},{"@type":"WebSite","@id":"https:\/\/longchangchemical.com\/#website","url":"https:\/\/longchangchemical.com\/","name":"Longchang Chemical","description":"K\u00edna k\u00e9miai gy\u00e1rt\u00f3 \uff06 sz\u00e1ll\u00edt\u00f3","publisher":{"@id":"https:\/\/longchangchemical.com\/#organization"},"potentialAction":[{"@type":"SearchAction","target":{"@type":"EntryPoint","urlTemplate":"https:\/\/longchangchemical.com\/?s={search_term_string}"},"query-input":{"@type":"PropertyValueSpecification","valueRequired":true,"valueName":"search_term_string"}}],"inLanguage":"hu"},{"@type":"Organization","@id":"https:\/\/longchangchemical.com\/#organization","name":"Longchang Chemical","url":"https:\/\/longchangchemical.com\/","logo":{"@type":"ImageObject","inLanguage":"hu","@id":"https:\/\/longchangchemical.com\/#\/schema\/logo\/image\/","url":"https:\/\/longchangchemical.com\/wp-content\/uploads\/2020\/08\/cropped-longchang-logo.png","contentUrl":"https:\/\/longchangchemical.com\/wp-content\/uploads\/2020\/08\/cropped-longchang-logo.png","width":512,"height":512,"caption":"Longchang Chemical"},"image":{"@id":"https:\/\/longchangchemical.com\/#\/schema\/logo\/image\/"}}]}},"_links":{"self":[{"href":"https:\/\/longchangchemical.com\/hu\/wp-json\/wp\/v2\/product\/3550","targetHints":{"allow":["GET"]}}],"collection":[{"href":"https:\/\/longchangchemical.com\/hu\/wp-json\/wp\/v2\/product"}],"about":[{"href":"https:\/\/longchangchemical.com\/hu\/wp-json\/wp\/v2\/types\/product"}],"replies":[{"embeddable":true,"href":"https:\/\/longchangchemical.com\/hu\/wp-json\/wp\/v2\/comments?post=3550"}],"wp:featuredmedia":[{"embeddable":true,"href":"https:\/\/longchangchemical.com\/hu\/wp-json\/wp\/v2\/media\/6286"}],"wp:attachment":[{"href":"https:\/\/longchangchemical.com\/hu\/wp-json\/wp\/v2\/media?parent=3550"}],"wp:term":[{"taxonomy":"product_brand","embeddable":true,"href":"https:\/\/longchangchemical.com\/hu\/wp-json\/wp\/v2\/product_brand?post=3550"},{"taxonomy":"product_cat","embeddable":true,"href":"https:\/\/longchangchemical.com\/hu\/wp-json\/wp\/v2\/product_cat?post=3550"},{"taxonomy":"product_tag","embeddable":true,"href":"https:\/\/longchangchemical.com\/hu\/wp-json\/wp\/v2\/product_tag?post=3550"}],"curies":[{"name":"wp","href":"https:\/\/api.w.org\/{rel}","templated":true}]}}