{"id":3538,"date":"2021-02-07T13:21:35","date_gmt":"2021-02-07T13:21:35","guid":{"rendered":"https:\/\/longchangchemical.com\/?post_type=product&#038;p=3538"},"modified":"2025-04-01T07:40:27","modified_gmt":"2025-04-01T07:40:27","slug":"4-hydroxy-tempo-cas-2226-96-2","status":"publish","type":"product","link":"https:\/\/longchangchemical.com\/hu\/product\/4-hydroxy-tempo-cas-2226-96-2\/","title":{"rendered":"CHLUMINIT\u00ae 701 \/ Polimeriz\u00e1ci\u00f3s inhibitor 701 \/ 4-Hidroxi-tempo CAS 2226-96-2"},"content":{"rendered":"<h2>Polimeriz\u00e1ci\u00f3s inhibitor 701 \/ 4-Hidroxi-tempo CAS 2226-96-2<\/h2>\n<table class=\"table-1\" cellspacing=\"0\">\n<tbody>\n<tr>\n<td valign=\"center\" width=\"266\">\n<h4><strong>T\u00e9tel<\/strong><\/h4>\n<\/td>\n<td valign=\"center\" width=\"300\">\n<h4><strong>M\u0171szaki adatok<\/strong><\/h4>\n<\/td>\n<\/tr>\n<tr>\n<td valign=\"center\" width=\"266\">\n<h4>Megjelen\u00e9s<\/h4>\n<\/td>\n<td valign=\"center\" width=\"300\">\n<h4>S\u00f6t\u00e9t narancs pelyhek<\/h4>\n<\/td>\n<\/tr>\n<tr>\n<td valign=\"center\" width=\"266\">\n<h4>Ash<\/h4>\n<\/td>\n<td valign=\"center\" width=\"300\">\n<h4>0,10%max<\/h4>\n<\/td>\n<\/tr>\n<tr>\n<td valign=\"center\" width=\"266\">\n<h4>Assay (GC)<\/h4>\n<\/td>\n<td valign=\"center\" width=\"300\">\n<h4>99.0%min<\/h4>\n<\/td>\n<\/tr>\n<tr>\n<td valign=\"center\" width=\"266\">\n<h4>Olvad\u00e1spont<\/h4>\n<\/td>\n<td valign=\"center\" width=\"300\">\n<h4>70.0~72.0\u2103<\/h4>\n<\/td>\n<\/tr>\n<tr>\n<td valign=\"center\" width=\"266\">\n<h4>V\u00edztartalom<\/h4>\n<\/td>\n<td valign=\"center\" width=\"300\">\n<h4>0,50%max<\/h4>\n<\/td>\n<\/tr>\n<tr>\n<td valign=\"center\" width=\"266\">\n<h4>Toluolban nem old\u00f3dik<\/h4>\n<\/td>\n<td valign=\"center\" width=\"300\">\n<h4>0.5%<\/h4>\n<\/td>\n<\/tr>\n<\/tbody>\n<\/table>\n<p>&nbsp;<\/p>\n<p>&nbsp;<\/p>\n<h2><strong>4-Hydroxy TEMPO Haszn\u00e1lat<\/strong><\/h2>\n<h4>1. A 701-es inhibitor j\u00f3 g\u00e1tl\u00f3 hat\u00e1ssal van az akril\u00e1tokra, metakril\u00e1tokra, akrilsavra, akrilnitrilre, sztirolra \u00e9s butadi\u00e9nre.<\/h4>\n<h4>2. Polimeriz\u00e1ci\u00f3g\u00e1tl\u00f3 teljes\u00edtm\u00e9nye jobb, mint a fenolok, arom\u00e1s aminok, \u00e9terek, kinonok \u00e9s nitrovegy\u00fcletek \u00e9s m\u00e1s polimeriz\u00e1ci\u00f3s inhibitorok, helyettes\u00edtheti a hidrokinont, \u00e9s polimeriz\u00e1ci\u00f3g\u00e1tl\u00f3 hat\u00e1sa k\u00f6r\u00fclbel\u00fcl 4-szerese a hidrokinonnak.<\/h4>\n<h4>3. A 701-es inhibitor az olefin monomerek \u00f6npolimeriz\u00e1ci\u00f3j\u00e1nak megakad\u00e1lyoz\u00e1s\u00e1ra szolg\u00e1l a gy\u00e1rt\u00e1s, sz\u00e9tv\u00e1laszt\u00e1s, finom\u00edt\u00e1s, t\u00e1rol\u00e1s vagy sz\u00e1ll\u00edt\u00e1s sor\u00e1n, valamint az olefinek \u00e9s sz\u00e1rmaz\u00e9kaik polimeriz\u00e1ci\u00f3s fok\u00e1nak szab\u00e1lyoz\u00e1s\u00e1ra \u00e9s be\u00e1ll\u00edt\u00e1s\u00e1ra.<\/h4>\n<h4>4. A 701-es polimeriz\u00e1ci\u00f3s inhibitor spinjel\u00f6l\u0151k\u00e9nt haszn\u00e1lhat\u00f3 biol\u00f3giai vegy\u00fcletek \u00e9s polimerek vizsg\u00e1lat\u00e1ra; a spinjel\u00f6l\u0151 reagens az NK1-receptor antagonist\u00e1k \u00e9s agonist\u00e1k k\u00f6t\u0151helyeinek azonos\u00edt\u00e1s\u00e1ra szolg\u00e1l, \u00e9s felhaszn\u00e1lhat\u00f3 elektron spinrezonancia spektroszk\u00f3pi\u00e1s m\u00f3dszerhez is a reakt\u00edv oxig\u00e9nfajok sz\u00edvizomban t\u00f6rt\u00e9n\u0151 termel\u00e9s\u00e9nek meghat\u00e1roz\u00e1s\u00e1ra;<\/h4>\n<h4>5. A TEMPOL k\u00e9pes megv\u00e9deni a CYP2E1-et t\u00falreprezent\u00e1l\u00f3 sejteket az arachidonsav toxikus k\u00e1rosod\u00e1s\u00e1t\u00f3l; fluorral jel\u00f6lt TEMPO-sz\u00e1rmaz\u00e9kok el\u0151\u00e1ll\u00edt\u00e1s\u00e1ra haszn\u00e1lhat\u00f3 derivatiz\u00e1lt TEMPO-propinil\u00e9terb\u0151l \u00e9s az azt k\u00f6vet\u0151 \"click\"-reakci\u00f3b\u00f3l fluoroaziddal;<\/h4>\n<h4>6. A 701-es inhibitort nagy hat\u00e9konys\u00e1g\u00fa kataliz\u00e1tork\u00e9nt haszn\u00e1lj\u00e1k az alkohol \u00e9s a feh\u00e9r\u00edt\u0151szer oxid\u00e1ci\u00f3s reakci\u00f3j\u00e1ban.<\/h4>\n<p>&nbsp;<\/p>\n<h2><strong>4-Hidroxi TEMPO csomag<\/strong><\/h2>\n<h4>Rostdob nagynyom\u00e1s\u00fa polietil\u00e9n f\u00f3liazs\u00e1kkal 25 kg\/dob belsej\u00e9ben, az \u00fcgyf\u00e9l meg\u00e1llapod\u00e1sa szerint is csomagolhat\u00f3.<\/h4>\n<p>&nbsp;<\/p>\n<h2><strong>4-Hidroxi TEMPO t\u00e1rol\u00e1sa<\/strong><\/h2>\n<h4>K\u00f6nnyen felsz\u00edvja a nedvess\u00e9get. L\u00e9gmentesen \u00e9s sz\u00e1raz k\u00f6r\u00fclm\u00e9nyek k\u00f6z\u00f6tt kell t\u00e1rolni. \u00c9ps\u00e9gben kell tartani, \u00e9s szell\u0151ztetett \u00e9s rendezett rakt\u00e1rban kell t\u00e1rolni, hogy elker\u00fclhet\u0151 legyen, hogy m\u00e1s savas vegyszerekkel egy\u00fctt t\u00e1rolj\u00e1k.<\/h4>\n<p>&nbsp;<\/p>\n<h2><strong><b>L\u00e9pjen kapcsolatba vel\u00fcnk most!<\/b><\/strong><\/h2>\n<h4><strong><b>Ha COA, MSDS vagy TDS-re van sz\u00fcks\u00e9ge, k\u00e9rj\u00fck, t\u00f6ltse ki el\u00e9rhet\u0151s\u00e9g\u00e9t az al\u00e1bbi \u0171rlapon, \u00e1ltal\u00e1ban 24 \u00f3r\u00e1n bel\u00fcl felvessz\u00fck \u00d6nnel a kapcsolatot.<\/b><\/strong><strong><b>\u00a0\u00d6n is k\u00fcldhet nekem e-mailt <span style=\"color: #3366ff;\"><a style=\"color: #3366ff;\" href=\"mailto:info@longchangchemical.com\">info@longchangchemical.com<\/a><\/span> munkaid\u0151ben ( 8:30-18:00 UTC+8 H.-Szombat ) vagy haszn\u00e1lja a weboldal \u00e9l\u0151 chatj\u00e9t, hogy azonnali v\u00e1laszt kapjon.<\/b><\/strong><\/h4>","protected":false},"excerpt":{"rendered":"<h4>Term\u00e9k neve: 4-Hidroxi-TEMPO<\/h4>\n<h4>CASNo.: 2226-96-2<\/h4>\n<h4>Molekul\u00e1ris k\u00e9plet:C9H18NO2<\/h4>\n<h4>Molekulat\u00f6meg: 172,24<\/h4>\n<h4>K\u00e9miai szerkezet:<img decoding=\"async\" title=\"4-Hidroxi-TEMPO szerkezet\" src=\"https:\/\/www.longchangchemical.com\/wp-content\/uploads\/product-details\/20200616326347.png\" alt=\"4-Hidroxi-TEMPO szerkezet\" width=\"108\" height=\"77\" border=\"0\" vspace=\"0\" \/><\/h4>\n<h4>Megjelen\u00e9s: S\u00f6t\u00e9t narancss\u00e1rga pelyhek<\/h4>\n<h4>Pr\u00f3ba: 99.8%<\/h4>\n<h4>Ingatlan: V\u00edzben old\u00f3dik, etanolban, benzolban \u00e9s m\u00e1s szerves old\u00f3szerekben old\u00f3dik.<\/h4>","protected":false},"featured_media":4736,"comment_status":"open","ping_status":"closed","template":"","meta":[],"product_brand":[],"product_cat":[186],"product_tag":[],"class_list":{"0":"post-3538","1":"product","2":"type-product","3":"status-publish","4":"has-post-thumbnail","6":"product_cat-polymerization-inhibitor","8":"first","9":"instock","10":"shipping-taxable","11":"product-type-simple"},"yoast_head":"<!-- This site is optimized with the Yoast SEO plugin v25.3.1 - https:\/\/yoast.com\/wordpress\/plugins\/seo\/ -->\n<title>China Polymerization inhibitor 701 \/ 4-Hydroxy-TEMPO Manufacturer \uff06 Supplier - Longchang chemical Co., Ltd.<\/title>\n<meta name=\"description\" content=\"Longchang Chemical is a leading manufacturer and supplier of 4-Hydroxy-TEMPO in China. Buy 4-Hydroxy-2,2,6,6-tetramethyl-piperidinooxy in china. We can provide the best 4-Hydroxy-TEMPO price.\" \/>\n<meta name=\"robots\" content=\"index, follow, max-snippet:-1, max-image-preview:large, max-video-preview:-1\" \/>\n<link rel=\"canonical\" href=\"https:\/\/longchangchemical.com\/hu\/product\/4-hydroxy-tempo-cas-2226-96-2\/\" \/>\n<meta property=\"og:locale\" content=\"hu_HU\" \/>\n<meta property=\"og:type\" content=\"article\" \/>\n<meta property=\"og:title\" content=\"China Polymerization inhibitor 701 \/ 4-Hydroxy-TEMPO Manufacturer \uff06 Supplier - Longchang chemical Co., Ltd.\" \/>\n<meta property=\"og:description\" content=\"Longchang Chemical is a leading manufacturer and supplier of 4-Hydroxy-TEMPO in China. Buy 4-Hydroxy-2,2,6,6-tetramethyl-piperidinooxy in china. We can provide the best 4-Hydroxy-TEMPO price.\" \/>\n<meta property=\"og:url\" content=\"https:\/\/longchangchemical.com\/hu\/product\/4-hydroxy-tempo-cas-2226-96-2\/\" \/>\n<meta property=\"og:site_name\" content=\"Longchang Chemical\" \/>\n<meta property=\"article:modified_time\" content=\"2025-04-01T07:40:27+00:00\" \/>\n<meta property=\"og:image\" content=\"https:\/\/longchangchemical.com\/wp-content\/uploads\/2021\/02\/4-Hydroxy-tempo-Appearance.jpg\" \/>\n\t<meta property=\"og:image:width\" content=\"600\" \/>\n\t<meta property=\"og:image:height\" content=\"800\" \/>\n\t<meta property=\"og:image:type\" content=\"image\/jpeg\" \/>\n<meta name=\"twitter:card\" content=\"summary_large_image\" \/>\n<script type=\"application\/ld+json\" class=\"yoast-schema-graph\">{\"@context\":\"https:\/\/schema.org\",\"@graph\":[{\"@type\":\"WebPage\",\"@id\":\"https:\/\/longchangchemical.com\/product\/4-hydroxy-tempo-cas-2226-96-2\/\",\"url\":\"https:\/\/longchangchemical.com\/product\/4-hydroxy-tempo-cas-2226-96-2\/\",\"name\":\"China Polymerization inhibitor 701 \/ 4-Hydroxy-TEMPO Manufacturer \uff06 Supplier - Longchang chemical Co., Ltd.\",\"isPartOf\":{\"@id\":\"https:\/\/longchangchemical.com\/#website\"},\"primaryImageOfPage\":{\"@id\":\"https:\/\/longchangchemical.com\/product\/4-hydroxy-tempo-cas-2226-96-2\/#primaryimage\"},\"image\":{\"@id\":\"https:\/\/longchangchemical.com\/product\/4-hydroxy-tempo-cas-2226-96-2\/#primaryimage\"},\"thumbnailUrl\":\"https:\/\/longchangchemical.com\/wp-content\/uploads\/2021\/02\/4-Hydroxy-tempo-Appearance.jpg\",\"datePublished\":\"2021-02-07T13:21:35+00:00\",\"dateModified\":\"2025-04-01T07:40:27+00:00\",\"description\":\"Longchang Chemical is a leading manufacturer and supplier of 4-Hydroxy-TEMPO in China. Buy 4-Hydroxy-2,2,6,6-tetramethyl-piperidinooxy in china. We can provide the best 4-Hydroxy-TEMPO price.\",\"breadcrumb\":{\"@id\":\"https:\/\/longchangchemical.com\/product\/4-hydroxy-tempo-cas-2226-96-2\/#breadcrumb\"},\"inLanguage\":\"hu\",\"potentialAction\":[{\"@type\":\"ReadAction\",\"target\":[\"https:\/\/longchangchemical.com\/product\/4-hydroxy-tempo-cas-2226-96-2\/\"]}]},{\"@type\":\"ImageObject\",\"inLanguage\":\"hu\",\"@id\":\"https:\/\/longchangchemical.com\/product\/4-hydroxy-tempo-cas-2226-96-2\/#primaryimage\",\"url\":\"https:\/\/longchangchemical.com\/wp-content\/uploads\/2021\/02\/4-Hydroxy-tempo-Appearance.jpg\",\"contentUrl\":\"https:\/\/longchangchemical.com\/wp-content\/uploads\/2021\/02\/4-Hydroxy-tempo-Appearance.jpg\",\"width\":600,\"height\":800},{\"@type\":\"BreadcrumbList\",\"@id\":\"https:\/\/longchangchemical.com\/product\/4-hydroxy-tempo-cas-2226-96-2\/#breadcrumb\",\"itemListElement\":[{\"@type\":\"ListItem\",\"position\":1,\"name\":\"Home\",\"item\":\"https:\/\/longchangchemical.com\/\"},{\"@type\":\"ListItem\",\"position\":2,\"name\":\"Products Longchang\",\"item\":\"https:\/\/longchangchemical.com\/product\/\"},{\"@type\":\"ListItem\",\"position\":3,\"name\":\"CHLUMINIT\u00ae 701 \/ Polymerization inhibitor 701 \/ 4-Hydroxy-tempo CAS 2226-96-2\"}]},{\"@type\":\"WebSite\",\"@id\":\"https:\/\/longchangchemical.com\/#website\",\"url\":\"https:\/\/longchangchemical.com\/\",\"name\":\"Longchang Chemical\",\"description\":\"China chemical manufacturer \uff06 supplier\",\"publisher\":{\"@id\":\"https:\/\/longchangchemical.com\/#organization\"},\"potentialAction\":[{\"@type\":\"SearchAction\",\"target\":{\"@type\":\"EntryPoint\",\"urlTemplate\":\"https:\/\/longchangchemical.com\/?s={search_term_string}\"},\"query-input\":{\"@type\":\"PropertyValueSpecification\",\"valueRequired\":true,\"valueName\":\"search_term_string\"}}],\"inLanguage\":\"hu\"},{\"@type\":\"Organization\",\"@id\":\"https:\/\/longchangchemical.com\/#organization\",\"name\":\"Longchang Chemical\",\"url\":\"https:\/\/longchangchemical.com\/\",\"logo\":{\"@type\":\"ImageObject\",\"inLanguage\":\"hu\",\"@id\":\"https:\/\/longchangchemical.com\/#\/schema\/logo\/image\/\",\"url\":\"https:\/\/longchangchemical.com\/wp-content\/uploads\/2020\/08\/cropped-longchang-logo.png\",\"contentUrl\":\"https:\/\/longchangchemical.com\/wp-content\/uploads\/2020\/08\/cropped-longchang-logo.png\",\"width\":512,\"height\":512,\"caption\":\"Longchang Chemical\"},\"image\":{\"@id\":\"https:\/\/longchangchemical.com\/#\/schema\/logo\/image\/\"}}]}<\/script>\n<!-- \/ Yoast SEO plugin. -->","yoast_head_json":{"title":"K\u00edna Polimeriz\u00e1ci\u00f3s inhibitor 701 \/ 4-Hydroxy-TEMPO Gy\u00e1rt\u00f3 \uff06 Sz\u00e1ll\u00edt\u00f3 - Longchang Chemical Co., Ltd.","description":"A Longchang Chemical a 4-Hydroxy-TEMPO vezet\u0151 gy\u00e1rt\u00f3ja \u00e9s sz\u00e1ll\u00edt\u00f3ja K\u00edn\u00e1ban. V\u00e1s\u00e1roljon 4-Hidroxi-2,2,6,6,6-tetrametil-piperidinooxy-t K\u00edn\u00e1ban. A legjobb 4-Hydroxy-TEMPO \u00e1rat tudjuk biztos\u00edtani.","robots":{"index":"index","follow":"follow","max-snippet":"max-snippet:-1","max-image-preview":"max-image-preview:large","max-video-preview":"max-video-preview:-1"},"canonical":"https:\/\/longchangchemical.com\/hu\/product\/4-hydroxy-tempo-cas-2226-96-2\/","og_locale":"hu_HU","og_type":"article","og_title":"China Polymerization inhibitor 701 \/ 4-Hydroxy-TEMPO Manufacturer \uff06 Supplier - Longchang chemical Co., Ltd.","og_description":"Longchang Chemical is a leading manufacturer and supplier of 4-Hydroxy-TEMPO in China. Buy 4-Hydroxy-2,2,6,6-tetramethyl-piperidinooxy in china. We can provide the best 4-Hydroxy-TEMPO price.","og_url":"https:\/\/longchangchemical.com\/hu\/product\/4-hydroxy-tempo-cas-2226-96-2\/","og_site_name":"Longchang Chemical","article_modified_time":"2025-04-01T07:40:27+00:00","og_image":[{"width":600,"height":800,"url":"https:\/\/longchangchemical.com\/wp-content\/uploads\/2021\/02\/4-Hydroxy-tempo-Appearance.jpg","type":"image\/jpeg"}],"twitter_card":"summary_large_image","schema":{"@context":"https:\/\/schema.org","@graph":[{"@type":"WebPage","@id":"https:\/\/longchangchemical.com\/product\/4-hydroxy-tempo-cas-2226-96-2\/","url":"https:\/\/longchangchemical.com\/product\/4-hydroxy-tempo-cas-2226-96-2\/","name":"K\u00edna Polimeriz\u00e1ci\u00f3s inhibitor 701 \/ 4-Hydroxy-TEMPO Gy\u00e1rt\u00f3 \uff06 Sz\u00e1ll\u00edt\u00f3 - Longchang Chemical Co., Ltd.","isPartOf":{"@id":"https:\/\/longchangchemical.com\/#website"},"primaryImageOfPage":{"@id":"https:\/\/longchangchemical.com\/product\/4-hydroxy-tempo-cas-2226-96-2\/#primaryimage"},"image":{"@id":"https:\/\/longchangchemical.com\/product\/4-hydroxy-tempo-cas-2226-96-2\/#primaryimage"},"thumbnailUrl":"https:\/\/longchangchemical.com\/wp-content\/uploads\/2021\/02\/4-Hydroxy-tempo-Appearance.jpg","datePublished":"2021-02-07T13:21:35+00:00","dateModified":"2025-04-01T07:40:27+00:00","description":"A Longchang Chemical a 4-Hydroxy-TEMPO vezet\u0151 gy\u00e1rt\u00f3ja \u00e9s sz\u00e1ll\u00edt\u00f3ja K\u00edn\u00e1ban. V\u00e1s\u00e1roljon 4-Hidroxi-2,2,6,6,6-tetrametil-piperidinooxy-t K\u00edn\u00e1ban. A legjobb 4-Hydroxy-TEMPO \u00e1rat tudjuk biztos\u00edtani.","breadcrumb":{"@id":"https:\/\/longchangchemical.com\/product\/4-hydroxy-tempo-cas-2226-96-2\/#breadcrumb"},"inLanguage":"hu","potentialAction":[{"@type":"ReadAction","target":["https:\/\/longchangchemical.com\/product\/4-hydroxy-tempo-cas-2226-96-2\/"]}]},{"@type":"ImageObject","inLanguage":"hu","@id":"https:\/\/longchangchemical.com\/product\/4-hydroxy-tempo-cas-2226-96-2\/#primaryimage","url":"https:\/\/longchangchemical.com\/wp-content\/uploads\/2021\/02\/4-Hydroxy-tempo-Appearance.jpg","contentUrl":"https:\/\/longchangchemical.com\/wp-content\/uploads\/2021\/02\/4-Hydroxy-tempo-Appearance.jpg","width":600,"height":800},{"@type":"BreadcrumbList","@id":"https:\/\/longchangchemical.com\/product\/4-hydroxy-tempo-cas-2226-96-2\/#breadcrumb","itemListElement":[{"@type":"ListItem","position":1,"name":"Home","item":"https:\/\/longchangchemical.com\/"},{"@type":"ListItem","position":2,"name":"Products Longchang","item":"https:\/\/longchangchemical.com\/product\/"},{"@type":"ListItem","position":3,"name":"CHLUMINIT\u00ae 701 \/ Polymerization inhibitor 701 \/ 4-Hydroxy-tempo CAS 2226-96-2"}]},{"@type":"WebSite","@id":"https:\/\/longchangchemical.com\/#website","url":"https:\/\/longchangchemical.com\/","name":"Longchang Chemical","description":"K\u00edna k\u00e9miai gy\u00e1rt\u00f3 \uff06 sz\u00e1ll\u00edt\u00f3","publisher":{"@id":"https:\/\/longchangchemical.com\/#organization"},"potentialAction":[{"@type":"SearchAction","target":{"@type":"EntryPoint","urlTemplate":"https:\/\/longchangchemical.com\/?s={search_term_string}"},"query-input":{"@type":"PropertyValueSpecification","valueRequired":true,"valueName":"search_term_string"}}],"inLanguage":"hu"},{"@type":"Organization","@id":"https:\/\/longchangchemical.com\/#organization","name":"Longchang Chemical","url":"https:\/\/longchangchemical.com\/","logo":{"@type":"ImageObject","inLanguage":"hu","@id":"https:\/\/longchangchemical.com\/#\/schema\/logo\/image\/","url":"https:\/\/longchangchemical.com\/wp-content\/uploads\/2020\/08\/cropped-longchang-logo.png","contentUrl":"https:\/\/longchangchemical.com\/wp-content\/uploads\/2020\/08\/cropped-longchang-logo.png","width":512,"height":512,"caption":"Longchang Chemical"},"image":{"@id":"https:\/\/longchangchemical.com\/#\/schema\/logo\/image\/"}}]}},"_links":{"self":[{"href":"https:\/\/longchangchemical.com\/hu\/wp-json\/wp\/v2\/product\/3538","targetHints":{"allow":["GET"]}}],"collection":[{"href":"https:\/\/longchangchemical.com\/hu\/wp-json\/wp\/v2\/product"}],"about":[{"href":"https:\/\/longchangchemical.com\/hu\/wp-json\/wp\/v2\/types\/product"}],"replies":[{"embeddable":true,"href":"https:\/\/longchangchemical.com\/hu\/wp-json\/wp\/v2\/comments?post=3538"}],"wp:featuredmedia":[{"embeddable":true,"href":"https:\/\/longchangchemical.com\/hu\/wp-json\/wp\/v2\/media\/4736"}],"wp:attachment":[{"href":"https:\/\/longchangchemical.com\/hu\/wp-json\/wp\/v2\/media?parent=3538"}],"wp:term":[{"taxonomy":"product_brand","embeddable":true,"href":"https:\/\/longchangchemical.com\/hu\/wp-json\/wp\/v2\/product_brand?post=3538"},{"taxonomy":"product_cat","embeddable":true,"href":"https:\/\/longchangchemical.com\/hu\/wp-json\/wp\/v2\/product_cat?post=3538"},{"taxonomy":"product_tag","embeddable":true,"href":"https:\/\/longchangchemical.com\/hu\/wp-json\/wp\/v2\/product_tag?post=3538"}],"curies":[{"name":"wp","href":"https:\/\/api.w.org\/{rel}","templated":true}]}}