{"id":3529,"date":"2021-02-06T12:26:41","date_gmt":"2021-02-06T12:26:41","guid":{"rendered":"https:\/\/longchangchemical.com\/?post_type=product&#038;p=3529"},"modified":"2025-12-23T07:08:14","modified_gmt":"2025-12-23T07:08:14","slug":"edc-hcl-cas-25952-53-8","status":"publish","type":"product","link":"https:\/\/longchangchemical.com\/hu\/product\/edc-hcl-cas-25952-53-8\/","title":{"rendered":"EDC HCL CAS 25952-53-8"},"content":{"rendered":"<h1><strong>EDC HCL CAS 25952-53-8<\/strong><\/h1>\n<table class=\"table-1\" cellspacing=\"0\">\n<tbody>\n<tr>\n<td>\n<h4>T\u00e9tel<\/h4>\n<\/td>\n<td>\n<h4>Standard<\/h4>\n<\/td>\n<td>\n<h4>Eredm\u00e9nyek<\/h4>\n<\/td>\n<\/tr>\n<tr>\n<td>\n<h4>Megjelen\u00e9s<\/h4>\n<\/td>\n<td>\n<h4>Feh\u00e9r vagy halv\u00e1nys\u00e1rga krist\u00e1lyok<\/h4>\n<\/td>\n<td>\n<h4>Feh\u00e9r krist\u00e1lyok<\/h4>\n<\/td>\n<\/tr>\n<tr>\n<td>\n<h4>Assay ,%<\/h4>\n<\/td>\n<td>\n<h4>\u226799<\/h4>\n<\/td>\n<td>\n<h4>99.78<\/h4>\n<\/td>\n<\/tr>\n<tr>\n<td>\n<h4>Olvad\u00e1spont \u2103<\/h4>\n<\/td>\n<td>\n<h4>104~114<\/h4>\n<\/td>\n<td>\n<h4>108.6~110.0<\/h4>\n<\/td>\n<\/tr>\n<tr>\n<td>\n<h4>V\u00edz %<\/h4>\n<\/td>\n<td>\n<h4>\u22661.0<\/h4>\n<\/td>\n<td>\n<h4>0.41<\/h4>\n<\/td>\n<\/tr>\n<tr>\n<td>\n<h4>K\u00f6vetkeztet\u00e9s<\/h4>\n<\/td>\n<td colspan=\"2\">\n<h4>K\u00e9pzett<\/h4>\n<\/td>\n<\/tr>\n<\/tbody>\n<\/table>\n<p>&nbsp;<\/p>\n<h2><strong>EDC HCL haszn\u00e1lata<\/strong><\/h2>\n<h4>1. Ez a term\u00e9k egy feh\u00e9rje- \u00e9s nukleinsav-keresztk\u00f6t\u0151 reagens, egy v\u00edzoldhat\u00f3 karbodiimid t\u00edpus\u00fa kondenz\u00e1l\u00f3szer, amely gyors peptidkondenz\u00e1ci\u00f3s reakci\u00f3t k\u00e9pes megval\u00f3s\u00edtani. Az EDC (vagy EDAC) molekula line\u00e1ris szerkezet\u0171, \u00e9s a karboxilcsoport \u00e9s az els\u0151dleges amin kondenz\u00e1ci\u00f3s reakci\u00f3j\u00e1ban haszn\u00e1latos, \u00e9s sz\u00e9les k\u00f6rben elterjedt.<\/h4>\n<h4>2. Ezt a term\u00e9ket peptidkondenz\u00e1l\u00f3 szerk\u00e9nt \u00e9s t\u00e9rh\u00e1l\u00f3s\u00edt\u00f3 szerk\u00e9nt haszn\u00e1lj\u00e1k. Ez a term\u00e9k egy v\u00edzben old\u00f3d\u00f3 karbodiimid. Els\u0151sorban dehidrat\u00e1l\u00f3szerk\u00e9nt haszn\u00e1lj\u00e1k peptidek, feh\u00e9rj\u00e9k \u00e9s nukleotidok szint\u00e9zis\u00e9ben. V\u00edzoldhat\u00f3 sz\u00e9nk\u00e9nt haszn\u00e1lhat\u00f3 gyors peptidkondenz\u00e1ci\u00f3s reakci\u00f3khoz. Diimin t\u00edpus\u00fa kondenz\u00e1l\u00f3szer.<\/h4>\n<h4>3. V\u00edzoldhat\u00f3 koncentr\u00e1lt reagens; \u00e1ltal\u00e1nos karbonil aktiv\u00e1l\u00f3 reagens, az amid \u00e9s m\u00e1sodlagos amin k\u00f6t\u00e9s folyamat\u00e1ban haszn\u00e1lt; foszf\u00e1tcsoportokkal reag\u00e1lhat; peptidszint\u00e9zishez; feh\u00e9rje \u00e9s nukleinsav keresztk\u00f6t\u00e9shez; el\u0151k\u00e9sz\u00edt\u00e9s, mint p\u00e9ld\u00e1ul immunol\u00f3giai keresztk\u00f6t\u00e9sek , Tipikus Chemicalbook t\u00edpus\u00fa k\u00f6r\u00fclm\u00e9nyek k\u00f6z\u00f6tt, pH 4,0-6,0 \u00e9s puffer n\u00e9lk\u00fcl, speci\u00e1lis k\u00f6r\u00fclm\u00e9nyek k\u00f6z\u00f6tt az amin \u00e9s karboxil\u00e1t pufferek haszn\u00e1lat\u00e1t ker\u00fclni kell; v\u00edzoldhat\u00f3 peptid kapcsol\u00f3szer; feh\u00e9rje karbonil m\u00f3dos\u00edt\u00e1s\u00e1hoz haszn\u00e1lt; \u00e9szter szint\u00e9zishez haszn\u00e1lt.<\/h4>\n<p>&nbsp;<\/p>\n<h2><strong>EDC HCL Csomagol\u00e1s \u00e9s sz\u00e1ll\u00edt\u00e1s<\/strong><\/h2>\n<h4>Csomagol\u00e1s: 25kg\/ kartondob<\/h4>\n<h4>Sz\u00e1ll\u00edt\u00e1s: 3-5 munkanapon bel\u00fcl a fizet\u00e9s be\u00e9rkez\u00e9s\u00e9t k\u00f6vet\u0151en<\/h4>\n<p>&nbsp;<\/p>\n<h2><strong>EDC HCL t\u00e1rol\u00e1s<\/strong><\/h2>\n<h4>T\u00f6m\u00edt\u00e9s, alacsony h\u0151m\u00e9rs\u00e9klet, sz\u00e1r\u00edt\u00e1s.<\/h4>\n<p>&nbsp;<\/p>\n<h2><strong><b>L\u00e9pjen kapcsolatba vel\u00fcnk most!<\/b><\/strong><\/h2>\n<h4><strong><b>Egyedi szolg\u00e1ltat\u00e1sokat ny\u00fajtunk, \u00e1ltal\u00e1ban 24 \u00f3r\u00e1n bel\u00fcl felvessz\u00fck \u00d6nnel a kapcsolatot. A munkaid\u0151ben ( 8:30-18:00 UTC+8 H.~Szombat ) az info@longchangchemical.com e-mail c\u00edmen is k\u00fcldhet e-mailt, vagy haszn\u00e1lhatja a weboldal \u00e9l\u0151 chatj\u00e9t, hogy gyors v\u00e1laszt kapjon.<\/b><\/strong><\/h4>","protected":false},"excerpt":{"rendered":"<h4>Term\u00e9k neve: HCL<\/h4>\n<h4>CAS-sz\u00e1m: 25952-53-8<\/h4>\n<h4>Molekul\u00e1ris k\u00e9plet: C8H18ClN3<\/h4>\n<h4>Molekulat\u00f6meg: 191,7<\/h4>\n<h4>K\u00e9miai szerkezet:<img decoding=\"async\" title=\"EDC HCL szerkezet\" src=\"https:\/\/www.longchangchemical.com\/wp-content\/uploads\/product-details\/20200616107566.png\" alt=\"EDC HCL szerkezet\" width=\"237\" height=\"66\" border=\"0\" vspace=\"0\" \/><\/h4>\n<h4>Megjelen\u00e9s: Krist\u00e1lyos por: feh\u00e9r vagy halv\u00e1nys\u00e1rga sz\u00edn\u0171 krist\u00e1lyos por<\/h4>\n<h4>Pr\u00f3ba: 99.0%<\/h4>","protected":false},"featured_media":4333,"comment_status":"open","ping_status":"closed","template":"","meta":[],"product_brand":[],"product_cat":[69],"product_tag":[],"class_list":{"0":"post-3529","1":"product","2":"type-product","3":"status-publish","4":"has-post-thumbnail","6":"product_cat-catalysts-chemical-auxiliary-agents","8":"first","9":"instock","10":"shipping-taxable","11":"product-type-simple"},"yoast_head":"<!-- This site is optimized with the Yoast SEO plugin v25.3.1 - https:\/\/yoast.com\/wordpress\/plugins\/seo\/ -->\n<title>China EDC HCL Manufacturer \uff06 Supplier - Longchang chemical Co., Ltd.<\/title>\n<meta name=\"description\" content=\"Longchang Chemical is a leading manufacturer and supplier of EDC HCL in China. Buy EDC HCL in china. We can provide the best EDC HCL price.\" \/>\n<meta name=\"robots\" content=\"index, follow, max-snippet:-1, max-image-preview:large, max-video-preview:-1\" \/>\n<link rel=\"canonical\" href=\"https:\/\/longchangchemical.com\/hu\/product\/edc-hcl-cas-25952-53-8\/\" \/>\n<meta property=\"og:locale\" content=\"hu_HU\" \/>\n<meta property=\"og:type\" content=\"article\" \/>\n<meta property=\"og:title\" content=\"China EDC HCL Manufacturer \uff06 Supplier - Longchang chemical Co., Ltd.\" \/>\n<meta property=\"og:description\" content=\"Longchang Chemical is a leading manufacturer and supplier of EDC HCL in China. Buy EDC HCL in china. We can provide the best EDC HCL price.\" \/>\n<meta property=\"og:url\" content=\"https:\/\/longchangchemical.com\/hu\/product\/edc-hcl-cas-25952-53-8\/\" \/>\n<meta property=\"og:site_name\" content=\"Longchang Chemical\" \/>\n<meta property=\"article:modified_time\" content=\"2025-12-23T07:08:14+00:00\" \/>\n<meta property=\"og:image\" content=\"https:\/\/longchangchemical.com\/wp-content\/uploads\/2021\/01\/EDC-HCL-Appearance-1.jpg\" \/>\n\t<meta property=\"og:image:width\" content=\"600\" \/>\n\t<meta property=\"og:image:height\" content=\"800\" \/>\n\t<meta property=\"og:image:type\" content=\"image\/jpeg\" \/>\n<meta name=\"twitter:card\" content=\"summary_large_image\" \/>\n<script type=\"application\/ld+json\" class=\"yoast-schema-graph\">{\"@context\":\"https:\/\/schema.org\",\"@graph\":[{\"@type\":\"WebPage\",\"@id\":\"https:\/\/longchangchemical.com\/product\/edc-hcl-cas-25952-53-8\/\",\"url\":\"https:\/\/longchangchemical.com\/product\/edc-hcl-cas-25952-53-8\/\",\"name\":\"China EDC HCL Manufacturer \uff06 Supplier - Longchang chemical Co., Ltd.\",\"isPartOf\":{\"@id\":\"https:\/\/longchangchemical.com\/#website\"},\"primaryImageOfPage\":{\"@id\":\"https:\/\/longchangchemical.com\/product\/edc-hcl-cas-25952-53-8\/#primaryimage\"},\"image\":{\"@id\":\"https:\/\/longchangchemical.com\/product\/edc-hcl-cas-25952-53-8\/#primaryimage\"},\"thumbnailUrl\":\"https:\/\/longchangchemical.com\/wp-content\/uploads\/2021\/01\/EDC-HCL-Appearance-1.jpg\",\"datePublished\":\"2021-02-06T12:26:41+00:00\",\"dateModified\":\"2025-12-23T07:08:14+00:00\",\"description\":\"Longchang Chemical is a leading manufacturer and supplier of EDC HCL in China. Buy EDC HCL in china. We can provide the best EDC HCL price.\",\"breadcrumb\":{\"@id\":\"https:\/\/longchangchemical.com\/product\/edc-hcl-cas-25952-53-8\/#breadcrumb\"},\"inLanguage\":\"hu\",\"potentialAction\":[{\"@type\":\"ReadAction\",\"target\":[\"https:\/\/longchangchemical.com\/product\/edc-hcl-cas-25952-53-8\/\"]}]},{\"@type\":\"ImageObject\",\"inLanguage\":\"hu\",\"@id\":\"https:\/\/longchangchemical.com\/product\/edc-hcl-cas-25952-53-8\/#primaryimage\",\"url\":\"https:\/\/longchangchemical.com\/wp-content\/uploads\/2021\/01\/EDC-HCL-Appearance-1.jpg\",\"contentUrl\":\"https:\/\/longchangchemical.com\/wp-content\/uploads\/2021\/01\/EDC-HCL-Appearance-1.jpg\",\"width\":600,\"height\":800,\"caption\":\"EDC-HCL-Appearance\"},{\"@type\":\"BreadcrumbList\",\"@id\":\"https:\/\/longchangchemical.com\/product\/edc-hcl-cas-25952-53-8\/#breadcrumb\",\"itemListElement\":[{\"@type\":\"ListItem\",\"position\":1,\"name\":\"Home\",\"item\":\"https:\/\/longchangchemical.com\/\"},{\"@type\":\"ListItem\",\"position\":2,\"name\":\"Products Longchang\",\"item\":\"https:\/\/longchangchemical.com\/product\/\"},{\"@type\":\"ListItem\",\"position\":3,\"name\":\"EDC HCL CAS 25952-53-8\"}]},{\"@type\":\"WebSite\",\"@id\":\"https:\/\/longchangchemical.com\/#website\",\"url\":\"https:\/\/longchangchemical.com\/\",\"name\":\"Longchang Chemical\",\"description\":\"China chemical manufacturer \uff06 supplier\",\"publisher\":{\"@id\":\"https:\/\/longchangchemical.com\/#organization\"},\"potentialAction\":[{\"@type\":\"SearchAction\",\"target\":{\"@type\":\"EntryPoint\",\"urlTemplate\":\"https:\/\/longchangchemical.com\/?s={search_term_string}\"},\"query-input\":{\"@type\":\"PropertyValueSpecification\",\"valueRequired\":true,\"valueName\":\"search_term_string\"}}],\"inLanguage\":\"hu\"},{\"@type\":\"Organization\",\"@id\":\"https:\/\/longchangchemical.com\/#organization\",\"name\":\"Longchang Chemical\",\"url\":\"https:\/\/longchangchemical.com\/\",\"logo\":{\"@type\":\"ImageObject\",\"inLanguage\":\"hu\",\"@id\":\"https:\/\/longchangchemical.com\/#\/schema\/logo\/image\/\",\"url\":\"https:\/\/longchangchemical.com\/wp-content\/uploads\/2020\/08\/cropped-longchang-logo.png\",\"contentUrl\":\"https:\/\/longchangchemical.com\/wp-content\/uploads\/2020\/08\/cropped-longchang-logo.png\",\"width\":512,\"height\":512,\"caption\":\"Longchang Chemical\"},\"image\":{\"@id\":\"https:\/\/longchangchemical.com\/#\/schema\/logo\/image\/\"}}]}<\/script>\n<!-- \/ Yoast SEO plugin. -->","yoast_head_json":{"title":"K\u00edna EDC HCL Gy\u00e1rt\u00f3 \uff06 Sz\u00e1ll\u00edt\u00f3 - Longchang Chemical Co., Ltd.","description":"A Longchang Chemical az EDC HCL egyik vezet\u0151 gy\u00e1rt\u00f3ja \u00e9s sz\u00e1ll\u00edt\u00f3ja K\u00edn\u00e1ban. V\u00e1s\u00e1roljon EDC HCL-t K\u00edn\u00e1ban. A legjobb EDC HCL \u00e1rat tudjuk biztos\u00edtani.","robots":{"index":"index","follow":"follow","max-snippet":"max-snippet:-1","max-image-preview":"max-image-preview:large","max-video-preview":"max-video-preview:-1"},"canonical":"https:\/\/longchangchemical.com\/hu\/product\/edc-hcl-cas-25952-53-8\/","og_locale":"hu_HU","og_type":"article","og_title":"China EDC HCL Manufacturer \uff06 Supplier - Longchang chemical Co., Ltd.","og_description":"Longchang Chemical is a leading manufacturer and supplier of EDC HCL in China. Buy EDC HCL in china. We can provide the best EDC HCL price.","og_url":"https:\/\/longchangchemical.com\/hu\/product\/edc-hcl-cas-25952-53-8\/","og_site_name":"Longchang Chemical","article_modified_time":"2025-12-23T07:08:14+00:00","og_image":[{"width":600,"height":800,"url":"https:\/\/longchangchemical.com\/wp-content\/uploads\/2021\/01\/EDC-HCL-Appearance-1.jpg","type":"image\/jpeg"}],"twitter_card":"summary_large_image","schema":{"@context":"https:\/\/schema.org","@graph":[{"@type":"WebPage","@id":"https:\/\/longchangchemical.com\/product\/edc-hcl-cas-25952-53-8\/","url":"https:\/\/longchangchemical.com\/product\/edc-hcl-cas-25952-53-8\/","name":"K\u00edna EDC HCL Gy\u00e1rt\u00f3 \uff06 Sz\u00e1ll\u00edt\u00f3 - Longchang Chemical Co., Ltd.","isPartOf":{"@id":"https:\/\/longchangchemical.com\/#website"},"primaryImageOfPage":{"@id":"https:\/\/longchangchemical.com\/product\/edc-hcl-cas-25952-53-8\/#primaryimage"},"image":{"@id":"https:\/\/longchangchemical.com\/product\/edc-hcl-cas-25952-53-8\/#primaryimage"},"thumbnailUrl":"https:\/\/longchangchemical.com\/wp-content\/uploads\/2021\/01\/EDC-HCL-Appearance-1.jpg","datePublished":"2021-02-06T12:26:41+00:00","dateModified":"2025-12-23T07:08:14+00:00","description":"A Longchang Chemical az EDC HCL egyik vezet\u0151 gy\u00e1rt\u00f3ja \u00e9s sz\u00e1ll\u00edt\u00f3ja K\u00edn\u00e1ban. V\u00e1s\u00e1roljon EDC HCL-t K\u00edn\u00e1ban. A legjobb EDC HCL \u00e1rat tudjuk biztos\u00edtani.","breadcrumb":{"@id":"https:\/\/longchangchemical.com\/product\/edc-hcl-cas-25952-53-8\/#breadcrumb"},"inLanguage":"hu","potentialAction":[{"@type":"ReadAction","target":["https:\/\/longchangchemical.com\/product\/edc-hcl-cas-25952-53-8\/"]}]},{"@type":"ImageObject","inLanguage":"hu","@id":"https:\/\/longchangchemical.com\/product\/edc-hcl-cas-25952-53-8\/#primaryimage","url":"https:\/\/longchangchemical.com\/wp-content\/uploads\/2021\/01\/EDC-HCL-Appearance-1.jpg","contentUrl":"https:\/\/longchangchemical.com\/wp-content\/uploads\/2021\/01\/EDC-HCL-Appearance-1.jpg","width":600,"height":800,"caption":"EDC-HCL-Appearance"},{"@type":"BreadcrumbList","@id":"https:\/\/longchangchemical.com\/product\/edc-hcl-cas-25952-53-8\/#breadcrumb","itemListElement":[{"@type":"ListItem","position":1,"name":"Home","item":"https:\/\/longchangchemical.com\/"},{"@type":"ListItem","position":2,"name":"Products Longchang","item":"https:\/\/longchangchemical.com\/product\/"},{"@type":"ListItem","position":3,"name":"EDC HCL CAS 25952-53-8"}]},{"@type":"WebSite","@id":"https:\/\/longchangchemical.com\/#website","url":"https:\/\/longchangchemical.com\/","name":"Longchang Chemical","description":"K\u00edna k\u00e9miai gy\u00e1rt\u00f3 \uff06 sz\u00e1ll\u00edt\u00f3","publisher":{"@id":"https:\/\/longchangchemical.com\/#organization"},"potentialAction":[{"@type":"SearchAction","target":{"@type":"EntryPoint","urlTemplate":"https:\/\/longchangchemical.com\/?s={search_term_string}"},"query-input":{"@type":"PropertyValueSpecification","valueRequired":true,"valueName":"search_term_string"}}],"inLanguage":"hu"},{"@type":"Organization","@id":"https:\/\/longchangchemical.com\/#organization","name":"Longchang Chemical","url":"https:\/\/longchangchemical.com\/","logo":{"@type":"ImageObject","inLanguage":"hu","@id":"https:\/\/longchangchemical.com\/#\/schema\/logo\/image\/","url":"https:\/\/longchangchemical.com\/wp-content\/uploads\/2020\/08\/cropped-longchang-logo.png","contentUrl":"https:\/\/longchangchemical.com\/wp-content\/uploads\/2020\/08\/cropped-longchang-logo.png","width":512,"height":512,"caption":"Longchang Chemical"},"image":{"@id":"https:\/\/longchangchemical.com\/#\/schema\/logo\/image\/"}}]}},"_links":{"self":[{"href":"https:\/\/longchangchemical.com\/hu\/wp-json\/wp\/v2\/product\/3529","targetHints":{"allow":["GET"]}}],"collection":[{"href":"https:\/\/longchangchemical.com\/hu\/wp-json\/wp\/v2\/product"}],"about":[{"href":"https:\/\/longchangchemical.com\/hu\/wp-json\/wp\/v2\/types\/product"}],"replies":[{"embeddable":true,"href":"https:\/\/longchangchemical.com\/hu\/wp-json\/wp\/v2\/comments?post=3529"}],"wp:featuredmedia":[{"embeddable":true,"href":"https:\/\/longchangchemical.com\/hu\/wp-json\/wp\/v2\/media\/4333"}],"wp:attachment":[{"href":"https:\/\/longchangchemical.com\/hu\/wp-json\/wp\/v2\/media?parent=3529"}],"wp:term":[{"taxonomy":"product_brand","embeddable":true,"href":"https:\/\/longchangchemical.com\/hu\/wp-json\/wp\/v2\/product_brand?post=3529"},{"taxonomy":"product_cat","embeddable":true,"href":"https:\/\/longchangchemical.com\/hu\/wp-json\/wp\/v2\/product_cat?post=3529"},{"taxonomy":"product_tag","embeddable":true,"href":"https:\/\/longchangchemical.com\/hu\/wp-json\/wp\/v2\/product_tag?post=3529"}],"curies":[{"name":"wp","href":"https:\/\/api.w.org\/{rel}","templated":true}]}}