{"id":3527,"date":"2021-01-23T03:21:30","date_gmt":"2021-01-23T03:21:30","guid":{"rendered":"https:\/\/longchangchemical.com\/?post_type=product&#038;p=3527"},"modified":"2025-12-23T06:56:58","modified_gmt":"2025-12-23T06:56:58","slug":"monopotassium-phosphite-cas-13977-65-6","status":"publish","type":"product","link":"https:\/\/longchangchemical.com\/hu\/product\/monopotassium-phosphite-cas-13977-65-6\/","title":{"rendered":"Monok\u00e1lium-foszfit CAS 13977-65-6"},"content":{"rendered":"<h1><strong>Monok\u00e1lium-foszfit CAS 13977-65-6<\/strong><\/h1>\n<table class=\"table-1\" cellspacing=\"0\">\n<tbody>\n<tr>\n<td>\n<h4>T\u00e9tel<\/h4>\n<\/td>\n<td>\n<h4>M\u0171szaki adatok<\/h4>\n<\/td>\n<\/tr>\n<tr>\n<td>\n<h4>Megjelen\u00e9s<\/h4>\n<\/td>\n<td>\n<h4>Feh\u00e9r krist\u00e1ly<\/h4>\n<\/td>\n<\/tr>\n<tr>\n<td>\n<h4>F\u0151 tartalom (KH2 P O3 )\u2265%<\/h4>\n<\/td>\n<td>\n<h4>98.0%<\/h4>\n<\/td>\n<\/tr>\n<tr>\n<td>\n<h4>V\u00edzben oldhatatlan szil\u00e1rd anyag\u2264%<\/h4>\n<\/td>\n<td>\n<h4>0.3<\/h4>\n<\/td>\n<\/tr>\n<tr>\n<td>\n<h4>K2O\u2265%<\/h4>\n<\/td>\n<td>\n<h4>38<\/h4>\n<\/td>\n<\/tr>\n<tr>\n<td>\n<h4>P2O5\u2265%<\/h4>\n<\/td>\n<td>\n<h4>58<\/h4>\n<\/td>\n<\/tr>\n<tr>\n<td>\n<h4>Cl\u2264%<\/h4>\n<\/td>\n<td>\n<h4>0.01<\/h4>\n<\/td>\n<\/tr>\n<tr>\n<td>\n<h4>Fe \u2264\u2030<\/h4>\n<\/td>\n<td>\n<h4>0.002<\/h4>\n<\/td>\n<\/tr>\n<tr>\n<td>\n<h4>Pb\u2264%<\/h4>\n<\/td>\n<td>\n<h4>0.0001<\/h4>\n<\/td>\n<\/tr>\n<tr>\n<td>\n<h4>PH<\/h4>\n<\/td>\n<td>\n<h4>4.0<\/h4>\n<\/td>\n<\/tr>\n<\/tbody>\n<\/table>\n<h2><\/h2>\n<h2><strong>Monok\u00e1lium-foszfit alkalmaz\u00e1sa<\/strong><\/h2>\n<h4>1. K\u00f6zvetlen gomba\u00f6l\u0151 szerk\u00e9nt \u00e9s a kalcium- \u00e9s magn\u00e9ziumionok komplexk\u00e9pz\u0151jek\u00e9nt haszn\u00e1lhat\u00f3 az ipari keringtetett v\u00edzben.<\/h4>\n<h4>2. A k\u00f6rnyezetszennyez\u00e9s cs\u00f6kkent\u00e9se \u00e9rdek\u00e9ben helyettes\u00edtheti a szerves foszfines v\u00edzkezel\u0151szert.<\/h4>\n<p>&nbsp;<\/p>\n<h2><strong>Monok\u00e1lium-foszfit Csomagol\u00e1s \u00e9s sz\u00e1ll\u00edt\u00e1s<\/strong><\/h2>\n<h4>25kg\/zs\u00e1k<\/h4>\n<p>&nbsp;<\/p>\n<h2><strong>Monok\u00e1lium-foszfit T\u00e1rol\u00e1s<\/strong><\/h2>\n<h4>Azt kell elhelyezni lelt\u00e1rsz\u00e1r\u00edt\u00e1s alacsony h\u0151m\u00e9rs\u00e9kleten sz\u00e1r\u00edt\u00e1s.<\/h4>\n<p>&nbsp;<\/p>\n<h2><strong><b>L\u00e9pjen kapcsolatba vel\u00fcnk most!<\/b><\/strong><\/h2>\n<h4><strong><b>Egyedi szolg\u00e1ltat\u00e1sokat ny\u00fajtunk, \u00e1ltal\u00e1ban 24 \u00f3r\u00e1n bel\u00fcl felvessz\u00fck \u00d6nnel a kapcsolatot. A munkaid\u0151ben ( 8:30-18:00 UTC+8 H.~Szombat ) az info@longchangchemical.com e-mail c\u00edmen is k\u00fcldhet e-mailt, vagy haszn\u00e1lhatja a weboldal \u00e9l\u0151 chatj\u00e9t, hogy gyors v\u00e1laszt kapjon.<\/b><\/strong><\/h4>","protected":false},"excerpt":{"rendered":"<h4>K\u00e9miai n\u00e9v: Foszfit: Monok\u00e1lium-foszfit<\/h4>\n<h4>CAS-sz\u00e1m: 13977-65-6<\/h4>\n<h4>Molekul\u00e1ris k\u00e9plet: H2KO3P<\/h4>\n<h4>Monok\u00e1lium-foszfit Szerkezet:<img decoding=\"async\" title=\"Monok\u00e1lium-foszfit Szerkezet\" src=\"https:\/\/www.longchangchemical.com\/wp-content\/uploads\/product-details\/20200611333371.png\" alt=\"Monok\u00e1lium-foszfit Szerkezet\" width=\"147\" height=\"51\" border=\"0\" vspace=\"0\" \/><\/h4>\n<h4>Molekulat\u00f6meg: 120,09<\/h4>\n<h4>Megjelen\u00e9s: feh\u00e9r krist\u00e1ly<\/h4>\n<h4>Pr\u00f3ba: 98%min<\/h4>","protected":false},"featured_media":4316,"comment_status":"open","ping_status":"closed","template":"","meta":[],"product_brand":[],"product_cat":[69],"product_tag":[],"class_list":{"0":"post-3527","1":"product","2":"type-product","3":"status-publish","4":"has-post-thumbnail","6":"product_cat-catalysts-chemical-auxiliary-agents","8":"first","9":"instock","10":"shipping-taxable","11":"product-type-simple"},"yoast_head":"<!-- This site is optimized with the Yoast SEO plugin v25.3.1 - https:\/\/yoast.com\/wordpress\/plugins\/seo\/ -->\n<title>China Monopotassium phosphite Manufacturer \uff06 CAS 13977-65-6 Supplier - Longchang chemical Co., Ltd.<\/title>\n<meta name=\"description\" content=\"Longchang Chemical is a leading manufacturer and supplier of Monopotassium phosphite in China. Buy Monopotassium phosphite in china. We can provide the best Monopotassium phosphite price.\" \/>\n<meta name=\"robots\" content=\"index, follow, max-snippet:-1, max-image-preview:large, max-video-preview:-1\" \/>\n<link rel=\"canonical\" href=\"https:\/\/longchangchemical.com\/hu\/product\/monopotassium-phosphite-cas-13977-65-6\/\" \/>\n<meta property=\"og:locale\" content=\"hu_HU\" \/>\n<meta property=\"og:type\" content=\"article\" \/>\n<meta property=\"og:title\" content=\"China Monopotassium phosphite Manufacturer \uff06 CAS 13977-65-6 Supplier - Longchang chemical Co., Ltd.\" \/>\n<meta property=\"og:description\" content=\"Longchang Chemical is a leading manufacturer and supplier of Monopotassium phosphite in China. Buy Monopotassium phosphite in china. We can provide the best Monopotassium phosphite price.\" \/>\n<meta property=\"og:url\" content=\"https:\/\/longchangchemical.com\/hu\/product\/monopotassium-phosphite-cas-13977-65-6\/\" \/>\n<meta property=\"og:site_name\" content=\"Longchang Chemical\" \/>\n<meta property=\"article:modified_time\" content=\"2025-12-23T06:56:58+00:00\" \/>\n<meta property=\"og:image\" content=\"https:\/\/longchangchemical.com\/wp-content\/uploads\/2021\/01\/Monopotassium-phosphite-Appearance.jpg\" \/>\n\t<meta property=\"og:image:width\" content=\"600\" \/>\n\t<meta property=\"og:image:height\" content=\"800\" \/>\n\t<meta property=\"og:image:type\" content=\"image\/jpeg\" \/>\n<meta name=\"twitter:card\" content=\"summary_large_image\" \/>\n<script type=\"application\/ld+json\" class=\"yoast-schema-graph\">{\"@context\":\"https:\/\/schema.org\",\"@graph\":[{\"@type\":\"WebPage\",\"@id\":\"https:\/\/longchangchemical.com\/product\/monopotassium-phosphite-cas-13977-65-6\/\",\"url\":\"https:\/\/longchangchemical.com\/product\/monopotassium-phosphite-cas-13977-65-6\/\",\"name\":\"China Monopotassium phosphite Manufacturer \uff06 CAS 13977-65-6 Supplier - Longchang chemical Co., Ltd.\",\"isPartOf\":{\"@id\":\"https:\/\/longchangchemical.com\/#website\"},\"primaryImageOfPage\":{\"@id\":\"https:\/\/longchangchemical.com\/product\/monopotassium-phosphite-cas-13977-65-6\/#primaryimage\"},\"image\":{\"@id\":\"https:\/\/longchangchemical.com\/product\/monopotassium-phosphite-cas-13977-65-6\/#primaryimage\"},\"thumbnailUrl\":\"https:\/\/longchangchemical.com\/wp-content\/uploads\/2021\/01\/Monopotassium-phosphite-Appearance.jpg\",\"datePublished\":\"2021-01-23T03:21:30+00:00\",\"dateModified\":\"2025-12-23T06:56:58+00:00\",\"description\":\"Longchang Chemical is a leading manufacturer and supplier of Monopotassium phosphite in China. Buy Monopotassium phosphite in china. We can provide the best Monopotassium phosphite price.\",\"breadcrumb\":{\"@id\":\"https:\/\/longchangchemical.com\/product\/monopotassium-phosphite-cas-13977-65-6\/#breadcrumb\"},\"inLanguage\":\"hu\",\"potentialAction\":[{\"@type\":\"ReadAction\",\"target\":[\"https:\/\/longchangchemical.com\/product\/monopotassium-phosphite-cas-13977-65-6\/\"]}]},{\"@type\":\"ImageObject\",\"inLanguage\":\"hu\",\"@id\":\"https:\/\/longchangchemical.com\/product\/monopotassium-phosphite-cas-13977-65-6\/#primaryimage\",\"url\":\"https:\/\/longchangchemical.com\/wp-content\/uploads\/2021\/01\/Monopotassium-phosphite-Appearance.jpg\",\"contentUrl\":\"https:\/\/longchangchemical.com\/wp-content\/uploads\/2021\/01\/Monopotassium-phosphite-Appearance.jpg\",\"width\":600,\"height\":800,\"caption\":\"Monopotassium phosphite Appearance\"},{\"@type\":\"BreadcrumbList\",\"@id\":\"https:\/\/longchangchemical.com\/product\/monopotassium-phosphite-cas-13977-65-6\/#breadcrumb\",\"itemListElement\":[{\"@type\":\"ListItem\",\"position\":1,\"name\":\"Home\",\"item\":\"https:\/\/longchangchemical.com\/\"},{\"@type\":\"ListItem\",\"position\":2,\"name\":\"Products Longchang\",\"item\":\"https:\/\/longchangchemical.com\/product\/\"},{\"@type\":\"ListItem\",\"position\":3,\"name\":\"Monopotassium phosphite CAS 13977-65-6\"}]},{\"@type\":\"WebSite\",\"@id\":\"https:\/\/longchangchemical.com\/#website\",\"url\":\"https:\/\/longchangchemical.com\/\",\"name\":\"Longchang Chemical\",\"description\":\"China chemical manufacturer \uff06 supplier\",\"publisher\":{\"@id\":\"https:\/\/longchangchemical.com\/#organization\"},\"potentialAction\":[{\"@type\":\"SearchAction\",\"target\":{\"@type\":\"EntryPoint\",\"urlTemplate\":\"https:\/\/longchangchemical.com\/?s={search_term_string}\"},\"query-input\":{\"@type\":\"PropertyValueSpecification\",\"valueRequired\":true,\"valueName\":\"search_term_string\"}}],\"inLanguage\":\"hu\"},{\"@type\":\"Organization\",\"@id\":\"https:\/\/longchangchemical.com\/#organization\",\"name\":\"Longchang Chemical\",\"url\":\"https:\/\/longchangchemical.com\/\",\"logo\":{\"@type\":\"ImageObject\",\"inLanguage\":\"hu\",\"@id\":\"https:\/\/longchangchemical.com\/#\/schema\/logo\/image\/\",\"url\":\"https:\/\/longchangchemical.com\/wp-content\/uploads\/2020\/08\/cropped-longchang-logo.png\",\"contentUrl\":\"https:\/\/longchangchemical.com\/wp-content\/uploads\/2020\/08\/cropped-longchang-logo.png\",\"width\":512,\"height\":512,\"caption\":\"Longchang Chemical\"},\"image\":{\"@id\":\"https:\/\/longchangchemical.com\/#\/schema\/logo\/image\/\"}}]}<\/script>\n<!-- \/ Yoast SEO plugin. -->","yoast_head_json":{"title":"K\u00edna monok\u00e1lium-foszfit gy\u00e1rt\u00f3 \uff06 CAS 13977-65-6 sz\u00e1ll\u00edt\u00f3 - Longchang Chemical Co., Ltd.","description":"A Longchang Chemical vezet\u0151 gy\u00e1rt\u00f3ja \u00e9s sz\u00e1ll\u00edt\u00f3ja a monok\u00e1lium-foszfitnak K\u00edn\u00e1ban. V\u00e1s\u00e1roljon monok\u00e1lium-foszfitot K\u00edn\u00e1ban. A legjobb monok\u00e1lium-foszfit \u00e1rat tudjuk biztos\u00edtani.","robots":{"index":"index","follow":"follow","max-snippet":"max-snippet:-1","max-image-preview":"max-image-preview:large","max-video-preview":"max-video-preview:-1"},"canonical":"https:\/\/longchangchemical.com\/hu\/product\/monopotassium-phosphite-cas-13977-65-6\/","og_locale":"hu_HU","og_type":"article","og_title":"China Monopotassium phosphite Manufacturer \uff06 CAS 13977-65-6 Supplier - Longchang chemical Co., Ltd.","og_description":"Longchang Chemical is a leading manufacturer and supplier of Monopotassium phosphite in China. Buy Monopotassium phosphite in china. We can provide the best Monopotassium phosphite price.","og_url":"https:\/\/longchangchemical.com\/hu\/product\/monopotassium-phosphite-cas-13977-65-6\/","og_site_name":"Longchang Chemical","article_modified_time":"2025-12-23T06:56:58+00:00","og_image":[{"width":600,"height":800,"url":"https:\/\/longchangchemical.com\/wp-content\/uploads\/2021\/01\/Monopotassium-phosphite-Appearance.jpg","type":"image\/jpeg"}],"twitter_card":"summary_large_image","schema":{"@context":"https:\/\/schema.org","@graph":[{"@type":"WebPage","@id":"https:\/\/longchangchemical.com\/product\/monopotassium-phosphite-cas-13977-65-6\/","url":"https:\/\/longchangchemical.com\/product\/monopotassium-phosphite-cas-13977-65-6\/","name":"K\u00edna monok\u00e1lium-foszfit gy\u00e1rt\u00f3 \uff06 CAS 13977-65-6 sz\u00e1ll\u00edt\u00f3 - Longchang Chemical Co., Ltd.","isPartOf":{"@id":"https:\/\/longchangchemical.com\/#website"},"primaryImageOfPage":{"@id":"https:\/\/longchangchemical.com\/product\/monopotassium-phosphite-cas-13977-65-6\/#primaryimage"},"image":{"@id":"https:\/\/longchangchemical.com\/product\/monopotassium-phosphite-cas-13977-65-6\/#primaryimage"},"thumbnailUrl":"https:\/\/longchangchemical.com\/wp-content\/uploads\/2021\/01\/Monopotassium-phosphite-Appearance.jpg","datePublished":"2021-01-23T03:21:30+00:00","dateModified":"2025-12-23T06:56:58+00:00","description":"A Longchang Chemical vezet\u0151 gy\u00e1rt\u00f3ja \u00e9s sz\u00e1ll\u00edt\u00f3ja a monok\u00e1lium-foszfitnak K\u00edn\u00e1ban. V\u00e1s\u00e1roljon monok\u00e1lium-foszfitot K\u00edn\u00e1ban. A legjobb monok\u00e1lium-foszfit \u00e1rat tudjuk biztos\u00edtani.","breadcrumb":{"@id":"https:\/\/longchangchemical.com\/product\/monopotassium-phosphite-cas-13977-65-6\/#breadcrumb"},"inLanguage":"hu","potentialAction":[{"@type":"ReadAction","target":["https:\/\/longchangchemical.com\/product\/monopotassium-phosphite-cas-13977-65-6\/"]}]},{"@type":"ImageObject","inLanguage":"hu","@id":"https:\/\/longchangchemical.com\/product\/monopotassium-phosphite-cas-13977-65-6\/#primaryimage","url":"https:\/\/longchangchemical.com\/wp-content\/uploads\/2021\/01\/Monopotassium-phosphite-Appearance.jpg","contentUrl":"https:\/\/longchangchemical.com\/wp-content\/uploads\/2021\/01\/Monopotassium-phosphite-Appearance.jpg","width":600,"height":800,"caption":"Monopotassium phosphite Appearance"},{"@type":"BreadcrumbList","@id":"https:\/\/longchangchemical.com\/product\/monopotassium-phosphite-cas-13977-65-6\/#breadcrumb","itemListElement":[{"@type":"ListItem","position":1,"name":"Home","item":"https:\/\/longchangchemical.com\/"},{"@type":"ListItem","position":2,"name":"Products Longchang","item":"https:\/\/longchangchemical.com\/product\/"},{"@type":"ListItem","position":3,"name":"Monopotassium phosphite CAS 13977-65-6"}]},{"@type":"WebSite","@id":"https:\/\/longchangchemical.com\/#website","url":"https:\/\/longchangchemical.com\/","name":"Longchang Chemical","description":"K\u00edna k\u00e9miai gy\u00e1rt\u00f3 \uff06 sz\u00e1ll\u00edt\u00f3","publisher":{"@id":"https:\/\/longchangchemical.com\/#organization"},"potentialAction":[{"@type":"SearchAction","target":{"@type":"EntryPoint","urlTemplate":"https:\/\/longchangchemical.com\/?s={search_term_string}"},"query-input":{"@type":"PropertyValueSpecification","valueRequired":true,"valueName":"search_term_string"}}],"inLanguage":"hu"},{"@type":"Organization","@id":"https:\/\/longchangchemical.com\/#organization","name":"Longchang Chemical","url":"https:\/\/longchangchemical.com\/","logo":{"@type":"ImageObject","inLanguage":"hu","@id":"https:\/\/longchangchemical.com\/#\/schema\/logo\/image\/","url":"https:\/\/longchangchemical.com\/wp-content\/uploads\/2020\/08\/cropped-longchang-logo.png","contentUrl":"https:\/\/longchangchemical.com\/wp-content\/uploads\/2020\/08\/cropped-longchang-logo.png","width":512,"height":512,"caption":"Longchang Chemical"},"image":{"@id":"https:\/\/longchangchemical.com\/#\/schema\/logo\/image\/"}}]}},"_links":{"self":[{"href":"https:\/\/longchangchemical.com\/hu\/wp-json\/wp\/v2\/product\/3527","targetHints":{"allow":["GET"]}}],"collection":[{"href":"https:\/\/longchangchemical.com\/hu\/wp-json\/wp\/v2\/product"}],"about":[{"href":"https:\/\/longchangchemical.com\/hu\/wp-json\/wp\/v2\/types\/product"}],"replies":[{"embeddable":true,"href":"https:\/\/longchangchemical.com\/hu\/wp-json\/wp\/v2\/comments?post=3527"}],"wp:featuredmedia":[{"embeddable":true,"href":"https:\/\/longchangchemical.com\/hu\/wp-json\/wp\/v2\/media\/4316"}],"wp:attachment":[{"href":"https:\/\/longchangchemical.com\/hu\/wp-json\/wp\/v2\/media?parent=3527"}],"wp:term":[{"taxonomy":"product_brand","embeddable":true,"href":"https:\/\/longchangchemical.com\/hu\/wp-json\/wp\/v2\/product_brand?post=3527"},{"taxonomy":"product_cat","embeddable":true,"href":"https:\/\/longchangchemical.com\/hu\/wp-json\/wp\/v2\/product_cat?post=3527"},{"taxonomy":"product_tag","embeddable":true,"href":"https:\/\/longchangchemical.com\/hu\/wp-json\/wp\/v2\/product_tag?post=3527"}],"curies":[{"name":"wp","href":"https:\/\/api.w.org\/{rel}","templated":true}]}}